{"id":35774,"date":"2025-12-12T18:54:44","date_gmt":"2025-12-12T17:54:44","guid":{"rendered":"https:\/\/test.ecbeaute.com\/?post_type=product&#038;p=35774"},"modified":"2025-12-12T18:54:49","modified_gmt":"2025-12-12T17:54:49","slug":"manix-ultra-protect-maximum-protection-pack-de-14","status":"publish","type":"product","link":"https:\/\/paracherkaoui.ma\/index.php\/produit\/manix-ultra-protect-maximum-protection-pack-de-14\/","title":{"rendered":"MANIX ULTRA PROTECT MAXIMUM PROTECTION PACK DE 14"},"content":{"rendered":"<p>Manix Ultra Protect&rsquo; est un pr\u00e9servatif classique pour un usage dans toutes les situations, m\u00eame les plus extr\u00eames.<br \/>\nManix Ultra Protect&rsquo; est notamment recommand\u00e9 lors des p\u00e9n\u00e9trations anales.<br \/>\nEpaisseur renforc\u00e9e<br \/>\nSurface lisse<br \/>\nCouleur naturelle<br \/>\nLubrifi\u00e9 avec r\u00e9servoir<br \/>\nLargeur nominale : 52 mm<br \/>\nDisponible en boite de 12 pr\u00e9servatifs.<\/p>\n","protected":false},"excerpt":{"rendered":"<p>Manix Ultra Protect&rsquo; est un pr\u00e9servatif classique pour un usage dans toutes les situations, m\u00eame les plus extr\u00eames. Manix Ultra<\/p>\n","protected":false},"featured_media":35811,"comment_status":"open","ping_status":"closed","template":"","meta":[],"product_brand":[635],"product_cat":[638],"product_tag":[],"class_list":{"0":"post-35774","1":"product","2":"type-product","3":"status-publish","4":"has-post-thumbnail","6":"product_brand-manix","7":"product_cat-preservatifs","9":"first","10":"instock","11":"sale","12":"shipping-taxable","13":"purchasable","14":"product-type-simple"},"yoast_head":"<!-- This site is optimized with the Yoast SEO plugin v26.6 - https:\/\/yoast.com\/wordpress\/plugins\/seo\/ -->\r\n<title>MANIX ULTRA PROTECT MAXIMUM PROTECTION PACK DE 14 - Paracherkaoui.ma<\/title>\r\n<meta name=\"robots\" content=\"index, follow, max-snippet:-1, max-image-preview:large, max-video-preview:-1\" \/>\r\n<link rel=\"canonical\" href=\"https:\/\/paracherkaoui.ma\/index.php\/produit\/manix-ultra-protect-maximum-protection-pack-de-14\/\" \/>\r\n<meta property=\"og:locale\" content=\"fr_FR\" \/>\r\n<meta property=\"og:type\" content=\"article\" \/>\r\n<meta property=\"og:title\" content=\"MANIX ULTRA PROTECT MAXIMUM PROTECTION PACK DE 14 - Paracherkaoui.ma\" \/>\r\n<meta property=\"og:description\" content=\"Manix Ultra Protect&rsquo; est un pr\u00e9servatif classique pour un usage dans toutes les situations, m\u00eame les plus extr\u00eames. Manix Ultra\" \/>\r\n<meta property=\"og:url\" content=\"https:\/\/paracherkaoui.ma\/index.php\/produit\/manix-ultra-protect-maximum-protection-pack-de-14\/\" \/>\r\n<meta property=\"og:site_name\" content=\"Paracherkaoui.ma\" \/>\r\n<meta property=\"article:modified_time\" content=\"2025-12-12T17:54:49+00:00\" \/>\r\n<meta property=\"og:image\" content=\"https:\/\/paracherkaoui.ma\/wp-content\/uploads\/2025\/12\/manix-manix-ultra-protect-maximum-protection-pack-de-14-preservatifs.jpg\" \/>\r\n\t<meta property=\"og:image:width\" content=\"700\" \/>\r\n\t<meta property=\"og:image:height\" content=\"700\" \/>\r\n\t<meta property=\"og:image:type\" content=\"image\/jpeg\" \/>\r\n<meta name=\"twitter:card\" content=\"summary_large_image\" \/>\r\n<script type=\"application\/ld+json\" class=\"yoast-schema-graph\">{\"@context\":\"https:\/\/schema.org\",\"@graph\":[{\"@type\":\"WebPage\",\"@id\":\"https:\/\/paracherkaoui.ma\/index.php\/produit\/manix-ultra-protect-maximum-protection-pack-de-14\/\",\"url\":\"https:\/\/paracherkaoui.ma\/index.php\/produit\/manix-ultra-protect-maximum-protection-pack-de-14\/\",\"name\":\"MANIX ULTRA PROTECT MAXIMUM PROTECTION PACK DE 14 - Paracherkaoui.ma\",\"isPartOf\":{\"@id\":\"https:\/\/paracherkaoui.ma\/#website\"},\"primaryImageOfPage\":{\"@id\":\"https:\/\/paracherkaoui.ma\/index.php\/produit\/manix-ultra-protect-maximum-protection-pack-de-14\/#primaryimage\"},\"image\":{\"@id\":\"https:\/\/paracherkaoui.ma\/index.php\/produit\/manix-ultra-protect-maximum-protection-pack-de-14\/#primaryimage\"},\"thumbnailUrl\":\"https:\/\/paracherkaoui.ma\/wp-content\/uploads\/2025\/12\/manix-manix-ultra-protect-maximum-protection-pack-de-14-preservatifs.jpg\",\"datePublished\":\"2025-12-12T17:54:44+00:00\",\"dateModified\":\"2025-12-12T17:54:49+00:00\",\"breadcrumb\":{\"@id\":\"https:\/\/paracherkaoui.ma\/index.php\/produit\/manix-ultra-protect-maximum-protection-pack-de-14\/#breadcrumb\"},\"inLanguage\":\"fr-FR\",\"potentialAction\":[{\"@type\":\"ReadAction\",\"target\":[\"https:\/\/paracherkaoui.ma\/index.php\/produit\/manix-ultra-protect-maximum-protection-pack-de-14\/\"]}]},{\"@type\":\"ImageObject\",\"inLanguage\":\"fr-FR\",\"@id\":\"https:\/\/paracherkaoui.ma\/index.php\/produit\/manix-ultra-protect-maximum-protection-pack-de-14\/#primaryimage\",\"url\":\"https:\/\/paracherkaoui.ma\/wp-content\/uploads\/2025\/12\/manix-manix-ultra-protect-maximum-protection-pack-de-14-preservatifs.jpg\",\"contentUrl\":\"https:\/\/paracherkaoui.ma\/wp-content\/uploads\/2025\/12\/manix-manix-ultra-protect-maximum-protection-pack-de-14-preservatifs.jpg\",\"width\":700,\"height\":700},{\"@type\":\"BreadcrumbList\",\"@id\":\"https:\/\/paracherkaoui.ma\/index.php\/produit\/manix-ultra-protect-maximum-protection-pack-de-14\/#breadcrumb\",\"itemListElement\":[{\"@type\":\"ListItem\",\"position\":1,\"name\":\"Accueil\",\"item\":\"https:\/\/paracherkaoui.ma\/\"},{\"@type\":\"ListItem\",\"position\":2,\"name\":\"Boutique\",\"item\":\"https:\/\/paracherkaoui.ma\/index.php\/boutique\/\"},{\"@type\":\"ListItem\",\"position\":3,\"name\":\"MANIX ULTRA PROTECT MAXIMUM PROTECTION PACK DE 14\"}]},{\"@type\":\"WebSite\",\"@id\":\"https:\/\/paracherkaoui.ma\/#website\",\"url\":\"https:\/\/paracherkaoui.ma\/\",\"name\":\"Paracherkaoui.ma\",\"description\":\"Achetez en ligne sur Paracherkaoui.ma\",\"potentialAction\":[{\"@type\":\"SearchAction\",\"target\":{\"@type\":\"EntryPoint\",\"urlTemplate\":\"https:\/\/paracherkaoui.ma\/?s={search_term_string}\"},\"query-input\":{\"@type\":\"PropertyValueSpecification\",\"valueRequired\":true,\"valueName\":\"search_term_string\"}}],\"inLanguage\":\"fr-FR\"}]}<\/script>\r\n<!-- \/ Yoast SEO plugin. -->","yoast_head_json":{"title":"MANIX ULTRA PROTECT MAXIMUM PROTECTION PACK DE 14 - Paracherkaoui.ma","robots":{"index":"index","follow":"follow","max-snippet":"max-snippet:-1","max-image-preview":"max-image-preview:large","max-video-preview":"max-video-preview:-1"},"canonical":"https:\/\/paracherkaoui.ma\/index.php\/produit\/manix-ultra-protect-maximum-protection-pack-de-14\/","og_locale":"fr_FR","og_type":"article","og_title":"MANIX ULTRA PROTECT MAXIMUM PROTECTION PACK DE 14 - Paracherkaoui.ma","og_description":"Manix Ultra Protect&rsquo; est un pr\u00e9servatif classique pour un usage dans toutes les situations, m\u00eame les plus extr\u00eames. Manix Ultra","og_url":"https:\/\/paracherkaoui.ma\/index.php\/produit\/manix-ultra-protect-maximum-protection-pack-de-14\/","og_site_name":"Paracherkaoui.ma","article_modified_time":"2025-12-12T17:54:49+00:00","og_image":[{"width":700,"height":700,"url":"https:\/\/paracherkaoui.ma\/wp-content\/uploads\/2025\/12\/manix-manix-ultra-protect-maximum-protection-pack-de-14-preservatifs.jpg","type":"image\/jpeg"}],"twitter_card":"summary_large_image","schema":{"@context":"https:\/\/schema.org","@graph":[{"@type":"WebPage","@id":"https:\/\/paracherkaoui.ma\/index.php\/produit\/manix-ultra-protect-maximum-protection-pack-de-14\/","url":"https:\/\/paracherkaoui.ma\/index.php\/produit\/manix-ultra-protect-maximum-protection-pack-de-14\/","name":"MANIX ULTRA PROTECT MAXIMUM PROTECTION PACK DE 14 - Paracherkaoui.ma","isPartOf":{"@id":"https:\/\/paracherkaoui.ma\/#website"},"primaryImageOfPage":{"@id":"https:\/\/paracherkaoui.ma\/index.php\/produit\/manix-ultra-protect-maximum-protection-pack-de-14\/#primaryimage"},"image":{"@id":"https:\/\/paracherkaoui.ma\/index.php\/produit\/manix-ultra-protect-maximum-protection-pack-de-14\/#primaryimage"},"thumbnailUrl":"https:\/\/paracherkaoui.ma\/wp-content\/uploads\/2025\/12\/manix-manix-ultra-protect-maximum-protection-pack-de-14-preservatifs.jpg","datePublished":"2025-12-12T17:54:44+00:00","dateModified":"2025-12-12T17:54:49+00:00","breadcrumb":{"@id":"https:\/\/paracherkaoui.ma\/index.php\/produit\/manix-ultra-protect-maximum-protection-pack-de-14\/#breadcrumb"},"inLanguage":"fr-FR","potentialAction":[{"@type":"ReadAction","target":["https:\/\/paracherkaoui.ma\/index.php\/produit\/manix-ultra-protect-maximum-protection-pack-de-14\/"]}]},{"@type":"ImageObject","inLanguage":"fr-FR","@id":"https:\/\/paracherkaoui.ma\/index.php\/produit\/manix-ultra-protect-maximum-protection-pack-de-14\/#primaryimage","url":"https:\/\/paracherkaoui.ma\/wp-content\/uploads\/2025\/12\/manix-manix-ultra-protect-maximum-protection-pack-de-14-preservatifs.jpg","contentUrl":"https:\/\/paracherkaoui.ma\/wp-content\/uploads\/2025\/12\/manix-manix-ultra-protect-maximum-protection-pack-de-14-preservatifs.jpg","width":700,"height":700},{"@type":"BreadcrumbList","@id":"https:\/\/paracherkaoui.ma\/index.php\/produit\/manix-ultra-protect-maximum-protection-pack-de-14\/#breadcrumb","itemListElement":[{"@type":"ListItem","position":1,"name":"Accueil","item":"https:\/\/paracherkaoui.ma\/"},{"@type":"ListItem","position":2,"name":"Boutique","item":"https:\/\/paracherkaoui.ma\/index.php\/boutique\/"},{"@type":"ListItem","position":3,"name":"MANIX ULTRA PROTECT MAXIMUM PROTECTION PACK DE 14"}]},{"@type":"WebSite","@id":"https:\/\/paracherkaoui.ma\/#website","url":"https:\/\/paracherkaoui.ma\/","name":"Paracherkaoui.ma","description":"Achetez en ligne sur Paracherkaoui.ma","potentialAction":[{"@type":"SearchAction","target":{"@type":"EntryPoint","urlTemplate":"https:\/\/paracherkaoui.ma\/?s={search_term_string}"},"query-input":{"@type":"PropertyValueSpecification","valueRequired":true,"valueName":"search_term_string"}}],"inLanguage":"fr-FR"}]}},"_links":{"self":[{"href":"https:\/\/paracherkaoui.ma\/index.php\/wp-json\/wp\/v2\/product\/35774","targetHints":{"allow":["GET"]}}],"collection":[{"href":"https:\/\/paracherkaoui.ma\/index.php\/wp-json\/wp\/v2\/product"}],"about":[{"href":"https:\/\/paracherkaoui.ma\/index.php\/wp-json\/wp\/v2\/types\/product"}],"replies":[{"embeddable":true,"href":"https:\/\/paracherkaoui.ma\/index.php\/wp-json\/wp\/v2\/comments?post=35774"}],"version-history":[{"count":1,"href":"https:\/\/paracherkaoui.ma\/index.php\/wp-json\/wp\/v2\/product\/35774\/revisions"}],"predecessor-version":[{"id":35812,"href":"https:\/\/paracherkaoui.ma\/index.php\/wp-json\/wp\/v2\/product\/35774\/revisions\/35812"}],"wp:featuredmedia":[{"embeddable":true,"href":"https:\/\/paracherkaoui.ma\/index.php\/wp-json\/wp\/v2\/media\/35811"}],"wp:attachment":[{"href":"https:\/\/paracherkaoui.ma\/index.php\/wp-json\/wp\/v2\/media?parent=35774"}],"wp:term":[{"taxonomy":"product_brand","embeddable":true,"href":"https:\/\/paracherkaoui.ma\/index.php\/wp-json\/wp\/v2\/product_brand?post=35774"},{"taxonomy":"product_cat","embeddable":true,"href":"https:\/\/paracherkaoui.ma\/index.php\/wp-json\/wp\/v2\/product_cat?post=35774"},{"taxonomy":"product_tag","embeddable":true,"href":"https:\/\/paracherkaoui.ma\/index.php\/wp-json\/wp\/v2\/product_tag?post=35774"}],"curies":[{"name":"wp","href":"https:\/\/api.w.org\/{rel}","templated":true}]}}