{"id":35769,"date":"2025-12-12T18:54:44","date_gmt":"2025-12-12T17:54:44","guid":{"rendered":"https:\/\/test.ecbeaute.com\/?post_type=product&#038;p=35769"},"modified":"2025-12-12T18:54:48","modified_gmt":"2025-12-12T17:54:48","slug":"manix-skyn-selection-boite-de-10-preservatifs","status":"publish","type":"product","link":"https:\/\/paracherkaoui.ma\/index.php\/produit\/manix-skyn-selection-boite-de-10-preservatifs\/","title":{"rendered":"MANIX SKYN SELECTION + BOITE DE 10 PRESERVATIFS"},"content":{"rendered":"<p>Manix Skyn Selection &#8211; Bo\u00eete de 9 pr\u00e9servatifs<\/p>\n<p>DESCRIPTION:<\/p>\n<p>-La mati\u00e8re r\u00e9volutionnaire des pr\u00e9servatifs SKYN\u00ae restitue des sensations plus naturelles, plus douces et plus intenses. Cliniquement prouv\u00e9<br \/>\n-Combine une forte r\u00e9sistance \u00e0 une tr\u00e8s haute sensitivit\u00e9 tactile : la sensation de ne rien porter<\/p>\n<p>-SKYN\u00ae EXTRA LUBRIFIE, gr\u00e2ce \u00e0 son gel ultra doux, offre une lubrification prolong\u00e9e de 40% pour un confort maximum<\/p>\n<p>-SKYN\u00ae INTENSE FEEL, gr\u00e2ce \u00e0 sa texture intens\u00e9ment perl\u00e9e positionn\u00e9e en forme de vague sur les zones les plus sensibles, offre une stimulation maximale pour elle et encore plus de plaisir pour lui<\/p>\n<p>-Chaque pr\u00e9servatif a \u00e9t\u00e9 test\u00e9 \u00e9lectroniquement : protection maximum. Diam\u00e8tre moyen : 53mm.<\/p>\n","protected":false},"excerpt":{"rendered":"<p>Manix Skyn Selection &#8211; Bo\u00eete de 9 pr\u00e9servatifs DESCRIPTION: -La mati\u00e8re r\u00e9volutionnaire des pr\u00e9servatifs SKYN\u00ae restitue des sensations plus naturelles,<\/p>\n","protected":false},"featured_media":35801,"comment_status":"open","ping_status":"closed","template":"","meta":[],"product_brand":[635],"product_cat":[638],"product_tag":[],"class_list":{"0":"post-35769","1":"product","2":"type-product","3":"status-publish","4":"has-post-thumbnail","6":"product_brand-manix","7":"product_cat-preservatifs","9":"first","10":"instock","11":"sale","12":"shipping-taxable","13":"purchasable","14":"product-type-simple"},"yoast_head":"<!-- This site is optimized with the Yoast SEO plugin v26.6 - https:\/\/yoast.com\/wordpress\/plugins\/seo\/ -->\r\n<title>MANIX SKYN SELECTION + BOITE DE 10 PRESERVATIFS - Paracherkaoui.ma<\/title>\r\n<meta name=\"robots\" content=\"index, follow, max-snippet:-1, max-image-preview:large, max-video-preview:-1\" \/>\r\n<link rel=\"canonical\" href=\"https:\/\/paracherkaoui.ma\/index.php\/produit\/manix-skyn-selection-boite-de-10-preservatifs\/\" \/>\r\n<meta property=\"og:locale\" content=\"fr_FR\" \/>\r\n<meta property=\"og:type\" content=\"article\" \/>\r\n<meta property=\"og:title\" content=\"MANIX SKYN SELECTION + BOITE DE 10 PRESERVATIFS - Paracherkaoui.ma\" \/>\r\n<meta property=\"og:description\" content=\"Manix Skyn Selection &#8211; Bo\u00eete de 9 pr\u00e9servatifs DESCRIPTION: -La mati\u00e8re r\u00e9volutionnaire des pr\u00e9servatifs SKYN\u00ae restitue des sensations plus naturelles,\" \/>\r\n<meta property=\"og:url\" content=\"https:\/\/paracherkaoui.ma\/index.php\/produit\/manix-skyn-selection-boite-de-10-preservatifs\/\" \/>\r\n<meta property=\"og:site_name\" content=\"Paracherkaoui.ma\" \/>\r\n<meta property=\"article:modified_time\" content=\"2025-12-12T17:54:48+00:00\" \/>\r\n<meta property=\"og:image\" content=\"https:\/\/paracherkaoui.ma\/wp-content\/uploads\/2025\/12\/manix-manix-skyn-selection-boite-de-10-preservatifs-preservatifs.jpg\" \/>\r\n\t<meta property=\"og:image:width\" content=\"700\" \/>\r\n\t<meta property=\"og:image:height\" content=\"700\" \/>\r\n\t<meta property=\"og:image:type\" content=\"image\/jpeg\" \/>\r\n<meta name=\"twitter:card\" content=\"summary_large_image\" \/>\r\n<meta name=\"twitter:label1\" content=\"Dur\u00e9e de lecture estim\u00e9e\" \/>\n\t<meta name=\"twitter:data1\" content=\"1 minute\" \/>\r\n<script type=\"application\/ld+json\" class=\"yoast-schema-graph\">{\"@context\":\"https:\/\/schema.org\",\"@graph\":[{\"@type\":\"WebPage\",\"@id\":\"https:\/\/paracherkaoui.ma\/index.php\/produit\/manix-skyn-selection-boite-de-10-preservatifs\/\",\"url\":\"https:\/\/paracherkaoui.ma\/index.php\/produit\/manix-skyn-selection-boite-de-10-preservatifs\/\",\"name\":\"MANIX SKYN SELECTION + BOITE DE 10 PRESERVATIFS - Paracherkaoui.ma\",\"isPartOf\":{\"@id\":\"https:\/\/paracherkaoui.ma\/#website\"},\"primaryImageOfPage\":{\"@id\":\"https:\/\/paracherkaoui.ma\/index.php\/produit\/manix-skyn-selection-boite-de-10-preservatifs\/#primaryimage\"},\"image\":{\"@id\":\"https:\/\/paracherkaoui.ma\/index.php\/produit\/manix-skyn-selection-boite-de-10-preservatifs\/#primaryimage\"},\"thumbnailUrl\":\"https:\/\/paracherkaoui.ma\/wp-content\/uploads\/2025\/12\/manix-manix-skyn-selection-boite-de-10-preservatifs-preservatifs.jpg\",\"datePublished\":\"2025-12-12T17:54:44+00:00\",\"dateModified\":\"2025-12-12T17:54:48+00:00\",\"breadcrumb\":{\"@id\":\"https:\/\/paracherkaoui.ma\/index.php\/produit\/manix-skyn-selection-boite-de-10-preservatifs\/#breadcrumb\"},\"inLanguage\":\"fr-FR\",\"potentialAction\":[{\"@type\":\"ReadAction\",\"target\":[\"https:\/\/paracherkaoui.ma\/index.php\/produit\/manix-skyn-selection-boite-de-10-preservatifs\/\"]}]},{\"@type\":\"ImageObject\",\"inLanguage\":\"fr-FR\",\"@id\":\"https:\/\/paracherkaoui.ma\/index.php\/produit\/manix-skyn-selection-boite-de-10-preservatifs\/#primaryimage\",\"url\":\"https:\/\/paracherkaoui.ma\/wp-content\/uploads\/2025\/12\/manix-manix-skyn-selection-boite-de-10-preservatifs-preservatifs.jpg\",\"contentUrl\":\"https:\/\/paracherkaoui.ma\/wp-content\/uploads\/2025\/12\/manix-manix-skyn-selection-boite-de-10-preservatifs-preservatifs.jpg\",\"width\":700,\"height\":700},{\"@type\":\"BreadcrumbList\",\"@id\":\"https:\/\/paracherkaoui.ma\/index.php\/produit\/manix-skyn-selection-boite-de-10-preservatifs\/#breadcrumb\",\"itemListElement\":[{\"@type\":\"ListItem\",\"position\":1,\"name\":\"Accueil\",\"item\":\"https:\/\/paracherkaoui.ma\/\"},{\"@type\":\"ListItem\",\"position\":2,\"name\":\"Boutique\",\"item\":\"https:\/\/paracherkaoui.ma\/index.php\/boutique\/\"},{\"@type\":\"ListItem\",\"position\":3,\"name\":\"MANIX SKYN SELECTION + BOITE DE 10 PRESERVATIFS\"}]},{\"@type\":\"WebSite\",\"@id\":\"https:\/\/paracherkaoui.ma\/#website\",\"url\":\"https:\/\/paracherkaoui.ma\/\",\"name\":\"Paracherkaoui.ma\",\"description\":\"Achetez en ligne sur Paracherkaoui.ma\",\"potentialAction\":[{\"@type\":\"SearchAction\",\"target\":{\"@type\":\"EntryPoint\",\"urlTemplate\":\"https:\/\/paracherkaoui.ma\/?s={search_term_string}\"},\"query-input\":{\"@type\":\"PropertyValueSpecification\",\"valueRequired\":true,\"valueName\":\"search_term_string\"}}],\"inLanguage\":\"fr-FR\"}]}<\/script>\r\n<!-- \/ Yoast SEO plugin. -->","yoast_head_json":{"title":"MANIX SKYN SELECTION + BOITE DE 10 PRESERVATIFS - Paracherkaoui.ma","robots":{"index":"index","follow":"follow","max-snippet":"max-snippet:-1","max-image-preview":"max-image-preview:large","max-video-preview":"max-video-preview:-1"},"canonical":"https:\/\/paracherkaoui.ma\/index.php\/produit\/manix-skyn-selection-boite-de-10-preservatifs\/","og_locale":"fr_FR","og_type":"article","og_title":"MANIX SKYN SELECTION + BOITE DE 10 PRESERVATIFS - Paracherkaoui.ma","og_description":"Manix Skyn Selection &#8211; Bo\u00eete de 9 pr\u00e9servatifs DESCRIPTION: -La mati\u00e8re r\u00e9volutionnaire des pr\u00e9servatifs SKYN\u00ae restitue des sensations plus naturelles,","og_url":"https:\/\/paracherkaoui.ma\/index.php\/produit\/manix-skyn-selection-boite-de-10-preservatifs\/","og_site_name":"Paracherkaoui.ma","article_modified_time":"2025-12-12T17:54:48+00:00","og_image":[{"width":700,"height":700,"url":"https:\/\/paracherkaoui.ma\/wp-content\/uploads\/2025\/12\/manix-manix-skyn-selection-boite-de-10-preservatifs-preservatifs.jpg","type":"image\/jpeg"}],"twitter_card":"summary_large_image","twitter_misc":{"Dur\u00e9e de lecture estim\u00e9e":"1 minute"},"schema":{"@context":"https:\/\/schema.org","@graph":[{"@type":"WebPage","@id":"https:\/\/paracherkaoui.ma\/index.php\/produit\/manix-skyn-selection-boite-de-10-preservatifs\/","url":"https:\/\/paracherkaoui.ma\/index.php\/produit\/manix-skyn-selection-boite-de-10-preservatifs\/","name":"MANIX SKYN SELECTION + BOITE DE 10 PRESERVATIFS - Paracherkaoui.ma","isPartOf":{"@id":"https:\/\/paracherkaoui.ma\/#website"},"primaryImageOfPage":{"@id":"https:\/\/paracherkaoui.ma\/index.php\/produit\/manix-skyn-selection-boite-de-10-preservatifs\/#primaryimage"},"image":{"@id":"https:\/\/paracherkaoui.ma\/index.php\/produit\/manix-skyn-selection-boite-de-10-preservatifs\/#primaryimage"},"thumbnailUrl":"https:\/\/paracherkaoui.ma\/wp-content\/uploads\/2025\/12\/manix-manix-skyn-selection-boite-de-10-preservatifs-preservatifs.jpg","datePublished":"2025-12-12T17:54:44+00:00","dateModified":"2025-12-12T17:54:48+00:00","breadcrumb":{"@id":"https:\/\/paracherkaoui.ma\/index.php\/produit\/manix-skyn-selection-boite-de-10-preservatifs\/#breadcrumb"},"inLanguage":"fr-FR","potentialAction":[{"@type":"ReadAction","target":["https:\/\/paracherkaoui.ma\/index.php\/produit\/manix-skyn-selection-boite-de-10-preservatifs\/"]}]},{"@type":"ImageObject","inLanguage":"fr-FR","@id":"https:\/\/paracherkaoui.ma\/index.php\/produit\/manix-skyn-selection-boite-de-10-preservatifs\/#primaryimage","url":"https:\/\/paracherkaoui.ma\/wp-content\/uploads\/2025\/12\/manix-manix-skyn-selection-boite-de-10-preservatifs-preservatifs.jpg","contentUrl":"https:\/\/paracherkaoui.ma\/wp-content\/uploads\/2025\/12\/manix-manix-skyn-selection-boite-de-10-preservatifs-preservatifs.jpg","width":700,"height":700},{"@type":"BreadcrumbList","@id":"https:\/\/paracherkaoui.ma\/index.php\/produit\/manix-skyn-selection-boite-de-10-preservatifs\/#breadcrumb","itemListElement":[{"@type":"ListItem","position":1,"name":"Accueil","item":"https:\/\/paracherkaoui.ma\/"},{"@type":"ListItem","position":2,"name":"Boutique","item":"https:\/\/paracherkaoui.ma\/index.php\/boutique\/"},{"@type":"ListItem","position":3,"name":"MANIX SKYN SELECTION + BOITE DE 10 PRESERVATIFS"}]},{"@type":"WebSite","@id":"https:\/\/paracherkaoui.ma\/#website","url":"https:\/\/paracherkaoui.ma\/","name":"Paracherkaoui.ma","description":"Achetez en ligne sur Paracherkaoui.ma","potentialAction":[{"@type":"SearchAction","target":{"@type":"EntryPoint","urlTemplate":"https:\/\/paracherkaoui.ma\/?s={search_term_string}"},"query-input":{"@type":"PropertyValueSpecification","valueRequired":true,"valueName":"search_term_string"}}],"inLanguage":"fr-FR"}]}},"_links":{"self":[{"href":"https:\/\/paracherkaoui.ma\/index.php\/wp-json\/wp\/v2\/product\/35769","targetHints":{"allow":["GET"]}}],"collection":[{"href":"https:\/\/paracherkaoui.ma\/index.php\/wp-json\/wp\/v2\/product"}],"about":[{"href":"https:\/\/paracherkaoui.ma\/index.php\/wp-json\/wp\/v2\/types\/product"}],"replies":[{"embeddable":true,"href":"https:\/\/paracherkaoui.ma\/index.php\/wp-json\/wp\/v2\/comments?post=35769"}],"version-history":[{"count":1,"href":"https:\/\/paracherkaoui.ma\/index.php\/wp-json\/wp\/v2\/product\/35769\/revisions"}],"predecessor-version":[{"id":35802,"href":"https:\/\/paracherkaoui.ma\/index.php\/wp-json\/wp\/v2\/product\/35769\/revisions\/35802"}],"wp:featuredmedia":[{"embeddable":true,"href":"https:\/\/paracherkaoui.ma\/index.php\/wp-json\/wp\/v2\/media\/35801"}],"wp:attachment":[{"href":"https:\/\/paracherkaoui.ma\/index.php\/wp-json\/wp\/v2\/media?parent=35769"}],"wp:term":[{"taxonomy":"product_brand","embeddable":true,"href":"https:\/\/paracherkaoui.ma\/index.php\/wp-json\/wp\/v2\/product_brand?post=35769"},{"taxonomy":"product_cat","embeddable":true,"href":"https:\/\/paracherkaoui.ma\/index.php\/wp-json\/wp\/v2\/product_cat?post=35769"},{"taxonomy":"product_tag","embeddable":true,"href":"https:\/\/paracherkaoui.ma\/index.php\/wp-json\/wp\/v2\/product_tag?post=35769"}],"curies":[{"name":"wp","href":"https:\/\/api.w.org\/{rel}","templated":true}]}}