{"id":35765,"date":"2025-12-12T18:54:44","date_gmt":"2025-12-12T17:54:44","guid":{"rendered":"https:\/\/test.ecbeaute.com\/?post_type=product&#038;p=35765"},"modified":"2025-12-12T18:54:47","modified_gmt":"2025-12-12T17:54:47","slug":"manix-xtra-pleasure-double-extase-12-preservaifs-masculins-nervures-et-stimulants","status":"publish","type":"product","link":"https:\/\/paracherkaoui.ma\/index.php\/produit\/manix-xtra-pleasure-double-extase-12-preservaifs-masculins-nervures-et-stimulants\/","title":{"rendered":"MANIX XTRA PLEASURE Double extase 12 pr\u00e9servaifs masculins nervur\u00e9s et stimulants"},"content":{"rendered":"<p>La forme Xtra \u00e9vas\u00e9e du pr\u00e9servatif Manix Xtra Pleasure fait onduler la mati\u00e8re pour procurer d\u2019exquises vibrations aux deux partenaires<br \/>\n12 Pr\u00e9servatifs lubrifi\u00e9s avec r\u00e9servoir<br \/>\nForme stimulante de couleur naturelle<br \/>\nDimensions : longueur 185 mm \/ largeur 52 mm<br \/>\nS\u00e9curit\u00e9 maximale. 100% test\u00e9 \u00e9lectroniquement, il affiche les normes les plus exigeantes pour votre tranquillit\u00e9 d&rsquo;esprit<\/p>\n","protected":false},"excerpt":{"rendered":"<p>La forme Xtra \u00e9vas\u00e9e du pr\u00e9servatif Manix Xtra Pleasure fait onduler la mati\u00e8re pour procurer d\u2019exquises vibrations aux deux partenaires<\/p>\n","protected":false},"featured_media":35793,"comment_status":"open","ping_status":"closed","template":"","meta":[],"product_brand":[635],"product_cat":[638],"product_tag":[],"class_list":{"0":"post-35765","1":"product","2":"type-product","3":"status-publish","4":"has-post-thumbnail","6":"product_brand-manix","7":"product_cat-preservatifs","9":"first","10":"instock","11":"sale","12":"shipping-taxable","13":"purchasable","14":"product-type-simple"},"yoast_head":"<!-- This site is optimized with the Yoast SEO plugin v26.6 - https:\/\/yoast.com\/wordpress\/plugins\/seo\/ -->\r\n<title>MANIX XTRA PLEASURE Double extase 12 pr\u00e9servaifs masculins nervur\u00e9s et stimulants - Paracherkaoui.ma<\/title>\r\n<meta name=\"robots\" content=\"index, follow, max-snippet:-1, max-image-preview:large, max-video-preview:-1\" \/>\r\n<link rel=\"canonical\" href=\"https:\/\/paracherkaoui.ma\/index.php\/produit\/manix-xtra-pleasure-double-extase-12-preservaifs-masculins-nervures-et-stimulants\/\" \/>\r\n<meta property=\"og:locale\" content=\"fr_FR\" \/>\r\n<meta property=\"og:type\" content=\"article\" \/>\r\n<meta property=\"og:title\" content=\"MANIX XTRA PLEASURE Double extase 12 pr\u00e9servaifs masculins nervur\u00e9s et stimulants - Paracherkaoui.ma\" \/>\r\n<meta property=\"og:description\" content=\"La forme Xtra \u00e9vas\u00e9e du pr\u00e9servatif Manix Xtra Pleasure fait onduler la mati\u00e8re pour procurer d\u2019exquises vibrations aux deux partenaires\" \/>\r\n<meta property=\"og:url\" content=\"https:\/\/paracherkaoui.ma\/index.php\/produit\/manix-xtra-pleasure-double-extase-12-preservaifs-masculins-nervures-et-stimulants\/\" \/>\r\n<meta property=\"og:site_name\" content=\"Paracherkaoui.ma\" \/>\r\n<meta property=\"article:modified_time\" content=\"2025-12-12T17:54:47+00:00\" \/>\r\n<meta property=\"og:image\" content=\"https:\/\/paracherkaoui.ma\/wp-content\/uploads\/2025\/12\/manix-manix-xtra-pleasure-double-extase-12-preservaifs-masculins-nervures-et-stimulants-preservatifs.jpg\" \/>\r\n\t<meta property=\"og:image:width\" content=\"700\" \/>\r\n\t<meta property=\"og:image:height\" content=\"700\" \/>\r\n\t<meta property=\"og:image:type\" content=\"image\/jpeg\" \/>\r\n<meta name=\"twitter:card\" content=\"summary_large_image\" \/>\r\n<script type=\"application\/ld+json\" class=\"yoast-schema-graph\">{\"@context\":\"https:\/\/schema.org\",\"@graph\":[{\"@type\":\"WebPage\",\"@id\":\"https:\/\/paracherkaoui.ma\/index.php\/produit\/manix-xtra-pleasure-double-extase-12-preservaifs-masculins-nervures-et-stimulants\/\",\"url\":\"https:\/\/paracherkaoui.ma\/index.php\/produit\/manix-xtra-pleasure-double-extase-12-preservaifs-masculins-nervures-et-stimulants\/\",\"name\":\"MANIX XTRA PLEASURE Double extase 12 pr\u00e9servaifs masculins nervur\u00e9s et stimulants - Paracherkaoui.ma\",\"isPartOf\":{\"@id\":\"https:\/\/paracherkaoui.ma\/#website\"},\"primaryImageOfPage\":{\"@id\":\"https:\/\/paracherkaoui.ma\/index.php\/produit\/manix-xtra-pleasure-double-extase-12-preservaifs-masculins-nervures-et-stimulants\/#primaryimage\"},\"image\":{\"@id\":\"https:\/\/paracherkaoui.ma\/index.php\/produit\/manix-xtra-pleasure-double-extase-12-preservaifs-masculins-nervures-et-stimulants\/#primaryimage\"},\"thumbnailUrl\":\"https:\/\/paracherkaoui.ma\/wp-content\/uploads\/2025\/12\/manix-manix-xtra-pleasure-double-extase-12-preservaifs-masculins-nervures-et-stimulants-preservatifs.jpg\",\"datePublished\":\"2025-12-12T17:54:44+00:00\",\"dateModified\":\"2025-12-12T17:54:47+00:00\",\"breadcrumb\":{\"@id\":\"https:\/\/paracherkaoui.ma\/index.php\/produit\/manix-xtra-pleasure-double-extase-12-preservaifs-masculins-nervures-et-stimulants\/#breadcrumb\"},\"inLanguage\":\"fr-FR\",\"potentialAction\":[{\"@type\":\"ReadAction\",\"target\":[\"https:\/\/paracherkaoui.ma\/index.php\/produit\/manix-xtra-pleasure-double-extase-12-preservaifs-masculins-nervures-et-stimulants\/\"]}]},{\"@type\":\"ImageObject\",\"inLanguage\":\"fr-FR\",\"@id\":\"https:\/\/paracherkaoui.ma\/index.php\/produit\/manix-xtra-pleasure-double-extase-12-preservaifs-masculins-nervures-et-stimulants\/#primaryimage\",\"url\":\"https:\/\/paracherkaoui.ma\/wp-content\/uploads\/2025\/12\/manix-manix-xtra-pleasure-double-extase-12-preservaifs-masculins-nervures-et-stimulants-preservatifs.jpg\",\"contentUrl\":\"https:\/\/paracherkaoui.ma\/wp-content\/uploads\/2025\/12\/manix-manix-xtra-pleasure-double-extase-12-preservaifs-masculins-nervures-et-stimulants-preservatifs.jpg\",\"width\":700,\"height\":700},{\"@type\":\"BreadcrumbList\",\"@id\":\"https:\/\/paracherkaoui.ma\/index.php\/produit\/manix-xtra-pleasure-double-extase-12-preservaifs-masculins-nervures-et-stimulants\/#breadcrumb\",\"itemListElement\":[{\"@type\":\"ListItem\",\"position\":1,\"name\":\"Accueil\",\"item\":\"https:\/\/paracherkaoui.ma\/\"},{\"@type\":\"ListItem\",\"position\":2,\"name\":\"Boutique\",\"item\":\"https:\/\/paracherkaoui.ma\/index.php\/boutique\/\"},{\"@type\":\"ListItem\",\"position\":3,\"name\":\"MANIX XTRA PLEASURE Double extase 12 pr\u00e9servaifs masculins nervur\u00e9s et stimulants\"}]},{\"@type\":\"WebSite\",\"@id\":\"https:\/\/paracherkaoui.ma\/#website\",\"url\":\"https:\/\/paracherkaoui.ma\/\",\"name\":\"Paracherkaoui.ma\",\"description\":\"Achetez en ligne sur Paracherkaoui.ma\",\"potentialAction\":[{\"@type\":\"SearchAction\",\"target\":{\"@type\":\"EntryPoint\",\"urlTemplate\":\"https:\/\/paracherkaoui.ma\/?s={search_term_string}\"},\"query-input\":{\"@type\":\"PropertyValueSpecification\",\"valueRequired\":true,\"valueName\":\"search_term_string\"}}],\"inLanguage\":\"fr-FR\"}]}<\/script>\r\n<!-- \/ Yoast SEO plugin. -->","yoast_head_json":{"title":"MANIX XTRA PLEASURE Double extase 12 pr\u00e9servaifs masculins nervur\u00e9s et stimulants - Paracherkaoui.ma","robots":{"index":"index","follow":"follow","max-snippet":"max-snippet:-1","max-image-preview":"max-image-preview:large","max-video-preview":"max-video-preview:-1"},"canonical":"https:\/\/paracherkaoui.ma\/index.php\/produit\/manix-xtra-pleasure-double-extase-12-preservaifs-masculins-nervures-et-stimulants\/","og_locale":"fr_FR","og_type":"article","og_title":"MANIX XTRA PLEASURE Double extase 12 pr\u00e9servaifs masculins nervur\u00e9s et stimulants - Paracherkaoui.ma","og_description":"La forme Xtra \u00e9vas\u00e9e du pr\u00e9servatif Manix Xtra Pleasure fait onduler la mati\u00e8re pour procurer d\u2019exquises vibrations aux deux partenaires","og_url":"https:\/\/paracherkaoui.ma\/index.php\/produit\/manix-xtra-pleasure-double-extase-12-preservaifs-masculins-nervures-et-stimulants\/","og_site_name":"Paracherkaoui.ma","article_modified_time":"2025-12-12T17:54:47+00:00","og_image":[{"width":700,"height":700,"url":"https:\/\/paracherkaoui.ma\/wp-content\/uploads\/2025\/12\/manix-manix-xtra-pleasure-double-extase-12-preservaifs-masculins-nervures-et-stimulants-preservatifs.jpg","type":"image\/jpeg"}],"twitter_card":"summary_large_image","schema":{"@context":"https:\/\/schema.org","@graph":[{"@type":"WebPage","@id":"https:\/\/paracherkaoui.ma\/index.php\/produit\/manix-xtra-pleasure-double-extase-12-preservaifs-masculins-nervures-et-stimulants\/","url":"https:\/\/paracherkaoui.ma\/index.php\/produit\/manix-xtra-pleasure-double-extase-12-preservaifs-masculins-nervures-et-stimulants\/","name":"MANIX XTRA PLEASURE Double extase 12 pr\u00e9servaifs masculins nervur\u00e9s et stimulants - Paracherkaoui.ma","isPartOf":{"@id":"https:\/\/paracherkaoui.ma\/#website"},"primaryImageOfPage":{"@id":"https:\/\/paracherkaoui.ma\/index.php\/produit\/manix-xtra-pleasure-double-extase-12-preservaifs-masculins-nervures-et-stimulants\/#primaryimage"},"image":{"@id":"https:\/\/paracherkaoui.ma\/index.php\/produit\/manix-xtra-pleasure-double-extase-12-preservaifs-masculins-nervures-et-stimulants\/#primaryimage"},"thumbnailUrl":"https:\/\/paracherkaoui.ma\/wp-content\/uploads\/2025\/12\/manix-manix-xtra-pleasure-double-extase-12-preservaifs-masculins-nervures-et-stimulants-preservatifs.jpg","datePublished":"2025-12-12T17:54:44+00:00","dateModified":"2025-12-12T17:54:47+00:00","breadcrumb":{"@id":"https:\/\/paracherkaoui.ma\/index.php\/produit\/manix-xtra-pleasure-double-extase-12-preservaifs-masculins-nervures-et-stimulants\/#breadcrumb"},"inLanguage":"fr-FR","potentialAction":[{"@type":"ReadAction","target":["https:\/\/paracherkaoui.ma\/index.php\/produit\/manix-xtra-pleasure-double-extase-12-preservaifs-masculins-nervures-et-stimulants\/"]}]},{"@type":"ImageObject","inLanguage":"fr-FR","@id":"https:\/\/paracherkaoui.ma\/index.php\/produit\/manix-xtra-pleasure-double-extase-12-preservaifs-masculins-nervures-et-stimulants\/#primaryimage","url":"https:\/\/paracherkaoui.ma\/wp-content\/uploads\/2025\/12\/manix-manix-xtra-pleasure-double-extase-12-preservaifs-masculins-nervures-et-stimulants-preservatifs.jpg","contentUrl":"https:\/\/paracherkaoui.ma\/wp-content\/uploads\/2025\/12\/manix-manix-xtra-pleasure-double-extase-12-preservaifs-masculins-nervures-et-stimulants-preservatifs.jpg","width":700,"height":700},{"@type":"BreadcrumbList","@id":"https:\/\/paracherkaoui.ma\/index.php\/produit\/manix-xtra-pleasure-double-extase-12-preservaifs-masculins-nervures-et-stimulants\/#breadcrumb","itemListElement":[{"@type":"ListItem","position":1,"name":"Accueil","item":"https:\/\/paracherkaoui.ma\/"},{"@type":"ListItem","position":2,"name":"Boutique","item":"https:\/\/paracherkaoui.ma\/index.php\/boutique\/"},{"@type":"ListItem","position":3,"name":"MANIX XTRA PLEASURE Double extase 12 pr\u00e9servaifs masculins nervur\u00e9s et stimulants"}]},{"@type":"WebSite","@id":"https:\/\/paracherkaoui.ma\/#website","url":"https:\/\/paracherkaoui.ma\/","name":"Paracherkaoui.ma","description":"Achetez en ligne sur Paracherkaoui.ma","potentialAction":[{"@type":"SearchAction","target":{"@type":"EntryPoint","urlTemplate":"https:\/\/paracherkaoui.ma\/?s={search_term_string}"},"query-input":{"@type":"PropertyValueSpecification","valueRequired":true,"valueName":"search_term_string"}}],"inLanguage":"fr-FR"}]}},"_links":{"self":[{"href":"https:\/\/paracherkaoui.ma\/index.php\/wp-json\/wp\/v2\/product\/35765","targetHints":{"allow":["GET"]}}],"collection":[{"href":"https:\/\/paracherkaoui.ma\/index.php\/wp-json\/wp\/v2\/product"}],"about":[{"href":"https:\/\/paracherkaoui.ma\/index.php\/wp-json\/wp\/v2\/types\/product"}],"replies":[{"embeddable":true,"href":"https:\/\/paracherkaoui.ma\/index.php\/wp-json\/wp\/v2\/comments?post=35765"}],"version-history":[{"count":1,"href":"https:\/\/paracherkaoui.ma\/index.php\/wp-json\/wp\/v2\/product\/35765\/revisions"}],"predecessor-version":[{"id":35794,"href":"https:\/\/paracherkaoui.ma\/index.php\/wp-json\/wp\/v2\/product\/35765\/revisions\/35794"}],"wp:featuredmedia":[{"embeddable":true,"href":"https:\/\/paracherkaoui.ma\/index.php\/wp-json\/wp\/v2\/media\/35793"}],"wp:attachment":[{"href":"https:\/\/paracherkaoui.ma\/index.php\/wp-json\/wp\/v2\/media?parent=35765"}],"wp:term":[{"taxonomy":"product_brand","embeddable":true,"href":"https:\/\/paracherkaoui.ma\/index.php\/wp-json\/wp\/v2\/product_brand?post=35765"},{"taxonomy":"product_cat","embeddable":true,"href":"https:\/\/paracherkaoui.ma\/index.php\/wp-json\/wp\/v2\/product_cat?post=35765"},{"taxonomy":"product_tag","embeddable":true,"href":"https:\/\/paracherkaoui.ma\/index.php\/wp-json\/wp\/v2\/product_tag?post=35765"}],"curies":[{"name":"wp","href":"https:\/\/api.w.org\/{rel}","templated":true}]}}