{"id":35689,"date":"2025-12-12T18:54:36","date_gmt":"2025-12-12T17:54:36","guid":{"rendered":"https:\/\/test.ecbeaute.com\/?post_type=product&#038;p=35689"},"modified":"2025-12-12T18:54:41","modified_gmt":"2025-12-12T17:54:41","slug":"manix-contact-plus-sensations-intactes-fines-extra-lubrification-6-preservatifs","status":"publish","type":"product","link":"https:\/\/paracherkaoui.ma\/index.php\/produit\/manix-contact-plus-sensations-intactes-fines-extra-lubrification-6-preservatifs\/","title":{"rendered":"MANIX CONTACT PLUS SENSATIONS INTACTES FINES &#038; EXTRA LUBRIFICATION 6 PRESERVATIFS"},"content":{"rendered":"<p>D\u00e9couvrez les Pr\u00e9servatifs Contact Plus Bo\u00eete de 6 de Manix, pour des rapports sexuels intenses, avec des sensations intactes exactement comme si vous ne portiez pas de pr\u00e9servatif, en toute s\u00e9curit\u00e9 !<br \/>\nCes pr\u00e9servatifs caract\u00e9ris\u00e9s par leur extr\u00eame finesse vous offrent une sensibilit\u00e9 intacte<\/p>\n","protected":false},"excerpt":{"rendered":"<p>D\u00e9couvrez les Pr\u00e9servatifs Contact Plus Bo\u00eete de 6 de Manix, pour des rapports sexuels intenses, avec des sensations intactes exactement<\/p>\n","protected":false},"featured_media":35741,"comment_status":"open","ping_status":"closed","template":"","meta":[],"product_brand":[635],"product_cat":[638],"product_tag":[],"class_list":{"0":"post-35689","1":"product","2":"type-product","3":"status-publish","4":"has-post-thumbnail","6":"product_brand-manix","7":"product_cat-preservatifs","9":"first","10":"instock","11":"sale","12":"shipping-taxable","13":"purchasable","14":"product-type-simple"},"yoast_head":"<!-- This site is optimized with the Yoast SEO plugin v26.6 - https:\/\/yoast.com\/wordpress\/plugins\/seo\/ -->\r\n<title>MANIX CONTACT PLUS SENSATIONS INTACTES FINES &amp; EXTRA LUBRIFICATION 6 PRESERVATIFS - Paracherkaoui.ma<\/title>\r\n<meta name=\"robots\" content=\"index, follow, max-snippet:-1, max-image-preview:large, max-video-preview:-1\" \/>\r\n<link rel=\"canonical\" href=\"https:\/\/paracherkaoui.ma\/index.php\/produit\/manix-contact-plus-sensations-intactes-fines-extra-lubrification-6-preservatifs\/\" \/>\r\n<meta property=\"og:locale\" content=\"fr_FR\" \/>\r\n<meta property=\"og:type\" content=\"article\" \/>\r\n<meta property=\"og:title\" content=\"MANIX CONTACT PLUS SENSATIONS INTACTES FINES &amp; EXTRA LUBRIFICATION 6 PRESERVATIFS - Paracherkaoui.ma\" \/>\r\n<meta property=\"og:description\" content=\"D\u00e9couvrez les Pr\u00e9servatifs Contact Plus Bo\u00eete de 6 de Manix, pour des rapports sexuels intenses, avec des sensations intactes exactement\" \/>\r\n<meta property=\"og:url\" content=\"https:\/\/paracherkaoui.ma\/index.php\/produit\/manix-contact-plus-sensations-intactes-fines-extra-lubrification-6-preservatifs\/\" \/>\r\n<meta property=\"og:site_name\" content=\"Paracherkaoui.ma\" \/>\r\n<meta property=\"article:modified_time\" content=\"2025-12-12T17:54:41+00:00\" \/>\r\n<meta property=\"og:image\" content=\"https:\/\/paracherkaoui.ma\/wp-content\/uploads\/2025\/12\/manix-manix-contact-plus-sensations-intactes-fines-extra-lubrification-6-preservatifs-preservatifs.jpg\" \/>\r\n\t<meta property=\"og:image:width\" content=\"700\" \/>\r\n\t<meta property=\"og:image:height\" content=\"700\" \/>\r\n\t<meta property=\"og:image:type\" content=\"image\/jpeg\" \/>\r\n<meta name=\"twitter:card\" content=\"summary_large_image\" \/>\r\n<script type=\"application\/ld+json\" class=\"yoast-schema-graph\">{\"@context\":\"https:\/\/schema.org\",\"@graph\":[{\"@type\":\"WebPage\",\"@id\":\"https:\/\/paracherkaoui.ma\/index.php\/produit\/manix-contact-plus-sensations-intactes-fines-extra-lubrification-6-preservatifs\/\",\"url\":\"https:\/\/paracherkaoui.ma\/index.php\/produit\/manix-contact-plus-sensations-intactes-fines-extra-lubrification-6-preservatifs\/\",\"name\":\"MANIX CONTACT PLUS SENSATIONS INTACTES FINES & EXTRA LUBRIFICATION 6 PRESERVATIFS - Paracherkaoui.ma\",\"isPartOf\":{\"@id\":\"https:\/\/paracherkaoui.ma\/#website\"},\"primaryImageOfPage\":{\"@id\":\"https:\/\/paracherkaoui.ma\/index.php\/produit\/manix-contact-plus-sensations-intactes-fines-extra-lubrification-6-preservatifs\/#primaryimage\"},\"image\":{\"@id\":\"https:\/\/paracherkaoui.ma\/index.php\/produit\/manix-contact-plus-sensations-intactes-fines-extra-lubrification-6-preservatifs\/#primaryimage\"},\"thumbnailUrl\":\"https:\/\/paracherkaoui.ma\/wp-content\/uploads\/2025\/12\/manix-manix-contact-plus-sensations-intactes-fines-extra-lubrification-6-preservatifs-preservatifs.jpg\",\"datePublished\":\"2025-12-12T17:54:36+00:00\",\"dateModified\":\"2025-12-12T17:54:41+00:00\",\"breadcrumb\":{\"@id\":\"https:\/\/paracherkaoui.ma\/index.php\/produit\/manix-contact-plus-sensations-intactes-fines-extra-lubrification-6-preservatifs\/#breadcrumb\"},\"inLanguage\":\"fr-FR\",\"potentialAction\":[{\"@type\":\"ReadAction\",\"target\":[\"https:\/\/paracherkaoui.ma\/index.php\/produit\/manix-contact-plus-sensations-intactes-fines-extra-lubrification-6-preservatifs\/\"]}]},{\"@type\":\"ImageObject\",\"inLanguage\":\"fr-FR\",\"@id\":\"https:\/\/paracherkaoui.ma\/index.php\/produit\/manix-contact-plus-sensations-intactes-fines-extra-lubrification-6-preservatifs\/#primaryimage\",\"url\":\"https:\/\/paracherkaoui.ma\/wp-content\/uploads\/2025\/12\/manix-manix-contact-plus-sensations-intactes-fines-extra-lubrification-6-preservatifs-preservatifs.jpg\",\"contentUrl\":\"https:\/\/paracherkaoui.ma\/wp-content\/uploads\/2025\/12\/manix-manix-contact-plus-sensations-intactes-fines-extra-lubrification-6-preservatifs-preservatifs.jpg\",\"width\":700,\"height\":700},{\"@type\":\"BreadcrumbList\",\"@id\":\"https:\/\/paracherkaoui.ma\/index.php\/produit\/manix-contact-plus-sensations-intactes-fines-extra-lubrification-6-preservatifs\/#breadcrumb\",\"itemListElement\":[{\"@type\":\"ListItem\",\"position\":1,\"name\":\"Accueil\",\"item\":\"https:\/\/paracherkaoui.ma\/\"},{\"@type\":\"ListItem\",\"position\":2,\"name\":\"Boutique\",\"item\":\"https:\/\/paracherkaoui.ma\/index.php\/boutique\/\"},{\"@type\":\"ListItem\",\"position\":3,\"name\":\"MANIX CONTACT PLUS SENSATIONS INTACTES FINES &#038; EXTRA LUBRIFICATION 6 PRESERVATIFS\"}]},{\"@type\":\"WebSite\",\"@id\":\"https:\/\/paracherkaoui.ma\/#website\",\"url\":\"https:\/\/paracherkaoui.ma\/\",\"name\":\"Paracherkaoui.ma\",\"description\":\"Achetez en ligne sur Paracherkaoui.ma\",\"potentialAction\":[{\"@type\":\"SearchAction\",\"target\":{\"@type\":\"EntryPoint\",\"urlTemplate\":\"https:\/\/paracherkaoui.ma\/?s={search_term_string}\"},\"query-input\":{\"@type\":\"PropertyValueSpecification\",\"valueRequired\":true,\"valueName\":\"search_term_string\"}}],\"inLanguage\":\"fr-FR\"}]}<\/script>\r\n<!-- \/ Yoast SEO plugin. -->","yoast_head_json":{"title":"MANIX CONTACT PLUS SENSATIONS INTACTES FINES & EXTRA LUBRIFICATION 6 PRESERVATIFS - Paracherkaoui.ma","robots":{"index":"index","follow":"follow","max-snippet":"max-snippet:-1","max-image-preview":"max-image-preview:large","max-video-preview":"max-video-preview:-1"},"canonical":"https:\/\/paracherkaoui.ma\/index.php\/produit\/manix-contact-plus-sensations-intactes-fines-extra-lubrification-6-preservatifs\/","og_locale":"fr_FR","og_type":"article","og_title":"MANIX CONTACT PLUS SENSATIONS INTACTES FINES & EXTRA LUBRIFICATION 6 PRESERVATIFS - Paracherkaoui.ma","og_description":"D\u00e9couvrez les Pr\u00e9servatifs Contact Plus Bo\u00eete de 6 de Manix, pour des rapports sexuels intenses, avec des sensations intactes exactement","og_url":"https:\/\/paracherkaoui.ma\/index.php\/produit\/manix-contact-plus-sensations-intactes-fines-extra-lubrification-6-preservatifs\/","og_site_name":"Paracherkaoui.ma","article_modified_time":"2025-12-12T17:54:41+00:00","og_image":[{"width":700,"height":700,"url":"https:\/\/paracherkaoui.ma\/wp-content\/uploads\/2025\/12\/manix-manix-contact-plus-sensations-intactes-fines-extra-lubrification-6-preservatifs-preservatifs.jpg","type":"image\/jpeg"}],"twitter_card":"summary_large_image","schema":{"@context":"https:\/\/schema.org","@graph":[{"@type":"WebPage","@id":"https:\/\/paracherkaoui.ma\/index.php\/produit\/manix-contact-plus-sensations-intactes-fines-extra-lubrification-6-preservatifs\/","url":"https:\/\/paracherkaoui.ma\/index.php\/produit\/manix-contact-plus-sensations-intactes-fines-extra-lubrification-6-preservatifs\/","name":"MANIX CONTACT PLUS SENSATIONS INTACTES FINES & EXTRA LUBRIFICATION 6 PRESERVATIFS - Paracherkaoui.ma","isPartOf":{"@id":"https:\/\/paracherkaoui.ma\/#website"},"primaryImageOfPage":{"@id":"https:\/\/paracherkaoui.ma\/index.php\/produit\/manix-contact-plus-sensations-intactes-fines-extra-lubrification-6-preservatifs\/#primaryimage"},"image":{"@id":"https:\/\/paracherkaoui.ma\/index.php\/produit\/manix-contact-plus-sensations-intactes-fines-extra-lubrification-6-preservatifs\/#primaryimage"},"thumbnailUrl":"https:\/\/paracherkaoui.ma\/wp-content\/uploads\/2025\/12\/manix-manix-contact-plus-sensations-intactes-fines-extra-lubrification-6-preservatifs-preservatifs.jpg","datePublished":"2025-12-12T17:54:36+00:00","dateModified":"2025-12-12T17:54:41+00:00","breadcrumb":{"@id":"https:\/\/paracherkaoui.ma\/index.php\/produit\/manix-contact-plus-sensations-intactes-fines-extra-lubrification-6-preservatifs\/#breadcrumb"},"inLanguage":"fr-FR","potentialAction":[{"@type":"ReadAction","target":["https:\/\/paracherkaoui.ma\/index.php\/produit\/manix-contact-plus-sensations-intactes-fines-extra-lubrification-6-preservatifs\/"]}]},{"@type":"ImageObject","inLanguage":"fr-FR","@id":"https:\/\/paracherkaoui.ma\/index.php\/produit\/manix-contact-plus-sensations-intactes-fines-extra-lubrification-6-preservatifs\/#primaryimage","url":"https:\/\/paracherkaoui.ma\/wp-content\/uploads\/2025\/12\/manix-manix-contact-plus-sensations-intactes-fines-extra-lubrification-6-preservatifs-preservatifs.jpg","contentUrl":"https:\/\/paracherkaoui.ma\/wp-content\/uploads\/2025\/12\/manix-manix-contact-plus-sensations-intactes-fines-extra-lubrification-6-preservatifs-preservatifs.jpg","width":700,"height":700},{"@type":"BreadcrumbList","@id":"https:\/\/paracherkaoui.ma\/index.php\/produit\/manix-contact-plus-sensations-intactes-fines-extra-lubrification-6-preservatifs\/#breadcrumb","itemListElement":[{"@type":"ListItem","position":1,"name":"Accueil","item":"https:\/\/paracherkaoui.ma\/"},{"@type":"ListItem","position":2,"name":"Boutique","item":"https:\/\/paracherkaoui.ma\/index.php\/boutique\/"},{"@type":"ListItem","position":3,"name":"MANIX CONTACT PLUS SENSATIONS INTACTES FINES &#038; EXTRA LUBRIFICATION 6 PRESERVATIFS"}]},{"@type":"WebSite","@id":"https:\/\/paracherkaoui.ma\/#website","url":"https:\/\/paracherkaoui.ma\/","name":"Paracherkaoui.ma","description":"Achetez en ligne sur Paracherkaoui.ma","potentialAction":[{"@type":"SearchAction","target":{"@type":"EntryPoint","urlTemplate":"https:\/\/paracherkaoui.ma\/?s={search_term_string}"},"query-input":{"@type":"PropertyValueSpecification","valueRequired":true,"valueName":"search_term_string"}}],"inLanguage":"fr-FR"}]}},"_links":{"self":[{"href":"https:\/\/paracherkaoui.ma\/index.php\/wp-json\/wp\/v2\/product\/35689","targetHints":{"allow":["GET"]}}],"collection":[{"href":"https:\/\/paracherkaoui.ma\/index.php\/wp-json\/wp\/v2\/product"}],"about":[{"href":"https:\/\/paracherkaoui.ma\/index.php\/wp-json\/wp\/v2\/types\/product"}],"replies":[{"embeddable":true,"href":"https:\/\/paracherkaoui.ma\/index.php\/wp-json\/wp\/v2\/comments?post=35689"}],"version-history":[{"count":1,"href":"https:\/\/paracherkaoui.ma\/index.php\/wp-json\/wp\/v2\/product\/35689\/revisions"}],"predecessor-version":[{"id":35742,"href":"https:\/\/paracherkaoui.ma\/index.php\/wp-json\/wp\/v2\/product\/35689\/revisions\/35742"}],"wp:featuredmedia":[{"embeddable":true,"href":"https:\/\/paracherkaoui.ma\/index.php\/wp-json\/wp\/v2\/media\/35741"}],"wp:attachment":[{"href":"https:\/\/paracherkaoui.ma\/index.php\/wp-json\/wp\/v2\/media?parent=35689"}],"wp:term":[{"taxonomy":"product_brand","embeddable":true,"href":"https:\/\/paracherkaoui.ma\/index.php\/wp-json\/wp\/v2\/product_brand?post=35689"},{"taxonomy":"product_cat","embeddable":true,"href":"https:\/\/paracherkaoui.ma\/index.php\/wp-json\/wp\/v2\/product_cat?post=35689"},{"taxonomy":"product_tag","embeddable":true,"href":"https:\/\/paracherkaoui.ma\/index.php\/wp-json\/wp\/v2\/product_tag?post=35689"}],"curies":[{"name":"wp","href":"https:\/\/api.w.org\/{rel}","templated":true}]}}