{"id":35686,"date":"2025-12-12T18:54:35","date_gmt":"2025-12-12T17:54:35","guid":{"rendered":"https:\/\/test.ecbeaute.com\/?post_type=product&#038;p=35686"},"modified":"2025-12-12T18:54:41","modified_gmt":"2025-12-12T17:54:41","slug":"cumlaude-mucus-lubrifiant-naturel-30-ml","status":"publish","type":"product","link":"https:\/\/paracherkaoui.ma\/index.php\/produit\/cumlaude-mucus-lubrifiant-naturel-30-ml\/","title":{"rendered":"CUMLAUDE MUCUS LUBRIFIANT NATUREL 30 ML"},"content":{"rendered":"<p>Description:<br \/>\nCUMLAUDE MUCUS 30ML est un gel lubrifiant intime indiqu\u00e9 en cas de relations sexuelles douloureuses et s\u00e8ches. De consistance analogue aux s\u00e9cr\u00e9tions vaginales physiologiques, il garde la zone intime douce et hydrat\u00e9e. Il n\u2019alt\u00e8re pas l\u2019int\u00e9grit\u00e9 du pr\u00e9servatif.<\/p>\n","protected":false},"excerpt":{"rendered":"<p>Description: CUMLAUDE MUCUS 30ML est un gel lubrifiant intime indiqu\u00e9 en cas de relations sexuelles douloureuses et s\u00e8ches. De consistance<\/p>\n","protected":false},"featured_media":35735,"comment_status":"open","ping_status":"closed","template":"","meta":[],"product_brand":[637],"product_cat":[634],"product_tag":[],"class_list":{"0":"post-35686","1":"product","2":"type-product","3":"status-publish","4":"has-post-thumbnail","6":"product_brand-cumlaude","7":"product_cat-gels-et-lubrifiants","9":"first","10":"instock","11":"sale","12":"shipping-taxable","13":"purchasable","14":"product-type-simple"},"yoast_head":"<!-- This site is optimized with the Yoast SEO plugin v26.6 - https:\/\/yoast.com\/wordpress\/plugins\/seo\/ -->\r\n<title>CUMLAUDE MUCUS LUBRIFIANT NATUREL 30 ML - Paracherkaoui.ma<\/title>\r\n<meta name=\"robots\" content=\"index, follow, max-snippet:-1, max-image-preview:large, max-video-preview:-1\" \/>\r\n<link rel=\"canonical\" href=\"https:\/\/paracherkaoui.ma\/index.php\/produit\/cumlaude-mucus-lubrifiant-naturel-30-ml\/\" \/>\r\n<meta property=\"og:locale\" content=\"fr_FR\" \/>\r\n<meta property=\"og:type\" content=\"article\" \/>\r\n<meta property=\"og:title\" content=\"CUMLAUDE MUCUS LUBRIFIANT NATUREL 30 ML - Paracherkaoui.ma\" \/>\r\n<meta property=\"og:description\" content=\"Description: CUMLAUDE MUCUS 30ML est un gel lubrifiant intime indiqu\u00e9 en cas de relations sexuelles douloureuses et s\u00e8ches. De consistance\" \/>\r\n<meta property=\"og:url\" content=\"https:\/\/paracherkaoui.ma\/index.php\/produit\/cumlaude-mucus-lubrifiant-naturel-30-ml\/\" \/>\r\n<meta property=\"og:site_name\" content=\"Paracherkaoui.ma\" \/>\r\n<meta property=\"article:modified_time\" content=\"2025-12-12T17:54:41+00:00\" \/>\r\n<meta property=\"og:image\" content=\"https:\/\/paracherkaoui.ma\/wp-content\/uploads\/2025\/12\/cumlaude-mucus-lubrifiant-naturel-30-ml.jpg\" \/>\r\n\t<meta property=\"og:image:width\" content=\"700\" \/>\r\n\t<meta property=\"og:image:height\" content=\"700\" \/>\r\n\t<meta property=\"og:image:type\" content=\"image\/jpeg\" \/>\r\n<meta name=\"twitter:card\" content=\"summary_large_image\" \/>\r\n<script type=\"application\/ld+json\" class=\"yoast-schema-graph\">{\"@context\":\"https:\/\/schema.org\",\"@graph\":[{\"@type\":\"WebPage\",\"@id\":\"https:\/\/paracherkaoui.ma\/index.php\/produit\/cumlaude-mucus-lubrifiant-naturel-30-ml\/\",\"url\":\"https:\/\/paracherkaoui.ma\/index.php\/produit\/cumlaude-mucus-lubrifiant-naturel-30-ml\/\",\"name\":\"CUMLAUDE MUCUS LUBRIFIANT NATUREL 30 ML - Paracherkaoui.ma\",\"isPartOf\":{\"@id\":\"https:\/\/paracherkaoui.ma\/#website\"},\"primaryImageOfPage\":{\"@id\":\"https:\/\/paracherkaoui.ma\/index.php\/produit\/cumlaude-mucus-lubrifiant-naturel-30-ml\/#primaryimage\"},\"image\":{\"@id\":\"https:\/\/paracherkaoui.ma\/index.php\/produit\/cumlaude-mucus-lubrifiant-naturel-30-ml\/#primaryimage\"},\"thumbnailUrl\":\"https:\/\/paracherkaoui.ma\/wp-content\/uploads\/2025\/12\/cumlaude-mucus-lubrifiant-naturel-30-ml.jpg\",\"datePublished\":\"2025-12-12T17:54:35+00:00\",\"dateModified\":\"2025-12-12T17:54:41+00:00\",\"breadcrumb\":{\"@id\":\"https:\/\/paracherkaoui.ma\/index.php\/produit\/cumlaude-mucus-lubrifiant-naturel-30-ml\/#breadcrumb\"},\"inLanguage\":\"fr-FR\",\"potentialAction\":[{\"@type\":\"ReadAction\",\"target\":[\"https:\/\/paracherkaoui.ma\/index.php\/produit\/cumlaude-mucus-lubrifiant-naturel-30-ml\/\"]}]},{\"@type\":\"ImageObject\",\"inLanguage\":\"fr-FR\",\"@id\":\"https:\/\/paracherkaoui.ma\/index.php\/produit\/cumlaude-mucus-lubrifiant-naturel-30-ml\/#primaryimage\",\"url\":\"https:\/\/paracherkaoui.ma\/wp-content\/uploads\/2025\/12\/cumlaude-mucus-lubrifiant-naturel-30-ml.jpg\",\"contentUrl\":\"https:\/\/paracherkaoui.ma\/wp-content\/uploads\/2025\/12\/cumlaude-mucus-lubrifiant-naturel-30-ml.jpg\",\"width\":700,\"height\":700},{\"@type\":\"BreadcrumbList\",\"@id\":\"https:\/\/paracherkaoui.ma\/index.php\/produit\/cumlaude-mucus-lubrifiant-naturel-30-ml\/#breadcrumb\",\"itemListElement\":[{\"@type\":\"ListItem\",\"position\":1,\"name\":\"Accueil\",\"item\":\"https:\/\/paracherkaoui.ma\/\"},{\"@type\":\"ListItem\",\"position\":2,\"name\":\"Boutique\",\"item\":\"https:\/\/paracherkaoui.ma\/index.php\/boutique\/\"},{\"@type\":\"ListItem\",\"position\":3,\"name\":\"CUMLAUDE MUCUS LUBRIFIANT NATUREL 30 ML\"}]},{\"@type\":\"WebSite\",\"@id\":\"https:\/\/paracherkaoui.ma\/#website\",\"url\":\"https:\/\/paracherkaoui.ma\/\",\"name\":\"Paracherkaoui.ma\",\"description\":\"Achetez en ligne sur Paracherkaoui.ma\",\"potentialAction\":[{\"@type\":\"SearchAction\",\"target\":{\"@type\":\"EntryPoint\",\"urlTemplate\":\"https:\/\/paracherkaoui.ma\/?s={search_term_string}\"},\"query-input\":{\"@type\":\"PropertyValueSpecification\",\"valueRequired\":true,\"valueName\":\"search_term_string\"}}],\"inLanguage\":\"fr-FR\"}]}<\/script>\r\n<!-- \/ Yoast SEO plugin. -->","yoast_head_json":{"title":"CUMLAUDE MUCUS LUBRIFIANT NATUREL 30 ML - Paracherkaoui.ma","robots":{"index":"index","follow":"follow","max-snippet":"max-snippet:-1","max-image-preview":"max-image-preview:large","max-video-preview":"max-video-preview:-1"},"canonical":"https:\/\/paracherkaoui.ma\/index.php\/produit\/cumlaude-mucus-lubrifiant-naturel-30-ml\/","og_locale":"fr_FR","og_type":"article","og_title":"CUMLAUDE MUCUS LUBRIFIANT NATUREL 30 ML - Paracherkaoui.ma","og_description":"Description: CUMLAUDE MUCUS 30ML est un gel lubrifiant intime indiqu\u00e9 en cas de relations sexuelles douloureuses et s\u00e8ches. De consistance","og_url":"https:\/\/paracherkaoui.ma\/index.php\/produit\/cumlaude-mucus-lubrifiant-naturel-30-ml\/","og_site_name":"Paracherkaoui.ma","article_modified_time":"2025-12-12T17:54:41+00:00","og_image":[{"width":700,"height":700,"url":"https:\/\/paracherkaoui.ma\/wp-content\/uploads\/2025\/12\/cumlaude-mucus-lubrifiant-naturel-30-ml.jpg","type":"image\/jpeg"}],"twitter_card":"summary_large_image","schema":{"@context":"https:\/\/schema.org","@graph":[{"@type":"WebPage","@id":"https:\/\/paracherkaoui.ma\/index.php\/produit\/cumlaude-mucus-lubrifiant-naturel-30-ml\/","url":"https:\/\/paracherkaoui.ma\/index.php\/produit\/cumlaude-mucus-lubrifiant-naturel-30-ml\/","name":"CUMLAUDE MUCUS LUBRIFIANT NATUREL 30 ML - Paracherkaoui.ma","isPartOf":{"@id":"https:\/\/paracherkaoui.ma\/#website"},"primaryImageOfPage":{"@id":"https:\/\/paracherkaoui.ma\/index.php\/produit\/cumlaude-mucus-lubrifiant-naturel-30-ml\/#primaryimage"},"image":{"@id":"https:\/\/paracherkaoui.ma\/index.php\/produit\/cumlaude-mucus-lubrifiant-naturel-30-ml\/#primaryimage"},"thumbnailUrl":"https:\/\/paracherkaoui.ma\/wp-content\/uploads\/2025\/12\/cumlaude-mucus-lubrifiant-naturel-30-ml.jpg","datePublished":"2025-12-12T17:54:35+00:00","dateModified":"2025-12-12T17:54:41+00:00","breadcrumb":{"@id":"https:\/\/paracherkaoui.ma\/index.php\/produit\/cumlaude-mucus-lubrifiant-naturel-30-ml\/#breadcrumb"},"inLanguage":"fr-FR","potentialAction":[{"@type":"ReadAction","target":["https:\/\/paracherkaoui.ma\/index.php\/produit\/cumlaude-mucus-lubrifiant-naturel-30-ml\/"]}]},{"@type":"ImageObject","inLanguage":"fr-FR","@id":"https:\/\/paracherkaoui.ma\/index.php\/produit\/cumlaude-mucus-lubrifiant-naturel-30-ml\/#primaryimage","url":"https:\/\/paracherkaoui.ma\/wp-content\/uploads\/2025\/12\/cumlaude-mucus-lubrifiant-naturel-30-ml.jpg","contentUrl":"https:\/\/paracherkaoui.ma\/wp-content\/uploads\/2025\/12\/cumlaude-mucus-lubrifiant-naturel-30-ml.jpg","width":700,"height":700},{"@type":"BreadcrumbList","@id":"https:\/\/paracherkaoui.ma\/index.php\/produit\/cumlaude-mucus-lubrifiant-naturel-30-ml\/#breadcrumb","itemListElement":[{"@type":"ListItem","position":1,"name":"Accueil","item":"https:\/\/paracherkaoui.ma\/"},{"@type":"ListItem","position":2,"name":"Boutique","item":"https:\/\/paracherkaoui.ma\/index.php\/boutique\/"},{"@type":"ListItem","position":3,"name":"CUMLAUDE MUCUS LUBRIFIANT NATUREL 30 ML"}]},{"@type":"WebSite","@id":"https:\/\/paracherkaoui.ma\/#website","url":"https:\/\/paracherkaoui.ma\/","name":"Paracherkaoui.ma","description":"Achetez en ligne sur Paracherkaoui.ma","potentialAction":[{"@type":"SearchAction","target":{"@type":"EntryPoint","urlTemplate":"https:\/\/paracherkaoui.ma\/?s={search_term_string}"},"query-input":{"@type":"PropertyValueSpecification","valueRequired":true,"valueName":"search_term_string"}}],"inLanguage":"fr-FR"}]}},"_links":{"self":[{"href":"https:\/\/paracherkaoui.ma\/index.php\/wp-json\/wp\/v2\/product\/35686","targetHints":{"allow":["GET"]}}],"collection":[{"href":"https:\/\/paracherkaoui.ma\/index.php\/wp-json\/wp\/v2\/product"}],"about":[{"href":"https:\/\/paracherkaoui.ma\/index.php\/wp-json\/wp\/v2\/types\/product"}],"replies":[{"embeddable":true,"href":"https:\/\/paracherkaoui.ma\/index.php\/wp-json\/wp\/v2\/comments?post=35686"}],"version-history":[{"count":1,"href":"https:\/\/paracherkaoui.ma\/index.php\/wp-json\/wp\/v2\/product\/35686\/revisions"}],"predecessor-version":[{"id":35736,"href":"https:\/\/paracherkaoui.ma\/index.php\/wp-json\/wp\/v2\/product\/35686\/revisions\/35736"}],"wp:featuredmedia":[{"embeddable":true,"href":"https:\/\/paracherkaoui.ma\/index.php\/wp-json\/wp\/v2\/media\/35735"}],"wp:attachment":[{"href":"https:\/\/paracherkaoui.ma\/index.php\/wp-json\/wp\/v2\/media?parent=35686"}],"wp:term":[{"taxonomy":"product_brand","embeddable":true,"href":"https:\/\/paracherkaoui.ma\/index.php\/wp-json\/wp\/v2\/product_brand?post=35686"},{"taxonomy":"product_cat","embeddable":true,"href":"https:\/\/paracherkaoui.ma\/index.php\/wp-json\/wp\/v2\/product_cat?post=35686"},{"taxonomy":"product_tag","embeddable":true,"href":"https:\/\/paracherkaoui.ma\/index.php\/wp-json\/wp\/v2\/product_tag?post=35686"}],"curies":[{"name":"wp","href":"https:\/\/api.w.org\/{rel}","templated":true}]}}