{"id":35682,"date":"2025-12-12T18:54:35","date_gmt":"2025-12-12T17:54:35","guid":{"rendered":"https:\/\/test.ecbeaute.com\/?post_type=product&#038;p=35682"},"modified":"2025-12-12T18:54:40","modified_gmt":"2025-12-12T17:54:40","slug":"manix-skyn-excite-pour-lui-gel-excitant-homme-15ml","status":"publish","type":"product","link":"https:\/\/paracherkaoui.ma\/index.php\/produit\/manix-skyn-excite-pour-lui-gel-excitant-homme-15ml\/","title":{"rendered":"MANIX SKYN EXCITE POUR LUI GEL EXCITANT HOMME 15ML"},"content":{"rendered":"<p>Le Skyn Excite for him Gel excitant pour homme Manix est votre passeport pour une aventure sensorielle inoubliable. Il a \u00e9t\u00e9 cr\u00e9\u00e9 pour la d\u00e9couverte de nouvelles sensations, transformant chaque contact en une exploration audacieuse. La routine laisse place \u00e0 l&rsquo;excitation, et le connu s&rsquo;efface devant l&rsquo;inconnu du plaisir intensifi\u00e9.<br \/>\nCe gel n&rsquo;est pas l\u00e0 pour faire de la figuration ; il est le produit id\u00e9al pour rehausser la sensation au plus haut degr\u00e9. Gr\u00e2ce \u00e0 sa formule sp\u00e9cialement \u00e9labor\u00e9e pour les hommes, il agit en profondeur pour stimuler et intensifier le plaisir. Il provoque une sensation excitante sur la peau, renfor\u00e7ant \u00e0 la fois la sensibilit\u00e9 et le plaisir. Attendez-vous \u00e0 des frissons, \u00e0 des picotements, et \u00e0 une mont\u00e9e progressive de l&rsquo;excitation qui rendra chaque moment inoubliable.<br \/>\nL&rsquo;objectif de ce gel est clair : faire du plaisir une aventure. Il est une invitation \u00e0 explorer le territoire de la passion avec une intensit\u00e9 jamais connue auparavant. Que ce soit en solo ou en couple, le Skyn Excite vous ouvre les portes d&rsquo;une sexualit\u00e9 plus riche, plus audacieuse et plus \u00e9panouissante. Sa texture agr\u00e9able et sa facilit\u00e9 d&rsquo;application en font un alli\u00e9 discret mais puissant. Il s&rsquo;int\u00e8gre parfaitement \u00e0 vos moments intimes, ajoutant une dimension suppl\u00e9mentaire de plaisir sans compliquer les choses.<br \/>\nConseils d&rsquo;utilisation :<br \/>\nMassez d\u00e9licatement le gel directement sur le p\u00e9nis, en insistant sur le gland et les zones les plus sensibles. L&rsquo;effet excitant se fera ressentir progressivement.<\/p>\n","protected":false},"excerpt":{"rendered":"<p>Le Skyn Excite for him Gel excitant pour homme Manix est votre passeport pour une aventure sensorielle inoubliable. Il a<\/p>\n","protected":false},"featured_media":35727,"comment_status":"open","ping_status":"closed","template":"","meta":[],"product_brand":[635],"product_cat":[634],"product_tag":[],"class_list":{"0":"post-35682","1":"product","2":"type-product","3":"status-publish","4":"has-post-thumbnail","6":"product_brand-manix","7":"product_cat-gels-et-lubrifiants","9":"first","10":"instock","11":"sale","12":"shipping-taxable","13":"purchasable","14":"product-type-simple"},"yoast_head":"<!-- This site is optimized with the Yoast SEO plugin v26.6 - https:\/\/yoast.com\/wordpress\/plugins\/seo\/ -->\r\n<title>MANIX SKYN EXCITE POUR LUI GEL EXCITANT HOMME 15ML - Paracherkaoui.ma<\/title>\r\n<meta name=\"robots\" content=\"index, follow, max-snippet:-1, max-image-preview:large, max-video-preview:-1\" \/>\r\n<link rel=\"canonical\" href=\"https:\/\/paracherkaoui.ma\/index.php\/produit\/manix-skyn-excite-pour-lui-gel-excitant-homme-15ml\/\" \/>\r\n<meta property=\"og:locale\" content=\"fr_FR\" \/>\r\n<meta property=\"og:type\" content=\"article\" \/>\r\n<meta property=\"og:title\" content=\"MANIX SKYN EXCITE POUR LUI GEL EXCITANT HOMME 15ML - Paracherkaoui.ma\" \/>\r\n<meta property=\"og:description\" content=\"Le Skyn Excite for him Gel excitant pour homme Manix est votre passeport pour une aventure sensorielle inoubliable. Il a\" \/>\r\n<meta property=\"og:url\" content=\"https:\/\/paracherkaoui.ma\/index.php\/produit\/manix-skyn-excite-pour-lui-gel-excitant-homme-15ml\/\" \/>\r\n<meta property=\"og:site_name\" content=\"Paracherkaoui.ma\" \/>\r\n<meta property=\"article:modified_time\" content=\"2025-12-12T17:54:40+00:00\" \/>\r\n<meta property=\"og:image\" content=\"https:\/\/paracherkaoui.ma\/wp-content\/uploads\/2025\/12\/manix-skyn-excite-pour-lui-gel-excitant-homme-15ml.jpg\" \/>\r\n\t<meta property=\"og:image:width\" content=\"700\" \/>\r\n\t<meta property=\"og:image:height\" content=\"700\" \/>\r\n\t<meta property=\"og:image:type\" content=\"image\/jpeg\" \/>\r\n<meta name=\"twitter:card\" content=\"summary_large_image\" \/>\r\n<meta name=\"twitter:label1\" content=\"Dur\u00e9e de lecture estim\u00e9e\" \/>\n\t<meta name=\"twitter:data1\" content=\"1 minute\" \/>\r\n<script type=\"application\/ld+json\" class=\"yoast-schema-graph\">{\"@context\":\"https:\/\/schema.org\",\"@graph\":[{\"@type\":\"WebPage\",\"@id\":\"https:\/\/paracherkaoui.ma\/index.php\/produit\/manix-skyn-excite-pour-lui-gel-excitant-homme-15ml\/\",\"url\":\"https:\/\/paracherkaoui.ma\/index.php\/produit\/manix-skyn-excite-pour-lui-gel-excitant-homme-15ml\/\",\"name\":\"MANIX SKYN EXCITE POUR LUI GEL EXCITANT HOMME 15ML - Paracherkaoui.ma\",\"isPartOf\":{\"@id\":\"https:\/\/paracherkaoui.ma\/#website\"},\"primaryImageOfPage\":{\"@id\":\"https:\/\/paracherkaoui.ma\/index.php\/produit\/manix-skyn-excite-pour-lui-gel-excitant-homme-15ml\/#primaryimage\"},\"image\":{\"@id\":\"https:\/\/paracherkaoui.ma\/index.php\/produit\/manix-skyn-excite-pour-lui-gel-excitant-homme-15ml\/#primaryimage\"},\"thumbnailUrl\":\"https:\/\/paracherkaoui.ma\/wp-content\/uploads\/2025\/12\/manix-skyn-excite-pour-lui-gel-excitant-homme-15ml.jpg\",\"datePublished\":\"2025-12-12T17:54:35+00:00\",\"dateModified\":\"2025-12-12T17:54:40+00:00\",\"breadcrumb\":{\"@id\":\"https:\/\/paracherkaoui.ma\/index.php\/produit\/manix-skyn-excite-pour-lui-gel-excitant-homme-15ml\/#breadcrumb\"},\"inLanguage\":\"fr-FR\",\"potentialAction\":[{\"@type\":\"ReadAction\",\"target\":[\"https:\/\/paracherkaoui.ma\/index.php\/produit\/manix-skyn-excite-pour-lui-gel-excitant-homme-15ml\/\"]}]},{\"@type\":\"ImageObject\",\"inLanguage\":\"fr-FR\",\"@id\":\"https:\/\/paracherkaoui.ma\/index.php\/produit\/manix-skyn-excite-pour-lui-gel-excitant-homme-15ml\/#primaryimage\",\"url\":\"https:\/\/paracherkaoui.ma\/wp-content\/uploads\/2025\/12\/manix-skyn-excite-pour-lui-gel-excitant-homme-15ml.jpg\",\"contentUrl\":\"https:\/\/paracherkaoui.ma\/wp-content\/uploads\/2025\/12\/manix-skyn-excite-pour-lui-gel-excitant-homme-15ml.jpg\",\"width\":700,\"height\":700},{\"@type\":\"BreadcrumbList\",\"@id\":\"https:\/\/paracherkaoui.ma\/index.php\/produit\/manix-skyn-excite-pour-lui-gel-excitant-homme-15ml\/#breadcrumb\",\"itemListElement\":[{\"@type\":\"ListItem\",\"position\":1,\"name\":\"Accueil\",\"item\":\"https:\/\/paracherkaoui.ma\/\"},{\"@type\":\"ListItem\",\"position\":2,\"name\":\"Boutique\",\"item\":\"https:\/\/paracherkaoui.ma\/index.php\/boutique\/\"},{\"@type\":\"ListItem\",\"position\":3,\"name\":\"MANIX SKYN EXCITE POUR LUI GEL EXCITANT HOMME 15ML\"}]},{\"@type\":\"WebSite\",\"@id\":\"https:\/\/paracherkaoui.ma\/#website\",\"url\":\"https:\/\/paracherkaoui.ma\/\",\"name\":\"Paracherkaoui.ma\",\"description\":\"Achetez en ligne sur Paracherkaoui.ma\",\"potentialAction\":[{\"@type\":\"SearchAction\",\"target\":{\"@type\":\"EntryPoint\",\"urlTemplate\":\"https:\/\/paracherkaoui.ma\/?s={search_term_string}\"},\"query-input\":{\"@type\":\"PropertyValueSpecification\",\"valueRequired\":true,\"valueName\":\"search_term_string\"}}],\"inLanguage\":\"fr-FR\"}]}<\/script>\r\n<!-- \/ Yoast SEO plugin. -->","yoast_head_json":{"title":"MANIX SKYN EXCITE POUR LUI GEL EXCITANT HOMME 15ML - Paracherkaoui.ma","robots":{"index":"index","follow":"follow","max-snippet":"max-snippet:-1","max-image-preview":"max-image-preview:large","max-video-preview":"max-video-preview:-1"},"canonical":"https:\/\/paracherkaoui.ma\/index.php\/produit\/manix-skyn-excite-pour-lui-gel-excitant-homme-15ml\/","og_locale":"fr_FR","og_type":"article","og_title":"MANIX SKYN EXCITE POUR LUI GEL EXCITANT HOMME 15ML - Paracherkaoui.ma","og_description":"Le Skyn Excite for him Gel excitant pour homme Manix est votre passeport pour une aventure sensorielle inoubliable. Il a","og_url":"https:\/\/paracherkaoui.ma\/index.php\/produit\/manix-skyn-excite-pour-lui-gel-excitant-homme-15ml\/","og_site_name":"Paracherkaoui.ma","article_modified_time":"2025-12-12T17:54:40+00:00","og_image":[{"width":700,"height":700,"url":"https:\/\/paracherkaoui.ma\/wp-content\/uploads\/2025\/12\/manix-skyn-excite-pour-lui-gel-excitant-homme-15ml.jpg","type":"image\/jpeg"}],"twitter_card":"summary_large_image","twitter_misc":{"Dur\u00e9e de lecture estim\u00e9e":"1 minute"},"schema":{"@context":"https:\/\/schema.org","@graph":[{"@type":"WebPage","@id":"https:\/\/paracherkaoui.ma\/index.php\/produit\/manix-skyn-excite-pour-lui-gel-excitant-homme-15ml\/","url":"https:\/\/paracherkaoui.ma\/index.php\/produit\/manix-skyn-excite-pour-lui-gel-excitant-homme-15ml\/","name":"MANIX SKYN EXCITE POUR LUI GEL EXCITANT HOMME 15ML - Paracherkaoui.ma","isPartOf":{"@id":"https:\/\/paracherkaoui.ma\/#website"},"primaryImageOfPage":{"@id":"https:\/\/paracherkaoui.ma\/index.php\/produit\/manix-skyn-excite-pour-lui-gel-excitant-homme-15ml\/#primaryimage"},"image":{"@id":"https:\/\/paracherkaoui.ma\/index.php\/produit\/manix-skyn-excite-pour-lui-gel-excitant-homme-15ml\/#primaryimage"},"thumbnailUrl":"https:\/\/paracherkaoui.ma\/wp-content\/uploads\/2025\/12\/manix-skyn-excite-pour-lui-gel-excitant-homme-15ml.jpg","datePublished":"2025-12-12T17:54:35+00:00","dateModified":"2025-12-12T17:54:40+00:00","breadcrumb":{"@id":"https:\/\/paracherkaoui.ma\/index.php\/produit\/manix-skyn-excite-pour-lui-gel-excitant-homme-15ml\/#breadcrumb"},"inLanguage":"fr-FR","potentialAction":[{"@type":"ReadAction","target":["https:\/\/paracherkaoui.ma\/index.php\/produit\/manix-skyn-excite-pour-lui-gel-excitant-homme-15ml\/"]}]},{"@type":"ImageObject","inLanguage":"fr-FR","@id":"https:\/\/paracherkaoui.ma\/index.php\/produit\/manix-skyn-excite-pour-lui-gel-excitant-homme-15ml\/#primaryimage","url":"https:\/\/paracherkaoui.ma\/wp-content\/uploads\/2025\/12\/manix-skyn-excite-pour-lui-gel-excitant-homme-15ml.jpg","contentUrl":"https:\/\/paracherkaoui.ma\/wp-content\/uploads\/2025\/12\/manix-skyn-excite-pour-lui-gel-excitant-homme-15ml.jpg","width":700,"height":700},{"@type":"BreadcrumbList","@id":"https:\/\/paracherkaoui.ma\/index.php\/produit\/manix-skyn-excite-pour-lui-gel-excitant-homme-15ml\/#breadcrumb","itemListElement":[{"@type":"ListItem","position":1,"name":"Accueil","item":"https:\/\/paracherkaoui.ma\/"},{"@type":"ListItem","position":2,"name":"Boutique","item":"https:\/\/paracherkaoui.ma\/index.php\/boutique\/"},{"@type":"ListItem","position":3,"name":"MANIX SKYN EXCITE POUR LUI GEL EXCITANT HOMME 15ML"}]},{"@type":"WebSite","@id":"https:\/\/paracherkaoui.ma\/#website","url":"https:\/\/paracherkaoui.ma\/","name":"Paracherkaoui.ma","description":"Achetez en ligne sur Paracherkaoui.ma","potentialAction":[{"@type":"SearchAction","target":{"@type":"EntryPoint","urlTemplate":"https:\/\/paracherkaoui.ma\/?s={search_term_string}"},"query-input":{"@type":"PropertyValueSpecification","valueRequired":true,"valueName":"search_term_string"}}],"inLanguage":"fr-FR"}]}},"_links":{"self":[{"href":"https:\/\/paracherkaoui.ma\/index.php\/wp-json\/wp\/v2\/product\/35682","targetHints":{"allow":["GET"]}}],"collection":[{"href":"https:\/\/paracherkaoui.ma\/index.php\/wp-json\/wp\/v2\/product"}],"about":[{"href":"https:\/\/paracherkaoui.ma\/index.php\/wp-json\/wp\/v2\/types\/product"}],"replies":[{"embeddable":true,"href":"https:\/\/paracherkaoui.ma\/index.php\/wp-json\/wp\/v2\/comments?post=35682"}],"version-history":[{"count":1,"href":"https:\/\/paracherkaoui.ma\/index.php\/wp-json\/wp\/v2\/product\/35682\/revisions"}],"predecessor-version":[{"id":35728,"href":"https:\/\/paracherkaoui.ma\/index.php\/wp-json\/wp\/v2\/product\/35682\/revisions\/35728"}],"wp:featuredmedia":[{"embeddable":true,"href":"https:\/\/paracherkaoui.ma\/index.php\/wp-json\/wp\/v2\/media\/35727"}],"wp:attachment":[{"href":"https:\/\/paracherkaoui.ma\/index.php\/wp-json\/wp\/v2\/media?parent=35682"}],"wp:term":[{"taxonomy":"product_brand","embeddable":true,"href":"https:\/\/paracherkaoui.ma\/index.php\/wp-json\/wp\/v2\/product_brand?post=35682"},{"taxonomy":"product_cat","embeddable":true,"href":"https:\/\/paracherkaoui.ma\/index.php\/wp-json\/wp\/v2\/product_cat?post=35682"},{"taxonomy":"product_tag","embeddable":true,"href":"https:\/\/paracherkaoui.ma\/index.php\/wp-json\/wp\/v2\/product_tag?post=35682"}],"curies":[{"name":"wp","href":"https:\/\/api.w.org\/{rel}","templated":true}]}}