{"id":35681,"date":"2025-12-12T18:54:35","date_gmt":"2025-12-12T17:54:35","guid":{"rendered":"https:\/\/test.ecbeaute.com\/?post_type=product&#038;p=35681"},"modified":"2025-12-12T18:54:40","modified_gmt":"2025-12-12T17:54:40","slug":"manix-skyn-excite-pour-elle-gel-orgasmique-feminin-15ml","status":"publish","type":"product","link":"https:\/\/paracherkaoui.ma\/index.php\/produit\/manix-skyn-excite-pour-elle-gel-orgasmique-feminin-15ml\/","title":{"rendered":"MANIX SKYN EXCITE POUR ELLE GEL ORGASMIQUE FEMININ 15ML"},"content":{"rendered":"<p>Le Manix Skyn Excite pour Elle est bien plus qu&rsquo;un simple gel ; c&rsquo;est un concentr\u00e9 d&rsquo;ingr\u00e9dients de haute qualit\u00e9, m\u00e9ticuleusement s\u00e9lectionn\u00e9s pour leur capacit\u00e9 \u00e0 stimuler l&rsquo;excitation. Sa formulation a \u00e9t\u00e9 con\u00e7ue et test\u00e9e par des femmes, garantissant une compr\u00e9hension profonde des m\u00e9canismes du plaisir f\u00e9minin et une efficacit\u00e9 prouv\u00e9e. C&rsquo;est l&rsquo;assurance d&rsquo;un produit qui r\u00e9pond r\u00e9ellement aux attentes et aux besoins des utilisatatrices.<br \/>\nL&rsquo;application de ce gel est un rituel de plaisir en soi. Appliqu\u00e9 par de l\u00e9gers massages sur le clitoris, il agit rapidement pour provoquer une excitation intense. Sa texture d\u00e9licate et ses actifs sp\u00e9cifiques cr\u00e9ent une sensation unique, qui \u00e9veille les terminaisons nerveuses et augmente la sensibilit\u00e9 de cette zone cl\u00e9. L&rsquo;excitation monte progressivement, invitant \u00e0 l&rsquo;exploration et \u00e0 l&rsquo;abandon.<br \/>\nLa promesse de ce gel r\u00e9side dans sa formulation r\u00e9volutionnaire qui permet d&rsquo;atteindre l&rsquo;orgasme de fa\u00e7on plus syst\u00e9matique. Pour de nombreuses femmes, l&rsquo;orgasme peut \u00eatre \u00e9vasif ou difficile \u00e0 atteindre. Skyn Excite a \u00e9t\u00e9 \u00e9labor\u00e9 pour faciliter ce processus, en aidant \u00e0 intensifier les sensations et \u00e0 maintenir l&rsquo;excitation \u00e0 un niveau optimal, rendant le chemin vers le plaisir ultime plus direct et plus accessible. Il favorise une exp\u00e9rience plus compl\u00e8te et satisfaisante, transformant l&rsquo;intimit\u00e9 en un moment de pur \u00e9panouissement.<br \/>\nSa compatibilit\u00e9 avec les pr\u00e9servatifs en fait un choix pratique et s\u00fbr. Vous n&rsquo;avez pas \u00e0 choisir entre plaisir intense et protection : le Manix Skyn Excite pour Elle est compatible avec les pr\u00e9servatifs, vous permettant de profiter pleinement de chaque moment en toute s\u00e9r\u00e9nit\u00e9.<br \/>\nConseils d&rsquo;utilisation :<br \/>\nAppliquer le contenu d&rsquo;une pression de la pompe du gel Skyn Excite sur l&rsquo;extr\u00e9mit\u00e9 de votre doigt, d\u00e9poser la sur votre clitoris et masser l\u00e9g\u00e8rement.<\/p>\n","protected":false},"excerpt":{"rendered":"<p>Le Manix Skyn Excite pour Elle est bien plus qu&rsquo;un simple gel ; c&rsquo;est un concentr\u00e9 d&rsquo;ingr\u00e9dients de haute qualit\u00e9,<\/p>\n","protected":false},"featured_media":35725,"comment_status":"open","ping_status":"closed","template":"","meta":[],"product_brand":[635],"product_cat":[634],"product_tag":[],"class_list":{"0":"post-35681","1":"product","2":"type-product","3":"status-publish","4":"has-post-thumbnail","6":"product_brand-manix","7":"product_cat-gels-et-lubrifiants","9":"first","10":"instock","11":"sale","12":"shipping-taxable","13":"purchasable","14":"product-type-simple"},"yoast_head":"<!-- This site is optimized with the Yoast SEO plugin v26.6 - https:\/\/yoast.com\/wordpress\/plugins\/seo\/ -->\r\n<title>MANIX SKYN EXCITE POUR ELLE GEL ORGASMIQUE FEMININ 15ML - Paracherkaoui.ma<\/title>\r\n<meta name=\"robots\" content=\"index, follow, max-snippet:-1, max-image-preview:large, max-video-preview:-1\" \/>\r\n<link rel=\"canonical\" href=\"https:\/\/paracherkaoui.ma\/index.php\/produit\/manix-skyn-excite-pour-elle-gel-orgasmique-feminin-15ml\/\" \/>\r\n<meta property=\"og:locale\" content=\"fr_FR\" \/>\r\n<meta property=\"og:type\" content=\"article\" \/>\r\n<meta property=\"og:title\" content=\"MANIX SKYN EXCITE POUR ELLE GEL ORGASMIQUE FEMININ 15ML - Paracherkaoui.ma\" \/>\r\n<meta property=\"og:description\" content=\"Le Manix Skyn Excite pour Elle est bien plus qu&rsquo;un simple gel ; c&rsquo;est un concentr\u00e9 d&rsquo;ingr\u00e9dients de haute qualit\u00e9,\" \/>\r\n<meta property=\"og:url\" content=\"https:\/\/paracherkaoui.ma\/index.php\/produit\/manix-skyn-excite-pour-elle-gel-orgasmique-feminin-15ml\/\" \/>\r\n<meta property=\"og:site_name\" content=\"Paracherkaoui.ma\" \/>\r\n<meta property=\"article:modified_time\" content=\"2025-12-12T17:54:40+00:00\" \/>\r\n<meta property=\"og:image\" content=\"https:\/\/paracherkaoui.ma\/wp-content\/uploads\/2025\/12\/manix-skyn-excite-pour-elle-gel-orgasmique-feminin-15ml.jpg\" \/>\r\n\t<meta property=\"og:image:width\" content=\"700\" \/>\r\n\t<meta property=\"og:image:height\" content=\"700\" \/>\r\n\t<meta property=\"og:image:type\" content=\"image\/jpeg\" \/>\r\n<meta name=\"twitter:card\" content=\"summary_large_image\" \/>\r\n<meta name=\"twitter:label1\" content=\"Dur\u00e9e de lecture estim\u00e9e\" \/>\n\t<meta name=\"twitter:data1\" content=\"1 minute\" \/>\r\n<script type=\"application\/ld+json\" class=\"yoast-schema-graph\">{\"@context\":\"https:\/\/schema.org\",\"@graph\":[{\"@type\":\"WebPage\",\"@id\":\"https:\/\/paracherkaoui.ma\/index.php\/produit\/manix-skyn-excite-pour-elle-gel-orgasmique-feminin-15ml\/\",\"url\":\"https:\/\/paracherkaoui.ma\/index.php\/produit\/manix-skyn-excite-pour-elle-gel-orgasmique-feminin-15ml\/\",\"name\":\"MANIX SKYN EXCITE POUR ELLE GEL ORGASMIQUE FEMININ 15ML - Paracherkaoui.ma\",\"isPartOf\":{\"@id\":\"https:\/\/paracherkaoui.ma\/#website\"},\"primaryImageOfPage\":{\"@id\":\"https:\/\/paracherkaoui.ma\/index.php\/produit\/manix-skyn-excite-pour-elle-gel-orgasmique-feminin-15ml\/#primaryimage\"},\"image\":{\"@id\":\"https:\/\/paracherkaoui.ma\/index.php\/produit\/manix-skyn-excite-pour-elle-gel-orgasmique-feminin-15ml\/#primaryimage\"},\"thumbnailUrl\":\"https:\/\/paracherkaoui.ma\/wp-content\/uploads\/2025\/12\/manix-skyn-excite-pour-elle-gel-orgasmique-feminin-15ml.jpg\",\"datePublished\":\"2025-12-12T17:54:35+00:00\",\"dateModified\":\"2025-12-12T17:54:40+00:00\",\"breadcrumb\":{\"@id\":\"https:\/\/paracherkaoui.ma\/index.php\/produit\/manix-skyn-excite-pour-elle-gel-orgasmique-feminin-15ml\/#breadcrumb\"},\"inLanguage\":\"fr-FR\",\"potentialAction\":[{\"@type\":\"ReadAction\",\"target\":[\"https:\/\/paracherkaoui.ma\/index.php\/produit\/manix-skyn-excite-pour-elle-gel-orgasmique-feminin-15ml\/\"]}]},{\"@type\":\"ImageObject\",\"inLanguage\":\"fr-FR\",\"@id\":\"https:\/\/paracherkaoui.ma\/index.php\/produit\/manix-skyn-excite-pour-elle-gel-orgasmique-feminin-15ml\/#primaryimage\",\"url\":\"https:\/\/paracherkaoui.ma\/wp-content\/uploads\/2025\/12\/manix-skyn-excite-pour-elle-gel-orgasmique-feminin-15ml.jpg\",\"contentUrl\":\"https:\/\/paracherkaoui.ma\/wp-content\/uploads\/2025\/12\/manix-skyn-excite-pour-elle-gel-orgasmique-feminin-15ml.jpg\",\"width\":700,\"height\":700},{\"@type\":\"BreadcrumbList\",\"@id\":\"https:\/\/paracherkaoui.ma\/index.php\/produit\/manix-skyn-excite-pour-elle-gel-orgasmique-feminin-15ml\/#breadcrumb\",\"itemListElement\":[{\"@type\":\"ListItem\",\"position\":1,\"name\":\"Accueil\",\"item\":\"https:\/\/paracherkaoui.ma\/\"},{\"@type\":\"ListItem\",\"position\":2,\"name\":\"Boutique\",\"item\":\"https:\/\/paracherkaoui.ma\/index.php\/boutique\/\"},{\"@type\":\"ListItem\",\"position\":3,\"name\":\"MANIX SKYN EXCITE POUR ELLE GEL ORGASMIQUE FEMININ 15ML\"}]},{\"@type\":\"WebSite\",\"@id\":\"https:\/\/paracherkaoui.ma\/#website\",\"url\":\"https:\/\/paracherkaoui.ma\/\",\"name\":\"Paracherkaoui.ma\",\"description\":\"Achetez en ligne sur Paracherkaoui.ma\",\"potentialAction\":[{\"@type\":\"SearchAction\",\"target\":{\"@type\":\"EntryPoint\",\"urlTemplate\":\"https:\/\/paracherkaoui.ma\/?s={search_term_string}\"},\"query-input\":{\"@type\":\"PropertyValueSpecification\",\"valueRequired\":true,\"valueName\":\"search_term_string\"}}],\"inLanguage\":\"fr-FR\"}]}<\/script>\r\n<!-- \/ Yoast SEO plugin. -->","yoast_head_json":{"title":"MANIX SKYN EXCITE POUR ELLE GEL ORGASMIQUE FEMININ 15ML - Paracherkaoui.ma","robots":{"index":"index","follow":"follow","max-snippet":"max-snippet:-1","max-image-preview":"max-image-preview:large","max-video-preview":"max-video-preview:-1"},"canonical":"https:\/\/paracherkaoui.ma\/index.php\/produit\/manix-skyn-excite-pour-elle-gel-orgasmique-feminin-15ml\/","og_locale":"fr_FR","og_type":"article","og_title":"MANIX SKYN EXCITE POUR ELLE GEL ORGASMIQUE FEMININ 15ML - Paracherkaoui.ma","og_description":"Le Manix Skyn Excite pour Elle est bien plus qu&rsquo;un simple gel ; c&rsquo;est un concentr\u00e9 d&rsquo;ingr\u00e9dients de haute qualit\u00e9,","og_url":"https:\/\/paracherkaoui.ma\/index.php\/produit\/manix-skyn-excite-pour-elle-gel-orgasmique-feminin-15ml\/","og_site_name":"Paracherkaoui.ma","article_modified_time":"2025-12-12T17:54:40+00:00","og_image":[{"width":700,"height":700,"url":"https:\/\/paracherkaoui.ma\/wp-content\/uploads\/2025\/12\/manix-skyn-excite-pour-elle-gel-orgasmique-feminin-15ml.jpg","type":"image\/jpeg"}],"twitter_card":"summary_large_image","twitter_misc":{"Dur\u00e9e de lecture estim\u00e9e":"1 minute"},"schema":{"@context":"https:\/\/schema.org","@graph":[{"@type":"WebPage","@id":"https:\/\/paracherkaoui.ma\/index.php\/produit\/manix-skyn-excite-pour-elle-gel-orgasmique-feminin-15ml\/","url":"https:\/\/paracherkaoui.ma\/index.php\/produit\/manix-skyn-excite-pour-elle-gel-orgasmique-feminin-15ml\/","name":"MANIX SKYN EXCITE POUR ELLE GEL ORGASMIQUE FEMININ 15ML - Paracherkaoui.ma","isPartOf":{"@id":"https:\/\/paracherkaoui.ma\/#website"},"primaryImageOfPage":{"@id":"https:\/\/paracherkaoui.ma\/index.php\/produit\/manix-skyn-excite-pour-elle-gel-orgasmique-feminin-15ml\/#primaryimage"},"image":{"@id":"https:\/\/paracherkaoui.ma\/index.php\/produit\/manix-skyn-excite-pour-elle-gel-orgasmique-feminin-15ml\/#primaryimage"},"thumbnailUrl":"https:\/\/paracherkaoui.ma\/wp-content\/uploads\/2025\/12\/manix-skyn-excite-pour-elle-gel-orgasmique-feminin-15ml.jpg","datePublished":"2025-12-12T17:54:35+00:00","dateModified":"2025-12-12T17:54:40+00:00","breadcrumb":{"@id":"https:\/\/paracherkaoui.ma\/index.php\/produit\/manix-skyn-excite-pour-elle-gel-orgasmique-feminin-15ml\/#breadcrumb"},"inLanguage":"fr-FR","potentialAction":[{"@type":"ReadAction","target":["https:\/\/paracherkaoui.ma\/index.php\/produit\/manix-skyn-excite-pour-elle-gel-orgasmique-feminin-15ml\/"]}]},{"@type":"ImageObject","inLanguage":"fr-FR","@id":"https:\/\/paracherkaoui.ma\/index.php\/produit\/manix-skyn-excite-pour-elle-gel-orgasmique-feminin-15ml\/#primaryimage","url":"https:\/\/paracherkaoui.ma\/wp-content\/uploads\/2025\/12\/manix-skyn-excite-pour-elle-gel-orgasmique-feminin-15ml.jpg","contentUrl":"https:\/\/paracherkaoui.ma\/wp-content\/uploads\/2025\/12\/manix-skyn-excite-pour-elle-gel-orgasmique-feminin-15ml.jpg","width":700,"height":700},{"@type":"BreadcrumbList","@id":"https:\/\/paracherkaoui.ma\/index.php\/produit\/manix-skyn-excite-pour-elle-gel-orgasmique-feminin-15ml\/#breadcrumb","itemListElement":[{"@type":"ListItem","position":1,"name":"Accueil","item":"https:\/\/paracherkaoui.ma\/"},{"@type":"ListItem","position":2,"name":"Boutique","item":"https:\/\/paracherkaoui.ma\/index.php\/boutique\/"},{"@type":"ListItem","position":3,"name":"MANIX SKYN EXCITE POUR ELLE GEL ORGASMIQUE FEMININ 15ML"}]},{"@type":"WebSite","@id":"https:\/\/paracherkaoui.ma\/#website","url":"https:\/\/paracherkaoui.ma\/","name":"Paracherkaoui.ma","description":"Achetez en ligne sur Paracherkaoui.ma","potentialAction":[{"@type":"SearchAction","target":{"@type":"EntryPoint","urlTemplate":"https:\/\/paracherkaoui.ma\/?s={search_term_string}"},"query-input":{"@type":"PropertyValueSpecification","valueRequired":true,"valueName":"search_term_string"}}],"inLanguage":"fr-FR"}]}},"_links":{"self":[{"href":"https:\/\/paracherkaoui.ma\/index.php\/wp-json\/wp\/v2\/product\/35681","targetHints":{"allow":["GET"]}}],"collection":[{"href":"https:\/\/paracherkaoui.ma\/index.php\/wp-json\/wp\/v2\/product"}],"about":[{"href":"https:\/\/paracherkaoui.ma\/index.php\/wp-json\/wp\/v2\/types\/product"}],"replies":[{"embeddable":true,"href":"https:\/\/paracherkaoui.ma\/index.php\/wp-json\/wp\/v2\/comments?post=35681"}],"version-history":[{"count":1,"href":"https:\/\/paracherkaoui.ma\/index.php\/wp-json\/wp\/v2\/product\/35681\/revisions"}],"predecessor-version":[{"id":35726,"href":"https:\/\/paracherkaoui.ma\/index.php\/wp-json\/wp\/v2\/product\/35681\/revisions\/35726"}],"wp:featuredmedia":[{"embeddable":true,"href":"https:\/\/paracherkaoui.ma\/index.php\/wp-json\/wp\/v2\/media\/35725"}],"wp:attachment":[{"href":"https:\/\/paracherkaoui.ma\/index.php\/wp-json\/wp\/v2\/media?parent=35681"}],"wp:term":[{"taxonomy":"product_brand","embeddable":true,"href":"https:\/\/paracherkaoui.ma\/index.php\/wp-json\/wp\/v2\/product_brand?post=35681"},{"taxonomy":"product_cat","embeddable":true,"href":"https:\/\/paracherkaoui.ma\/index.php\/wp-json\/wp\/v2\/product_cat?post=35681"},{"taxonomy":"product_tag","embeddable":true,"href":"https:\/\/paracherkaoui.ma\/index.php\/wp-json\/wp\/v2\/product_tag?post=35681"}],"curies":[{"name":"wp","href":"https:\/\/api.w.org\/{rel}","templated":true}]}}