{"id":35680,"date":"2025-12-12T18:54:35","date_gmt":"2025-12-12T17:54:35","guid":{"rendered":"https:\/\/test.ecbeaute.com\/?post_type=product&#038;p=35680"},"modified":"2025-12-12T18:54:40","modified_gmt":"2025-12-12T17:54:40","slug":"manix-skyn-feel-everything-all-night-long-80-ml","status":"publish","type":"product","link":"https:\/\/paracherkaoui.ma\/index.php\/produit\/manix-skyn-feel-everything-all-night-long-80-ml\/","title":{"rendered":"MANIX SKYN FEEL EVERYTHING ALL NIGHT LONG 80 ML"},"content":{"rendered":"<p>Ce gel lubrifiant intime est formul\u00e9 \u00e0 base de silicone. Transparent, sans ar\u00f4me ajout\u00e9 et sans conservateur, il offre un effet longue dur\u00e9e pour un maximum de plaisir lors de vos moments coquins.<br \/>\nIl soulage temporairement la s\u00e9cheresse vaginale et offre une sensation velours tr\u00e8s douce pour la peau.<br \/>\nConseils d\u2019utilisation<br \/>\nPressez la pompe de votre Gel Lubrifiant All Night Manix et appliquez une dose g\u00e9n\u00e9reuse sur les parties \u00e0 lubrifier. Si n\u00e9cessaire, renouveler l&rsquo;op\u00e9ration.<br \/>\nSkin All Night Long n&rsquo;est pas un contraceptif et ne contient pas de spermicide. Il est compatible avec les pr\u00e9servatifs en polyisopr\u00e8ne, ceux en latex de caoutchouc naturel ainsi que ceux en polyur\u00e9thane<\/p>\n","protected":false},"excerpt":{"rendered":"<p>Ce gel lubrifiant intime est formul\u00e9 \u00e0 base de silicone. Transparent, sans ar\u00f4me ajout\u00e9 et sans conservateur, il offre un<\/p>\n","protected":false},"featured_media":35723,"comment_status":"open","ping_status":"closed","template":"","meta":[],"product_brand":[635],"product_cat":[634],"product_tag":[],"class_list":{"0":"post-35680","1":"product","2":"type-product","3":"status-publish","4":"has-post-thumbnail","6":"product_brand-manix","7":"product_cat-gels-et-lubrifiants","9":"first","10":"instock","11":"sale","12":"shipping-taxable","13":"purchasable","14":"product-type-simple"},"yoast_head":"<!-- This site is optimized with the Yoast SEO plugin v26.6 - https:\/\/yoast.com\/wordpress\/plugins\/seo\/ -->\r\n<title>MANIX SKYN FEEL EVERYTHING ALL NIGHT LONG 80 ML - Paracherkaoui.ma<\/title>\r\n<meta name=\"robots\" content=\"index, follow, max-snippet:-1, max-image-preview:large, max-video-preview:-1\" \/>\r\n<link rel=\"canonical\" href=\"https:\/\/paracherkaoui.ma\/index.php\/produit\/manix-skyn-feel-everything-all-night-long-80-ml\/\" \/>\r\n<meta property=\"og:locale\" content=\"fr_FR\" \/>\r\n<meta property=\"og:type\" content=\"article\" \/>\r\n<meta property=\"og:title\" content=\"MANIX SKYN FEEL EVERYTHING ALL NIGHT LONG 80 ML - Paracherkaoui.ma\" \/>\r\n<meta property=\"og:description\" content=\"Ce gel lubrifiant intime est formul\u00e9 \u00e0 base de silicone. Transparent, sans ar\u00f4me ajout\u00e9 et sans conservateur, il offre un\" \/>\r\n<meta property=\"og:url\" content=\"https:\/\/paracherkaoui.ma\/index.php\/produit\/manix-skyn-feel-everything-all-night-long-80-ml\/\" \/>\r\n<meta property=\"og:site_name\" content=\"Paracherkaoui.ma\" \/>\r\n<meta property=\"article:modified_time\" content=\"2025-12-12T17:54:40+00:00\" \/>\r\n<meta property=\"og:image\" content=\"https:\/\/paracherkaoui.ma\/wp-content\/uploads\/2025\/12\/manix-manix-skyn-feel-everything-all-night-long-80-ml-gels-et-lubrifiants.jpg\" \/>\r\n\t<meta property=\"og:image:width\" content=\"700\" \/>\r\n\t<meta property=\"og:image:height\" content=\"700\" \/>\r\n\t<meta property=\"og:image:type\" content=\"image\/jpeg\" \/>\r\n<meta name=\"twitter:card\" content=\"summary_large_image\" \/>\r\n<meta name=\"twitter:label1\" content=\"Dur\u00e9e de lecture estim\u00e9e\" \/>\n\t<meta name=\"twitter:data1\" content=\"1 minute\" \/>\r\n<script type=\"application\/ld+json\" class=\"yoast-schema-graph\">{\"@context\":\"https:\/\/schema.org\",\"@graph\":[{\"@type\":\"WebPage\",\"@id\":\"https:\/\/paracherkaoui.ma\/index.php\/produit\/manix-skyn-feel-everything-all-night-long-80-ml\/\",\"url\":\"https:\/\/paracherkaoui.ma\/index.php\/produit\/manix-skyn-feel-everything-all-night-long-80-ml\/\",\"name\":\"MANIX SKYN FEEL EVERYTHING ALL NIGHT LONG 80 ML - Paracherkaoui.ma\",\"isPartOf\":{\"@id\":\"https:\/\/paracherkaoui.ma\/#website\"},\"primaryImageOfPage\":{\"@id\":\"https:\/\/paracherkaoui.ma\/index.php\/produit\/manix-skyn-feel-everything-all-night-long-80-ml\/#primaryimage\"},\"image\":{\"@id\":\"https:\/\/paracherkaoui.ma\/index.php\/produit\/manix-skyn-feel-everything-all-night-long-80-ml\/#primaryimage\"},\"thumbnailUrl\":\"https:\/\/paracherkaoui.ma\/wp-content\/uploads\/2025\/12\/manix-manix-skyn-feel-everything-all-night-long-80-ml-gels-et-lubrifiants.jpg\",\"datePublished\":\"2025-12-12T17:54:35+00:00\",\"dateModified\":\"2025-12-12T17:54:40+00:00\",\"breadcrumb\":{\"@id\":\"https:\/\/paracherkaoui.ma\/index.php\/produit\/manix-skyn-feel-everything-all-night-long-80-ml\/#breadcrumb\"},\"inLanguage\":\"fr-FR\",\"potentialAction\":[{\"@type\":\"ReadAction\",\"target\":[\"https:\/\/paracherkaoui.ma\/index.php\/produit\/manix-skyn-feel-everything-all-night-long-80-ml\/\"]}]},{\"@type\":\"ImageObject\",\"inLanguage\":\"fr-FR\",\"@id\":\"https:\/\/paracherkaoui.ma\/index.php\/produit\/manix-skyn-feel-everything-all-night-long-80-ml\/#primaryimage\",\"url\":\"https:\/\/paracherkaoui.ma\/wp-content\/uploads\/2025\/12\/manix-manix-skyn-feel-everything-all-night-long-80-ml-gels-et-lubrifiants.jpg\",\"contentUrl\":\"https:\/\/paracherkaoui.ma\/wp-content\/uploads\/2025\/12\/manix-manix-skyn-feel-everything-all-night-long-80-ml-gels-et-lubrifiants.jpg\",\"width\":700,\"height\":700},{\"@type\":\"BreadcrumbList\",\"@id\":\"https:\/\/paracherkaoui.ma\/index.php\/produit\/manix-skyn-feel-everything-all-night-long-80-ml\/#breadcrumb\",\"itemListElement\":[{\"@type\":\"ListItem\",\"position\":1,\"name\":\"Accueil\",\"item\":\"https:\/\/paracherkaoui.ma\/\"},{\"@type\":\"ListItem\",\"position\":2,\"name\":\"Boutique\",\"item\":\"https:\/\/paracherkaoui.ma\/index.php\/boutique\/\"},{\"@type\":\"ListItem\",\"position\":3,\"name\":\"MANIX SKYN FEEL EVERYTHING ALL NIGHT LONG 80 ML\"}]},{\"@type\":\"WebSite\",\"@id\":\"https:\/\/paracherkaoui.ma\/#website\",\"url\":\"https:\/\/paracherkaoui.ma\/\",\"name\":\"Paracherkaoui.ma\",\"description\":\"Achetez en ligne sur Paracherkaoui.ma\",\"potentialAction\":[{\"@type\":\"SearchAction\",\"target\":{\"@type\":\"EntryPoint\",\"urlTemplate\":\"https:\/\/paracherkaoui.ma\/?s={search_term_string}\"},\"query-input\":{\"@type\":\"PropertyValueSpecification\",\"valueRequired\":true,\"valueName\":\"search_term_string\"}}],\"inLanguage\":\"fr-FR\"}]}<\/script>\r\n<!-- \/ Yoast SEO plugin. -->","yoast_head_json":{"title":"MANIX SKYN FEEL EVERYTHING ALL NIGHT LONG 80 ML - Paracherkaoui.ma","robots":{"index":"index","follow":"follow","max-snippet":"max-snippet:-1","max-image-preview":"max-image-preview:large","max-video-preview":"max-video-preview:-1"},"canonical":"https:\/\/paracherkaoui.ma\/index.php\/produit\/manix-skyn-feel-everything-all-night-long-80-ml\/","og_locale":"fr_FR","og_type":"article","og_title":"MANIX SKYN FEEL EVERYTHING ALL NIGHT LONG 80 ML - Paracherkaoui.ma","og_description":"Ce gel lubrifiant intime est formul\u00e9 \u00e0 base de silicone. Transparent, sans ar\u00f4me ajout\u00e9 et sans conservateur, il offre un","og_url":"https:\/\/paracherkaoui.ma\/index.php\/produit\/manix-skyn-feel-everything-all-night-long-80-ml\/","og_site_name":"Paracherkaoui.ma","article_modified_time":"2025-12-12T17:54:40+00:00","og_image":[{"width":700,"height":700,"url":"https:\/\/paracherkaoui.ma\/wp-content\/uploads\/2025\/12\/manix-manix-skyn-feel-everything-all-night-long-80-ml-gels-et-lubrifiants.jpg","type":"image\/jpeg"}],"twitter_card":"summary_large_image","twitter_misc":{"Dur\u00e9e de lecture estim\u00e9e":"1 minute"},"schema":{"@context":"https:\/\/schema.org","@graph":[{"@type":"WebPage","@id":"https:\/\/paracherkaoui.ma\/index.php\/produit\/manix-skyn-feel-everything-all-night-long-80-ml\/","url":"https:\/\/paracherkaoui.ma\/index.php\/produit\/manix-skyn-feel-everything-all-night-long-80-ml\/","name":"MANIX SKYN FEEL EVERYTHING ALL NIGHT LONG 80 ML - Paracherkaoui.ma","isPartOf":{"@id":"https:\/\/paracherkaoui.ma\/#website"},"primaryImageOfPage":{"@id":"https:\/\/paracherkaoui.ma\/index.php\/produit\/manix-skyn-feel-everything-all-night-long-80-ml\/#primaryimage"},"image":{"@id":"https:\/\/paracherkaoui.ma\/index.php\/produit\/manix-skyn-feel-everything-all-night-long-80-ml\/#primaryimage"},"thumbnailUrl":"https:\/\/paracherkaoui.ma\/wp-content\/uploads\/2025\/12\/manix-manix-skyn-feel-everything-all-night-long-80-ml-gels-et-lubrifiants.jpg","datePublished":"2025-12-12T17:54:35+00:00","dateModified":"2025-12-12T17:54:40+00:00","breadcrumb":{"@id":"https:\/\/paracherkaoui.ma\/index.php\/produit\/manix-skyn-feel-everything-all-night-long-80-ml\/#breadcrumb"},"inLanguage":"fr-FR","potentialAction":[{"@type":"ReadAction","target":["https:\/\/paracherkaoui.ma\/index.php\/produit\/manix-skyn-feel-everything-all-night-long-80-ml\/"]}]},{"@type":"ImageObject","inLanguage":"fr-FR","@id":"https:\/\/paracherkaoui.ma\/index.php\/produit\/manix-skyn-feel-everything-all-night-long-80-ml\/#primaryimage","url":"https:\/\/paracherkaoui.ma\/wp-content\/uploads\/2025\/12\/manix-manix-skyn-feel-everything-all-night-long-80-ml-gels-et-lubrifiants.jpg","contentUrl":"https:\/\/paracherkaoui.ma\/wp-content\/uploads\/2025\/12\/manix-manix-skyn-feel-everything-all-night-long-80-ml-gels-et-lubrifiants.jpg","width":700,"height":700},{"@type":"BreadcrumbList","@id":"https:\/\/paracherkaoui.ma\/index.php\/produit\/manix-skyn-feel-everything-all-night-long-80-ml\/#breadcrumb","itemListElement":[{"@type":"ListItem","position":1,"name":"Accueil","item":"https:\/\/paracherkaoui.ma\/"},{"@type":"ListItem","position":2,"name":"Boutique","item":"https:\/\/paracherkaoui.ma\/index.php\/boutique\/"},{"@type":"ListItem","position":3,"name":"MANIX SKYN FEEL EVERYTHING ALL NIGHT LONG 80 ML"}]},{"@type":"WebSite","@id":"https:\/\/paracherkaoui.ma\/#website","url":"https:\/\/paracherkaoui.ma\/","name":"Paracherkaoui.ma","description":"Achetez en ligne sur Paracherkaoui.ma","potentialAction":[{"@type":"SearchAction","target":{"@type":"EntryPoint","urlTemplate":"https:\/\/paracherkaoui.ma\/?s={search_term_string}"},"query-input":{"@type":"PropertyValueSpecification","valueRequired":true,"valueName":"search_term_string"}}],"inLanguage":"fr-FR"}]}},"_links":{"self":[{"href":"https:\/\/paracherkaoui.ma\/index.php\/wp-json\/wp\/v2\/product\/35680","targetHints":{"allow":["GET"]}}],"collection":[{"href":"https:\/\/paracherkaoui.ma\/index.php\/wp-json\/wp\/v2\/product"}],"about":[{"href":"https:\/\/paracherkaoui.ma\/index.php\/wp-json\/wp\/v2\/types\/product"}],"replies":[{"embeddable":true,"href":"https:\/\/paracherkaoui.ma\/index.php\/wp-json\/wp\/v2\/comments?post=35680"}],"version-history":[{"count":1,"href":"https:\/\/paracherkaoui.ma\/index.php\/wp-json\/wp\/v2\/product\/35680\/revisions"}],"predecessor-version":[{"id":35724,"href":"https:\/\/paracherkaoui.ma\/index.php\/wp-json\/wp\/v2\/product\/35680\/revisions\/35724"}],"wp:featuredmedia":[{"embeddable":true,"href":"https:\/\/paracherkaoui.ma\/index.php\/wp-json\/wp\/v2\/media\/35723"}],"wp:attachment":[{"href":"https:\/\/paracherkaoui.ma\/index.php\/wp-json\/wp\/v2\/media?parent=35680"}],"wp:term":[{"taxonomy":"product_brand","embeddable":true,"href":"https:\/\/paracherkaoui.ma\/index.php\/wp-json\/wp\/v2\/product_brand?post=35680"},{"taxonomy":"product_cat","embeddable":true,"href":"https:\/\/paracherkaoui.ma\/index.php\/wp-json\/wp\/v2\/product_cat?post=35680"},{"taxonomy":"product_tag","embeddable":true,"href":"https:\/\/paracherkaoui.ma\/index.php\/wp-json\/wp\/v2\/product_tag?post=35680"}],"curies":[{"name":"wp","href":"https:\/\/api.w.org\/{rel}","templated":true}]}}