{"id":35669,"date":"2025-12-12T18:54:34","date_gmt":"2025-12-12T17:54:34","guid":{"rendered":"https:\/\/test.ecbeaute.com\/?post_type=product&#038;p=35669"},"modified":"2025-12-12T18:54:37","modified_gmt":"2025-12-12T17:54:37","slug":"manix-gel-lubrifiant-douceur-extreme-a-la-fraise-80-ml","status":"publish","type":"product","link":"https:\/\/paracherkaoui.ma\/index.php\/produit\/manix-gel-lubrifiant-douceur-extreme-a-la-fraise-80-ml\/","title":{"rendered":"MANIX GEL LUBRIFIANT DOUCEUR EXTREME A LA FRAISE 80 ML"},"content":{"rendered":"<p>Manix Gel Lubrifiant \u00e0 la fraise (80 ml)<\/p>\n<p>Manix Gel Lubrifiant \u00e0 la Fraise : le charme d\u2019un lubrifiant, la d\u00e9licatesse de la fraise<br \/>\nPoints forts<br \/>\n&#8211; Gel lubrifiant comestible go\u00fbt fraise<br \/>\n&#8211; Texture non grasse \u00e0 base d\u2019eau ; ne colle pas<br \/>\n&#8211; Incolore et inodore<br \/>\n&#8211; Enrichi \u00e0 l\u2019aloe vera et vitamine E<br \/>\n&#8211; Gel compatible avec l\u2019utilisation des pr\u00e9servatifs<\/p>\n<p>L\u2019application du gel lubrifiant est facile et simple. Gr\u00e2ce \u00e0 la pompe du flacon, la manipulation du faclon \u00e9vite de marquer une pause dans la relation sexuelle. Le gel lubrifiant Manix \u00e0 la fraise est recommand\u00e9 durant les pr\u00e9liminaires pour faciliter la p\u00e9n\u00e9tration. On aime son go\u00fbt et son odeur fraise tr\u00e8s agr\u00e9able. Ce lubrifiant est pratique pour une p\u00e9n\u00e9tration vaginale et une p\u00e9n\u00e9tration anale.<\/p>\n<p>CONSEIL D&rsquo;UTILISATION:<\/p>\n<p>-Placez une petite noisette de gel sur le bout de vos doigts et appliquez-la sur les zones intimes \u00e0 lubrifier (p\u00e9nis, vagin, ou anus).<br \/>\n-Inutile d\u2019en mettre plus, car son pouvoir lubrifiant s\u2019active rapidement au contact de la peau, et s\u2019\u00e9tale tr\u00e8s facilement.<\/p>\n","protected":false},"excerpt":{"rendered":"<p>Manix Gel Lubrifiant \u00e0 la fraise (80 ml) Manix Gel Lubrifiant \u00e0 la Fraise : le charme d\u2019un lubrifiant, la<\/p>\n","protected":false},"featured_media":35701,"comment_status":"open","ping_status":"closed","template":"","meta":[],"product_brand":[635],"product_cat":[634],"product_tag":[],"class_list":{"0":"post-35669","1":"product","2":"type-product","3":"status-publish","4":"has-post-thumbnail","6":"product_brand-manix","7":"product_cat-gels-et-lubrifiants","9":"first","10":"instock","11":"sale","12":"shipping-taxable","13":"purchasable","14":"product-type-simple"},"yoast_head":"<!-- This site is optimized with the Yoast SEO plugin v26.6 - https:\/\/yoast.com\/wordpress\/plugins\/seo\/ -->\r\n<title>MANIX GEL LUBRIFIANT DOUCEUR EXTREME A LA FRAISE 80 ML - Paracherkaoui.ma<\/title>\r\n<meta name=\"robots\" content=\"index, follow, max-snippet:-1, max-image-preview:large, max-video-preview:-1\" \/>\r\n<link rel=\"canonical\" href=\"https:\/\/paracherkaoui.ma\/index.php\/produit\/manix-gel-lubrifiant-douceur-extreme-a-la-fraise-80-ml\/\" \/>\r\n<meta property=\"og:locale\" content=\"fr_FR\" \/>\r\n<meta property=\"og:type\" content=\"article\" \/>\r\n<meta property=\"og:title\" content=\"MANIX GEL LUBRIFIANT DOUCEUR EXTREME A LA FRAISE 80 ML - Paracherkaoui.ma\" \/>\r\n<meta property=\"og:description\" content=\"Manix Gel Lubrifiant \u00e0 la fraise (80 ml) Manix Gel Lubrifiant \u00e0 la Fraise : le charme d\u2019un lubrifiant, la\" \/>\r\n<meta property=\"og:url\" content=\"https:\/\/paracherkaoui.ma\/index.php\/produit\/manix-gel-lubrifiant-douceur-extreme-a-la-fraise-80-ml\/\" \/>\r\n<meta property=\"og:site_name\" content=\"Paracherkaoui.ma\" \/>\r\n<meta property=\"article:modified_time\" content=\"2025-12-12T17:54:37+00:00\" \/>\r\n<meta property=\"og:image\" content=\"https:\/\/paracherkaoui.ma\/wp-content\/uploads\/2025\/12\/manix-manix-gel-lubrifiant-douceur-extreme-a-la-fraise-80-ml-gels-et-lubrifiants.jpg\" \/>\r\n\t<meta property=\"og:image:width\" content=\"700\" \/>\r\n\t<meta property=\"og:image:height\" content=\"700\" \/>\r\n\t<meta property=\"og:image:type\" content=\"image\/jpeg\" \/>\r\n<meta name=\"twitter:card\" content=\"summary_large_image\" \/>\r\n<meta name=\"twitter:label1\" content=\"Dur\u00e9e de lecture estim\u00e9e\" \/>\n\t<meta name=\"twitter:data1\" content=\"1 minute\" \/>\r\n<script type=\"application\/ld+json\" class=\"yoast-schema-graph\">{\"@context\":\"https:\/\/schema.org\",\"@graph\":[{\"@type\":\"WebPage\",\"@id\":\"https:\/\/paracherkaoui.ma\/index.php\/produit\/manix-gel-lubrifiant-douceur-extreme-a-la-fraise-80-ml\/\",\"url\":\"https:\/\/paracherkaoui.ma\/index.php\/produit\/manix-gel-lubrifiant-douceur-extreme-a-la-fraise-80-ml\/\",\"name\":\"MANIX GEL LUBRIFIANT DOUCEUR EXTREME A LA FRAISE 80 ML - Paracherkaoui.ma\",\"isPartOf\":{\"@id\":\"https:\/\/paracherkaoui.ma\/#website\"},\"primaryImageOfPage\":{\"@id\":\"https:\/\/paracherkaoui.ma\/index.php\/produit\/manix-gel-lubrifiant-douceur-extreme-a-la-fraise-80-ml\/#primaryimage\"},\"image\":{\"@id\":\"https:\/\/paracherkaoui.ma\/index.php\/produit\/manix-gel-lubrifiant-douceur-extreme-a-la-fraise-80-ml\/#primaryimage\"},\"thumbnailUrl\":\"https:\/\/paracherkaoui.ma\/wp-content\/uploads\/2025\/12\/manix-manix-gel-lubrifiant-douceur-extreme-a-la-fraise-80-ml-gels-et-lubrifiants.jpg\",\"datePublished\":\"2025-12-12T17:54:34+00:00\",\"dateModified\":\"2025-12-12T17:54:37+00:00\",\"breadcrumb\":{\"@id\":\"https:\/\/paracherkaoui.ma\/index.php\/produit\/manix-gel-lubrifiant-douceur-extreme-a-la-fraise-80-ml\/#breadcrumb\"},\"inLanguage\":\"fr-FR\",\"potentialAction\":[{\"@type\":\"ReadAction\",\"target\":[\"https:\/\/paracherkaoui.ma\/index.php\/produit\/manix-gel-lubrifiant-douceur-extreme-a-la-fraise-80-ml\/\"]}]},{\"@type\":\"ImageObject\",\"inLanguage\":\"fr-FR\",\"@id\":\"https:\/\/paracherkaoui.ma\/index.php\/produit\/manix-gel-lubrifiant-douceur-extreme-a-la-fraise-80-ml\/#primaryimage\",\"url\":\"https:\/\/paracherkaoui.ma\/wp-content\/uploads\/2025\/12\/manix-manix-gel-lubrifiant-douceur-extreme-a-la-fraise-80-ml-gels-et-lubrifiants.jpg\",\"contentUrl\":\"https:\/\/paracherkaoui.ma\/wp-content\/uploads\/2025\/12\/manix-manix-gel-lubrifiant-douceur-extreme-a-la-fraise-80-ml-gels-et-lubrifiants.jpg\",\"width\":700,\"height\":700},{\"@type\":\"BreadcrumbList\",\"@id\":\"https:\/\/paracherkaoui.ma\/index.php\/produit\/manix-gel-lubrifiant-douceur-extreme-a-la-fraise-80-ml\/#breadcrumb\",\"itemListElement\":[{\"@type\":\"ListItem\",\"position\":1,\"name\":\"Accueil\",\"item\":\"https:\/\/paracherkaoui.ma\/\"},{\"@type\":\"ListItem\",\"position\":2,\"name\":\"Boutique\",\"item\":\"https:\/\/paracherkaoui.ma\/index.php\/boutique\/\"},{\"@type\":\"ListItem\",\"position\":3,\"name\":\"MANIX GEL LUBRIFIANT DOUCEUR EXTREME A LA FRAISE 80 ML\"}]},{\"@type\":\"WebSite\",\"@id\":\"https:\/\/paracherkaoui.ma\/#website\",\"url\":\"https:\/\/paracherkaoui.ma\/\",\"name\":\"Paracherkaoui.ma\",\"description\":\"Achetez en ligne sur Paracherkaoui.ma\",\"potentialAction\":[{\"@type\":\"SearchAction\",\"target\":{\"@type\":\"EntryPoint\",\"urlTemplate\":\"https:\/\/paracherkaoui.ma\/?s={search_term_string}\"},\"query-input\":{\"@type\":\"PropertyValueSpecification\",\"valueRequired\":true,\"valueName\":\"search_term_string\"}}],\"inLanguage\":\"fr-FR\"}]}<\/script>\r\n<!-- \/ Yoast SEO plugin. -->","yoast_head_json":{"title":"MANIX GEL LUBRIFIANT DOUCEUR EXTREME A LA FRAISE 80 ML - Paracherkaoui.ma","robots":{"index":"index","follow":"follow","max-snippet":"max-snippet:-1","max-image-preview":"max-image-preview:large","max-video-preview":"max-video-preview:-1"},"canonical":"https:\/\/paracherkaoui.ma\/index.php\/produit\/manix-gel-lubrifiant-douceur-extreme-a-la-fraise-80-ml\/","og_locale":"fr_FR","og_type":"article","og_title":"MANIX GEL LUBRIFIANT DOUCEUR EXTREME A LA FRAISE 80 ML - Paracherkaoui.ma","og_description":"Manix Gel Lubrifiant \u00e0 la fraise (80 ml) Manix Gel Lubrifiant \u00e0 la Fraise : le charme d\u2019un lubrifiant, la","og_url":"https:\/\/paracherkaoui.ma\/index.php\/produit\/manix-gel-lubrifiant-douceur-extreme-a-la-fraise-80-ml\/","og_site_name":"Paracherkaoui.ma","article_modified_time":"2025-12-12T17:54:37+00:00","og_image":[{"width":700,"height":700,"url":"https:\/\/paracherkaoui.ma\/wp-content\/uploads\/2025\/12\/manix-manix-gel-lubrifiant-douceur-extreme-a-la-fraise-80-ml-gels-et-lubrifiants.jpg","type":"image\/jpeg"}],"twitter_card":"summary_large_image","twitter_misc":{"Dur\u00e9e de lecture estim\u00e9e":"1 minute"},"schema":{"@context":"https:\/\/schema.org","@graph":[{"@type":"WebPage","@id":"https:\/\/paracherkaoui.ma\/index.php\/produit\/manix-gel-lubrifiant-douceur-extreme-a-la-fraise-80-ml\/","url":"https:\/\/paracherkaoui.ma\/index.php\/produit\/manix-gel-lubrifiant-douceur-extreme-a-la-fraise-80-ml\/","name":"MANIX GEL LUBRIFIANT DOUCEUR EXTREME A LA FRAISE 80 ML - Paracherkaoui.ma","isPartOf":{"@id":"https:\/\/paracherkaoui.ma\/#website"},"primaryImageOfPage":{"@id":"https:\/\/paracherkaoui.ma\/index.php\/produit\/manix-gel-lubrifiant-douceur-extreme-a-la-fraise-80-ml\/#primaryimage"},"image":{"@id":"https:\/\/paracherkaoui.ma\/index.php\/produit\/manix-gel-lubrifiant-douceur-extreme-a-la-fraise-80-ml\/#primaryimage"},"thumbnailUrl":"https:\/\/paracherkaoui.ma\/wp-content\/uploads\/2025\/12\/manix-manix-gel-lubrifiant-douceur-extreme-a-la-fraise-80-ml-gels-et-lubrifiants.jpg","datePublished":"2025-12-12T17:54:34+00:00","dateModified":"2025-12-12T17:54:37+00:00","breadcrumb":{"@id":"https:\/\/paracherkaoui.ma\/index.php\/produit\/manix-gel-lubrifiant-douceur-extreme-a-la-fraise-80-ml\/#breadcrumb"},"inLanguage":"fr-FR","potentialAction":[{"@type":"ReadAction","target":["https:\/\/paracherkaoui.ma\/index.php\/produit\/manix-gel-lubrifiant-douceur-extreme-a-la-fraise-80-ml\/"]}]},{"@type":"ImageObject","inLanguage":"fr-FR","@id":"https:\/\/paracherkaoui.ma\/index.php\/produit\/manix-gel-lubrifiant-douceur-extreme-a-la-fraise-80-ml\/#primaryimage","url":"https:\/\/paracherkaoui.ma\/wp-content\/uploads\/2025\/12\/manix-manix-gel-lubrifiant-douceur-extreme-a-la-fraise-80-ml-gels-et-lubrifiants.jpg","contentUrl":"https:\/\/paracherkaoui.ma\/wp-content\/uploads\/2025\/12\/manix-manix-gel-lubrifiant-douceur-extreme-a-la-fraise-80-ml-gels-et-lubrifiants.jpg","width":700,"height":700},{"@type":"BreadcrumbList","@id":"https:\/\/paracherkaoui.ma\/index.php\/produit\/manix-gel-lubrifiant-douceur-extreme-a-la-fraise-80-ml\/#breadcrumb","itemListElement":[{"@type":"ListItem","position":1,"name":"Accueil","item":"https:\/\/paracherkaoui.ma\/"},{"@type":"ListItem","position":2,"name":"Boutique","item":"https:\/\/paracherkaoui.ma\/index.php\/boutique\/"},{"@type":"ListItem","position":3,"name":"MANIX GEL LUBRIFIANT DOUCEUR EXTREME A LA FRAISE 80 ML"}]},{"@type":"WebSite","@id":"https:\/\/paracherkaoui.ma\/#website","url":"https:\/\/paracherkaoui.ma\/","name":"Paracherkaoui.ma","description":"Achetez en ligne sur Paracherkaoui.ma","potentialAction":[{"@type":"SearchAction","target":{"@type":"EntryPoint","urlTemplate":"https:\/\/paracherkaoui.ma\/?s={search_term_string}"},"query-input":{"@type":"PropertyValueSpecification","valueRequired":true,"valueName":"search_term_string"}}],"inLanguage":"fr-FR"}]}},"_links":{"self":[{"href":"https:\/\/paracherkaoui.ma\/index.php\/wp-json\/wp\/v2\/product\/35669","targetHints":{"allow":["GET"]}}],"collection":[{"href":"https:\/\/paracherkaoui.ma\/index.php\/wp-json\/wp\/v2\/product"}],"about":[{"href":"https:\/\/paracherkaoui.ma\/index.php\/wp-json\/wp\/v2\/types\/product"}],"replies":[{"embeddable":true,"href":"https:\/\/paracherkaoui.ma\/index.php\/wp-json\/wp\/v2\/comments?post=35669"}],"version-history":[{"count":1,"href":"https:\/\/paracherkaoui.ma\/index.php\/wp-json\/wp\/v2\/product\/35669\/revisions"}],"predecessor-version":[{"id":35702,"href":"https:\/\/paracherkaoui.ma\/index.php\/wp-json\/wp\/v2\/product\/35669\/revisions\/35702"}],"wp:featuredmedia":[{"embeddable":true,"href":"https:\/\/paracherkaoui.ma\/index.php\/wp-json\/wp\/v2\/media\/35701"}],"wp:attachment":[{"href":"https:\/\/paracherkaoui.ma\/index.php\/wp-json\/wp\/v2\/media?parent=35669"}],"wp:term":[{"taxonomy":"product_brand","embeddable":true,"href":"https:\/\/paracherkaoui.ma\/index.php\/wp-json\/wp\/v2\/product_brand?post=35669"},{"taxonomy":"product_cat","embeddable":true,"href":"https:\/\/paracherkaoui.ma\/index.php\/wp-json\/wp\/v2\/product_cat?post=35669"},{"taxonomy":"product_tag","embeddable":true,"href":"https:\/\/paracherkaoui.ma\/index.php\/wp-json\/wp\/v2\/product_tag?post=35669"}],"curies":[{"name":"wp","href":"https:\/\/api.w.org\/{rel}","templated":true}]}}