{"id":35609,"date":"2025-12-12T18:54:25","date_gmt":"2025-12-12T17:54:25","guid":{"rendered":"https:\/\/test.ecbeaute.com\/?post_type=product&#038;p=35609"},"modified":"2025-12-12T18:54:33","modified_gmt":"2025-12-12T17:54:33","slug":"neutraderm-creme-douche-200ml","status":"publish","type":"product","link":"https:\/\/paracherkaoui.ma\/index.php\/produit\/neutraderm-creme-douche-200ml\/","title":{"rendered":"Neutraderm creme douche 200ml"},"content":{"rendered":"<p>La\u00a0Cr\u00e8me de Douche Relipidante Visage et Corps\u00a0Relipid +\u00a0est une INNOVATION\u00a0DERMATOLOGIQUE\u00a0anti-s\u00e9cheresse s\u00e9v\u00e8re,\u00a0anti-d\u00e9mangeaisons,\u00a0anti-irritations\u00a0prenant soin de toute la\u00a0famille\u00a0et du\u00a0nourrisson\u00a0d\u00e8s la naissance avec un nettoyant hautement hydratant, nourrissant \u00e0 la tol\u00e9rance maximalis\u00e9e issu de la gamme Neutraderm, fruit de 10 ans de recherche.<br \/>\nAvec ses nombreux agents surgras, la\u00a0cr\u00e8me de douche Relipid+ Neutraderm\u00a0assure une relipidation profonde de l&rsquo;\u00e9piderme dans le but de booster le m\u00e9tabolisme cellulaire et favoriser la synth\u00e8se du collag\u00e8ne. Cette action a deux avantages, le premier de redonner \u00e0 la peau une tr\u00e8s\u00a0bonne hydratation\u00a0et le second d&rsquo;optimiser le renouvellement des cellules\u00a0tissulaires.<br \/>\nL&rsquo;\u00e9piderme retrouve ainsi sa souplesse et son confort, soulag\u00e9 des\u00a0d\u00e9mangeaisons\u00a0et des\u00a0irritations. Par ailleurs, les lipides contenus dans cette\u00a0cr\u00e8me de douche Neutraderm\u00a0consolide la barri\u00e8re hydrolipidique de la peau, v\u00e9ritable bouclier naturel contre le dess\u00e8chement et les allergies.<br \/>\nConseills d&rsquo;utilisation:<br \/>\nappliquer la cr\u00e8me de douche sur une peau mouill\u00e9e, masser puis rincer. Pour une efficacit\u00e9 optimale, compl\u00e9ter la cr\u00e8me de douche en nourrissant visage et corps avec le\u00a0Baume Relipidant Relipid +\u00a0de la marque.<\/p>\n","protected":false},"excerpt":{"rendered":"<p>La\u00a0Cr\u00e8me de Douche Relipidante Visage et Corps\u00a0Relipid +\u00a0est une INNOVATION\u00a0DERMATOLOGIQUE\u00a0anti-s\u00e9cheresse s\u00e9v\u00e8re,\u00a0anti-d\u00e9mangeaisons,\u00a0anti-irritations\u00a0prenant soin de toute la\u00a0famille\u00a0et du\u00a0nourrisson\u00a0d\u00e8s la naissance avec un<\/p>\n","protected":false},"featured_media":35661,"comment_status":"open","ping_status":"closed","template":"","meta":[],"product_brand":[325],"product_cat":[631],"product_tag":[],"class_list":{"0":"post-35609","1":"product","2":"type-product","3":"status-publish","4":"has-post-thumbnail","6":"product_brand-neutraderm","7":"product_cat-gels-et-huiles-lavants","9":"first","10":"instock","11":"sale","12":"shipping-taxable","13":"purchasable","14":"product-type-simple"},"yoast_head":"<!-- This site is optimized with the Yoast SEO plugin v26.6 - https:\/\/yoast.com\/wordpress\/plugins\/seo\/ -->\r\n<title>Neutraderm creme douche 200ml - Paracherkaoui.ma<\/title>\r\n<meta name=\"robots\" content=\"index, follow, max-snippet:-1, max-image-preview:large, max-video-preview:-1\" \/>\r\n<link rel=\"canonical\" href=\"https:\/\/paracherkaoui.ma\/index.php\/produit\/neutraderm-creme-douche-200ml\/\" \/>\r\n<meta property=\"og:locale\" content=\"fr_FR\" \/>\r\n<meta property=\"og:type\" content=\"article\" \/>\r\n<meta property=\"og:title\" content=\"Neutraderm creme douche 200ml - Paracherkaoui.ma\" \/>\r\n<meta property=\"og:description\" content=\"La\u00a0Cr\u00e8me de Douche Relipidante Visage et Corps\u00a0Relipid +\u00a0est une INNOVATION\u00a0DERMATOLOGIQUE\u00a0anti-s\u00e9cheresse s\u00e9v\u00e8re,\u00a0anti-d\u00e9mangeaisons,\u00a0anti-irritations\u00a0prenant soin de toute la\u00a0famille\u00a0et du\u00a0nourrisson\u00a0d\u00e8s la naissance avec un\" \/>\r\n<meta property=\"og:url\" content=\"https:\/\/paracherkaoui.ma\/index.php\/produit\/neutraderm-creme-douche-200ml\/\" \/>\r\n<meta property=\"og:site_name\" content=\"Paracherkaoui.ma\" \/>\r\n<meta property=\"article:modified_time\" content=\"2025-12-12T17:54:33+00:00\" \/>\r\n<meta property=\"og:image\" content=\"https:\/\/paracherkaoui.ma\/wp-content\/uploads\/2025\/12\/neutraderm-neutraderm-creme-douche-200ml-gels-et-huiles-lavants.jpg\" \/>\r\n\t<meta property=\"og:image:width\" content=\"700\" \/>\r\n\t<meta property=\"og:image:height\" content=\"700\" \/>\r\n\t<meta property=\"og:image:type\" content=\"image\/jpeg\" \/>\r\n<meta name=\"twitter:card\" content=\"summary_large_image\" \/>\r\n<meta name=\"twitter:label1\" content=\"Dur\u00e9e de lecture estim\u00e9e\" \/>\n\t<meta name=\"twitter:data1\" content=\"1 minute\" \/>\r\n<script type=\"application\/ld+json\" class=\"yoast-schema-graph\">{\"@context\":\"https:\/\/schema.org\",\"@graph\":[{\"@type\":\"WebPage\",\"@id\":\"https:\/\/paracherkaoui.ma\/index.php\/produit\/neutraderm-creme-douche-200ml\/\",\"url\":\"https:\/\/paracherkaoui.ma\/index.php\/produit\/neutraderm-creme-douche-200ml\/\",\"name\":\"Neutraderm creme douche 200ml - Paracherkaoui.ma\",\"isPartOf\":{\"@id\":\"https:\/\/paracherkaoui.ma\/#website\"},\"primaryImageOfPage\":{\"@id\":\"https:\/\/paracherkaoui.ma\/index.php\/produit\/neutraderm-creme-douche-200ml\/#primaryimage\"},\"image\":{\"@id\":\"https:\/\/paracherkaoui.ma\/index.php\/produit\/neutraderm-creme-douche-200ml\/#primaryimage\"},\"thumbnailUrl\":\"https:\/\/paracherkaoui.ma\/wp-content\/uploads\/2025\/12\/neutraderm-neutraderm-creme-douche-200ml-gels-et-huiles-lavants.jpg\",\"datePublished\":\"2025-12-12T17:54:25+00:00\",\"dateModified\":\"2025-12-12T17:54:33+00:00\",\"breadcrumb\":{\"@id\":\"https:\/\/paracherkaoui.ma\/index.php\/produit\/neutraderm-creme-douche-200ml\/#breadcrumb\"},\"inLanguage\":\"fr-FR\",\"potentialAction\":[{\"@type\":\"ReadAction\",\"target\":[\"https:\/\/paracherkaoui.ma\/index.php\/produit\/neutraderm-creme-douche-200ml\/\"]}]},{\"@type\":\"ImageObject\",\"inLanguage\":\"fr-FR\",\"@id\":\"https:\/\/paracherkaoui.ma\/index.php\/produit\/neutraderm-creme-douche-200ml\/#primaryimage\",\"url\":\"https:\/\/paracherkaoui.ma\/wp-content\/uploads\/2025\/12\/neutraderm-neutraderm-creme-douche-200ml-gels-et-huiles-lavants.jpg\",\"contentUrl\":\"https:\/\/paracherkaoui.ma\/wp-content\/uploads\/2025\/12\/neutraderm-neutraderm-creme-douche-200ml-gels-et-huiles-lavants.jpg\",\"width\":700,\"height\":700},{\"@type\":\"BreadcrumbList\",\"@id\":\"https:\/\/paracherkaoui.ma\/index.php\/produit\/neutraderm-creme-douche-200ml\/#breadcrumb\",\"itemListElement\":[{\"@type\":\"ListItem\",\"position\":1,\"name\":\"Accueil\",\"item\":\"https:\/\/paracherkaoui.ma\/\"},{\"@type\":\"ListItem\",\"position\":2,\"name\":\"Boutique\",\"item\":\"https:\/\/paracherkaoui.ma\/index.php\/boutique\/\"},{\"@type\":\"ListItem\",\"position\":3,\"name\":\"Neutraderm creme douche 200ml\"}]},{\"@type\":\"WebSite\",\"@id\":\"https:\/\/paracherkaoui.ma\/#website\",\"url\":\"https:\/\/paracherkaoui.ma\/\",\"name\":\"Paracherkaoui.ma\",\"description\":\"Achetez en ligne sur Paracherkaoui.ma\",\"potentialAction\":[{\"@type\":\"SearchAction\",\"target\":{\"@type\":\"EntryPoint\",\"urlTemplate\":\"https:\/\/paracherkaoui.ma\/?s={search_term_string}\"},\"query-input\":{\"@type\":\"PropertyValueSpecification\",\"valueRequired\":true,\"valueName\":\"search_term_string\"}}],\"inLanguage\":\"fr-FR\"}]}<\/script>\r\n<!-- \/ Yoast SEO plugin. -->","yoast_head_json":{"title":"Neutraderm creme douche 200ml - Paracherkaoui.ma","robots":{"index":"index","follow":"follow","max-snippet":"max-snippet:-1","max-image-preview":"max-image-preview:large","max-video-preview":"max-video-preview:-1"},"canonical":"https:\/\/paracherkaoui.ma\/index.php\/produit\/neutraderm-creme-douche-200ml\/","og_locale":"fr_FR","og_type":"article","og_title":"Neutraderm creme douche 200ml - Paracherkaoui.ma","og_description":"La\u00a0Cr\u00e8me de Douche Relipidante Visage et Corps\u00a0Relipid +\u00a0est une INNOVATION\u00a0DERMATOLOGIQUE\u00a0anti-s\u00e9cheresse s\u00e9v\u00e8re,\u00a0anti-d\u00e9mangeaisons,\u00a0anti-irritations\u00a0prenant soin de toute la\u00a0famille\u00a0et du\u00a0nourrisson\u00a0d\u00e8s la naissance avec un","og_url":"https:\/\/paracherkaoui.ma\/index.php\/produit\/neutraderm-creme-douche-200ml\/","og_site_name":"Paracherkaoui.ma","article_modified_time":"2025-12-12T17:54:33+00:00","og_image":[{"width":700,"height":700,"url":"https:\/\/paracherkaoui.ma\/wp-content\/uploads\/2025\/12\/neutraderm-neutraderm-creme-douche-200ml-gels-et-huiles-lavants.jpg","type":"image\/jpeg"}],"twitter_card":"summary_large_image","twitter_misc":{"Dur\u00e9e de lecture estim\u00e9e":"1 minute"},"schema":{"@context":"https:\/\/schema.org","@graph":[{"@type":"WebPage","@id":"https:\/\/paracherkaoui.ma\/index.php\/produit\/neutraderm-creme-douche-200ml\/","url":"https:\/\/paracherkaoui.ma\/index.php\/produit\/neutraderm-creme-douche-200ml\/","name":"Neutraderm creme douche 200ml - Paracherkaoui.ma","isPartOf":{"@id":"https:\/\/paracherkaoui.ma\/#website"},"primaryImageOfPage":{"@id":"https:\/\/paracherkaoui.ma\/index.php\/produit\/neutraderm-creme-douche-200ml\/#primaryimage"},"image":{"@id":"https:\/\/paracherkaoui.ma\/index.php\/produit\/neutraderm-creme-douche-200ml\/#primaryimage"},"thumbnailUrl":"https:\/\/paracherkaoui.ma\/wp-content\/uploads\/2025\/12\/neutraderm-neutraderm-creme-douche-200ml-gels-et-huiles-lavants.jpg","datePublished":"2025-12-12T17:54:25+00:00","dateModified":"2025-12-12T17:54:33+00:00","breadcrumb":{"@id":"https:\/\/paracherkaoui.ma\/index.php\/produit\/neutraderm-creme-douche-200ml\/#breadcrumb"},"inLanguage":"fr-FR","potentialAction":[{"@type":"ReadAction","target":["https:\/\/paracherkaoui.ma\/index.php\/produit\/neutraderm-creme-douche-200ml\/"]}]},{"@type":"ImageObject","inLanguage":"fr-FR","@id":"https:\/\/paracherkaoui.ma\/index.php\/produit\/neutraderm-creme-douche-200ml\/#primaryimage","url":"https:\/\/paracherkaoui.ma\/wp-content\/uploads\/2025\/12\/neutraderm-neutraderm-creme-douche-200ml-gels-et-huiles-lavants.jpg","contentUrl":"https:\/\/paracherkaoui.ma\/wp-content\/uploads\/2025\/12\/neutraderm-neutraderm-creme-douche-200ml-gels-et-huiles-lavants.jpg","width":700,"height":700},{"@type":"BreadcrumbList","@id":"https:\/\/paracherkaoui.ma\/index.php\/produit\/neutraderm-creme-douche-200ml\/#breadcrumb","itemListElement":[{"@type":"ListItem","position":1,"name":"Accueil","item":"https:\/\/paracherkaoui.ma\/"},{"@type":"ListItem","position":2,"name":"Boutique","item":"https:\/\/paracherkaoui.ma\/index.php\/boutique\/"},{"@type":"ListItem","position":3,"name":"Neutraderm creme douche 200ml"}]},{"@type":"WebSite","@id":"https:\/\/paracherkaoui.ma\/#website","url":"https:\/\/paracherkaoui.ma\/","name":"Paracherkaoui.ma","description":"Achetez en ligne sur Paracherkaoui.ma","potentialAction":[{"@type":"SearchAction","target":{"@type":"EntryPoint","urlTemplate":"https:\/\/paracherkaoui.ma\/?s={search_term_string}"},"query-input":{"@type":"PropertyValueSpecification","valueRequired":true,"valueName":"search_term_string"}}],"inLanguage":"fr-FR"}]}},"_links":{"self":[{"href":"https:\/\/paracherkaoui.ma\/index.php\/wp-json\/wp\/v2\/product\/35609","targetHints":{"allow":["GET"]}}],"collection":[{"href":"https:\/\/paracherkaoui.ma\/index.php\/wp-json\/wp\/v2\/product"}],"about":[{"href":"https:\/\/paracherkaoui.ma\/index.php\/wp-json\/wp\/v2\/types\/product"}],"replies":[{"embeddable":true,"href":"https:\/\/paracherkaoui.ma\/index.php\/wp-json\/wp\/v2\/comments?post=35609"}],"version-history":[{"count":1,"href":"https:\/\/paracherkaoui.ma\/index.php\/wp-json\/wp\/v2\/product\/35609\/revisions"}],"predecessor-version":[{"id":35662,"href":"https:\/\/paracherkaoui.ma\/index.php\/wp-json\/wp\/v2\/product\/35609\/revisions\/35662"}],"wp:featuredmedia":[{"embeddable":true,"href":"https:\/\/paracherkaoui.ma\/index.php\/wp-json\/wp\/v2\/media\/35661"}],"wp:attachment":[{"href":"https:\/\/paracherkaoui.ma\/index.php\/wp-json\/wp\/v2\/media?parent=35609"}],"wp:term":[{"taxonomy":"product_brand","embeddable":true,"href":"https:\/\/paracherkaoui.ma\/index.php\/wp-json\/wp\/v2\/product_brand?post=35609"},{"taxonomy":"product_cat","embeddable":true,"href":"https:\/\/paracherkaoui.ma\/index.php\/wp-json\/wp\/v2\/product_cat?post=35609"},{"taxonomy":"product_tag","embeddable":true,"href":"https:\/\/paracherkaoui.ma\/index.php\/wp-json\/wp\/v2\/product_tag?post=35609"}],"curies":[{"name":"wp","href":"https:\/\/api.w.org\/{rel}","templated":true}]}}