{"id":35583,"date":"2025-12-12T18:54:24","date_gmt":"2025-12-12T17:54:24","guid":{"rendered":"https:\/\/test.ecbeaute.com\/?post_type=product&#038;p=35583"},"modified":"2025-12-12T18:54:26","modified_gmt":"2025-12-12T17:54:26","slug":"weleda-gel-douche-sport-a-larnica","status":"publish","type":"product","link":"https:\/\/paracherkaoui.ma\/index.php\/produit\/weleda-gel-douche-sport-a-larnica\/","title":{"rendered":"WELEDA Gel Douche Sport \u00e0 l&rsquo;Arnica"},"content":{"rendered":"<p>Le Gel Douche Sport vitalisant \u00e0 l\u2019Arnica bio vous offre un moment de bien-\u00eatre et de fra\u00eecheur pour permettre au corps de retrouver toute son \u00e9nergie. Ce Gel Douche est compos\u00e9 d\u2019une base lavante v\u00e9g\u00e9tale douce qui pr\u00e9serve l\u2019hydratation naturelle de la peau.<br \/>\nPour qui ?<br \/>\n\u2022 Pour un effet coup de fouet avant l&rsquo;effort ou pour bien d\u00e9marrer la journ\u00e9e<br \/>\n\u2022 Apr\u00e8s l&rsquo;effort pour un moment de d\u00e9tente et de r\u00e9confort pour permettre au corps de retrouver son \u00e9nergie<br \/>\nPlus produit<br \/>\n\u2022 Nettoie en douceur, gr\u00e2ce \u00e0 sa formule compos\u00e9e d&rsquo;une base lavante v\u00e9g\u00e9tale biod\u00e9gradable et peu moussante<br \/>\n\u2022 Pr\u00e9serve la peau du dess\u00e8chement cutan\u00e9<br \/>\n\u2022 Facile \u00e0 rincer, appreci\u00e9 des sportifs<br \/>\n\u2022 Rafra\u00eechissement intense : parfum aromatique frais et stimulant<\/p>\n","protected":false},"excerpt":{"rendered":"<p>Le Gel Douche Sport vitalisant \u00e0 l\u2019Arnica bio vous offre un moment de bien-\u00eatre et de fra\u00eecheur pour permettre au<\/p>\n","protected":false},"featured_media":35614,"comment_status":"open","ping_status":"closed","template":"","meta":[],"product_brand":[313],"product_cat":[631],"product_tag":[],"class_list":{"0":"post-35583","1":"product","2":"type-product","3":"status-publish","4":"has-post-thumbnail","6":"product_brand-weleda","7":"product_cat-gels-et-huiles-lavants","9":"first","10":"instock","11":"shipping-taxable","12":"purchasable","13":"product-type-simple"},"yoast_head":"<!-- This site is optimized with the Yoast SEO plugin v26.6 - https:\/\/yoast.com\/wordpress\/plugins\/seo\/ -->\r\n<title>WELEDA Gel Douche Sport \u00e0 l&#039;Arnica - Paracherkaoui.ma<\/title>\r\n<meta name=\"robots\" content=\"index, follow, max-snippet:-1, max-image-preview:large, max-video-preview:-1\" \/>\r\n<link rel=\"canonical\" href=\"https:\/\/paracherkaoui.ma\/index.php\/produit\/weleda-gel-douche-sport-a-larnica\/\" \/>\r\n<meta property=\"og:locale\" content=\"fr_FR\" \/>\r\n<meta property=\"og:type\" content=\"article\" \/>\r\n<meta property=\"og:title\" content=\"WELEDA Gel Douche Sport \u00e0 l&#039;Arnica - Paracherkaoui.ma\" \/>\r\n<meta property=\"og:description\" content=\"Le Gel Douche Sport vitalisant \u00e0 l\u2019Arnica bio vous offre un moment de bien-\u00eatre et de fra\u00eecheur pour permettre au\" \/>\r\n<meta property=\"og:url\" content=\"https:\/\/paracherkaoui.ma\/index.php\/produit\/weleda-gel-douche-sport-a-larnica\/\" \/>\r\n<meta property=\"og:site_name\" content=\"Paracherkaoui.ma\" \/>\r\n<meta property=\"article:modified_time\" content=\"2025-12-12T17:54:26+00:00\" \/>\r\n<meta property=\"og:image\" content=\"https:\/\/paracherkaoui.ma\/wp-content\/uploads\/2025\/12\/weleda-weleda-gel-douche-sport-a-larnica-gel-douche-et-savon-liquide.jpg\" \/>\r\n\t<meta property=\"og:image:width\" content=\"700\" \/>\r\n\t<meta property=\"og:image:height\" content=\"700\" \/>\r\n\t<meta property=\"og:image:type\" content=\"image\/jpeg\" \/>\r\n<meta name=\"twitter:card\" content=\"summary_large_image\" \/>\r\n<meta name=\"twitter:label1\" content=\"Dur\u00e9e de lecture estim\u00e9e\" \/>\n\t<meta name=\"twitter:data1\" content=\"1 minute\" \/>\r\n<script type=\"application\/ld+json\" class=\"yoast-schema-graph\">{\"@context\":\"https:\/\/schema.org\",\"@graph\":[{\"@type\":\"WebPage\",\"@id\":\"https:\/\/paracherkaoui.ma\/index.php\/produit\/weleda-gel-douche-sport-a-larnica\/\",\"url\":\"https:\/\/paracherkaoui.ma\/index.php\/produit\/weleda-gel-douche-sport-a-larnica\/\",\"name\":\"WELEDA Gel Douche Sport \u00e0 l'Arnica - Paracherkaoui.ma\",\"isPartOf\":{\"@id\":\"https:\/\/paracherkaoui.ma\/#website\"},\"primaryImageOfPage\":{\"@id\":\"https:\/\/paracherkaoui.ma\/index.php\/produit\/weleda-gel-douche-sport-a-larnica\/#primaryimage\"},\"image\":{\"@id\":\"https:\/\/paracherkaoui.ma\/index.php\/produit\/weleda-gel-douche-sport-a-larnica\/#primaryimage\"},\"thumbnailUrl\":\"https:\/\/paracherkaoui.ma\/wp-content\/uploads\/2025\/12\/weleda-weleda-gel-douche-sport-a-larnica-gel-douche-et-savon-liquide.jpg\",\"datePublished\":\"2025-12-12T17:54:24+00:00\",\"dateModified\":\"2025-12-12T17:54:26+00:00\",\"breadcrumb\":{\"@id\":\"https:\/\/paracherkaoui.ma\/index.php\/produit\/weleda-gel-douche-sport-a-larnica\/#breadcrumb\"},\"inLanguage\":\"fr-FR\",\"potentialAction\":[{\"@type\":\"ReadAction\",\"target\":[\"https:\/\/paracherkaoui.ma\/index.php\/produit\/weleda-gel-douche-sport-a-larnica\/\"]}]},{\"@type\":\"ImageObject\",\"inLanguage\":\"fr-FR\",\"@id\":\"https:\/\/paracherkaoui.ma\/index.php\/produit\/weleda-gel-douche-sport-a-larnica\/#primaryimage\",\"url\":\"https:\/\/paracherkaoui.ma\/wp-content\/uploads\/2025\/12\/weleda-weleda-gel-douche-sport-a-larnica-gel-douche-et-savon-liquide.jpg\",\"contentUrl\":\"https:\/\/paracherkaoui.ma\/wp-content\/uploads\/2025\/12\/weleda-weleda-gel-douche-sport-a-larnica-gel-douche-et-savon-liquide.jpg\",\"width\":700,\"height\":700},{\"@type\":\"BreadcrumbList\",\"@id\":\"https:\/\/paracherkaoui.ma\/index.php\/produit\/weleda-gel-douche-sport-a-larnica\/#breadcrumb\",\"itemListElement\":[{\"@type\":\"ListItem\",\"position\":1,\"name\":\"Accueil\",\"item\":\"https:\/\/paracherkaoui.ma\/\"},{\"@type\":\"ListItem\",\"position\":2,\"name\":\"Boutique\",\"item\":\"https:\/\/paracherkaoui.ma\/index.php\/boutique\/\"},{\"@type\":\"ListItem\",\"position\":3,\"name\":\"WELEDA Gel Douche Sport \u00e0 l&rsquo;Arnica\"}]},{\"@type\":\"WebSite\",\"@id\":\"https:\/\/paracherkaoui.ma\/#website\",\"url\":\"https:\/\/paracherkaoui.ma\/\",\"name\":\"Paracherkaoui.ma\",\"description\":\"Achetez en ligne sur Paracherkaoui.ma\",\"potentialAction\":[{\"@type\":\"SearchAction\",\"target\":{\"@type\":\"EntryPoint\",\"urlTemplate\":\"https:\/\/paracherkaoui.ma\/?s={search_term_string}\"},\"query-input\":{\"@type\":\"PropertyValueSpecification\",\"valueRequired\":true,\"valueName\":\"search_term_string\"}}],\"inLanguage\":\"fr-FR\"}]}<\/script>\r\n<!-- \/ Yoast SEO plugin. -->","yoast_head_json":{"title":"WELEDA Gel Douche Sport \u00e0 l'Arnica - Paracherkaoui.ma","robots":{"index":"index","follow":"follow","max-snippet":"max-snippet:-1","max-image-preview":"max-image-preview:large","max-video-preview":"max-video-preview:-1"},"canonical":"https:\/\/paracherkaoui.ma\/index.php\/produit\/weleda-gel-douche-sport-a-larnica\/","og_locale":"fr_FR","og_type":"article","og_title":"WELEDA Gel Douche Sport \u00e0 l'Arnica - Paracherkaoui.ma","og_description":"Le Gel Douche Sport vitalisant \u00e0 l\u2019Arnica bio vous offre un moment de bien-\u00eatre et de fra\u00eecheur pour permettre au","og_url":"https:\/\/paracherkaoui.ma\/index.php\/produit\/weleda-gel-douche-sport-a-larnica\/","og_site_name":"Paracherkaoui.ma","article_modified_time":"2025-12-12T17:54:26+00:00","og_image":[{"width":700,"height":700,"url":"https:\/\/paracherkaoui.ma\/wp-content\/uploads\/2025\/12\/weleda-weleda-gel-douche-sport-a-larnica-gel-douche-et-savon-liquide.jpg","type":"image\/jpeg"}],"twitter_card":"summary_large_image","twitter_misc":{"Dur\u00e9e de lecture estim\u00e9e":"1 minute"},"schema":{"@context":"https:\/\/schema.org","@graph":[{"@type":"WebPage","@id":"https:\/\/paracherkaoui.ma\/index.php\/produit\/weleda-gel-douche-sport-a-larnica\/","url":"https:\/\/paracherkaoui.ma\/index.php\/produit\/weleda-gel-douche-sport-a-larnica\/","name":"WELEDA Gel Douche Sport \u00e0 l'Arnica - Paracherkaoui.ma","isPartOf":{"@id":"https:\/\/paracherkaoui.ma\/#website"},"primaryImageOfPage":{"@id":"https:\/\/paracherkaoui.ma\/index.php\/produit\/weleda-gel-douche-sport-a-larnica\/#primaryimage"},"image":{"@id":"https:\/\/paracherkaoui.ma\/index.php\/produit\/weleda-gel-douche-sport-a-larnica\/#primaryimage"},"thumbnailUrl":"https:\/\/paracherkaoui.ma\/wp-content\/uploads\/2025\/12\/weleda-weleda-gel-douche-sport-a-larnica-gel-douche-et-savon-liquide.jpg","datePublished":"2025-12-12T17:54:24+00:00","dateModified":"2025-12-12T17:54:26+00:00","breadcrumb":{"@id":"https:\/\/paracherkaoui.ma\/index.php\/produit\/weleda-gel-douche-sport-a-larnica\/#breadcrumb"},"inLanguage":"fr-FR","potentialAction":[{"@type":"ReadAction","target":["https:\/\/paracherkaoui.ma\/index.php\/produit\/weleda-gel-douche-sport-a-larnica\/"]}]},{"@type":"ImageObject","inLanguage":"fr-FR","@id":"https:\/\/paracherkaoui.ma\/index.php\/produit\/weleda-gel-douche-sport-a-larnica\/#primaryimage","url":"https:\/\/paracherkaoui.ma\/wp-content\/uploads\/2025\/12\/weleda-weleda-gel-douche-sport-a-larnica-gel-douche-et-savon-liquide.jpg","contentUrl":"https:\/\/paracherkaoui.ma\/wp-content\/uploads\/2025\/12\/weleda-weleda-gel-douche-sport-a-larnica-gel-douche-et-savon-liquide.jpg","width":700,"height":700},{"@type":"BreadcrumbList","@id":"https:\/\/paracherkaoui.ma\/index.php\/produit\/weleda-gel-douche-sport-a-larnica\/#breadcrumb","itemListElement":[{"@type":"ListItem","position":1,"name":"Accueil","item":"https:\/\/paracherkaoui.ma\/"},{"@type":"ListItem","position":2,"name":"Boutique","item":"https:\/\/paracherkaoui.ma\/index.php\/boutique\/"},{"@type":"ListItem","position":3,"name":"WELEDA Gel Douche Sport \u00e0 l&rsquo;Arnica"}]},{"@type":"WebSite","@id":"https:\/\/paracherkaoui.ma\/#website","url":"https:\/\/paracherkaoui.ma\/","name":"Paracherkaoui.ma","description":"Achetez en ligne sur Paracherkaoui.ma","potentialAction":[{"@type":"SearchAction","target":{"@type":"EntryPoint","urlTemplate":"https:\/\/paracherkaoui.ma\/?s={search_term_string}"},"query-input":{"@type":"PropertyValueSpecification","valueRequired":true,"valueName":"search_term_string"}}],"inLanguage":"fr-FR"}]}},"_links":{"self":[{"href":"https:\/\/paracherkaoui.ma\/index.php\/wp-json\/wp\/v2\/product\/35583","targetHints":{"allow":["GET"]}}],"collection":[{"href":"https:\/\/paracherkaoui.ma\/index.php\/wp-json\/wp\/v2\/product"}],"about":[{"href":"https:\/\/paracherkaoui.ma\/index.php\/wp-json\/wp\/v2\/types\/product"}],"replies":[{"embeddable":true,"href":"https:\/\/paracherkaoui.ma\/index.php\/wp-json\/wp\/v2\/comments?post=35583"}],"version-history":[{"count":1,"href":"https:\/\/paracherkaoui.ma\/index.php\/wp-json\/wp\/v2\/product\/35583\/revisions"}],"predecessor-version":[{"id":35615,"href":"https:\/\/paracherkaoui.ma\/index.php\/wp-json\/wp\/v2\/product\/35583\/revisions\/35615"}],"wp:featuredmedia":[{"embeddable":true,"href":"https:\/\/paracherkaoui.ma\/index.php\/wp-json\/wp\/v2\/media\/35614"}],"wp:attachment":[{"href":"https:\/\/paracherkaoui.ma\/index.php\/wp-json\/wp\/v2\/media?parent=35583"}],"wp:term":[{"taxonomy":"product_brand","embeddable":true,"href":"https:\/\/paracherkaoui.ma\/index.php\/wp-json\/wp\/v2\/product_brand?post=35583"},{"taxonomy":"product_cat","embeddable":true,"href":"https:\/\/paracherkaoui.ma\/index.php\/wp-json\/wp\/v2\/product_cat?post=35583"},{"taxonomy":"product_tag","embeddable":true,"href":"https:\/\/paracherkaoui.ma\/index.php\/wp-json\/wp\/v2\/product_tag?post=35583"}],"curies":[{"name":"wp","href":"https:\/\/api.w.org\/{rel}","templated":true}]}}