{"id":35522,"date":"2025-12-12T18:54:16","date_gmt":"2025-12-12T17:54:16","guid":{"rendered":"https:\/\/test.ecbeaute.com\/?post_type=product&#038;p=35522"},"modified":"2025-12-12T18:54:23","modified_gmt":"2025-12-12T17:54:23","slug":"neutraderm-gel-douche-micellaire-1l","status":"publish","type":"product","link":"https:\/\/paracherkaoui.ma\/index.php\/produit\/neutraderm-gel-douche-micellaire-1l\/","title":{"rendered":"Neutraderm gel douche micellaire 1L"},"content":{"rendered":"<p>Le Gel douche Micellaire DERMO-PROTECTEUR est sp\u00e9cialement formul\u00e9 pour nettoyer en douceur les peaux r\u00e9actives et sensibles. Sa formule douce respecte l\u2019\u00e9quilibre cutan\u00e9 et pr\u00e9serve le film hydrolipidique. Apaise les sensations d\u2019\u00e9chauffement et de tiraillement. R\u00e9duit les sensations d\u2019inconfort. Laisse la peau souple et tr\u00e8s douce. La peau est ressourc\u00e9e, moins r\u00e9active et confortable.<\/p>\n","protected":false},"excerpt":{"rendered":"<p>Le Gel douche Micellaire DERMO-PROTECTEUR est sp\u00e9cialement formul\u00e9 pour nettoyer en douceur les peaux r\u00e9actives et sensibles. Sa formule douce<\/p>\n","protected":false},"featured_media":35578,"comment_status":"open","ping_status":"closed","template":"","meta":[],"product_brand":[325],"product_cat":[631],"product_tag":[],"class_list":{"0":"post-35522","1":"product","2":"type-product","3":"status-publish","4":"has-post-thumbnail","6":"product_brand-neutraderm","7":"product_cat-gels-et-huiles-lavants","9":"first","10":"instock","11":"sale","12":"shipping-taxable","13":"purchasable","14":"product-type-simple"},"yoast_head":"<!-- This site is optimized with the Yoast SEO plugin v26.6 - https:\/\/yoast.com\/wordpress\/plugins\/seo\/ -->\r\n<title>Neutraderm gel douche micellaire 1L - Paracherkaoui.ma<\/title>\r\n<meta name=\"robots\" content=\"index, follow, max-snippet:-1, max-image-preview:large, max-video-preview:-1\" \/>\r\n<link rel=\"canonical\" href=\"https:\/\/paracherkaoui.ma\/index.php\/produit\/neutraderm-gel-douche-micellaire-1l\/\" \/>\r\n<meta property=\"og:locale\" content=\"fr_FR\" \/>\r\n<meta property=\"og:type\" content=\"article\" \/>\r\n<meta property=\"og:title\" content=\"Neutraderm gel douche micellaire 1L - Paracherkaoui.ma\" \/>\r\n<meta property=\"og:description\" content=\"Le Gel douche Micellaire DERMO-PROTECTEUR est sp\u00e9cialement formul\u00e9 pour nettoyer en douceur les peaux r\u00e9actives et sensibles. Sa formule douce\" \/>\r\n<meta property=\"og:url\" content=\"https:\/\/paracherkaoui.ma\/index.php\/produit\/neutraderm-gel-douche-micellaire-1l\/\" \/>\r\n<meta property=\"og:site_name\" content=\"Paracherkaoui.ma\" \/>\r\n<meta property=\"article:modified_time\" content=\"2025-12-12T17:54:23+00:00\" \/>\r\n<meta property=\"og:image\" content=\"https:\/\/paracherkaoui.ma\/wp-content\/uploads\/2025\/12\/neutraderm-neutraderm-gel-douche-micellaire-1l-gels-et-huiles-lavants.jpg\" \/>\r\n\t<meta property=\"og:image:width\" content=\"700\" \/>\r\n\t<meta property=\"og:image:height\" content=\"700\" \/>\r\n\t<meta property=\"og:image:type\" content=\"image\/jpeg\" \/>\r\n<meta name=\"twitter:card\" content=\"summary_large_image\" \/>\r\n<script type=\"application\/ld+json\" class=\"yoast-schema-graph\">{\"@context\":\"https:\/\/schema.org\",\"@graph\":[{\"@type\":\"WebPage\",\"@id\":\"https:\/\/paracherkaoui.ma\/index.php\/produit\/neutraderm-gel-douche-micellaire-1l\/\",\"url\":\"https:\/\/paracherkaoui.ma\/index.php\/produit\/neutraderm-gel-douche-micellaire-1l\/\",\"name\":\"Neutraderm gel douche micellaire 1L - Paracherkaoui.ma\",\"isPartOf\":{\"@id\":\"https:\/\/paracherkaoui.ma\/#website\"},\"primaryImageOfPage\":{\"@id\":\"https:\/\/paracherkaoui.ma\/index.php\/produit\/neutraderm-gel-douche-micellaire-1l\/#primaryimage\"},\"image\":{\"@id\":\"https:\/\/paracherkaoui.ma\/index.php\/produit\/neutraderm-gel-douche-micellaire-1l\/#primaryimage\"},\"thumbnailUrl\":\"https:\/\/paracherkaoui.ma\/wp-content\/uploads\/2025\/12\/neutraderm-neutraderm-gel-douche-micellaire-1l-gels-et-huiles-lavants.jpg\",\"datePublished\":\"2025-12-12T17:54:16+00:00\",\"dateModified\":\"2025-12-12T17:54:23+00:00\",\"breadcrumb\":{\"@id\":\"https:\/\/paracherkaoui.ma\/index.php\/produit\/neutraderm-gel-douche-micellaire-1l\/#breadcrumb\"},\"inLanguage\":\"fr-FR\",\"potentialAction\":[{\"@type\":\"ReadAction\",\"target\":[\"https:\/\/paracherkaoui.ma\/index.php\/produit\/neutraderm-gel-douche-micellaire-1l\/\"]}]},{\"@type\":\"ImageObject\",\"inLanguage\":\"fr-FR\",\"@id\":\"https:\/\/paracherkaoui.ma\/index.php\/produit\/neutraderm-gel-douche-micellaire-1l\/#primaryimage\",\"url\":\"https:\/\/paracherkaoui.ma\/wp-content\/uploads\/2025\/12\/neutraderm-neutraderm-gel-douche-micellaire-1l-gels-et-huiles-lavants.jpg\",\"contentUrl\":\"https:\/\/paracherkaoui.ma\/wp-content\/uploads\/2025\/12\/neutraderm-neutraderm-gel-douche-micellaire-1l-gels-et-huiles-lavants.jpg\",\"width\":700,\"height\":700},{\"@type\":\"BreadcrumbList\",\"@id\":\"https:\/\/paracherkaoui.ma\/index.php\/produit\/neutraderm-gel-douche-micellaire-1l\/#breadcrumb\",\"itemListElement\":[{\"@type\":\"ListItem\",\"position\":1,\"name\":\"Accueil\",\"item\":\"https:\/\/paracherkaoui.ma\/\"},{\"@type\":\"ListItem\",\"position\":2,\"name\":\"Boutique\",\"item\":\"https:\/\/paracherkaoui.ma\/index.php\/boutique\/\"},{\"@type\":\"ListItem\",\"position\":3,\"name\":\"Neutraderm gel douche micellaire 1L\"}]},{\"@type\":\"WebSite\",\"@id\":\"https:\/\/paracherkaoui.ma\/#website\",\"url\":\"https:\/\/paracherkaoui.ma\/\",\"name\":\"Paracherkaoui.ma\",\"description\":\"Achetez en ligne sur Paracherkaoui.ma\",\"potentialAction\":[{\"@type\":\"SearchAction\",\"target\":{\"@type\":\"EntryPoint\",\"urlTemplate\":\"https:\/\/paracherkaoui.ma\/?s={search_term_string}\"},\"query-input\":{\"@type\":\"PropertyValueSpecification\",\"valueRequired\":true,\"valueName\":\"search_term_string\"}}],\"inLanguage\":\"fr-FR\"}]}<\/script>\r\n<!-- \/ Yoast SEO plugin. -->","yoast_head_json":{"title":"Neutraderm gel douche micellaire 1L - Paracherkaoui.ma","robots":{"index":"index","follow":"follow","max-snippet":"max-snippet:-1","max-image-preview":"max-image-preview:large","max-video-preview":"max-video-preview:-1"},"canonical":"https:\/\/paracherkaoui.ma\/index.php\/produit\/neutraderm-gel-douche-micellaire-1l\/","og_locale":"fr_FR","og_type":"article","og_title":"Neutraderm gel douche micellaire 1L - Paracherkaoui.ma","og_description":"Le Gel douche Micellaire DERMO-PROTECTEUR est sp\u00e9cialement formul\u00e9 pour nettoyer en douceur les peaux r\u00e9actives et sensibles. Sa formule douce","og_url":"https:\/\/paracherkaoui.ma\/index.php\/produit\/neutraderm-gel-douche-micellaire-1l\/","og_site_name":"Paracherkaoui.ma","article_modified_time":"2025-12-12T17:54:23+00:00","og_image":[{"width":700,"height":700,"url":"https:\/\/paracherkaoui.ma\/wp-content\/uploads\/2025\/12\/neutraderm-neutraderm-gel-douche-micellaire-1l-gels-et-huiles-lavants.jpg","type":"image\/jpeg"}],"twitter_card":"summary_large_image","schema":{"@context":"https:\/\/schema.org","@graph":[{"@type":"WebPage","@id":"https:\/\/paracherkaoui.ma\/index.php\/produit\/neutraderm-gel-douche-micellaire-1l\/","url":"https:\/\/paracherkaoui.ma\/index.php\/produit\/neutraderm-gel-douche-micellaire-1l\/","name":"Neutraderm gel douche micellaire 1L - Paracherkaoui.ma","isPartOf":{"@id":"https:\/\/paracherkaoui.ma\/#website"},"primaryImageOfPage":{"@id":"https:\/\/paracherkaoui.ma\/index.php\/produit\/neutraderm-gel-douche-micellaire-1l\/#primaryimage"},"image":{"@id":"https:\/\/paracherkaoui.ma\/index.php\/produit\/neutraderm-gel-douche-micellaire-1l\/#primaryimage"},"thumbnailUrl":"https:\/\/paracherkaoui.ma\/wp-content\/uploads\/2025\/12\/neutraderm-neutraderm-gel-douche-micellaire-1l-gels-et-huiles-lavants.jpg","datePublished":"2025-12-12T17:54:16+00:00","dateModified":"2025-12-12T17:54:23+00:00","breadcrumb":{"@id":"https:\/\/paracherkaoui.ma\/index.php\/produit\/neutraderm-gel-douche-micellaire-1l\/#breadcrumb"},"inLanguage":"fr-FR","potentialAction":[{"@type":"ReadAction","target":["https:\/\/paracherkaoui.ma\/index.php\/produit\/neutraderm-gel-douche-micellaire-1l\/"]}]},{"@type":"ImageObject","inLanguage":"fr-FR","@id":"https:\/\/paracherkaoui.ma\/index.php\/produit\/neutraderm-gel-douche-micellaire-1l\/#primaryimage","url":"https:\/\/paracherkaoui.ma\/wp-content\/uploads\/2025\/12\/neutraderm-neutraderm-gel-douche-micellaire-1l-gels-et-huiles-lavants.jpg","contentUrl":"https:\/\/paracherkaoui.ma\/wp-content\/uploads\/2025\/12\/neutraderm-neutraderm-gel-douche-micellaire-1l-gels-et-huiles-lavants.jpg","width":700,"height":700},{"@type":"BreadcrumbList","@id":"https:\/\/paracherkaoui.ma\/index.php\/produit\/neutraderm-gel-douche-micellaire-1l\/#breadcrumb","itemListElement":[{"@type":"ListItem","position":1,"name":"Accueil","item":"https:\/\/paracherkaoui.ma\/"},{"@type":"ListItem","position":2,"name":"Boutique","item":"https:\/\/paracherkaoui.ma\/index.php\/boutique\/"},{"@type":"ListItem","position":3,"name":"Neutraderm gel douche micellaire 1L"}]},{"@type":"WebSite","@id":"https:\/\/paracherkaoui.ma\/#website","url":"https:\/\/paracherkaoui.ma\/","name":"Paracherkaoui.ma","description":"Achetez en ligne sur Paracherkaoui.ma","potentialAction":[{"@type":"SearchAction","target":{"@type":"EntryPoint","urlTemplate":"https:\/\/paracherkaoui.ma\/?s={search_term_string}"},"query-input":{"@type":"PropertyValueSpecification","valueRequired":true,"valueName":"search_term_string"}}],"inLanguage":"fr-FR"}]}},"_links":{"self":[{"href":"https:\/\/paracherkaoui.ma\/index.php\/wp-json\/wp\/v2\/product\/35522","targetHints":{"allow":["GET"]}}],"collection":[{"href":"https:\/\/paracherkaoui.ma\/index.php\/wp-json\/wp\/v2\/product"}],"about":[{"href":"https:\/\/paracherkaoui.ma\/index.php\/wp-json\/wp\/v2\/types\/product"}],"replies":[{"embeddable":true,"href":"https:\/\/paracherkaoui.ma\/index.php\/wp-json\/wp\/v2\/comments?post=35522"}],"version-history":[{"count":1,"href":"https:\/\/paracherkaoui.ma\/index.php\/wp-json\/wp\/v2\/product\/35522\/revisions"}],"predecessor-version":[{"id":35579,"href":"https:\/\/paracherkaoui.ma\/index.php\/wp-json\/wp\/v2\/product\/35522\/revisions\/35579"}],"wp:featuredmedia":[{"embeddable":true,"href":"https:\/\/paracherkaoui.ma\/index.php\/wp-json\/wp\/v2\/media\/35578"}],"wp:attachment":[{"href":"https:\/\/paracherkaoui.ma\/index.php\/wp-json\/wp\/v2\/media?parent=35522"}],"wp:term":[{"taxonomy":"product_brand","embeddable":true,"href":"https:\/\/paracherkaoui.ma\/index.php\/wp-json\/wp\/v2\/product_brand?post=35522"},{"taxonomy":"product_cat","embeddable":true,"href":"https:\/\/paracherkaoui.ma\/index.php\/wp-json\/wp\/v2\/product_cat?post=35522"},{"taxonomy":"product_tag","embeddable":true,"href":"https:\/\/paracherkaoui.ma\/index.php\/wp-json\/wp\/v2\/product_tag?post=35522"}],"curies":[{"name":"wp","href":"https:\/\/api.w.org\/{rel}","templated":true}]}}