{"id":35520,"date":"2025-12-12T18:54:16","date_gmt":"2025-12-12T17:54:16","guid":{"rendered":"https:\/\/test.ecbeaute.com\/?post_type=product&#038;p=35520"},"modified":"2025-12-12T18:54:23","modified_gmt":"2025-12-12T17:54:23","slug":"nuxe-very-rose-gelee-de-douche-apaisante-750ml","status":"publish","type":"product","link":"https:\/\/paracherkaoui.ma\/index.php\/produit\/nuxe-very-rose-gelee-de-douche-apaisante-750ml\/","title":{"rendered":"NUXE VERY ROSE GELEE DE DOUCHE APAISANTE 750ML"},"content":{"rendered":"<p>Dans le tourbillon de la vie quotidienne, trouver des instants de calme est essentiel. La Gel\u00e9e de Douche Apaisante Very Rose de NUXE est con\u00e7ue pour faire de votre routine de bain un v\u00e9ritable havre de paix. Son format g\u00e9n\u00e9reux de 750 ml assure des jours et des jours de douceur et de plaisir sensoriel.<br \/>\nCette gel\u00e9e de douche est une ode \u00e0 la d\u00e9licatesse. Sa texture gel fondante est une caresse sur la peau, qui se transforme instantan\u00e9ment en une fine mousse l\u00e9g\u00e8re et g\u00e9n\u00e9reuse. Cette mousse, ultra-facile \u00e0 rincer, nettoie la peau avec une extr\u00eame douceur, \u00e9liminant les impuret\u00e9s sans agresser l&rsquo;\u00e9piderme.<br \/>\nLe secret de sa douceur r\u00e9side dans sa formule pens\u00e9e pour toutes les peaux, m\u00eame sensibles. NUXE a mis l&rsquo;accent sur le respect de la barri\u00e8re cutan\u00e9e. Contrairement \u00e0 de nombreux gels douche qui peuvent laisser une sensation de tiraillement, la Gel\u00e9e de Douche Very Rose garantit que votre peau n&rsquo;est pas dess\u00e9ch\u00e9e. Au contraire, elle est envelopp\u00e9e d&rsquo;une sensation de confort et d&rsquo;apaisement imm\u00e9diat. Les tiraillements post-douche appartiennent d\u00e9sormais au pass\u00e9, laissant place \u00e0 une peau douce et souple.<br \/>\nMais l&rsquo;exp\u00e9rience ne serait pas compl\u00e8te sans son parfum enivrant. Cette gel\u00e9e de douche laisse sur la peau un d\u00e9licat parfum de rose, signature de la gamme Very Rose de NUXE<br \/>\nConseils d&rsquo;utilisation :<br \/>\nMassez une noix de gel douche sur la peau de votre corps pr\u00e9alablement mouill\u00e9s.<\/p>\n<p>Profitez de sa texture fondante et de sa mousse d\u00e9licieuse, puis rincez.<\/p>\n<p>En cas de contact avec les yeux, rincez.<br \/>\nComposition :<br \/>\nAQUA\/WATER, CAPRYLYL\/CAPRYL GLUCOSIDE, COCAMIDOPROPYL BETAINE, GLYCERIN, SODIUM COCOYL GLUTAMATE, ROSA DAMASCENA FLOWER WATER, PARFUM\/FRAGRANCE, ACRYLATES\/C10-30 ALKYL ACRYLATE CROSSPOLYMER, SODIUM BENZOATE, PROPYLENE GLYCOL, TOCOPHERYL ACETATE, SODIUM HYDROXIDE, BENZYL ALCOHOL, DEHYDROACETIC ACID.<\/p>\n","protected":false},"excerpt":{"rendered":"<p>Dans le tourbillon de la vie quotidienne, trouver des instants de calme est essentiel. La Gel\u00e9e de Douche Apaisante Very<\/p>\n","protected":false},"featured_media":35575,"comment_status":"open","ping_status":"closed","template":"","meta":[],"product_brand":[230],"product_cat":[631],"product_tag":[],"class_list":{"0":"post-35520","1":"product","2":"type-product","3":"status-publish","4":"has-post-thumbnail","6":"product_brand-nuxe","7":"product_cat-gels-et-huiles-lavants","9":"first","10":"instock","11":"sale","12":"shipping-taxable","13":"purchasable","14":"product-type-simple"},"yoast_head":"<!-- This site is optimized with the Yoast SEO plugin v26.6 - https:\/\/yoast.com\/wordpress\/plugins\/seo\/ -->\r\n<title>NUXE VERY ROSE GELEE DE DOUCHE APAISANTE 750ML - Paracherkaoui.ma<\/title>\r\n<meta name=\"robots\" content=\"index, follow, max-snippet:-1, max-image-preview:large, max-video-preview:-1\" \/>\r\n<link rel=\"canonical\" href=\"https:\/\/paracherkaoui.ma\/index.php\/produit\/nuxe-very-rose-gelee-de-douche-apaisante-750ml\/\" \/>\r\n<meta property=\"og:locale\" content=\"fr_FR\" \/>\r\n<meta property=\"og:type\" content=\"article\" \/>\r\n<meta property=\"og:title\" content=\"NUXE VERY ROSE GELEE DE DOUCHE APAISANTE 750ML - Paracherkaoui.ma\" \/>\r\n<meta property=\"og:description\" content=\"Dans le tourbillon de la vie quotidienne, trouver des instants de calme est essentiel. La Gel\u00e9e de Douche Apaisante Very\" \/>\r\n<meta property=\"og:url\" content=\"https:\/\/paracherkaoui.ma\/index.php\/produit\/nuxe-very-rose-gelee-de-douche-apaisante-750ml\/\" \/>\r\n<meta property=\"og:site_name\" content=\"Paracherkaoui.ma\" \/>\r\n<meta property=\"article:modified_time\" content=\"2025-12-12T17:54:23+00:00\" \/>\r\n<meta property=\"og:image\" content=\"https:\/\/paracherkaoui.ma\/wp-content\/uploads\/2025\/12\/nuxe-nuxe-very-rose-gelee-de-douche-apaisante-750ml-gels-et-huiles-lavants.jpg\" \/>\r\n\t<meta property=\"og:image:width\" content=\"700\" \/>\r\n\t<meta property=\"og:image:height\" content=\"700\" \/>\r\n\t<meta property=\"og:image:type\" content=\"image\/jpeg\" \/>\r\n<meta name=\"twitter:card\" content=\"summary_large_image\" \/>\r\n<meta name=\"twitter:label1\" content=\"Dur\u00e9e de lecture estim\u00e9e\" \/>\n\t<meta name=\"twitter:data1\" content=\"2 minutes\" \/>\r\n<script type=\"application\/ld+json\" class=\"yoast-schema-graph\">{\"@context\":\"https:\/\/schema.org\",\"@graph\":[{\"@type\":\"WebPage\",\"@id\":\"https:\/\/paracherkaoui.ma\/index.php\/produit\/nuxe-very-rose-gelee-de-douche-apaisante-750ml\/\",\"url\":\"https:\/\/paracherkaoui.ma\/index.php\/produit\/nuxe-very-rose-gelee-de-douche-apaisante-750ml\/\",\"name\":\"NUXE VERY ROSE GELEE DE DOUCHE APAISANTE 750ML - Paracherkaoui.ma\",\"isPartOf\":{\"@id\":\"https:\/\/paracherkaoui.ma\/#website\"},\"primaryImageOfPage\":{\"@id\":\"https:\/\/paracherkaoui.ma\/index.php\/produit\/nuxe-very-rose-gelee-de-douche-apaisante-750ml\/#primaryimage\"},\"image\":{\"@id\":\"https:\/\/paracherkaoui.ma\/index.php\/produit\/nuxe-very-rose-gelee-de-douche-apaisante-750ml\/#primaryimage\"},\"thumbnailUrl\":\"https:\/\/paracherkaoui.ma\/wp-content\/uploads\/2025\/12\/nuxe-nuxe-very-rose-gelee-de-douche-apaisante-750ml-gels-et-huiles-lavants.jpg\",\"datePublished\":\"2025-12-12T17:54:16+00:00\",\"dateModified\":\"2025-12-12T17:54:23+00:00\",\"breadcrumb\":{\"@id\":\"https:\/\/paracherkaoui.ma\/index.php\/produit\/nuxe-very-rose-gelee-de-douche-apaisante-750ml\/#breadcrumb\"},\"inLanguage\":\"fr-FR\",\"potentialAction\":[{\"@type\":\"ReadAction\",\"target\":[\"https:\/\/paracherkaoui.ma\/index.php\/produit\/nuxe-very-rose-gelee-de-douche-apaisante-750ml\/\"]}]},{\"@type\":\"ImageObject\",\"inLanguage\":\"fr-FR\",\"@id\":\"https:\/\/paracherkaoui.ma\/index.php\/produit\/nuxe-very-rose-gelee-de-douche-apaisante-750ml\/#primaryimage\",\"url\":\"https:\/\/paracherkaoui.ma\/wp-content\/uploads\/2025\/12\/nuxe-nuxe-very-rose-gelee-de-douche-apaisante-750ml-gels-et-huiles-lavants.jpg\",\"contentUrl\":\"https:\/\/paracherkaoui.ma\/wp-content\/uploads\/2025\/12\/nuxe-nuxe-very-rose-gelee-de-douche-apaisante-750ml-gels-et-huiles-lavants.jpg\",\"width\":700,\"height\":700},{\"@type\":\"BreadcrumbList\",\"@id\":\"https:\/\/paracherkaoui.ma\/index.php\/produit\/nuxe-very-rose-gelee-de-douche-apaisante-750ml\/#breadcrumb\",\"itemListElement\":[{\"@type\":\"ListItem\",\"position\":1,\"name\":\"Accueil\",\"item\":\"https:\/\/paracherkaoui.ma\/\"},{\"@type\":\"ListItem\",\"position\":2,\"name\":\"Boutique\",\"item\":\"https:\/\/paracherkaoui.ma\/index.php\/boutique\/\"},{\"@type\":\"ListItem\",\"position\":3,\"name\":\"NUXE VERY ROSE GELEE DE DOUCHE APAISANTE 750ML\"}]},{\"@type\":\"WebSite\",\"@id\":\"https:\/\/paracherkaoui.ma\/#website\",\"url\":\"https:\/\/paracherkaoui.ma\/\",\"name\":\"Paracherkaoui.ma\",\"description\":\"Achetez en ligne sur Paracherkaoui.ma\",\"potentialAction\":[{\"@type\":\"SearchAction\",\"target\":{\"@type\":\"EntryPoint\",\"urlTemplate\":\"https:\/\/paracherkaoui.ma\/?s={search_term_string}\"},\"query-input\":{\"@type\":\"PropertyValueSpecification\",\"valueRequired\":true,\"valueName\":\"search_term_string\"}}],\"inLanguage\":\"fr-FR\"}]}<\/script>\r\n<!-- \/ Yoast SEO plugin. -->","yoast_head_json":{"title":"NUXE VERY ROSE GELEE DE DOUCHE APAISANTE 750ML - Paracherkaoui.ma","robots":{"index":"index","follow":"follow","max-snippet":"max-snippet:-1","max-image-preview":"max-image-preview:large","max-video-preview":"max-video-preview:-1"},"canonical":"https:\/\/paracherkaoui.ma\/index.php\/produit\/nuxe-very-rose-gelee-de-douche-apaisante-750ml\/","og_locale":"fr_FR","og_type":"article","og_title":"NUXE VERY ROSE GELEE DE DOUCHE APAISANTE 750ML - Paracherkaoui.ma","og_description":"Dans le tourbillon de la vie quotidienne, trouver des instants de calme est essentiel. La Gel\u00e9e de Douche Apaisante Very","og_url":"https:\/\/paracherkaoui.ma\/index.php\/produit\/nuxe-very-rose-gelee-de-douche-apaisante-750ml\/","og_site_name":"Paracherkaoui.ma","article_modified_time":"2025-12-12T17:54:23+00:00","og_image":[{"width":700,"height":700,"url":"https:\/\/paracherkaoui.ma\/wp-content\/uploads\/2025\/12\/nuxe-nuxe-very-rose-gelee-de-douche-apaisante-750ml-gels-et-huiles-lavants.jpg","type":"image\/jpeg"}],"twitter_card":"summary_large_image","twitter_misc":{"Dur\u00e9e de lecture estim\u00e9e":"2 minutes"},"schema":{"@context":"https:\/\/schema.org","@graph":[{"@type":"WebPage","@id":"https:\/\/paracherkaoui.ma\/index.php\/produit\/nuxe-very-rose-gelee-de-douche-apaisante-750ml\/","url":"https:\/\/paracherkaoui.ma\/index.php\/produit\/nuxe-very-rose-gelee-de-douche-apaisante-750ml\/","name":"NUXE VERY ROSE GELEE DE DOUCHE APAISANTE 750ML - Paracherkaoui.ma","isPartOf":{"@id":"https:\/\/paracherkaoui.ma\/#website"},"primaryImageOfPage":{"@id":"https:\/\/paracherkaoui.ma\/index.php\/produit\/nuxe-very-rose-gelee-de-douche-apaisante-750ml\/#primaryimage"},"image":{"@id":"https:\/\/paracherkaoui.ma\/index.php\/produit\/nuxe-very-rose-gelee-de-douche-apaisante-750ml\/#primaryimage"},"thumbnailUrl":"https:\/\/paracherkaoui.ma\/wp-content\/uploads\/2025\/12\/nuxe-nuxe-very-rose-gelee-de-douche-apaisante-750ml-gels-et-huiles-lavants.jpg","datePublished":"2025-12-12T17:54:16+00:00","dateModified":"2025-12-12T17:54:23+00:00","breadcrumb":{"@id":"https:\/\/paracherkaoui.ma\/index.php\/produit\/nuxe-very-rose-gelee-de-douche-apaisante-750ml\/#breadcrumb"},"inLanguage":"fr-FR","potentialAction":[{"@type":"ReadAction","target":["https:\/\/paracherkaoui.ma\/index.php\/produit\/nuxe-very-rose-gelee-de-douche-apaisante-750ml\/"]}]},{"@type":"ImageObject","inLanguage":"fr-FR","@id":"https:\/\/paracherkaoui.ma\/index.php\/produit\/nuxe-very-rose-gelee-de-douche-apaisante-750ml\/#primaryimage","url":"https:\/\/paracherkaoui.ma\/wp-content\/uploads\/2025\/12\/nuxe-nuxe-very-rose-gelee-de-douche-apaisante-750ml-gels-et-huiles-lavants.jpg","contentUrl":"https:\/\/paracherkaoui.ma\/wp-content\/uploads\/2025\/12\/nuxe-nuxe-very-rose-gelee-de-douche-apaisante-750ml-gels-et-huiles-lavants.jpg","width":700,"height":700},{"@type":"BreadcrumbList","@id":"https:\/\/paracherkaoui.ma\/index.php\/produit\/nuxe-very-rose-gelee-de-douche-apaisante-750ml\/#breadcrumb","itemListElement":[{"@type":"ListItem","position":1,"name":"Accueil","item":"https:\/\/paracherkaoui.ma\/"},{"@type":"ListItem","position":2,"name":"Boutique","item":"https:\/\/paracherkaoui.ma\/index.php\/boutique\/"},{"@type":"ListItem","position":3,"name":"NUXE VERY ROSE GELEE DE DOUCHE APAISANTE 750ML"}]},{"@type":"WebSite","@id":"https:\/\/paracherkaoui.ma\/#website","url":"https:\/\/paracherkaoui.ma\/","name":"Paracherkaoui.ma","description":"Achetez en ligne sur Paracherkaoui.ma","potentialAction":[{"@type":"SearchAction","target":{"@type":"EntryPoint","urlTemplate":"https:\/\/paracherkaoui.ma\/?s={search_term_string}"},"query-input":{"@type":"PropertyValueSpecification","valueRequired":true,"valueName":"search_term_string"}}],"inLanguage":"fr-FR"}]}},"_links":{"self":[{"href":"https:\/\/paracherkaoui.ma\/index.php\/wp-json\/wp\/v2\/product\/35520","targetHints":{"allow":["GET"]}}],"collection":[{"href":"https:\/\/paracherkaoui.ma\/index.php\/wp-json\/wp\/v2\/product"}],"about":[{"href":"https:\/\/paracherkaoui.ma\/index.php\/wp-json\/wp\/v2\/types\/product"}],"replies":[{"embeddable":true,"href":"https:\/\/paracherkaoui.ma\/index.php\/wp-json\/wp\/v2\/comments?post=35520"}],"version-history":[{"count":1,"href":"https:\/\/paracherkaoui.ma\/index.php\/wp-json\/wp\/v2\/product\/35520\/revisions"}],"predecessor-version":[{"id":35576,"href":"https:\/\/paracherkaoui.ma\/index.php\/wp-json\/wp\/v2\/product\/35520\/revisions\/35576"}],"wp:featuredmedia":[{"embeddable":true,"href":"https:\/\/paracherkaoui.ma\/index.php\/wp-json\/wp\/v2\/media\/35575"}],"wp:attachment":[{"href":"https:\/\/paracherkaoui.ma\/index.php\/wp-json\/wp\/v2\/media?parent=35520"}],"wp:term":[{"taxonomy":"product_brand","embeddable":true,"href":"https:\/\/paracherkaoui.ma\/index.php\/wp-json\/wp\/v2\/product_brand?post=35520"},{"taxonomy":"product_cat","embeddable":true,"href":"https:\/\/paracherkaoui.ma\/index.php\/wp-json\/wp\/v2\/product_cat?post=35520"},{"taxonomy":"product_tag","embeddable":true,"href":"https:\/\/paracherkaoui.ma\/index.php\/wp-json\/wp\/v2\/product_tag?post=35520"}],"curies":[{"name":"wp","href":"https:\/\/api.w.org\/{rel}","templated":true}]}}