{"id":35519,"date":"2025-12-12T18:54:16","date_gmt":"2025-12-12T17:54:16","guid":{"rendered":"https:\/\/test.ecbeaute.com\/?post_type=product&#038;p=35519"},"modified":"2025-12-12T18:54:23","modified_gmt":"2025-12-12T17:54:23","slug":"cattier-moussant-familial-corps-et-cheveux-millet-et-aloe-vera-500-ml-sans-sulfate","status":"publish","type":"product","link":"https:\/\/paracherkaoui.ma\/index.php\/produit\/cattier-moussant-familial-corps-et-cheveux-millet-et-aloe-vera-500-ml-sans-sulfate\/","title":{"rendered":"CATTIER MOUSSANT FAMILIAL CORPS ET CHEVEUX MILLET ET ALOE VERA 500 ML SANS SULFATE"},"content":{"rendered":"<p>Formul\u00e9 sans savon et sans sulfates, ce moussant familial est id\u00e9al en usage quotidien pour nettoyer d\u00e9licatement le corps et les cheveux de toute la famille. L&rsquo;aloe vera, aux propri\u00e9t\u00e9s apaisantes, hydratantes et protectrices procure douceur \u00e0 la peau. Le millet aide \u00e0 r\u00e9parer les cheveux et leur apporte brillance et vitalit\u00e9. Une texture gel moussant au l\u00e9ger parfum de fleur d&rsquo;oranger enchantera petits et grands pour un moment de douche r\u00e9confortant.<br \/>\nConseils d&rsquo;utilisation:<br \/>\n1. Appliquer quotidiennement sur le corps et les cheveux mouill\u00e9s, faire mousser.<br \/>\n2. Rincer abondamment \u00e0 l&rsquo;eau claire.<\/p>\n","protected":false},"excerpt":{"rendered":"<p>Formul\u00e9 sans savon et sans sulfates, ce moussant familial est id\u00e9al en usage quotidien pour nettoyer d\u00e9licatement le corps et<\/p>\n","protected":false},"featured_media":35573,"comment_status":"open","ping_status":"closed","template":"","meta":[],"product_brand":[187],"product_cat":[631],"product_tag":[],"class_list":{"0":"post-35519","1":"product","2":"type-product","3":"status-publish","4":"has-post-thumbnail","6":"product_brand-cattier","7":"product_cat-gels-et-huiles-lavants","9":"first","10":"instock","11":"shipping-taxable","12":"purchasable","13":"product-type-simple"},"yoast_head":"<!-- This site is optimized with the Yoast SEO plugin v26.6 - https:\/\/yoast.com\/wordpress\/plugins\/seo\/ -->\r\n<title>CATTIER MOUSSANT FAMILIAL CORPS ET CHEVEUX MILLET ET ALOE VERA 500 ML SANS SULFATE - Paracherkaoui.ma<\/title>\r\n<meta name=\"robots\" content=\"index, follow, max-snippet:-1, max-image-preview:large, max-video-preview:-1\" \/>\r\n<link rel=\"canonical\" href=\"https:\/\/paracherkaoui.ma\/index.php\/produit\/cattier-moussant-familial-corps-et-cheveux-millet-et-aloe-vera-500-ml-sans-sulfate\/\" \/>\r\n<meta property=\"og:locale\" content=\"fr_FR\" \/>\r\n<meta property=\"og:type\" content=\"article\" \/>\r\n<meta property=\"og:title\" content=\"CATTIER MOUSSANT FAMILIAL CORPS ET CHEVEUX MILLET ET ALOE VERA 500 ML SANS SULFATE - Paracherkaoui.ma\" \/>\r\n<meta property=\"og:description\" content=\"Formul\u00e9 sans savon et sans sulfates, ce moussant familial est id\u00e9al en usage quotidien pour nettoyer d\u00e9licatement le corps et\" \/>\r\n<meta property=\"og:url\" content=\"https:\/\/paracherkaoui.ma\/index.php\/produit\/cattier-moussant-familial-corps-et-cheveux-millet-et-aloe-vera-500-ml-sans-sulfate\/\" \/>\r\n<meta property=\"og:site_name\" content=\"Paracherkaoui.ma\" \/>\r\n<meta property=\"article:modified_time\" content=\"2025-12-12T17:54:23+00:00\" \/>\r\n<meta property=\"og:image\" content=\"https:\/\/paracherkaoui.ma\/wp-content\/uploads\/2025\/12\/cattier-cattier-moussant-familial-corps-et-cheveux-millet-et-aloe-vera-500-ml-sans-sulfate-gels-et-huiles-lavants.jpg\" \/>\r\n\t<meta property=\"og:image:width\" content=\"700\" \/>\r\n\t<meta property=\"og:image:height\" content=\"700\" \/>\r\n\t<meta property=\"og:image:type\" content=\"image\/jpeg\" \/>\r\n<meta name=\"twitter:card\" content=\"summary_large_image\" \/>\r\n<script type=\"application\/ld+json\" class=\"yoast-schema-graph\">{\"@context\":\"https:\/\/schema.org\",\"@graph\":[{\"@type\":\"WebPage\",\"@id\":\"https:\/\/paracherkaoui.ma\/index.php\/produit\/cattier-moussant-familial-corps-et-cheveux-millet-et-aloe-vera-500-ml-sans-sulfate\/\",\"url\":\"https:\/\/paracherkaoui.ma\/index.php\/produit\/cattier-moussant-familial-corps-et-cheveux-millet-et-aloe-vera-500-ml-sans-sulfate\/\",\"name\":\"CATTIER MOUSSANT FAMILIAL CORPS ET CHEVEUX MILLET ET ALOE VERA 500 ML SANS SULFATE - Paracherkaoui.ma\",\"isPartOf\":{\"@id\":\"https:\/\/paracherkaoui.ma\/#website\"},\"primaryImageOfPage\":{\"@id\":\"https:\/\/paracherkaoui.ma\/index.php\/produit\/cattier-moussant-familial-corps-et-cheveux-millet-et-aloe-vera-500-ml-sans-sulfate\/#primaryimage\"},\"image\":{\"@id\":\"https:\/\/paracherkaoui.ma\/index.php\/produit\/cattier-moussant-familial-corps-et-cheveux-millet-et-aloe-vera-500-ml-sans-sulfate\/#primaryimage\"},\"thumbnailUrl\":\"https:\/\/paracherkaoui.ma\/wp-content\/uploads\/2025\/12\/cattier-cattier-moussant-familial-corps-et-cheveux-millet-et-aloe-vera-500-ml-sans-sulfate-gels-et-huiles-lavants.jpg\",\"datePublished\":\"2025-12-12T17:54:16+00:00\",\"dateModified\":\"2025-12-12T17:54:23+00:00\",\"breadcrumb\":{\"@id\":\"https:\/\/paracherkaoui.ma\/index.php\/produit\/cattier-moussant-familial-corps-et-cheveux-millet-et-aloe-vera-500-ml-sans-sulfate\/#breadcrumb\"},\"inLanguage\":\"fr-FR\",\"potentialAction\":[{\"@type\":\"ReadAction\",\"target\":[\"https:\/\/paracherkaoui.ma\/index.php\/produit\/cattier-moussant-familial-corps-et-cheveux-millet-et-aloe-vera-500-ml-sans-sulfate\/\"]}]},{\"@type\":\"ImageObject\",\"inLanguage\":\"fr-FR\",\"@id\":\"https:\/\/paracherkaoui.ma\/index.php\/produit\/cattier-moussant-familial-corps-et-cheveux-millet-et-aloe-vera-500-ml-sans-sulfate\/#primaryimage\",\"url\":\"https:\/\/paracherkaoui.ma\/wp-content\/uploads\/2025\/12\/cattier-cattier-moussant-familial-corps-et-cheveux-millet-et-aloe-vera-500-ml-sans-sulfate-gels-et-huiles-lavants.jpg\",\"contentUrl\":\"https:\/\/paracherkaoui.ma\/wp-content\/uploads\/2025\/12\/cattier-cattier-moussant-familial-corps-et-cheveux-millet-et-aloe-vera-500-ml-sans-sulfate-gels-et-huiles-lavants.jpg\",\"width\":700,\"height\":700},{\"@type\":\"BreadcrumbList\",\"@id\":\"https:\/\/paracherkaoui.ma\/index.php\/produit\/cattier-moussant-familial-corps-et-cheveux-millet-et-aloe-vera-500-ml-sans-sulfate\/#breadcrumb\",\"itemListElement\":[{\"@type\":\"ListItem\",\"position\":1,\"name\":\"Accueil\",\"item\":\"https:\/\/paracherkaoui.ma\/\"},{\"@type\":\"ListItem\",\"position\":2,\"name\":\"Boutique\",\"item\":\"https:\/\/paracherkaoui.ma\/index.php\/boutique\/\"},{\"@type\":\"ListItem\",\"position\":3,\"name\":\"CATTIER MOUSSANT FAMILIAL CORPS ET CHEVEUX MILLET ET ALOE VERA 500 ML SANS SULFATE\"}]},{\"@type\":\"WebSite\",\"@id\":\"https:\/\/paracherkaoui.ma\/#website\",\"url\":\"https:\/\/paracherkaoui.ma\/\",\"name\":\"Paracherkaoui.ma\",\"description\":\"Achetez en ligne sur Paracherkaoui.ma\",\"potentialAction\":[{\"@type\":\"SearchAction\",\"target\":{\"@type\":\"EntryPoint\",\"urlTemplate\":\"https:\/\/paracherkaoui.ma\/?s={search_term_string}\"},\"query-input\":{\"@type\":\"PropertyValueSpecification\",\"valueRequired\":true,\"valueName\":\"search_term_string\"}}],\"inLanguage\":\"fr-FR\"}]}<\/script>\r\n<!-- \/ Yoast SEO plugin. -->","yoast_head_json":{"title":"CATTIER MOUSSANT FAMILIAL CORPS ET CHEVEUX MILLET ET ALOE VERA 500 ML SANS SULFATE - Paracherkaoui.ma","robots":{"index":"index","follow":"follow","max-snippet":"max-snippet:-1","max-image-preview":"max-image-preview:large","max-video-preview":"max-video-preview:-1"},"canonical":"https:\/\/paracherkaoui.ma\/index.php\/produit\/cattier-moussant-familial-corps-et-cheveux-millet-et-aloe-vera-500-ml-sans-sulfate\/","og_locale":"fr_FR","og_type":"article","og_title":"CATTIER MOUSSANT FAMILIAL CORPS ET CHEVEUX MILLET ET ALOE VERA 500 ML SANS SULFATE - Paracherkaoui.ma","og_description":"Formul\u00e9 sans savon et sans sulfates, ce moussant familial est id\u00e9al en usage quotidien pour nettoyer d\u00e9licatement le corps et","og_url":"https:\/\/paracherkaoui.ma\/index.php\/produit\/cattier-moussant-familial-corps-et-cheveux-millet-et-aloe-vera-500-ml-sans-sulfate\/","og_site_name":"Paracherkaoui.ma","article_modified_time":"2025-12-12T17:54:23+00:00","og_image":[{"width":700,"height":700,"url":"https:\/\/paracherkaoui.ma\/wp-content\/uploads\/2025\/12\/cattier-cattier-moussant-familial-corps-et-cheveux-millet-et-aloe-vera-500-ml-sans-sulfate-gels-et-huiles-lavants.jpg","type":"image\/jpeg"}],"twitter_card":"summary_large_image","schema":{"@context":"https:\/\/schema.org","@graph":[{"@type":"WebPage","@id":"https:\/\/paracherkaoui.ma\/index.php\/produit\/cattier-moussant-familial-corps-et-cheveux-millet-et-aloe-vera-500-ml-sans-sulfate\/","url":"https:\/\/paracherkaoui.ma\/index.php\/produit\/cattier-moussant-familial-corps-et-cheveux-millet-et-aloe-vera-500-ml-sans-sulfate\/","name":"CATTIER MOUSSANT FAMILIAL CORPS ET CHEVEUX MILLET ET ALOE VERA 500 ML SANS SULFATE - Paracherkaoui.ma","isPartOf":{"@id":"https:\/\/paracherkaoui.ma\/#website"},"primaryImageOfPage":{"@id":"https:\/\/paracherkaoui.ma\/index.php\/produit\/cattier-moussant-familial-corps-et-cheveux-millet-et-aloe-vera-500-ml-sans-sulfate\/#primaryimage"},"image":{"@id":"https:\/\/paracherkaoui.ma\/index.php\/produit\/cattier-moussant-familial-corps-et-cheveux-millet-et-aloe-vera-500-ml-sans-sulfate\/#primaryimage"},"thumbnailUrl":"https:\/\/paracherkaoui.ma\/wp-content\/uploads\/2025\/12\/cattier-cattier-moussant-familial-corps-et-cheveux-millet-et-aloe-vera-500-ml-sans-sulfate-gels-et-huiles-lavants.jpg","datePublished":"2025-12-12T17:54:16+00:00","dateModified":"2025-12-12T17:54:23+00:00","breadcrumb":{"@id":"https:\/\/paracherkaoui.ma\/index.php\/produit\/cattier-moussant-familial-corps-et-cheveux-millet-et-aloe-vera-500-ml-sans-sulfate\/#breadcrumb"},"inLanguage":"fr-FR","potentialAction":[{"@type":"ReadAction","target":["https:\/\/paracherkaoui.ma\/index.php\/produit\/cattier-moussant-familial-corps-et-cheveux-millet-et-aloe-vera-500-ml-sans-sulfate\/"]}]},{"@type":"ImageObject","inLanguage":"fr-FR","@id":"https:\/\/paracherkaoui.ma\/index.php\/produit\/cattier-moussant-familial-corps-et-cheveux-millet-et-aloe-vera-500-ml-sans-sulfate\/#primaryimage","url":"https:\/\/paracherkaoui.ma\/wp-content\/uploads\/2025\/12\/cattier-cattier-moussant-familial-corps-et-cheveux-millet-et-aloe-vera-500-ml-sans-sulfate-gels-et-huiles-lavants.jpg","contentUrl":"https:\/\/paracherkaoui.ma\/wp-content\/uploads\/2025\/12\/cattier-cattier-moussant-familial-corps-et-cheveux-millet-et-aloe-vera-500-ml-sans-sulfate-gels-et-huiles-lavants.jpg","width":700,"height":700},{"@type":"BreadcrumbList","@id":"https:\/\/paracherkaoui.ma\/index.php\/produit\/cattier-moussant-familial-corps-et-cheveux-millet-et-aloe-vera-500-ml-sans-sulfate\/#breadcrumb","itemListElement":[{"@type":"ListItem","position":1,"name":"Accueil","item":"https:\/\/paracherkaoui.ma\/"},{"@type":"ListItem","position":2,"name":"Boutique","item":"https:\/\/paracherkaoui.ma\/index.php\/boutique\/"},{"@type":"ListItem","position":3,"name":"CATTIER MOUSSANT FAMILIAL CORPS ET CHEVEUX MILLET ET ALOE VERA 500 ML SANS SULFATE"}]},{"@type":"WebSite","@id":"https:\/\/paracherkaoui.ma\/#website","url":"https:\/\/paracherkaoui.ma\/","name":"Paracherkaoui.ma","description":"Achetez en ligne sur Paracherkaoui.ma","potentialAction":[{"@type":"SearchAction","target":{"@type":"EntryPoint","urlTemplate":"https:\/\/paracherkaoui.ma\/?s={search_term_string}"},"query-input":{"@type":"PropertyValueSpecification","valueRequired":true,"valueName":"search_term_string"}}],"inLanguage":"fr-FR"}]}},"_links":{"self":[{"href":"https:\/\/paracherkaoui.ma\/index.php\/wp-json\/wp\/v2\/product\/35519","targetHints":{"allow":["GET"]}}],"collection":[{"href":"https:\/\/paracherkaoui.ma\/index.php\/wp-json\/wp\/v2\/product"}],"about":[{"href":"https:\/\/paracherkaoui.ma\/index.php\/wp-json\/wp\/v2\/types\/product"}],"replies":[{"embeddable":true,"href":"https:\/\/paracherkaoui.ma\/index.php\/wp-json\/wp\/v2\/comments?post=35519"}],"version-history":[{"count":1,"href":"https:\/\/paracherkaoui.ma\/index.php\/wp-json\/wp\/v2\/product\/35519\/revisions"}],"predecessor-version":[{"id":35574,"href":"https:\/\/paracherkaoui.ma\/index.php\/wp-json\/wp\/v2\/product\/35519\/revisions\/35574"}],"wp:featuredmedia":[{"embeddable":true,"href":"https:\/\/paracherkaoui.ma\/index.php\/wp-json\/wp\/v2\/media\/35573"}],"wp:attachment":[{"href":"https:\/\/paracherkaoui.ma\/index.php\/wp-json\/wp\/v2\/media?parent=35519"}],"wp:term":[{"taxonomy":"product_brand","embeddable":true,"href":"https:\/\/paracherkaoui.ma\/index.php\/wp-json\/wp\/v2\/product_brand?post=35519"},{"taxonomy":"product_cat","embeddable":true,"href":"https:\/\/paracherkaoui.ma\/index.php\/wp-json\/wp\/v2\/product_cat?post=35519"},{"taxonomy":"product_tag","embeddable":true,"href":"https:\/\/paracherkaoui.ma\/index.php\/wp-json\/wp\/v2\/product_tag?post=35519"}],"curies":[{"name":"wp","href":"https:\/\/api.w.org\/{rel}","templated":true}]}}