{"id":35517,"date":"2025-12-12T18:54:16","date_gmt":"2025-12-12T17:54:16","guid":{"rendered":"https:\/\/test.ecbeaute.com\/?post_type=product&#038;p=35517"},"modified":"2025-12-12T18:54:22","modified_gmt":"2025-12-12T17:54:22","slug":"weleda-gel-douche-energisant-pour-hommes-200-ml","status":"publish","type":"product","link":"https:\/\/paracherkaoui.ma\/index.php\/produit\/weleda-gel-douche-energisant-pour-hommes-200-ml\/","title":{"rendered":"WELEDA GEL DOUCHE ENERGISANT POUR HOMMES 200 ML"},"content":{"rendered":"<p>Ce gel douche \u00e9nergisant nettoie la peau en douceur et diffuse un parfum frais, aromatique et stimulant. Un cocktail tonique, alliance subtile d\u2019huiles essentielles 100% naturelles, dont le romarin d\u2019origine biologique pour un accent frais et stimulant. Note bois\u00e9e, chaude et masculine gr\u00e2ce \u00e0 l\u2019essence de v\u00e9tiver.<br \/>\nL\u2019huile essentielle de romarin bio diffuse un parfum frais, aromatique et stimulant. Une texture gel l\u00e9g\u00e8re pour un soin qui r\u00e9pond aux pr\u00e9f\u00e9rences des hommes en la mati\u00e8re et respecte parfaitement la sp\u00e9cificit\u00e9 de leur \u00e9piderme, sans dess\u00e9cher la peau.<br \/>\nDouceur garantie gr\u00e2ce \u00e0 sa base lavante v\u00e9g\u00e9tale douce et biod\u00e9gradable, complexe de tensio-actifs d\u2019origine v\u00e9g\u00e9tale.<\/p>\n","protected":false},"excerpt":{"rendered":"<p>Ce gel douche \u00e9nergisant nettoie la peau en douceur et diffuse un parfum frais, aromatique et stimulant. Un cocktail tonique,<\/p>\n","protected":false},"featured_media":35569,"comment_status":"open","ping_status":"closed","template":"","meta":[],"product_brand":[313],"product_cat":[631],"product_tag":[],"class_list":{"0":"post-35517","1":"product","2":"type-product","3":"status-publish","4":"has-post-thumbnail","6":"product_brand-weleda","7":"product_cat-gels-et-huiles-lavants","9":"first","10":"instock","11":"shipping-taxable","12":"purchasable","13":"product-type-simple"},"yoast_head":"<!-- This site is optimized with the Yoast SEO plugin v26.6 - https:\/\/yoast.com\/wordpress\/plugins\/seo\/ -->\r\n<title>WELEDA GEL DOUCHE ENERGISANT POUR HOMMES 200 ML - Paracherkaoui.ma<\/title>\r\n<meta name=\"robots\" content=\"index, follow, max-snippet:-1, max-image-preview:large, max-video-preview:-1\" \/>\r\n<link rel=\"canonical\" href=\"https:\/\/paracherkaoui.ma\/index.php\/produit\/weleda-gel-douche-energisant-pour-hommes-200-ml\/\" \/>\r\n<meta property=\"og:locale\" content=\"fr_FR\" \/>\r\n<meta property=\"og:type\" content=\"article\" \/>\r\n<meta property=\"og:title\" content=\"WELEDA GEL DOUCHE ENERGISANT POUR HOMMES 200 ML - Paracherkaoui.ma\" \/>\r\n<meta property=\"og:description\" content=\"Ce gel douche \u00e9nergisant nettoie la peau en douceur et diffuse un parfum frais, aromatique et stimulant. Un cocktail tonique,\" \/>\r\n<meta property=\"og:url\" content=\"https:\/\/paracherkaoui.ma\/index.php\/produit\/weleda-gel-douche-energisant-pour-hommes-200-ml\/\" \/>\r\n<meta property=\"og:site_name\" content=\"Paracherkaoui.ma\" \/>\r\n<meta property=\"article:modified_time\" content=\"2025-12-12T17:54:22+00:00\" \/>\r\n<meta property=\"og:image\" content=\"https:\/\/paracherkaoui.ma\/wp-content\/uploads\/2025\/12\/weleda-weleda-gel-douche-energisant-pour-hommes-200-ml-gels-et-huiles-lavants.jpg\" \/>\r\n\t<meta property=\"og:image:width\" content=\"700\" \/>\r\n\t<meta property=\"og:image:height\" content=\"700\" \/>\r\n\t<meta property=\"og:image:type\" content=\"image\/jpeg\" \/>\r\n<meta name=\"twitter:card\" content=\"summary_large_image\" \/>\r\n<meta name=\"twitter:label1\" content=\"Dur\u00e9e de lecture estim\u00e9e\" \/>\n\t<meta name=\"twitter:data1\" content=\"1 minute\" \/>\r\n<script type=\"application\/ld+json\" class=\"yoast-schema-graph\">{\"@context\":\"https:\/\/schema.org\",\"@graph\":[{\"@type\":\"WebPage\",\"@id\":\"https:\/\/paracherkaoui.ma\/index.php\/produit\/weleda-gel-douche-energisant-pour-hommes-200-ml\/\",\"url\":\"https:\/\/paracherkaoui.ma\/index.php\/produit\/weleda-gel-douche-energisant-pour-hommes-200-ml\/\",\"name\":\"WELEDA GEL DOUCHE ENERGISANT POUR HOMMES 200 ML - Paracherkaoui.ma\",\"isPartOf\":{\"@id\":\"https:\/\/paracherkaoui.ma\/#website\"},\"primaryImageOfPage\":{\"@id\":\"https:\/\/paracherkaoui.ma\/index.php\/produit\/weleda-gel-douche-energisant-pour-hommes-200-ml\/#primaryimage\"},\"image\":{\"@id\":\"https:\/\/paracherkaoui.ma\/index.php\/produit\/weleda-gel-douche-energisant-pour-hommes-200-ml\/#primaryimage\"},\"thumbnailUrl\":\"https:\/\/paracherkaoui.ma\/wp-content\/uploads\/2025\/12\/weleda-weleda-gel-douche-energisant-pour-hommes-200-ml-gels-et-huiles-lavants.jpg\",\"datePublished\":\"2025-12-12T17:54:16+00:00\",\"dateModified\":\"2025-12-12T17:54:22+00:00\",\"breadcrumb\":{\"@id\":\"https:\/\/paracherkaoui.ma\/index.php\/produit\/weleda-gel-douche-energisant-pour-hommes-200-ml\/#breadcrumb\"},\"inLanguage\":\"fr-FR\",\"potentialAction\":[{\"@type\":\"ReadAction\",\"target\":[\"https:\/\/paracherkaoui.ma\/index.php\/produit\/weleda-gel-douche-energisant-pour-hommes-200-ml\/\"]}]},{\"@type\":\"ImageObject\",\"inLanguage\":\"fr-FR\",\"@id\":\"https:\/\/paracherkaoui.ma\/index.php\/produit\/weleda-gel-douche-energisant-pour-hommes-200-ml\/#primaryimage\",\"url\":\"https:\/\/paracherkaoui.ma\/wp-content\/uploads\/2025\/12\/weleda-weleda-gel-douche-energisant-pour-hommes-200-ml-gels-et-huiles-lavants.jpg\",\"contentUrl\":\"https:\/\/paracherkaoui.ma\/wp-content\/uploads\/2025\/12\/weleda-weleda-gel-douche-energisant-pour-hommes-200-ml-gels-et-huiles-lavants.jpg\",\"width\":700,\"height\":700},{\"@type\":\"BreadcrumbList\",\"@id\":\"https:\/\/paracherkaoui.ma\/index.php\/produit\/weleda-gel-douche-energisant-pour-hommes-200-ml\/#breadcrumb\",\"itemListElement\":[{\"@type\":\"ListItem\",\"position\":1,\"name\":\"Accueil\",\"item\":\"https:\/\/paracherkaoui.ma\/\"},{\"@type\":\"ListItem\",\"position\":2,\"name\":\"Boutique\",\"item\":\"https:\/\/paracherkaoui.ma\/index.php\/boutique\/\"},{\"@type\":\"ListItem\",\"position\":3,\"name\":\"WELEDA GEL DOUCHE ENERGISANT POUR HOMMES 200 ML\"}]},{\"@type\":\"WebSite\",\"@id\":\"https:\/\/paracherkaoui.ma\/#website\",\"url\":\"https:\/\/paracherkaoui.ma\/\",\"name\":\"Paracherkaoui.ma\",\"description\":\"Achetez en ligne sur Paracherkaoui.ma\",\"potentialAction\":[{\"@type\":\"SearchAction\",\"target\":{\"@type\":\"EntryPoint\",\"urlTemplate\":\"https:\/\/paracherkaoui.ma\/?s={search_term_string}\"},\"query-input\":{\"@type\":\"PropertyValueSpecification\",\"valueRequired\":true,\"valueName\":\"search_term_string\"}}],\"inLanguage\":\"fr-FR\"}]}<\/script>\r\n<!-- \/ Yoast SEO plugin. -->","yoast_head_json":{"title":"WELEDA GEL DOUCHE ENERGISANT POUR HOMMES 200 ML - Paracherkaoui.ma","robots":{"index":"index","follow":"follow","max-snippet":"max-snippet:-1","max-image-preview":"max-image-preview:large","max-video-preview":"max-video-preview:-1"},"canonical":"https:\/\/paracherkaoui.ma\/index.php\/produit\/weleda-gel-douche-energisant-pour-hommes-200-ml\/","og_locale":"fr_FR","og_type":"article","og_title":"WELEDA GEL DOUCHE ENERGISANT POUR HOMMES 200 ML - Paracherkaoui.ma","og_description":"Ce gel douche \u00e9nergisant nettoie la peau en douceur et diffuse un parfum frais, aromatique et stimulant. Un cocktail tonique,","og_url":"https:\/\/paracherkaoui.ma\/index.php\/produit\/weleda-gel-douche-energisant-pour-hommes-200-ml\/","og_site_name":"Paracherkaoui.ma","article_modified_time":"2025-12-12T17:54:22+00:00","og_image":[{"width":700,"height":700,"url":"https:\/\/paracherkaoui.ma\/wp-content\/uploads\/2025\/12\/weleda-weleda-gel-douche-energisant-pour-hommes-200-ml-gels-et-huiles-lavants.jpg","type":"image\/jpeg"}],"twitter_card":"summary_large_image","twitter_misc":{"Dur\u00e9e de lecture estim\u00e9e":"1 minute"},"schema":{"@context":"https:\/\/schema.org","@graph":[{"@type":"WebPage","@id":"https:\/\/paracherkaoui.ma\/index.php\/produit\/weleda-gel-douche-energisant-pour-hommes-200-ml\/","url":"https:\/\/paracherkaoui.ma\/index.php\/produit\/weleda-gel-douche-energisant-pour-hommes-200-ml\/","name":"WELEDA GEL DOUCHE ENERGISANT POUR HOMMES 200 ML - Paracherkaoui.ma","isPartOf":{"@id":"https:\/\/paracherkaoui.ma\/#website"},"primaryImageOfPage":{"@id":"https:\/\/paracherkaoui.ma\/index.php\/produit\/weleda-gel-douche-energisant-pour-hommes-200-ml\/#primaryimage"},"image":{"@id":"https:\/\/paracherkaoui.ma\/index.php\/produit\/weleda-gel-douche-energisant-pour-hommes-200-ml\/#primaryimage"},"thumbnailUrl":"https:\/\/paracherkaoui.ma\/wp-content\/uploads\/2025\/12\/weleda-weleda-gel-douche-energisant-pour-hommes-200-ml-gels-et-huiles-lavants.jpg","datePublished":"2025-12-12T17:54:16+00:00","dateModified":"2025-12-12T17:54:22+00:00","breadcrumb":{"@id":"https:\/\/paracherkaoui.ma\/index.php\/produit\/weleda-gel-douche-energisant-pour-hommes-200-ml\/#breadcrumb"},"inLanguage":"fr-FR","potentialAction":[{"@type":"ReadAction","target":["https:\/\/paracherkaoui.ma\/index.php\/produit\/weleda-gel-douche-energisant-pour-hommes-200-ml\/"]}]},{"@type":"ImageObject","inLanguage":"fr-FR","@id":"https:\/\/paracherkaoui.ma\/index.php\/produit\/weleda-gel-douche-energisant-pour-hommes-200-ml\/#primaryimage","url":"https:\/\/paracherkaoui.ma\/wp-content\/uploads\/2025\/12\/weleda-weleda-gel-douche-energisant-pour-hommes-200-ml-gels-et-huiles-lavants.jpg","contentUrl":"https:\/\/paracherkaoui.ma\/wp-content\/uploads\/2025\/12\/weleda-weleda-gel-douche-energisant-pour-hommes-200-ml-gels-et-huiles-lavants.jpg","width":700,"height":700},{"@type":"BreadcrumbList","@id":"https:\/\/paracherkaoui.ma\/index.php\/produit\/weleda-gel-douche-energisant-pour-hommes-200-ml\/#breadcrumb","itemListElement":[{"@type":"ListItem","position":1,"name":"Accueil","item":"https:\/\/paracherkaoui.ma\/"},{"@type":"ListItem","position":2,"name":"Boutique","item":"https:\/\/paracherkaoui.ma\/index.php\/boutique\/"},{"@type":"ListItem","position":3,"name":"WELEDA GEL DOUCHE ENERGISANT POUR HOMMES 200 ML"}]},{"@type":"WebSite","@id":"https:\/\/paracherkaoui.ma\/#website","url":"https:\/\/paracherkaoui.ma\/","name":"Paracherkaoui.ma","description":"Achetez en ligne sur Paracherkaoui.ma","potentialAction":[{"@type":"SearchAction","target":{"@type":"EntryPoint","urlTemplate":"https:\/\/paracherkaoui.ma\/?s={search_term_string}"},"query-input":{"@type":"PropertyValueSpecification","valueRequired":true,"valueName":"search_term_string"}}],"inLanguage":"fr-FR"}]}},"_links":{"self":[{"href":"https:\/\/paracherkaoui.ma\/index.php\/wp-json\/wp\/v2\/product\/35517","targetHints":{"allow":["GET"]}}],"collection":[{"href":"https:\/\/paracherkaoui.ma\/index.php\/wp-json\/wp\/v2\/product"}],"about":[{"href":"https:\/\/paracherkaoui.ma\/index.php\/wp-json\/wp\/v2\/types\/product"}],"replies":[{"embeddable":true,"href":"https:\/\/paracherkaoui.ma\/index.php\/wp-json\/wp\/v2\/comments?post=35517"}],"version-history":[{"count":1,"href":"https:\/\/paracherkaoui.ma\/index.php\/wp-json\/wp\/v2\/product\/35517\/revisions"}],"predecessor-version":[{"id":35570,"href":"https:\/\/paracherkaoui.ma\/index.php\/wp-json\/wp\/v2\/product\/35517\/revisions\/35570"}],"wp:featuredmedia":[{"embeddable":true,"href":"https:\/\/paracherkaoui.ma\/index.php\/wp-json\/wp\/v2\/media\/35569"}],"wp:attachment":[{"href":"https:\/\/paracherkaoui.ma\/index.php\/wp-json\/wp\/v2\/media?parent=35517"}],"wp:term":[{"taxonomy":"product_brand","embeddable":true,"href":"https:\/\/paracherkaoui.ma\/index.php\/wp-json\/wp\/v2\/product_brand?post=35517"},{"taxonomy":"product_cat","embeddable":true,"href":"https:\/\/paracherkaoui.ma\/index.php\/wp-json\/wp\/v2\/product_cat?post=35517"},{"taxonomy":"product_tag","embeddable":true,"href":"https:\/\/paracherkaoui.ma\/index.php\/wp-json\/wp\/v2\/product_tag?post=35517"}],"curies":[{"name":"wp","href":"https:\/\/api.w.org\/{rel}","templated":true}]}}