{"id":35516,"date":"2025-12-12T18:54:16","date_gmt":"2025-12-12T17:54:16","guid":{"rendered":"https:\/\/test.ecbeaute.com\/?post_type=product&#038;p=35516"},"modified":"2025-12-12T18:54:22","modified_gmt":"2025-12-12T17:54:22","slug":"neutraderm-gel-douche-surgras-dermo-protecteur-500ml","status":"publish","type":"product","link":"https:\/\/paracherkaoui.ma\/index.php\/produit\/neutraderm-gel-douche-surgras-dermo-protecteur-500ml\/","title":{"rendered":"NEUTRADERM GEL DOUCHE SURGRAS DERMO PROTECTEUR 500Ml"},"content":{"rendered":"<p>e Gel Douche Surgras DERMO-PROTECTEUR est sp\u00e9cialement formul\u00e9 pour nettoyer tout en douceur les peaux sensibles et s\u00e8ches. Mousse onctueuse.<br \/>\nLaisse un film protecteur sur la peau qui aide \u00e0 lutter contre le dess\u00e8chement cutan\u00e9. La peau est apais\u00e9e, nourrie et douce.\u00a0Test\u00e9 sous contr\u00f4le dermatologique, pH neutre(2).<br \/>\nConseil d\u2019utilisation :<br \/>\nAppliquer sur la peau humide. Faire mousser puis rincer.<\/p>\n","protected":false},"excerpt":{"rendered":"<p>e Gel Douche Surgras DERMO-PROTECTEUR est sp\u00e9cialement formul\u00e9 pour nettoyer tout en douceur les peaux sensibles et s\u00e8ches. Mousse onctueuse.<\/p>\n","protected":false},"featured_media":35567,"comment_status":"open","ping_status":"closed","template":"","meta":[],"product_brand":[325],"product_cat":[631],"product_tag":[],"class_list":{"0":"post-35516","1":"product","2":"type-product","3":"status-publish","4":"has-post-thumbnail","6":"product_brand-neutraderm","7":"product_cat-gels-et-huiles-lavants","9":"first","10":"instock","11":"sale","12":"shipping-taxable","13":"purchasable","14":"product-type-simple"},"yoast_head":"<!-- This site is optimized with the Yoast SEO plugin v26.6 - https:\/\/yoast.com\/wordpress\/plugins\/seo\/ -->\r\n<title>NEUTRADERM GEL DOUCHE SURGRAS DERMO PROTECTEUR 500Ml - Paracherkaoui.ma<\/title>\r\n<meta name=\"robots\" content=\"index, follow, max-snippet:-1, max-image-preview:large, max-video-preview:-1\" \/>\r\n<link rel=\"canonical\" href=\"https:\/\/paracherkaoui.ma\/index.php\/produit\/neutraderm-gel-douche-surgras-dermo-protecteur-500ml\/\" \/>\r\n<meta property=\"og:locale\" content=\"fr_FR\" \/>\r\n<meta property=\"og:type\" content=\"article\" \/>\r\n<meta property=\"og:title\" content=\"NEUTRADERM GEL DOUCHE SURGRAS DERMO PROTECTEUR 500Ml - Paracherkaoui.ma\" \/>\r\n<meta property=\"og:description\" content=\"e Gel Douche Surgras DERMO-PROTECTEUR est sp\u00e9cialement formul\u00e9 pour nettoyer tout en douceur les peaux sensibles et s\u00e8ches. Mousse onctueuse.\" \/>\r\n<meta property=\"og:url\" content=\"https:\/\/paracherkaoui.ma\/index.php\/produit\/neutraderm-gel-douche-surgras-dermo-protecteur-500ml\/\" \/>\r\n<meta property=\"og:site_name\" content=\"Paracherkaoui.ma\" \/>\r\n<meta property=\"article:modified_time\" content=\"2025-12-12T17:54:22+00:00\" \/>\r\n<meta property=\"og:image\" content=\"https:\/\/paracherkaoui.ma\/wp-content\/uploads\/2025\/12\/neutraderm-neutraderm-gel-douche-surgras-dermo-protecteur-500ml-gel-douche-et-savon-liquide.jpg\" \/>\r\n\t<meta property=\"og:image:width\" content=\"700\" \/>\r\n\t<meta property=\"og:image:height\" content=\"700\" \/>\r\n\t<meta property=\"og:image:type\" content=\"image\/jpeg\" \/>\r\n<meta name=\"twitter:card\" content=\"summary_large_image\" \/>\r\n<script type=\"application\/ld+json\" class=\"yoast-schema-graph\">{\"@context\":\"https:\/\/schema.org\",\"@graph\":[{\"@type\":\"WebPage\",\"@id\":\"https:\/\/paracherkaoui.ma\/index.php\/produit\/neutraderm-gel-douche-surgras-dermo-protecteur-500ml\/\",\"url\":\"https:\/\/paracherkaoui.ma\/index.php\/produit\/neutraderm-gel-douche-surgras-dermo-protecteur-500ml\/\",\"name\":\"NEUTRADERM GEL DOUCHE SURGRAS DERMO PROTECTEUR 500Ml - Paracherkaoui.ma\",\"isPartOf\":{\"@id\":\"https:\/\/paracherkaoui.ma\/#website\"},\"primaryImageOfPage\":{\"@id\":\"https:\/\/paracherkaoui.ma\/index.php\/produit\/neutraderm-gel-douche-surgras-dermo-protecteur-500ml\/#primaryimage\"},\"image\":{\"@id\":\"https:\/\/paracherkaoui.ma\/index.php\/produit\/neutraderm-gel-douche-surgras-dermo-protecteur-500ml\/#primaryimage\"},\"thumbnailUrl\":\"https:\/\/paracherkaoui.ma\/wp-content\/uploads\/2025\/12\/neutraderm-neutraderm-gel-douche-surgras-dermo-protecteur-500ml-gel-douche-et-savon-liquide.jpg\",\"datePublished\":\"2025-12-12T17:54:16+00:00\",\"dateModified\":\"2025-12-12T17:54:22+00:00\",\"breadcrumb\":{\"@id\":\"https:\/\/paracherkaoui.ma\/index.php\/produit\/neutraderm-gel-douche-surgras-dermo-protecteur-500ml\/#breadcrumb\"},\"inLanguage\":\"fr-FR\",\"potentialAction\":[{\"@type\":\"ReadAction\",\"target\":[\"https:\/\/paracherkaoui.ma\/index.php\/produit\/neutraderm-gel-douche-surgras-dermo-protecteur-500ml\/\"]}]},{\"@type\":\"ImageObject\",\"inLanguage\":\"fr-FR\",\"@id\":\"https:\/\/paracherkaoui.ma\/index.php\/produit\/neutraderm-gel-douche-surgras-dermo-protecteur-500ml\/#primaryimage\",\"url\":\"https:\/\/paracherkaoui.ma\/wp-content\/uploads\/2025\/12\/neutraderm-neutraderm-gel-douche-surgras-dermo-protecteur-500ml-gel-douche-et-savon-liquide.jpg\",\"contentUrl\":\"https:\/\/paracherkaoui.ma\/wp-content\/uploads\/2025\/12\/neutraderm-neutraderm-gel-douche-surgras-dermo-protecteur-500ml-gel-douche-et-savon-liquide.jpg\",\"width\":700,\"height\":700},{\"@type\":\"BreadcrumbList\",\"@id\":\"https:\/\/paracherkaoui.ma\/index.php\/produit\/neutraderm-gel-douche-surgras-dermo-protecteur-500ml\/#breadcrumb\",\"itemListElement\":[{\"@type\":\"ListItem\",\"position\":1,\"name\":\"Accueil\",\"item\":\"https:\/\/paracherkaoui.ma\/\"},{\"@type\":\"ListItem\",\"position\":2,\"name\":\"Boutique\",\"item\":\"https:\/\/paracherkaoui.ma\/index.php\/boutique\/\"},{\"@type\":\"ListItem\",\"position\":3,\"name\":\"NEUTRADERM GEL DOUCHE SURGRAS DERMO PROTECTEUR 500Ml\"}]},{\"@type\":\"WebSite\",\"@id\":\"https:\/\/paracherkaoui.ma\/#website\",\"url\":\"https:\/\/paracherkaoui.ma\/\",\"name\":\"Paracherkaoui.ma\",\"description\":\"Achetez en ligne sur Paracherkaoui.ma\",\"potentialAction\":[{\"@type\":\"SearchAction\",\"target\":{\"@type\":\"EntryPoint\",\"urlTemplate\":\"https:\/\/paracherkaoui.ma\/?s={search_term_string}\"},\"query-input\":{\"@type\":\"PropertyValueSpecification\",\"valueRequired\":true,\"valueName\":\"search_term_string\"}}],\"inLanguage\":\"fr-FR\"}]}<\/script>\r\n<!-- \/ Yoast SEO plugin. -->","yoast_head_json":{"title":"NEUTRADERM GEL DOUCHE SURGRAS DERMO PROTECTEUR 500Ml - Paracherkaoui.ma","robots":{"index":"index","follow":"follow","max-snippet":"max-snippet:-1","max-image-preview":"max-image-preview:large","max-video-preview":"max-video-preview:-1"},"canonical":"https:\/\/paracherkaoui.ma\/index.php\/produit\/neutraderm-gel-douche-surgras-dermo-protecteur-500ml\/","og_locale":"fr_FR","og_type":"article","og_title":"NEUTRADERM GEL DOUCHE SURGRAS DERMO PROTECTEUR 500Ml - Paracherkaoui.ma","og_description":"e Gel Douche Surgras DERMO-PROTECTEUR est sp\u00e9cialement formul\u00e9 pour nettoyer tout en douceur les peaux sensibles et s\u00e8ches. Mousse onctueuse.","og_url":"https:\/\/paracherkaoui.ma\/index.php\/produit\/neutraderm-gel-douche-surgras-dermo-protecteur-500ml\/","og_site_name":"Paracherkaoui.ma","article_modified_time":"2025-12-12T17:54:22+00:00","og_image":[{"width":700,"height":700,"url":"https:\/\/paracherkaoui.ma\/wp-content\/uploads\/2025\/12\/neutraderm-neutraderm-gel-douche-surgras-dermo-protecteur-500ml-gel-douche-et-savon-liquide.jpg","type":"image\/jpeg"}],"twitter_card":"summary_large_image","schema":{"@context":"https:\/\/schema.org","@graph":[{"@type":"WebPage","@id":"https:\/\/paracherkaoui.ma\/index.php\/produit\/neutraderm-gel-douche-surgras-dermo-protecteur-500ml\/","url":"https:\/\/paracherkaoui.ma\/index.php\/produit\/neutraderm-gel-douche-surgras-dermo-protecteur-500ml\/","name":"NEUTRADERM GEL DOUCHE SURGRAS DERMO PROTECTEUR 500Ml - Paracherkaoui.ma","isPartOf":{"@id":"https:\/\/paracherkaoui.ma\/#website"},"primaryImageOfPage":{"@id":"https:\/\/paracherkaoui.ma\/index.php\/produit\/neutraderm-gel-douche-surgras-dermo-protecteur-500ml\/#primaryimage"},"image":{"@id":"https:\/\/paracherkaoui.ma\/index.php\/produit\/neutraderm-gel-douche-surgras-dermo-protecteur-500ml\/#primaryimage"},"thumbnailUrl":"https:\/\/paracherkaoui.ma\/wp-content\/uploads\/2025\/12\/neutraderm-neutraderm-gel-douche-surgras-dermo-protecteur-500ml-gel-douche-et-savon-liquide.jpg","datePublished":"2025-12-12T17:54:16+00:00","dateModified":"2025-12-12T17:54:22+00:00","breadcrumb":{"@id":"https:\/\/paracherkaoui.ma\/index.php\/produit\/neutraderm-gel-douche-surgras-dermo-protecteur-500ml\/#breadcrumb"},"inLanguage":"fr-FR","potentialAction":[{"@type":"ReadAction","target":["https:\/\/paracherkaoui.ma\/index.php\/produit\/neutraderm-gel-douche-surgras-dermo-protecteur-500ml\/"]}]},{"@type":"ImageObject","inLanguage":"fr-FR","@id":"https:\/\/paracherkaoui.ma\/index.php\/produit\/neutraderm-gel-douche-surgras-dermo-protecteur-500ml\/#primaryimage","url":"https:\/\/paracherkaoui.ma\/wp-content\/uploads\/2025\/12\/neutraderm-neutraderm-gel-douche-surgras-dermo-protecteur-500ml-gel-douche-et-savon-liquide.jpg","contentUrl":"https:\/\/paracherkaoui.ma\/wp-content\/uploads\/2025\/12\/neutraderm-neutraderm-gel-douche-surgras-dermo-protecteur-500ml-gel-douche-et-savon-liquide.jpg","width":700,"height":700},{"@type":"BreadcrumbList","@id":"https:\/\/paracherkaoui.ma\/index.php\/produit\/neutraderm-gel-douche-surgras-dermo-protecteur-500ml\/#breadcrumb","itemListElement":[{"@type":"ListItem","position":1,"name":"Accueil","item":"https:\/\/paracherkaoui.ma\/"},{"@type":"ListItem","position":2,"name":"Boutique","item":"https:\/\/paracherkaoui.ma\/index.php\/boutique\/"},{"@type":"ListItem","position":3,"name":"NEUTRADERM GEL DOUCHE SURGRAS DERMO PROTECTEUR 500Ml"}]},{"@type":"WebSite","@id":"https:\/\/paracherkaoui.ma\/#website","url":"https:\/\/paracherkaoui.ma\/","name":"Paracherkaoui.ma","description":"Achetez en ligne sur Paracherkaoui.ma","potentialAction":[{"@type":"SearchAction","target":{"@type":"EntryPoint","urlTemplate":"https:\/\/paracherkaoui.ma\/?s={search_term_string}"},"query-input":{"@type":"PropertyValueSpecification","valueRequired":true,"valueName":"search_term_string"}}],"inLanguage":"fr-FR"}]}},"_links":{"self":[{"href":"https:\/\/paracherkaoui.ma\/index.php\/wp-json\/wp\/v2\/product\/35516","targetHints":{"allow":["GET"]}}],"collection":[{"href":"https:\/\/paracherkaoui.ma\/index.php\/wp-json\/wp\/v2\/product"}],"about":[{"href":"https:\/\/paracherkaoui.ma\/index.php\/wp-json\/wp\/v2\/types\/product"}],"replies":[{"embeddable":true,"href":"https:\/\/paracherkaoui.ma\/index.php\/wp-json\/wp\/v2\/comments?post=35516"}],"version-history":[{"count":1,"href":"https:\/\/paracherkaoui.ma\/index.php\/wp-json\/wp\/v2\/product\/35516\/revisions"}],"predecessor-version":[{"id":35568,"href":"https:\/\/paracherkaoui.ma\/index.php\/wp-json\/wp\/v2\/product\/35516\/revisions\/35568"}],"wp:featuredmedia":[{"embeddable":true,"href":"https:\/\/paracherkaoui.ma\/index.php\/wp-json\/wp\/v2\/media\/35567"}],"wp:attachment":[{"href":"https:\/\/paracherkaoui.ma\/index.php\/wp-json\/wp\/v2\/media?parent=35516"}],"wp:term":[{"taxonomy":"product_brand","embeddable":true,"href":"https:\/\/paracherkaoui.ma\/index.php\/wp-json\/wp\/v2\/product_brand?post=35516"},{"taxonomy":"product_cat","embeddable":true,"href":"https:\/\/paracherkaoui.ma\/index.php\/wp-json\/wp\/v2\/product_cat?post=35516"},{"taxonomy":"product_tag","embeddable":true,"href":"https:\/\/paracherkaoui.ma\/index.php\/wp-json\/wp\/v2\/product_tag?post=35516"}],"curies":[{"name":"wp","href":"https:\/\/api.w.org\/{rel}","templated":true}]}}