{"id":35510,"date":"2025-12-12T18:54:15","date_gmt":"2025-12-12T17:54:15","guid":{"rendered":"https:\/\/test.ecbeaute.com\/?post_type=product&#038;p=35510"},"modified":"2025-12-12T18:54:21","modified_gmt":"2025-12-12T17:54:21","slug":"nuxe-reve-de-miel-gel-lavant-surgras-750-ml","status":"publish","type":"product","link":"https:\/\/paracherkaoui.ma\/index.php\/produit\/nuxe-reve-de-miel-gel-lavant-surgras-750-ml\/","title":{"rendered":"NUXE REVE DE MIEL GEL LAVANT SURGRAS 750 ML"},"content":{"rendered":"<p>D\u00e9couvrez le Gel Lavant Surgras visage et corps R\u00eave de Miel en \u00e9dition limit\u00e9e grand format ultra g\u00e9n\u00e9reux. Ce gel lavant visage et corps surgras, au Miel et Tournesol, onctueux et d\u00e9licieusement miell\u00e9, prend soin quotidiennement des peaux s\u00e8ches et sensibles. Il nettoie le visage et le corps sans dess\u00e9cher.<br \/>\nUn geste pour votre peau et pour la plan\u00e8te avec 92% d&rsquo;ingr\u00e9dients d&rsquo;origine naturelle et un flacon en plastique 100% recycl\u00e9.<br \/>\nConseils d&rsquo;utilisation:<br \/>\nMatin et\/ou soir, massez une noix de gel douche sur la peau de votre corps humide.<br \/>\nProfitez de sa texture fondante et de sa mousse d\u00e9licieuse, puis rincez.<br \/>\nEn cas de contact avec les yeux, rincez.<\/p>\n","protected":false},"excerpt":{"rendered":"<p>D\u00e9couvrez le Gel Lavant Surgras visage et corps R\u00eave de Miel en \u00e9dition limit\u00e9e grand format ultra g\u00e9n\u00e9reux. Ce gel<\/p>\n","protected":false},"featured_media":35555,"comment_status":"open","ping_status":"closed","template":"","meta":[],"product_brand":[230],"product_cat":[631],"product_tag":[],"class_list":{"0":"post-35510","1":"product","2":"type-product","3":"status-publish","4":"has-post-thumbnail","6":"product_brand-nuxe","7":"product_cat-gels-et-huiles-lavants","9":"first","10":"instock","11":"sale","12":"shipping-taxable","13":"purchasable","14":"product-type-simple"},"yoast_head":"<!-- This site is optimized with the Yoast SEO plugin v26.6 - https:\/\/yoast.com\/wordpress\/plugins\/seo\/ -->\r\n<title>NUXE REVE DE MIEL GEL LAVANT SURGRAS 750 ML - Paracherkaoui.ma<\/title>\r\n<meta name=\"robots\" content=\"index, follow, max-snippet:-1, max-image-preview:large, max-video-preview:-1\" \/>\r\n<link rel=\"canonical\" href=\"https:\/\/paracherkaoui.ma\/index.php\/produit\/nuxe-reve-de-miel-gel-lavant-surgras-750-ml\/\" \/>\r\n<meta property=\"og:locale\" content=\"fr_FR\" \/>\r\n<meta property=\"og:type\" content=\"article\" \/>\r\n<meta property=\"og:title\" content=\"NUXE REVE DE MIEL GEL LAVANT SURGRAS 750 ML - Paracherkaoui.ma\" \/>\r\n<meta property=\"og:description\" content=\"D\u00e9couvrez le Gel Lavant Surgras visage et corps R\u00eave de Miel en \u00e9dition limit\u00e9e grand format ultra g\u00e9n\u00e9reux. Ce gel\" \/>\r\n<meta property=\"og:url\" content=\"https:\/\/paracherkaoui.ma\/index.php\/produit\/nuxe-reve-de-miel-gel-lavant-surgras-750-ml\/\" \/>\r\n<meta property=\"og:site_name\" content=\"Paracherkaoui.ma\" \/>\r\n<meta property=\"article:modified_time\" content=\"2025-12-12T17:54:21+00:00\" \/>\r\n<meta property=\"og:image\" content=\"https:\/\/paracherkaoui.ma\/wp-content\/uploads\/2025\/12\/nuxe-nuxe-reve-de-miel-gel-lavant-surgras-750-ml-gels-et-huiles-lavants.jpg\" \/>\r\n\t<meta property=\"og:image:width\" content=\"700\" \/>\r\n\t<meta property=\"og:image:height\" content=\"700\" \/>\r\n\t<meta property=\"og:image:type\" content=\"image\/jpeg\" \/>\r\n<meta name=\"twitter:card\" content=\"summary_large_image\" \/>\r\n<meta name=\"twitter:label1\" content=\"Dur\u00e9e de lecture estim\u00e9e\" \/>\n\t<meta name=\"twitter:data1\" content=\"1 minute\" \/>\r\n<script type=\"application\/ld+json\" class=\"yoast-schema-graph\">{\"@context\":\"https:\/\/schema.org\",\"@graph\":[{\"@type\":\"WebPage\",\"@id\":\"https:\/\/paracherkaoui.ma\/index.php\/produit\/nuxe-reve-de-miel-gel-lavant-surgras-750-ml\/\",\"url\":\"https:\/\/paracherkaoui.ma\/index.php\/produit\/nuxe-reve-de-miel-gel-lavant-surgras-750-ml\/\",\"name\":\"NUXE REVE DE MIEL GEL LAVANT SURGRAS 750 ML - Paracherkaoui.ma\",\"isPartOf\":{\"@id\":\"https:\/\/paracherkaoui.ma\/#website\"},\"primaryImageOfPage\":{\"@id\":\"https:\/\/paracherkaoui.ma\/index.php\/produit\/nuxe-reve-de-miel-gel-lavant-surgras-750-ml\/#primaryimage\"},\"image\":{\"@id\":\"https:\/\/paracherkaoui.ma\/index.php\/produit\/nuxe-reve-de-miel-gel-lavant-surgras-750-ml\/#primaryimage\"},\"thumbnailUrl\":\"https:\/\/paracherkaoui.ma\/wp-content\/uploads\/2025\/12\/nuxe-nuxe-reve-de-miel-gel-lavant-surgras-750-ml-gels-et-huiles-lavants.jpg\",\"datePublished\":\"2025-12-12T17:54:15+00:00\",\"dateModified\":\"2025-12-12T17:54:21+00:00\",\"breadcrumb\":{\"@id\":\"https:\/\/paracherkaoui.ma\/index.php\/produit\/nuxe-reve-de-miel-gel-lavant-surgras-750-ml\/#breadcrumb\"},\"inLanguage\":\"fr-FR\",\"potentialAction\":[{\"@type\":\"ReadAction\",\"target\":[\"https:\/\/paracherkaoui.ma\/index.php\/produit\/nuxe-reve-de-miel-gel-lavant-surgras-750-ml\/\"]}]},{\"@type\":\"ImageObject\",\"inLanguage\":\"fr-FR\",\"@id\":\"https:\/\/paracherkaoui.ma\/index.php\/produit\/nuxe-reve-de-miel-gel-lavant-surgras-750-ml\/#primaryimage\",\"url\":\"https:\/\/paracherkaoui.ma\/wp-content\/uploads\/2025\/12\/nuxe-nuxe-reve-de-miel-gel-lavant-surgras-750-ml-gels-et-huiles-lavants.jpg\",\"contentUrl\":\"https:\/\/paracherkaoui.ma\/wp-content\/uploads\/2025\/12\/nuxe-nuxe-reve-de-miel-gel-lavant-surgras-750-ml-gels-et-huiles-lavants.jpg\",\"width\":700,\"height\":700},{\"@type\":\"BreadcrumbList\",\"@id\":\"https:\/\/paracherkaoui.ma\/index.php\/produit\/nuxe-reve-de-miel-gel-lavant-surgras-750-ml\/#breadcrumb\",\"itemListElement\":[{\"@type\":\"ListItem\",\"position\":1,\"name\":\"Accueil\",\"item\":\"https:\/\/paracherkaoui.ma\/\"},{\"@type\":\"ListItem\",\"position\":2,\"name\":\"Boutique\",\"item\":\"https:\/\/paracherkaoui.ma\/index.php\/boutique\/\"},{\"@type\":\"ListItem\",\"position\":3,\"name\":\"NUXE REVE DE MIEL GEL LAVANT SURGRAS 750 ML\"}]},{\"@type\":\"WebSite\",\"@id\":\"https:\/\/paracherkaoui.ma\/#website\",\"url\":\"https:\/\/paracherkaoui.ma\/\",\"name\":\"Paracherkaoui.ma\",\"description\":\"Achetez en ligne sur Paracherkaoui.ma\",\"potentialAction\":[{\"@type\":\"SearchAction\",\"target\":{\"@type\":\"EntryPoint\",\"urlTemplate\":\"https:\/\/paracherkaoui.ma\/?s={search_term_string}\"},\"query-input\":{\"@type\":\"PropertyValueSpecification\",\"valueRequired\":true,\"valueName\":\"search_term_string\"}}],\"inLanguage\":\"fr-FR\"}]}<\/script>\r\n<!-- \/ Yoast SEO plugin. -->","yoast_head_json":{"title":"NUXE REVE DE MIEL GEL LAVANT SURGRAS 750 ML - Paracherkaoui.ma","robots":{"index":"index","follow":"follow","max-snippet":"max-snippet:-1","max-image-preview":"max-image-preview:large","max-video-preview":"max-video-preview:-1"},"canonical":"https:\/\/paracherkaoui.ma\/index.php\/produit\/nuxe-reve-de-miel-gel-lavant-surgras-750-ml\/","og_locale":"fr_FR","og_type":"article","og_title":"NUXE REVE DE MIEL GEL LAVANT SURGRAS 750 ML - Paracherkaoui.ma","og_description":"D\u00e9couvrez le Gel Lavant Surgras visage et corps R\u00eave de Miel en \u00e9dition limit\u00e9e grand format ultra g\u00e9n\u00e9reux. Ce gel","og_url":"https:\/\/paracherkaoui.ma\/index.php\/produit\/nuxe-reve-de-miel-gel-lavant-surgras-750-ml\/","og_site_name":"Paracherkaoui.ma","article_modified_time":"2025-12-12T17:54:21+00:00","og_image":[{"width":700,"height":700,"url":"https:\/\/paracherkaoui.ma\/wp-content\/uploads\/2025\/12\/nuxe-nuxe-reve-de-miel-gel-lavant-surgras-750-ml-gels-et-huiles-lavants.jpg","type":"image\/jpeg"}],"twitter_card":"summary_large_image","twitter_misc":{"Dur\u00e9e de lecture estim\u00e9e":"1 minute"},"schema":{"@context":"https:\/\/schema.org","@graph":[{"@type":"WebPage","@id":"https:\/\/paracherkaoui.ma\/index.php\/produit\/nuxe-reve-de-miel-gel-lavant-surgras-750-ml\/","url":"https:\/\/paracherkaoui.ma\/index.php\/produit\/nuxe-reve-de-miel-gel-lavant-surgras-750-ml\/","name":"NUXE REVE DE MIEL GEL LAVANT SURGRAS 750 ML - Paracherkaoui.ma","isPartOf":{"@id":"https:\/\/paracherkaoui.ma\/#website"},"primaryImageOfPage":{"@id":"https:\/\/paracherkaoui.ma\/index.php\/produit\/nuxe-reve-de-miel-gel-lavant-surgras-750-ml\/#primaryimage"},"image":{"@id":"https:\/\/paracherkaoui.ma\/index.php\/produit\/nuxe-reve-de-miel-gel-lavant-surgras-750-ml\/#primaryimage"},"thumbnailUrl":"https:\/\/paracherkaoui.ma\/wp-content\/uploads\/2025\/12\/nuxe-nuxe-reve-de-miel-gel-lavant-surgras-750-ml-gels-et-huiles-lavants.jpg","datePublished":"2025-12-12T17:54:15+00:00","dateModified":"2025-12-12T17:54:21+00:00","breadcrumb":{"@id":"https:\/\/paracherkaoui.ma\/index.php\/produit\/nuxe-reve-de-miel-gel-lavant-surgras-750-ml\/#breadcrumb"},"inLanguage":"fr-FR","potentialAction":[{"@type":"ReadAction","target":["https:\/\/paracherkaoui.ma\/index.php\/produit\/nuxe-reve-de-miel-gel-lavant-surgras-750-ml\/"]}]},{"@type":"ImageObject","inLanguage":"fr-FR","@id":"https:\/\/paracherkaoui.ma\/index.php\/produit\/nuxe-reve-de-miel-gel-lavant-surgras-750-ml\/#primaryimage","url":"https:\/\/paracherkaoui.ma\/wp-content\/uploads\/2025\/12\/nuxe-nuxe-reve-de-miel-gel-lavant-surgras-750-ml-gels-et-huiles-lavants.jpg","contentUrl":"https:\/\/paracherkaoui.ma\/wp-content\/uploads\/2025\/12\/nuxe-nuxe-reve-de-miel-gel-lavant-surgras-750-ml-gels-et-huiles-lavants.jpg","width":700,"height":700},{"@type":"BreadcrumbList","@id":"https:\/\/paracherkaoui.ma\/index.php\/produit\/nuxe-reve-de-miel-gel-lavant-surgras-750-ml\/#breadcrumb","itemListElement":[{"@type":"ListItem","position":1,"name":"Accueil","item":"https:\/\/paracherkaoui.ma\/"},{"@type":"ListItem","position":2,"name":"Boutique","item":"https:\/\/paracherkaoui.ma\/index.php\/boutique\/"},{"@type":"ListItem","position":3,"name":"NUXE REVE DE MIEL GEL LAVANT SURGRAS 750 ML"}]},{"@type":"WebSite","@id":"https:\/\/paracherkaoui.ma\/#website","url":"https:\/\/paracherkaoui.ma\/","name":"Paracherkaoui.ma","description":"Achetez en ligne sur Paracherkaoui.ma","potentialAction":[{"@type":"SearchAction","target":{"@type":"EntryPoint","urlTemplate":"https:\/\/paracherkaoui.ma\/?s={search_term_string}"},"query-input":{"@type":"PropertyValueSpecification","valueRequired":true,"valueName":"search_term_string"}}],"inLanguage":"fr-FR"}]}},"_links":{"self":[{"href":"https:\/\/paracherkaoui.ma\/index.php\/wp-json\/wp\/v2\/product\/35510","targetHints":{"allow":["GET"]}}],"collection":[{"href":"https:\/\/paracherkaoui.ma\/index.php\/wp-json\/wp\/v2\/product"}],"about":[{"href":"https:\/\/paracherkaoui.ma\/index.php\/wp-json\/wp\/v2\/types\/product"}],"replies":[{"embeddable":true,"href":"https:\/\/paracherkaoui.ma\/index.php\/wp-json\/wp\/v2\/comments?post=35510"}],"version-history":[{"count":1,"href":"https:\/\/paracherkaoui.ma\/index.php\/wp-json\/wp\/v2\/product\/35510\/revisions"}],"predecessor-version":[{"id":35556,"href":"https:\/\/paracherkaoui.ma\/index.php\/wp-json\/wp\/v2\/product\/35510\/revisions\/35556"}],"wp:featuredmedia":[{"embeddable":true,"href":"https:\/\/paracherkaoui.ma\/index.php\/wp-json\/wp\/v2\/media\/35555"}],"wp:attachment":[{"href":"https:\/\/paracherkaoui.ma\/index.php\/wp-json\/wp\/v2\/media?parent=35510"}],"wp:term":[{"taxonomy":"product_brand","embeddable":true,"href":"https:\/\/paracherkaoui.ma\/index.php\/wp-json\/wp\/v2\/product_brand?post=35510"},{"taxonomy":"product_cat","embeddable":true,"href":"https:\/\/paracherkaoui.ma\/index.php\/wp-json\/wp\/v2\/product_cat?post=35510"},{"taxonomy":"product_tag","embeddable":true,"href":"https:\/\/paracherkaoui.ma\/index.php\/wp-json\/wp\/v2\/product_tag?post=35510"}],"curies":[{"name":"wp","href":"https:\/\/api.w.org\/{rel}","templated":true}]}}