{"id":35496,"date":"2025-12-12T18:54:14","date_gmt":"2025-12-12T17:54:14","guid":{"rendered":"https:\/\/test.ecbeaute.com\/?post_type=product&#038;p=35496"},"modified":"2025-12-12T18:54:17","modified_gmt":"2025-12-12T17:54:17","slug":"svr-topialyse-gel-lavant-recharge-1l","status":"publish","type":"product","link":"https:\/\/paracherkaoui.ma\/index.php\/produit\/svr-topialyse-gel-lavant-recharge-1l\/","title":{"rendered":"SVR TOPIALYSE GEL LAVANT RECHARGE 1L"},"content":{"rendered":"<p>SVR, expert en dermo-cosm\u00e9tique, a formul\u00e9 ce gel lavant innovant pour une action compl\u00e8te et une efficacit\u00e9 prouv\u00e9e sur les peaux les plus exigeantes :<br \/>\nNettoie en Douceur et Prot\u00e8ge la Peau des Facteurs Dess\u00e9chants : Ce gel lavant est une v\u00e9ritable prouesse de douceur. Sa formule est con\u00e7ue pour nettoyer en douceur votre peau sans l&rsquo;agresser. Il agit comme un bouclier pour la prot\u00e9ger des facteurs dess\u00e9chants pr\u00e9sents dans l&rsquo;eau calcaire, les irritations et autres agressions. C&rsquo;est le premier pas pour une peau saine et \u00e9quilibr\u00e9e.<br \/>\nAction Apaisante et Hydratante 24h : Le Confort Retrouv\u00e9 ! Topialyse Gel Lavant ne se limite pas au nettoyage. Sa formule apaisante et hydratante offre une action de soin imm\u00e9diate et prolong\u00e9e. Il r\u00e9duit les sensations de grattage et adoucit la peau pour un confort imm\u00e9diat et longue dur\u00e9e. Une seule utilisation suffit pour ressentir ses bienfaits. Son action hydratante qui dure 24h garantit une peau souple et confortable du matin au soir.<br \/>\nUne Exp\u00e9rience Sensorielle Agr\u00e9able : Le Plaisir de la Douche ! Le soin ne se limite pas \u00e0 l&rsquo;efficacit\u00e9, il est aussi une question de plaisir. Laissez-vous envelopper par sa mousse onctueuse et son parfum d\u00e9licat. Cette mousse riche et g\u00e9n\u00e9reuse transforme chaque douche en un moment de pure d\u00e9tente et de bien-\u00eatre, pour une peau nettoy\u00e9e et prot\u00e9g\u00e9e jour apr\u00e8s jour.<br \/>\nFormat Recharge 1L : \u00c9cologique et \u00c9conomique ! Dans une d\u00e9marche respectueuse de l&rsquo;environnement, le gel lavant Topialyse est propos\u00e9 en format recharge de 1 litre. C&rsquo;est un choix \u00e9cologique qui r\u00e9duit la quantit\u00e9 de plastique utilis\u00e9e. C&rsquo;est \u00e9galement un choix \u00e9conomique qui vous permet de recharger votre flacon habituel, garantissant une utilisation longue dur\u00e9e et un excellent rapport qualit\u00e9-prix.<br \/>\nConseils d&rsquo;utilisation :<br \/>\nAppliquer sur peau mouill\u00e9e, faire mousser, rincer puis s\u00e9cher d\u00e9licatement sans frotter.<br \/>\nVisage, corps, cheveux et hygi\u00e8ne intime.Convient au cuir chevelu, ne pique pas les yeux.<br \/>\nComposition :<br \/>\nQUA\/WATER\/EAU, SODIUM C14-16 OLEFIN SULFONATE, COCO-GLUCOSIDE, COCO-BETAINE, GLYCERIN, PARFUM (FRAGRANCE), CITRIC ACID, SODIUM BENZOATE, POTASSIUM SORBATE, SODIUM PHYTATE<\/p>\n","protected":false},"excerpt":{"rendered":"<p>SVR, expert en dermo-cosm\u00e9tique, a formul\u00e9 ce gel lavant innovant pour une action compl\u00e8te et une efficacit\u00e9 prouv\u00e9e sur les<\/p>\n","protected":false},"featured_media":35528,"comment_status":"open","ping_status":"closed","template":"","meta":[],"product_brand":[133],"product_cat":[631],"product_tag":[],"class_list":{"0":"post-35496","1":"product","2":"type-product","3":"status-publish","4":"has-post-thumbnail","6":"product_brand-svr","7":"product_cat-gels-et-huiles-lavants","9":"first","10":"instock","11":"sale","12":"shipping-taxable","13":"purchasable","14":"product-type-simple"},"yoast_head":"<!-- This site is optimized with the Yoast SEO plugin v26.6 - https:\/\/yoast.com\/wordpress\/plugins\/seo\/ -->\r\n<title>SVR TOPIALYSE GEL LAVANT RECHARGE 1L - Paracherkaoui.ma<\/title>\r\n<meta name=\"robots\" content=\"index, follow, max-snippet:-1, max-image-preview:large, max-video-preview:-1\" \/>\r\n<link rel=\"canonical\" href=\"https:\/\/paracherkaoui.ma\/index.php\/produit\/svr-topialyse-gel-lavant-recharge-1l\/\" \/>\r\n<meta property=\"og:locale\" content=\"fr_FR\" \/>\r\n<meta property=\"og:type\" content=\"article\" \/>\r\n<meta property=\"og:title\" content=\"SVR TOPIALYSE GEL LAVANT RECHARGE 1L - Paracherkaoui.ma\" \/>\r\n<meta property=\"og:description\" content=\"SVR, expert en dermo-cosm\u00e9tique, a formul\u00e9 ce gel lavant innovant pour une action compl\u00e8te et une efficacit\u00e9 prouv\u00e9e sur les\" \/>\r\n<meta property=\"og:url\" content=\"https:\/\/paracherkaoui.ma\/index.php\/produit\/svr-topialyse-gel-lavant-recharge-1l\/\" \/>\r\n<meta property=\"og:site_name\" content=\"Paracherkaoui.ma\" \/>\r\n<meta property=\"article:modified_time\" content=\"2025-12-12T17:54:17+00:00\" \/>\r\n<meta property=\"og:image\" content=\"https:\/\/paracherkaoui.ma\/wp-content\/uploads\/2025\/12\/svr-topialyse-gel-lavant-recharge-1l.jpg\" \/>\r\n\t<meta property=\"og:image:width\" content=\"700\" \/>\r\n\t<meta property=\"og:image:height\" content=\"700\" \/>\r\n\t<meta property=\"og:image:type\" content=\"image\/jpeg\" \/>\r\n<meta name=\"twitter:card\" content=\"summary_large_image\" \/>\r\n<meta name=\"twitter:label1\" content=\"Dur\u00e9e de lecture estim\u00e9e\" \/>\n\t<meta name=\"twitter:data1\" content=\"2 minutes\" \/>\r\n<script type=\"application\/ld+json\" class=\"yoast-schema-graph\">{\"@context\":\"https:\/\/schema.org\",\"@graph\":[{\"@type\":\"WebPage\",\"@id\":\"https:\/\/paracherkaoui.ma\/index.php\/produit\/svr-topialyse-gel-lavant-recharge-1l\/\",\"url\":\"https:\/\/paracherkaoui.ma\/index.php\/produit\/svr-topialyse-gel-lavant-recharge-1l\/\",\"name\":\"SVR TOPIALYSE GEL LAVANT RECHARGE 1L - Paracherkaoui.ma\",\"isPartOf\":{\"@id\":\"https:\/\/paracherkaoui.ma\/#website\"},\"primaryImageOfPage\":{\"@id\":\"https:\/\/paracherkaoui.ma\/index.php\/produit\/svr-topialyse-gel-lavant-recharge-1l\/#primaryimage\"},\"image\":{\"@id\":\"https:\/\/paracherkaoui.ma\/index.php\/produit\/svr-topialyse-gel-lavant-recharge-1l\/#primaryimage\"},\"thumbnailUrl\":\"https:\/\/paracherkaoui.ma\/wp-content\/uploads\/2025\/12\/svr-topialyse-gel-lavant-recharge-1l.jpg\",\"datePublished\":\"2025-12-12T17:54:14+00:00\",\"dateModified\":\"2025-12-12T17:54:17+00:00\",\"breadcrumb\":{\"@id\":\"https:\/\/paracherkaoui.ma\/index.php\/produit\/svr-topialyse-gel-lavant-recharge-1l\/#breadcrumb\"},\"inLanguage\":\"fr-FR\",\"potentialAction\":[{\"@type\":\"ReadAction\",\"target\":[\"https:\/\/paracherkaoui.ma\/index.php\/produit\/svr-topialyse-gel-lavant-recharge-1l\/\"]}]},{\"@type\":\"ImageObject\",\"inLanguage\":\"fr-FR\",\"@id\":\"https:\/\/paracherkaoui.ma\/index.php\/produit\/svr-topialyse-gel-lavant-recharge-1l\/#primaryimage\",\"url\":\"https:\/\/paracherkaoui.ma\/wp-content\/uploads\/2025\/12\/svr-topialyse-gel-lavant-recharge-1l.jpg\",\"contentUrl\":\"https:\/\/paracherkaoui.ma\/wp-content\/uploads\/2025\/12\/svr-topialyse-gel-lavant-recharge-1l.jpg\",\"width\":700,\"height\":700},{\"@type\":\"BreadcrumbList\",\"@id\":\"https:\/\/paracherkaoui.ma\/index.php\/produit\/svr-topialyse-gel-lavant-recharge-1l\/#breadcrumb\",\"itemListElement\":[{\"@type\":\"ListItem\",\"position\":1,\"name\":\"Accueil\",\"item\":\"https:\/\/paracherkaoui.ma\/\"},{\"@type\":\"ListItem\",\"position\":2,\"name\":\"Boutique\",\"item\":\"https:\/\/paracherkaoui.ma\/index.php\/boutique\/\"},{\"@type\":\"ListItem\",\"position\":3,\"name\":\"SVR TOPIALYSE GEL LAVANT RECHARGE 1L\"}]},{\"@type\":\"WebSite\",\"@id\":\"https:\/\/paracherkaoui.ma\/#website\",\"url\":\"https:\/\/paracherkaoui.ma\/\",\"name\":\"Paracherkaoui.ma\",\"description\":\"Achetez en ligne sur Paracherkaoui.ma\",\"potentialAction\":[{\"@type\":\"SearchAction\",\"target\":{\"@type\":\"EntryPoint\",\"urlTemplate\":\"https:\/\/paracherkaoui.ma\/?s={search_term_string}\"},\"query-input\":{\"@type\":\"PropertyValueSpecification\",\"valueRequired\":true,\"valueName\":\"search_term_string\"}}],\"inLanguage\":\"fr-FR\"}]}<\/script>\r\n<!-- \/ Yoast SEO plugin. -->","yoast_head_json":{"title":"SVR TOPIALYSE GEL LAVANT RECHARGE 1L - Paracherkaoui.ma","robots":{"index":"index","follow":"follow","max-snippet":"max-snippet:-1","max-image-preview":"max-image-preview:large","max-video-preview":"max-video-preview:-1"},"canonical":"https:\/\/paracherkaoui.ma\/index.php\/produit\/svr-topialyse-gel-lavant-recharge-1l\/","og_locale":"fr_FR","og_type":"article","og_title":"SVR TOPIALYSE GEL LAVANT RECHARGE 1L - Paracherkaoui.ma","og_description":"SVR, expert en dermo-cosm\u00e9tique, a formul\u00e9 ce gel lavant innovant pour une action compl\u00e8te et une efficacit\u00e9 prouv\u00e9e sur les","og_url":"https:\/\/paracherkaoui.ma\/index.php\/produit\/svr-topialyse-gel-lavant-recharge-1l\/","og_site_name":"Paracherkaoui.ma","article_modified_time":"2025-12-12T17:54:17+00:00","og_image":[{"width":700,"height":700,"url":"https:\/\/paracherkaoui.ma\/wp-content\/uploads\/2025\/12\/svr-topialyse-gel-lavant-recharge-1l.jpg","type":"image\/jpeg"}],"twitter_card":"summary_large_image","twitter_misc":{"Dur\u00e9e de lecture estim\u00e9e":"2 minutes"},"schema":{"@context":"https:\/\/schema.org","@graph":[{"@type":"WebPage","@id":"https:\/\/paracherkaoui.ma\/index.php\/produit\/svr-topialyse-gel-lavant-recharge-1l\/","url":"https:\/\/paracherkaoui.ma\/index.php\/produit\/svr-topialyse-gel-lavant-recharge-1l\/","name":"SVR TOPIALYSE GEL LAVANT RECHARGE 1L - Paracherkaoui.ma","isPartOf":{"@id":"https:\/\/paracherkaoui.ma\/#website"},"primaryImageOfPage":{"@id":"https:\/\/paracherkaoui.ma\/index.php\/produit\/svr-topialyse-gel-lavant-recharge-1l\/#primaryimage"},"image":{"@id":"https:\/\/paracherkaoui.ma\/index.php\/produit\/svr-topialyse-gel-lavant-recharge-1l\/#primaryimage"},"thumbnailUrl":"https:\/\/paracherkaoui.ma\/wp-content\/uploads\/2025\/12\/svr-topialyse-gel-lavant-recharge-1l.jpg","datePublished":"2025-12-12T17:54:14+00:00","dateModified":"2025-12-12T17:54:17+00:00","breadcrumb":{"@id":"https:\/\/paracherkaoui.ma\/index.php\/produit\/svr-topialyse-gel-lavant-recharge-1l\/#breadcrumb"},"inLanguage":"fr-FR","potentialAction":[{"@type":"ReadAction","target":["https:\/\/paracherkaoui.ma\/index.php\/produit\/svr-topialyse-gel-lavant-recharge-1l\/"]}]},{"@type":"ImageObject","inLanguage":"fr-FR","@id":"https:\/\/paracherkaoui.ma\/index.php\/produit\/svr-topialyse-gel-lavant-recharge-1l\/#primaryimage","url":"https:\/\/paracherkaoui.ma\/wp-content\/uploads\/2025\/12\/svr-topialyse-gel-lavant-recharge-1l.jpg","contentUrl":"https:\/\/paracherkaoui.ma\/wp-content\/uploads\/2025\/12\/svr-topialyse-gel-lavant-recharge-1l.jpg","width":700,"height":700},{"@type":"BreadcrumbList","@id":"https:\/\/paracherkaoui.ma\/index.php\/produit\/svr-topialyse-gel-lavant-recharge-1l\/#breadcrumb","itemListElement":[{"@type":"ListItem","position":1,"name":"Accueil","item":"https:\/\/paracherkaoui.ma\/"},{"@type":"ListItem","position":2,"name":"Boutique","item":"https:\/\/paracherkaoui.ma\/index.php\/boutique\/"},{"@type":"ListItem","position":3,"name":"SVR TOPIALYSE GEL LAVANT RECHARGE 1L"}]},{"@type":"WebSite","@id":"https:\/\/paracherkaoui.ma\/#website","url":"https:\/\/paracherkaoui.ma\/","name":"Paracherkaoui.ma","description":"Achetez en ligne sur Paracherkaoui.ma","potentialAction":[{"@type":"SearchAction","target":{"@type":"EntryPoint","urlTemplate":"https:\/\/paracherkaoui.ma\/?s={search_term_string}"},"query-input":{"@type":"PropertyValueSpecification","valueRequired":true,"valueName":"search_term_string"}}],"inLanguage":"fr-FR"}]}},"_links":{"self":[{"href":"https:\/\/paracherkaoui.ma\/index.php\/wp-json\/wp\/v2\/product\/35496","targetHints":{"allow":["GET"]}}],"collection":[{"href":"https:\/\/paracherkaoui.ma\/index.php\/wp-json\/wp\/v2\/product"}],"about":[{"href":"https:\/\/paracherkaoui.ma\/index.php\/wp-json\/wp\/v2\/types\/product"}],"replies":[{"embeddable":true,"href":"https:\/\/paracherkaoui.ma\/index.php\/wp-json\/wp\/v2\/comments?post=35496"}],"version-history":[{"count":1,"href":"https:\/\/paracherkaoui.ma\/index.php\/wp-json\/wp\/v2\/product\/35496\/revisions"}],"predecessor-version":[{"id":35529,"href":"https:\/\/paracherkaoui.ma\/index.php\/wp-json\/wp\/v2\/product\/35496\/revisions\/35529"}],"wp:featuredmedia":[{"embeddable":true,"href":"https:\/\/paracherkaoui.ma\/index.php\/wp-json\/wp\/v2\/media\/35528"}],"wp:attachment":[{"href":"https:\/\/paracherkaoui.ma\/index.php\/wp-json\/wp\/v2\/media?parent=35496"}],"wp:term":[{"taxonomy":"product_brand","embeddable":true,"href":"https:\/\/paracherkaoui.ma\/index.php\/wp-json\/wp\/v2\/product_brand?post=35496"},{"taxonomy":"product_cat","embeddable":true,"href":"https:\/\/paracherkaoui.ma\/index.php\/wp-json\/wp\/v2\/product_cat?post=35496"},{"taxonomy":"product_tag","embeddable":true,"href":"https:\/\/paracherkaoui.ma\/index.php\/wp-json\/wp\/v2\/product_tag?post=35496"}],"curies":[{"name":"wp","href":"https:\/\/api.w.org\/{rel}","templated":true}]}}