{"id":35424,"date":"2025-12-12T18:54:07","date_gmt":"2025-12-12T17:54:07","guid":{"rendered":"https:\/\/test.ecbeaute.com\/?post_type=product&#038;p=35424"},"modified":"2025-12-12T18:54:12","modified_gmt":"2025-12-12T17:54:12","slug":"biotherm-lait-de-douche-nettoyante-200-ml","status":"publish","type":"product","link":"https:\/\/paracherkaoui.ma\/index.php\/produit\/biotherm-lait-de-douche-nettoyante-200-ml\/","title":{"rendered":"BIOTHERM LAIT DE DOUCHE NETTOYANTE 200 ML"},"content":{"rendered":"<p>D\u00e8s la premi\u00e8re application, vous serez enchant\u00e9 par sa texture lact\u00e9e unique. Loin des gels douches traditionnels qui peuvent parfois ass\u00e9cher, ce lait fond litt\u00e9ralement sur votre peau, l&rsquo;enveloppant d&rsquo;un voile de douceur. Sa formule est pens\u00e9e pour le respect de votre \u00e9piderme : elle est sans savon, garantissant un nettoyage ultra-doux qui pr\u00e9serve le film hydrolipidique naturel de la peau. Cela signifie que votre peau ne sera jamais agress\u00e9e ni dess\u00e9ch\u00e9e, mais au contraire, elle retrouvera son \u00e9quilibre et sa souplesse.<br \/>\nLe secret de cette douceur exceptionnelle r\u00e9side dans son enrichissement en agents surgras. Ces pr\u00e9cieux composants nourrissent la peau pendant le nettoyage, aidant \u00e0 reconstituer sa barri\u00e8re protectrice et \u00e0 pr\u00e9venir la d\u00e9shydratation. R\u00e9sultat ? Une peau qui n&rsquo;est pas seulement propre, mais aussi profond\u00e9ment hydrat\u00e9e et prot\u00e9g\u00e9e contre les agressions ext\u00e9rieures, comme le calcaire de l&rsquo;eau.<br \/>\nMais l&rsquo;exp\u00e9rience ne serait pas compl\u00e8te sans son parfum envo\u00fbtant. Les essences d&rsquo;agrumes d\u00e9livrent une explosion de fra\u00eecheur vivifiante qui \u00e9veille les sens et dynamise l&rsquo;esprit. Chaque douche devient une parenth\u00e8se sensorielle, un v\u00e9ritable coup de boost pour bien commencer la journ\u00e9e ou se ressourcer apr\u00e8s l&rsquo;effort. La peau est non seulement nettoy\u00e9e, mais \u00e9galement parfum\u00e9e d&rsquo;une d\u00e9licate fragrance qui reste subtilement sur l&rsquo;\u00e9piderme, prolongeant la sensation de fra\u00eecheur.<br \/>\nConseils d&rsquo;utilisation :<br \/>\nUtilisez le lait de douche quotidiennement, sous la douche ou dans le bain.<br \/>\nComposition :<br \/>\nAQUA \/ WATER \u2022 SODIUM LAURETH SULFATE \u2022 HEXYLENE GLYCOL \u2022 GLYCERIN \u2022 GLYCOL DISTEARATE \u2022 COCO-BETAINE \u2022 COCAMIDE MEA \u2022 LIMONENE \u2022 CITRUS AURANTIUM DULCIS OIL \/ ORANGE PEEL OIL \u2022 SODIUM CHLORIDE \u2022 POLYSORBATE 20 \u2022 DISODIUM COCOAMPHODIACETATE \u2022 ACRYLATES\/C10-30 ALKYL ACRYLATE CROSSPOLYMER \u2022 SODIUM BENZOATE \u2022 PHENOXYETHANOL \u2022 SODIUM HYDROXIDE \u2022 TARTARIC ACID \u2022 SALICYLIC ACID \u2022 CITRUS GRANDIS OIL \/ GRAPEFRUIT PEEL OIL \u2022 POLYQUATERNIUM-7 \u2022 CI 77891 \/ TITANIUM DIOXIDE \u2022 OLEA EUROPAEA OIL \/ OLIVE FRUIT OIL \u2022 PARFUM \/ FRAGRANCE \u2022 CITRAL \u2022 LINALOOL \u2022 VITREOSCILLA FERMENT EXTRACT \/ VITREOSCILLA FERMENT \u2022 CITRIC ACID<\/p>\n","protected":false},"excerpt":{"rendered":"<p>D\u00e8s la premi\u00e8re application, vous serez enchant\u00e9 par sa texture lact\u00e9e unique. Loin des gels douches traditionnels qui peuvent parfois<\/p>\n","protected":false},"featured_media":35471,"comment_status":"open","ping_status":"closed","template":"","meta":[],"product_brand":[391],"product_cat":[631],"product_tag":[],"class_list":{"0":"post-35424","1":"product","2":"type-product","3":"status-publish","4":"has-post-thumbnail","6":"product_brand-biotherm","7":"product_cat-gels-et-huiles-lavants","9":"first","10":"instock","11":"shipping-taxable","12":"purchasable","13":"product-type-simple"},"yoast_head":"<!-- This site is optimized with the Yoast SEO plugin v26.6 - https:\/\/yoast.com\/wordpress\/plugins\/seo\/ -->\r\n<title>BIOTHERM LAIT DE DOUCHE NETTOYANTE 200 ML - Paracherkaoui.ma<\/title>\r\n<meta name=\"robots\" content=\"index, follow, max-snippet:-1, max-image-preview:large, max-video-preview:-1\" \/>\r\n<link rel=\"canonical\" href=\"https:\/\/paracherkaoui.ma\/index.php\/produit\/biotherm-lait-de-douche-nettoyante-200-ml\/\" \/>\r\n<meta property=\"og:locale\" content=\"fr_FR\" \/>\r\n<meta property=\"og:type\" content=\"article\" \/>\r\n<meta property=\"og:title\" content=\"BIOTHERM LAIT DE DOUCHE NETTOYANTE 200 ML - Paracherkaoui.ma\" \/>\r\n<meta property=\"og:description\" content=\"D\u00e8s la premi\u00e8re application, vous serez enchant\u00e9 par sa texture lact\u00e9e unique. Loin des gels douches traditionnels qui peuvent parfois\" \/>\r\n<meta property=\"og:url\" content=\"https:\/\/paracherkaoui.ma\/index.php\/produit\/biotherm-lait-de-douche-nettoyante-200-ml\/\" \/>\r\n<meta property=\"og:site_name\" content=\"Paracherkaoui.ma\" \/>\r\n<meta property=\"article:modified_time\" content=\"2025-12-12T17:54:12+00:00\" \/>\r\n<meta property=\"og:image\" content=\"https:\/\/paracherkaoui.ma\/wp-content\/uploads\/2025\/12\/biotherm-biotherm-lait-de-douche-nettoyante-200-ml-gels-et-huiles-lavants.jpg\" \/>\r\n\t<meta property=\"og:image:width\" content=\"700\" \/>\r\n\t<meta property=\"og:image:height\" content=\"700\" \/>\r\n\t<meta property=\"og:image:type\" content=\"image\/jpeg\" \/>\r\n<meta name=\"twitter:card\" content=\"summary_large_image\" \/>\r\n<meta name=\"twitter:label1\" content=\"Dur\u00e9e de lecture estim\u00e9e\" \/>\n\t<meta name=\"twitter:data1\" content=\"2 minutes\" \/>\r\n<script type=\"application\/ld+json\" class=\"yoast-schema-graph\">{\"@context\":\"https:\/\/schema.org\",\"@graph\":[{\"@type\":\"WebPage\",\"@id\":\"https:\/\/paracherkaoui.ma\/index.php\/produit\/biotherm-lait-de-douche-nettoyante-200-ml\/\",\"url\":\"https:\/\/paracherkaoui.ma\/index.php\/produit\/biotherm-lait-de-douche-nettoyante-200-ml\/\",\"name\":\"BIOTHERM LAIT DE DOUCHE NETTOYANTE 200 ML - Paracherkaoui.ma\",\"isPartOf\":{\"@id\":\"https:\/\/paracherkaoui.ma\/#website\"},\"primaryImageOfPage\":{\"@id\":\"https:\/\/paracherkaoui.ma\/index.php\/produit\/biotherm-lait-de-douche-nettoyante-200-ml\/#primaryimage\"},\"image\":{\"@id\":\"https:\/\/paracherkaoui.ma\/index.php\/produit\/biotherm-lait-de-douche-nettoyante-200-ml\/#primaryimage\"},\"thumbnailUrl\":\"https:\/\/paracherkaoui.ma\/wp-content\/uploads\/2025\/12\/biotherm-biotherm-lait-de-douche-nettoyante-200-ml-gels-et-huiles-lavants.jpg\",\"datePublished\":\"2025-12-12T17:54:07+00:00\",\"dateModified\":\"2025-12-12T17:54:12+00:00\",\"breadcrumb\":{\"@id\":\"https:\/\/paracherkaoui.ma\/index.php\/produit\/biotherm-lait-de-douche-nettoyante-200-ml\/#breadcrumb\"},\"inLanguage\":\"fr-FR\",\"potentialAction\":[{\"@type\":\"ReadAction\",\"target\":[\"https:\/\/paracherkaoui.ma\/index.php\/produit\/biotherm-lait-de-douche-nettoyante-200-ml\/\"]}]},{\"@type\":\"ImageObject\",\"inLanguage\":\"fr-FR\",\"@id\":\"https:\/\/paracherkaoui.ma\/index.php\/produit\/biotherm-lait-de-douche-nettoyante-200-ml\/#primaryimage\",\"url\":\"https:\/\/paracherkaoui.ma\/wp-content\/uploads\/2025\/12\/biotherm-biotherm-lait-de-douche-nettoyante-200-ml-gels-et-huiles-lavants.jpg\",\"contentUrl\":\"https:\/\/paracherkaoui.ma\/wp-content\/uploads\/2025\/12\/biotherm-biotherm-lait-de-douche-nettoyante-200-ml-gels-et-huiles-lavants.jpg\",\"width\":700,\"height\":700},{\"@type\":\"BreadcrumbList\",\"@id\":\"https:\/\/paracherkaoui.ma\/index.php\/produit\/biotherm-lait-de-douche-nettoyante-200-ml\/#breadcrumb\",\"itemListElement\":[{\"@type\":\"ListItem\",\"position\":1,\"name\":\"Accueil\",\"item\":\"https:\/\/paracherkaoui.ma\/\"},{\"@type\":\"ListItem\",\"position\":2,\"name\":\"Boutique\",\"item\":\"https:\/\/paracherkaoui.ma\/index.php\/boutique\/\"},{\"@type\":\"ListItem\",\"position\":3,\"name\":\"BIOTHERM LAIT DE DOUCHE NETTOYANTE 200 ML\"}]},{\"@type\":\"WebSite\",\"@id\":\"https:\/\/paracherkaoui.ma\/#website\",\"url\":\"https:\/\/paracherkaoui.ma\/\",\"name\":\"Paracherkaoui.ma\",\"description\":\"Achetez en ligne sur Paracherkaoui.ma\",\"potentialAction\":[{\"@type\":\"SearchAction\",\"target\":{\"@type\":\"EntryPoint\",\"urlTemplate\":\"https:\/\/paracherkaoui.ma\/?s={search_term_string}\"},\"query-input\":{\"@type\":\"PropertyValueSpecification\",\"valueRequired\":true,\"valueName\":\"search_term_string\"}}],\"inLanguage\":\"fr-FR\"}]}<\/script>\r\n<!-- \/ Yoast SEO plugin. -->","yoast_head_json":{"title":"BIOTHERM LAIT DE DOUCHE NETTOYANTE 200 ML - Paracherkaoui.ma","robots":{"index":"index","follow":"follow","max-snippet":"max-snippet:-1","max-image-preview":"max-image-preview:large","max-video-preview":"max-video-preview:-1"},"canonical":"https:\/\/paracherkaoui.ma\/index.php\/produit\/biotherm-lait-de-douche-nettoyante-200-ml\/","og_locale":"fr_FR","og_type":"article","og_title":"BIOTHERM LAIT DE DOUCHE NETTOYANTE 200 ML - Paracherkaoui.ma","og_description":"D\u00e8s la premi\u00e8re application, vous serez enchant\u00e9 par sa texture lact\u00e9e unique. Loin des gels douches traditionnels qui peuvent parfois","og_url":"https:\/\/paracherkaoui.ma\/index.php\/produit\/biotherm-lait-de-douche-nettoyante-200-ml\/","og_site_name":"Paracherkaoui.ma","article_modified_time":"2025-12-12T17:54:12+00:00","og_image":[{"width":700,"height":700,"url":"https:\/\/paracherkaoui.ma\/wp-content\/uploads\/2025\/12\/biotherm-biotherm-lait-de-douche-nettoyante-200-ml-gels-et-huiles-lavants.jpg","type":"image\/jpeg"}],"twitter_card":"summary_large_image","twitter_misc":{"Dur\u00e9e de lecture estim\u00e9e":"2 minutes"},"schema":{"@context":"https:\/\/schema.org","@graph":[{"@type":"WebPage","@id":"https:\/\/paracherkaoui.ma\/index.php\/produit\/biotherm-lait-de-douche-nettoyante-200-ml\/","url":"https:\/\/paracherkaoui.ma\/index.php\/produit\/biotherm-lait-de-douche-nettoyante-200-ml\/","name":"BIOTHERM LAIT DE DOUCHE NETTOYANTE 200 ML - Paracherkaoui.ma","isPartOf":{"@id":"https:\/\/paracherkaoui.ma\/#website"},"primaryImageOfPage":{"@id":"https:\/\/paracherkaoui.ma\/index.php\/produit\/biotherm-lait-de-douche-nettoyante-200-ml\/#primaryimage"},"image":{"@id":"https:\/\/paracherkaoui.ma\/index.php\/produit\/biotherm-lait-de-douche-nettoyante-200-ml\/#primaryimage"},"thumbnailUrl":"https:\/\/paracherkaoui.ma\/wp-content\/uploads\/2025\/12\/biotherm-biotherm-lait-de-douche-nettoyante-200-ml-gels-et-huiles-lavants.jpg","datePublished":"2025-12-12T17:54:07+00:00","dateModified":"2025-12-12T17:54:12+00:00","breadcrumb":{"@id":"https:\/\/paracherkaoui.ma\/index.php\/produit\/biotherm-lait-de-douche-nettoyante-200-ml\/#breadcrumb"},"inLanguage":"fr-FR","potentialAction":[{"@type":"ReadAction","target":["https:\/\/paracherkaoui.ma\/index.php\/produit\/biotherm-lait-de-douche-nettoyante-200-ml\/"]}]},{"@type":"ImageObject","inLanguage":"fr-FR","@id":"https:\/\/paracherkaoui.ma\/index.php\/produit\/biotherm-lait-de-douche-nettoyante-200-ml\/#primaryimage","url":"https:\/\/paracherkaoui.ma\/wp-content\/uploads\/2025\/12\/biotherm-biotherm-lait-de-douche-nettoyante-200-ml-gels-et-huiles-lavants.jpg","contentUrl":"https:\/\/paracherkaoui.ma\/wp-content\/uploads\/2025\/12\/biotherm-biotherm-lait-de-douche-nettoyante-200-ml-gels-et-huiles-lavants.jpg","width":700,"height":700},{"@type":"BreadcrumbList","@id":"https:\/\/paracherkaoui.ma\/index.php\/produit\/biotherm-lait-de-douche-nettoyante-200-ml\/#breadcrumb","itemListElement":[{"@type":"ListItem","position":1,"name":"Accueil","item":"https:\/\/paracherkaoui.ma\/"},{"@type":"ListItem","position":2,"name":"Boutique","item":"https:\/\/paracherkaoui.ma\/index.php\/boutique\/"},{"@type":"ListItem","position":3,"name":"BIOTHERM LAIT DE DOUCHE NETTOYANTE 200 ML"}]},{"@type":"WebSite","@id":"https:\/\/paracherkaoui.ma\/#website","url":"https:\/\/paracherkaoui.ma\/","name":"Paracherkaoui.ma","description":"Achetez en ligne sur Paracherkaoui.ma","potentialAction":[{"@type":"SearchAction","target":{"@type":"EntryPoint","urlTemplate":"https:\/\/paracherkaoui.ma\/?s={search_term_string}"},"query-input":{"@type":"PropertyValueSpecification","valueRequired":true,"valueName":"search_term_string"}}],"inLanguage":"fr-FR"}]}},"_links":{"self":[{"href":"https:\/\/paracherkaoui.ma\/index.php\/wp-json\/wp\/v2\/product\/35424","targetHints":{"allow":["GET"]}}],"collection":[{"href":"https:\/\/paracherkaoui.ma\/index.php\/wp-json\/wp\/v2\/product"}],"about":[{"href":"https:\/\/paracherkaoui.ma\/index.php\/wp-json\/wp\/v2\/types\/product"}],"replies":[{"embeddable":true,"href":"https:\/\/paracherkaoui.ma\/index.php\/wp-json\/wp\/v2\/comments?post=35424"}],"version-history":[{"count":1,"href":"https:\/\/paracherkaoui.ma\/index.php\/wp-json\/wp\/v2\/product\/35424\/revisions"}],"predecessor-version":[{"id":35472,"href":"https:\/\/paracherkaoui.ma\/index.php\/wp-json\/wp\/v2\/product\/35424\/revisions\/35472"}],"wp:featuredmedia":[{"embeddable":true,"href":"https:\/\/paracherkaoui.ma\/index.php\/wp-json\/wp\/v2\/media\/35471"}],"wp:attachment":[{"href":"https:\/\/paracherkaoui.ma\/index.php\/wp-json\/wp\/v2\/media?parent=35424"}],"wp:term":[{"taxonomy":"product_brand","embeddable":true,"href":"https:\/\/paracherkaoui.ma\/index.php\/wp-json\/wp\/v2\/product_brand?post=35424"},{"taxonomy":"product_cat","embeddable":true,"href":"https:\/\/paracherkaoui.ma\/index.php\/wp-json\/wp\/v2\/product_cat?post=35424"},{"taxonomy":"product_tag","embeddable":true,"href":"https:\/\/paracherkaoui.ma\/index.php\/wp-json\/wp\/v2\/product_tag?post=35424"}],"curies":[{"name":"wp","href":"https:\/\/api.w.org\/{rel}","templated":true}]}}