{"id":35417,"date":"2025-12-12T18:54:06","date_gmt":"2025-12-12T17:54:06","guid":{"rendered":"https:\/\/test.ecbeaute.com\/?post_type=product&#038;p=35417"},"modified":"2025-12-12T18:54:10","modified_gmt":"2025-12-12T17:54:10","slug":"dermina-atolina-gel-douche-anti-dessechement-1l","status":"publish","type":"product","link":"https:\/\/paracherkaoui.ma\/index.php\/produit\/dermina-atolina-gel-douche-anti-dessechement-1l\/","title":{"rendered":"DERMINA ATOLINA GEL DOUCHE ANTI DESSECHEMENT 1L"},"content":{"rendered":"<p>Le Gel Douche Apaisant Atolina de DERMINA est un soin ultra-doux qui convient \u00e0 toute la famille. Avec une formule sans savon et sans sulfate, il pr\u00e9serve le pH physiologique et aide \u00e0 prot\u00e9ger le film hydrolipidique du dess\u00e8chement. De plus, sa mousse fine permet d\u2019\u00e9liminer toutes les impuret\u00e9s sans agresser. Ce produit rend ainsi la peau propre, apais\u00e9e et douce. Il contient de l\u2019allanto\u00efne et de l\u2019aloe vera, des actifs connus pour leurs propri\u00e9t\u00e9s apaisantes et hydratantes.<br \/>\nCe gel est adapt\u00e9 \u00e0 tous types de peaux, m\u00eame les plus sensibles.<br \/>\nSous la douche, appliquer le produit sur une peau pr\u00e9alablement mouill\u00e9e, faire mousser puis rincer abondamment.<\/p>\n","protected":false},"excerpt":{"rendered":"<p>Le Gel Douche Apaisant Atolina de DERMINA est un soin ultra-doux qui convient \u00e0 toute la famille. Avec une formule<\/p>\n","protected":false},"featured_media":35457,"comment_status":"open","ping_status":"closed","template":"","meta":[],"product_brand":[386],"product_cat":[631],"product_tag":[],"class_list":{"0":"post-35417","1":"product","2":"type-product","3":"status-publish","4":"has-post-thumbnail","6":"product_brand-dermina","7":"product_cat-gels-et-huiles-lavants","9":"first","10":"instock","11":"sale","12":"shipping-taxable","13":"purchasable","14":"product-type-simple"},"yoast_head":"<!-- This site is optimized with the Yoast SEO plugin v26.6 - https:\/\/yoast.com\/wordpress\/plugins\/seo\/ -->\r\n<title>DERMINA ATOLINA GEL DOUCHE ANTI DESSECHEMENT 1L - Paracherkaoui.ma<\/title>\r\n<meta name=\"robots\" content=\"index, follow, max-snippet:-1, max-image-preview:large, max-video-preview:-1\" \/>\r\n<link rel=\"canonical\" href=\"https:\/\/paracherkaoui.ma\/index.php\/produit\/dermina-atolina-gel-douche-anti-dessechement-1l\/\" \/>\r\n<meta property=\"og:locale\" content=\"fr_FR\" \/>\r\n<meta property=\"og:type\" content=\"article\" \/>\r\n<meta property=\"og:title\" content=\"DERMINA ATOLINA GEL DOUCHE ANTI DESSECHEMENT 1L - Paracherkaoui.ma\" \/>\r\n<meta property=\"og:description\" content=\"Le Gel Douche Apaisant Atolina de DERMINA est un soin ultra-doux qui convient \u00e0 toute la famille. Avec une formule\" \/>\r\n<meta property=\"og:url\" content=\"https:\/\/paracherkaoui.ma\/index.php\/produit\/dermina-atolina-gel-douche-anti-dessechement-1l\/\" \/>\r\n<meta property=\"og:site_name\" content=\"Paracherkaoui.ma\" \/>\r\n<meta property=\"article:modified_time\" content=\"2025-12-12T17:54:10+00:00\" \/>\r\n<meta property=\"og:image\" content=\"https:\/\/paracherkaoui.ma\/wp-content\/uploads\/2025\/12\/dermina-dermina-atolina-gel-douche-anti-dessechement-1l-bains-gels-et-huiles-lavant.jpg\" \/>\r\n\t<meta property=\"og:image:width\" content=\"700\" \/>\r\n\t<meta property=\"og:image:height\" content=\"700\" \/>\r\n\t<meta property=\"og:image:type\" content=\"image\/jpeg\" \/>\r\n<meta name=\"twitter:card\" content=\"summary_large_image\" \/>\r\n<meta name=\"twitter:label1\" content=\"Dur\u00e9e de lecture estim\u00e9e\" \/>\n\t<meta name=\"twitter:data1\" content=\"1 minute\" \/>\r\n<script type=\"application\/ld+json\" class=\"yoast-schema-graph\">{\"@context\":\"https:\/\/schema.org\",\"@graph\":[{\"@type\":\"WebPage\",\"@id\":\"https:\/\/paracherkaoui.ma\/index.php\/produit\/dermina-atolina-gel-douche-anti-dessechement-1l\/\",\"url\":\"https:\/\/paracherkaoui.ma\/index.php\/produit\/dermina-atolina-gel-douche-anti-dessechement-1l\/\",\"name\":\"DERMINA ATOLINA GEL DOUCHE ANTI DESSECHEMENT 1L - Paracherkaoui.ma\",\"isPartOf\":{\"@id\":\"https:\/\/paracherkaoui.ma\/#website\"},\"primaryImageOfPage\":{\"@id\":\"https:\/\/paracherkaoui.ma\/index.php\/produit\/dermina-atolina-gel-douche-anti-dessechement-1l\/#primaryimage\"},\"image\":{\"@id\":\"https:\/\/paracherkaoui.ma\/index.php\/produit\/dermina-atolina-gel-douche-anti-dessechement-1l\/#primaryimage\"},\"thumbnailUrl\":\"https:\/\/paracherkaoui.ma\/wp-content\/uploads\/2025\/12\/dermina-dermina-atolina-gel-douche-anti-dessechement-1l-bains-gels-et-huiles-lavant.jpg\",\"datePublished\":\"2025-12-12T17:54:06+00:00\",\"dateModified\":\"2025-12-12T17:54:10+00:00\",\"breadcrumb\":{\"@id\":\"https:\/\/paracherkaoui.ma\/index.php\/produit\/dermina-atolina-gel-douche-anti-dessechement-1l\/#breadcrumb\"},\"inLanguage\":\"fr-FR\",\"potentialAction\":[{\"@type\":\"ReadAction\",\"target\":[\"https:\/\/paracherkaoui.ma\/index.php\/produit\/dermina-atolina-gel-douche-anti-dessechement-1l\/\"]}]},{\"@type\":\"ImageObject\",\"inLanguage\":\"fr-FR\",\"@id\":\"https:\/\/paracherkaoui.ma\/index.php\/produit\/dermina-atolina-gel-douche-anti-dessechement-1l\/#primaryimage\",\"url\":\"https:\/\/paracherkaoui.ma\/wp-content\/uploads\/2025\/12\/dermina-dermina-atolina-gel-douche-anti-dessechement-1l-bains-gels-et-huiles-lavant.jpg\",\"contentUrl\":\"https:\/\/paracherkaoui.ma\/wp-content\/uploads\/2025\/12\/dermina-dermina-atolina-gel-douche-anti-dessechement-1l-bains-gels-et-huiles-lavant.jpg\",\"width\":700,\"height\":700},{\"@type\":\"BreadcrumbList\",\"@id\":\"https:\/\/paracherkaoui.ma\/index.php\/produit\/dermina-atolina-gel-douche-anti-dessechement-1l\/#breadcrumb\",\"itemListElement\":[{\"@type\":\"ListItem\",\"position\":1,\"name\":\"Accueil\",\"item\":\"https:\/\/paracherkaoui.ma\/\"},{\"@type\":\"ListItem\",\"position\":2,\"name\":\"Boutique\",\"item\":\"https:\/\/paracherkaoui.ma\/index.php\/boutique\/\"},{\"@type\":\"ListItem\",\"position\":3,\"name\":\"DERMINA ATOLINA GEL DOUCHE ANTI DESSECHEMENT 1L\"}]},{\"@type\":\"WebSite\",\"@id\":\"https:\/\/paracherkaoui.ma\/#website\",\"url\":\"https:\/\/paracherkaoui.ma\/\",\"name\":\"Paracherkaoui.ma\",\"description\":\"Achetez en ligne sur Paracherkaoui.ma\",\"potentialAction\":[{\"@type\":\"SearchAction\",\"target\":{\"@type\":\"EntryPoint\",\"urlTemplate\":\"https:\/\/paracherkaoui.ma\/?s={search_term_string}\"},\"query-input\":{\"@type\":\"PropertyValueSpecification\",\"valueRequired\":true,\"valueName\":\"search_term_string\"}}],\"inLanguage\":\"fr-FR\"}]}<\/script>\r\n<!-- \/ Yoast SEO plugin. -->","yoast_head_json":{"title":"DERMINA ATOLINA GEL DOUCHE ANTI DESSECHEMENT 1L - Paracherkaoui.ma","robots":{"index":"index","follow":"follow","max-snippet":"max-snippet:-1","max-image-preview":"max-image-preview:large","max-video-preview":"max-video-preview:-1"},"canonical":"https:\/\/paracherkaoui.ma\/index.php\/produit\/dermina-atolina-gel-douche-anti-dessechement-1l\/","og_locale":"fr_FR","og_type":"article","og_title":"DERMINA ATOLINA GEL DOUCHE ANTI DESSECHEMENT 1L - Paracherkaoui.ma","og_description":"Le Gel Douche Apaisant Atolina de DERMINA est un soin ultra-doux qui convient \u00e0 toute la famille. Avec une formule","og_url":"https:\/\/paracherkaoui.ma\/index.php\/produit\/dermina-atolina-gel-douche-anti-dessechement-1l\/","og_site_name":"Paracherkaoui.ma","article_modified_time":"2025-12-12T17:54:10+00:00","og_image":[{"width":700,"height":700,"url":"https:\/\/paracherkaoui.ma\/wp-content\/uploads\/2025\/12\/dermina-dermina-atolina-gel-douche-anti-dessechement-1l-bains-gels-et-huiles-lavant.jpg","type":"image\/jpeg"}],"twitter_card":"summary_large_image","twitter_misc":{"Dur\u00e9e de lecture estim\u00e9e":"1 minute"},"schema":{"@context":"https:\/\/schema.org","@graph":[{"@type":"WebPage","@id":"https:\/\/paracherkaoui.ma\/index.php\/produit\/dermina-atolina-gel-douche-anti-dessechement-1l\/","url":"https:\/\/paracherkaoui.ma\/index.php\/produit\/dermina-atolina-gel-douche-anti-dessechement-1l\/","name":"DERMINA ATOLINA GEL DOUCHE ANTI DESSECHEMENT 1L - Paracherkaoui.ma","isPartOf":{"@id":"https:\/\/paracherkaoui.ma\/#website"},"primaryImageOfPage":{"@id":"https:\/\/paracherkaoui.ma\/index.php\/produit\/dermina-atolina-gel-douche-anti-dessechement-1l\/#primaryimage"},"image":{"@id":"https:\/\/paracherkaoui.ma\/index.php\/produit\/dermina-atolina-gel-douche-anti-dessechement-1l\/#primaryimage"},"thumbnailUrl":"https:\/\/paracherkaoui.ma\/wp-content\/uploads\/2025\/12\/dermina-dermina-atolina-gel-douche-anti-dessechement-1l-bains-gels-et-huiles-lavant.jpg","datePublished":"2025-12-12T17:54:06+00:00","dateModified":"2025-12-12T17:54:10+00:00","breadcrumb":{"@id":"https:\/\/paracherkaoui.ma\/index.php\/produit\/dermina-atolina-gel-douche-anti-dessechement-1l\/#breadcrumb"},"inLanguage":"fr-FR","potentialAction":[{"@type":"ReadAction","target":["https:\/\/paracherkaoui.ma\/index.php\/produit\/dermina-atolina-gel-douche-anti-dessechement-1l\/"]}]},{"@type":"ImageObject","inLanguage":"fr-FR","@id":"https:\/\/paracherkaoui.ma\/index.php\/produit\/dermina-atolina-gel-douche-anti-dessechement-1l\/#primaryimage","url":"https:\/\/paracherkaoui.ma\/wp-content\/uploads\/2025\/12\/dermina-dermina-atolina-gel-douche-anti-dessechement-1l-bains-gels-et-huiles-lavant.jpg","contentUrl":"https:\/\/paracherkaoui.ma\/wp-content\/uploads\/2025\/12\/dermina-dermina-atolina-gel-douche-anti-dessechement-1l-bains-gels-et-huiles-lavant.jpg","width":700,"height":700},{"@type":"BreadcrumbList","@id":"https:\/\/paracherkaoui.ma\/index.php\/produit\/dermina-atolina-gel-douche-anti-dessechement-1l\/#breadcrumb","itemListElement":[{"@type":"ListItem","position":1,"name":"Accueil","item":"https:\/\/paracherkaoui.ma\/"},{"@type":"ListItem","position":2,"name":"Boutique","item":"https:\/\/paracherkaoui.ma\/index.php\/boutique\/"},{"@type":"ListItem","position":3,"name":"DERMINA ATOLINA GEL DOUCHE ANTI DESSECHEMENT 1L"}]},{"@type":"WebSite","@id":"https:\/\/paracherkaoui.ma\/#website","url":"https:\/\/paracherkaoui.ma\/","name":"Paracherkaoui.ma","description":"Achetez en ligne sur Paracherkaoui.ma","potentialAction":[{"@type":"SearchAction","target":{"@type":"EntryPoint","urlTemplate":"https:\/\/paracherkaoui.ma\/?s={search_term_string}"},"query-input":{"@type":"PropertyValueSpecification","valueRequired":true,"valueName":"search_term_string"}}],"inLanguage":"fr-FR"}]}},"_links":{"self":[{"href":"https:\/\/paracherkaoui.ma\/index.php\/wp-json\/wp\/v2\/product\/35417","targetHints":{"allow":["GET"]}}],"collection":[{"href":"https:\/\/paracherkaoui.ma\/index.php\/wp-json\/wp\/v2\/product"}],"about":[{"href":"https:\/\/paracherkaoui.ma\/index.php\/wp-json\/wp\/v2\/types\/product"}],"replies":[{"embeddable":true,"href":"https:\/\/paracherkaoui.ma\/index.php\/wp-json\/wp\/v2\/comments?post=35417"}],"version-history":[{"count":1,"href":"https:\/\/paracherkaoui.ma\/index.php\/wp-json\/wp\/v2\/product\/35417\/revisions"}],"predecessor-version":[{"id":35458,"href":"https:\/\/paracherkaoui.ma\/index.php\/wp-json\/wp\/v2\/product\/35417\/revisions\/35458"}],"wp:featuredmedia":[{"embeddable":true,"href":"https:\/\/paracherkaoui.ma\/index.php\/wp-json\/wp\/v2\/media\/35457"}],"wp:attachment":[{"href":"https:\/\/paracherkaoui.ma\/index.php\/wp-json\/wp\/v2\/media?parent=35417"}],"wp:term":[{"taxonomy":"product_brand","embeddable":true,"href":"https:\/\/paracherkaoui.ma\/index.php\/wp-json\/wp\/v2\/product_brand?post=35417"},{"taxonomy":"product_cat","embeddable":true,"href":"https:\/\/paracherkaoui.ma\/index.php\/wp-json\/wp\/v2\/product_cat?post=35417"},{"taxonomy":"product_tag","embeddable":true,"href":"https:\/\/paracherkaoui.ma\/index.php\/wp-json\/wp\/v2\/product_tag?post=35417"}],"curies":[{"name":"wp","href":"https:\/\/api.w.org\/{rel}","templated":true}]}}