{"id":35410,"date":"2025-12-12T18:54:06","date_gmt":"2025-12-12T17:54:06","guid":{"rendered":"https:\/\/test.ecbeaute.com\/?post_type=product&#038;p=35410"},"modified":"2025-12-12T18:54:09","modified_gmt":"2025-12-12T17:54:09","slug":"depilia-depicalme-gel-surgras-500-ml","status":"publish","type":"product","link":"https:\/\/paracherkaoui.ma\/index.php\/produit\/depilia-depicalme-gel-surgras-500-ml\/","title":{"rendered":"DEPILIA DEPICALME GEL SURGRAS 500 ML"},"content":{"rendered":"<p>Description<br \/>\nDEPICALM Gel Nettoyant surgras con\u00e7u pour l\u2019hygi\u00e8ne des peaux atopiques, s\u00e8ches et tr\u00e8s s\u00e8ches. Gr\u00e2ce \u00e0 sa base lavante douce et son PH physiologique, le gel surgras DEPICALM nettoie en douceur tout en respectant la peau. Riche en Agents sur-graissants et en extrait d\u2019Aloe Vera, Il restaure le film hydrolipidique et hydrate profond\u00e9ment.<br \/>\nConseils d`utilisation<br \/>\nFaire mousser, rincer puis s\u00e9cher votre peau \u00e0 l\u2019aide d\u2019une serviette.<\/p>\n","protected":false},"excerpt":{"rendered":"<p>Description DEPICALM Gel Nettoyant surgras con\u00e7u pour l\u2019hygi\u00e8ne des peaux atopiques, s\u00e8ches et tr\u00e8s s\u00e8ches. Gr\u00e2ce \u00e0 sa base lavante<\/p>\n","protected":false},"featured_media":35444,"comment_status":"open","ping_status":"closed","template":"","meta":[],"product_brand":[428],"product_cat":[631],"product_tag":[],"class_list":{"0":"post-35410","1":"product","2":"type-product","3":"status-publish","4":"has-post-thumbnail","6":"product_brand-depilia","7":"product_cat-gels-et-huiles-lavants","9":"first","10":"instock","11":"sale","12":"shipping-taxable","13":"purchasable","14":"product-type-simple"},"yoast_head":"<!-- This site is optimized with the Yoast SEO plugin v26.6 - https:\/\/yoast.com\/wordpress\/plugins\/seo\/ -->\r\n<title>DEPILIA DEPICALME GEL SURGRAS 500 ML - Paracherkaoui.ma<\/title>\r\n<meta name=\"robots\" content=\"index, follow, max-snippet:-1, max-image-preview:large, max-video-preview:-1\" \/>\r\n<link rel=\"canonical\" href=\"https:\/\/paracherkaoui.ma\/index.php\/produit\/depilia-depicalme-gel-surgras-500-ml\/\" \/>\r\n<meta property=\"og:locale\" content=\"fr_FR\" \/>\r\n<meta property=\"og:type\" content=\"article\" \/>\r\n<meta property=\"og:title\" content=\"DEPILIA DEPICALME GEL SURGRAS 500 ML - Paracherkaoui.ma\" \/>\r\n<meta property=\"og:description\" content=\"Description DEPICALM Gel Nettoyant surgras con\u00e7u pour l\u2019hygi\u00e8ne des peaux atopiques, s\u00e8ches et tr\u00e8s s\u00e8ches. Gr\u00e2ce \u00e0 sa base lavante\" \/>\r\n<meta property=\"og:url\" content=\"https:\/\/paracherkaoui.ma\/index.php\/produit\/depilia-depicalme-gel-surgras-500-ml\/\" \/>\r\n<meta property=\"og:site_name\" content=\"Paracherkaoui.ma\" \/>\r\n<meta property=\"article:modified_time\" content=\"2025-12-12T17:54:09+00:00\" \/>\r\n<meta property=\"og:image\" content=\"https:\/\/paracherkaoui.ma\/wp-content\/uploads\/2025\/12\/depilia-depicalme-gel-surgras-500-ml.jpg\" \/>\r\n\t<meta property=\"og:image:width\" content=\"700\" \/>\r\n\t<meta property=\"og:image:height\" content=\"700\" \/>\r\n\t<meta property=\"og:image:type\" content=\"image\/jpeg\" \/>\r\n<meta name=\"twitter:card\" content=\"summary_large_image\" \/>\r\n<script type=\"application\/ld+json\" class=\"yoast-schema-graph\">{\"@context\":\"https:\/\/schema.org\",\"@graph\":[{\"@type\":\"WebPage\",\"@id\":\"https:\/\/paracherkaoui.ma\/index.php\/produit\/depilia-depicalme-gel-surgras-500-ml\/\",\"url\":\"https:\/\/paracherkaoui.ma\/index.php\/produit\/depilia-depicalme-gel-surgras-500-ml\/\",\"name\":\"DEPILIA DEPICALME GEL SURGRAS 500 ML - Paracherkaoui.ma\",\"isPartOf\":{\"@id\":\"https:\/\/paracherkaoui.ma\/#website\"},\"primaryImageOfPage\":{\"@id\":\"https:\/\/paracherkaoui.ma\/index.php\/produit\/depilia-depicalme-gel-surgras-500-ml\/#primaryimage\"},\"image\":{\"@id\":\"https:\/\/paracherkaoui.ma\/index.php\/produit\/depilia-depicalme-gel-surgras-500-ml\/#primaryimage\"},\"thumbnailUrl\":\"https:\/\/paracherkaoui.ma\/wp-content\/uploads\/2025\/12\/depilia-depicalme-gel-surgras-500-ml.jpg\",\"datePublished\":\"2025-12-12T17:54:06+00:00\",\"dateModified\":\"2025-12-12T17:54:09+00:00\",\"breadcrumb\":{\"@id\":\"https:\/\/paracherkaoui.ma\/index.php\/produit\/depilia-depicalme-gel-surgras-500-ml\/#breadcrumb\"},\"inLanguage\":\"fr-FR\",\"potentialAction\":[{\"@type\":\"ReadAction\",\"target\":[\"https:\/\/paracherkaoui.ma\/index.php\/produit\/depilia-depicalme-gel-surgras-500-ml\/\"]}]},{\"@type\":\"ImageObject\",\"inLanguage\":\"fr-FR\",\"@id\":\"https:\/\/paracherkaoui.ma\/index.php\/produit\/depilia-depicalme-gel-surgras-500-ml\/#primaryimage\",\"url\":\"https:\/\/paracherkaoui.ma\/wp-content\/uploads\/2025\/12\/depilia-depicalme-gel-surgras-500-ml.jpg\",\"contentUrl\":\"https:\/\/paracherkaoui.ma\/wp-content\/uploads\/2025\/12\/depilia-depicalme-gel-surgras-500-ml.jpg\",\"width\":700,\"height\":700},{\"@type\":\"BreadcrumbList\",\"@id\":\"https:\/\/paracherkaoui.ma\/index.php\/produit\/depilia-depicalme-gel-surgras-500-ml\/#breadcrumb\",\"itemListElement\":[{\"@type\":\"ListItem\",\"position\":1,\"name\":\"Accueil\",\"item\":\"https:\/\/paracherkaoui.ma\/\"},{\"@type\":\"ListItem\",\"position\":2,\"name\":\"Boutique\",\"item\":\"https:\/\/paracherkaoui.ma\/index.php\/boutique\/\"},{\"@type\":\"ListItem\",\"position\":3,\"name\":\"DEPILIA DEPICALME GEL SURGRAS 500 ML\"}]},{\"@type\":\"WebSite\",\"@id\":\"https:\/\/paracherkaoui.ma\/#website\",\"url\":\"https:\/\/paracherkaoui.ma\/\",\"name\":\"Paracherkaoui.ma\",\"description\":\"Achetez en ligne sur Paracherkaoui.ma\",\"potentialAction\":[{\"@type\":\"SearchAction\",\"target\":{\"@type\":\"EntryPoint\",\"urlTemplate\":\"https:\/\/paracherkaoui.ma\/?s={search_term_string}\"},\"query-input\":{\"@type\":\"PropertyValueSpecification\",\"valueRequired\":true,\"valueName\":\"search_term_string\"}}],\"inLanguage\":\"fr-FR\"}]}<\/script>\r\n<!-- \/ Yoast SEO plugin. -->","yoast_head_json":{"title":"DEPILIA DEPICALME GEL SURGRAS 500 ML - Paracherkaoui.ma","robots":{"index":"index","follow":"follow","max-snippet":"max-snippet:-1","max-image-preview":"max-image-preview:large","max-video-preview":"max-video-preview:-1"},"canonical":"https:\/\/paracherkaoui.ma\/index.php\/produit\/depilia-depicalme-gel-surgras-500-ml\/","og_locale":"fr_FR","og_type":"article","og_title":"DEPILIA DEPICALME GEL SURGRAS 500 ML - Paracherkaoui.ma","og_description":"Description DEPICALM Gel Nettoyant surgras con\u00e7u pour l\u2019hygi\u00e8ne des peaux atopiques, s\u00e8ches et tr\u00e8s s\u00e8ches. Gr\u00e2ce \u00e0 sa base lavante","og_url":"https:\/\/paracherkaoui.ma\/index.php\/produit\/depilia-depicalme-gel-surgras-500-ml\/","og_site_name":"Paracherkaoui.ma","article_modified_time":"2025-12-12T17:54:09+00:00","og_image":[{"width":700,"height":700,"url":"https:\/\/paracherkaoui.ma\/wp-content\/uploads\/2025\/12\/depilia-depicalme-gel-surgras-500-ml.jpg","type":"image\/jpeg"}],"twitter_card":"summary_large_image","schema":{"@context":"https:\/\/schema.org","@graph":[{"@type":"WebPage","@id":"https:\/\/paracherkaoui.ma\/index.php\/produit\/depilia-depicalme-gel-surgras-500-ml\/","url":"https:\/\/paracherkaoui.ma\/index.php\/produit\/depilia-depicalme-gel-surgras-500-ml\/","name":"DEPILIA DEPICALME GEL SURGRAS 500 ML - Paracherkaoui.ma","isPartOf":{"@id":"https:\/\/paracherkaoui.ma\/#website"},"primaryImageOfPage":{"@id":"https:\/\/paracherkaoui.ma\/index.php\/produit\/depilia-depicalme-gel-surgras-500-ml\/#primaryimage"},"image":{"@id":"https:\/\/paracherkaoui.ma\/index.php\/produit\/depilia-depicalme-gel-surgras-500-ml\/#primaryimage"},"thumbnailUrl":"https:\/\/paracherkaoui.ma\/wp-content\/uploads\/2025\/12\/depilia-depicalme-gel-surgras-500-ml.jpg","datePublished":"2025-12-12T17:54:06+00:00","dateModified":"2025-12-12T17:54:09+00:00","breadcrumb":{"@id":"https:\/\/paracherkaoui.ma\/index.php\/produit\/depilia-depicalme-gel-surgras-500-ml\/#breadcrumb"},"inLanguage":"fr-FR","potentialAction":[{"@type":"ReadAction","target":["https:\/\/paracherkaoui.ma\/index.php\/produit\/depilia-depicalme-gel-surgras-500-ml\/"]}]},{"@type":"ImageObject","inLanguage":"fr-FR","@id":"https:\/\/paracherkaoui.ma\/index.php\/produit\/depilia-depicalme-gel-surgras-500-ml\/#primaryimage","url":"https:\/\/paracherkaoui.ma\/wp-content\/uploads\/2025\/12\/depilia-depicalme-gel-surgras-500-ml.jpg","contentUrl":"https:\/\/paracherkaoui.ma\/wp-content\/uploads\/2025\/12\/depilia-depicalme-gel-surgras-500-ml.jpg","width":700,"height":700},{"@type":"BreadcrumbList","@id":"https:\/\/paracherkaoui.ma\/index.php\/produit\/depilia-depicalme-gel-surgras-500-ml\/#breadcrumb","itemListElement":[{"@type":"ListItem","position":1,"name":"Accueil","item":"https:\/\/paracherkaoui.ma\/"},{"@type":"ListItem","position":2,"name":"Boutique","item":"https:\/\/paracherkaoui.ma\/index.php\/boutique\/"},{"@type":"ListItem","position":3,"name":"DEPILIA DEPICALME GEL SURGRAS 500 ML"}]},{"@type":"WebSite","@id":"https:\/\/paracherkaoui.ma\/#website","url":"https:\/\/paracherkaoui.ma\/","name":"Paracherkaoui.ma","description":"Achetez en ligne sur Paracherkaoui.ma","potentialAction":[{"@type":"SearchAction","target":{"@type":"EntryPoint","urlTemplate":"https:\/\/paracherkaoui.ma\/?s={search_term_string}"},"query-input":{"@type":"PropertyValueSpecification","valueRequired":true,"valueName":"search_term_string"}}],"inLanguage":"fr-FR"}]}},"_links":{"self":[{"href":"https:\/\/paracherkaoui.ma\/index.php\/wp-json\/wp\/v2\/product\/35410","targetHints":{"allow":["GET"]}}],"collection":[{"href":"https:\/\/paracherkaoui.ma\/index.php\/wp-json\/wp\/v2\/product"}],"about":[{"href":"https:\/\/paracherkaoui.ma\/index.php\/wp-json\/wp\/v2\/types\/product"}],"replies":[{"embeddable":true,"href":"https:\/\/paracherkaoui.ma\/index.php\/wp-json\/wp\/v2\/comments?post=35410"}],"version-history":[{"count":1,"href":"https:\/\/paracherkaoui.ma\/index.php\/wp-json\/wp\/v2\/product\/35410\/revisions"}],"predecessor-version":[{"id":35445,"href":"https:\/\/paracherkaoui.ma\/index.php\/wp-json\/wp\/v2\/product\/35410\/revisions\/35445"}],"wp:featuredmedia":[{"embeddable":true,"href":"https:\/\/paracherkaoui.ma\/index.php\/wp-json\/wp\/v2\/media\/35444"}],"wp:attachment":[{"href":"https:\/\/paracherkaoui.ma\/index.php\/wp-json\/wp\/v2\/media?parent=35410"}],"wp:term":[{"taxonomy":"product_brand","embeddable":true,"href":"https:\/\/paracherkaoui.ma\/index.php\/wp-json\/wp\/v2\/product_brand?post=35410"},{"taxonomy":"product_cat","embeddable":true,"href":"https:\/\/paracherkaoui.ma\/index.php\/wp-json\/wp\/v2\/product_cat?post=35410"},{"taxonomy":"product_tag","embeddable":true,"href":"https:\/\/paracherkaoui.ma\/index.php\/wp-json\/wp\/v2\/product_tag?post=35410"}],"curies":[{"name":"wp","href":"https:\/\/api.w.org\/{rel}","templated":true}]}}