{"id":35320,"date":"2025-12-12T18:53:58","date_gmt":"2025-12-12T17:53:58","guid":{"rendered":"https:\/\/test.ecbeaute.com\/?post_type=product&#038;p=35320"},"modified":"2025-12-12T18:54:00","modified_gmt":"2025-12-12T17:54:00","slug":"roge-cavailles-bain-et-douche-lait-de-figue-400-ml","status":"publish","type":"product","link":"https:\/\/paracherkaoui.ma\/index.php\/produit\/roge-cavailles-bain-et-douche-lait-de-figue-400-ml\/","title":{"rendered":"ROGE CAVAILLES BAIN ET DOUCHE LAIT DE FIGUE 400 ML"},"content":{"rendered":"<p>Le\u00a0lait bain et douche lait de figue Rog\u00e9 Cavaill\u00e8s\u00a0nettoie en douceur la peau de\u00a0toute la famille\u00a0tout en assurant un maximum de protection et d&rsquo;hydratation. Gr\u00e2ce \u00e0 ses\u00a0prot\u00e9ines de lait\u00a0et ses\u00a0huiles \u00e9mollientes, votre peau est intens\u00e9ment r\u00e9hydrat\u00e9e pour un toucher doux.<br \/>\nL&rsquo;huile v\u00e9g\u00e9tale d&rsquo;amande douce,\u00a0tr\u00e8s utilis\u00e9e pour le soin des nourrissons, contribue \u00e0 relipider et\u00a0adoucir la peau, la\u00a0glyc\u00e9rine\u00a0lui apporte des qualit\u00e9s hydratantes et l&rsquo;huile d&rsquo;olive\u00a0offre une action r\u00e9g\u00e9n\u00e9rante et anti-\u00e2ge. Ses\u00a0actifs surgras\u00a0contribuent \u00e0 hydrater en profondeur les peaux s\u00e8ches.<br \/>\nCe\u00a0lait bain et douche Rog\u00e9 Cavaill\u00e8s\u00a0se transforme en mousse onctueuse avec l&rsquo;eau, d\u00e9livrant son d\u00e9licieux parfum au lait de figue pour un soin de pur bien-\u00eatre et de plaisir.Sa formule hypoallerg\u00e9nique respecte les peaux les plus d\u00e9licates et vous vous laisserez aller \u00e0 ce doux parfum de figue qui \u00e9voque les bords de la M\u00e9diterran\u00e9e et les vergers m\u00e9ridionaux. Son\u00a0format familial\u00a0va vous ravir et vous envelopper de la douceur de la figue.<\/p>\n","protected":false},"excerpt":{"rendered":"<p>Le\u00a0lait bain et douche lait de figue Rog\u00e9 Cavaill\u00e8s\u00a0nettoie en douceur la peau de\u00a0toute la famille\u00a0tout en assurant un maximum<\/p>\n","protected":false},"featured_media":35352,"comment_status":"open","ping_status":"closed","template":"","meta":[],"product_brand":[411],"product_cat":[631],"product_tag":[],"class_list":{"0":"post-35320","1":"product","2":"type-product","3":"status-publish","4":"has-post-thumbnail","6":"product_brand-roge-cavailles","7":"product_cat-gels-et-huiles-lavants","9":"first","10":"instock","11":"sale","12":"shipping-taxable","13":"purchasable","14":"product-type-simple"},"yoast_head":"<!-- This site is optimized with the Yoast SEO plugin v26.6 - https:\/\/yoast.com\/wordpress\/plugins\/seo\/ -->\r\n<title>ROGE CAVAILLES BAIN ET DOUCHE LAIT DE FIGUE 400 ML - Paracherkaoui.ma<\/title>\r\n<meta name=\"robots\" content=\"index, follow, max-snippet:-1, max-image-preview:large, max-video-preview:-1\" \/>\r\n<link rel=\"canonical\" href=\"https:\/\/paracherkaoui.ma\/index.php\/produit\/roge-cavailles-bain-et-douche-lait-de-figue-400-ml\/\" \/>\r\n<meta property=\"og:locale\" content=\"fr_FR\" \/>\r\n<meta property=\"og:type\" content=\"article\" \/>\r\n<meta property=\"og:title\" content=\"ROGE CAVAILLES BAIN ET DOUCHE LAIT DE FIGUE 400 ML - Paracherkaoui.ma\" \/>\r\n<meta property=\"og:description\" content=\"Le\u00a0lait bain et douche lait de figue Rog\u00e9 Cavaill\u00e8s\u00a0nettoie en douceur la peau de\u00a0toute la famille\u00a0tout en assurant un maximum\" \/>\r\n<meta property=\"og:url\" content=\"https:\/\/paracherkaoui.ma\/index.php\/produit\/roge-cavailles-bain-et-douche-lait-de-figue-400-ml\/\" \/>\r\n<meta property=\"og:site_name\" content=\"Paracherkaoui.ma\" \/>\r\n<meta property=\"article:modified_time\" content=\"2025-12-12T17:54:00+00:00\" \/>\r\n<meta property=\"og:image\" content=\"https:\/\/paracherkaoui.ma\/wp-content\/uploads\/2025\/12\/roge-cavailles-roge-cavailles-bain-et-douche-lait-de-figue-400-ml-gels-et-huiles-lavants.jpg\" \/>\r\n\t<meta property=\"og:image:width\" content=\"700\" \/>\r\n\t<meta property=\"og:image:height\" content=\"700\" \/>\r\n\t<meta property=\"og:image:type\" content=\"image\/jpeg\" \/>\r\n<meta name=\"twitter:card\" content=\"summary_large_image\" \/>\r\n<meta name=\"twitter:label1\" content=\"Dur\u00e9e de lecture estim\u00e9e\" \/>\n\t<meta name=\"twitter:data1\" content=\"1 minute\" \/>\r\n<script type=\"application\/ld+json\" class=\"yoast-schema-graph\">{\"@context\":\"https:\/\/schema.org\",\"@graph\":[{\"@type\":\"WebPage\",\"@id\":\"https:\/\/paracherkaoui.ma\/index.php\/produit\/roge-cavailles-bain-et-douche-lait-de-figue-400-ml\/\",\"url\":\"https:\/\/paracherkaoui.ma\/index.php\/produit\/roge-cavailles-bain-et-douche-lait-de-figue-400-ml\/\",\"name\":\"ROGE CAVAILLES BAIN ET DOUCHE LAIT DE FIGUE 400 ML - Paracherkaoui.ma\",\"isPartOf\":{\"@id\":\"https:\/\/paracherkaoui.ma\/#website\"},\"primaryImageOfPage\":{\"@id\":\"https:\/\/paracherkaoui.ma\/index.php\/produit\/roge-cavailles-bain-et-douche-lait-de-figue-400-ml\/#primaryimage\"},\"image\":{\"@id\":\"https:\/\/paracherkaoui.ma\/index.php\/produit\/roge-cavailles-bain-et-douche-lait-de-figue-400-ml\/#primaryimage\"},\"thumbnailUrl\":\"https:\/\/paracherkaoui.ma\/wp-content\/uploads\/2025\/12\/roge-cavailles-roge-cavailles-bain-et-douche-lait-de-figue-400-ml-gels-et-huiles-lavants.jpg\",\"datePublished\":\"2025-12-12T17:53:58+00:00\",\"dateModified\":\"2025-12-12T17:54:00+00:00\",\"breadcrumb\":{\"@id\":\"https:\/\/paracherkaoui.ma\/index.php\/produit\/roge-cavailles-bain-et-douche-lait-de-figue-400-ml\/#breadcrumb\"},\"inLanguage\":\"fr-FR\",\"potentialAction\":[{\"@type\":\"ReadAction\",\"target\":[\"https:\/\/paracherkaoui.ma\/index.php\/produit\/roge-cavailles-bain-et-douche-lait-de-figue-400-ml\/\"]}]},{\"@type\":\"ImageObject\",\"inLanguage\":\"fr-FR\",\"@id\":\"https:\/\/paracherkaoui.ma\/index.php\/produit\/roge-cavailles-bain-et-douche-lait-de-figue-400-ml\/#primaryimage\",\"url\":\"https:\/\/paracherkaoui.ma\/wp-content\/uploads\/2025\/12\/roge-cavailles-roge-cavailles-bain-et-douche-lait-de-figue-400-ml-gels-et-huiles-lavants.jpg\",\"contentUrl\":\"https:\/\/paracherkaoui.ma\/wp-content\/uploads\/2025\/12\/roge-cavailles-roge-cavailles-bain-et-douche-lait-de-figue-400-ml-gels-et-huiles-lavants.jpg\",\"width\":700,\"height\":700},{\"@type\":\"BreadcrumbList\",\"@id\":\"https:\/\/paracherkaoui.ma\/index.php\/produit\/roge-cavailles-bain-et-douche-lait-de-figue-400-ml\/#breadcrumb\",\"itemListElement\":[{\"@type\":\"ListItem\",\"position\":1,\"name\":\"Accueil\",\"item\":\"https:\/\/paracherkaoui.ma\/\"},{\"@type\":\"ListItem\",\"position\":2,\"name\":\"Boutique\",\"item\":\"https:\/\/paracherkaoui.ma\/index.php\/boutique\/\"},{\"@type\":\"ListItem\",\"position\":3,\"name\":\"ROGE CAVAILLES BAIN ET DOUCHE LAIT DE FIGUE 400 ML\"}]},{\"@type\":\"WebSite\",\"@id\":\"https:\/\/paracherkaoui.ma\/#website\",\"url\":\"https:\/\/paracherkaoui.ma\/\",\"name\":\"Paracherkaoui.ma\",\"description\":\"Achetez en ligne sur Paracherkaoui.ma\",\"potentialAction\":[{\"@type\":\"SearchAction\",\"target\":{\"@type\":\"EntryPoint\",\"urlTemplate\":\"https:\/\/paracherkaoui.ma\/?s={search_term_string}\"},\"query-input\":{\"@type\":\"PropertyValueSpecification\",\"valueRequired\":true,\"valueName\":\"search_term_string\"}}],\"inLanguage\":\"fr-FR\"}]}<\/script>\r\n<!-- \/ Yoast SEO plugin. -->","yoast_head_json":{"title":"ROGE CAVAILLES BAIN ET DOUCHE LAIT DE FIGUE 400 ML - Paracherkaoui.ma","robots":{"index":"index","follow":"follow","max-snippet":"max-snippet:-1","max-image-preview":"max-image-preview:large","max-video-preview":"max-video-preview:-1"},"canonical":"https:\/\/paracherkaoui.ma\/index.php\/produit\/roge-cavailles-bain-et-douche-lait-de-figue-400-ml\/","og_locale":"fr_FR","og_type":"article","og_title":"ROGE CAVAILLES BAIN ET DOUCHE LAIT DE FIGUE 400 ML - Paracherkaoui.ma","og_description":"Le\u00a0lait bain et douche lait de figue Rog\u00e9 Cavaill\u00e8s\u00a0nettoie en douceur la peau de\u00a0toute la famille\u00a0tout en assurant un maximum","og_url":"https:\/\/paracherkaoui.ma\/index.php\/produit\/roge-cavailles-bain-et-douche-lait-de-figue-400-ml\/","og_site_name":"Paracherkaoui.ma","article_modified_time":"2025-12-12T17:54:00+00:00","og_image":[{"width":700,"height":700,"url":"https:\/\/paracherkaoui.ma\/wp-content\/uploads\/2025\/12\/roge-cavailles-roge-cavailles-bain-et-douche-lait-de-figue-400-ml-gels-et-huiles-lavants.jpg","type":"image\/jpeg"}],"twitter_card":"summary_large_image","twitter_misc":{"Dur\u00e9e de lecture estim\u00e9e":"1 minute"},"schema":{"@context":"https:\/\/schema.org","@graph":[{"@type":"WebPage","@id":"https:\/\/paracherkaoui.ma\/index.php\/produit\/roge-cavailles-bain-et-douche-lait-de-figue-400-ml\/","url":"https:\/\/paracherkaoui.ma\/index.php\/produit\/roge-cavailles-bain-et-douche-lait-de-figue-400-ml\/","name":"ROGE CAVAILLES BAIN ET DOUCHE LAIT DE FIGUE 400 ML - Paracherkaoui.ma","isPartOf":{"@id":"https:\/\/paracherkaoui.ma\/#website"},"primaryImageOfPage":{"@id":"https:\/\/paracherkaoui.ma\/index.php\/produit\/roge-cavailles-bain-et-douche-lait-de-figue-400-ml\/#primaryimage"},"image":{"@id":"https:\/\/paracherkaoui.ma\/index.php\/produit\/roge-cavailles-bain-et-douche-lait-de-figue-400-ml\/#primaryimage"},"thumbnailUrl":"https:\/\/paracherkaoui.ma\/wp-content\/uploads\/2025\/12\/roge-cavailles-roge-cavailles-bain-et-douche-lait-de-figue-400-ml-gels-et-huiles-lavants.jpg","datePublished":"2025-12-12T17:53:58+00:00","dateModified":"2025-12-12T17:54:00+00:00","breadcrumb":{"@id":"https:\/\/paracherkaoui.ma\/index.php\/produit\/roge-cavailles-bain-et-douche-lait-de-figue-400-ml\/#breadcrumb"},"inLanguage":"fr-FR","potentialAction":[{"@type":"ReadAction","target":["https:\/\/paracherkaoui.ma\/index.php\/produit\/roge-cavailles-bain-et-douche-lait-de-figue-400-ml\/"]}]},{"@type":"ImageObject","inLanguage":"fr-FR","@id":"https:\/\/paracherkaoui.ma\/index.php\/produit\/roge-cavailles-bain-et-douche-lait-de-figue-400-ml\/#primaryimage","url":"https:\/\/paracherkaoui.ma\/wp-content\/uploads\/2025\/12\/roge-cavailles-roge-cavailles-bain-et-douche-lait-de-figue-400-ml-gels-et-huiles-lavants.jpg","contentUrl":"https:\/\/paracherkaoui.ma\/wp-content\/uploads\/2025\/12\/roge-cavailles-roge-cavailles-bain-et-douche-lait-de-figue-400-ml-gels-et-huiles-lavants.jpg","width":700,"height":700},{"@type":"BreadcrumbList","@id":"https:\/\/paracherkaoui.ma\/index.php\/produit\/roge-cavailles-bain-et-douche-lait-de-figue-400-ml\/#breadcrumb","itemListElement":[{"@type":"ListItem","position":1,"name":"Accueil","item":"https:\/\/paracherkaoui.ma\/"},{"@type":"ListItem","position":2,"name":"Boutique","item":"https:\/\/paracherkaoui.ma\/index.php\/boutique\/"},{"@type":"ListItem","position":3,"name":"ROGE CAVAILLES BAIN ET DOUCHE LAIT DE FIGUE 400 ML"}]},{"@type":"WebSite","@id":"https:\/\/paracherkaoui.ma\/#website","url":"https:\/\/paracherkaoui.ma\/","name":"Paracherkaoui.ma","description":"Achetez en ligne sur Paracherkaoui.ma","potentialAction":[{"@type":"SearchAction","target":{"@type":"EntryPoint","urlTemplate":"https:\/\/paracherkaoui.ma\/?s={search_term_string}"},"query-input":{"@type":"PropertyValueSpecification","valueRequired":true,"valueName":"search_term_string"}}],"inLanguage":"fr-FR"}]}},"_links":{"self":[{"href":"https:\/\/paracherkaoui.ma\/index.php\/wp-json\/wp\/v2\/product\/35320","targetHints":{"allow":["GET"]}}],"collection":[{"href":"https:\/\/paracherkaoui.ma\/index.php\/wp-json\/wp\/v2\/product"}],"about":[{"href":"https:\/\/paracherkaoui.ma\/index.php\/wp-json\/wp\/v2\/types\/product"}],"replies":[{"embeddable":true,"href":"https:\/\/paracherkaoui.ma\/index.php\/wp-json\/wp\/v2\/comments?post=35320"}],"version-history":[{"count":1,"href":"https:\/\/paracherkaoui.ma\/index.php\/wp-json\/wp\/v2\/product\/35320\/revisions"}],"predecessor-version":[{"id":35353,"href":"https:\/\/paracherkaoui.ma\/index.php\/wp-json\/wp\/v2\/product\/35320\/revisions\/35353"}],"wp:featuredmedia":[{"embeddable":true,"href":"https:\/\/paracherkaoui.ma\/index.php\/wp-json\/wp\/v2\/media\/35352"}],"wp:attachment":[{"href":"https:\/\/paracherkaoui.ma\/index.php\/wp-json\/wp\/v2\/media?parent=35320"}],"wp:term":[{"taxonomy":"product_brand","embeddable":true,"href":"https:\/\/paracherkaoui.ma\/index.php\/wp-json\/wp\/v2\/product_brand?post=35320"},{"taxonomy":"product_cat","embeddable":true,"href":"https:\/\/paracherkaoui.ma\/index.php\/wp-json\/wp\/v2\/product_cat?post=35320"},{"taxonomy":"product_tag","embeddable":true,"href":"https:\/\/paracherkaoui.ma\/index.php\/wp-json\/wp\/v2\/product_tag?post=35320"}],"curies":[{"name":"wp","href":"https:\/\/api.w.org\/{rel}","templated":true}]}}