{"id":35264,"date":"2025-12-12T18:53:52","date_gmt":"2025-12-12T17:53:52","guid":{"rendered":"https:\/\/test.ecbeaute.com\/?post_type=product&#038;p=35264"},"modified":"2025-12-12T18:53:57","modified_gmt":"2025-12-12T17:53:57","slug":"roge-cavailles-bain-et-douche-hydratant-lait-figue-bio-1-litre","status":"publish","type":"product","link":"https:\/\/paracherkaoui.ma\/index.php\/produit\/roge-cavailles-bain-et-douche-hydratant-lait-figue-bio-1-litre\/","title":{"rendered":"ROGE CAVAILLES BAIN ET DOUCHE HYDRATANT LAIT FIGUE BIO 1 LITRE"},"content":{"rendered":"<p>Une PEAU hydrat\u00e9e et prot\u00e9g\u00e9e : notre formule renferme du surgras v\u00e9g\u00e9tal pro-r\u00e9g\u00e9n\u00e9rant\u00ae et des prot\u00e9ines de lait, agents hydratants puissants qui prennent soin des peaux les plus s\u00e8ches. Sans savon et test\u00e9e dermatologiquement sur peaux sensibles, elle nettoie en douceur et aide \u00e0 pr\u00e9server le processus naturel de r\u00e9g\u00e9n\u00e9ration de la peau.<br \/>\n\u2022 Un moment de BIEN-\u00caTRE gr\u00e2ce \u00e0 sa cr\u00e8me enveloppante et son parfum lait de figue.<br \/>\n\u2022 Un geste pour la PLAN\u00c8TE avec sa bouteille 100% en plastique recycl\u00e9 et recyclable.<br \/>\n\u2022 Pour toute la FAMILLE : petits et grands d\u00e8s 1 an.<br \/>\nConseils d&rsquo;utilisation:<br \/>\nSous la douche ou dans le bain, appliquez le Lait Bain Douche peau s\u00e8che sur votre peau pr\u00e9alablement mouill\u00e9e. Faites mousser, rincez, votre peau est hydrat\u00e9e, prot\u00e9g\u00e9e, plus vivante que jamais.<\/p>\n","protected":false},"excerpt":{"rendered":"<p>Une PEAU hydrat\u00e9e et prot\u00e9g\u00e9e : notre formule renferme du surgras v\u00e9g\u00e9tal pro-r\u00e9g\u00e9n\u00e9rant\u00ae et des prot\u00e9ines de lait, agents hydratants<\/p>\n","protected":false},"featured_media":35316,"comment_status":"open","ping_status":"closed","template":"","meta":[],"product_brand":[411],"product_cat":[631],"product_tag":[],"class_list":{"0":"post-35264","1":"product","2":"type-product","3":"status-publish","4":"has-post-thumbnail","6":"product_brand-roge-cavailles","7":"product_cat-gels-et-huiles-lavants","9":"first","10":"instock","11":"sale","12":"shipping-taxable","13":"purchasable","14":"product-type-simple"},"yoast_head":"<!-- This site is optimized with the Yoast SEO plugin v26.6 - https:\/\/yoast.com\/wordpress\/plugins\/seo\/ -->\r\n<title>ROGE CAVAILLES BAIN ET DOUCHE HYDRATANT LAIT FIGUE BIO 1 LITRE - Paracherkaoui.ma<\/title>\r\n<meta name=\"robots\" content=\"index, follow, max-snippet:-1, max-image-preview:large, max-video-preview:-1\" \/>\r\n<link rel=\"canonical\" href=\"https:\/\/paracherkaoui.ma\/index.php\/produit\/roge-cavailles-bain-et-douche-hydratant-lait-figue-bio-1-litre\/\" \/>\r\n<meta property=\"og:locale\" content=\"fr_FR\" \/>\r\n<meta property=\"og:type\" content=\"article\" \/>\r\n<meta property=\"og:title\" content=\"ROGE CAVAILLES BAIN ET DOUCHE HYDRATANT LAIT FIGUE BIO 1 LITRE - Paracherkaoui.ma\" \/>\r\n<meta property=\"og:description\" content=\"Une PEAU hydrat\u00e9e et prot\u00e9g\u00e9e : notre formule renferme du surgras v\u00e9g\u00e9tal pro-r\u00e9g\u00e9n\u00e9rant\u00ae et des prot\u00e9ines de lait, agents hydratants\" \/>\r\n<meta property=\"og:url\" content=\"https:\/\/paracherkaoui.ma\/index.php\/produit\/roge-cavailles-bain-et-douche-hydratant-lait-figue-bio-1-litre\/\" \/>\r\n<meta property=\"og:site_name\" content=\"Paracherkaoui.ma\" \/>\r\n<meta property=\"article:modified_time\" content=\"2025-12-12T17:53:57+00:00\" \/>\r\n<meta property=\"og:image\" content=\"https:\/\/paracherkaoui.ma\/wp-content\/uploads\/2025\/12\/roge-cavailles-roge-cavailles-bain-et-douche-hydratant-lait-figue-bio-1-litre-gels-et-huiles-lavants.jpg\" \/>\r\n\t<meta property=\"og:image:width\" content=\"700\" \/>\r\n\t<meta property=\"og:image:height\" content=\"700\" \/>\r\n\t<meta property=\"og:image:type\" content=\"image\/jpeg\" \/>\r\n<meta name=\"twitter:card\" content=\"summary_large_image\" \/>\r\n<meta name=\"twitter:label1\" content=\"Dur\u00e9e de lecture estim\u00e9e\" \/>\n\t<meta name=\"twitter:data1\" content=\"1 minute\" \/>\r\n<script type=\"application\/ld+json\" class=\"yoast-schema-graph\">{\"@context\":\"https:\/\/schema.org\",\"@graph\":[{\"@type\":\"WebPage\",\"@id\":\"https:\/\/paracherkaoui.ma\/index.php\/produit\/roge-cavailles-bain-et-douche-hydratant-lait-figue-bio-1-litre\/\",\"url\":\"https:\/\/paracherkaoui.ma\/index.php\/produit\/roge-cavailles-bain-et-douche-hydratant-lait-figue-bio-1-litre\/\",\"name\":\"ROGE CAVAILLES BAIN ET DOUCHE HYDRATANT LAIT FIGUE BIO 1 LITRE - Paracherkaoui.ma\",\"isPartOf\":{\"@id\":\"https:\/\/paracherkaoui.ma\/#website\"},\"primaryImageOfPage\":{\"@id\":\"https:\/\/paracherkaoui.ma\/index.php\/produit\/roge-cavailles-bain-et-douche-hydratant-lait-figue-bio-1-litre\/#primaryimage\"},\"image\":{\"@id\":\"https:\/\/paracherkaoui.ma\/index.php\/produit\/roge-cavailles-bain-et-douche-hydratant-lait-figue-bio-1-litre\/#primaryimage\"},\"thumbnailUrl\":\"https:\/\/paracherkaoui.ma\/wp-content\/uploads\/2025\/12\/roge-cavailles-roge-cavailles-bain-et-douche-hydratant-lait-figue-bio-1-litre-gels-et-huiles-lavants.jpg\",\"datePublished\":\"2025-12-12T17:53:52+00:00\",\"dateModified\":\"2025-12-12T17:53:57+00:00\",\"breadcrumb\":{\"@id\":\"https:\/\/paracherkaoui.ma\/index.php\/produit\/roge-cavailles-bain-et-douche-hydratant-lait-figue-bio-1-litre\/#breadcrumb\"},\"inLanguage\":\"fr-FR\",\"potentialAction\":[{\"@type\":\"ReadAction\",\"target\":[\"https:\/\/paracherkaoui.ma\/index.php\/produit\/roge-cavailles-bain-et-douche-hydratant-lait-figue-bio-1-litre\/\"]}]},{\"@type\":\"ImageObject\",\"inLanguage\":\"fr-FR\",\"@id\":\"https:\/\/paracherkaoui.ma\/index.php\/produit\/roge-cavailles-bain-et-douche-hydratant-lait-figue-bio-1-litre\/#primaryimage\",\"url\":\"https:\/\/paracherkaoui.ma\/wp-content\/uploads\/2025\/12\/roge-cavailles-roge-cavailles-bain-et-douche-hydratant-lait-figue-bio-1-litre-gels-et-huiles-lavants.jpg\",\"contentUrl\":\"https:\/\/paracherkaoui.ma\/wp-content\/uploads\/2025\/12\/roge-cavailles-roge-cavailles-bain-et-douche-hydratant-lait-figue-bio-1-litre-gels-et-huiles-lavants.jpg\",\"width\":700,\"height\":700},{\"@type\":\"BreadcrumbList\",\"@id\":\"https:\/\/paracherkaoui.ma\/index.php\/produit\/roge-cavailles-bain-et-douche-hydratant-lait-figue-bio-1-litre\/#breadcrumb\",\"itemListElement\":[{\"@type\":\"ListItem\",\"position\":1,\"name\":\"Accueil\",\"item\":\"https:\/\/paracherkaoui.ma\/\"},{\"@type\":\"ListItem\",\"position\":2,\"name\":\"Boutique\",\"item\":\"https:\/\/paracherkaoui.ma\/index.php\/boutique\/\"},{\"@type\":\"ListItem\",\"position\":3,\"name\":\"ROGE CAVAILLES BAIN ET DOUCHE HYDRATANT LAIT FIGUE BIO 1 LITRE\"}]},{\"@type\":\"WebSite\",\"@id\":\"https:\/\/paracherkaoui.ma\/#website\",\"url\":\"https:\/\/paracherkaoui.ma\/\",\"name\":\"Paracherkaoui.ma\",\"description\":\"Achetez en ligne sur Paracherkaoui.ma\",\"potentialAction\":[{\"@type\":\"SearchAction\",\"target\":{\"@type\":\"EntryPoint\",\"urlTemplate\":\"https:\/\/paracherkaoui.ma\/?s={search_term_string}\"},\"query-input\":{\"@type\":\"PropertyValueSpecification\",\"valueRequired\":true,\"valueName\":\"search_term_string\"}}],\"inLanguage\":\"fr-FR\"}]}<\/script>\r\n<!-- \/ Yoast SEO plugin. -->","yoast_head_json":{"title":"ROGE CAVAILLES BAIN ET DOUCHE HYDRATANT LAIT FIGUE BIO 1 LITRE - Paracherkaoui.ma","robots":{"index":"index","follow":"follow","max-snippet":"max-snippet:-1","max-image-preview":"max-image-preview:large","max-video-preview":"max-video-preview:-1"},"canonical":"https:\/\/paracherkaoui.ma\/index.php\/produit\/roge-cavailles-bain-et-douche-hydratant-lait-figue-bio-1-litre\/","og_locale":"fr_FR","og_type":"article","og_title":"ROGE CAVAILLES BAIN ET DOUCHE HYDRATANT LAIT FIGUE BIO 1 LITRE - Paracherkaoui.ma","og_description":"Une PEAU hydrat\u00e9e et prot\u00e9g\u00e9e : notre formule renferme du surgras v\u00e9g\u00e9tal pro-r\u00e9g\u00e9n\u00e9rant\u00ae et des prot\u00e9ines de lait, agents hydratants","og_url":"https:\/\/paracherkaoui.ma\/index.php\/produit\/roge-cavailles-bain-et-douche-hydratant-lait-figue-bio-1-litre\/","og_site_name":"Paracherkaoui.ma","article_modified_time":"2025-12-12T17:53:57+00:00","og_image":[{"width":700,"height":700,"url":"https:\/\/paracherkaoui.ma\/wp-content\/uploads\/2025\/12\/roge-cavailles-roge-cavailles-bain-et-douche-hydratant-lait-figue-bio-1-litre-gels-et-huiles-lavants.jpg","type":"image\/jpeg"}],"twitter_card":"summary_large_image","twitter_misc":{"Dur\u00e9e de lecture estim\u00e9e":"1 minute"},"schema":{"@context":"https:\/\/schema.org","@graph":[{"@type":"WebPage","@id":"https:\/\/paracherkaoui.ma\/index.php\/produit\/roge-cavailles-bain-et-douche-hydratant-lait-figue-bio-1-litre\/","url":"https:\/\/paracherkaoui.ma\/index.php\/produit\/roge-cavailles-bain-et-douche-hydratant-lait-figue-bio-1-litre\/","name":"ROGE CAVAILLES BAIN ET DOUCHE HYDRATANT LAIT FIGUE BIO 1 LITRE - Paracherkaoui.ma","isPartOf":{"@id":"https:\/\/paracherkaoui.ma\/#website"},"primaryImageOfPage":{"@id":"https:\/\/paracherkaoui.ma\/index.php\/produit\/roge-cavailles-bain-et-douche-hydratant-lait-figue-bio-1-litre\/#primaryimage"},"image":{"@id":"https:\/\/paracherkaoui.ma\/index.php\/produit\/roge-cavailles-bain-et-douche-hydratant-lait-figue-bio-1-litre\/#primaryimage"},"thumbnailUrl":"https:\/\/paracherkaoui.ma\/wp-content\/uploads\/2025\/12\/roge-cavailles-roge-cavailles-bain-et-douche-hydratant-lait-figue-bio-1-litre-gels-et-huiles-lavants.jpg","datePublished":"2025-12-12T17:53:52+00:00","dateModified":"2025-12-12T17:53:57+00:00","breadcrumb":{"@id":"https:\/\/paracherkaoui.ma\/index.php\/produit\/roge-cavailles-bain-et-douche-hydratant-lait-figue-bio-1-litre\/#breadcrumb"},"inLanguage":"fr-FR","potentialAction":[{"@type":"ReadAction","target":["https:\/\/paracherkaoui.ma\/index.php\/produit\/roge-cavailles-bain-et-douche-hydratant-lait-figue-bio-1-litre\/"]}]},{"@type":"ImageObject","inLanguage":"fr-FR","@id":"https:\/\/paracherkaoui.ma\/index.php\/produit\/roge-cavailles-bain-et-douche-hydratant-lait-figue-bio-1-litre\/#primaryimage","url":"https:\/\/paracherkaoui.ma\/wp-content\/uploads\/2025\/12\/roge-cavailles-roge-cavailles-bain-et-douche-hydratant-lait-figue-bio-1-litre-gels-et-huiles-lavants.jpg","contentUrl":"https:\/\/paracherkaoui.ma\/wp-content\/uploads\/2025\/12\/roge-cavailles-roge-cavailles-bain-et-douche-hydratant-lait-figue-bio-1-litre-gels-et-huiles-lavants.jpg","width":700,"height":700},{"@type":"BreadcrumbList","@id":"https:\/\/paracherkaoui.ma\/index.php\/produit\/roge-cavailles-bain-et-douche-hydratant-lait-figue-bio-1-litre\/#breadcrumb","itemListElement":[{"@type":"ListItem","position":1,"name":"Accueil","item":"https:\/\/paracherkaoui.ma\/"},{"@type":"ListItem","position":2,"name":"Boutique","item":"https:\/\/paracherkaoui.ma\/index.php\/boutique\/"},{"@type":"ListItem","position":3,"name":"ROGE CAVAILLES BAIN ET DOUCHE HYDRATANT LAIT FIGUE BIO 1 LITRE"}]},{"@type":"WebSite","@id":"https:\/\/paracherkaoui.ma\/#website","url":"https:\/\/paracherkaoui.ma\/","name":"Paracherkaoui.ma","description":"Achetez en ligne sur Paracherkaoui.ma","potentialAction":[{"@type":"SearchAction","target":{"@type":"EntryPoint","urlTemplate":"https:\/\/paracherkaoui.ma\/?s={search_term_string}"},"query-input":{"@type":"PropertyValueSpecification","valueRequired":true,"valueName":"search_term_string"}}],"inLanguage":"fr-FR"}]}},"_links":{"self":[{"href":"https:\/\/paracherkaoui.ma\/index.php\/wp-json\/wp\/v2\/product\/35264","targetHints":{"allow":["GET"]}}],"collection":[{"href":"https:\/\/paracherkaoui.ma\/index.php\/wp-json\/wp\/v2\/product"}],"about":[{"href":"https:\/\/paracherkaoui.ma\/index.php\/wp-json\/wp\/v2\/types\/product"}],"replies":[{"embeddable":true,"href":"https:\/\/paracherkaoui.ma\/index.php\/wp-json\/wp\/v2\/comments?post=35264"}],"version-history":[{"count":1,"href":"https:\/\/paracherkaoui.ma\/index.php\/wp-json\/wp\/v2\/product\/35264\/revisions"}],"predecessor-version":[{"id":35317,"href":"https:\/\/paracherkaoui.ma\/index.php\/wp-json\/wp\/v2\/product\/35264\/revisions\/35317"}],"wp:featuredmedia":[{"embeddable":true,"href":"https:\/\/paracherkaoui.ma\/index.php\/wp-json\/wp\/v2\/media\/35316"}],"wp:attachment":[{"href":"https:\/\/paracherkaoui.ma\/index.php\/wp-json\/wp\/v2\/media?parent=35264"}],"wp:term":[{"taxonomy":"product_brand","embeddable":true,"href":"https:\/\/paracherkaoui.ma\/index.php\/wp-json\/wp\/v2\/product_brand?post=35264"},{"taxonomy":"product_cat","embeddable":true,"href":"https:\/\/paracherkaoui.ma\/index.php\/wp-json\/wp\/v2\/product_cat?post=35264"},{"taxonomy":"product_tag","embeddable":true,"href":"https:\/\/paracherkaoui.ma\/index.php\/wp-json\/wp\/v2\/product_tag?post=35264"}],"curies":[{"name":"wp","href":"https:\/\/api.w.org\/{rel}","templated":true}]}}