{"id":35263,"date":"2025-12-12T18:53:52","date_gmt":"2025-12-12T17:53:52","guid":{"rendered":"https:\/\/test.ecbeaute.com\/?post_type=product&#038;p=35263"},"modified":"2025-12-12T18:53:57","modified_gmt":"2025-12-12T17:53:57","slug":"cetaphil-nettoyant-eclaircissant-corps-245ml-3","status":"publish","type":"product","link":"https:\/\/paracherkaoui.ma\/index.php\/produit\/cetaphil-nettoyant-eclaircissant-corps-245ml-3\/","title":{"rendered":"CETAPHIL NETTOYANT ECLAIRCISSANT CORPS 245ML"},"content":{"rendered":"<p>Le nettoyant pour le corps CETAPHIL Bright Healthy Radiance Brightness Reveal nettoie en douceur la peau sensible sans la dess\u00e9cher pour la laisser douce, hydrat\u00e9e et rafra\u00eechie. Cette formule douce \u00e9limine la salet\u00e9, les impuret\u00e9s et le teint terne pour uniformiser le teint et r\u00e9v\u00e9ler l&rsquo;\u00e9clat naturel de la peau. Dot\u00e9e de la technologie GentleBright, cette formule hypoallerg\u00e9nique a \u00e9t\u00e9 d\u00e9velopp\u00e9e et test\u00e9e cliniquement sous contr\u00f4le dermatologique pour \u00eatre douce m\u00eame pour les peaux les plus sensibles. Enrichi en extrait de jonquille de mer blanche et en niacinamide (vitamine B3) pour lib\u00e9rer l&rsquo;\u00e9quit\u00e9 et l&rsquo;\u00e9clat naturels de la peau. Profitez du parfum l\u00e9ger et floral qui ravit les sens sans irriter la peau sensible, la laissant douce et rafra\u00eechie.<\/p>\n","protected":false},"excerpt":{"rendered":"<p>Le nettoyant pour le corps CETAPHIL Bright Healthy Radiance Brightness Reveal nettoie en douceur la peau sensible sans la dess\u00e9cher<\/p>\n","protected":false},"featured_media":11883,"comment_status":"open","ping_status":"closed","template":"","meta":[],"product_brand":[150],"product_cat":[631],"product_tag":[],"class_list":{"0":"post-35263","1":"product","2":"type-product","3":"status-publish","4":"has-post-thumbnail","6":"product_brand-cetaphil","7":"product_cat-gels-et-huiles-lavants","9":"first","10":"instock","11":"sale","12":"shipping-taxable","13":"purchasable","14":"product-type-simple"},"yoast_head":"<!-- This site is optimized with the Yoast SEO plugin v26.6 - https:\/\/yoast.com\/wordpress\/plugins\/seo\/ -->\r\n<title>CETAPHIL NETTOYANT ECLAIRCISSANT CORPS 245ML - Paracherkaoui.ma<\/title>\r\n<meta name=\"robots\" content=\"index, follow, max-snippet:-1, max-image-preview:large, max-video-preview:-1\" \/>\r\n<link rel=\"canonical\" href=\"https:\/\/paracherkaoui.ma\/index.php\/produit\/cetaphil-nettoyant-eclaircissant-corps-245ml-3\/\" \/>\r\n<meta property=\"og:locale\" content=\"fr_FR\" \/>\r\n<meta property=\"og:type\" content=\"article\" \/>\r\n<meta property=\"og:title\" content=\"CETAPHIL NETTOYANT ECLAIRCISSANT CORPS 245ML - Paracherkaoui.ma\" \/>\r\n<meta property=\"og:description\" content=\"Le nettoyant pour le corps CETAPHIL Bright Healthy Radiance Brightness Reveal nettoie en douceur la peau sensible sans la dess\u00e9cher\" \/>\r\n<meta property=\"og:url\" content=\"https:\/\/paracherkaoui.ma\/index.php\/produit\/cetaphil-nettoyant-eclaircissant-corps-245ml-3\/\" \/>\r\n<meta property=\"og:site_name\" content=\"Paracherkaoui.ma\" \/>\r\n<meta property=\"article:modified_time\" content=\"2025-12-12T17:53:57+00:00\" \/>\r\n<meta property=\"og:image\" content=\"https:\/\/paracherkaoui.ma\/wp-content\/uploads\/2025\/12\/cetaphil-cetaphil-nettoyant-eclaircissant-corps-245ml-gels-et-huiles-lavants.jpg\" \/>\r\n\t<meta property=\"og:image:width\" content=\"700\" \/>\r\n\t<meta property=\"og:image:height\" content=\"700\" \/>\r\n\t<meta property=\"og:image:type\" content=\"image\/jpeg\" \/>\r\n<meta name=\"twitter:card\" content=\"summary_large_image\" \/>\r\n<meta name=\"twitter:label1\" content=\"Dur\u00e9e de lecture estim\u00e9e\" \/>\n\t<meta name=\"twitter:data1\" content=\"1 minute\" \/>\r\n<script type=\"application\/ld+json\" class=\"yoast-schema-graph\">{\"@context\":\"https:\/\/schema.org\",\"@graph\":[{\"@type\":\"WebPage\",\"@id\":\"https:\/\/paracherkaoui.ma\/index.php\/produit\/cetaphil-nettoyant-eclaircissant-corps-245ml-3\/\",\"url\":\"https:\/\/paracherkaoui.ma\/index.php\/produit\/cetaphil-nettoyant-eclaircissant-corps-245ml-3\/\",\"name\":\"CETAPHIL NETTOYANT ECLAIRCISSANT CORPS 245ML - Paracherkaoui.ma\",\"isPartOf\":{\"@id\":\"https:\/\/paracherkaoui.ma\/#website\"},\"primaryImageOfPage\":{\"@id\":\"https:\/\/paracherkaoui.ma\/index.php\/produit\/cetaphil-nettoyant-eclaircissant-corps-245ml-3\/#primaryimage\"},\"image\":{\"@id\":\"https:\/\/paracherkaoui.ma\/index.php\/produit\/cetaphil-nettoyant-eclaircissant-corps-245ml-3\/#primaryimage\"},\"thumbnailUrl\":\"https:\/\/paracherkaoui.ma\/wp-content\/uploads\/2025\/12\/cetaphil-cetaphil-nettoyant-eclaircissant-corps-245ml-gels-et-huiles-lavants.jpg\",\"datePublished\":\"2025-12-12T17:53:52+00:00\",\"dateModified\":\"2025-12-12T17:53:57+00:00\",\"breadcrumb\":{\"@id\":\"https:\/\/paracherkaoui.ma\/index.php\/produit\/cetaphil-nettoyant-eclaircissant-corps-245ml-3\/#breadcrumb\"},\"inLanguage\":\"fr-FR\",\"potentialAction\":[{\"@type\":\"ReadAction\",\"target\":[\"https:\/\/paracherkaoui.ma\/index.php\/produit\/cetaphil-nettoyant-eclaircissant-corps-245ml-3\/\"]}]},{\"@type\":\"ImageObject\",\"inLanguage\":\"fr-FR\",\"@id\":\"https:\/\/paracherkaoui.ma\/index.php\/produit\/cetaphil-nettoyant-eclaircissant-corps-245ml-3\/#primaryimage\",\"url\":\"https:\/\/paracherkaoui.ma\/wp-content\/uploads\/2025\/12\/cetaphil-cetaphil-nettoyant-eclaircissant-corps-245ml-gels-et-huiles-lavants.jpg\",\"contentUrl\":\"https:\/\/paracherkaoui.ma\/wp-content\/uploads\/2025\/12\/cetaphil-cetaphil-nettoyant-eclaircissant-corps-245ml-gels-et-huiles-lavants.jpg\",\"width\":700,\"height\":700},{\"@type\":\"BreadcrumbList\",\"@id\":\"https:\/\/paracherkaoui.ma\/index.php\/produit\/cetaphil-nettoyant-eclaircissant-corps-245ml-3\/#breadcrumb\",\"itemListElement\":[{\"@type\":\"ListItem\",\"position\":1,\"name\":\"Accueil\",\"item\":\"https:\/\/paracherkaoui.ma\/\"},{\"@type\":\"ListItem\",\"position\":2,\"name\":\"Boutique\",\"item\":\"https:\/\/paracherkaoui.ma\/index.php\/boutique\/\"},{\"@type\":\"ListItem\",\"position\":3,\"name\":\"CETAPHIL NETTOYANT ECLAIRCISSANT CORPS 245ML\"}]},{\"@type\":\"WebSite\",\"@id\":\"https:\/\/paracherkaoui.ma\/#website\",\"url\":\"https:\/\/paracherkaoui.ma\/\",\"name\":\"Paracherkaoui.ma\",\"description\":\"Achetez en ligne sur Paracherkaoui.ma\",\"potentialAction\":[{\"@type\":\"SearchAction\",\"target\":{\"@type\":\"EntryPoint\",\"urlTemplate\":\"https:\/\/paracherkaoui.ma\/?s={search_term_string}\"},\"query-input\":{\"@type\":\"PropertyValueSpecification\",\"valueRequired\":true,\"valueName\":\"search_term_string\"}}],\"inLanguage\":\"fr-FR\"}]}<\/script>\r\n<!-- \/ Yoast SEO plugin. -->","yoast_head_json":{"title":"CETAPHIL NETTOYANT ECLAIRCISSANT CORPS 245ML - Paracherkaoui.ma","robots":{"index":"index","follow":"follow","max-snippet":"max-snippet:-1","max-image-preview":"max-image-preview:large","max-video-preview":"max-video-preview:-1"},"canonical":"https:\/\/paracherkaoui.ma\/index.php\/produit\/cetaphil-nettoyant-eclaircissant-corps-245ml-3\/","og_locale":"fr_FR","og_type":"article","og_title":"CETAPHIL NETTOYANT ECLAIRCISSANT CORPS 245ML - Paracherkaoui.ma","og_description":"Le nettoyant pour le corps CETAPHIL Bright Healthy Radiance Brightness Reveal nettoie en douceur la peau sensible sans la dess\u00e9cher","og_url":"https:\/\/paracherkaoui.ma\/index.php\/produit\/cetaphil-nettoyant-eclaircissant-corps-245ml-3\/","og_site_name":"Paracherkaoui.ma","article_modified_time":"2025-12-12T17:53:57+00:00","og_image":[{"width":700,"height":700,"url":"https:\/\/paracherkaoui.ma\/wp-content\/uploads\/2025\/12\/cetaphil-cetaphil-nettoyant-eclaircissant-corps-245ml-gels-et-huiles-lavants.jpg","type":"image\/jpeg"}],"twitter_card":"summary_large_image","twitter_misc":{"Dur\u00e9e de lecture estim\u00e9e":"1 minute"},"schema":{"@context":"https:\/\/schema.org","@graph":[{"@type":"WebPage","@id":"https:\/\/paracherkaoui.ma\/index.php\/produit\/cetaphil-nettoyant-eclaircissant-corps-245ml-3\/","url":"https:\/\/paracherkaoui.ma\/index.php\/produit\/cetaphil-nettoyant-eclaircissant-corps-245ml-3\/","name":"CETAPHIL NETTOYANT ECLAIRCISSANT CORPS 245ML - Paracherkaoui.ma","isPartOf":{"@id":"https:\/\/paracherkaoui.ma\/#website"},"primaryImageOfPage":{"@id":"https:\/\/paracherkaoui.ma\/index.php\/produit\/cetaphil-nettoyant-eclaircissant-corps-245ml-3\/#primaryimage"},"image":{"@id":"https:\/\/paracherkaoui.ma\/index.php\/produit\/cetaphil-nettoyant-eclaircissant-corps-245ml-3\/#primaryimage"},"thumbnailUrl":"https:\/\/paracherkaoui.ma\/wp-content\/uploads\/2025\/12\/cetaphil-cetaphil-nettoyant-eclaircissant-corps-245ml-gels-et-huiles-lavants.jpg","datePublished":"2025-12-12T17:53:52+00:00","dateModified":"2025-12-12T17:53:57+00:00","breadcrumb":{"@id":"https:\/\/paracherkaoui.ma\/index.php\/produit\/cetaphil-nettoyant-eclaircissant-corps-245ml-3\/#breadcrumb"},"inLanguage":"fr-FR","potentialAction":[{"@type":"ReadAction","target":["https:\/\/paracherkaoui.ma\/index.php\/produit\/cetaphil-nettoyant-eclaircissant-corps-245ml-3\/"]}]},{"@type":"ImageObject","inLanguage":"fr-FR","@id":"https:\/\/paracherkaoui.ma\/index.php\/produit\/cetaphil-nettoyant-eclaircissant-corps-245ml-3\/#primaryimage","url":"https:\/\/paracherkaoui.ma\/wp-content\/uploads\/2025\/12\/cetaphil-cetaphil-nettoyant-eclaircissant-corps-245ml-gels-et-huiles-lavants.jpg","contentUrl":"https:\/\/paracherkaoui.ma\/wp-content\/uploads\/2025\/12\/cetaphil-cetaphil-nettoyant-eclaircissant-corps-245ml-gels-et-huiles-lavants.jpg","width":700,"height":700},{"@type":"BreadcrumbList","@id":"https:\/\/paracherkaoui.ma\/index.php\/produit\/cetaphil-nettoyant-eclaircissant-corps-245ml-3\/#breadcrumb","itemListElement":[{"@type":"ListItem","position":1,"name":"Accueil","item":"https:\/\/paracherkaoui.ma\/"},{"@type":"ListItem","position":2,"name":"Boutique","item":"https:\/\/paracherkaoui.ma\/index.php\/boutique\/"},{"@type":"ListItem","position":3,"name":"CETAPHIL NETTOYANT ECLAIRCISSANT CORPS 245ML"}]},{"@type":"WebSite","@id":"https:\/\/paracherkaoui.ma\/#website","url":"https:\/\/paracherkaoui.ma\/","name":"Paracherkaoui.ma","description":"Achetez en ligne sur Paracherkaoui.ma","potentialAction":[{"@type":"SearchAction","target":{"@type":"EntryPoint","urlTemplate":"https:\/\/paracherkaoui.ma\/?s={search_term_string}"},"query-input":{"@type":"PropertyValueSpecification","valueRequired":true,"valueName":"search_term_string"}}],"inLanguage":"fr-FR"}]}},"_links":{"self":[{"href":"https:\/\/paracherkaoui.ma\/index.php\/wp-json\/wp\/v2\/product\/35263","targetHints":{"allow":["GET"]}}],"collection":[{"href":"https:\/\/paracherkaoui.ma\/index.php\/wp-json\/wp\/v2\/product"}],"about":[{"href":"https:\/\/paracherkaoui.ma\/index.php\/wp-json\/wp\/v2\/types\/product"}],"replies":[{"embeddable":true,"href":"https:\/\/paracherkaoui.ma\/index.php\/wp-json\/wp\/v2\/comments?post=35263"}],"version-history":[{"count":1,"href":"https:\/\/paracherkaoui.ma\/index.php\/wp-json\/wp\/v2\/product\/35263\/revisions"}],"predecessor-version":[{"id":35315,"href":"https:\/\/paracherkaoui.ma\/index.php\/wp-json\/wp\/v2\/product\/35263\/revisions\/35315"}],"wp:featuredmedia":[{"embeddable":true,"href":"https:\/\/paracherkaoui.ma\/index.php\/wp-json\/wp\/v2\/media\/11883"}],"wp:attachment":[{"href":"https:\/\/paracherkaoui.ma\/index.php\/wp-json\/wp\/v2\/media?parent=35263"}],"wp:term":[{"taxonomy":"product_brand","embeddable":true,"href":"https:\/\/paracherkaoui.ma\/index.php\/wp-json\/wp\/v2\/product_brand?post=35263"},{"taxonomy":"product_cat","embeddable":true,"href":"https:\/\/paracherkaoui.ma\/index.php\/wp-json\/wp\/v2\/product_cat?post=35263"},{"taxonomy":"product_tag","embeddable":true,"href":"https:\/\/paracherkaoui.ma\/index.php\/wp-json\/wp\/v2\/product_tag?post=35263"}],"curies":[{"name":"wp","href":"https:\/\/api.w.org\/{rel}","templated":true}]}}