{"id":35251,"date":"2025-12-12T18:53:51","date_gmt":"2025-12-12T17:53:51","guid":{"rendered":"https:\/\/test.ecbeaute.com\/?post_type=product&#038;p=35251"},"modified":"2025-12-12T18:53:55","modified_gmt":"2025-12-12T17:53:55","slug":"hei-poa-3-en-1-gel-douche-au-monoi-de-tahiti-150-ml","status":"publish","type":"product","link":"https:\/\/paracherkaoui.ma\/index.php\/produit\/hei-poa-3-en-1-gel-douche-au-monoi-de-tahiti-150-ml\/","title":{"rendered":"HEI POA 3 EN 1 GEL DOUCHE AU MONOI DE TAHITI 150 ML"},"content":{"rendered":"<p>Formul\u00e9 \u00e0 partir d&rsquo;une base lavante douce d&rsquo;origine v\u00e9g\u00e9tale et au pH physiologique, ce gel douche nettoie d\u00e9licatement au quotidien et respecte la peau. Enrichi en Mono\u00ef de Tahiti, il hydrate la peau. Elle retrouve tout son confort.<br \/>\nSa mousse l\u00e9g\u00e8re d\u00e9pose sur la peau un parfum ensoleill\u00e9 de mono\u00ef et de fleur de tiar\u00e9.<br \/>\nConseils d&rsquo;utilisation:<br \/>\nAppliquer sur peau humide puis rincer.<\/p>\n","protected":false},"excerpt":{"rendered":"<p>Formul\u00e9 \u00e0 partir d&rsquo;une base lavante douce d&rsquo;origine v\u00e9g\u00e9tale et au pH physiologique, ce gel douche nettoie d\u00e9licatement au quotidien<\/p>\n","protected":false},"featured_media":35294,"comment_status":"open","ping_status":"closed","template":"","meta":[],"product_brand":[274],"product_cat":[631],"product_tag":[],"class_list":{"0":"post-35251","1":"product","2":"type-product","3":"status-publish","4":"has-post-thumbnail","6":"product_brand-hei-poa","7":"product_cat-gels-et-huiles-lavants","9":"first","10":"instock","11":"sale","12":"shipping-taxable","13":"purchasable","14":"product-type-simple"},"yoast_head":"<!-- This site is optimized with the Yoast SEO plugin v26.6 - https:\/\/yoast.com\/wordpress\/plugins\/seo\/ -->\r\n<title>HEI POA 3 EN 1 GEL DOUCHE AU MONOI DE TAHITI 150 ML - Paracherkaoui.ma<\/title>\r\n<meta name=\"robots\" content=\"index, follow, max-snippet:-1, max-image-preview:large, max-video-preview:-1\" \/>\r\n<link rel=\"canonical\" href=\"https:\/\/paracherkaoui.ma\/index.php\/produit\/hei-poa-3-en-1-gel-douche-au-monoi-de-tahiti-150-ml\/\" \/>\r\n<meta property=\"og:locale\" content=\"fr_FR\" \/>\r\n<meta property=\"og:type\" content=\"article\" \/>\r\n<meta property=\"og:title\" content=\"HEI POA 3 EN 1 GEL DOUCHE AU MONOI DE TAHITI 150 ML - Paracherkaoui.ma\" \/>\r\n<meta property=\"og:description\" content=\"Formul\u00e9 \u00e0 partir d&rsquo;une base lavante douce d&rsquo;origine v\u00e9g\u00e9tale et au pH physiologique, ce gel douche nettoie d\u00e9licatement au quotidien\" \/>\r\n<meta property=\"og:url\" content=\"https:\/\/paracherkaoui.ma\/index.php\/produit\/hei-poa-3-en-1-gel-douche-au-monoi-de-tahiti-150-ml\/\" \/>\r\n<meta property=\"og:site_name\" content=\"Paracherkaoui.ma\" \/>\r\n<meta property=\"article:modified_time\" content=\"2025-12-12T17:53:55+00:00\" \/>\r\n<meta property=\"og:image\" content=\"https:\/\/paracherkaoui.ma\/wp-content\/uploads\/2025\/12\/hei-poa-hei-poa-3-en-1-gel-douche-au-monoi-de-tahiti-150-ml-gels-et-huiles-lavants.jpg\" \/>\r\n\t<meta property=\"og:image:width\" content=\"700\" \/>\r\n\t<meta property=\"og:image:height\" content=\"700\" \/>\r\n\t<meta property=\"og:image:type\" content=\"image\/jpeg\" \/>\r\n<meta name=\"twitter:card\" content=\"summary_large_image\" \/>\r\n<script type=\"application\/ld+json\" class=\"yoast-schema-graph\">{\"@context\":\"https:\/\/schema.org\",\"@graph\":[{\"@type\":\"WebPage\",\"@id\":\"https:\/\/paracherkaoui.ma\/index.php\/produit\/hei-poa-3-en-1-gel-douche-au-monoi-de-tahiti-150-ml\/\",\"url\":\"https:\/\/paracherkaoui.ma\/index.php\/produit\/hei-poa-3-en-1-gel-douche-au-monoi-de-tahiti-150-ml\/\",\"name\":\"HEI POA 3 EN 1 GEL DOUCHE AU MONOI DE TAHITI 150 ML - Paracherkaoui.ma\",\"isPartOf\":{\"@id\":\"https:\/\/paracherkaoui.ma\/#website\"},\"primaryImageOfPage\":{\"@id\":\"https:\/\/paracherkaoui.ma\/index.php\/produit\/hei-poa-3-en-1-gel-douche-au-monoi-de-tahiti-150-ml\/#primaryimage\"},\"image\":{\"@id\":\"https:\/\/paracherkaoui.ma\/index.php\/produit\/hei-poa-3-en-1-gel-douche-au-monoi-de-tahiti-150-ml\/#primaryimage\"},\"thumbnailUrl\":\"https:\/\/paracherkaoui.ma\/wp-content\/uploads\/2025\/12\/hei-poa-hei-poa-3-en-1-gel-douche-au-monoi-de-tahiti-150-ml-gels-et-huiles-lavants.jpg\",\"datePublished\":\"2025-12-12T17:53:51+00:00\",\"dateModified\":\"2025-12-12T17:53:55+00:00\",\"breadcrumb\":{\"@id\":\"https:\/\/paracherkaoui.ma\/index.php\/produit\/hei-poa-3-en-1-gel-douche-au-monoi-de-tahiti-150-ml\/#breadcrumb\"},\"inLanguage\":\"fr-FR\",\"potentialAction\":[{\"@type\":\"ReadAction\",\"target\":[\"https:\/\/paracherkaoui.ma\/index.php\/produit\/hei-poa-3-en-1-gel-douche-au-monoi-de-tahiti-150-ml\/\"]}]},{\"@type\":\"ImageObject\",\"inLanguage\":\"fr-FR\",\"@id\":\"https:\/\/paracherkaoui.ma\/index.php\/produit\/hei-poa-3-en-1-gel-douche-au-monoi-de-tahiti-150-ml\/#primaryimage\",\"url\":\"https:\/\/paracherkaoui.ma\/wp-content\/uploads\/2025\/12\/hei-poa-hei-poa-3-en-1-gel-douche-au-monoi-de-tahiti-150-ml-gels-et-huiles-lavants.jpg\",\"contentUrl\":\"https:\/\/paracherkaoui.ma\/wp-content\/uploads\/2025\/12\/hei-poa-hei-poa-3-en-1-gel-douche-au-monoi-de-tahiti-150-ml-gels-et-huiles-lavants.jpg\",\"width\":700,\"height\":700},{\"@type\":\"BreadcrumbList\",\"@id\":\"https:\/\/paracherkaoui.ma\/index.php\/produit\/hei-poa-3-en-1-gel-douche-au-monoi-de-tahiti-150-ml\/#breadcrumb\",\"itemListElement\":[{\"@type\":\"ListItem\",\"position\":1,\"name\":\"Accueil\",\"item\":\"https:\/\/paracherkaoui.ma\/\"},{\"@type\":\"ListItem\",\"position\":2,\"name\":\"Boutique\",\"item\":\"https:\/\/paracherkaoui.ma\/index.php\/boutique\/\"},{\"@type\":\"ListItem\",\"position\":3,\"name\":\"HEI POA 3 EN 1 GEL DOUCHE AU MONOI DE TAHITI 150 ML\"}]},{\"@type\":\"WebSite\",\"@id\":\"https:\/\/paracherkaoui.ma\/#website\",\"url\":\"https:\/\/paracherkaoui.ma\/\",\"name\":\"Paracherkaoui.ma\",\"description\":\"Achetez en ligne sur Paracherkaoui.ma\",\"potentialAction\":[{\"@type\":\"SearchAction\",\"target\":{\"@type\":\"EntryPoint\",\"urlTemplate\":\"https:\/\/paracherkaoui.ma\/?s={search_term_string}\"},\"query-input\":{\"@type\":\"PropertyValueSpecification\",\"valueRequired\":true,\"valueName\":\"search_term_string\"}}],\"inLanguage\":\"fr-FR\"}]}<\/script>\r\n<!-- \/ Yoast SEO plugin. -->","yoast_head_json":{"title":"HEI POA 3 EN 1 GEL DOUCHE AU MONOI DE TAHITI 150 ML - Paracherkaoui.ma","robots":{"index":"index","follow":"follow","max-snippet":"max-snippet:-1","max-image-preview":"max-image-preview:large","max-video-preview":"max-video-preview:-1"},"canonical":"https:\/\/paracherkaoui.ma\/index.php\/produit\/hei-poa-3-en-1-gel-douche-au-monoi-de-tahiti-150-ml\/","og_locale":"fr_FR","og_type":"article","og_title":"HEI POA 3 EN 1 GEL DOUCHE AU MONOI DE TAHITI 150 ML - Paracherkaoui.ma","og_description":"Formul\u00e9 \u00e0 partir d&rsquo;une base lavante douce d&rsquo;origine v\u00e9g\u00e9tale et au pH physiologique, ce gel douche nettoie d\u00e9licatement au quotidien","og_url":"https:\/\/paracherkaoui.ma\/index.php\/produit\/hei-poa-3-en-1-gel-douche-au-monoi-de-tahiti-150-ml\/","og_site_name":"Paracherkaoui.ma","article_modified_time":"2025-12-12T17:53:55+00:00","og_image":[{"width":700,"height":700,"url":"https:\/\/paracherkaoui.ma\/wp-content\/uploads\/2025\/12\/hei-poa-hei-poa-3-en-1-gel-douche-au-monoi-de-tahiti-150-ml-gels-et-huiles-lavants.jpg","type":"image\/jpeg"}],"twitter_card":"summary_large_image","schema":{"@context":"https:\/\/schema.org","@graph":[{"@type":"WebPage","@id":"https:\/\/paracherkaoui.ma\/index.php\/produit\/hei-poa-3-en-1-gel-douche-au-monoi-de-tahiti-150-ml\/","url":"https:\/\/paracherkaoui.ma\/index.php\/produit\/hei-poa-3-en-1-gel-douche-au-monoi-de-tahiti-150-ml\/","name":"HEI POA 3 EN 1 GEL DOUCHE AU MONOI DE TAHITI 150 ML - Paracherkaoui.ma","isPartOf":{"@id":"https:\/\/paracherkaoui.ma\/#website"},"primaryImageOfPage":{"@id":"https:\/\/paracherkaoui.ma\/index.php\/produit\/hei-poa-3-en-1-gel-douche-au-monoi-de-tahiti-150-ml\/#primaryimage"},"image":{"@id":"https:\/\/paracherkaoui.ma\/index.php\/produit\/hei-poa-3-en-1-gel-douche-au-monoi-de-tahiti-150-ml\/#primaryimage"},"thumbnailUrl":"https:\/\/paracherkaoui.ma\/wp-content\/uploads\/2025\/12\/hei-poa-hei-poa-3-en-1-gel-douche-au-monoi-de-tahiti-150-ml-gels-et-huiles-lavants.jpg","datePublished":"2025-12-12T17:53:51+00:00","dateModified":"2025-12-12T17:53:55+00:00","breadcrumb":{"@id":"https:\/\/paracherkaoui.ma\/index.php\/produit\/hei-poa-3-en-1-gel-douche-au-monoi-de-tahiti-150-ml\/#breadcrumb"},"inLanguage":"fr-FR","potentialAction":[{"@type":"ReadAction","target":["https:\/\/paracherkaoui.ma\/index.php\/produit\/hei-poa-3-en-1-gel-douche-au-monoi-de-tahiti-150-ml\/"]}]},{"@type":"ImageObject","inLanguage":"fr-FR","@id":"https:\/\/paracherkaoui.ma\/index.php\/produit\/hei-poa-3-en-1-gel-douche-au-monoi-de-tahiti-150-ml\/#primaryimage","url":"https:\/\/paracherkaoui.ma\/wp-content\/uploads\/2025\/12\/hei-poa-hei-poa-3-en-1-gel-douche-au-monoi-de-tahiti-150-ml-gels-et-huiles-lavants.jpg","contentUrl":"https:\/\/paracherkaoui.ma\/wp-content\/uploads\/2025\/12\/hei-poa-hei-poa-3-en-1-gel-douche-au-monoi-de-tahiti-150-ml-gels-et-huiles-lavants.jpg","width":700,"height":700},{"@type":"BreadcrumbList","@id":"https:\/\/paracherkaoui.ma\/index.php\/produit\/hei-poa-3-en-1-gel-douche-au-monoi-de-tahiti-150-ml\/#breadcrumb","itemListElement":[{"@type":"ListItem","position":1,"name":"Accueil","item":"https:\/\/paracherkaoui.ma\/"},{"@type":"ListItem","position":2,"name":"Boutique","item":"https:\/\/paracherkaoui.ma\/index.php\/boutique\/"},{"@type":"ListItem","position":3,"name":"HEI POA 3 EN 1 GEL DOUCHE AU MONOI DE TAHITI 150 ML"}]},{"@type":"WebSite","@id":"https:\/\/paracherkaoui.ma\/#website","url":"https:\/\/paracherkaoui.ma\/","name":"Paracherkaoui.ma","description":"Achetez en ligne sur Paracherkaoui.ma","potentialAction":[{"@type":"SearchAction","target":{"@type":"EntryPoint","urlTemplate":"https:\/\/paracherkaoui.ma\/?s={search_term_string}"},"query-input":{"@type":"PropertyValueSpecification","valueRequired":true,"valueName":"search_term_string"}}],"inLanguage":"fr-FR"}]}},"_links":{"self":[{"href":"https:\/\/paracherkaoui.ma\/index.php\/wp-json\/wp\/v2\/product\/35251","targetHints":{"allow":["GET"]}}],"collection":[{"href":"https:\/\/paracherkaoui.ma\/index.php\/wp-json\/wp\/v2\/product"}],"about":[{"href":"https:\/\/paracherkaoui.ma\/index.php\/wp-json\/wp\/v2\/types\/product"}],"replies":[{"embeddable":true,"href":"https:\/\/paracherkaoui.ma\/index.php\/wp-json\/wp\/v2\/comments?post=35251"}],"version-history":[{"count":1,"href":"https:\/\/paracherkaoui.ma\/index.php\/wp-json\/wp\/v2\/product\/35251\/revisions"}],"predecessor-version":[{"id":35295,"href":"https:\/\/paracherkaoui.ma\/index.php\/wp-json\/wp\/v2\/product\/35251\/revisions\/35295"}],"wp:featuredmedia":[{"embeddable":true,"href":"https:\/\/paracherkaoui.ma\/index.php\/wp-json\/wp\/v2\/media\/35294"}],"wp:attachment":[{"href":"https:\/\/paracherkaoui.ma\/index.php\/wp-json\/wp\/v2\/media?parent=35251"}],"wp:term":[{"taxonomy":"product_brand","embeddable":true,"href":"https:\/\/paracherkaoui.ma\/index.php\/wp-json\/wp\/v2\/product_brand?post=35251"},{"taxonomy":"product_cat","embeddable":true,"href":"https:\/\/paracherkaoui.ma\/index.php\/wp-json\/wp\/v2\/product_cat?post=35251"},{"taxonomy":"product_tag","embeddable":true,"href":"https:\/\/paracherkaoui.ma\/index.php\/wp-json\/wp\/v2\/product_tag?post=35251"}],"curies":[{"name":"wp","href":"https:\/\/api.w.org\/{rel}","templated":true}]}}