{"id":35175,"date":"2025-12-12T18:53:37","date_gmt":"2025-12-12T17:53:37","guid":{"rendered":"https:\/\/test.ecbeaute.com\/?post_type=product&#038;p=35175"},"modified":"2025-12-12T18:53:38","modified_gmt":"2025-12-12T17:53:38","slug":"elancyl-my-coach-shower-gel","status":"publish","type":"product","link":"https:\/\/paracherkaoui.ma\/index.php\/produit\/elancyl-my-coach-shower-gel\/","title":{"rendered":"ELANCYL MY COACH SHOWER GEL"},"content":{"rendered":"<p>Description:<br \/>\nSans savon, ce gel douche Elancyl MY COACH ! \u00e0 l&rsquo;extrait de guarana nettoie en douceur les peaux normales \u00e0 s\u00e8ches. Sous la douche, son application procure une sensation de fra\u00eecheur intense et d\u00e9pose un voile aromatique tonique sur votre peau. Il apporte un \u00e9veille imm\u00e9diat des sens pour d\u00e9marrer la journ\u00e9e du bon pied.Le guarana est un arbuste dont les graines ont des effets stimulants et \u00e9nergisants. Cette plante est celle renfermant la plus importante concentration de caf\u00e9ine. Originaire d&rsquo;Amazonie et utilis\u00e9e \u00e0 l&rsquo;\u00e9poque pr\u00e9colombienne pour soigner des maux divers, elle est connue en Europe depuis le XVIIIe si\u00e8cle. L\u2019extrait des graines du guarana contient un niveau \u00e9lev\u00e9 d\u2019antioxydants qui aident \u00e0 pr\u00e9server la beaut\u00e9 de la peau. Ainsi la peau est propre, saine, et vivifi\u00e9e, elle est d\u00e9licatement parfum\u00e9e d&rsquo;une senteur agrumes. Pour tous les jours, ce gel va donc \u00e0 la fois nettoyer et vivifier la peau. \u00c9galement hydratant, ce gel douche est parfait pour nourrir votre peau et la faire resplendir<br \/>\nConseils d&rsquo;utilisation:<br \/>\nPour tous les jours, ce gel va donc \u00e0 la fois nettoyer et vivifier la peau. \u00c9galement hydratant, ce gel douche est parfait pour nourrir votre peau et la faire resplendir.<\/p>\n","protected":false},"excerpt":{"rendered":"<p>Description: Sans savon, ce gel douche Elancyl MY COACH ! \u00e0 l&rsquo;extrait de guarana nettoie en douceur les peaux normales<\/p>\n","protected":false},"featured_media":35195,"comment_status":"open","ping_status":"closed","template":"","meta":[],"product_brand":[597],"product_cat":[631],"product_tag":[],"class_list":{"0":"post-35175","1":"product","2":"type-product","3":"status-publish","4":"has-post-thumbnail","6":"product_brand-elancyl","7":"product_cat-gels-et-huiles-lavants","9":"first","10":"instock","11":"sale","12":"shipping-taxable","13":"purchasable","14":"product-type-simple"},"yoast_head":"<!-- This site is optimized with the Yoast SEO plugin v26.6 - https:\/\/yoast.com\/wordpress\/plugins\/seo\/ -->\r\n<title>ELANCYL MY COACH SHOWER GEL - Paracherkaoui.ma<\/title>\r\n<meta name=\"robots\" content=\"index, follow, max-snippet:-1, max-image-preview:large, max-video-preview:-1\" \/>\r\n<link rel=\"canonical\" href=\"https:\/\/paracherkaoui.ma\/index.php\/produit\/elancyl-my-coach-shower-gel\/\" \/>\r\n<meta property=\"og:locale\" content=\"fr_FR\" \/>\r\n<meta property=\"og:type\" content=\"article\" \/>\r\n<meta property=\"og:title\" content=\"ELANCYL MY COACH SHOWER GEL - Paracherkaoui.ma\" \/>\r\n<meta property=\"og:description\" content=\"Description: Sans savon, ce gel douche Elancyl MY COACH ! \u00e0 l&rsquo;extrait de guarana nettoie en douceur les peaux normales\" \/>\r\n<meta property=\"og:url\" content=\"https:\/\/paracherkaoui.ma\/index.php\/produit\/elancyl-my-coach-shower-gel\/\" \/>\r\n<meta property=\"og:site_name\" content=\"Paracherkaoui.ma\" \/>\r\n<meta property=\"article:modified_time\" content=\"2025-12-12T17:53:38+00:00\" \/>\r\n<meta property=\"og:image\" content=\"https:\/\/paracherkaoui.ma\/wp-content\/uploads\/2025\/12\/elancyl-elancyl-my-coach-shower-gel-gels-et-huiles-lavants.jpg\" \/>\r\n\t<meta property=\"og:image:width\" content=\"700\" \/>\r\n\t<meta property=\"og:image:height\" content=\"700\" \/>\r\n\t<meta property=\"og:image:type\" content=\"image\/jpeg\" \/>\r\n<meta name=\"twitter:card\" content=\"summary_large_image\" \/>\r\n<meta name=\"twitter:label1\" content=\"Dur\u00e9e de lecture estim\u00e9e\" \/>\n\t<meta name=\"twitter:data1\" content=\"1 minute\" \/>\r\n<script type=\"application\/ld+json\" class=\"yoast-schema-graph\">{\"@context\":\"https:\/\/schema.org\",\"@graph\":[{\"@type\":\"WebPage\",\"@id\":\"https:\/\/paracherkaoui.ma\/index.php\/produit\/elancyl-my-coach-shower-gel\/\",\"url\":\"https:\/\/paracherkaoui.ma\/index.php\/produit\/elancyl-my-coach-shower-gel\/\",\"name\":\"ELANCYL MY COACH SHOWER GEL - Paracherkaoui.ma\",\"isPartOf\":{\"@id\":\"https:\/\/paracherkaoui.ma\/#website\"},\"primaryImageOfPage\":{\"@id\":\"https:\/\/paracherkaoui.ma\/index.php\/produit\/elancyl-my-coach-shower-gel\/#primaryimage\"},\"image\":{\"@id\":\"https:\/\/paracherkaoui.ma\/index.php\/produit\/elancyl-my-coach-shower-gel\/#primaryimage\"},\"thumbnailUrl\":\"https:\/\/paracherkaoui.ma\/wp-content\/uploads\/2025\/12\/elancyl-elancyl-my-coach-shower-gel-gels-et-huiles-lavants.jpg\",\"datePublished\":\"2025-12-12T17:53:37+00:00\",\"dateModified\":\"2025-12-12T17:53:38+00:00\",\"breadcrumb\":{\"@id\":\"https:\/\/paracherkaoui.ma\/index.php\/produit\/elancyl-my-coach-shower-gel\/#breadcrumb\"},\"inLanguage\":\"fr-FR\",\"potentialAction\":[{\"@type\":\"ReadAction\",\"target\":[\"https:\/\/paracherkaoui.ma\/index.php\/produit\/elancyl-my-coach-shower-gel\/\"]}]},{\"@type\":\"ImageObject\",\"inLanguage\":\"fr-FR\",\"@id\":\"https:\/\/paracherkaoui.ma\/index.php\/produit\/elancyl-my-coach-shower-gel\/#primaryimage\",\"url\":\"https:\/\/paracherkaoui.ma\/wp-content\/uploads\/2025\/12\/elancyl-elancyl-my-coach-shower-gel-gels-et-huiles-lavants.jpg\",\"contentUrl\":\"https:\/\/paracherkaoui.ma\/wp-content\/uploads\/2025\/12\/elancyl-elancyl-my-coach-shower-gel-gels-et-huiles-lavants.jpg\",\"width\":700,\"height\":700},{\"@type\":\"BreadcrumbList\",\"@id\":\"https:\/\/paracherkaoui.ma\/index.php\/produit\/elancyl-my-coach-shower-gel\/#breadcrumb\",\"itemListElement\":[{\"@type\":\"ListItem\",\"position\":1,\"name\":\"Accueil\",\"item\":\"https:\/\/paracherkaoui.ma\/\"},{\"@type\":\"ListItem\",\"position\":2,\"name\":\"Boutique\",\"item\":\"https:\/\/paracherkaoui.ma\/index.php\/boutique\/\"},{\"@type\":\"ListItem\",\"position\":3,\"name\":\"ELANCYL MY COACH SHOWER GEL\"}]},{\"@type\":\"WebSite\",\"@id\":\"https:\/\/paracherkaoui.ma\/#website\",\"url\":\"https:\/\/paracherkaoui.ma\/\",\"name\":\"Paracherkaoui.ma\",\"description\":\"Achetez en ligne sur Paracherkaoui.ma\",\"potentialAction\":[{\"@type\":\"SearchAction\",\"target\":{\"@type\":\"EntryPoint\",\"urlTemplate\":\"https:\/\/paracherkaoui.ma\/?s={search_term_string}\"},\"query-input\":{\"@type\":\"PropertyValueSpecification\",\"valueRequired\":true,\"valueName\":\"search_term_string\"}}],\"inLanguage\":\"fr-FR\"}]}<\/script>\r\n<!-- \/ Yoast SEO plugin. -->","yoast_head_json":{"title":"ELANCYL MY COACH SHOWER GEL - Paracherkaoui.ma","robots":{"index":"index","follow":"follow","max-snippet":"max-snippet:-1","max-image-preview":"max-image-preview:large","max-video-preview":"max-video-preview:-1"},"canonical":"https:\/\/paracherkaoui.ma\/index.php\/produit\/elancyl-my-coach-shower-gel\/","og_locale":"fr_FR","og_type":"article","og_title":"ELANCYL MY COACH SHOWER GEL - Paracherkaoui.ma","og_description":"Description: Sans savon, ce gel douche Elancyl MY COACH ! \u00e0 l&rsquo;extrait de guarana nettoie en douceur les peaux normales","og_url":"https:\/\/paracherkaoui.ma\/index.php\/produit\/elancyl-my-coach-shower-gel\/","og_site_name":"Paracherkaoui.ma","article_modified_time":"2025-12-12T17:53:38+00:00","og_image":[{"width":700,"height":700,"url":"https:\/\/paracherkaoui.ma\/wp-content\/uploads\/2025\/12\/elancyl-elancyl-my-coach-shower-gel-gels-et-huiles-lavants.jpg","type":"image\/jpeg"}],"twitter_card":"summary_large_image","twitter_misc":{"Dur\u00e9e de lecture estim\u00e9e":"1 minute"},"schema":{"@context":"https:\/\/schema.org","@graph":[{"@type":"WebPage","@id":"https:\/\/paracherkaoui.ma\/index.php\/produit\/elancyl-my-coach-shower-gel\/","url":"https:\/\/paracherkaoui.ma\/index.php\/produit\/elancyl-my-coach-shower-gel\/","name":"ELANCYL MY COACH SHOWER GEL - Paracherkaoui.ma","isPartOf":{"@id":"https:\/\/paracherkaoui.ma\/#website"},"primaryImageOfPage":{"@id":"https:\/\/paracherkaoui.ma\/index.php\/produit\/elancyl-my-coach-shower-gel\/#primaryimage"},"image":{"@id":"https:\/\/paracherkaoui.ma\/index.php\/produit\/elancyl-my-coach-shower-gel\/#primaryimage"},"thumbnailUrl":"https:\/\/paracherkaoui.ma\/wp-content\/uploads\/2025\/12\/elancyl-elancyl-my-coach-shower-gel-gels-et-huiles-lavants.jpg","datePublished":"2025-12-12T17:53:37+00:00","dateModified":"2025-12-12T17:53:38+00:00","breadcrumb":{"@id":"https:\/\/paracherkaoui.ma\/index.php\/produit\/elancyl-my-coach-shower-gel\/#breadcrumb"},"inLanguage":"fr-FR","potentialAction":[{"@type":"ReadAction","target":["https:\/\/paracherkaoui.ma\/index.php\/produit\/elancyl-my-coach-shower-gel\/"]}]},{"@type":"ImageObject","inLanguage":"fr-FR","@id":"https:\/\/paracherkaoui.ma\/index.php\/produit\/elancyl-my-coach-shower-gel\/#primaryimage","url":"https:\/\/paracherkaoui.ma\/wp-content\/uploads\/2025\/12\/elancyl-elancyl-my-coach-shower-gel-gels-et-huiles-lavants.jpg","contentUrl":"https:\/\/paracherkaoui.ma\/wp-content\/uploads\/2025\/12\/elancyl-elancyl-my-coach-shower-gel-gels-et-huiles-lavants.jpg","width":700,"height":700},{"@type":"BreadcrumbList","@id":"https:\/\/paracherkaoui.ma\/index.php\/produit\/elancyl-my-coach-shower-gel\/#breadcrumb","itemListElement":[{"@type":"ListItem","position":1,"name":"Accueil","item":"https:\/\/paracherkaoui.ma\/"},{"@type":"ListItem","position":2,"name":"Boutique","item":"https:\/\/paracherkaoui.ma\/index.php\/boutique\/"},{"@type":"ListItem","position":3,"name":"ELANCYL MY COACH SHOWER GEL"}]},{"@type":"WebSite","@id":"https:\/\/paracherkaoui.ma\/#website","url":"https:\/\/paracherkaoui.ma\/","name":"Paracherkaoui.ma","description":"Achetez en ligne sur Paracherkaoui.ma","potentialAction":[{"@type":"SearchAction","target":{"@type":"EntryPoint","urlTemplate":"https:\/\/paracherkaoui.ma\/?s={search_term_string}"},"query-input":{"@type":"PropertyValueSpecification","valueRequired":true,"valueName":"search_term_string"}}],"inLanguage":"fr-FR"}]}},"_links":{"self":[{"href":"https:\/\/paracherkaoui.ma\/index.php\/wp-json\/wp\/v2\/product\/35175","targetHints":{"allow":["GET"]}}],"collection":[{"href":"https:\/\/paracherkaoui.ma\/index.php\/wp-json\/wp\/v2\/product"}],"about":[{"href":"https:\/\/paracherkaoui.ma\/index.php\/wp-json\/wp\/v2\/types\/product"}],"replies":[{"embeddable":true,"href":"https:\/\/paracherkaoui.ma\/index.php\/wp-json\/wp\/v2\/comments?post=35175"}],"version-history":[{"count":1,"href":"https:\/\/paracherkaoui.ma\/index.php\/wp-json\/wp\/v2\/product\/35175\/revisions"}],"predecessor-version":[{"id":35196,"href":"https:\/\/paracherkaoui.ma\/index.php\/wp-json\/wp\/v2\/product\/35175\/revisions\/35196"}],"wp:featuredmedia":[{"embeddable":true,"href":"https:\/\/paracherkaoui.ma\/index.php\/wp-json\/wp\/v2\/media\/35195"}],"wp:attachment":[{"href":"https:\/\/paracherkaoui.ma\/index.php\/wp-json\/wp\/v2\/media?parent=35175"}],"wp:term":[{"taxonomy":"product_brand","embeddable":true,"href":"https:\/\/paracherkaoui.ma\/index.php\/wp-json\/wp\/v2\/product_brand?post=35175"},{"taxonomy":"product_cat","embeddable":true,"href":"https:\/\/paracherkaoui.ma\/index.php\/wp-json\/wp\/v2\/product_cat?post=35175"},{"taxonomy":"product_tag","embeddable":true,"href":"https:\/\/paracherkaoui.ma\/index.php\/wp-json\/wp\/v2\/product_tag?post=35175"}],"curies":[{"name":"wp","href":"https:\/\/api.w.org\/{rel}","templated":true}]}}