{"id":35103,"date":"2025-12-12T18:53:29","date_gmt":"2025-12-12T17:53:29","guid":{"rendered":"https:\/\/test.ecbeaute.com\/?post_type=product&#038;p=35103"},"modified":"2025-12-12T18:53:34","modified_gmt":"2025-12-12T17:53:34","slug":"d-biotic-gel-surgras-pediatrique-200-ml-2","status":"publish","type":"product","link":"https:\/\/paracherkaoui.ma\/index.php\/produit\/d-biotic-gel-surgras-pediatrique-200-ml-2\/","title":{"rendered":"D BIOTIC GEL SURGRAS PEDIATRIQUE 200 ML"},"content":{"rendered":"<p>Le gel surgras pediatric D-biotic est une formule innovante int\u00e9grant une puissante combinaison d\u2019actifs de derni\u00e8re g\u00e9n\u00e9ration. Sa composition est bas\u00e9e sur sept (07) Ceramides et des actifs pr\u00e9, pro et post biotiques. Cette formulation a \u00e9t\u00e9 sp\u00e9cialement con\u00e7ue pour restaurer, r\u00e9parer et renforcer le syst\u00e8me de d\u00e9fense cutan\u00e9e des peaux d\u00e9licatement alt\u00e9r\u00e9es.<br \/>\nConseils d\u2019application:<br \/>\nCommencez par mouiller la peau \u00e0 traiter.<br \/>\nAppliquez le gel surgras D-biotic pediatric en massant d\u00e9licatement la zone concern\u00e9e.<\/p>\n","protected":false},"excerpt":{"rendered":"<p>Le gel surgras pediatric D-biotic est une formule innovante int\u00e9grant une puissante combinaison d\u2019actifs de derni\u00e8re g\u00e9n\u00e9ration. Sa composition est<\/p>\n","protected":false},"featured_media":20172,"comment_status":"open","ping_status":"closed","template":"","meta":[],"product_brand":[382],"product_cat":[631],"product_tag":[],"class_list":{"0":"post-35103","1":"product","2":"type-product","3":"status-publish","4":"has-post-thumbnail","6":"product_brand-d-biotic","7":"product_cat-gels-et-huiles-lavants","9":"first","10":"instock","11":"sale","12":"shipping-taxable","13":"purchasable","14":"product-type-simple"},"yoast_head":"<!-- This site is optimized with the Yoast SEO plugin v26.6 - https:\/\/yoast.com\/wordpress\/plugins\/seo\/ -->\r\n<title>D BIOTIC GEL SURGRAS PEDIATRIQUE 200 ML - Paracherkaoui.ma<\/title>\r\n<meta name=\"robots\" content=\"index, follow, max-snippet:-1, max-image-preview:large, max-video-preview:-1\" \/>\r\n<link rel=\"canonical\" href=\"https:\/\/paracherkaoui.ma\/index.php\/produit\/d-biotic-gel-surgras-pediatrique-200-ml-2\/\" \/>\r\n<meta property=\"og:locale\" content=\"fr_FR\" \/>\r\n<meta property=\"og:type\" content=\"article\" \/>\r\n<meta property=\"og:title\" content=\"D BIOTIC GEL SURGRAS PEDIATRIQUE 200 ML - Paracherkaoui.ma\" \/>\r\n<meta property=\"og:description\" content=\"Le gel surgras pediatric D-biotic est une formule innovante int\u00e9grant une puissante combinaison d\u2019actifs de derni\u00e8re g\u00e9n\u00e9ration. Sa composition est\" \/>\r\n<meta property=\"og:url\" content=\"https:\/\/paracherkaoui.ma\/index.php\/produit\/d-biotic-gel-surgras-pediatrique-200-ml-2\/\" \/>\r\n<meta property=\"og:site_name\" content=\"Paracherkaoui.ma\" \/>\r\n<meta property=\"article:modified_time\" content=\"2025-12-12T17:53:34+00:00\" \/>\r\n<meta property=\"og:image\" content=\"https:\/\/paracherkaoui.ma\/wp-content\/uploads\/2025\/12\/d-biotic-d-biotic-gel-surgras-pediatrique-200-ml-nettoyants-visage.jpg\" \/>\r\n\t<meta property=\"og:image:width\" content=\"700\" \/>\r\n\t<meta property=\"og:image:height\" content=\"700\" \/>\r\n\t<meta property=\"og:image:type\" content=\"image\/jpeg\" \/>\r\n<meta name=\"twitter:card\" content=\"summary_large_image\" \/>\r\n<script type=\"application\/ld+json\" class=\"yoast-schema-graph\">{\"@context\":\"https:\/\/schema.org\",\"@graph\":[{\"@type\":\"WebPage\",\"@id\":\"https:\/\/paracherkaoui.ma\/index.php\/produit\/d-biotic-gel-surgras-pediatrique-200-ml-2\/\",\"url\":\"https:\/\/paracherkaoui.ma\/index.php\/produit\/d-biotic-gel-surgras-pediatrique-200-ml-2\/\",\"name\":\"D BIOTIC GEL SURGRAS PEDIATRIQUE 200 ML - Paracherkaoui.ma\",\"isPartOf\":{\"@id\":\"https:\/\/paracherkaoui.ma\/#website\"},\"primaryImageOfPage\":{\"@id\":\"https:\/\/paracherkaoui.ma\/index.php\/produit\/d-biotic-gel-surgras-pediatrique-200-ml-2\/#primaryimage\"},\"image\":{\"@id\":\"https:\/\/paracherkaoui.ma\/index.php\/produit\/d-biotic-gel-surgras-pediatrique-200-ml-2\/#primaryimage\"},\"thumbnailUrl\":\"https:\/\/paracherkaoui.ma\/wp-content\/uploads\/2025\/12\/d-biotic-d-biotic-gel-surgras-pediatrique-200-ml-nettoyants-visage.jpg\",\"datePublished\":\"2025-12-12T17:53:29+00:00\",\"dateModified\":\"2025-12-12T17:53:34+00:00\",\"breadcrumb\":{\"@id\":\"https:\/\/paracherkaoui.ma\/index.php\/produit\/d-biotic-gel-surgras-pediatrique-200-ml-2\/#breadcrumb\"},\"inLanguage\":\"fr-FR\",\"potentialAction\":[{\"@type\":\"ReadAction\",\"target\":[\"https:\/\/paracherkaoui.ma\/index.php\/produit\/d-biotic-gel-surgras-pediatrique-200-ml-2\/\"]}]},{\"@type\":\"ImageObject\",\"inLanguage\":\"fr-FR\",\"@id\":\"https:\/\/paracherkaoui.ma\/index.php\/produit\/d-biotic-gel-surgras-pediatrique-200-ml-2\/#primaryimage\",\"url\":\"https:\/\/paracherkaoui.ma\/wp-content\/uploads\/2025\/12\/d-biotic-d-biotic-gel-surgras-pediatrique-200-ml-nettoyants-visage.jpg\",\"contentUrl\":\"https:\/\/paracherkaoui.ma\/wp-content\/uploads\/2025\/12\/d-biotic-d-biotic-gel-surgras-pediatrique-200-ml-nettoyants-visage.jpg\",\"width\":700,\"height\":700},{\"@type\":\"BreadcrumbList\",\"@id\":\"https:\/\/paracherkaoui.ma\/index.php\/produit\/d-biotic-gel-surgras-pediatrique-200-ml-2\/#breadcrumb\",\"itemListElement\":[{\"@type\":\"ListItem\",\"position\":1,\"name\":\"Accueil\",\"item\":\"https:\/\/paracherkaoui.ma\/\"},{\"@type\":\"ListItem\",\"position\":2,\"name\":\"Boutique\",\"item\":\"https:\/\/paracherkaoui.ma\/index.php\/boutique\/\"},{\"@type\":\"ListItem\",\"position\":3,\"name\":\"D BIOTIC GEL SURGRAS PEDIATRIQUE 200 ML\"}]},{\"@type\":\"WebSite\",\"@id\":\"https:\/\/paracherkaoui.ma\/#website\",\"url\":\"https:\/\/paracherkaoui.ma\/\",\"name\":\"Paracherkaoui.ma\",\"description\":\"Achetez en ligne sur Paracherkaoui.ma\",\"potentialAction\":[{\"@type\":\"SearchAction\",\"target\":{\"@type\":\"EntryPoint\",\"urlTemplate\":\"https:\/\/paracherkaoui.ma\/?s={search_term_string}\"},\"query-input\":{\"@type\":\"PropertyValueSpecification\",\"valueRequired\":true,\"valueName\":\"search_term_string\"}}],\"inLanguage\":\"fr-FR\"}]}<\/script>\r\n<!-- \/ Yoast SEO plugin. -->","yoast_head_json":{"title":"D BIOTIC GEL SURGRAS PEDIATRIQUE 200 ML - Paracherkaoui.ma","robots":{"index":"index","follow":"follow","max-snippet":"max-snippet:-1","max-image-preview":"max-image-preview:large","max-video-preview":"max-video-preview:-1"},"canonical":"https:\/\/paracherkaoui.ma\/index.php\/produit\/d-biotic-gel-surgras-pediatrique-200-ml-2\/","og_locale":"fr_FR","og_type":"article","og_title":"D BIOTIC GEL SURGRAS PEDIATRIQUE 200 ML - Paracherkaoui.ma","og_description":"Le gel surgras pediatric D-biotic est une formule innovante int\u00e9grant une puissante combinaison d\u2019actifs de derni\u00e8re g\u00e9n\u00e9ration. Sa composition est","og_url":"https:\/\/paracherkaoui.ma\/index.php\/produit\/d-biotic-gel-surgras-pediatrique-200-ml-2\/","og_site_name":"Paracherkaoui.ma","article_modified_time":"2025-12-12T17:53:34+00:00","og_image":[{"width":700,"height":700,"url":"https:\/\/paracherkaoui.ma\/wp-content\/uploads\/2025\/12\/d-biotic-d-biotic-gel-surgras-pediatrique-200-ml-nettoyants-visage.jpg","type":"image\/jpeg"}],"twitter_card":"summary_large_image","schema":{"@context":"https:\/\/schema.org","@graph":[{"@type":"WebPage","@id":"https:\/\/paracherkaoui.ma\/index.php\/produit\/d-biotic-gel-surgras-pediatrique-200-ml-2\/","url":"https:\/\/paracherkaoui.ma\/index.php\/produit\/d-biotic-gel-surgras-pediatrique-200-ml-2\/","name":"D BIOTIC GEL SURGRAS PEDIATRIQUE 200 ML - Paracherkaoui.ma","isPartOf":{"@id":"https:\/\/paracherkaoui.ma\/#website"},"primaryImageOfPage":{"@id":"https:\/\/paracherkaoui.ma\/index.php\/produit\/d-biotic-gel-surgras-pediatrique-200-ml-2\/#primaryimage"},"image":{"@id":"https:\/\/paracherkaoui.ma\/index.php\/produit\/d-biotic-gel-surgras-pediatrique-200-ml-2\/#primaryimage"},"thumbnailUrl":"https:\/\/paracherkaoui.ma\/wp-content\/uploads\/2025\/12\/d-biotic-d-biotic-gel-surgras-pediatrique-200-ml-nettoyants-visage.jpg","datePublished":"2025-12-12T17:53:29+00:00","dateModified":"2025-12-12T17:53:34+00:00","breadcrumb":{"@id":"https:\/\/paracherkaoui.ma\/index.php\/produit\/d-biotic-gel-surgras-pediatrique-200-ml-2\/#breadcrumb"},"inLanguage":"fr-FR","potentialAction":[{"@type":"ReadAction","target":["https:\/\/paracherkaoui.ma\/index.php\/produit\/d-biotic-gel-surgras-pediatrique-200-ml-2\/"]}]},{"@type":"ImageObject","inLanguage":"fr-FR","@id":"https:\/\/paracherkaoui.ma\/index.php\/produit\/d-biotic-gel-surgras-pediatrique-200-ml-2\/#primaryimage","url":"https:\/\/paracherkaoui.ma\/wp-content\/uploads\/2025\/12\/d-biotic-d-biotic-gel-surgras-pediatrique-200-ml-nettoyants-visage.jpg","contentUrl":"https:\/\/paracherkaoui.ma\/wp-content\/uploads\/2025\/12\/d-biotic-d-biotic-gel-surgras-pediatrique-200-ml-nettoyants-visage.jpg","width":700,"height":700},{"@type":"BreadcrumbList","@id":"https:\/\/paracherkaoui.ma\/index.php\/produit\/d-biotic-gel-surgras-pediatrique-200-ml-2\/#breadcrumb","itemListElement":[{"@type":"ListItem","position":1,"name":"Accueil","item":"https:\/\/paracherkaoui.ma\/"},{"@type":"ListItem","position":2,"name":"Boutique","item":"https:\/\/paracherkaoui.ma\/index.php\/boutique\/"},{"@type":"ListItem","position":3,"name":"D BIOTIC GEL SURGRAS PEDIATRIQUE 200 ML"}]},{"@type":"WebSite","@id":"https:\/\/paracherkaoui.ma\/#website","url":"https:\/\/paracherkaoui.ma\/","name":"Paracherkaoui.ma","description":"Achetez en ligne sur Paracherkaoui.ma","potentialAction":[{"@type":"SearchAction","target":{"@type":"EntryPoint","urlTemplate":"https:\/\/paracherkaoui.ma\/?s={search_term_string}"},"query-input":{"@type":"PropertyValueSpecification","valueRequired":true,"valueName":"search_term_string"}}],"inLanguage":"fr-FR"}]}},"_links":{"self":[{"href":"https:\/\/paracherkaoui.ma\/index.php\/wp-json\/wp\/v2\/product\/35103","targetHints":{"allow":["GET"]}}],"collection":[{"href":"https:\/\/paracherkaoui.ma\/index.php\/wp-json\/wp\/v2\/product"}],"about":[{"href":"https:\/\/paracherkaoui.ma\/index.php\/wp-json\/wp\/v2\/types\/product"}],"replies":[{"embeddable":true,"href":"https:\/\/paracherkaoui.ma\/index.php\/wp-json\/wp\/v2\/comments?post=35103"}],"version-history":[{"count":1,"href":"https:\/\/paracherkaoui.ma\/index.php\/wp-json\/wp\/v2\/product\/35103\/revisions"}],"predecessor-version":[{"id":35144,"href":"https:\/\/paracherkaoui.ma\/index.php\/wp-json\/wp\/v2\/product\/35103\/revisions\/35144"}],"wp:featuredmedia":[{"embeddable":true,"href":"https:\/\/paracherkaoui.ma\/index.php\/wp-json\/wp\/v2\/media\/20172"}],"wp:attachment":[{"href":"https:\/\/paracherkaoui.ma\/index.php\/wp-json\/wp\/v2\/media?parent=35103"}],"wp:term":[{"taxonomy":"product_brand","embeddable":true,"href":"https:\/\/paracherkaoui.ma\/index.php\/wp-json\/wp\/v2\/product_brand?post=35103"},{"taxonomy":"product_cat","embeddable":true,"href":"https:\/\/paracherkaoui.ma\/index.php\/wp-json\/wp\/v2\/product_cat?post=35103"},{"taxonomy":"product_tag","embeddable":true,"href":"https:\/\/paracherkaoui.ma\/index.php\/wp-json\/wp\/v2\/product_tag?post=35103"}],"curies":[{"name":"wp","href":"https:\/\/api.w.org\/{rel}","templated":true}]}}