{"id":35101,"date":"2025-12-12T18:53:29","date_gmt":"2025-12-12T17:53:29","guid":{"rendered":"https:\/\/test.ecbeaute.com\/?post_type=product&#038;p=35101"},"modified":"2025-12-21T15:21:01","modified_gmt":"2025-12-21T14:21:01","slug":"uriage-xemose-huile-lavante-apaisante-1-litre-2","status":"publish","type":"product","link":"https:\/\/paracherkaoui.ma\/index.php\/produit\/uriage-xemose-huile-lavante-apaisante-1-litre-2\/","title":{"rendered":"URIAGE XEMOSE HUILE LAVANTE APAISANTE 1 LITRE"},"content":{"rendered":"<p>nettoie apaise adoucit et prot\u00e8ge les peaux s\u00e8ches \u00e0 tr\u00e8s s\u00e8ches et les peaux \u00e0 tendances atopiques de toute la famille. Au contact de l&rsquo;eau, l&rsquo;huile forme une mousse fine et cr\u00e9meuse qui nettoie tout en douceur. Elle pr\u00e9serve la peau des effets dess\u00e9chants de l&rsquo;eau, apaise les sensations d&rsquo;inconfort et r\u00e9duit l&rsquo;incitation au grattage. Elle laisse un film doux et protecteur.<\/p>\n","protected":false},"excerpt":{"rendered":"<p>nettoie apaise adoucit et prot\u00e8ge les peaux s\u00e8ches \u00e0 tr\u00e8s s\u00e8ches et les peaux \u00e0 tendances atopiques de toute la<\/p>\n","protected":false},"featured_media":12253,"comment_status":"open","ping_status":"closed","template":"","meta":[],"product_brand":[130],"product_cat":[1109,631],"product_tag":[],"class_list":{"0":"post-35101","1":"product","2":"type-product","3":"status-publish","4":"has-post-thumbnail","6":"product_brand-uriage","7":"product_cat-best-seller","8":"product_cat-gels-et-huiles-lavants","10":"first","11":"instock","12":"sale","13":"shipping-taxable","14":"purchasable","15":"product-type-simple"},"yoast_head":"<!-- This site is optimized with the Yoast SEO plugin v26.6 - https:\/\/yoast.com\/wordpress\/plugins\/seo\/ -->\r\n<title>URIAGE XEMOSE HUILE LAVANTE APAISANTE 1 LITRE - Paracherkaoui.ma<\/title>\r\n<meta name=\"robots\" content=\"index, follow, max-snippet:-1, max-image-preview:large, max-video-preview:-1\" \/>\r\n<link rel=\"canonical\" href=\"https:\/\/paracherkaoui.ma\/index.php\/produit\/uriage-xemose-huile-lavante-apaisante-1-litre-2\/\" \/>\r\n<meta property=\"og:locale\" content=\"fr_FR\" \/>\r\n<meta property=\"og:type\" content=\"article\" \/>\r\n<meta property=\"og:title\" content=\"URIAGE XEMOSE HUILE LAVANTE APAISANTE 1 LITRE - Paracherkaoui.ma\" \/>\r\n<meta property=\"og:description\" content=\"nettoie apaise adoucit et prot\u00e8ge les peaux s\u00e8ches \u00e0 tr\u00e8s s\u00e8ches et les peaux \u00e0 tendances atopiques de toute la\" \/>\r\n<meta property=\"og:url\" content=\"https:\/\/paracherkaoui.ma\/index.php\/produit\/uriage-xemose-huile-lavante-apaisante-1-litre-2\/\" \/>\r\n<meta property=\"og:site_name\" content=\"Paracherkaoui.ma\" \/>\r\n<meta property=\"article:modified_time\" content=\"2025-12-21T14:21:01+00:00\" \/>\r\n<meta property=\"og:image\" content=\"https:\/\/paracherkaoui.ma\/wp-content\/uploads\/2025\/12\/uriage-xemose-huile-lavante-apaisante-1-litre.jpg\" \/>\r\n\t<meta property=\"og:image:width\" content=\"700\" \/>\r\n\t<meta property=\"og:image:height\" content=\"700\" \/>\r\n\t<meta property=\"og:image:type\" content=\"image\/jpeg\" \/>\r\n<meta name=\"twitter:card\" content=\"summary_large_image\" \/>\r\n<meta name=\"twitter:label1\" content=\"Dur\u00e9e de lecture estim\u00e9e\" \/>\n\t<meta name=\"twitter:data1\" content=\"1 minute\" \/>\r\n<script type=\"application\/ld+json\" class=\"yoast-schema-graph\">{\"@context\":\"https:\/\/schema.org\",\"@graph\":[{\"@type\":\"WebPage\",\"@id\":\"https:\/\/paracherkaoui.ma\/index.php\/produit\/uriage-xemose-huile-lavante-apaisante-1-litre-2\/\",\"url\":\"https:\/\/paracherkaoui.ma\/index.php\/produit\/uriage-xemose-huile-lavante-apaisante-1-litre-2\/\",\"name\":\"URIAGE XEMOSE HUILE LAVANTE APAISANTE 1 LITRE - Paracherkaoui.ma\",\"isPartOf\":{\"@id\":\"https:\/\/paracherkaoui.ma\/#website\"},\"primaryImageOfPage\":{\"@id\":\"https:\/\/paracherkaoui.ma\/index.php\/produit\/uriage-xemose-huile-lavante-apaisante-1-litre-2\/#primaryimage\"},\"image\":{\"@id\":\"https:\/\/paracherkaoui.ma\/index.php\/produit\/uriage-xemose-huile-lavante-apaisante-1-litre-2\/#primaryimage\"},\"thumbnailUrl\":\"https:\/\/paracherkaoui.ma\/wp-content\/uploads\/2025\/12\/uriage-xemose-huile-lavante-apaisante-1-litre.jpg\",\"datePublished\":\"2025-12-12T17:53:29+00:00\",\"dateModified\":\"2025-12-21T14:21:01+00:00\",\"breadcrumb\":{\"@id\":\"https:\/\/paracherkaoui.ma\/index.php\/produit\/uriage-xemose-huile-lavante-apaisante-1-litre-2\/#breadcrumb\"},\"inLanguage\":\"fr-FR\",\"potentialAction\":[{\"@type\":\"ReadAction\",\"target\":[\"https:\/\/paracherkaoui.ma\/index.php\/produit\/uriage-xemose-huile-lavante-apaisante-1-litre-2\/\"]}]},{\"@type\":\"ImageObject\",\"inLanguage\":\"fr-FR\",\"@id\":\"https:\/\/paracherkaoui.ma\/index.php\/produit\/uriage-xemose-huile-lavante-apaisante-1-litre-2\/#primaryimage\",\"url\":\"https:\/\/paracherkaoui.ma\/wp-content\/uploads\/2025\/12\/uriage-xemose-huile-lavante-apaisante-1-litre.jpg\",\"contentUrl\":\"https:\/\/paracherkaoui.ma\/wp-content\/uploads\/2025\/12\/uriage-xemose-huile-lavante-apaisante-1-litre.jpg\",\"width\":700,\"height\":700},{\"@type\":\"BreadcrumbList\",\"@id\":\"https:\/\/paracherkaoui.ma\/index.php\/produit\/uriage-xemose-huile-lavante-apaisante-1-litre-2\/#breadcrumb\",\"itemListElement\":[{\"@type\":\"ListItem\",\"position\":1,\"name\":\"Accueil\",\"item\":\"https:\/\/paracherkaoui.ma\/\"},{\"@type\":\"ListItem\",\"position\":2,\"name\":\"Boutique\",\"item\":\"https:\/\/paracherkaoui.ma\/index.php\/boutique\/\"},{\"@type\":\"ListItem\",\"position\":3,\"name\":\"URIAGE XEMOSE HUILE LAVANTE APAISANTE 1 LITRE\"}]},{\"@type\":\"WebSite\",\"@id\":\"https:\/\/paracherkaoui.ma\/#website\",\"url\":\"https:\/\/paracherkaoui.ma\/\",\"name\":\"Paracherkaoui.ma\",\"description\":\"Achetez en ligne sur Paracherkaoui.ma\",\"potentialAction\":[{\"@type\":\"SearchAction\",\"target\":{\"@type\":\"EntryPoint\",\"urlTemplate\":\"https:\/\/paracherkaoui.ma\/?s={search_term_string}\"},\"query-input\":{\"@type\":\"PropertyValueSpecification\",\"valueRequired\":true,\"valueName\":\"search_term_string\"}}],\"inLanguage\":\"fr-FR\"}]}<\/script>\r\n<!-- \/ Yoast SEO plugin. -->","yoast_head_json":{"title":"URIAGE XEMOSE HUILE LAVANTE APAISANTE 1 LITRE - Paracherkaoui.ma","robots":{"index":"index","follow":"follow","max-snippet":"max-snippet:-1","max-image-preview":"max-image-preview:large","max-video-preview":"max-video-preview:-1"},"canonical":"https:\/\/paracherkaoui.ma\/index.php\/produit\/uriage-xemose-huile-lavante-apaisante-1-litre-2\/","og_locale":"fr_FR","og_type":"article","og_title":"URIAGE XEMOSE HUILE LAVANTE APAISANTE 1 LITRE - Paracherkaoui.ma","og_description":"nettoie apaise adoucit et prot\u00e8ge les peaux s\u00e8ches \u00e0 tr\u00e8s s\u00e8ches et les peaux \u00e0 tendances atopiques de toute la","og_url":"https:\/\/paracherkaoui.ma\/index.php\/produit\/uriage-xemose-huile-lavante-apaisante-1-litre-2\/","og_site_name":"Paracherkaoui.ma","article_modified_time":"2025-12-21T14:21:01+00:00","og_image":[{"width":700,"height":700,"url":"https:\/\/paracherkaoui.ma\/wp-content\/uploads\/2025\/12\/uriage-xemose-huile-lavante-apaisante-1-litre.jpg","type":"image\/jpeg"}],"twitter_card":"summary_large_image","twitter_misc":{"Dur\u00e9e de lecture estim\u00e9e":"1 minute"},"schema":{"@context":"https:\/\/schema.org","@graph":[{"@type":"WebPage","@id":"https:\/\/paracherkaoui.ma\/index.php\/produit\/uriage-xemose-huile-lavante-apaisante-1-litre-2\/","url":"https:\/\/paracherkaoui.ma\/index.php\/produit\/uriage-xemose-huile-lavante-apaisante-1-litre-2\/","name":"URIAGE XEMOSE HUILE LAVANTE APAISANTE 1 LITRE - Paracherkaoui.ma","isPartOf":{"@id":"https:\/\/paracherkaoui.ma\/#website"},"primaryImageOfPage":{"@id":"https:\/\/paracherkaoui.ma\/index.php\/produit\/uriage-xemose-huile-lavante-apaisante-1-litre-2\/#primaryimage"},"image":{"@id":"https:\/\/paracherkaoui.ma\/index.php\/produit\/uriage-xemose-huile-lavante-apaisante-1-litre-2\/#primaryimage"},"thumbnailUrl":"https:\/\/paracherkaoui.ma\/wp-content\/uploads\/2025\/12\/uriage-xemose-huile-lavante-apaisante-1-litre.jpg","datePublished":"2025-12-12T17:53:29+00:00","dateModified":"2025-12-21T14:21:01+00:00","breadcrumb":{"@id":"https:\/\/paracherkaoui.ma\/index.php\/produit\/uriage-xemose-huile-lavante-apaisante-1-litre-2\/#breadcrumb"},"inLanguage":"fr-FR","potentialAction":[{"@type":"ReadAction","target":["https:\/\/paracherkaoui.ma\/index.php\/produit\/uriage-xemose-huile-lavante-apaisante-1-litre-2\/"]}]},{"@type":"ImageObject","inLanguage":"fr-FR","@id":"https:\/\/paracherkaoui.ma\/index.php\/produit\/uriage-xemose-huile-lavante-apaisante-1-litre-2\/#primaryimage","url":"https:\/\/paracherkaoui.ma\/wp-content\/uploads\/2025\/12\/uriage-xemose-huile-lavante-apaisante-1-litre.jpg","contentUrl":"https:\/\/paracherkaoui.ma\/wp-content\/uploads\/2025\/12\/uriage-xemose-huile-lavante-apaisante-1-litre.jpg","width":700,"height":700},{"@type":"BreadcrumbList","@id":"https:\/\/paracherkaoui.ma\/index.php\/produit\/uriage-xemose-huile-lavante-apaisante-1-litre-2\/#breadcrumb","itemListElement":[{"@type":"ListItem","position":1,"name":"Accueil","item":"https:\/\/paracherkaoui.ma\/"},{"@type":"ListItem","position":2,"name":"Boutique","item":"https:\/\/paracherkaoui.ma\/index.php\/boutique\/"},{"@type":"ListItem","position":3,"name":"URIAGE XEMOSE HUILE LAVANTE APAISANTE 1 LITRE"}]},{"@type":"WebSite","@id":"https:\/\/paracherkaoui.ma\/#website","url":"https:\/\/paracherkaoui.ma\/","name":"Paracherkaoui.ma","description":"Achetez en ligne sur Paracherkaoui.ma","potentialAction":[{"@type":"SearchAction","target":{"@type":"EntryPoint","urlTemplate":"https:\/\/paracherkaoui.ma\/?s={search_term_string}"},"query-input":{"@type":"PropertyValueSpecification","valueRequired":true,"valueName":"search_term_string"}}],"inLanguage":"fr-FR"}]}},"_links":{"self":[{"href":"https:\/\/paracherkaoui.ma\/index.php\/wp-json\/wp\/v2\/product\/35101","targetHints":{"allow":["GET"]}}],"collection":[{"href":"https:\/\/paracherkaoui.ma\/index.php\/wp-json\/wp\/v2\/product"}],"about":[{"href":"https:\/\/paracherkaoui.ma\/index.php\/wp-json\/wp\/v2\/types\/product"}],"replies":[{"embeddable":true,"href":"https:\/\/paracherkaoui.ma\/index.php\/wp-json\/wp\/v2\/comments?post=35101"}],"version-history":[{"count":1,"href":"https:\/\/paracherkaoui.ma\/index.php\/wp-json\/wp\/v2\/product\/35101\/revisions"}],"predecessor-version":[{"id":35141,"href":"https:\/\/paracherkaoui.ma\/index.php\/wp-json\/wp\/v2\/product\/35101\/revisions\/35141"}],"wp:featuredmedia":[{"embeddable":true,"href":"https:\/\/paracherkaoui.ma\/index.php\/wp-json\/wp\/v2\/media\/12253"}],"wp:attachment":[{"href":"https:\/\/paracherkaoui.ma\/index.php\/wp-json\/wp\/v2\/media?parent=35101"}],"wp:term":[{"taxonomy":"product_brand","embeddable":true,"href":"https:\/\/paracherkaoui.ma\/index.php\/wp-json\/wp\/v2\/product_brand?post=35101"},{"taxonomy":"product_cat","embeddable":true,"href":"https:\/\/paracherkaoui.ma\/index.php\/wp-json\/wp\/v2\/product_cat?post=35101"},{"taxonomy":"product_tag","embeddable":true,"href":"https:\/\/paracherkaoui.ma\/index.php\/wp-json\/wp\/v2\/product_tag?post=35101"}],"curies":[{"name":"wp","href":"https:\/\/api.w.org\/{rel}","templated":true}]}}