{"id":35090,"date":"2025-12-12T18:53:28","date_gmt":"2025-12-12T17:53:28","guid":{"rendered":"https:\/\/test.ecbeaute.com\/?post_type=product&#038;p=35090"},"modified":"2025-12-12T18:53:30","modified_gmt":"2025-12-12T17:53:30","slug":"codexial-enocare-gel-lavant-surgras-400-ml","status":"publish","type":"product","link":"https:\/\/paracherkaoui.ma\/index.php\/produit\/codexial-enocare-gel-lavant-surgras-400-ml\/","title":{"rendered":"CODEXIAL ENOCARE GEL LAVANT SURGRAS 400 ML"},"content":{"rendered":"<p>Sans savon et \u00e0 la couleur bleut\u00e9e naturelle, le Gel Lavant Surgras \u00e9limine toutes les impuret\u00e9s tout en respectant les peaux les plus sensibles. Apaisant, il r\u00e9duit les sensations d&rsquo;inconfort cutan\u00e9, pour une peau propre, douce et hydrat\u00e9e.<br \/>\nComment avoir la peau parfaitement propre sans l&rsquo;agresser ?<br \/>\nGr\u00e2ce aux propri\u00e9t\u00e9s assainissantes et hydratantes de sa formule, le Gel Lavant Surgras nettoie la peau sans la dess\u00e9cher, en lui laissant un voile d&rsquo;hydratation tout en pr\u00e9servant son film hydrolipidique.<br \/>\nV\u00e9ritable soin d&rsquo;accompagnement pour les peaux s\u00e8ches et sensibles sujettes aux inconforts cutan\u00e9s, tels que les tiraillements, les picotements et les d\u00e9mangeaisons, ce gel lavant nettoie et prot\u00e8ge les peaux m\u00eames les plus sensibles.<br \/>\nSans savon, le Gel Lavant Surgras nettoie le corps, le visage et le cuir chevelu de toute la famille.<br \/>\nCe gel lavant doux nettoie parfaitement votre peau, se rince facilement et ne pique pas les yeux.<br \/>\nConseils D&rsquo;utilisation :<br \/>\nPr\u00e9levez une quantit\u00e9 suffisante de votre Gel Lavant Surgras entre vos mains puis appliquez en massages circulaires sur le corps, le visage ou encore les cheveux pr\u00e9alablement mouill\u00e9s. Rincez abondamment \u00e0 l&rsquo;eau claire puis s\u00e9chez.<\/p>\n","protected":false},"excerpt":{"rendered":"<p>Sans savon et \u00e0 la couleur bleut\u00e9e naturelle, le Gel Lavant Surgras \u00e9limine toutes les impuret\u00e9s tout en respectant les<\/p>\n","protected":false},"featured_media":35121,"comment_status":"open","ping_status":"closed","template":"","meta":[],"product_brand":[367],"product_cat":[631],"product_tag":[],"class_list":{"0":"post-35090","1":"product","2":"type-product","3":"status-publish","4":"has-post-thumbnail","6":"product_brand-codexial","7":"product_cat-gels-et-huiles-lavants","9":"first","10":"instock","11":"sale","12":"shipping-taxable","13":"purchasable","14":"product-type-simple"},"yoast_head":"<!-- This site is optimized with the Yoast SEO plugin v26.6 - https:\/\/yoast.com\/wordpress\/plugins\/seo\/ -->\r\n<title>CODEXIAL ENOCARE GEL LAVANT SURGRAS 400 ML - Paracherkaoui.ma<\/title>\r\n<meta name=\"robots\" content=\"index, follow, max-snippet:-1, max-image-preview:large, max-video-preview:-1\" \/>\r\n<link rel=\"canonical\" href=\"https:\/\/paracherkaoui.ma\/index.php\/produit\/codexial-enocare-gel-lavant-surgras-400-ml\/\" \/>\r\n<meta property=\"og:locale\" content=\"fr_FR\" \/>\r\n<meta property=\"og:type\" content=\"article\" \/>\r\n<meta property=\"og:title\" content=\"CODEXIAL ENOCARE GEL LAVANT SURGRAS 400 ML - Paracherkaoui.ma\" \/>\r\n<meta property=\"og:description\" content=\"Sans savon et \u00e0 la couleur bleut\u00e9e naturelle, le Gel Lavant Surgras \u00e9limine toutes les impuret\u00e9s tout en respectant les\" \/>\r\n<meta property=\"og:url\" content=\"https:\/\/paracherkaoui.ma\/index.php\/produit\/codexial-enocare-gel-lavant-surgras-400-ml\/\" \/>\r\n<meta property=\"og:site_name\" content=\"Paracherkaoui.ma\" \/>\r\n<meta property=\"article:modified_time\" content=\"2025-12-12T17:53:30+00:00\" \/>\r\n<meta property=\"og:image\" content=\"https:\/\/paracherkaoui.ma\/wp-content\/uploads\/2025\/12\/codexial-codexial-enocare-gel-lavant-surgras-400-ml-gels-et-huiles-lavants.jpg\" \/>\r\n\t<meta property=\"og:image:width\" content=\"700\" \/>\r\n\t<meta property=\"og:image:height\" content=\"700\" \/>\r\n\t<meta property=\"og:image:type\" content=\"image\/jpeg\" \/>\r\n<meta name=\"twitter:card\" content=\"summary_large_image\" \/>\r\n<meta name=\"twitter:label1\" content=\"Dur\u00e9e de lecture estim\u00e9e\" \/>\n\t<meta name=\"twitter:data1\" content=\"1 minute\" \/>\r\n<script type=\"application\/ld+json\" class=\"yoast-schema-graph\">{\"@context\":\"https:\/\/schema.org\",\"@graph\":[{\"@type\":\"WebPage\",\"@id\":\"https:\/\/paracherkaoui.ma\/index.php\/produit\/codexial-enocare-gel-lavant-surgras-400-ml\/\",\"url\":\"https:\/\/paracherkaoui.ma\/index.php\/produit\/codexial-enocare-gel-lavant-surgras-400-ml\/\",\"name\":\"CODEXIAL ENOCARE GEL LAVANT SURGRAS 400 ML - Paracherkaoui.ma\",\"isPartOf\":{\"@id\":\"https:\/\/paracherkaoui.ma\/#website\"},\"primaryImageOfPage\":{\"@id\":\"https:\/\/paracherkaoui.ma\/index.php\/produit\/codexial-enocare-gel-lavant-surgras-400-ml\/#primaryimage\"},\"image\":{\"@id\":\"https:\/\/paracherkaoui.ma\/index.php\/produit\/codexial-enocare-gel-lavant-surgras-400-ml\/#primaryimage\"},\"thumbnailUrl\":\"https:\/\/paracherkaoui.ma\/wp-content\/uploads\/2025\/12\/codexial-codexial-enocare-gel-lavant-surgras-400-ml-gels-et-huiles-lavants.jpg\",\"datePublished\":\"2025-12-12T17:53:28+00:00\",\"dateModified\":\"2025-12-12T17:53:30+00:00\",\"breadcrumb\":{\"@id\":\"https:\/\/paracherkaoui.ma\/index.php\/produit\/codexial-enocare-gel-lavant-surgras-400-ml\/#breadcrumb\"},\"inLanguage\":\"fr-FR\",\"potentialAction\":[{\"@type\":\"ReadAction\",\"target\":[\"https:\/\/paracherkaoui.ma\/index.php\/produit\/codexial-enocare-gel-lavant-surgras-400-ml\/\"]}]},{\"@type\":\"ImageObject\",\"inLanguage\":\"fr-FR\",\"@id\":\"https:\/\/paracherkaoui.ma\/index.php\/produit\/codexial-enocare-gel-lavant-surgras-400-ml\/#primaryimage\",\"url\":\"https:\/\/paracherkaoui.ma\/wp-content\/uploads\/2025\/12\/codexial-codexial-enocare-gel-lavant-surgras-400-ml-gels-et-huiles-lavants.jpg\",\"contentUrl\":\"https:\/\/paracherkaoui.ma\/wp-content\/uploads\/2025\/12\/codexial-codexial-enocare-gel-lavant-surgras-400-ml-gels-et-huiles-lavants.jpg\",\"width\":700,\"height\":700},{\"@type\":\"BreadcrumbList\",\"@id\":\"https:\/\/paracherkaoui.ma\/index.php\/produit\/codexial-enocare-gel-lavant-surgras-400-ml\/#breadcrumb\",\"itemListElement\":[{\"@type\":\"ListItem\",\"position\":1,\"name\":\"Accueil\",\"item\":\"https:\/\/paracherkaoui.ma\/\"},{\"@type\":\"ListItem\",\"position\":2,\"name\":\"Boutique\",\"item\":\"https:\/\/paracherkaoui.ma\/index.php\/boutique\/\"},{\"@type\":\"ListItem\",\"position\":3,\"name\":\"CODEXIAL ENOCARE GEL LAVANT SURGRAS 400 ML\"}]},{\"@type\":\"WebSite\",\"@id\":\"https:\/\/paracherkaoui.ma\/#website\",\"url\":\"https:\/\/paracherkaoui.ma\/\",\"name\":\"Paracherkaoui.ma\",\"description\":\"Achetez en ligne sur Paracherkaoui.ma\",\"potentialAction\":[{\"@type\":\"SearchAction\",\"target\":{\"@type\":\"EntryPoint\",\"urlTemplate\":\"https:\/\/paracherkaoui.ma\/?s={search_term_string}\"},\"query-input\":{\"@type\":\"PropertyValueSpecification\",\"valueRequired\":true,\"valueName\":\"search_term_string\"}}],\"inLanguage\":\"fr-FR\"}]}<\/script>\r\n<!-- \/ Yoast SEO plugin. -->","yoast_head_json":{"title":"CODEXIAL ENOCARE GEL LAVANT SURGRAS 400 ML - Paracherkaoui.ma","robots":{"index":"index","follow":"follow","max-snippet":"max-snippet:-1","max-image-preview":"max-image-preview:large","max-video-preview":"max-video-preview:-1"},"canonical":"https:\/\/paracherkaoui.ma\/index.php\/produit\/codexial-enocare-gel-lavant-surgras-400-ml\/","og_locale":"fr_FR","og_type":"article","og_title":"CODEXIAL ENOCARE GEL LAVANT SURGRAS 400 ML - Paracherkaoui.ma","og_description":"Sans savon et \u00e0 la couleur bleut\u00e9e naturelle, le Gel Lavant Surgras \u00e9limine toutes les impuret\u00e9s tout en respectant les","og_url":"https:\/\/paracherkaoui.ma\/index.php\/produit\/codexial-enocare-gel-lavant-surgras-400-ml\/","og_site_name":"Paracherkaoui.ma","article_modified_time":"2025-12-12T17:53:30+00:00","og_image":[{"width":700,"height":700,"url":"https:\/\/paracherkaoui.ma\/wp-content\/uploads\/2025\/12\/codexial-codexial-enocare-gel-lavant-surgras-400-ml-gels-et-huiles-lavants.jpg","type":"image\/jpeg"}],"twitter_card":"summary_large_image","twitter_misc":{"Dur\u00e9e de lecture estim\u00e9e":"1 minute"},"schema":{"@context":"https:\/\/schema.org","@graph":[{"@type":"WebPage","@id":"https:\/\/paracherkaoui.ma\/index.php\/produit\/codexial-enocare-gel-lavant-surgras-400-ml\/","url":"https:\/\/paracherkaoui.ma\/index.php\/produit\/codexial-enocare-gel-lavant-surgras-400-ml\/","name":"CODEXIAL ENOCARE GEL LAVANT SURGRAS 400 ML - Paracherkaoui.ma","isPartOf":{"@id":"https:\/\/paracherkaoui.ma\/#website"},"primaryImageOfPage":{"@id":"https:\/\/paracherkaoui.ma\/index.php\/produit\/codexial-enocare-gel-lavant-surgras-400-ml\/#primaryimage"},"image":{"@id":"https:\/\/paracherkaoui.ma\/index.php\/produit\/codexial-enocare-gel-lavant-surgras-400-ml\/#primaryimage"},"thumbnailUrl":"https:\/\/paracherkaoui.ma\/wp-content\/uploads\/2025\/12\/codexial-codexial-enocare-gel-lavant-surgras-400-ml-gels-et-huiles-lavants.jpg","datePublished":"2025-12-12T17:53:28+00:00","dateModified":"2025-12-12T17:53:30+00:00","breadcrumb":{"@id":"https:\/\/paracherkaoui.ma\/index.php\/produit\/codexial-enocare-gel-lavant-surgras-400-ml\/#breadcrumb"},"inLanguage":"fr-FR","potentialAction":[{"@type":"ReadAction","target":["https:\/\/paracherkaoui.ma\/index.php\/produit\/codexial-enocare-gel-lavant-surgras-400-ml\/"]}]},{"@type":"ImageObject","inLanguage":"fr-FR","@id":"https:\/\/paracherkaoui.ma\/index.php\/produit\/codexial-enocare-gel-lavant-surgras-400-ml\/#primaryimage","url":"https:\/\/paracherkaoui.ma\/wp-content\/uploads\/2025\/12\/codexial-codexial-enocare-gel-lavant-surgras-400-ml-gels-et-huiles-lavants.jpg","contentUrl":"https:\/\/paracherkaoui.ma\/wp-content\/uploads\/2025\/12\/codexial-codexial-enocare-gel-lavant-surgras-400-ml-gels-et-huiles-lavants.jpg","width":700,"height":700},{"@type":"BreadcrumbList","@id":"https:\/\/paracherkaoui.ma\/index.php\/produit\/codexial-enocare-gel-lavant-surgras-400-ml\/#breadcrumb","itemListElement":[{"@type":"ListItem","position":1,"name":"Accueil","item":"https:\/\/paracherkaoui.ma\/"},{"@type":"ListItem","position":2,"name":"Boutique","item":"https:\/\/paracherkaoui.ma\/index.php\/boutique\/"},{"@type":"ListItem","position":3,"name":"CODEXIAL ENOCARE GEL LAVANT SURGRAS 400 ML"}]},{"@type":"WebSite","@id":"https:\/\/paracherkaoui.ma\/#website","url":"https:\/\/paracherkaoui.ma\/","name":"Paracherkaoui.ma","description":"Achetez en ligne sur Paracherkaoui.ma","potentialAction":[{"@type":"SearchAction","target":{"@type":"EntryPoint","urlTemplate":"https:\/\/paracherkaoui.ma\/?s={search_term_string}"},"query-input":{"@type":"PropertyValueSpecification","valueRequired":true,"valueName":"search_term_string"}}],"inLanguage":"fr-FR"}]}},"_links":{"self":[{"href":"https:\/\/paracherkaoui.ma\/index.php\/wp-json\/wp\/v2\/product\/35090","targetHints":{"allow":["GET"]}}],"collection":[{"href":"https:\/\/paracherkaoui.ma\/index.php\/wp-json\/wp\/v2\/product"}],"about":[{"href":"https:\/\/paracherkaoui.ma\/index.php\/wp-json\/wp\/v2\/types\/product"}],"replies":[{"embeddable":true,"href":"https:\/\/paracherkaoui.ma\/index.php\/wp-json\/wp\/v2\/comments?post=35090"}],"version-history":[{"count":1,"href":"https:\/\/paracherkaoui.ma\/index.php\/wp-json\/wp\/v2\/product\/35090\/revisions"}],"predecessor-version":[{"id":35122,"href":"https:\/\/paracherkaoui.ma\/index.php\/wp-json\/wp\/v2\/product\/35090\/revisions\/35122"}],"wp:featuredmedia":[{"embeddable":true,"href":"https:\/\/paracherkaoui.ma\/index.php\/wp-json\/wp\/v2\/media\/35121"}],"wp:attachment":[{"href":"https:\/\/paracherkaoui.ma\/index.php\/wp-json\/wp\/v2\/media?parent=35090"}],"wp:term":[{"taxonomy":"product_brand","embeddable":true,"href":"https:\/\/paracherkaoui.ma\/index.php\/wp-json\/wp\/v2\/product_brand?post=35090"},{"taxonomy":"product_cat","embeddable":true,"href":"https:\/\/paracherkaoui.ma\/index.php\/wp-json\/wp\/v2\/product_cat?post=35090"},{"taxonomy":"product_tag","embeddable":true,"href":"https:\/\/paracherkaoui.ma\/index.php\/wp-json\/wp\/v2\/product_tag?post=35090"}],"curies":[{"name":"wp","href":"https:\/\/api.w.org\/{rel}","templated":true}]}}