{"id":35031,"date":"2025-12-12T18:53:22","date_gmt":"2025-12-12T17:53:22","guid":{"rendered":"https:\/\/test.ecbeaute.com\/?post_type=product&#038;p=35031"},"modified":"2025-12-12T18:53:27","modified_gmt":"2025-12-12T17:53:27","slug":"roge-cavailles-creme-de-douche-beurre-damande-et-rose-750-ml","status":"publish","type":"product","link":"https:\/\/paracherkaoui.ma\/index.php\/produit\/roge-cavailles-creme-de-douche-beurre-damande-et-rose-750-ml\/","title":{"rendered":"ROGE CAVAILLES CREME DE DOUCHE BEURRE D&rsquo;AMANDE ET ROSE 750 ML"},"content":{"rendered":"<p>Plus besoin de choisir entre prendre soin de sa peau sensible et faire de sa douche un r\u00e9el moment de plaisir ! Enrichie en beurre d&rsquo;amande naturel, elle nettoie en douceur et nourrit intens\u00e9ment les peaux sensibles et s\u00e8ches. Avec ses agents surgras, la Cr\u00e8me de douche Amande &#038; Rose prot\u00e8ge votre peau des agressions ext\u00e9rieures et pr\u00e9serve votre hydratation. Intens\u00e9ment nourrie, votre peau est souple, douce et confortable. Sa texture ultra-onctueuse et son parfum intemporel transformeront votre douche en une balade au coeur d&rsquo;une roseraie. La Cr\u00e8me de douche Amande &#038; Rose est sp\u00e9cifiquement formul\u00e9e pour nettoyer au quotidien les peaux sensibles et s\u00e8ches<\/p>\n<p>Conseils d\u2019utilisation:<br \/>\nSous la douche ou dans le bain, d\u00e9posez une quantit\u00e9 g\u00e9n\u00e9reuse de Cr\u00e8me au creux de votre main et faites mousser sur votre corps pr\u00e9alablement mouill\u00e9 en vous d\u00e9lectant de son parfum.<\/p>\n","protected":false},"excerpt":{"rendered":"<p>Plus besoin de choisir entre prendre soin de sa peau sensible et faire de sa douche un r\u00e9el moment de<\/p>\n","protected":false},"featured_media":35078,"comment_status":"open","ping_status":"closed","template":"","meta":[],"product_brand":[411],"product_cat":[631],"product_tag":[],"class_list":{"0":"post-35031","1":"product","2":"type-product","3":"status-publish","4":"has-post-thumbnail","6":"product_brand-roge-cavailles","7":"product_cat-gels-et-huiles-lavants","9":"first","10":"instock","11":"sale","12":"shipping-taxable","13":"purchasable","14":"product-type-simple"},"yoast_head":"<!-- This site is optimized with the Yoast SEO plugin v26.6 - https:\/\/yoast.com\/wordpress\/plugins\/seo\/ -->\r\n<title>ROGE CAVAILLES CREME DE DOUCHE BEURRE D&#039;AMANDE ET ROSE 750 ML - Paracherkaoui.ma<\/title>\r\n<meta name=\"robots\" content=\"index, follow, max-snippet:-1, max-image-preview:large, max-video-preview:-1\" \/>\r\n<link rel=\"canonical\" href=\"https:\/\/paracherkaoui.ma\/index.php\/produit\/roge-cavailles-creme-de-douche-beurre-damande-et-rose-750-ml\/\" \/>\r\n<meta property=\"og:locale\" content=\"fr_FR\" \/>\r\n<meta property=\"og:type\" content=\"article\" \/>\r\n<meta property=\"og:title\" content=\"ROGE CAVAILLES CREME DE DOUCHE BEURRE D&#039;AMANDE ET ROSE 750 ML - Paracherkaoui.ma\" \/>\r\n<meta property=\"og:description\" content=\"Plus besoin de choisir entre prendre soin de sa peau sensible et faire de sa douche un r\u00e9el moment de\" \/>\r\n<meta property=\"og:url\" content=\"https:\/\/paracherkaoui.ma\/index.php\/produit\/roge-cavailles-creme-de-douche-beurre-damande-et-rose-750-ml\/\" \/>\r\n<meta property=\"og:site_name\" content=\"Paracherkaoui.ma\" \/>\r\n<meta property=\"article:modified_time\" content=\"2025-12-12T17:53:27+00:00\" \/>\r\n<meta property=\"og:image\" content=\"https:\/\/paracherkaoui.ma\/wp-content\/uploads\/2025\/12\/roge-cavailles-roge-cavailles-creme-de-douche-beurre-damande-et-rose-750-ml-gels-et-huiles-lavants.jpg\" \/>\r\n\t<meta property=\"og:image:width\" content=\"700\" \/>\r\n\t<meta property=\"og:image:height\" content=\"700\" \/>\r\n\t<meta property=\"og:image:type\" content=\"image\/jpeg\" \/>\r\n<meta name=\"twitter:card\" content=\"summary_large_image\" \/>\r\n<meta name=\"twitter:label1\" content=\"Dur\u00e9e de lecture estim\u00e9e\" \/>\n\t<meta name=\"twitter:data1\" content=\"1 minute\" \/>\r\n<script type=\"application\/ld+json\" class=\"yoast-schema-graph\">{\"@context\":\"https:\/\/schema.org\",\"@graph\":[{\"@type\":\"WebPage\",\"@id\":\"https:\/\/paracherkaoui.ma\/index.php\/produit\/roge-cavailles-creme-de-douche-beurre-damande-et-rose-750-ml\/\",\"url\":\"https:\/\/paracherkaoui.ma\/index.php\/produit\/roge-cavailles-creme-de-douche-beurre-damande-et-rose-750-ml\/\",\"name\":\"ROGE CAVAILLES CREME DE DOUCHE BEURRE D'AMANDE ET ROSE 750 ML - Paracherkaoui.ma\",\"isPartOf\":{\"@id\":\"https:\/\/paracherkaoui.ma\/#website\"},\"primaryImageOfPage\":{\"@id\":\"https:\/\/paracherkaoui.ma\/index.php\/produit\/roge-cavailles-creme-de-douche-beurre-damande-et-rose-750-ml\/#primaryimage\"},\"image\":{\"@id\":\"https:\/\/paracherkaoui.ma\/index.php\/produit\/roge-cavailles-creme-de-douche-beurre-damande-et-rose-750-ml\/#primaryimage\"},\"thumbnailUrl\":\"https:\/\/paracherkaoui.ma\/wp-content\/uploads\/2025\/12\/roge-cavailles-roge-cavailles-creme-de-douche-beurre-damande-et-rose-750-ml-gels-et-huiles-lavants.jpg\",\"datePublished\":\"2025-12-12T17:53:22+00:00\",\"dateModified\":\"2025-12-12T17:53:27+00:00\",\"breadcrumb\":{\"@id\":\"https:\/\/paracherkaoui.ma\/index.php\/produit\/roge-cavailles-creme-de-douche-beurre-damande-et-rose-750-ml\/#breadcrumb\"},\"inLanguage\":\"fr-FR\",\"potentialAction\":[{\"@type\":\"ReadAction\",\"target\":[\"https:\/\/paracherkaoui.ma\/index.php\/produit\/roge-cavailles-creme-de-douche-beurre-damande-et-rose-750-ml\/\"]}]},{\"@type\":\"ImageObject\",\"inLanguage\":\"fr-FR\",\"@id\":\"https:\/\/paracherkaoui.ma\/index.php\/produit\/roge-cavailles-creme-de-douche-beurre-damande-et-rose-750-ml\/#primaryimage\",\"url\":\"https:\/\/paracherkaoui.ma\/wp-content\/uploads\/2025\/12\/roge-cavailles-roge-cavailles-creme-de-douche-beurre-damande-et-rose-750-ml-gels-et-huiles-lavants.jpg\",\"contentUrl\":\"https:\/\/paracherkaoui.ma\/wp-content\/uploads\/2025\/12\/roge-cavailles-roge-cavailles-creme-de-douche-beurre-damande-et-rose-750-ml-gels-et-huiles-lavants.jpg\",\"width\":700,\"height\":700},{\"@type\":\"BreadcrumbList\",\"@id\":\"https:\/\/paracherkaoui.ma\/index.php\/produit\/roge-cavailles-creme-de-douche-beurre-damande-et-rose-750-ml\/#breadcrumb\",\"itemListElement\":[{\"@type\":\"ListItem\",\"position\":1,\"name\":\"Accueil\",\"item\":\"https:\/\/paracherkaoui.ma\/\"},{\"@type\":\"ListItem\",\"position\":2,\"name\":\"Boutique\",\"item\":\"https:\/\/paracherkaoui.ma\/index.php\/boutique\/\"},{\"@type\":\"ListItem\",\"position\":3,\"name\":\"ROGE CAVAILLES CREME DE DOUCHE BEURRE D&rsquo;AMANDE ET ROSE 750 ML\"}]},{\"@type\":\"WebSite\",\"@id\":\"https:\/\/paracherkaoui.ma\/#website\",\"url\":\"https:\/\/paracherkaoui.ma\/\",\"name\":\"Paracherkaoui.ma\",\"description\":\"Achetez en ligne sur Paracherkaoui.ma\",\"potentialAction\":[{\"@type\":\"SearchAction\",\"target\":{\"@type\":\"EntryPoint\",\"urlTemplate\":\"https:\/\/paracherkaoui.ma\/?s={search_term_string}\"},\"query-input\":{\"@type\":\"PropertyValueSpecification\",\"valueRequired\":true,\"valueName\":\"search_term_string\"}}],\"inLanguage\":\"fr-FR\"}]}<\/script>\r\n<!-- \/ Yoast SEO plugin. -->","yoast_head_json":{"title":"ROGE CAVAILLES CREME DE DOUCHE BEURRE D'AMANDE ET ROSE 750 ML - Paracherkaoui.ma","robots":{"index":"index","follow":"follow","max-snippet":"max-snippet:-1","max-image-preview":"max-image-preview:large","max-video-preview":"max-video-preview:-1"},"canonical":"https:\/\/paracherkaoui.ma\/index.php\/produit\/roge-cavailles-creme-de-douche-beurre-damande-et-rose-750-ml\/","og_locale":"fr_FR","og_type":"article","og_title":"ROGE CAVAILLES CREME DE DOUCHE BEURRE D'AMANDE ET ROSE 750 ML - Paracherkaoui.ma","og_description":"Plus besoin de choisir entre prendre soin de sa peau sensible et faire de sa douche un r\u00e9el moment de","og_url":"https:\/\/paracherkaoui.ma\/index.php\/produit\/roge-cavailles-creme-de-douche-beurre-damande-et-rose-750-ml\/","og_site_name":"Paracherkaoui.ma","article_modified_time":"2025-12-12T17:53:27+00:00","og_image":[{"width":700,"height":700,"url":"https:\/\/paracherkaoui.ma\/wp-content\/uploads\/2025\/12\/roge-cavailles-roge-cavailles-creme-de-douche-beurre-damande-et-rose-750-ml-gels-et-huiles-lavants.jpg","type":"image\/jpeg"}],"twitter_card":"summary_large_image","twitter_misc":{"Dur\u00e9e de lecture estim\u00e9e":"1 minute"},"schema":{"@context":"https:\/\/schema.org","@graph":[{"@type":"WebPage","@id":"https:\/\/paracherkaoui.ma\/index.php\/produit\/roge-cavailles-creme-de-douche-beurre-damande-et-rose-750-ml\/","url":"https:\/\/paracherkaoui.ma\/index.php\/produit\/roge-cavailles-creme-de-douche-beurre-damande-et-rose-750-ml\/","name":"ROGE CAVAILLES CREME DE DOUCHE BEURRE D'AMANDE ET ROSE 750 ML - Paracherkaoui.ma","isPartOf":{"@id":"https:\/\/paracherkaoui.ma\/#website"},"primaryImageOfPage":{"@id":"https:\/\/paracherkaoui.ma\/index.php\/produit\/roge-cavailles-creme-de-douche-beurre-damande-et-rose-750-ml\/#primaryimage"},"image":{"@id":"https:\/\/paracherkaoui.ma\/index.php\/produit\/roge-cavailles-creme-de-douche-beurre-damande-et-rose-750-ml\/#primaryimage"},"thumbnailUrl":"https:\/\/paracherkaoui.ma\/wp-content\/uploads\/2025\/12\/roge-cavailles-roge-cavailles-creme-de-douche-beurre-damande-et-rose-750-ml-gels-et-huiles-lavants.jpg","datePublished":"2025-12-12T17:53:22+00:00","dateModified":"2025-12-12T17:53:27+00:00","breadcrumb":{"@id":"https:\/\/paracherkaoui.ma\/index.php\/produit\/roge-cavailles-creme-de-douche-beurre-damande-et-rose-750-ml\/#breadcrumb"},"inLanguage":"fr-FR","potentialAction":[{"@type":"ReadAction","target":["https:\/\/paracherkaoui.ma\/index.php\/produit\/roge-cavailles-creme-de-douche-beurre-damande-et-rose-750-ml\/"]}]},{"@type":"ImageObject","inLanguage":"fr-FR","@id":"https:\/\/paracherkaoui.ma\/index.php\/produit\/roge-cavailles-creme-de-douche-beurre-damande-et-rose-750-ml\/#primaryimage","url":"https:\/\/paracherkaoui.ma\/wp-content\/uploads\/2025\/12\/roge-cavailles-roge-cavailles-creme-de-douche-beurre-damande-et-rose-750-ml-gels-et-huiles-lavants.jpg","contentUrl":"https:\/\/paracherkaoui.ma\/wp-content\/uploads\/2025\/12\/roge-cavailles-roge-cavailles-creme-de-douche-beurre-damande-et-rose-750-ml-gels-et-huiles-lavants.jpg","width":700,"height":700},{"@type":"BreadcrumbList","@id":"https:\/\/paracherkaoui.ma\/index.php\/produit\/roge-cavailles-creme-de-douche-beurre-damande-et-rose-750-ml\/#breadcrumb","itemListElement":[{"@type":"ListItem","position":1,"name":"Accueil","item":"https:\/\/paracherkaoui.ma\/"},{"@type":"ListItem","position":2,"name":"Boutique","item":"https:\/\/paracherkaoui.ma\/index.php\/boutique\/"},{"@type":"ListItem","position":3,"name":"ROGE CAVAILLES CREME DE DOUCHE BEURRE D&rsquo;AMANDE ET ROSE 750 ML"}]},{"@type":"WebSite","@id":"https:\/\/paracherkaoui.ma\/#website","url":"https:\/\/paracherkaoui.ma\/","name":"Paracherkaoui.ma","description":"Achetez en ligne sur Paracherkaoui.ma","potentialAction":[{"@type":"SearchAction","target":{"@type":"EntryPoint","urlTemplate":"https:\/\/paracherkaoui.ma\/?s={search_term_string}"},"query-input":{"@type":"PropertyValueSpecification","valueRequired":true,"valueName":"search_term_string"}}],"inLanguage":"fr-FR"}]}},"_links":{"self":[{"href":"https:\/\/paracherkaoui.ma\/index.php\/wp-json\/wp\/v2\/product\/35031","targetHints":{"allow":["GET"]}}],"collection":[{"href":"https:\/\/paracherkaoui.ma\/index.php\/wp-json\/wp\/v2\/product"}],"about":[{"href":"https:\/\/paracherkaoui.ma\/index.php\/wp-json\/wp\/v2\/types\/product"}],"replies":[{"embeddable":true,"href":"https:\/\/paracherkaoui.ma\/index.php\/wp-json\/wp\/v2\/comments?post=35031"}],"version-history":[{"count":1,"href":"https:\/\/paracherkaoui.ma\/index.php\/wp-json\/wp\/v2\/product\/35031\/revisions"}],"predecessor-version":[{"id":35079,"href":"https:\/\/paracherkaoui.ma\/index.php\/wp-json\/wp\/v2\/product\/35031\/revisions\/35079"}],"wp:featuredmedia":[{"embeddable":true,"href":"https:\/\/paracherkaoui.ma\/index.php\/wp-json\/wp\/v2\/media\/35078"}],"wp:attachment":[{"href":"https:\/\/paracherkaoui.ma\/index.php\/wp-json\/wp\/v2\/media?parent=35031"}],"wp:term":[{"taxonomy":"product_brand","embeddable":true,"href":"https:\/\/paracherkaoui.ma\/index.php\/wp-json\/wp\/v2\/product_brand?post=35031"},{"taxonomy":"product_cat","embeddable":true,"href":"https:\/\/paracherkaoui.ma\/index.php\/wp-json\/wp\/v2\/product_cat?post=35031"},{"taxonomy":"product_tag","embeddable":true,"href":"https:\/\/paracherkaoui.ma\/index.php\/wp-json\/wp\/v2\/product_tag?post=35031"}],"curies":[{"name":"wp","href":"https:\/\/api.w.org\/{rel}","templated":true}]}}