{"id":35028,"date":"2025-12-12T18:53:22","date_gmt":"2025-12-12T17:53:22","guid":{"rendered":"https:\/\/test.ecbeaute.com\/?post_type=product&#038;p=35028"},"modified":"2025-12-12T18:53:26","modified_gmt":"2025-12-12T17:53:26","slug":"uriage-xemose-soin-apaisant-contour-des-yeux-15-ml-4","status":"publish","type":"product","link":"https:\/\/paracherkaoui.ma\/index.php\/produit\/uriage-xemose-soin-apaisant-contour-des-yeux-15-ml-4\/","title":{"rendered":"URIAGE XEMOSE SOIN APAISANT CONTOUR DES YEUX 15 ML"},"content":{"rendered":"<p>\u2022 ACTION 1 : Soulage en (moins de) 60 secondes. Haute performance anti-d\u00e9mangeaisons imm\u00e9diate. Prise en main facile et ludique.<br \/>\n\u2022 ACTION 2 : Nourrit en profondeur gr\u00e2ce \u00e0 une combinaison d\u2019huile de karit\u00e9 et d\u2019huile d\u2019illip\u00e9, reconnus pour leurs hautes propri\u00e9t\u00e9s hydratantes et nourrissantes.<br \/>\n\u2022 ACTION 3 : Protection durable et anti-r\u00e9cidive pendant 24h. Texture l\u00e9g\u00e8re et confortable.<br \/>\nTexture a\u00e9rienne, l\u00e9g\u00e8re et ultra-fra\u00eeche pour une absorption et un habillage imm\u00e9diat.<br \/>\nSans parfum.<br \/>\nConvient \u00e0 toutes les peaux.<br \/>\nA appliquer autant de fois que n\u00e9cessaire.<br \/>\nAppliquer sur peau propre matin et\/ou soir sur le contour des yeux et les paupi\u00e8res, selon les besoins.<\/p>\n","protected":false},"excerpt":{"rendered":"<p>\u2022 ACTION 1 : Soulage en (moins de) 60 secondes. Haute performance anti-d\u00e9mangeaisons imm\u00e9diate. Prise en main facile et ludique.<\/p>\n","protected":false},"featured_media":11262,"comment_status":"open","ping_status":"closed","template":"","meta":[],"product_brand":[130],"product_cat":[631],"product_tag":[],"class_list":{"0":"post-35028","1":"product","2":"type-product","3":"status-publish","4":"has-post-thumbnail","6":"product_brand-uriage","7":"product_cat-gels-et-huiles-lavants","9":"first","10":"instock","11":"sale","12":"shipping-taxable","13":"purchasable","14":"product-type-simple"},"yoast_head":"<!-- This site is optimized with the Yoast SEO plugin v26.6 - https:\/\/yoast.com\/wordpress\/plugins\/seo\/ -->\r\n<title>URIAGE XEMOSE SOIN APAISANT CONTOUR DES YEUX 15 ML - Paracherkaoui.ma<\/title>\r\n<meta name=\"robots\" content=\"index, follow, max-snippet:-1, max-image-preview:large, max-video-preview:-1\" \/>\r\n<link rel=\"canonical\" href=\"https:\/\/paracherkaoui.ma\/index.php\/produit\/uriage-xemose-soin-apaisant-contour-des-yeux-15-ml-4\/\" \/>\r\n<meta property=\"og:locale\" content=\"fr_FR\" \/>\r\n<meta property=\"og:type\" content=\"article\" \/>\r\n<meta property=\"og:title\" content=\"URIAGE XEMOSE SOIN APAISANT CONTOUR DES YEUX 15 ML - Paracherkaoui.ma\" \/>\r\n<meta property=\"og:description\" content=\"\u2022 ACTION 1 : Soulage en (moins de) 60 secondes. Haute performance anti-d\u00e9mangeaisons imm\u00e9diate. Prise en main facile et ludique.\" \/>\r\n<meta property=\"og:url\" content=\"https:\/\/paracherkaoui.ma\/index.php\/produit\/uriage-xemose-soin-apaisant-contour-des-yeux-15-ml-4\/\" \/>\r\n<meta property=\"og:site_name\" content=\"Paracherkaoui.ma\" \/>\r\n<meta property=\"article:modified_time\" content=\"2025-12-12T17:53:26+00:00\" \/>\r\n<meta property=\"og:image\" content=\"https:\/\/paracherkaoui.ma\/wp-content\/uploads\/2025\/12\/uriage-uriage-xemose-soin-apaisant-contour-des-yeux-15-ml-yeux.jpg\" \/>\r\n\t<meta property=\"og:image:width\" content=\"700\" \/>\r\n\t<meta property=\"og:image:height\" content=\"700\" \/>\r\n\t<meta property=\"og:image:type\" content=\"image\/jpeg\" \/>\r\n<meta name=\"twitter:card\" content=\"summary_large_image\" \/>\r\n<meta name=\"twitter:label1\" content=\"Dur\u00e9e de lecture estim\u00e9e\" \/>\n\t<meta name=\"twitter:data1\" content=\"1 minute\" \/>\r\n<script type=\"application\/ld+json\" class=\"yoast-schema-graph\">{\"@context\":\"https:\/\/schema.org\",\"@graph\":[{\"@type\":\"WebPage\",\"@id\":\"https:\/\/paracherkaoui.ma\/index.php\/produit\/uriage-xemose-soin-apaisant-contour-des-yeux-15-ml-4\/\",\"url\":\"https:\/\/paracherkaoui.ma\/index.php\/produit\/uriage-xemose-soin-apaisant-contour-des-yeux-15-ml-4\/\",\"name\":\"URIAGE XEMOSE SOIN APAISANT CONTOUR DES YEUX 15 ML - Paracherkaoui.ma\",\"isPartOf\":{\"@id\":\"https:\/\/paracherkaoui.ma\/#website\"},\"primaryImageOfPage\":{\"@id\":\"https:\/\/paracherkaoui.ma\/index.php\/produit\/uriage-xemose-soin-apaisant-contour-des-yeux-15-ml-4\/#primaryimage\"},\"image\":{\"@id\":\"https:\/\/paracherkaoui.ma\/index.php\/produit\/uriage-xemose-soin-apaisant-contour-des-yeux-15-ml-4\/#primaryimage\"},\"thumbnailUrl\":\"https:\/\/paracherkaoui.ma\/wp-content\/uploads\/2025\/12\/uriage-uriage-xemose-soin-apaisant-contour-des-yeux-15-ml-yeux.jpg\",\"datePublished\":\"2025-12-12T17:53:22+00:00\",\"dateModified\":\"2025-12-12T17:53:26+00:00\",\"breadcrumb\":{\"@id\":\"https:\/\/paracherkaoui.ma\/index.php\/produit\/uriage-xemose-soin-apaisant-contour-des-yeux-15-ml-4\/#breadcrumb\"},\"inLanguage\":\"fr-FR\",\"potentialAction\":[{\"@type\":\"ReadAction\",\"target\":[\"https:\/\/paracherkaoui.ma\/index.php\/produit\/uriage-xemose-soin-apaisant-contour-des-yeux-15-ml-4\/\"]}]},{\"@type\":\"ImageObject\",\"inLanguage\":\"fr-FR\",\"@id\":\"https:\/\/paracherkaoui.ma\/index.php\/produit\/uriage-xemose-soin-apaisant-contour-des-yeux-15-ml-4\/#primaryimage\",\"url\":\"https:\/\/paracherkaoui.ma\/wp-content\/uploads\/2025\/12\/uriage-uriage-xemose-soin-apaisant-contour-des-yeux-15-ml-yeux.jpg\",\"contentUrl\":\"https:\/\/paracherkaoui.ma\/wp-content\/uploads\/2025\/12\/uriage-uriage-xemose-soin-apaisant-contour-des-yeux-15-ml-yeux.jpg\",\"width\":700,\"height\":700},{\"@type\":\"BreadcrumbList\",\"@id\":\"https:\/\/paracherkaoui.ma\/index.php\/produit\/uriage-xemose-soin-apaisant-contour-des-yeux-15-ml-4\/#breadcrumb\",\"itemListElement\":[{\"@type\":\"ListItem\",\"position\":1,\"name\":\"Accueil\",\"item\":\"https:\/\/paracherkaoui.ma\/\"},{\"@type\":\"ListItem\",\"position\":2,\"name\":\"Boutique\",\"item\":\"https:\/\/paracherkaoui.ma\/index.php\/boutique\/\"},{\"@type\":\"ListItem\",\"position\":3,\"name\":\"URIAGE XEMOSE SOIN APAISANT CONTOUR DES YEUX 15 ML\"}]},{\"@type\":\"WebSite\",\"@id\":\"https:\/\/paracherkaoui.ma\/#website\",\"url\":\"https:\/\/paracherkaoui.ma\/\",\"name\":\"Paracherkaoui.ma\",\"description\":\"Achetez en ligne sur Paracherkaoui.ma\",\"potentialAction\":[{\"@type\":\"SearchAction\",\"target\":{\"@type\":\"EntryPoint\",\"urlTemplate\":\"https:\/\/paracherkaoui.ma\/?s={search_term_string}\"},\"query-input\":{\"@type\":\"PropertyValueSpecification\",\"valueRequired\":true,\"valueName\":\"search_term_string\"}}],\"inLanguage\":\"fr-FR\"}]}<\/script>\r\n<!-- \/ Yoast SEO plugin. -->","yoast_head_json":{"title":"URIAGE XEMOSE SOIN APAISANT CONTOUR DES YEUX 15 ML - Paracherkaoui.ma","robots":{"index":"index","follow":"follow","max-snippet":"max-snippet:-1","max-image-preview":"max-image-preview:large","max-video-preview":"max-video-preview:-1"},"canonical":"https:\/\/paracherkaoui.ma\/index.php\/produit\/uriage-xemose-soin-apaisant-contour-des-yeux-15-ml-4\/","og_locale":"fr_FR","og_type":"article","og_title":"URIAGE XEMOSE SOIN APAISANT CONTOUR DES YEUX 15 ML - Paracherkaoui.ma","og_description":"\u2022 ACTION 1 : Soulage en (moins de) 60 secondes. Haute performance anti-d\u00e9mangeaisons imm\u00e9diate. Prise en main facile et ludique.","og_url":"https:\/\/paracherkaoui.ma\/index.php\/produit\/uriage-xemose-soin-apaisant-contour-des-yeux-15-ml-4\/","og_site_name":"Paracherkaoui.ma","article_modified_time":"2025-12-12T17:53:26+00:00","og_image":[{"width":700,"height":700,"url":"https:\/\/paracherkaoui.ma\/wp-content\/uploads\/2025\/12\/uriage-uriage-xemose-soin-apaisant-contour-des-yeux-15-ml-yeux.jpg","type":"image\/jpeg"}],"twitter_card":"summary_large_image","twitter_misc":{"Dur\u00e9e de lecture estim\u00e9e":"1 minute"},"schema":{"@context":"https:\/\/schema.org","@graph":[{"@type":"WebPage","@id":"https:\/\/paracherkaoui.ma\/index.php\/produit\/uriage-xemose-soin-apaisant-contour-des-yeux-15-ml-4\/","url":"https:\/\/paracherkaoui.ma\/index.php\/produit\/uriage-xemose-soin-apaisant-contour-des-yeux-15-ml-4\/","name":"URIAGE XEMOSE SOIN APAISANT CONTOUR DES YEUX 15 ML - Paracherkaoui.ma","isPartOf":{"@id":"https:\/\/paracherkaoui.ma\/#website"},"primaryImageOfPage":{"@id":"https:\/\/paracherkaoui.ma\/index.php\/produit\/uriage-xemose-soin-apaisant-contour-des-yeux-15-ml-4\/#primaryimage"},"image":{"@id":"https:\/\/paracherkaoui.ma\/index.php\/produit\/uriage-xemose-soin-apaisant-contour-des-yeux-15-ml-4\/#primaryimage"},"thumbnailUrl":"https:\/\/paracherkaoui.ma\/wp-content\/uploads\/2025\/12\/uriage-uriage-xemose-soin-apaisant-contour-des-yeux-15-ml-yeux.jpg","datePublished":"2025-12-12T17:53:22+00:00","dateModified":"2025-12-12T17:53:26+00:00","breadcrumb":{"@id":"https:\/\/paracherkaoui.ma\/index.php\/produit\/uriage-xemose-soin-apaisant-contour-des-yeux-15-ml-4\/#breadcrumb"},"inLanguage":"fr-FR","potentialAction":[{"@type":"ReadAction","target":["https:\/\/paracherkaoui.ma\/index.php\/produit\/uriage-xemose-soin-apaisant-contour-des-yeux-15-ml-4\/"]}]},{"@type":"ImageObject","inLanguage":"fr-FR","@id":"https:\/\/paracherkaoui.ma\/index.php\/produit\/uriage-xemose-soin-apaisant-contour-des-yeux-15-ml-4\/#primaryimage","url":"https:\/\/paracherkaoui.ma\/wp-content\/uploads\/2025\/12\/uriage-uriage-xemose-soin-apaisant-contour-des-yeux-15-ml-yeux.jpg","contentUrl":"https:\/\/paracherkaoui.ma\/wp-content\/uploads\/2025\/12\/uriage-uriage-xemose-soin-apaisant-contour-des-yeux-15-ml-yeux.jpg","width":700,"height":700},{"@type":"BreadcrumbList","@id":"https:\/\/paracherkaoui.ma\/index.php\/produit\/uriage-xemose-soin-apaisant-contour-des-yeux-15-ml-4\/#breadcrumb","itemListElement":[{"@type":"ListItem","position":1,"name":"Accueil","item":"https:\/\/paracherkaoui.ma\/"},{"@type":"ListItem","position":2,"name":"Boutique","item":"https:\/\/paracherkaoui.ma\/index.php\/boutique\/"},{"@type":"ListItem","position":3,"name":"URIAGE XEMOSE SOIN APAISANT CONTOUR DES YEUX 15 ML"}]},{"@type":"WebSite","@id":"https:\/\/paracherkaoui.ma\/#website","url":"https:\/\/paracherkaoui.ma\/","name":"Paracherkaoui.ma","description":"Achetez en ligne sur Paracherkaoui.ma","potentialAction":[{"@type":"SearchAction","target":{"@type":"EntryPoint","urlTemplate":"https:\/\/paracherkaoui.ma\/?s={search_term_string}"},"query-input":{"@type":"PropertyValueSpecification","valueRequired":true,"valueName":"search_term_string"}}],"inLanguage":"fr-FR"}]}},"_links":{"self":[{"href":"https:\/\/paracherkaoui.ma\/index.php\/wp-json\/wp\/v2\/product\/35028","targetHints":{"allow":["GET"]}}],"collection":[{"href":"https:\/\/paracherkaoui.ma\/index.php\/wp-json\/wp\/v2\/product"}],"about":[{"href":"https:\/\/paracherkaoui.ma\/index.php\/wp-json\/wp\/v2\/types\/product"}],"replies":[{"embeddable":true,"href":"https:\/\/paracherkaoui.ma\/index.php\/wp-json\/wp\/v2\/comments?post=35028"}],"version-history":[{"count":1,"href":"https:\/\/paracherkaoui.ma\/index.php\/wp-json\/wp\/v2\/product\/35028\/revisions"}],"predecessor-version":[{"id":35074,"href":"https:\/\/paracherkaoui.ma\/index.php\/wp-json\/wp\/v2\/product\/35028\/revisions\/35074"}],"wp:featuredmedia":[{"embeddable":true,"href":"https:\/\/paracherkaoui.ma\/index.php\/wp-json\/wp\/v2\/media\/11262"}],"wp:attachment":[{"href":"https:\/\/paracherkaoui.ma\/index.php\/wp-json\/wp\/v2\/media?parent=35028"}],"wp:term":[{"taxonomy":"product_brand","embeddable":true,"href":"https:\/\/paracherkaoui.ma\/index.php\/wp-json\/wp\/v2\/product_brand?post=35028"},{"taxonomy":"product_cat","embeddable":true,"href":"https:\/\/paracherkaoui.ma\/index.php\/wp-json\/wp\/v2\/product_cat?post=35028"},{"taxonomy":"product_tag","embeddable":true,"href":"https:\/\/paracherkaoui.ma\/index.php\/wp-json\/wp\/v2\/product_tag?post=35028"}],"curies":[{"name":"wp","href":"https:\/\/api.w.org\/{rel}","templated":true}]}}