{"id":35023,"date":"2025-12-12T18:53:22","date_gmt":"2025-12-12T17:53:22","guid":{"rendered":"https:\/\/test.ecbeaute.com\/?post_type=product&#038;p=35023"},"modified":"2025-12-12T18:53:25","modified_gmt":"2025-12-12T17:53:25","slug":"caudalie-the-des-vignes-gel-douche-200-ml","status":"publish","type":"product","link":"https:\/\/paracherkaoui.ma\/index.php\/produit\/caudalie-the-des-vignes-gel-douche-200-ml\/","title":{"rendered":"CAUDALIE THE DES VIGNES GEL DOUCHE 200 ML"},"content":{"rendered":"<p>L&rsquo;instant si sensuel d&rsquo;avant le soir, lorsque les rayons du soleil poudrent la vigne d&rsquo;une infusion tendre et musqu\u00e9e.<br \/>\nEnrichi en alo\u00e9 vera, le Gel Douche Th\u00e9 des Vignes sans savon est formul\u00e9 sur une base lavante douce d\u2019origine v\u00e9g\u00e9tale qui respecte le pH physiologique de la peau.<br \/>\nSa fragrance sensuelle c\u00e9l\u00e8bre l\u2019alliance du musc blanc, de la fleur de n\u00e9roli et du gingembre.<br \/>\n\u00c9co-con\u00e7us, les tubes de nos gels douche ont 32% de plastique en moins, ce qui a permis de r\u00e9duire d\u2019un tiers leur empreinte carbone. Le nouveau format de la capsule est plus pratique et, bien s\u00fbr, ils sont recyclables !<br \/>\nB\u00e9n\u00e9fices<br \/>\nNettoie en douceur<br \/>\nRespecte le pH physiologique de la peau<br \/>\nParfume d\u00e9licatement<br \/>\nHaute tol\u00e9rance peaux sensibles<br \/>\nSans savon, sans parab\u00e8nes<br \/>\nFormule :<br \/>\nBase lavante douce sans savon et sans colorants artificiels. Haute tol\u00e9rance peaux sensibles.<br \/>\nCompos\u00e9e de 96% d&rsquo;ingr\u00e9dients d&rsquo;origine naturelle.<br \/>\nEt comme tous les produits Caudalie, sans parab\u00e8nes, ph\u00e9noxy\u00e9thanol, sodium laureth sulfate, phtalates, huiles min\u00e9rales, ingr\u00e9dients d&rsquo;origine animale.<\/p>\n","protected":false},"excerpt":{"rendered":"<p>L&rsquo;instant si sensuel d&rsquo;avant le soir, lorsque les rayons du soleil poudrent la vigne d&rsquo;une infusion tendre et musqu\u00e9e. Enrichi<\/p>\n","protected":false},"featured_media":35065,"comment_status":"open","ping_status":"closed","template":"","meta":[],"product_brand":[358],"product_cat":[631],"product_tag":[],"class_list":{"0":"post-35023","1":"product","2":"type-product","3":"status-publish","4":"has-post-thumbnail","6":"product_brand-caudalie","7":"product_cat-gels-et-huiles-lavants","9":"first","10":"instock","11":"shipping-taxable","12":"purchasable","13":"product-type-simple"},"yoast_head":"<!-- This site is optimized with the Yoast SEO plugin v26.6 - https:\/\/yoast.com\/wordpress\/plugins\/seo\/ -->\r\n<title>CAUDALIE THE DES VIGNES GEL DOUCHE 200 ML - Paracherkaoui.ma<\/title>\r\n<meta name=\"robots\" content=\"index, follow, max-snippet:-1, max-image-preview:large, max-video-preview:-1\" \/>\r\n<link rel=\"canonical\" href=\"https:\/\/paracherkaoui.ma\/index.php\/produit\/caudalie-the-des-vignes-gel-douche-200-ml\/\" \/>\r\n<meta property=\"og:locale\" content=\"fr_FR\" \/>\r\n<meta property=\"og:type\" content=\"article\" \/>\r\n<meta property=\"og:title\" content=\"CAUDALIE THE DES VIGNES GEL DOUCHE 200 ML - Paracherkaoui.ma\" \/>\r\n<meta property=\"og:description\" content=\"L&rsquo;instant si sensuel d&rsquo;avant le soir, lorsque les rayons du soleil poudrent la vigne d&rsquo;une infusion tendre et musqu\u00e9e. Enrichi\" \/>\r\n<meta property=\"og:url\" content=\"https:\/\/paracherkaoui.ma\/index.php\/produit\/caudalie-the-des-vignes-gel-douche-200-ml\/\" \/>\r\n<meta property=\"og:site_name\" content=\"Paracherkaoui.ma\" \/>\r\n<meta property=\"article:modified_time\" content=\"2025-12-12T17:53:25+00:00\" \/>\r\n<meta property=\"og:image\" content=\"https:\/\/paracherkaoui.ma\/wp-content\/uploads\/2025\/12\/caudalie-caudalie-the-des-vignes-gel-douche-200-ml-gels-et-huiles-lavants.jpg\" \/>\r\n\t<meta property=\"og:image:width\" content=\"700\" \/>\r\n\t<meta property=\"og:image:height\" content=\"700\" \/>\r\n\t<meta property=\"og:image:type\" content=\"image\/jpeg\" \/>\r\n<meta name=\"twitter:card\" content=\"summary_large_image\" \/>\r\n<meta name=\"twitter:label1\" content=\"Dur\u00e9e de lecture estim\u00e9e\" \/>\n\t<meta name=\"twitter:data1\" content=\"1 minute\" \/>\r\n<script type=\"application\/ld+json\" class=\"yoast-schema-graph\">{\"@context\":\"https:\/\/schema.org\",\"@graph\":[{\"@type\":\"WebPage\",\"@id\":\"https:\/\/paracherkaoui.ma\/index.php\/produit\/caudalie-the-des-vignes-gel-douche-200-ml\/\",\"url\":\"https:\/\/paracherkaoui.ma\/index.php\/produit\/caudalie-the-des-vignes-gel-douche-200-ml\/\",\"name\":\"CAUDALIE THE DES VIGNES GEL DOUCHE 200 ML - Paracherkaoui.ma\",\"isPartOf\":{\"@id\":\"https:\/\/paracherkaoui.ma\/#website\"},\"primaryImageOfPage\":{\"@id\":\"https:\/\/paracherkaoui.ma\/index.php\/produit\/caudalie-the-des-vignes-gel-douche-200-ml\/#primaryimage\"},\"image\":{\"@id\":\"https:\/\/paracherkaoui.ma\/index.php\/produit\/caudalie-the-des-vignes-gel-douche-200-ml\/#primaryimage\"},\"thumbnailUrl\":\"https:\/\/paracherkaoui.ma\/wp-content\/uploads\/2025\/12\/caudalie-caudalie-the-des-vignes-gel-douche-200-ml-gels-et-huiles-lavants.jpg\",\"datePublished\":\"2025-12-12T17:53:22+00:00\",\"dateModified\":\"2025-12-12T17:53:25+00:00\",\"breadcrumb\":{\"@id\":\"https:\/\/paracherkaoui.ma\/index.php\/produit\/caudalie-the-des-vignes-gel-douche-200-ml\/#breadcrumb\"},\"inLanguage\":\"fr-FR\",\"potentialAction\":[{\"@type\":\"ReadAction\",\"target\":[\"https:\/\/paracherkaoui.ma\/index.php\/produit\/caudalie-the-des-vignes-gel-douche-200-ml\/\"]}]},{\"@type\":\"ImageObject\",\"inLanguage\":\"fr-FR\",\"@id\":\"https:\/\/paracherkaoui.ma\/index.php\/produit\/caudalie-the-des-vignes-gel-douche-200-ml\/#primaryimage\",\"url\":\"https:\/\/paracherkaoui.ma\/wp-content\/uploads\/2025\/12\/caudalie-caudalie-the-des-vignes-gel-douche-200-ml-gels-et-huiles-lavants.jpg\",\"contentUrl\":\"https:\/\/paracherkaoui.ma\/wp-content\/uploads\/2025\/12\/caudalie-caudalie-the-des-vignes-gel-douche-200-ml-gels-et-huiles-lavants.jpg\",\"width\":700,\"height\":700},{\"@type\":\"BreadcrumbList\",\"@id\":\"https:\/\/paracherkaoui.ma\/index.php\/produit\/caudalie-the-des-vignes-gel-douche-200-ml\/#breadcrumb\",\"itemListElement\":[{\"@type\":\"ListItem\",\"position\":1,\"name\":\"Accueil\",\"item\":\"https:\/\/paracherkaoui.ma\/\"},{\"@type\":\"ListItem\",\"position\":2,\"name\":\"Boutique\",\"item\":\"https:\/\/paracherkaoui.ma\/index.php\/boutique\/\"},{\"@type\":\"ListItem\",\"position\":3,\"name\":\"CAUDALIE THE DES VIGNES GEL DOUCHE 200 ML\"}]},{\"@type\":\"WebSite\",\"@id\":\"https:\/\/paracherkaoui.ma\/#website\",\"url\":\"https:\/\/paracherkaoui.ma\/\",\"name\":\"Paracherkaoui.ma\",\"description\":\"Achetez en ligne sur Paracherkaoui.ma\",\"potentialAction\":[{\"@type\":\"SearchAction\",\"target\":{\"@type\":\"EntryPoint\",\"urlTemplate\":\"https:\/\/paracherkaoui.ma\/?s={search_term_string}\"},\"query-input\":{\"@type\":\"PropertyValueSpecification\",\"valueRequired\":true,\"valueName\":\"search_term_string\"}}],\"inLanguage\":\"fr-FR\"}]}<\/script>\r\n<!-- \/ Yoast SEO plugin. -->","yoast_head_json":{"title":"CAUDALIE THE DES VIGNES GEL DOUCHE 200 ML - Paracherkaoui.ma","robots":{"index":"index","follow":"follow","max-snippet":"max-snippet:-1","max-image-preview":"max-image-preview:large","max-video-preview":"max-video-preview:-1"},"canonical":"https:\/\/paracherkaoui.ma\/index.php\/produit\/caudalie-the-des-vignes-gel-douche-200-ml\/","og_locale":"fr_FR","og_type":"article","og_title":"CAUDALIE THE DES VIGNES GEL DOUCHE 200 ML - Paracherkaoui.ma","og_description":"L&rsquo;instant si sensuel d&rsquo;avant le soir, lorsque les rayons du soleil poudrent la vigne d&rsquo;une infusion tendre et musqu\u00e9e. Enrichi","og_url":"https:\/\/paracherkaoui.ma\/index.php\/produit\/caudalie-the-des-vignes-gel-douche-200-ml\/","og_site_name":"Paracherkaoui.ma","article_modified_time":"2025-12-12T17:53:25+00:00","og_image":[{"width":700,"height":700,"url":"https:\/\/paracherkaoui.ma\/wp-content\/uploads\/2025\/12\/caudalie-caudalie-the-des-vignes-gel-douche-200-ml-gels-et-huiles-lavants.jpg","type":"image\/jpeg"}],"twitter_card":"summary_large_image","twitter_misc":{"Dur\u00e9e de lecture estim\u00e9e":"1 minute"},"schema":{"@context":"https:\/\/schema.org","@graph":[{"@type":"WebPage","@id":"https:\/\/paracherkaoui.ma\/index.php\/produit\/caudalie-the-des-vignes-gel-douche-200-ml\/","url":"https:\/\/paracherkaoui.ma\/index.php\/produit\/caudalie-the-des-vignes-gel-douche-200-ml\/","name":"CAUDALIE THE DES VIGNES GEL DOUCHE 200 ML - Paracherkaoui.ma","isPartOf":{"@id":"https:\/\/paracherkaoui.ma\/#website"},"primaryImageOfPage":{"@id":"https:\/\/paracherkaoui.ma\/index.php\/produit\/caudalie-the-des-vignes-gel-douche-200-ml\/#primaryimage"},"image":{"@id":"https:\/\/paracherkaoui.ma\/index.php\/produit\/caudalie-the-des-vignes-gel-douche-200-ml\/#primaryimage"},"thumbnailUrl":"https:\/\/paracherkaoui.ma\/wp-content\/uploads\/2025\/12\/caudalie-caudalie-the-des-vignes-gel-douche-200-ml-gels-et-huiles-lavants.jpg","datePublished":"2025-12-12T17:53:22+00:00","dateModified":"2025-12-12T17:53:25+00:00","breadcrumb":{"@id":"https:\/\/paracherkaoui.ma\/index.php\/produit\/caudalie-the-des-vignes-gel-douche-200-ml\/#breadcrumb"},"inLanguage":"fr-FR","potentialAction":[{"@type":"ReadAction","target":["https:\/\/paracherkaoui.ma\/index.php\/produit\/caudalie-the-des-vignes-gel-douche-200-ml\/"]}]},{"@type":"ImageObject","inLanguage":"fr-FR","@id":"https:\/\/paracherkaoui.ma\/index.php\/produit\/caudalie-the-des-vignes-gel-douche-200-ml\/#primaryimage","url":"https:\/\/paracherkaoui.ma\/wp-content\/uploads\/2025\/12\/caudalie-caudalie-the-des-vignes-gel-douche-200-ml-gels-et-huiles-lavants.jpg","contentUrl":"https:\/\/paracherkaoui.ma\/wp-content\/uploads\/2025\/12\/caudalie-caudalie-the-des-vignes-gel-douche-200-ml-gels-et-huiles-lavants.jpg","width":700,"height":700},{"@type":"BreadcrumbList","@id":"https:\/\/paracherkaoui.ma\/index.php\/produit\/caudalie-the-des-vignes-gel-douche-200-ml\/#breadcrumb","itemListElement":[{"@type":"ListItem","position":1,"name":"Accueil","item":"https:\/\/paracherkaoui.ma\/"},{"@type":"ListItem","position":2,"name":"Boutique","item":"https:\/\/paracherkaoui.ma\/index.php\/boutique\/"},{"@type":"ListItem","position":3,"name":"CAUDALIE THE DES VIGNES GEL DOUCHE 200 ML"}]},{"@type":"WebSite","@id":"https:\/\/paracherkaoui.ma\/#website","url":"https:\/\/paracherkaoui.ma\/","name":"Paracherkaoui.ma","description":"Achetez en ligne sur Paracherkaoui.ma","potentialAction":[{"@type":"SearchAction","target":{"@type":"EntryPoint","urlTemplate":"https:\/\/paracherkaoui.ma\/?s={search_term_string}"},"query-input":{"@type":"PropertyValueSpecification","valueRequired":true,"valueName":"search_term_string"}}],"inLanguage":"fr-FR"}]}},"_links":{"self":[{"href":"https:\/\/paracherkaoui.ma\/index.php\/wp-json\/wp\/v2\/product\/35023","targetHints":{"allow":["GET"]}}],"collection":[{"href":"https:\/\/paracherkaoui.ma\/index.php\/wp-json\/wp\/v2\/product"}],"about":[{"href":"https:\/\/paracherkaoui.ma\/index.php\/wp-json\/wp\/v2\/types\/product"}],"replies":[{"embeddable":true,"href":"https:\/\/paracherkaoui.ma\/index.php\/wp-json\/wp\/v2\/comments?post=35023"}],"version-history":[{"count":1,"href":"https:\/\/paracherkaoui.ma\/index.php\/wp-json\/wp\/v2\/product\/35023\/revisions"}],"predecessor-version":[{"id":35066,"href":"https:\/\/paracherkaoui.ma\/index.php\/wp-json\/wp\/v2\/product\/35023\/revisions\/35066"}],"wp:featuredmedia":[{"embeddable":true,"href":"https:\/\/paracherkaoui.ma\/index.php\/wp-json\/wp\/v2\/media\/35065"}],"wp:attachment":[{"href":"https:\/\/paracherkaoui.ma\/index.php\/wp-json\/wp\/v2\/media?parent=35023"}],"wp:term":[{"taxonomy":"product_brand","embeddable":true,"href":"https:\/\/paracherkaoui.ma\/index.php\/wp-json\/wp\/v2\/product_brand?post=35023"},{"taxonomy":"product_cat","embeddable":true,"href":"https:\/\/paracherkaoui.ma\/index.php\/wp-json\/wp\/v2\/product_cat?post=35023"},{"taxonomy":"product_tag","embeddable":true,"href":"https:\/\/paracherkaoui.ma\/index.php\/wp-json\/wp\/v2\/product_tag?post=35023"}],"curies":[{"name":"wp","href":"https:\/\/api.w.org\/{rel}","templated":true}]}}