{"id":35011,"date":"2025-12-12T18:53:21","date_gmt":"2025-12-12T17:53:21","guid":{"rendered":"https:\/\/test.ecbeaute.com\/?post_type=product&#038;p=35011"},"modified":"2025-12-12T18:53:23","modified_gmt":"2025-12-12T17:53:23","slug":"nuxe-prodigieux-neroli-douche-relaxante-parfumee-200-ml","status":"publish","type":"product","link":"https:\/\/paracherkaoui.ma\/index.php\/produit\/nuxe-prodigieux-neroli-douche-relaxante-parfumee-200-ml\/","title":{"rendered":"NUXE PRODIGIEUX NEROLI DOUCHE RELAXANTE PARFUMEE 200 ML"},"content":{"rendered":"<p>Nuxe Prodigieux N\u00e9roli Gel\u00e9e de Douche Relaxante 200 ml est un soin lavant au parfum de l&rsquo;Huile Prodigieuse N\u00e9roli. Ce gel offre un moment de relaxation et de s\u00e9r\u00e9nit\u00e9 au quotidien. Il nettoie la peau en douceur et la laisse douce et souple. Sa texture gel\u00e9e onctueuse aux notes apaisantes de N\u00e9roli parfume d\u00e9licatement et subtilement la peau. Fabriqu\u00e9 en France.<br \/>\nConseils d&rsquo;utilisation:<br \/>\nMatin et\/ou soir, massez une noix de gel douche sur la peau de votre corps humide.Profitez de sa texture fondante et de sa mousse d\u00e9licieuse, puis rincez.En cas de contact avec les yeux, rincez.<\/p>\n","protected":false},"excerpt":{"rendered":"<p>Nuxe Prodigieux N\u00e9roli Gel\u00e9e de Douche Relaxante 200 ml est un soin lavant au parfum de l&rsquo;Huile Prodigieuse N\u00e9roli. Ce<\/p>\n","protected":false},"featured_media":35043,"comment_status":"open","ping_status":"closed","template":"","meta":[],"product_brand":[230],"product_cat":[631],"product_tag":[],"class_list":{"0":"post-35011","1":"product","2":"type-product","3":"status-publish","4":"has-post-thumbnail","6":"product_brand-nuxe","7":"product_cat-gels-et-huiles-lavants","9":"first","10":"instock","11":"sale","12":"shipping-taxable","13":"purchasable","14":"product-type-simple"},"yoast_head":"<!-- This site is optimized with the Yoast SEO plugin v26.6 - https:\/\/yoast.com\/wordpress\/plugins\/seo\/ -->\r\n<title>NUXE PRODIGIEUX NEROLI DOUCHE RELAXANTE PARFUMEE 200 ML - Paracherkaoui.ma<\/title>\r\n<meta name=\"robots\" content=\"index, follow, max-snippet:-1, max-image-preview:large, max-video-preview:-1\" \/>\r\n<link rel=\"canonical\" href=\"https:\/\/paracherkaoui.ma\/index.php\/produit\/nuxe-prodigieux-neroli-douche-relaxante-parfumee-200-ml\/\" \/>\r\n<meta property=\"og:locale\" content=\"fr_FR\" \/>\r\n<meta property=\"og:type\" content=\"article\" \/>\r\n<meta property=\"og:title\" content=\"NUXE PRODIGIEUX NEROLI DOUCHE RELAXANTE PARFUMEE 200 ML - Paracherkaoui.ma\" \/>\r\n<meta property=\"og:description\" content=\"Nuxe Prodigieux N\u00e9roli Gel\u00e9e de Douche Relaxante 200 ml est un soin lavant au parfum de l&rsquo;Huile Prodigieuse N\u00e9roli. Ce\" \/>\r\n<meta property=\"og:url\" content=\"https:\/\/paracherkaoui.ma\/index.php\/produit\/nuxe-prodigieux-neroli-douche-relaxante-parfumee-200-ml\/\" \/>\r\n<meta property=\"og:site_name\" content=\"Paracherkaoui.ma\" \/>\r\n<meta property=\"article:modified_time\" content=\"2025-12-12T17:53:23+00:00\" \/>\r\n<meta property=\"og:image\" content=\"https:\/\/paracherkaoui.ma\/wp-content\/uploads\/2025\/12\/nuxe-nuxe-prodigieux-neroli-douche-relaxante-parfumee-200-ml-gels-et-huiles-lavants.jpg\" \/>\r\n\t<meta property=\"og:image:width\" content=\"700\" \/>\r\n\t<meta property=\"og:image:height\" content=\"700\" \/>\r\n\t<meta property=\"og:image:type\" content=\"image\/jpeg\" \/>\r\n<meta name=\"twitter:card\" content=\"summary_large_image\" \/>\r\n<meta name=\"twitter:label1\" content=\"Dur\u00e9e de lecture estim\u00e9e\" \/>\n\t<meta name=\"twitter:data1\" content=\"1 minute\" \/>\r\n<script type=\"application\/ld+json\" class=\"yoast-schema-graph\">{\"@context\":\"https:\/\/schema.org\",\"@graph\":[{\"@type\":\"WebPage\",\"@id\":\"https:\/\/paracherkaoui.ma\/index.php\/produit\/nuxe-prodigieux-neroli-douche-relaxante-parfumee-200-ml\/\",\"url\":\"https:\/\/paracherkaoui.ma\/index.php\/produit\/nuxe-prodigieux-neroli-douche-relaxante-parfumee-200-ml\/\",\"name\":\"NUXE PRODIGIEUX NEROLI DOUCHE RELAXANTE PARFUMEE 200 ML - Paracherkaoui.ma\",\"isPartOf\":{\"@id\":\"https:\/\/paracherkaoui.ma\/#website\"},\"primaryImageOfPage\":{\"@id\":\"https:\/\/paracherkaoui.ma\/index.php\/produit\/nuxe-prodigieux-neroli-douche-relaxante-parfumee-200-ml\/#primaryimage\"},\"image\":{\"@id\":\"https:\/\/paracherkaoui.ma\/index.php\/produit\/nuxe-prodigieux-neroli-douche-relaxante-parfumee-200-ml\/#primaryimage\"},\"thumbnailUrl\":\"https:\/\/paracherkaoui.ma\/wp-content\/uploads\/2025\/12\/nuxe-nuxe-prodigieux-neroli-douche-relaxante-parfumee-200-ml-gels-et-huiles-lavants.jpg\",\"datePublished\":\"2025-12-12T17:53:21+00:00\",\"dateModified\":\"2025-12-12T17:53:23+00:00\",\"breadcrumb\":{\"@id\":\"https:\/\/paracherkaoui.ma\/index.php\/produit\/nuxe-prodigieux-neroli-douche-relaxante-parfumee-200-ml\/#breadcrumb\"},\"inLanguage\":\"fr-FR\",\"potentialAction\":[{\"@type\":\"ReadAction\",\"target\":[\"https:\/\/paracherkaoui.ma\/index.php\/produit\/nuxe-prodigieux-neroli-douche-relaxante-parfumee-200-ml\/\"]}]},{\"@type\":\"ImageObject\",\"inLanguage\":\"fr-FR\",\"@id\":\"https:\/\/paracherkaoui.ma\/index.php\/produit\/nuxe-prodigieux-neroli-douche-relaxante-parfumee-200-ml\/#primaryimage\",\"url\":\"https:\/\/paracherkaoui.ma\/wp-content\/uploads\/2025\/12\/nuxe-nuxe-prodigieux-neroli-douche-relaxante-parfumee-200-ml-gels-et-huiles-lavants.jpg\",\"contentUrl\":\"https:\/\/paracherkaoui.ma\/wp-content\/uploads\/2025\/12\/nuxe-nuxe-prodigieux-neroli-douche-relaxante-parfumee-200-ml-gels-et-huiles-lavants.jpg\",\"width\":700,\"height\":700},{\"@type\":\"BreadcrumbList\",\"@id\":\"https:\/\/paracherkaoui.ma\/index.php\/produit\/nuxe-prodigieux-neroli-douche-relaxante-parfumee-200-ml\/#breadcrumb\",\"itemListElement\":[{\"@type\":\"ListItem\",\"position\":1,\"name\":\"Accueil\",\"item\":\"https:\/\/paracherkaoui.ma\/\"},{\"@type\":\"ListItem\",\"position\":2,\"name\":\"Boutique\",\"item\":\"https:\/\/paracherkaoui.ma\/index.php\/boutique\/\"},{\"@type\":\"ListItem\",\"position\":3,\"name\":\"NUXE PRODIGIEUX NEROLI DOUCHE RELAXANTE PARFUMEE 200 ML\"}]},{\"@type\":\"WebSite\",\"@id\":\"https:\/\/paracherkaoui.ma\/#website\",\"url\":\"https:\/\/paracherkaoui.ma\/\",\"name\":\"Paracherkaoui.ma\",\"description\":\"Achetez en ligne sur Paracherkaoui.ma\",\"potentialAction\":[{\"@type\":\"SearchAction\",\"target\":{\"@type\":\"EntryPoint\",\"urlTemplate\":\"https:\/\/paracherkaoui.ma\/?s={search_term_string}\"},\"query-input\":{\"@type\":\"PropertyValueSpecification\",\"valueRequired\":true,\"valueName\":\"search_term_string\"}}],\"inLanguage\":\"fr-FR\"}]}<\/script>\r\n<!-- \/ Yoast SEO plugin. -->","yoast_head_json":{"title":"NUXE PRODIGIEUX NEROLI DOUCHE RELAXANTE PARFUMEE 200 ML - Paracherkaoui.ma","robots":{"index":"index","follow":"follow","max-snippet":"max-snippet:-1","max-image-preview":"max-image-preview:large","max-video-preview":"max-video-preview:-1"},"canonical":"https:\/\/paracherkaoui.ma\/index.php\/produit\/nuxe-prodigieux-neroli-douche-relaxante-parfumee-200-ml\/","og_locale":"fr_FR","og_type":"article","og_title":"NUXE PRODIGIEUX NEROLI DOUCHE RELAXANTE PARFUMEE 200 ML - Paracherkaoui.ma","og_description":"Nuxe Prodigieux N\u00e9roli Gel\u00e9e de Douche Relaxante 200 ml est un soin lavant au parfum de l&rsquo;Huile Prodigieuse N\u00e9roli. Ce","og_url":"https:\/\/paracherkaoui.ma\/index.php\/produit\/nuxe-prodigieux-neroli-douche-relaxante-parfumee-200-ml\/","og_site_name":"Paracherkaoui.ma","article_modified_time":"2025-12-12T17:53:23+00:00","og_image":[{"width":700,"height":700,"url":"https:\/\/paracherkaoui.ma\/wp-content\/uploads\/2025\/12\/nuxe-nuxe-prodigieux-neroli-douche-relaxante-parfumee-200-ml-gels-et-huiles-lavants.jpg","type":"image\/jpeg"}],"twitter_card":"summary_large_image","twitter_misc":{"Dur\u00e9e de lecture estim\u00e9e":"1 minute"},"schema":{"@context":"https:\/\/schema.org","@graph":[{"@type":"WebPage","@id":"https:\/\/paracherkaoui.ma\/index.php\/produit\/nuxe-prodigieux-neroli-douche-relaxante-parfumee-200-ml\/","url":"https:\/\/paracherkaoui.ma\/index.php\/produit\/nuxe-prodigieux-neroli-douche-relaxante-parfumee-200-ml\/","name":"NUXE PRODIGIEUX NEROLI DOUCHE RELAXANTE PARFUMEE 200 ML - Paracherkaoui.ma","isPartOf":{"@id":"https:\/\/paracherkaoui.ma\/#website"},"primaryImageOfPage":{"@id":"https:\/\/paracherkaoui.ma\/index.php\/produit\/nuxe-prodigieux-neroli-douche-relaxante-parfumee-200-ml\/#primaryimage"},"image":{"@id":"https:\/\/paracherkaoui.ma\/index.php\/produit\/nuxe-prodigieux-neroli-douche-relaxante-parfumee-200-ml\/#primaryimage"},"thumbnailUrl":"https:\/\/paracherkaoui.ma\/wp-content\/uploads\/2025\/12\/nuxe-nuxe-prodigieux-neroli-douche-relaxante-parfumee-200-ml-gels-et-huiles-lavants.jpg","datePublished":"2025-12-12T17:53:21+00:00","dateModified":"2025-12-12T17:53:23+00:00","breadcrumb":{"@id":"https:\/\/paracherkaoui.ma\/index.php\/produit\/nuxe-prodigieux-neroli-douche-relaxante-parfumee-200-ml\/#breadcrumb"},"inLanguage":"fr-FR","potentialAction":[{"@type":"ReadAction","target":["https:\/\/paracherkaoui.ma\/index.php\/produit\/nuxe-prodigieux-neroli-douche-relaxante-parfumee-200-ml\/"]}]},{"@type":"ImageObject","inLanguage":"fr-FR","@id":"https:\/\/paracherkaoui.ma\/index.php\/produit\/nuxe-prodigieux-neroli-douche-relaxante-parfumee-200-ml\/#primaryimage","url":"https:\/\/paracherkaoui.ma\/wp-content\/uploads\/2025\/12\/nuxe-nuxe-prodigieux-neroli-douche-relaxante-parfumee-200-ml-gels-et-huiles-lavants.jpg","contentUrl":"https:\/\/paracherkaoui.ma\/wp-content\/uploads\/2025\/12\/nuxe-nuxe-prodigieux-neroli-douche-relaxante-parfumee-200-ml-gels-et-huiles-lavants.jpg","width":700,"height":700},{"@type":"BreadcrumbList","@id":"https:\/\/paracherkaoui.ma\/index.php\/produit\/nuxe-prodigieux-neroli-douche-relaxante-parfumee-200-ml\/#breadcrumb","itemListElement":[{"@type":"ListItem","position":1,"name":"Accueil","item":"https:\/\/paracherkaoui.ma\/"},{"@type":"ListItem","position":2,"name":"Boutique","item":"https:\/\/paracherkaoui.ma\/index.php\/boutique\/"},{"@type":"ListItem","position":3,"name":"NUXE PRODIGIEUX NEROLI DOUCHE RELAXANTE PARFUMEE 200 ML"}]},{"@type":"WebSite","@id":"https:\/\/paracherkaoui.ma\/#website","url":"https:\/\/paracherkaoui.ma\/","name":"Paracherkaoui.ma","description":"Achetez en ligne sur Paracherkaoui.ma","potentialAction":[{"@type":"SearchAction","target":{"@type":"EntryPoint","urlTemplate":"https:\/\/paracherkaoui.ma\/?s={search_term_string}"},"query-input":{"@type":"PropertyValueSpecification","valueRequired":true,"valueName":"search_term_string"}}],"inLanguage":"fr-FR"}]}},"_links":{"self":[{"href":"https:\/\/paracherkaoui.ma\/index.php\/wp-json\/wp\/v2\/product\/35011","targetHints":{"allow":["GET"]}}],"collection":[{"href":"https:\/\/paracherkaoui.ma\/index.php\/wp-json\/wp\/v2\/product"}],"about":[{"href":"https:\/\/paracherkaoui.ma\/index.php\/wp-json\/wp\/v2\/types\/product"}],"replies":[{"embeddable":true,"href":"https:\/\/paracherkaoui.ma\/index.php\/wp-json\/wp\/v2\/comments?post=35011"}],"version-history":[{"count":1,"href":"https:\/\/paracherkaoui.ma\/index.php\/wp-json\/wp\/v2\/product\/35011\/revisions"}],"predecessor-version":[{"id":35044,"href":"https:\/\/paracherkaoui.ma\/index.php\/wp-json\/wp\/v2\/product\/35011\/revisions\/35044"}],"wp:featuredmedia":[{"embeddable":true,"href":"https:\/\/paracherkaoui.ma\/index.php\/wp-json\/wp\/v2\/media\/35043"}],"wp:attachment":[{"href":"https:\/\/paracherkaoui.ma\/index.php\/wp-json\/wp\/v2\/media?parent=35011"}],"wp:term":[{"taxonomy":"product_brand","embeddable":true,"href":"https:\/\/paracherkaoui.ma\/index.php\/wp-json\/wp\/v2\/product_brand?post=35011"},{"taxonomy":"product_cat","embeddable":true,"href":"https:\/\/paracherkaoui.ma\/index.php\/wp-json\/wp\/v2\/product_cat?post=35011"},{"taxonomy":"product_tag","embeddable":true,"href":"https:\/\/paracherkaoui.ma\/index.php\/wp-json\/wp\/v2\/product_tag?post=35011"}],"curies":[{"name":"wp","href":"https:\/\/api.w.org\/{rel}","templated":true}]}}