{"id":34880,"date":"2025-12-12T18:53:05","date_gmt":"2025-12-12T17:53:05","guid":{"rendered":"https:\/\/test.ecbeaute.com\/?post_type=product&#038;p=34880"},"modified":"2025-12-12T18:53:09","modified_gmt":"2025-12-12T17:53:09","slug":"roge-cavailles-gel-bain-et-douche-fraicheur-de-lotus-peaux-sensibles-200-ml","status":"publish","type":"product","link":"https:\/\/paracherkaoui.ma\/index.php\/produit\/roge-cavailles-gel-bain-et-douche-fraicheur-de-lotus-peaux-sensibles-200-ml\/","title":{"rendered":"ROGE CAVAILLES GEL BAIN ET DOUCHE FRAICHEUR DE LOTUS PEAUX SENSIBLES 200 ML"},"content":{"rendered":"<p>Le gel douche surgras extra-doux Rog\u00e9 Cavaill\u00e8s fleur de lotus\u00a0contient une formule sp\u00e9cialement con\u00e7ue pour donner souplesse et douceur aux peaux sensibles et s\u00e8ches. Ce gel douche contient de la fleur de lotus, un ingr\u00e9dient qui permet de laver la peau tout en douceur.<br \/>\nIl contient aussi des agents surgras qui permettent de respecter l\u2019int\u00e9grit\u00e9 cutan\u00e9e. Test\u00e9e cliniquement sur peau sensible, sa formule est hypoallerg\u00e9nique, sans paraben et sans savon.<br \/>\nLe gel douche fleur de lotus Rog\u00e9 Cavaill\u00e8s\u00a0contient 100% d\u2019extrait d\u2019origine naturelle.<br \/>\nConseils d\u2019utilisation:<br \/>\nAppliquer sur tout le corps puis rincer.<\/p>\n","protected":false},"excerpt":{"rendered":"<p>Le gel douche surgras extra-doux Rog\u00e9 Cavaill\u00e8s fleur de lotus\u00a0contient une formule sp\u00e9cialement con\u00e7ue pour donner souplesse et douceur aux<\/p>\n","protected":false},"featured_media":34920,"comment_status":"open","ping_status":"closed","template":"","meta":[],"product_brand":[411],"product_cat":[631],"product_tag":[],"class_list":{"0":"post-34880","1":"product","2":"type-product","3":"status-publish","4":"has-post-thumbnail","6":"product_brand-roge-cavailles","7":"product_cat-gels-et-huiles-lavants","9":"first","10":"instock","11":"sale","12":"shipping-taxable","13":"purchasable","14":"product-type-simple"},"yoast_head":"<!-- This site is optimized with the Yoast SEO plugin v26.6 - https:\/\/yoast.com\/wordpress\/plugins\/seo\/ -->\r\n<title>ROGE CAVAILLES GEL BAIN ET DOUCHE FRAICHEUR DE LOTUS PEAUX SENSIBLES 200 ML - Paracherkaoui.ma<\/title>\r\n<meta name=\"robots\" content=\"index, follow, max-snippet:-1, max-image-preview:large, max-video-preview:-1\" \/>\r\n<link rel=\"canonical\" href=\"https:\/\/paracherkaoui.ma\/index.php\/produit\/roge-cavailles-gel-bain-et-douche-fraicheur-de-lotus-peaux-sensibles-200-ml\/\" \/>\r\n<meta property=\"og:locale\" content=\"fr_FR\" \/>\r\n<meta property=\"og:type\" content=\"article\" \/>\r\n<meta property=\"og:title\" content=\"ROGE CAVAILLES GEL BAIN ET DOUCHE FRAICHEUR DE LOTUS PEAUX SENSIBLES 200 ML - Paracherkaoui.ma\" \/>\r\n<meta property=\"og:description\" content=\"Le gel douche surgras extra-doux Rog\u00e9 Cavaill\u00e8s fleur de lotus\u00a0contient une formule sp\u00e9cialement con\u00e7ue pour donner souplesse et douceur aux\" \/>\r\n<meta property=\"og:url\" content=\"https:\/\/paracherkaoui.ma\/index.php\/produit\/roge-cavailles-gel-bain-et-douche-fraicheur-de-lotus-peaux-sensibles-200-ml\/\" \/>\r\n<meta property=\"og:site_name\" content=\"Paracherkaoui.ma\" \/>\r\n<meta property=\"article:modified_time\" content=\"2025-12-12T17:53:09+00:00\" \/>\r\n<meta property=\"og:image\" content=\"https:\/\/paracherkaoui.ma\/wp-content\/uploads\/2025\/12\/roge-cavailles-gel-bain-et-douche-fraicheur-de-lotus-peaux-sensibles-200-ml.jpg\" \/>\r\n\t<meta property=\"og:image:width\" content=\"700\" \/>\r\n\t<meta property=\"og:image:height\" content=\"700\" \/>\r\n\t<meta property=\"og:image:type\" content=\"image\/jpeg\" \/>\r\n<meta name=\"twitter:card\" content=\"summary_large_image\" \/>\r\n<meta name=\"twitter:label1\" content=\"Dur\u00e9e de lecture estim\u00e9e\" \/>\n\t<meta name=\"twitter:data1\" content=\"1 minute\" \/>\r\n<script type=\"application\/ld+json\" class=\"yoast-schema-graph\">{\"@context\":\"https:\/\/schema.org\",\"@graph\":[{\"@type\":\"WebPage\",\"@id\":\"https:\/\/paracherkaoui.ma\/index.php\/produit\/roge-cavailles-gel-bain-et-douche-fraicheur-de-lotus-peaux-sensibles-200-ml\/\",\"url\":\"https:\/\/paracherkaoui.ma\/index.php\/produit\/roge-cavailles-gel-bain-et-douche-fraicheur-de-lotus-peaux-sensibles-200-ml\/\",\"name\":\"ROGE CAVAILLES GEL BAIN ET DOUCHE FRAICHEUR DE LOTUS PEAUX SENSIBLES 200 ML - Paracherkaoui.ma\",\"isPartOf\":{\"@id\":\"https:\/\/paracherkaoui.ma\/#website\"},\"primaryImageOfPage\":{\"@id\":\"https:\/\/paracherkaoui.ma\/index.php\/produit\/roge-cavailles-gel-bain-et-douche-fraicheur-de-lotus-peaux-sensibles-200-ml\/#primaryimage\"},\"image\":{\"@id\":\"https:\/\/paracherkaoui.ma\/index.php\/produit\/roge-cavailles-gel-bain-et-douche-fraicheur-de-lotus-peaux-sensibles-200-ml\/#primaryimage\"},\"thumbnailUrl\":\"https:\/\/paracherkaoui.ma\/wp-content\/uploads\/2025\/12\/roge-cavailles-gel-bain-et-douche-fraicheur-de-lotus-peaux-sensibles-200-ml.jpg\",\"datePublished\":\"2025-12-12T17:53:05+00:00\",\"dateModified\":\"2025-12-12T17:53:09+00:00\",\"breadcrumb\":{\"@id\":\"https:\/\/paracherkaoui.ma\/index.php\/produit\/roge-cavailles-gel-bain-et-douche-fraicheur-de-lotus-peaux-sensibles-200-ml\/#breadcrumb\"},\"inLanguage\":\"fr-FR\",\"potentialAction\":[{\"@type\":\"ReadAction\",\"target\":[\"https:\/\/paracherkaoui.ma\/index.php\/produit\/roge-cavailles-gel-bain-et-douche-fraicheur-de-lotus-peaux-sensibles-200-ml\/\"]}]},{\"@type\":\"ImageObject\",\"inLanguage\":\"fr-FR\",\"@id\":\"https:\/\/paracherkaoui.ma\/index.php\/produit\/roge-cavailles-gel-bain-et-douche-fraicheur-de-lotus-peaux-sensibles-200-ml\/#primaryimage\",\"url\":\"https:\/\/paracherkaoui.ma\/wp-content\/uploads\/2025\/12\/roge-cavailles-gel-bain-et-douche-fraicheur-de-lotus-peaux-sensibles-200-ml.jpg\",\"contentUrl\":\"https:\/\/paracherkaoui.ma\/wp-content\/uploads\/2025\/12\/roge-cavailles-gel-bain-et-douche-fraicheur-de-lotus-peaux-sensibles-200-ml.jpg\",\"width\":700,\"height\":700},{\"@type\":\"BreadcrumbList\",\"@id\":\"https:\/\/paracherkaoui.ma\/index.php\/produit\/roge-cavailles-gel-bain-et-douche-fraicheur-de-lotus-peaux-sensibles-200-ml\/#breadcrumb\",\"itemListElement\":[{\"@type\":\"ListItem\",\"position\":1,\"name\":\"Accueil\",\"item\":\"https:\/\/paracherkaoui.ma\/\"},{\"@type\":\"ListItem\",\"position\":2,\"name\":\"Boutique\",\"item\":\"https:\/\/paracherkaoui.ma\/index.php\/boutique\/\"},{\"@type\":\"ListItem\",\"position\":3,\"name\":\"ROGE CAVAILLES GEL BAIN ET DOUCHE FRAICHEUR DE LOTUS PEAUX SENSIBLES 200 ML\"}]},{\"@type\":\"WebSite\",\"@id\":\"https:\/\/paracherkaoui.ma\/#website\",\"url\":\"https:\/\/paracherkaoui.ma\/\",\"name\":\"Paracherkaoui.ma\",\"description\":\"Achetez en ligne sur Paracherkaoui.ma\",\"potentialAction\":[{\"@type\":\"SearchAction\",\"target\":{\"@type\":\"EntryPoint\",\"urlTemplate\":\"https:\/\/paracherkaoui.ma\/?s={search_term_string}\"},\"query-input\":{\"@type\":\"PropertyValueSpecification\",\"valueRequired\":true,\"valueName\":\"search_term_string\"}}],\"inLanguage\":\"fr-FR\"}]}<\/script>\r\n<!-- \/ Yoast SEO plugin. -->","yoast_head_json":{"title":"ROGE CAVAILLES GEL BAIN ET DOUCHE FRAICHEUR DE LOTUS PEAUX SENSIBLES 200 ML - Paracherkaoui.ma","robots":{"index":"index","follow":"follow","max-snippet":"max-snippet:-1","max-image-preview":"max-image-preview:large","max-video-preview":"max-video-preview:-1"},"canonical":"https:\/\/paracherkaoui.ma\/index.php\/produit\/roge-cavailles-gel-bain-et-douche-fraicheur-de-lotus-peaux-sensibles-200-ml\/","og_locale":"fr_FR","og_type":"article","og_title":"ROGE CAVAILLES GEL BAIN ET DOUCHE FRAICHEUR DE LOTUS PEAUX SENSIBLES 200 ML - Paracherkaoui.ma","og_description":"Le gel douche surgras extra-doux Rog\u00e9 Cavaill\u00e8s fleur de lotus\u00a0contient une formule sp\u00e9cialement con\u00e7ue pour donner souplesse et douceur aux","og_url":"https:\/\/paracherkaoui.ma\/index.php\/produit\/roge-cavailles-gel-bain-et-douche-fraicheur-de-lotus-peaux-sensibles-200-ml\/","og_site_name":"Paracherkaoui.ma","article_modified_time":"2025-12-12T17:53:09+00:00","og_image":[{"width":700,"height":700,"url":"https:\/\/paracherkaoui.ma\/wp-content\/uploads\/2025\/12\/roge-cavailles-gel-bain-et-douche-fraicheur-de-lotus-peaux-sensibles-200-ml.jpg","type":"image\/jpeg"}],"twitter_card":"summary_large_image","twitter_misc":{"Dur\u00e9e de lecture estim\u00e9e":"1 minute"},"schema":{"@context":"https:\/\/schema.org","@graph":[{"@type":"WebPage","@id":"https:\/\/paracherkaoui.ma\/index.php\/produit\/roge-cavailles-gel-bain-et-douche-fraicheur-de-lotus-peaux-sensibles-200-ml\/","url":"https:\/\/paracherkaoui.ma\/index.php\/produit\/roge-cavailles-gel-bain-et-douche-fraicheur-de-lotus-peaux-sensibles-200-ml\/","name":"ROGE CAVAILLES GEL BAIN ET DOUCHE FRAICHEUR DE LOTUS PEAUX SENSIBLES 200 ML - Paracherkaoui.ma","isPartOf":{"@id":"https:\/\/paracherkaoui.ma\/#website"},"primaryImageOfPage":{"@id":"https:\/\/paracherkaoui.ma\/index.php\/produit\/roge-cavailles-gel-bain-et-douche-fraicheur-de-lotus-peaux-sensibles-200-ml\/#primaryimage"},"image":{"@id":"https:\/\/paracherkaoui.ma\/index.php\/produit\/roge-cavailles-gel-bain-et-douche-fraicheur-de-lotus-peaux-sensibles-200-ml\/#primaryimage"},"thumbnailUrl":"https:\/\/paracherkaoui.ma\/wp-content\/uploads\/2025\/12\/roge-cavailles-gel-bain-et-douche-fraicheur-de-lotus-peaux-sensibles-200-ml.jpg","datePublished":"2025-12-12T17:53:05+00:00","dateModified":"2025-12-12T17:53:09+00:00","breadcrumb":{"@id":"https:\/\/paracherkaoui.ma\/index.php\/produit\/roge-cavailles-gel-bain-et-douche-fraicheur-de-lotus-peaux-sensibles-200-ml\/#breadcrumb"},"inLanguage":"fr-FR","potentialAction":[{"@type":"ReadAction","target":["https:\/\/paracherkaoui.ma\/index.php\/produit\/roge-cavailles-gel-bain-et-douche-fraicheur-de-lotus-peaux-sensibles-200-ml\/"]}]},{"@type":"ImageObject","inLanguage":"fr-FR","@id":"https:\/\/paracherkaoui.ma\/index.php\/produit\/roge-cavailles-gel-bain-et-douche-fraicheur-de-lotus-peaux-sensibles-200-ml\/#primaryimage","url":"https:\/\/paracherkaoui.ma\/wp-content\/uploads\/2025\/12\/roge-cavailles-gel-bain-et-douche-fraicheur-de-lotus-peaux-sensibles-200-ml.jpg","contentUrl":"https:\/\/paracherkaoui.ma\/wp-content\/uploads\/2025\/12\/roge-cavailles-gel-bain-et-douche-fraicheur-de-lotus-peaux-sensibles-200-ml.jpg","width":700,"height":700},{"@type":"BreadcrumbList","@id":"https:\/\/paracherkaoui.ma\/index.php\/produit\/roge-cavailles-gel-bain-et-douche-fraicheur-de-lotus-peaux-sensibles-200-ml\/#breadcrumb","itemListElement":[{"@type":"ListItem","position":1,"name":"Accueil","item":"https:\/\/paracherkaoui.ma\/"},{"@type":"ListItem","position":2,"name":"Boutique","item":"https:\/\/paracherkaoui.ma\/index.php\/boutique\/"},{"@type":"ListItem","position":3,"name":"ROGE CAVAILLES GEL BAIN ET DOUCHE FRAICHEUR DE LOTUS PEAUX SENSIBLES 200 ML"}]},{"@type":"WebSite","@id":"https:\/\/paracherkaoui.ma\/#website","url":"https:\/\/paracherkaoui.ma\/","name":"Paracherkaoui.ma","description":"Achetez en ligne sur Paracherkaoui.ma","potentialAction":[{"@type":"SearchAction","target":{"@type":"EntryPoint","urlTemplate":"https:\/\/paracherkaoui.ma\/?s={search_term_string}"},"query-input":{"@type":"PropertyValueSpecification","valueRequired":true,"valueName":"search_term_string"}}],"inLanguage":"fr-FR"}]}},"_links":{"self":[{"href":"https:\/\/paracherkaoui.ma\/index.php\/wp-json\/wp\/v2\/product\/34880","targetHints":{"allow":["GET"]}}],"collection":[{"href":"https:\/\/paracherkaoui.ma\/index.php\/wp-json\/wp\/v2\/product"}],"about":[{"href":"https:\/\/paracherkaoui.ma\/index.php\/wp-json\/wp\/v2\/types\/product"}],"replies":[{"embeddable":true,"href":"https:\/\/paracherkaoui.ma\/index.php\/wp-json\/wp\/v2\/comments?post=34880"}],"version-history":[{"count":1,"href":"https:\/\/paracherkaoui.ma\/index.php\/wp-json\/wp\/v2\/product\/34880\/revisions"}],"predecessor-version":[{"id":34921,"href":"https:\/\/paracherkaoui.ma\/index.php\/wp-json\/wp\/v2\/product\/34880\/revisions\/34921"}],"wp:featuredmedia":[{"embeddable":true,"href":"https:\/\/paracherkaoui.ma\/index.php\/wp-json\/wp\/v2\/media\/34920"}],"wp:attachment":[{"href":"https:\/\/paracherkaoui.ma\/index.php\/wp-json\/wp\/v2\/media?parent=34880"}],"wp:term":[{"taxonomy":"product_brand","embeddable":true,"href":"https:\/\/paracherkaoui.ma\/index.php\/wp-json\/wp\/v2\/product_brand?post=34880"},{"taxonomy":"product_cat","embeddable":true,"href":"https:\/\/paracherkaoui.ma\/index.php\/wp-json\/wp\/v2\/product_cat?post=34880"},{"taxonomy":"product_tag","embeddable":true,"href":"https:\/\/paracherkaoui.ma\/index.php\/wp-json\/wp\/v2\/product_tag?post=34880"}],"curies":[{"name":"wp","href":"https:\/\/api.w.org\/{rel}","templated":true}]}}