{"id":34874,"date":"2025-12-12T18:53:05","date_gmt":"2025-12-12T17:53:05","guid":{"rendered":"https:\/\/test.ecbeaute.com\/?post_type=product&#038;p=34874"},"modified":"2025-12-12T18:53:08","modified_gmt":"2025-12-12T17:53:08","slug":"aderma-exomega-controle-huile-lavante-emolliente-500-ml","status":"publish","type":"product","link":"https:\/\/paracherkaoui.ma\/index.php\/produit\/aderma-exomega-controle-huile-lavante-emolliente-500-ml\/","title":{"rendered":"ADERMA EXOMEGA CONTROLE HUILE LAVANTE EMOLLIENTE 500 ML"},"content":{"rendered":"<p>L&rsquo;huile lavant \u00e9molliente, nettoie et soulage les peaux fragiles s\u00e8ches \u00e0 tendance \u00e0 l&rsquo;\u00e9cz\u00e9ma atopique. Imm\u00e9diatement apr\u00e8s application, 100% des peaux retrouvent apaisement\u00b9. En trois semaines, la s\u00e9cheresse diminue de 95 %. Sa formule BIODEGRADABLE \u00e0 91 % d&rsquo;ingr\u00e9dients d&rsquo;origine naturelle s&#8217;emploie quotidiennement sous la douche ou dans le bain, sur le visage et le corps. Sa formule \u00e0 l&rsquo;extrait de plantules d&rsquo;Avoine Rhealba apaisant et anti-irritant r\u00e9conforte et nourrit ces \u00e9pidermes fragiles. La barri\u00e8re cutan\u00e9e de la peau s\u00e8che soumise \u00e0 des pics d&rsquo;irritation est prot\u00e9g\u00e9e, les sensations de s\u00e9cheresse et de d\u00e9mangeaisons se calment. Adapt\u00e9e aux adultes, enfants et nourrissons, elle ne contient pas de savon et ne pique pas les yeux. Avoine Rhealba issue de l&rsquo;agriculture biologique. Info Vegan: sans ingr\u00e9dients d&rsquo;origine animale.<br \/>\nLes bienfaits :<br \/>\n\u2022 NETTOIE tout en douceur les peaux s\u00e8ches et atopiques des nourrissons, enfants et adultes. EXOMEGA CONTROL Huile lavante \u00e9molliente prot\u00e8ge la peau des tiraillements et du dess\u00e8chement.<br \/>\n\u2022 ANTI-GRATTAGE, calme les d\u00e9mangeaisons des peaux se\u0300ches et sujettes a\u0300 l&rsquo;ecze\u0301ma atopique<br \/>\n\u2022 PROT\u00c8GE les peaux fragiles. Avec sa formule compos\u00e9e de 91 % d&rsquo;ingr\u00e9dients d&rsquo;origine naturelle, sans savon et BIODEGRADABLE, l&rsquo;huile lavante ne pique pas les yeux pour prendre soin de toute la famille<\/p>\n<p>Conseils d&rsquo;utilisation :<br \/>\nUtiliser sous la douche ou dans le bain.Appliquer sur peau mouill\u00e9e, rincer puis s\u00e9cher sans frotter. Appliquer ensuite votre soin EXOMEGA CONTROL.<\/p>\n","protected":false},"excerpt":{"rendered":"<p>L&rsquo;huile lavant \u00e9molliente, nettoie et soulage les peaux fragiles s\u00e8ches \u00e0 tendance \u00e0 l&rsquo;\u00e9cz\u00e9ma atopique. Imm\u00e9diatement apr\u00e8s application, 100% des<\/p>\n","protected":false},"featured_media":34910,"comment_status":"open","ping_status":"closed","template":"","meta":[],"product_brand":[372],"product_cat":[631],"product_tag":[],"class_list":{"0":"post-34874","1":"product","2":"type-product","3":"status-publish","4":"has-post-thumbnail","6":"product_brand-a-derma","7":"product_cat-gels-et-huiles-lavants","9":"first","10":"instock","11":"sale","12":"shipping-taxable","13":"purchasable","14":"product-type-simple"},"yoast_head":"<!-- This site is optimized with the Yoast SEO plugin v26.6 - https:\/\/yoast.com\/wordpress\/plugins\/seo\/ -->\r\n<title>ADERMA EXOMEGA CONTROLE HUILE LAVANTE EMOLLIENTE 500 ML - Paracherkaoui.ma<\/title>\r\n<meta name=\"robots\" content=\"index, follow, max-snippet:-1, max-image-preview:large, max-video-preview:-1\" \/>\r\n<link rel=\"canonical\" href=\"https:\/\/paracherkaoui.ma\/index.php\/produit\/aderma-exomega-controle-huile-lavante-emolliente-500-ml\/\" \/>\r\n<meta property=\"og:locale\" content=\"fr_FR\" \/>\r\n<meta property=\"og:type\" content=\"article\" \/>\r\n<meta property=\"og:title\" content=\"ADERMA EXOMEGA CONTROLE HUILE LAVANTE EMOLLIENTE 500 ML - Paracherkaoui.ma\" \/>\r\n<meta property=\"og:description\" content=\"L&rsquo;huile lavant \u00e9molliente, nettoie et soulage les peaux fragiles s\u00e8ches \u00e0 tendance \u00e0 l&rsquo;\u00e9cz\u00e9ma atopique. Imm\u00e9diatement apr\u00e8s application, 100% des\" \/>\r\n<meta property=\"og:url\" content=\"https:\/\/paracherkaoui.ma\/index.php\/produit\/aderma-exomega-controle-huile-lavante-emolliente-500-ml\/\" \/>\r\n<meta property=\"og:site_name\" content=\"Paracherkaoui.ma\" \/>\r\n<meta property=\"article:modified_time\" content=\"2025-12-12T17:53:08+00:00\" \/>\r\n<meta property=\"og:image\" content=\"https:\/\/paracherkaoui.ma\/wp-content\/uploads\/2025\/12\/a-derma-aderma-exomega-controle-huile-lavante-emolliente-500-ml-bains-gels-et-huiles-lavant.jpg\" \/>\r\n\t<meta property=\"og:image:width\" content=\"700\" \/>\r\n\t<meta property=\"og:image:height\" content=\"700\" \/>\r\n\t<meta property=\"og:image:type\" content=\"image\/jpeg\" \/>\r\n<meta name=\"twitter:card\" content=\"summary_large_image\" \/>\r\n<meta name=\"twitter:label1\" content=\"Dur\u00e9e de lecture estim\u00e9e\" \/>\n\t<meta name=\"twitter:data1\" content=\"1 minute\" \/>\r\n<script type=\"application\/ld+json\" class=\"yoast-schema-graph\">{\"@context\":\"https:\/\/schema.org\",\"@graph\":[{\"@type\":\"WebPage\",\"@id\":\"https:\/\/paracherkaoui.ma\/index.php\/produit\/aderma-exomega-controle-huile-lavante-emolliente-500-ml\/\",\"url\":\"https:\/\/paracherkaoui.ma\/index.php\/produit\/aderma-exomega-controle-huile-lavante-emolliente-500-ml\/\",\"name\":\"ADERMA EXOMEGA CONTROLE HUILE LAVANTE EMOLLIENTE 500 ML - Paracherkaoui.ma\",\"isPartOf\":{\"@id\":\"https:\/\/paracherkaoui.ma\/#website\"},\"primaryImageOfPage\":{\"@id\":\"https:\/\/paracherkaoui.ma\/index.php\/produit\/aderma-exomega-controle-huile-lavante-emolliente-500-ml\/#primaryimage\"},\"image\":{\"@id\":\"https:\/\/paracherkaoui.ma\/index.php\/produit\/aderma-exomega-controle-huile-lavante-emolliente-500-ml\/#primaryimage\"},\"thumbnailUrl\":\"https:\/\/paracherkaoui.ma\/wp-content\/uploads\/2025\/12\/a-derma-aderma-exomega-controle-huile-lavante-emolliente-500-ml-bains-gels-et-huiles-lavant.jpg\",\"datePublished\":\"2025-12-12T17:53:05+00:00\",\"dateModified\":\"2025-12-12T17:53:08+00:00\",\"breadcrumb\":{\"@id\":\"https:\/\/paracherkaoui.ma\/index.php\/produit\/aderma-exomega-controle-huile-lavante-emolliente-500-ml\/#breadcrumb\"},\"inLanguage\":\"fr-FR\",\"potentialAction\":[{\"@type\":\"ReadAction\",\"target\":[\"https:\/\/paracherkaoui.ma\/index.php\/produit\/aderma-exomega-controle-huile-lavante-emolliente-500-ml\/\"]}]},{\"@type\":\"ImageObject\",\"inLanguage\":\"fr-FR\",\"@id\":\"https:\/\/paracherkaoui.ma\/index.php\/produit\/aderma-exomega-controle-huile-lavante-emolliente-500-ml\/#primaryimage\",\"url\":\"https:\/\/paracherkaoui.ma\/wp-content\/uploads\/2025\/12\/a-derma-aderma-exomega-controle-huile-lavante-emolliente-500-ml-bains-gels-et-huiles-lavant.jpg\",\"contentUrl\":\"https:\/\/paracherkaoui.ma\/wp-content\/uploads\/2025\/12\/a-derma-aderma-exomega-controle-huile-lavante-emolliente-500-ml-bains-gels-et-huiles-lavant.jpg\",\"width\":700,\"height\":700},{\"@type\":\"BreadcrumbList\",\"@id\":\"https:\/\/paracherkaoui.ma\/index.php\/produit\/aderma-exomega-controle-huile-lavante-emolliente-500-ml\/#breadcrumb\",\"itemListElement\":[{\"@type\":\"ListItem\",\"position\":1,\"name\":\"Accueil\",\"item\":\"https:\/\/paracherkaoui.ma\/\"},{\"@type\":\"ListItem\",\"position\":2,\"name\":\"Boutique\",\"item\":\"https:\/\/paracherkaoui.ma\/index.php\/boutique\/\"},{\"@type\":\"ListItem\",\"position\":3,\"name\":\"ADERMA EXOMEGA CONTROLE HUILE LAVANTE EMOLLIENTE 500 ML\"}]},{\"@type\":\"WebSite\",\"@id\":\"https:\/\/paracherkaoui.ma\/#website\",\"url\":\"https:\/\/paracherkaoui.ma\/\",\"name\":\"Paracherkaoui.ma\",\"description\":\"Achetez en ligne sur Paracherkaoui.ma\",\"potentialAction\":[{\"@type\":\"SearchAction\",\"target\":{\"@type\":\"EntryPoint\",\"urlTemplate\":\"https:\/\/paracherkaoui.ma\/?s={search_term_string}\"},\"query-input\":{\"@type\":\"PropertyValueSpecification\",\"valueRequired\":true,\"valueName\":\"search_term_string\"}}],\"inLanguage\":\"fr-FR\"}]}<\/script>\r\n<!-- \/ Yoast SEO plugin. -->","yoast_head_json":{"title":"ADERMA EXOMEGA CONTROLE HUILE LAVANTE EMOLLIENTE 500 ML - Paracherkaoui.ma","robots":{"index":"index","follow":"follow","max-snippet":"max-snippet:-1","max-image-preview":"max-image-preview:large","max-video-preview":"max-video-preview:-1"},"canonical":"https:\/\/paracherkaoui.ma\/index.php\/produit\/aderma-exomega-controle-huile-lavante-emolliente-500-ml\/","og_locale":"fr_FR","og_type":"article","og_title":"ADERMA EXOMEGA CONTROLE HUILE LAVANTE EMOLLIENTE 500 ML - Paracherkaoui.ma","og_description":"L&rsquo;huile lavant \u00e9molliente, nettoie et soulage les peaux fragiles s\u00e8ches \u00e0 tendance \u00e0 l&rsquo;\u00e9cz\u00e9ma atopique. Imm\u00e9diatement apr\u00e8s application, 100% des","og_url":"https:\/\/paracherkaoui.ma\/index.php\/produit\/aderma-exomega-controle-huile-lavante-emolliente-500-ml\/","og_site_name":"Paracherkaoui.ma","article_modified_time":"2025-12-12T17:53:08+00:00","og_image":[{"width":700,"height":700,"url":"https:\/\/paracherkaoui.ma\/wp-content\/uploads\/2025\/12\/a-derma-aderma-exomega-controle-huile-lavante-emolliente-500-ml-bains-gels-et-huiles-lavant.jpg","type":"image\/jpeg"}],"twitter_card":"summary_large_image","twitter_misc":{"Dur\u00e9e de lecture estim\u00e9e":"1 minute"},"schema":{"@context":"https:\/\/schema.org","@graph":[{"@type":"WebPage","@id":"https:\/\/paracherkaoui.ma\/index.php\/produit\/aderma-exomega-controle-huile-lavante-emolliente-500-ml\/","url":"https:\/\/paracherkaoui.ma\/index.php\/produit\/aderma-exomega-controle-huile-lavante-emolliente-500-ml\/","name":"ADERMA EXOMEGA CONTROLE HUILE LAVANTE EMOLLIENTE 500 ML - Paracherkaoui.ma","isPartOf":{"@id":"https:\/\/paracherkaoui.ma\/#website"},"primaryImageOfPage":{"@id":"https:\/\/paracherkaoui.ma\/index.php\/produit\/aderma-exomega-controle-huile-lavante-emolliente-500-ml\/#primaryimage"},"image":{"@id":"https:\/\/paracherkaoui.ma\/index.php\/produit\/aderma-exomega-controle-huile-lavante-emolliente-500-ml\/#primaryimage"},"thumbnailUrl":"https:\/\/paracherkaoui.ma\/wp-content\/uploads\/2025\/12\/a-derma-aderma-exomega-controle-huile-lavante-emolliente-500-ml-bains-gels-et-huiles-lavant.jpg","datePublished":"2025-12-12T17:53:05+00:00","dateModified":"2025-12-12T17:53:08+00:00","breadcrumb":{"@id":"https:\/\/paracherkaoui.ma\/index.php\/produit\/aderma-exomega-controle-huile-lavante-emolliente-500-ml\/#breadcrumb"},"inLanguage":"fr-FR","potentialAction":[{"@type":"ReadAction","target":["https:\/\/paracherkaoui.ma\/index.php\/produit\/aderma-exomega-controle-huile-lavante-emolliente-500-ml\/"]}]},{"@type":"ImageObject","inLanguage":"fr-FR","@id":"https:\/\/paracherkaoui.ma\/index.php\/produit\/aderma-exomega-controle-huile-lavante-emolliente-500-ml\/#primaryimage","url":"https:\/\/paracherkaoui.ma\/wp-content\/uploads\/2025\/12\/a-derma-aderma-exomega-controle-huile-lavante-emolliente-500-ml-bains-gels-et-huiles-lavant.jpg","contentUrl":"https:\/\/paracherkaoui.ma\/wp-content\/uploads\/2025\/12\/a-derma-aderma-exomega-controle-huile-lavante-emolliente-500-ml-bains-gels-et-huiles-lavant.jpg","width":700,"height":700},{"@type":"BreadcrumbList","@id":"https:\/\/paracherkaoui.ma\/index.php\/produit\/aderma-exomega-controle-huile-lavante-emolliente-500-ml\/#breadcrumb","itemListElement":[{"@type":"ListItem","position":1,"name":"Accueil","item":"https:\/\/paracherkaoui.ma\/"},{"@type":"ListItem","position":2,"name":"Boutique","item":"https:\/\/paracherkaoui.ma\/index.php\/boutique\/"},{"@type":"ListItem","position":3,"name":"ADERMA EXOMEGA CONTROLE HUILE LAVANTE EMOLLIENTE 500 ML"}]},{"@type":"WebSite","@id":"https:\/\/paracherkaoui.ma\/#website","url":"https:\/\/paracherkaoui.ma\/","name":"Paracherkaoui.ma","description":"Achetez en ligne sur Paracherkaoui.ma","potentialAction":[{"@type":"SearchAction","target":{"@type":"EntryPoint","urlTemplate":"https:\/\/paracherkaoui.ma\/?s={search_term_string}"},"query-input":{"@type":"PropertyValueSpecification","valueRequired":true,"valueName":"search_term_string"}}],"inLanguage":"fr-FR"}]}},"_links":{"self":[{"href":"https:\/\/paracherkaoui.ma\/index.php\/wp-json\/wp\/v2\/product\/34874","targetHints":{"allow":["GET"]}}],"collection":[{"href":"https:\/\/paracherkaoui.ma\/index.php\/wp-json\/wp\/v2\/product"}],"about":[{"href":"https:\/\/paracherkaoui.ma\/index.php\/wp-json\/wp\/v2\/types\/product"}],"replies":[{"embeddable":true,"href":"https:\/\/paracherkaoui.ma\/index.php\/wp-json\/wp\/v2\/comments?post=34874"}],"version-history":[{"count":1,"href":"https:\/\/paracherkaoui.ma\/index.php\/wp-json\/wp\/v2\/product\/34874\/revisions"}],"predecessor-version":[{"id":34911,"href":"https:\/\/paracherkaoui.ma\/index.php\/wp-json\/wp\/v2\/product\/34874\/revisions\/34911"}],"wp:featuredmedia":[{"embeddable":true,"href":"https:\/\/paracherkaoui.ma\/index.php\/wp-json\/wp\/v2\/media\/34910"}],"wp:attachment":[{"href":"https:\/\/paracherkaoui.ma\/index.php\/wp-json\/wp\/v2\/media?parent=34874"}],"wp:term":[{"taxonomy":"product_brand","embeddable":true,"href":"https:\/\/paracherkaoui.ma\/index.php\/wp-json\/wp\/v2\/product_brand?post=34874"},{"taxonomy":"product_cat","embeddable":true,"href":"https:\/\/paracherkaoui.ma\/index.php\/wp-json\/wp\/v2\/product_cat?post=34874"},{"taxonomy":"product_tag","embeddable":true,"href":"https:\/\/paracherkaoui.ma\/index.php\/wp-json\/wp\/v2\/product_tag?post=34874"}],"curies":[{"name":"wp","href":"https:\/\/api.w.org\/{rel}","templated":true}]}}