{"id":34869,"date":"2025-12-12T18:53:05","date_gmt":"2025-12-12T17:53:05","guid":{"rendered":"https:\/\/test.ecbeaute.com\/?post_type=product&#038;p=34869"},"modified":"2025-12-12T18:53:08","modified_gmt":"2025-12-12T17:53:08","slug":"nuxe-promo-men-gel-douche-multi-usages-200-ml-gel-douche-100ml-offert","status":"publish","type":"product","link":"https:\/\/paracherkaoui.ma\/index.php\/produit\/nuxe-promo-men-gel-douche-multi-usages-200-ml-gel-douche-100ml-offert\/","title":{"rendered":"NUXE PROMO MEN GEL DOUCHE MULTI USAGES 200 ML + GEL DOUCHE 100ML OFFERT"},"content":{"rendered":"<p>INDICATIONS :<br \/>\nAvec sa base lavante d\u2019origine v\u00e9g\u00e9tale et son pH physiologique, ce gel moussant nettoie en douceur le visage, le corps et les cheveux. Il procure une v\u00e9ritable sensation \u00e9nergisante. Contient 95% d\u2019ingr\u00e9dients d\u2019origine naturelle (dont \u00c9corce de Ch\u00eane, Bourgeons de Charme&#8230;). En cas de contact avec les yeux, rincer abondamment. Sans paraben.<br \/>\nPR\u00c9SENTATION :<br \/>\n1 Tube de 200 ml<br \/>\nCOMPOSITION :<br \/>\nAQUA\/WATER, SODIUM LAURYL SULFATE, COCO-GLUCOSIDE, GLYCERIN, PARFUM\/FRAGRANCE, SODIUM COCOAMPHOACETATE, PHENOXYETHANOL, GLUCONOLACTONE, ACRYLATES\/C10-30 ALKYL ACRYLATE CROSSPOLYMER, LAURYL GLUCOSIDE, SODIUM COCOYL GLUTAMATE, SODIUM HYDROXIDE, SODIUM LAURYL GLUCOSE CARBOXYLATE, SODIUM BENZOATE, CITRIC ACID, HYDROXYPROPYL GUAR HYDROXYPROPYLTRIMONIUM CHLORIDE, TETRASODIUM EDTA, 1,2-HEXANEDIOL, CAPRYLYL GLYCOL, GLYCERYL OLEATE, ALCOHOL, CALCIUM GLUCONATE, TROPOLONE, CARPINUS BETULUS BUD EXTRACT, QUERCUS ROBUR BARK EXTRACT, HYDROGENATED PALM GLYCERIDES CITRATE, TOCOPHEROL, LIMONENE [N1905\/A].<\/p>\n","protected":false},"excerpt":{"rendered":"<p>INDICATIONS : Avec sa base lavante d\u2019origine v\u00e9g\u00e9tale et son pH physiologique, ce gel moussant nettoie en douceur le visage,<\/p>\n","protected":false},"featured_media":34902,"comment_status":"open","ping_status":"closed","template":"","meta":[],"product_brand":[230],"product_cat":[631],"product_tag":[],"class_list":{"0":"post-34869","1":"product","2":"type-product","3":"status-publish","4":"has-post-thumbnail","6":"product_brand-nuxe","7":"product_cat-gels-et-huiles-lavants","9":"first","10":"instock","11":"sale","12":"shipping-taxable","13":"purchasable","14":"product-type-simple"},"yoast_head":"<!-- This site is optimized with the Yoast SEO plugin v26.6 - https:\/\/yoast.com\/wordpress\/plugins\/seo\/ -->\r\n<title>NUXE PROMO MEN GEL DOUCHE MULTI USAGES 200 ML + GEL DOUCHE 100ML OFFERT - Paracherkaoui.ma<\/title>\r\n<meta name=\"robots\" content=\"index, follow, max-snippet:-1, max-image-preview:large, max-video-preview:-1\" \/>\r\n<link rel=\"canonical\" href=\"https:\/\/paracherkaoui.ma\/index.php\/produit\/nuxe-promo-men-gel-douche-multi-usages-200-ml-gel-douche-100ml-offert\/\" \/>\r\n<meta property=\"og:locale\" content=\"fr_FR\" \/>\r\n<meta property=\"og:type\" content=\"article\" \/>\r\n<meta property=\"og:title\" content=\"NUXE PROMO MEN GEL DOUCHE MULTI USAGES 200 ML + GEL DOUCHE 100ML OFFERT - Paracherkaoui.ma\" \/>\r\n<meta property=\"og:description\" content=\"INDICATIONS : Avec sa base lavante d\u2019origine v\u00e9g\u00e9tale et son pH physiologique, ce gel moussant nettoie en douceur le visage,\" \/>\r\n<meta property=\"og:url\" content=\"https:\/\/paracherkaoui.ma\/index.php\/produit\/nuxe-promo-men-gel-douche-multi-usages-200-ml-gel-douche-100ml-offert\/\" \/>\r\n<meta property=\"og:site_name\" content=\"Paracherkaoui.ma\" \/>\r\n<meta property=\"article:modified_time\" content=\"2025-12-12T17:53:08+00:00\" \/>\r\n<meta property=\"og:image\" content=\"https:\/\/paracherkaoui.ma\/wp-content\/uploads\/2025\/12\/nuxe-nuxe-promo-men-gel-douche-multi-usages-200-ml-gel-douche-100ml-offert-visage-et-corps.jpg\" \/>\r\n\t<meta property=\"og:image:width\" content=\"700\" \/>\r\n\t<meta property=\"og:image:height\" content=\"700\" \/>\r\n\t<meta property=\"og:image:type\" content=\"image\/jpeg\" \/>\r\n<meta name=\"twitter:card\" content=\"summary_large_image\" \/>\r\n<meta name=\"twitter:label1\" content=\"Dur\u00e9e de lecture estim\u00e9e\" \/>\n\t<meta name=\"twitter:data1\" content=\"1 minute\" \/>\r\n<script type=\"application\/ld+json\" class=\"yoast-schema-graph\">{\"@context\":\"https:\/\/schema.org\",\"@graph\":[{\"@type\":\"WebPage\",\"@id\":\"https:\/\/paracherkaoui.ma\/index.php\/produit\/nuxe-promo-men-gel-douche-multi-usages-200-ml-gel-douche-100ml-offert\/\",\"url\":\"https:\/\/paracherkaoui.ma\/index.php\/produit\/nuxe-promo-men-gel-douche-multi-usages-200-ml-gel-douche-100ml-offert\/\",\"name\":\"NUXE PROMO MEN GEL DOUCHE MULTI USAGES 200 ML + GEL DOUCHE 100ML OFFERT - Paracherkaoui.ma\",\"isPartOf\":{\"@id\":\"https:\/\/paracherkaoui.ma\/#website\"},\"primaryImageOfPage\":{\"@id\":\"https:\/\/paracherkaoui.ma\/index.php\/produit\/nuxe-promo-men-gel-douche-multi-usages-200-ml-gel-douche-100ml-offert\/#primaryimage\"},\"image\":{\"@id\":\"https:\/\/paracherkaoui.ma\/index.php\/produit\/nuxe-promo-men-gel-douche-multi-usages-200-ml-gel-douche-100ml-offert\/#primaryimage\"},\"thumbnailUrl\":\"https:\/\/paracherkaoui.ma\/wp-content\/uploads\/2025\/12\/nuxe-nuxe-promo-men-gel-douche-multi-usages-200-ml-gel-douche-100ml-offert-visage-et-corps.jpg\",\"datePublished\":\"2025-12-12T17:53:05+00:00\",\"dateModified\":\"2025-12-12T17:53:08+00:00\",\"breadcrumb\":{\"@id\":\"https:\/\/paracherkaoui.ma\/index.php\/produit\/nuxe-promo-men-gel-douche-multi-usages-200-ml-gel-douche-100ml-offert\/#breadcrumb\"},\"inLanguage\":\"fr-FR\",\"potentialAction\":[{\"@type\":\"ReadAction\",\"target\":[\"https:\/\/paracherkaoui.ma\/index.php\/produit\/nuxe-promo-men-gel-douche-multi-usages-200-ml-gel-douche-100ml-offert\/\"]}]},{\"@type\":\"ImageObject\",\"inLanguage\":\"fr-FR\",\"@id\":\"https:\/\/paracherkaoui.ma\/index.php\/produit\/nuxe-promo-men-gel-douche-multi-usages-200-ml-gel-douche-100ml-offert\/#primaryimage\",\"url\":\"https:\/\/paracherkaoui.ma\/wp-content\/uploads\/2025\/12\/nuxe-nuxe-promo-men-gel-douche-multi-usages-200-ml-gel-douche-100ml-offert-visage-et-corps.jpg\",\"contentUrl\":\"https:\/\/paracherkaoui.ma\/wp-content\/uploads\/2025\/12\/nuxe-nuxe-promo-men-gel-douche-multi-usages-200-ml-gel-douche-100ml-offert-visage-et-corps.jpg\",\"width\":700,\"height\":700},{\"@type\":\"BreadcrumbList\",\"@id\":\"https:\/\/paracherkaoui.ma\/index.php\/produit\/nuxe-promo-men-gel-douche-multi-usages-200-ml-gel-douche-100ml-offert\/#breadcrumb\",\"itemListElement\":[{\"@type\":\"ListItem\",\"position\":1,\"name\":\"Accueil\",\"item\":\"https:\/\/paracherkaoui.ma\/\"},{\"@type\":\"ListItem\",\"position\":2,\"name\":\"Boutique\",\"item\":\"https:\/\/paracherkaoui.ma\/index.php\/boutique\/\"},{\"@type\":\"ListItem\",\"position\":3,\"name\":\"NUXE PROMO MEN GEL DOUCHE MULTI USAGES 200 ML + GEL DOUCHE 100ML OFFERT\"}]},{\"@type\":\"WebSite\",\"@id\":\"https:\/\/paracherkaoui.ma\/#website\",\"url\":\"https:\/\/paracherkaoui.ma\/\",\"name\":\"Paracherkaoui.ma\",\"description\":\"Achetez en ligne sur Paracherkaoui.ma\",\"potentialAction\":[{\"@type\":\"SearchAction\",\"target\":{\"@type\":\"EntryPoint\",\"urlTemplate\":\"https:\/\/paracherkaoui.ma\/?s={search_term_string}\"},\"query-input\":{\"@type\":\"PropertyValueSpecification\",\"valueRequired\":true,\"valueName\":\"search_term_string\"}}],\"inLanguage\":\"fr-FR\"}]}<\/script>\r\n<!-- \/ Yoast SEO plugin. -->","yoast_head_json":{"title":"NUXE PROMO MEN GEL DOUCHE MULTI USAGES 200 ML + GEL DOUCHE 100ML OFFERT - Paracherkaoui.ma","robots":{"index":"index","follow":"follow","max-snippet":"max-snippet:-1","max-image-preview":"max-image-preview:large","max-video-preview":"max-video-preview:-1"},"canonical":"https:\/\/paracherkaoui.ma\/index.php\/produit\/nuxe-promo-men-gel-douche-multi-usages-200-ml-gel-douche-100ml-offert\/","og_locale":"fr_FR","og_type":"article","og_title":"NUXE PROMO MEN GEL DOUCHE MULTI USAGES 200 ML + GEL DOUCHE 100ML OFFERT - Paracherkaoui.ma","og_description":"INDICATIONS : Avec sa base lavante d\u2019origine v\u00e9g\u00e9tale et son pH physiologique, ce gel moussant nettoie en douceur le visage,","og_url":"https:\/\/paracherkaoui.ma\/index.php\/produit\/nuxe-promo-men-gel-douche-multi-usages-200-ml-gel-douche-100ml-offert\/","og_site_name":"Paracherkaoui.ma","article_modified_time":"2025-12-12T17:53:08+00:00","og_image":[{"width":700,"height":700,"url":"https:\/\/paracherkaoui.ma\/wp-content\/uploads\/2025\/12\/nuxe-nuxe-promo-men-gel-douche-multi-usages-200-ml-gel-douche-100ml-offert-visage-et-corps.jpg","type":"image\/jpeg"}],"twitter_card":"summary_large_image","twitter_misc":{"Dur\u00e9e de lecture estim\u00e9e":"1 minute"},"schema":{"@context":"https:\/\/schema.org","@graph":[{"@type":"WebPage","@id":"https:\/\/paracherkaoui.ma\/index.php\/produit\/nuxe-promo-men-gel-douche-multi-usages-200-ml-gel-douche-100ml-offert\/","url":"https:\/\/paracherkaoui.ma\/index.php\/produit\/nuxe-promo-men-gel-douche-multi-usages-200-ml-gel-douche-100ml-offert\/","name":"NUXE PROMO MEN GEL DOUCHE MULTI USAGES 200 ML + GEL DOUCHE 100ML OFFERT - Paracherkaoui.ma","isPartOf":{"@id":"https:\/\/paracherkaoui.ma\/#website"},"primaryImageOfPage":{"@id":"https:\/\/paracherkaoui.ma\/index.php\/produit\/nuxe-promo-men-gel-douche-multi-usages-200-ml-gel-douche-100ml-offert\/#primaryimage"},"image":{"@id":"https:\/\/paracherkaoui.ma\/index.php\/produit\/nuxe-promo-men-gel-douche-multi-usages-200-ml-gel-douche-100ml-offert\/#primaryimage"},"thumbnailUrl":"https:\/\/paracherkaoui.ma\/wp-content\/uploads\/2025\/12\/nuxe-nuxe-promo-men-gel-douche-multi-usages-200-ml-gel-douche-100ml-offert-visage-et-corps.jpg","datePublished":"2025-12-12T17:53:05+00:00","dateModified":"2025-12-12T17:53:08+00:00","breadcrumb":{"@id":"https:\/\/paracherkaoui.ma\/index.php\/produit\/nuxe-promo-men-gel-douche-multi-usages-200-ml-gel-douche-100ml-offert\/#breadcrumb"},"inLanguage":"fr-FR","potentialAction":[{"@type":"ReadAction","target":["https:\/\/paracherkaoui.ma\/index.php\/produit\/nuxe-promo-men-gel-douche-multi-usages-200-ml-gel-douche-100ml-offert\/"]}]},{"@type":"ImageObject","inLanguage":"fr-FR","@id":"https:\/\/paracherkaoui.ma\/index.php\/produit\/nuxe-promo-men-gel-douche-multi-usages-200-ml-gel-douche-100ml-offert\/#primaryimage","url":"https:\/\/paracherkaoui.ma\/wp-content\/uploads\/2025\/12\/nuxe-nuxe-promo-men-gel-douche-multi-usages-200-ml-gel-douche-100ml-offert-visage-et-corps.jpg","contentUrl":"https:\/\/paracherkaoui.ma\/wp-content\/uploads\/2025\/12\/nuxe-nuxe-promo-men-gel-douche-multi-usages-200-ml-gel-douche-100ml-offert-visage-et-corps.jpg","width":700,"height":700},{"@type":"BreadcrumbList","@id":"https:\/\/paracherkaoui.ma\/index.php\/produit\/nuxe-promo-men-gel-douche-multi-usages-200-ml-gel-douche-100ml-offert\/#breadcrumb","itemListElement":[{"@type":"ListItem","position":1,"name":"Accueil","item":"https:\/\/paracherkaoui.ma\/"},{"@type":"ListItem","position":2,"name":"Boutique","item":"https:\/\/paracherkaoui.ma\/index.php\/boutique\/"},{"@type":"ListItem","position":3,"name":"NUXE PROMO MEN GEL DOUCHE MULTI USAGES 200 ML + GEL DOUCHE 100ML OFFERT"}]},{"@type":"WebSite","@id":"https:\/\/paracherkaoui.ma\/#website","url":"https:\/\/paracherkaoui.ma\/","name":"Paracherkaoui.ma","description":"Achetez en ligne sur Paracherkaoui.ma","potentialAction":[{"@type":"SearchAction","target":{"@type":"EntryPoint","urlTemplate":"https:\/\/paracherkaoui.ma\/?s={search_term_string}"},"query-input":{"@type":"PropertyValueSpecification","valueRequired":true,"valueName":"search_term_string"}}],"inLanguage":"fr-FR"}]}},"_links":{"self":[{"href":"https:\/\/paracherkaoui.ma\/index.php\/wp-json\/wp\/v2\/product\/34869","targetHints":{"allow":["GET"]}}],"collection":[{"href":"https:\/\/paracherkaoui.ma\/index.php\/wp-json\/wp\/v2\/product"}],"about":[{"href":"https:\/\/paracherkaoui.ma\/index.php\/wp-json\/wp\/v2\/types\/product"}],"replies":[{"embeddable":true,"href":"https:\/\/paracherkaoui.ma\/index.php\/wp-json\/wp\/v2\/comments?post=34869"}],"version-history":[{"count":1,"href":"https:\/\/paracherkaoui.ma\/index.php\/wp-json\/wp\/v2\/product\/34869\/revisions"}],"predecessor-version":[{"id":34903,"href":"https:\/\/paracherkaoui.ma\/index.php\/wp-json\/wp\/v2\/product\/34869\/revisions\/34903"}],"wp:featuredmedia":[{"embeddable":true,"href":"https:\/\/paracherkaoui.ma\/index.php\/wp-json\/wp\/v2\/media\/34902"}],"wp:attachment":[{"href":"https:\/\/paracherkaoui.ma\/index.php\/wp-json\/wp\/v2\/media?parent=34869"}],"wp:term":[{"taxonomy":"product_brand","embeddable":true,"href":"https:\/\/paracherkaoui.ma\/index.php\/wp-json\/wp\/v2\/product_brand?post=34869"},{"taxonomy":"product_cat","embeddable":true,"href":"https:\/\/paracherkaoui.ma\/index.php\/wp-json\/wp\/v2\/product_cat?post=34869"},{"taxonomy":"product_tag","embeddable":true,"href":"https:\/\/paracherkaoui.ma\/index.php\/wp-json\/wp\/v2\/product_tag?post=34869"}],"curies":[{"name":"wp","href":"https:\/\/api.w.org\/{rel}","templated":true}]}}