{"id":34868,"date":"2025-12-12T18:53:05","date_gmt":"2025-12-12T17:53:05","guid":{"rendered":"https:\/\/test.ecbeaute.com\/?post_type=product&#038;p=34868"},"modified":"2025-12-12T18:53:07","modified_gmt":"2025-12-12T17:53:07","slug":"isispharma-secalia-ato-soin-lavant-effet-barriere-400-ml","status":"publish","type":"product","link":"https:\/\/paracherkaoui.ma\/index.php\/produit\/isispharma-secalia-ato-soin-lavant-effet-barriere-400-ml\/","title":{"rendered":"ISISPHARMA SECALIA ATO SOIN LAVANT EFFET BARRIERE 400 ML"},"content":{"rendered":"<p>SECALIA ATO Shower cream nettoie en douceur, apaise les sensations de d\u00e9mangeaisons et de tiraillement.<br \/>\nSa texture enveloppante enrichie du complexe Nutri-calm renforce la barri\u00e8re cutan\u00e9e pour la rendre plus r\u00e9sistante aux agressions du quotidien. Prot\u00e9g\u00e9e, soulag\u00e9e et nourrie, la peau est souple et douce d\u00e8s la sortie de la douche. Formule minimaliste et sans savon.<br \/>\nTr\u00e8s bonne tol\u00e9rance cutan\u00e9e et oculaire. Efficacit\u00e9 cliniquement prouv\u00e9e.<br \/>\nCONSEILS D&rsquo;UTILISATION:<br \/>\nAppliquer sur peau pr\u00e9alablement mouill\u00e9e. Faire mousser puis rincer.<\/p>\n","protected":false},"excerpt":{"rendered":"<p>SECALIA ATO Shower cream nettoie en douceur, apaise les sensations de d\u00e9mangeaisons et de tiraillement. Sa texture enveloppante enrichie du<\/p>\n","protected":false},"featured_media":34900,"comment_status":"open","ping_status":"closed","template":"","meta":[],"product_brand":[321],"product_cat":[631],"product_tag":[],"class_list":{"0":"post-34868","1":"product","2":"type-product","3":"status-publish","4":"has-post-thumbnail","6":"product_brand-isispharma","7":"product_cat-gels-et-huiles-lavants","9":"first","10":"instock","11":"sale","12":"shipping-taxable","13":"purchasable","14":"product-type-simple"},"yoast_head":"<!-- This site is optimized with the Yoast SEO plugin v26.6 - https:\/\/yoast.com\/wordpress\/plugins\/seo\/ -->\r\n<title>ISISPHARMA SECALIA ATO SOIN LAVANT EFFET BARRIERE 400 ML - Paracherkaoui.ma<\/title>\r\n<meta name=\"robots\" content=\"index, follow, max-snippet:-1, max-image-preview:large, max-video-preview:-1\" \/>\r\n<link rel=\"canonical\" href=\"https:\/\/paracherkaoui.ma\/index.php\/produit\/isispharma-secalia-ato-soin-lavant-effet-barriere-400-ml\/\" \/>\r\n<meta property=\"og:locale\" content=\"fr_FR\" \/>\r\n<meta property=\"og:type\" content=\"article\" \/>\r\n<meta property=\"og:title\" content=\"ISISPHARMA SECALIA ATO SOIN LAVANT EFFET BARRIERE 400 ML - Paracherkaoui.ma\" \/>\r\n<meta property=\"og:description\" content=\"SECALIA ATO Shower cream nettoie en douceur, apaise les sensations de d\u00e9mangeaisons et de tiraillement. Sa texture enveloppante enrichie du\" \/>\r\n<meta property=\"og:url\" content=\"https:\/\/paracherkaoui.ma\/index.php\/produit\/isispharma-secalia-ato-soin-lavant-effet-barriere-400-ml\/\" \/>\r\n<meta property=\"og:site_name\" content=\"Paracherkaoui.ma\" \/>\r\n<meta property=\"article:modified_time\" content=\"2025-12-12T17:53:07+00:00\" \/>\r\n<meta property=\"og:image\" content=\"https:\/\/paracherkaoui.ma\/wp-content\/uploads\/2025\/12\/isispharma-isispharma-secalia-ato-soin-lavant-effet-barriere-400-ml-gels-et-huiles-lavants.jpg\" \/>\r\n\t<meta property=\"og:image:width\" content=\"700\" \/>\r\n\t<meta property=\"og:image:height\" content=\"700\" \/>\r\n\t<meta property=\"og:image:type\" content=\"image\/jpeg\" \/>\r\n<meta name=\"twitter:card\" content=\"summary_large_image\" \/>\r\n<script type=\"application\/ld+json\" class=\"yoast-schema-graph\">{\"@context\":\"https:\/\/schema.org\",\"@graph\":[{\"@type\":\"WebPage\",\"@id\":\"https:\/\/paracherkaoui.ma\/index.php\/produit\/isispharma-secalia-ato-soin-lavant-effet-barriere-400-ml\/\",\"url\":\"https:\/\/paracherkaoui.ma\/index.php\/produit\/isispharma-secalia-ato-soin-lavant-effet-barriere-400-ml\/\",\"name\":\"ISISPHARMA SECALIA ATO SOIN LAVANT EFFET BARRIERE 400 ML - Paracherkaoui.ma\",\"isPartOf\":{\"@id\":\"https:\/\/paracherkaoui.ma\/#website\"},\"primaryImageOfPage\":{\"@id\":\"https:\/\/paracherkaoui.ma\/index.php\/produit\/isispharma-secalia-ato-soin-lavant-effet-barriere-400-ml\/#primaryimage\"},\"image\":{\"@id\":\"https:\/\/paracherkaoui.ma\/index.php\/produit\/isispharma-secalia-ato-soin-lavant-effet-barriere-400-ml\/#primaryimage\"},\"thumbnailUrl\":\"https:\/\/paracherkaoui.ma\/wp-content\/uploads\/2025\/12\/isispharma-isispharma-secalia-ato-soin-lavant-effet-barriere-400-ml-gels-et-huiles-lavants.jpg\",\"datePublished\":\"2025-12-12T17:53:05+00:00\",\"dateModified\":\"2025-12-12T17:53:07+00:00\",\"breadcrumb\":{\"@id\":\"https:\/\/paracherkaoui.ma\/index.php\/produit\/isispharma-secalia-ato-soin-lavant-effet-barriere-400-ml\/#breadcrumb\"},\"inLanguage\":\"fr-FR\",\"potentialAction\":[{\"@type\":\"ReadAction\",\"target\":[\"https:\/\/paracherkaoui.ma\/index.php\/produit\/isispharma-secalia-ato-soin-lavant-effet-barriere-400-ml\/\"]}]},{\"@type\":\"ImageObject\",\"inLanguage\":\"fr-FR\",\"@id\":\"https:\/\/paracherkaoui.ma\/index.php\/produit\/isispharma-secalia-ato-soin-lavant-effet-barriere-400-ml\/#primaryimage\",\"url\":\"https:\/\/paracherkaoui.ma\/wp-content\/uploads\/2025\/12\/isispharma-isispharma-secalia-ato-soin-lavant-effet-barriere-400-ml-gels-et-huiles-lavants.jpg\",\"contentUrl\":\"https:\/\/paracherkaoui.ma\/wp-content\/uploads\/2025\/12\/isispharma-isispharma-secalia-ato-soin-lavant-effet-barriere-400-ml-gels-et-huiles-lavants.jpg\",\"width\":700,\"height\":700},{\"@type\":\"BreadcrumbList\",\"@id\":\"https:\/\/paracherkaoui.ma\/index.php\/produit\/isispharma-secalia-ato-soin-lavant-effet-barriere-400-ml\/#breadcrumb\",\"itemListElement\":[{\"@type\":\"ListItem\",\"position\":1,\"name\":\"Accueil\",\"item\":\"https:\/\/paracherkaoui.ma\/\"},{\"@type\":\"ListItem\",\"position\":2,\"name\":\"Boutique\",\"item\":\"https:\/\/paracherkaoui.ma\/index.php\/boutique\/\"},{\"@type\":\"ListItem\",\"position\":3,\"name\":\"ISISPHARMA SECALIA ATO SOIN LAVANT EFFET BARRIERE 400 ML\"}]},{\"@type\":\"WebSite\",\"@id\":\"https:\/\/paracherkaoui.ma\/#website\",\"url\":\"https:\/\/paracherkaoui.ma\/\",\"name\":\"Paracherkaoui.ma\",\"description\":\"Achetez en ligne sur Paracherkaoui.ma\",\"potentialAction\":[{\"@type\":\"SearchAction\",\"target\":{\"@type\":\"EntryPoint\",\"urlTemplate\":\"https:\/\/paracherkaoui.ma\/?s={search_term_string}\"},\"query-input\":{\"@type\":\"PropertyValueSpecification\",\"valueRequired\":true,\"valueName\":\"search_term_string\"}}],\"inLanguage\":\"fr-FR\"}]}<\/script>\r\n<!-- \/ Yoast SEO plugin. -->","yoast_head_json":{"title":"ISISPHARMA SECALIA ATO SOIN LAVANT EFFET BARRIERE 400 ML - Paracherkaoui.ma","robots":{"index":"index","follow":"follow","max-snippet":"max-snippet:-1","max-image-preview":"max-image-preview:large","max-video-preview":"max-video-preview:-1"},"canonical":"https:\/\/paracherkaoui.ma\/index.php\/produit\/isispharma-secalia-ato-soin-lavant-effet-barriere-400-ml\/","og_locale":"fr_FR","og_type":"article","og_title":"ISISPHARMA SECALIA ATO SOIN LAVANT EFFET BARRIERE 400 ML - Paracherkaoui.ma","og_description":"SECALIA ATO Shower cream nettoie en douceur, apaise les sensations de d\u00e9mangeaisons et de tiraillement. Sa texture enveloppante enrichie du","og_url":"https:\/\/paracherkaoui.ma\/index.php\/produit\/isispharma-secalia-ato-soin-lavant-effet-barriere-400-ml\/","og_site_name":"Paracherkaoui.ma","article_modified_time":"2025-12-12T17:53:07+00:00","og_image":[{"width":700,"height":700,"url":"https:\/\/paracherkaoui.ma\/wp-content\/uploads\/2025\/12\/isispharma-isispharma-secalia-ato-soin-lavant-effet-barriere-400-ml-gels-et-huiles-lavants.jpg","type":"image\/jpeg"}],"twitter_card":"summary_large_image","schema":{"@context":"https:\/\/schema.org","@graph":[{"@type":"WebPage","@id":"https:\/\/paracherkaoui.ma\/index.php\/produit\/isispharma-secalia-ato-soin-lavant-effet-barriere-400-ml\/","url":"https:\/\/paracherkaoui.ma\/index.php\/produit\/isispharma-secalia-ato-soin-lavant-effet-barriere-400-ml\/","name":"ISISPHARMA SECALIA ATO SOIN LAVANT EFFET BARRIERE 400 ML - Paracherkaoui.ma","isPartOf":{"@id":"https:\/\/paracherkaoui.ma\/#website"},"primaryImageOfPage":{"@id":"https:\/\/paracherkaoui.ma\/index.php\/produit\/isispharma-secalia-ato-soin-lavant-effet-barriere-400-ml\/#primaryimage"},"image":{"@id":"https:\/\/paracherkaoui.ma\/index.php\/produit\/isispharma-secalia-ato-soin-lavant-effet-barriere-400-ml\/#primaryimage"},"thumbnailUrl":"https:\/\/paracherkaoui.ma\/wp-content\/uploads\/2025\/12\/isispharma-isispharma-secalia-ato-soin-lavant-effet-barriere-400-ml-gels-et-huiles-lavants.jpg","datePublished":"2025-12-12T17:53:05+00:00","dateModified":"2025-12-12T17:53:07+00:00","breadcrumb":{"@id":"https:\/\/paracherkaoui.ma\/index.php\/produit\/isispharma-secalia-ato-soin-lavant-effet-barriere-400-ml\/#breadcrumb"},"inLanguage":"fr-FR","potentialAction":[{"@type":"ReadAction","target":["https:\/\/paracherkaoui.ma\/index.php\/produit\/isispharma-secalia-ato-soin-lavant-effet-barriere-400-ml\/"]}]},{"@type":"ImageObject","inLanguage":"fr-FR","@id":"https:\/\/paracherkaoui.ma\/index.php\/produit\/isispharma-secalia-ato-soin-lavant-effet-barriere-400-ml\/#primaryimage","url":"https:\/\/paracherkaoui.ma\/wp-content\/uploads\/2025\/12\/isispharma-isispharma-secalia-ato-soin-lavant-effet-barriere-400-ml-gels-et-huiles-lavants.jpg","contentUrl":"https:\/\/paracherkaoui.ma\/wp-content\/uploads\/2025\/12\/isispharma-isispharma-secalia-ato-soin-lavant-effet-barriere-400-ml-gels-et-huiles-lavants.jpg","width":700,"height":700},{"@type":"BreadcrumbList","@id":"https:\/\/paracherkaoui.ma\/index.php\/produit\/isispharma-secalia-ato-soin-lavant-effet-barriere-400-ml\/#breadcrumb","itemListElement":[{"@type":"ListItem","position":1,"name":"Accueil","item":"https:\/\/paracherkaoui.ma\/"},{"@type":"ListItem","position":2,"name":"Boutique","item":"https:\/\/paracherkaoui.ma\/index.php\/boutique\/"},{"@type":"ListItem","position":3,"name":"ISISPHARMA SECALIA ATO SOIN LAVANT EFFET BARRIERE 400 ML"}]},{"@type":"WebSite","@id":"https:\/\/paracherkaoui.ma\/#website","url":"https:\/\/paracherkaoui.ma\/","name":"Paracherkaoui.ma","description":"Achetez en ligne sur Paracherkaoui.ma","potentialAction":[{"@type":"SearchAction","target":{"@type":"EntryPoint","urlTemplate":"https:\/\/paracherkaoui.ma\/?s={search_term_string}"},"query-input":{"@type":"PropertyValueSpecification","valueRequired":true,"valueName":"search_term_string"}}],"inLanguage":"fr-FR"}]}},"_links":{"self":[{"href":"https:\/\/paracherkaoui.ma\/index.php\/wp-json\/wp\/v2\/product\/34868","targetHints":{"allow":["GET"]}}],"collection":[{"href":"https:\/\/paracherkaoui.ma\/index.php\/wp-json\/wp\/v2\/product"}],"about":[{"href":"https:\/\/paracherkaoui.ma\/index.php\/wp-json\/wp\/v2\/types\/product"}],"replies":[{"embeddable":true,"href":"https:\/\/paracherkaoui.ma\/index.php\/wp-json\/wp\/v2\/comments?post=34868"}],"version-history":[{"count":1,"href":"https:\/\/paracherkaoui.ma\/index.php\/wp-json\/wp\/v2\/product\/34868\/revisions"}],"predecessor-version":[{"id":34901,"href":"https:\/\/paracherkaoui.ma\/index.php\/wp-json\/wp\/v2\/product\/34868\/revisions\/34901"}],"wp:featuredmedia":[{"embeddable":true,"href":"https:\/\/paracherkaoui.ma\/index.php\/wp-json\/wp\/v2\/media\/34900"}],"wp:attachment":[{"href":"https:\/\/paracherkaoui.ma\/index.php\/wp-json\/wp\/v2\/media?parent=34868"}],"wp:term":[{"taxonomy":"product_brand","embeddable":true,"href":"https:\/\/paracherkaoui.ma\/index.php\/wp-json\/wp\/v2\/product_brand?post=34868"},{"taxonomy":"product_cat","embeddable":true,"href":"https:\/\/paracherkaoui.ma\/index.php\/wp-json\/wp\/v2\/product_cat?post=34868"},{"taxonomy":"product_tag","embeddable":true,"href":"https:\/\/paracherkaoui.ma\/index.php\/wp-json\/wp\/v2\/product_tag?post=34868"}],"curies":[{"name":"wp","href":"https:\/\/api.w.org\/{rel}","templated":true}]}}