{"id":34853,"date":"2025-12-12T18:53:04","date_gmt":"2025-12-12T17:53:04","guid":{"rendered":"https:\/\/test.ecbeaute.com\/?post_type=product&#038;p=34853"},"modified":"2025-12-12T18:53:06","modified_gmt":"2025-12-12T17:53:06","slug":"la-roche-posay-lipikar-gel-lavant-400-ml-3","status":"publish","type":"product","link":"https:\/\/paracherkaoui.ma\/index.php\/produit\/la-roche-posay-lipikar-gel-lavant-400-ml-3\/","title":{"rendered":"LA ROCHE POSAY LIPIKAR GEL LAVANT 400 ML"},"content":{"rendered":"<p>Description:<br \/>\nLIPIKAR Gel Lavant nettoie en douceur et prot\u00e8ge les peaux sensibles de toute la famille. Le gel douche Lipikar nettoie tout en douceur la peau, la prot\u00e8ge des agressions en restaurant la barri\u00e8re cutan\u00e9e pour former un film protecteur. Votre peau est hydrat\u00e9e, apais\u00e9e, soulag\u00e9e des irritations et d\u00e9mangeaisons.\u00a0Le gel peut \u00eatre utilis\u00e9 par toute la famille.<br \/>\nConseils d&rsquo;utilisation:<br \/>\nUtiliser le gel lavant Lipikar au quotidien, pendant votre douche ou votre bain. Faire mousser sur la peau mouill\u00e9e. Rincer et s\u00e9cher d\u00e9licatement sans frotter. Convient pour le cuir chevelu ou encore pour l&rsquo;hygi\u00e8ne des zones intimes.<\/p>\n","protected":false},"excerpt":{"rendered":"<p>Description: LIPIKAR Gel Lavant nettoie en douceur et prot\u00e8ge les peaux sensibles de toute la famille. Le gel douche Lipikar<\/p>\n","protected":false},"featured_media":11119,"comment_status":"open","ping_status":"closed","template":"","meta":[],"product_brand":[132],"product_cat":[631],"product_tag":[],"class_list":{"0":"post-34853","1":"product","2":"type-product","3":"status-publish","4":"has-post-thumbnail","6":"product_brand-la-roche-posay","7":"product_cat-gels-et-huiles-lavants","9":"first","10":"instock","11":"sale","12":"shipping-taxable","13":"purchasable","14":"product-type-simple"},"yoast_head":"<!-- This site is optimized with the Yoast SEO plugin v26.6 - https:\/\/yoast.com\/wordpress\/plugins\/seo\/ -->\r\n<title>LA ROCHE POSAY LIPIKAR GEL LAVANT 400 ML - Paracherkaoui.ma<\/title>\r\n<meta name=\"robots\" content=\"index, follow, max-snippet:-1, max-image-preview:large, max-video-preview:-1\" \/>\r\n<link rel=\"canonical\" href=\"https:\/\/paracherkaoui.ma\/index.php\/produit\/la-roche-posay-lipikar-gel-lavant-400-ml-3\/\" \/>\r\n<meta property=\"og:locale\" content=\"fr_FR\" \/>\r\n<meta property=\"og:type\" content=\"article\" \/>\r\n<meta property=\"og:title\" content=\"LA ROCHE POSAY LIPIKAR GEL LAVANT 400 ML - Paracherkaoui.ma\" \/>\r\n<meta property=\"og:description\" content=\"Description: LIPIKAR Gel Lavant nettoie en douceur et prot\u00e8ge les peaux sensibles de toute la famille. Le gel douche Lipikar\" \/>\r\n<meta property=\"og:url\" content=\"https:\/\/paracherkaoui.ma\/index.php\/produit\/la-roche-posay-lipikar-gel-lavant-400-ml-3\/\" \/>\r\n<meta property=\"og:site_name\" content=\"Paracherkaoui.ma\" \/>\r\n<meta property=\"article:modified_time\" content=\"2025-12-12T17:53:06+00:00\" \/>\r\n<meta property=\"og:image\" content=\"https:\/\/paracherkaoui.ma\/wp-content\/uploads\/2025\/12\/la-roche-posay-la-roche-posay-lipikar-gel-lavant-400-ml-hygiene-corporelle.jpg\" \/>\r\n\t<meta property=\"og:image:width\" content=\"700\" \/>\r\n\t<meta property=\"og:image:height\" content=\"700\" \/>\r\n\t<meta property=\"og:image:type\" content=\"image\/jpeg\" \/>\r\n<meta name=\"twitter:card\" content=\"summary_large_image\" \/>\r\n<meta name=\"twitter:label1\" content=\"Dur\u00e9e de lecture estim\u00e9e\" \/>\n\t<meta name=\"twitter:data1\" content=\"1 minute\" \/>\r\n<script type=\"application\/ld+json\" class=\"yoast-schema-graph\">{\"@context\":\"https:\/\/schema.org\",\"@graph\":[{\"@type\":\"WebPage\",\"@id\":\"https:\/\/paracherkaoui.ma\/index.php\/produit\/la-roche-posay-lipikar-gel-lavant-400-ml-3\/\",\"url\":\"https:\/\/paracherkaoui.ma\/index.php\/produit\/la-roche-posay-lipikar-gel-lavant-400-ml-3\/\",\"name\":\"LA ROCHE POSAY LIPIKAR GEL LAVANT 400 ML - Paracherkaoui.ma\",\"isPartOf\":{\"@id\":\"https:\/\/paracherkaoui.ma\/#website\"},\"primaryImageOfPage\":{\"@id\":\"https:\/\/paracherkaoui.ma\/index.php\/produit\/la-roche-posay-lipikar-gel-lavant-400-ml-3\/#primaryimage\"},\"image\":{\"@id\":\"https:\/\/paracherkaoui.ma\/index.php\/produit\/la-roche-posay-lipikar-gel-lavant-400-ml-3\/#primaryimage\"},\"thumbnailUrl\":\"https:\/\/paracherkaoui.ma\/wp-content\/uploads\/2025\/12\/la-roche-posay-la-roche-posay-lipikar-gel-lavant-400-ml-hygiene-corporelle.jpg\",\"datePublished\":\"2025-12-12T17:53:04+00:00\",\"dateModified\":\"2025-12-12T17:53:06+00:00\",\"breadcrumb\":{\"@id\":\"https:\/\/paracherkaoui.ma\/index.php\/produit\/la-roche-posay-lipikar-gel-lavant-400-ml-3\/#breadcrumb\"},\"inLanguage\":\"fr-FR\",\"potentialAction\":[{\"@type\":\"ReadAction\",\"target\":[\"https:\/\/paracherkaoui.ma\/index.php\/produit\/la-roche-posay-lipikar-gel-lavant-400-ml-3\/\"]}]},{\"@type\":\"ImageObject\",\"inLanguage\":\"fr-FR\",\"@id\":\"https:\/\/paracherkaoui.ma\/index.php\/produit\/la-roche-posay-lipikar-gel-lavant-400-ml-3\/#primaryimage\",\"url\":\"https:\/\/paracherkaoui.ma\/wp-content\/uploads\/2025\/12\/la-roche-posay-la-roche-posay-lipikar-gel-lavant-400-ml-hygiene-corporelle.jpg\",\"contentUrl\":\"https:\/\/paracherkaoui.ma\/wp-content\/uploads\/2025\/12\/la-roche-posay-la-roche-posay-lipikar-gel-lavant-400-ml-hygiene-corporelle.jpg\",\"width\":700,\"height\":700},{\"@type\":\"BreadcrumbList\",\"@id\":\"https:\/\/paracherkaoui.ma\/index.php\/produit\/la-roche-posay-lipikar-gel-lavant-400-ml-3\/#breadcrumb\",\"itemListElement\":[{\"@type\":\"ListItem\",\"position\":1,\"name\":\"Accueil\",\"item\":\"https:\/\/paracherkaoui.ma\/\"},{\"@type\":\"ListItem\",\"position\":2,\"name\":\"Boutique\",\"item\":\"https:\/\/paracherkaoui.ma\/index.php\/boutique\/\"},{\"@type\":\"ListItem\",\"position\":3,\"name\":\"LA ROCHE POSAY LIPIKAR GEL LAVANT 400 ML\"}]},{\"@type\":\"WebSite\",\"@id\":\"https:\/\/paracherkaoui.ma\/#website\",\"url\":\"https:\/\/paracherkaoui.ma\/\",\"name\":\"Paracherkaoui.ma\",\"description\":\"Achetez en ligne sur Paracherkaoui.ma\",\"potentialAction\":[{\"@type\":\"SearchAction\",\"target\":{\"@type\":\"EntryPoint\",\"urlTemplate\":\"https:\/\/paracherkaoui.ma\/?s={search_term_string}\"},\"query-input\":{\"@type\":\"PropertyValueSpecification\",\"valueRequired\":true,\"valueName\":\"search_term_string\"}}],\"inLanguage\":\"fr-FR\"}]}<\/script>\r\n<!-- \/ Yoast SEO plugin. -->","yoast_head_json":{"title":"LA ROCHE POSAY LIPIKAR GEL LAVANT 400 ML - Paracherkaoui.ma","robots":{"index":"index","follow":"follow","max-snippet":"max-snippet:-1","max-image-preview":"max-image-preview:large","max-video-preview":"max-video-preview:-1"},"canonical":"https:\/\/paracherkaoui.ma\/index.php\/produit\/la-roche-posay-lipikar-gel-lavant-400-ml-3\/","og_locale":"fr_FR","og_type":"article","og_title":"LA ROCHE POSAY LIPIKAR GEL LAVANT 400 ML - Paracherkaoui.ma","og_description":"Description: LIPIKAR Gel Lavant nettoie en douceur et prot\u00e8ge les peaux sensibles de toute la famille. Le gel douche Lipikar","og_url":"https:\/\/paracherkaoui.ma\/index.php\/produit\/la-roche-posay-lipikar-gel-lavant-400-ml-3\/","og_site_name":"Paracherkaoui.ma","article_modified_time":"2025-12-12T17:53:06+00:00","og_image":[{"width":700,"height":700,"url":"https:\/\/paracherkaoui.ma\/wp-content\/uploads\/2025\/12\/la-roche-posay-la-roche-posay-lipikar-gel-lavant-400-ml-hygiene-corporelle.jpg","type":"image\/jpeg"}],"twitter_card":"summary_large_image","twitter_misc":{"Dur\u00e9e de lecture estim\u00e9e":"1 minute"},"schema":{"@context":"https:\/\/schema.org","@graph":[{"@type":"WebPage","@id":"https:\/\/paracherkaoui.ma\/index.php\/produit\/la-roche-posay-lipikar-gel-lavant-400-ml-3\/","url":"https:\/\/paracherkaoui.ma\/index.php\/produit\/la-roche-posay-lipikar-gel-lavant-400-ml-3\/","name":"LA ROCHE POSAY LIPIKAR GEL LAVANT 400 ML - Paracherkaoui.ma","isPartOf":{"@id":"https:\/\/paracherkaoui.ma\/#website"},"primaryImageOfPage":{"@id":"https:\/\/paracherkaoui.ma\/index.php\/produit\/la-roche-posay-lipikar-gel-lavant-400-ml-3\/#primaryimage"},"image":{"@id":"https:\/\/paracherkaoui.ma\/index.php\/produit\/la-roche-posay-lipikar-gel-lavant-400-ml-3\/#primaryimage"},"thumbnailUrl":"https:\/\/paracherkaoui.ma\/wp-content\/uploads\/2025\/12\/la-roche-posay-la-roche-posay-lipikar-gel-lavant-400-ml-hygiene-corporelle.jpg","datePublished":"2025-12-12T17:53:04+00:00","dateModified":"2025-12-12T17:53:06+00:00","breadcrumb":{"@id":"https:\/\/paracherkaoui.ma\/index.php\/produit\/la-roche-posay-lipikar-gel-lavant-400-ml-3\/#breadcrumb"},"inLanguage":"fr-FR","potentialAction":[{"@type":"ReadAction","target":["https:\/\/paracherkaoui.ma\/index.php\/produit\/la-roche-posay-lipikar-gel-lavant-400-ml-3\/"]}]},{"@type":"ImageObject","inLanguage":"fr-FR","@id":"https:\/\/paracherkaoui.ma\/index.php\/produit\/la-roche-posay-lipikar-gel-lavant-400-ml-3\/#primaryimage","url":"https:\/\/paracherkaoui.ma\/wp-content\/uploads\/2025\/12\/la-roche-posay-la-roche-posay-lipikar-gel-lavant-400-ml-hygiene-corporelle.jpg","contentUrl":"https:\/\/paracherkaoui.ma\/wp-content\/uploads\/2025\/12\/la-roche-posay-la-roche-posay-lipikar-gel-lavant-400-ml-hygiene-corporelle.jpg","width":700,"height":700},{"@type":"BreadcrumbList","@id":"https:\/\/paracherkaoui.ma\/index.php\/produit\/la-roche-posay-lipikar-gel-lavant-400-ml-3\/#breadcrumb","itemListElement":[{"@type":"ListItem","position":1,"name":"Accueil","item":"https:\/\/paracherkaoui.ma\/"},{"@type":"ListItem","position":2,"name":"Boutique","item":"https:\/\/paracherkaoui.ma\/index.php\/boutique\/"},{"@type":"ListItem","position":3,"name":"LA ROCHE POSAY LIPIKAR GEL LAVANT 400 ML"}]},{"@type":"WebSite","@id":"https:\/\/paracherkaoui.ma\/#website","url":"https:\/\/paracherkaoui.ma\/","name":"Paracherkaoui.ma","description":"Achetez en ligne sur Paracherkaoui.ma","potentialAction":[{"@type":"SearchAction","target":{"@type":"EntryPoint","urlTemplate":"https:\/\/paracherkaoui.ma\/?s={search_term_string}"},"query-input":{"@type":"PropertyValueSpecification","valueRequired":true,"valueName":"search_term_string"}}],"inLanguage":"fr-FR"}]}},"_links":{"self":[{"href":"https:\/\/paracherkaoui.ma\/index.php\/wp-json\/wp\/v2\/product\/34853","targetHints":{"allow":["GET"]}}],"collection":[{"href":"https:\/\/paracherkaoui.ma\/index.php\/wp-json\/wp\/v2\/product"}],"about":[{"href":"https:\/\/paracherkaoui.ma\/index.php\/wp-json\/wp\/v2\/types\/product"}],"replies":[{"embeddable":true,"href":"https:\/\/paracherkaoui.ma\/index.php\/wp-json\/wp\/v2\/comments?post=34853"}],"version-history":[{"count":1,"href":"https:\/\/paracherkaoui.ma\/index.php\/wp-json\/wp\/v2\/product\/34853\/revisions"}],"predecessor-version":[{"id":34883,"href":"https:\/\/paracherkaoui.ma\/index.php\/wp-json\/wp\/v2\/product\/34853\/revisions\/34883"}],"wp:featuredmedia":[{"embeddable":true,"href":"https:\/\/paracherkaoui.ma\/index.php\/wp-json\/wp\/v2\/media\/11119"}],"wp:attachment":[{"href":"https:\/\/paracherkaoui.ma\/index.php\/wp-json\/wp\/v2\/media?parent=34853"}],"wp:term":[{"taxonomy":"product_brand","embeddable":true,"href":"https:\/\/paracherkaoui.ma\/index.php\/wp-json\/wp\/v2\/product_brand?post=34853"},{"taxonomy":"product_cat","embeddable":true,"href":"https:\/\/paracherkaoui.ma\/index.php\/wp-json\/wp\/v2\/product_cat?post=34853"},{"taxonomy":"product_tag","embeddable":true,"href":"https:\/\/paracherkaoui.ma\/index.php\/wp-json\/wp\/v2\/product_tag?post=34853"}],"curies":[{"name":"wp","href":"https:\/\/api.w.org\/{rel}","templated":true}]}}