{"id":34803,"date":"2025-12-12T18:52:57","date_gmt":"2025-12-12T17:52:57","guid":{"rendered":"https:\/\/test.ecbeaute.com\/?post_type=product&#038;p=34803"},"modified":"2025-12-12T18:53:02","modified_gmt":"2025-12-12T17:53:02","slug":"uriage-offre-speciale-2-deodorant-puissance-3-2","status":"publish","type":"product","link":"https:\/\/paracherkaoui.ma\/index.php\/produit\/uriage-offre-speciale-2-deodorant-puissance-3-2\/","title":{"rendered":"URIAGE OFFRE SPECIALE 2 DEODORANT PUISSANCE 3"},"content":{"rendered":"<p>Ce d\u00e9odorant agit efficacement sur la transpiration tout au long de la journ\u00e9e et lutte contre les odeurs. Il limite les traces blanches, jaunes et l\u2019effet carton sur les v\u00eatements. Le D\u00e9odorant Puissance3 apporte fra\u00eecheur et nettet\u00e9 durant 24 heures.<\/p>\n","protected":false},"excerpt":{"rendered":"<p>Ce d\u00e9odorant agit efficacement sur la transpiration tout au long de la journ\u00e9e et lutte contre les odeurs. Il limite<\/p>\n","protected":false},"featured_media":11990,"comment_status":"open","ping_status":"closed","template":"","meta":[],"product_brand":[130],"product_cat":[626],"product_tag":[],"class_list":{"0":"post-34803","1":"product","2":"type-product","3":"status-publish","4":"has-post-thumbnail","6":"product_brand-uriage","7":"product_cat-deodorants","9":"first","10":"instock","11":"sale","12":"shipping-taxable","13":"purchasable","14":"product-type-simple"},"yoast_head":"<!-- This site is optimized with the Yoast SEO plugin v26.6 - https:\/\/yoast.com\/wordpress\/plugins\/seo\/ -->\r\n<title>URIAGE OFFRE SPECIALE 2 DEODORANT PUISSANCE 3 - Paracherkaoui.ma<\/title>\r\n<meta name=\"robots\" content=\"index, follow, max-snippet:-1, max-image-preview:large, max-video-preview:-1\" \/>\r\n<link rel=\"canonical\" href=\"https:\/\/paracherkaoui.ma\/index.php\/produit\/uriage-offre-speciale-2-deodorant-puissance-3-2\/\" \/>\r\n<meta property=\"og:locale\" content=\"fr_FR\" \/>\r\n<meta property=\"og:type\" content=\"article\" \/>\r\n<meta property=\"og:title\" content=\"URIAGE OFFRE SPECIALE 2 DEODORANT PUISSANCE 3 - Paracherkaoui.ma\" \/>\r\n<meta property=\"og:description\" content=\"Ce d\u00e9odorant agit efficacement sur la transpiration tout au long de la journ\u00e9e et lutte contre les odeurs. Il limite\" \/>\r\n<meta property=\"og:url\" content=\"https:\/\/paracherkaoui.ma\/index.php\/produit\/uriage-offre-speciale-2-deodorant-puissance-3-2\/\" \/>\r\n<meta property=\"og:site_name\" content=\"Paracherkaoui.ma\" \/>\r\n<meta property=\"article:modified_time\" content=\"2025-12-12T17:53:02+00:00\" \/>\r\n<meta property=\"og:image\" content=\"https:\/\/paracherkaoui.ma\/wp-content\/uploads\/2025\/12\/uriage-uriage-offre-speciale-2-deodorant-puissance-3-root.jpg\" \/>\r\n\t<meta property=\"og:image:width\" content=\"700\" \/>\r\n\t<meta property=\"og:image:height\" content=\"700\" \/>\r\n\t<meta property=\"og:image:type\" content=\"image\/jpeg\" \/>\r\n<meta name=\"twitter:card\" content=\"summary_large_image\" \/>\r\n<script type=\"application\/ld+json\" class=\"yoast-schema-graph\">{\"@context\":\"https:\/\/schema.org\",\"@graph\":[{\"@type\":\"WebPage\",\"@id\":\"https:\/\/paracherkaoui.ma\/index.php\/produit\/uriage-offre-speciale-2-deodorant-puissance-3-2\/\",\"url\":\"https:\/\/paracherkaoui.ma\/index.php\/produit\/uriage-offre-speciale-2-deodorant-puissance-3-2\/\",\"name\":\"URIAGE OFFRE SPECIALE 2 DEODORANT PUISSANCE 3 - Paracherkaoui.ma\",\"isPartOf\":{\"@id\":\"https:\/\/paracherkaoui.ma\/#website\"},\"primaryImageOfPage\":{\"@id\":\"https:\/\/paracherkaoui.ma\/index.php\/produit\/uriage-offre-speciale-2-deodorant-puissance-3-2\/#primaryimage\"},\"image\":{\"@id\":\"https:\/\/paracherkaoui.ma\/index.php\/produit\/uriage-offre-speciale-2-deodorant-puissance-3-2\/#primaryimage\"},\"thumbnailUrl\":\"https:\/\/paracherkaoui.ma\/wp-content\/uploads\/2025\/12\/uriage-uriage-offre-speciale-2-deodorant-puissance-3-root.jpg\",\"datePublished\":\"2025-12-12T17:52:57+00:00\",\"dateModified\":\"2025-12-12T17:53:02+00:00\",\"breadcrumb\":{\"@id\":\"https:\/\/paracherkaoui.ma\/index.php\/produit\/uriage-offre-speciale-2-deodorant-puissance-3-2\/#breadcrumb\"},\"inLanguage\":\"fr-FR\",\"potentialAction\":[{\"@type\":\"ReadAction\",\"target\":[\"https:\/\/paracherkaoui.ma\/index.php\/produit\/uriage-offre-speciale-2-deodorant-puissance-3-2\/\"]}]},{\"@type\":\"ImageObject\",\"inLanguage\":\"fr-FR\",\"@id\":\"https:\/\/paracherkaoui.ma\/index.php\/produit\/uriage-offre-speciale-2-deodorant-puissance-3-2\/#primaryimage\",\"url\":\"https:\/\/paracherkaoui.ma\/wp-content\/uploads\/2025\/12\/uriage-uriage-offre-speciale-2-deodorant-puissance-3-root.jpg\",\"contentUrl\":\"https:\/\/paracherkaoui.ma\/wp-content\/uploads\/2025\/12\/uriage-uriage-offre-speciale-2-deodorant-puissance-3-root.jpg\",\"width\":700,\"height\":700},{\"@type\":\"BreadcrumbList\",\"@id\":\"https:\/\/paracherkaoui.ma\/index.php\/produit\/uriage-offre-speciale-2-deodorant-puissance-3-2\/#breadcrumb\",\"itemListElement\":[{\"@type\":\"ListItem\",\"position\":1,\"name\":\"Accueil\",\"item\":\"https:\/\/paracherkaoui.ma\/\"},{\"@type\":\"ListItem\",\"position\":2,\"name\":\"Boutique\",\"item\":\"https:\/\/paracherkaoui.ma\/index.php\/boutique\/\"},{\"@type\":\"ListItem\",\"position\":3,\"name\":\"URIAGE OFFRE SPECIALE 2 DEODORANT PUISSANCE 3\"}]},{\"@type\":\"WebSite\",\"@id\":\"https:\/\/paracherkaoui.ma\/#website\",\"url\":\"https:\/\/paracherkaoui.ma\/\",\"name\":\"Paracherkaoui.ma\",\"description\":\"Achetez en ligne sur Paracherkaoui.ma\",\"potentialAction\":[{\"@type\":\"SearchAction\",\"target\":{\"@type\":\"EntryPoint\",\"urlTemplate\":\"https:\/\/paracherkaoui.ma\/?s={search_term_string}\"},\"query-input\":{\"@type\":\"PropertyValueSpecification\",\"valueRequired\":true,\"valueName\":\"search_term_string\"}}],\"inLanguage\":\"fr-FR\"}]}<\/script>\r\n<!-- \/ Yoast SEO plugin. -->","yoast_head_json":{"title":"URIAGE OFFRE SPECIALE 2 DEODORANT PUISSANCE 3 - Paracherkaoui.ma","robots":{"index":"index","follow":"follow","max-snippet":"max-snippet:-1","max-image-preview":"max-image-preview:large","max-video-preview":"max-video-preview:-1"},"canonical":"https:\/\/paracherkaoui.ma\/index.php\/produit\/uriage-offre-speciale-2-deodorant-puissance-3-2\/","og_locale":"fr_FR","og_type":"article","og_title":"URIAGE OFFRE SPECIALE 2 DEODORANT PUISSANCE 3 - Paracherkaoui.ma","og_description":"Ce d\u00e9odorant agit efficacement sur la transpiration tout au long de la journ\u00e9e et lutte contre les odeurs. Il limite","og_url":"https:\/\/paracherkaoui.ma\/index.php\/produit\/uriage-offre-speciale-2-deodorant-puissance-3-2\/","og_site_name":"Paracherkaoui.ma","article_modified_time":"2025-12-12T17:53:02+00:00","og_image":[{"width":700,"height":700,"url":"https:\/\/paracherkaoui.ma\/wp-content\/uploads\/2025\/12\/uriage-uriage-offre-speciale-2-deodorant-puissance-3-root.jpg","type":"image\/jpeg"}],"twitter_card":"summary_large_image","schema":{"@context":"https:\/\/schema.org","@graph":[{"@type":"WebPage","@id":"https:\/\/paracherkaoui.ma\/index.php\/produit\/uriage-offre-speciale-2-deodorant-puissance-3-2\/","url":"https:\/\/paracherkaoui.ma\/index.php\/produit\/uriage-offre-speciale-2-deodorant-puissance-3-2\/","name":"URIAGE OFFRE SPECIALE 2 DEODORANT PUISSANCE 3 - Paracherkaoui.ma","isPartOf":{"@id":"https:\/\/paracherkaoui.ma\/#website"},"primaryImageOfPage":{"@id":"https:\/\/paracherkaoui.ma\/index.php\/produit\/uriage-offre-speciale-2-deodorant-puissance-3-2\/#primaryimage"},"image":{"@id":"https:\/\/paracherkaoui.ma\/index.php\/produit\/uriage-offre-speciale-2-deodorant-puissance-3-2\/#primaryimage"},"thumbnailUrl":"https:\/\/paracherkaoui.ma\/wp-content\/uploads\/2025\/12\/uriage-uriage-offre-speciale-2-deodorant-puissance-3-root.jpg","datePublished":"2025-12-12T17:52:57+00:00","dateModified":"2025-12-12T17:53:02+00:00","breadcrumb":{"@id":"https:\/\/paracherkaoui.ma\/index.php\/produit\/uriage-offre-speciale-2-deodorant-puissance-3-2\/#breadcrumb"},"inLanguage":"fr-FR","potentialAction":[{"@type":"ReadAction","target":["https:\/\/paracherkaoui.ma\/index.php\/produit\/uriage-offre-speciale-2-deodorant-puissance-3-2\/"]}]},{"@type":"ImageObject","inLanguage":"fr-FR","@id":"https:\/\/paracherkaoui.ma\/index.php\/produit\/uriage-offre-speciale-2-deodorant-puissance-3-2\/#primaryimage","url":"https:\/\/paracherkaoui.ma\/wp-content\/uploads\/2025\/12\/uriage-uriage-offre-speciale-2-deodorant-puissance-3-root.jpg","contentUrl":"https:\/\/paracherkaoui.ma\/wp-content\/uploads\/2025\/12\/uriage-uriage-offre-speciale-2-deodorant-puissance-3-root.jpg","width":700,"height":700},{"@type":"BreadcrumbList","@id":"https:\/\/paracherkaoui.ma\/index.php\/produit\/uriage-offre-speciale-2-deodorant-puissance-3-2\/#breadcrumb","itemListElement":[{"@type":"ListItem","position":1,"name":"Accueil","item":"https:\/\/paracherkaoui.ma\/"},{"@type":"ListItem","position":2,"name":"Boutique","item":"https:\/\/paracherkaoui.ma\/index.php\/boutique\/"},{"@type":"ListItem","position":3,"name":"URIAGE OFFRE SPECIALE 2 DEODORANT PUISSANCE 3"}]},{"@type":"WebSite","@id":"https:\/\/paracherkaoui.ma\/#website","url":"https:\/\/paracherkaoui.ma\/","name":"Paracherkaoui.ma","description":"Achetez en ligne sur Paracherkaoui.ma","potentialAction":[{"@type":"SearchAction","target":{"@type":"EntryPoint","urlTemplate":"https:\/\/paracherkaoui.ma\/?s={search_term_string}"},"query-input":{"@type":"PropertyValueSpecification","valueRequired":true,"valueName":"search_term_string"}}],"inLanguage":"fr-FR"}]}},"_links":{"self":[{"href":"https:\/\/paracherkaoui.ma\/index.php\/wp-json\/wp\/v2\/product\/34803","targetHints":{"allow":["GET"]}}],"collection":[{"href":"https:\/\/paracherkaoui.ma\/index.php\/wp-json\/wp\/v2\/product"}],"about":[{"href":"https:\/\/paracherkaoui.ma\/index.php\/wp-json\/wp\/v2\/types\/product"}],"replies":[{"embeddable":true,"href":"https:\/\/paracherkaoui.ma\/index.php\/wp-json\/wp\/v2\/comments?post=34803"}],"version-history":[{"count":1,"href":"https:\/\/paracherkaoui.ma\/index.php\/wp-json\/wp\/v2\/product\/34803\/revisions"}],"predecessor-version":[{"id":34844,"href":"https:\/\/paracherkaoui.ma\/index.php\/wp-json\/wp\/v2\/product\/34803\/revisions\/34844"}],"wp:featuredmedia":[{"embeddable":true,"href":"https:\/\/paracherkaoui.ma\/index.php\/wp-json\/wp\/v2\/media\/11990"}],"wp:attachment":[{"href":"https:\/\/paracherkaoui.ma\/index.php\/wp-json\/wp\/v2\/media?parent=34803"}],"wp:term":[{"taxonomy":"product_brand","embeddable":true,"href":"https:\/\/paracherkaoui.ma\/index.php\/wp-json\/wp\/v2\/product_brand?post=34803"},{"taxonomy":"product_cat","embeddable":true,"href":"https:\/\/paracherkaoui.ma\/index.php\/wp-json\/wp\/v2\/product_cat?post=34803"},{"taxonomy":"product_tag","embeddable":true,"href":"https:\/\/paracherkaoui.ma\/index.php\/wp-json\/wp\/v2\/product_tag?post=34803"}],"curies":[{"name":"wp","href":"https:\/\/api.w.org\/{rel}","templated":true}]}}