{"id":34802,"date":"2025-12-12T18:52:57","date_gmt":"2025-12-12T17:52:57","guid":{"rendered":"https:\/\/test.ecbeaute.com\/?post_type=product&#038;p=34802"},"modified":"2025-12-12T18:53:02","modified_gmt":"2025-12-12T17:53:02","slug":"secret-clinical-72h-deodorant-light-and-fresh-45g","status":"publish","type":"product","link":"https:\/\/paracherkaoui.ma\/index.php\/produit\/secret-clinical-72h-deodorant-light-and-fresh-45g\/","title":{"rendered":"SECRET CLINICAL 72H DEODORANT LIGHT AND FRESH 45G"},"content":{"rendered":"<p>Secret, une marque de confiance reconnue pour son expertise en mati\u00e8re de protection contre la transpiration, a d\u00e9velopp\u00e9 ce d\u00e9odorant clinique pour une performance maximale :<br \/>\nCombat 3 Types de Transpiration : Stress, Chaleur et Activit\u00e9. C&rsquo;est la caract\u00e9ristique r\u00e9volutionnaire de ce d\u00e9odorant : il est sp\u00e9cifiquement formul\u00e9 pour cibler et neutraliser les trois principales formes de transpiration.<br \/>\nTranspiration due au Stress : Les moments de pression peuvent d\u00e9clencher une sudation intense. Secret Clinical est con\u00e7u pour ma\u00eetriser cette transpiration \u00e9motionnelle, vous permettant de rester calme et au sec m\u00eame dans les situations les plus exigeantes.<br \/>\nTranspiration due \u00e0 la Chaleur : Qu&rsquo;il fasse chaud et humide, ou que vous soyez dans un environnement surchauff\u00e9, ce d\u00e9odorant offre une barri\u00e8re robuste contre l&rsquo;humidit\u00e9 excessive li\u00e9e \u00e0 la temp\u00e9rature.<br \/>\nTranspiration due \u00e0 l&rsquo;Activit\u00e9 : Pour vos s\u00e9ances de sport, vos marches rapides ou toute activit\u00e9 physique, sa formule r\u00e9siste \u00e0 l&rsquo;effort, vous assurant de rester frais et sec m\u00eame en plein mouvement. Cette approche multi-cibles vous garantit une protection compl\u00e8te et adapt\u00e9e \u00e0 toutes les situations.<br \/>\nFormule de Force Clinique : La Protection la Plus Puissante sans Ordonnance. Ce n&rsquo;est pas un d\u00e9odorant ordinaire. Le Secret Clinical est une formule de force clinique, la plus haute protection anti-transpirante disponible sans ordonnance. Cela signifie qu&rsquo;il contient une concentration d&rsquo;agents anti-transpirants plus \u00e9lev\u00e9e que les d\u00e9odorants classiques, assurant une efficacit\u00e9 sup\u00e9rieure et une protection in\u00e9gal\u00e9e contre l&rsquo;humidit\u00e9 et les odeurs.<br \/>\nConseils d&rsquo;utilisation :<br \/>\nAppliquez le d\u00e9odorant le soir, avant de vous coucher. La formule est plus efficace lorsqu&rsquo;elle est appliqu\u00e9e au repos, car les glandes sudoripares sont moins actives, permettant au produit de p\u00e9n\u00e9trer et de former un bouclier protecteur optimal pour le lendemain.<\/p>\n","protected":false},"excerpt":{"rendered":"<p>Secret, une marque de confiance reconnue pour son expertise en mati\u00e8re de protection contre la transpiration, a d\u00e9velopp\u00e9 ce d\u00e9odorant<\/p>\n","protected":false},"featured_media":34842,"comment_status":"open","ping_status":"closed","template":"","meta":[],"product_brand":[629],"product_cat":[626],"product_tag":[],"class_list":{"0":"post-34802","1":"product","2":"type-product","3":"status-publish","4":"has-post-thumbnail","6":"product_brand-secret","7":"product_cat-deodorants","9":"first","10":"instock","11":"shipping-taxable","12":"purchasable","13":"product-type-simple"},"yoast_head":"<!-- This site is optimized with the Yoast SEO plugin v26.6 - https:\/\/yoast.com\/wordpress\/plugins\/seo\/ -->\r\n<title>SECRET CLINICAL 72H DEODORANT LIGHT AND FRESH 45G - Paracherkaoui.ma<\/title>\r\n<meta name=\"robots\" content=\"index, follow, max-snippet:-1, max-image-preview:large, max-video-preview:-1\" \/>\r\n<link rel=\"canonical\" href=\"https:\/\/paracherkaoui.ma\/index.php\/produit\/secret-clinical-72h-deodorant-light-and-fresh-45g\/\" \/>\r\n<meta property=\"og:locale\" content=\"fr_FR\" \/>\r\n<meta property=\"og:type\" content=\"article\" \/>\r\n<meta property=\"og:title\" content=\"SECRET CLINICAL 72H DEODORANT LIGHT AND FRESH 45G - Paracherkaoui.ma\" \/>\r\n<meta property=\"og:description\" content=\"Secret, une marque de confiance reconnue pour son expertise en mati\u00e8re de protection contre la transpiration, a d\u00e9velopp\u00e9 ce d\u00e9odorant\" \/>\r\n<meta property=\"og:url\" content=\"https:\/\/paracherkaoui.ma\/index.php\/produit\/secret-clinical-72h-deodorant-light-and-fresh-45g\/\" \/>\r\n<meta property=\"og:site_name\" content=\"Paracherkaoui.ma\" \/>\r\n<meta property=\"article:modified_time\" content=\"2025-12-12T17:53:02+00:00\" \/>\r\n<meta property=\"og:image\" content=\"https:\/\/paracherkaoui.ma\/wp-content\/uploads\/2025\/12\/secret-secret-clinical-72h-deodorant-light-and-fresh-45g-produits-americains-visage-et-corps.jpg\" \/>\r\n\t<meta property=\"og:image:width\" content=\"700\" \/>\r\n\t<meta property=\"og:image:height\" content=\"700\" \/>\r\n\t<meta property=\"og:image:type\" content=\"image\/jpeg\" \/>\r\n<meta name=\"twitter:card\" content=\"summary_large_image\" \/>\r\n<meta name=\"twitter:label1\" content=\"Dur\u00e9e de lecture estim\u00e9e\" \/>\n\t<meta name=\"twitter:data1\" content=\"1 minute\" \/>\r\n<script type=\"application\/ld+json\" class=\"yoast-schema-graph\">{\"@context\":\"https:\/\/schema.org\",\"@graph\":[{\"@type\":\"WebPage\",\"@id\":\"https:\/\/paracherkaoui.ma\/index.php\/produit\/secret-clinical-72h-deodorant-light-and-fresh-45g\/\",\"url\":\"https:\/\/paracherkaoui.ma\/index.php\/produit\/secret-clinical-72h-deodorant-light-and-fresh-45g\/\",\"name\":\"SECRET CLINICAL 72H DEODORANT LIGHT AND FRESH 45G - Paracherkaoui.ma\",\"isPartOf\":{\"@id\":\"https:\/\/paracherkaoui.ma\/#website\"},\"primaryImageOfPage\":{\"@id\":\"https:\/\/paracherkaoui.ma\/index.php\/produit\/secret-clinical-72h-deodorant-light-and-fresh-45g\/#primaryimage\"},\"image\":{\"@id\":\"https:\/\/paracherkaoui.ma\/index.php\/produit\/secret-clinical-72h-deodorant-light-and-fresh-45g\/#primaryimage\"},\"thumbnailUrl\":\"https:\/\/paracherkaoui.ma\/wp-content\/uploads\/2025\/12\/secret-secret-clinical-72h-deodorant-light-and-fresh-45g-produits-americains-visage-et-corps.jpg\",\"datePublished\":\"2025-12-12T17:52:57+00:00\",\"dateModified\":\"2025-12-12T17:53:02+00:00\",\"breadcrumb\":{\"@id\":\"https:\/\/paracherkaoui.ma\/index.php\/produit\/secret-clinical-72h-deodorant-light-and-fresh-45g\/#breadcrumb\"},\"inLanguage\":\"fr-FR\",\"potentialAction\":[{\"@type\":\"ReadAction\",\"target\":[\"https:\/\/paracherkaoui.ma\/index.php\/produit\/secret-clinical-72h-deodorant-light-and-fresh-45g\/\"]}]},{\"@type\":\"ImageObject\",\"inLanguage\":\"fr-FR\",\"@id\":\"https:\/\/paracherkaoui.ma\/index.php\/produit\/secret-clinical-72h-deodorant-light-and-fresh-45g\/#primaryimage\",\"url\":\"https:\/\/paracherkaoui.ma\/wp-content\/uploads\/2025\/12\/secret-secret-clinical-72h-deodorant-light-and-fresh-45g-produits-americains-visage-et-corps.jpg\",\"contentUrl\":\"https:\/\/paracherkaoui.ma\/wp-content\/uploads\/2025\/12\/secret-secret-clinical-72h-deodorant-light-and-fresh-45g-produits-americains-visage-et-corps.jpg\",\"width\":700,\"height\":700},{\"@type\":\"BreadcrumbList\",\"@id\":\"https:\/\/paracherkaoui.ma\/index.php\/produit\/secret-clinical-72h-deodorant-light-and-fresh-45g\/#breadcrumb\",\"itemListElement\":[{\"@type\":\"ListItem\",\"position\":1,\"name\":\"Accueil\",\"item\":\"https:\/\/paracherkaoui.ma\/\"},{\"@type\":\"ListItem\",\"position\":2,\"name\":\"Boutique\",\"item\":\"https:\/\/paracherkaoui.ma\/index.php\/boutique\/\"},{\"@type\":\"ListItem\",\"position\":3,\"name\":\"SECRET CLINICAL 72H DEODORANT LIGHT AND FRESH 45G\"}]},{\"@type\":\"WebSite\",\"@id\":\"https:\/\/paracherkaoui.ma\/#website\",\"url\":\"https:\/\/paracherkaoui.ma\/\",\"name\":\"Paracherkaoui.ma\",\"description\":\"Achetez en ligne sur Paracherkaoui.ma\",\"potentialAction\":[{\"@type\":\"SearchAction\",\"target\":{\"@type\":\"EntryPoint\",\"urlTemplate\":\"https:\/\/paracherkaoui.ma\/?s={search_term_string}\"},\"query-input\":{\"@type\":\"PropertyValueSpecification\",\"valueRequired\":true,\"valueName\":\"search_term_string\"}}],\"inLanguage\":\"fr-FR\"}]}<\/script>\r\n<!-- \/ Yoast SEO plugin. -->","yoast_head_json":{"title":"SECRET CLINICAL 72H DEODORANT LIGHT AND FRESH 45G - Paracherkaoui.ma","robots":{"index":"index","follow":"follow","max-snippet":"max-snippet:-1","max-image-preview":"max-image-preview:large","max-video-preview":"max-video-preview:-1"},"canonical":"https:\/\/paracherkaoui.ma\/index.php\/produit\/secret-clinical-72h-deodorant-light-and-fresh-45g\/","og_locale":"fr_FR","og_type":"article","og_title":"SECRET CLINICAL 72H DEODORANT LIGHT AND FRESH 45G - Paracherkaoui.ma","og_description":"Secret, une marque de confiance reconnue pour son expertise en mati\u00e8re de protection contre la transpiration, a d\u00e9velopp\u00e9 ce d\u00e9odorant","og_url":"https:\/\/paracherkaoui.ma\/index.php\/produit\/secret-clinical-72h-deodorant-light-and-fresh-45g\/","og_site_name":"Paracherkaoui.ma","article_modified_time":"2025-12-12T17:53:02+00:00","og_image":[{"width":700,"height":700,"url":"https:\/\/paracherkaoui.ma\/wp-content\/uploads\/2025\/12\/secret-secret-clinical-72h-deodorant-light-and-fresh-45g-produits-americains-visage-et-corps.jpg","type":"image\/jpeg"}],"twitter_card":"summary_large_image","twitter_misc":{"Dur\u00e9e de lecture estim\u00e9e":"1 minute"},"schema":{"@context":"https:\/\/schema.org","@graph":[{"@type":"WebPage","@id":"https:\/\/paracherkaoui.ma\/index.php\/produit\/secret-clinical-72h-deodorant-light-and-fresh-45g\/","url":"https:\/\/paracherkaoui.ma\/index.php\/produit\/secret-clinical-72h-deodorant-light-and-fresh-45g\/","name":"SECRET CLINICAL 72H DEODORANT LIGHT AND FRESH 45G - Paracherkaoui.ma","isPartOf":{"@id":"https:\/\/paracherkaoui.ma\/#website"},"primaryImageOfPage":{"@id":"https:\/\/paracherkaoui.ma\/index.php\/produit\/secret-clinical-72h-deodorant-light-and-fresh-45g\/#primaryimage"},"image":{"@id":"https:\/\/paracherkaoui.ma\/index.php\/produit\/secret-clinical-72h-deodorant-light-and-fresh-45g\/#primaryimage"},"thumbnailUrl":"https:\/\/paracherkaoui.ma\/wp-content\/uploads\/2025\/12\/secret-secret-clinical-72h-deodorant-light-and-fresh-45g-produits-americains-visage-et-corps.jpg","datePublished":"2025-12-12T17:52:57+00:00","dateModified":"2025-12-12T17:53:02+00:00","breadcrumb":{"@id":"https:\/\/paracherkaoui.ma\/index.php\/produit\/secret-clinical-72h-deodorant-light-and-fresh-45g\/#breadcrumb"},"inLanguage":"fr-FR","potentialAction":[{"@type":"ReadAction","target":["https:\/\/paracherkaoui.ma\/index.php\/produit\/secret-clinical-72h-deodorant-light-and-fresh-45g\/"]}]},{"@type":"ImageObject","inLanguage":"fr-FR","@id":"https:\/\/paracherkaoui.ma\/index.php\/produit\/secret-clinical-72h-deodorant-light-and-fresh-45g\/#primaryimage","url":"https:\/\/paracherkaoui.ma\/wp-content\/uploads\/2025\/12\/secret-secret-clinical-72h-deodorant-light-and-fresh-45g-produits-americains-visage-et-corps.jpg","contentUrl":"https:\/\/paracherkaoui.ma\/wp-content\/uploads\/2025\/12\/secret-secret-clinical-72h-deodorant-light-and-fresh-45g-produits-americains-visage-et-corps.jpg","width":700,"height":700},{"@type":"BreadcrumbList","@id":"https:\/\/paracherkaoui.ma\/index.php\/produit\/secret-clinical-72h-deodorant-light-and-fresh-45g\/#breadcrumb","itemListElement":[{"@type":"ListItem","position":1,"name":"Accueil","item":"https:\/\/paracherkaoui.ma\/"},{"@type":"ListItem","position":2,"name":"Boutique","item":"https:\/\/paracherkaoui.ma\/index.php\/boutique\/"},{"@type":"ListItem","position":3,"name":"SECRET CLINICAL 72H DEODORANT LIGHT AND FRESH 45G"}]},{"@type":"WebSite","@id":"https:\/\/paracherkaoui.ma\/#website","url":"https:\/\/paracherkaoui.ma\/","name":"Paracherkaoui.ma","description":"Achetez en ligne sur Paracherkaoui.ma","potentialAction":[{"@type":"SearchAction","target":{"@type":"EntryPoint","urlTemplate":"https:\/\/paracherkaoui.ma\/?s={search_term_string}"},"query-input":{"@type":"PropertyValueSpecification","valueRequired":true,"valueName":"search_term_string"}}],"inLanguage":"fr-FR"}]}},"_links":{"self":[{"href":"https:\/\/paracherkaoui.ma\/index.php\/wp-json\/wp\/v2\/product\/34802","targetHints":{"allow":["GET"]}}],"collection":[{"href":"https:\/\/paracherkaoui.ma\/index.php\/wp-json\/wp\/v2\/product"}],"about":[{"href":"https:\/\/paracherkaoui.ma\/index.php\/wp-json\/wp\/v2\/types\/product"}],"replies":[{"embeddable":true,"href":"https:\/\/paracherkaoui.ma\/index.php\/wp-json\/wp\/v2\/comments?post=34802"}],"version-history":[{"count":1,"href":"https:\/\/paracherkaoui.ma\/index.php\/wp-json\/wp\/v2\/product\/34802\/revisions"}],"predecessor-version":[{"id":34843,"href":"https:\/\/paracherkaoui.ma\/index.php\/wp-json\/wp\/v2\/product\/34802\/revisions\/34843"}],"wp:featuredmedia":[{"embeddable":true,"href":"https:\/\/paracherkaoui.ma\/index.php\/wp-json\/wp\/v2\/media\/34842"}],"wp:attachment":[{"href":"https:\/\/paracherkaoui.ma\/index.php\/wp-json\/wp\/v2\/media?parent=34802"}],"wp:term":[{"taxonomy":"product_brand","embeddable":true,"href":"https:\/\/paracherkaoui.ma\/index.php\/wp-json\/wp\/v2\/product_brand?post=34802"},{"taxonomy":"product_cat","embeddable":true,"href":"https:\/\/paracherkaoui.ma\/index.php\/wp-json\/wp\/v2\/product_cat?post=34802"},{"taxonomy":"product_tag","embeddable":true,"href":"https:\/\/paracherkaoui.ma\/index.php\/wp-json\/wp\/v2\/product_tag?post=34802"}],"curies":[{"name":"wp","href":"https:\/\/api.w.org\/{rel}","templated":true}]}}