{"id":34801,"date":"2025-12-12T18:52:57","date_gmt":"2025-12-12T17:52:57","guid":{"rendered":"https:\/\/test.ecbeaute.com\/?post_type=product&#038;p=34801"},"modified":"2025-12-12T18:53:02","modified_gmt":"2025-12-12T17:53:02","slug":"laino-deodorant-anti-transpirant-coco-2","status":"publish","type":"product","link":"https:\/\/paracherkaoui.ma\/index.php\/produit\/laino-deodorant-anti-transpirant-coco-2\/","title":{"rendered":"LAINO DEODORANT ANTI TRANSPIRANT COCO"},"content":{"rendered":"<p>Compos\u00e9 \u00e0 100% d&rsquo;ingr\u00e9dients d&rsquo;origine naturelle, ce nouveau d\u00e9odorant certifi\u00e9 BIO prot\u00e8ge de la transpiration et des odeurs pendant 48 heures, laissant la peau d\u00e9licatement parfum\u00e9e de son doux parfum de noix de coco. Formul\u00e9e \u00e0 base de poudre de bambou, d&rsquo;huile de sauge et d&rsquo;huile de coco BIO, elle procure une sensation de fra\u00eecheur intense et vous garde active et fra\u00eeche toute la journ\u00e9e. Adapt\u00e9 \u00e0 tous les types de peau, m\u00eame aux peaux sensibles, c&rsquo;est votre produit le plus b\u00e9n\u00e9fique au quotidien. Il s\u00e8che rapidement et ne laisse pas de traces blanches.<br \/>\nConseils d&rsquo;utilisation:<br \/>\nAppliquez le produit sur les aisselles.<\/p>\n","protected":false},"excerpt":{"rendered":"<p>Compos\u00e9 \u00e0 100% d&rsquo;ingr\u00e9dients d&rsquo;origine naturelle, ce nouveau d\u00e9odorant certifi\u00e9 BIO prot\u00e8ge de la transpiration et des odeurs pendant 48<\/p>\n","protected":false},"featured_media":34637,"comment_status":"open","ping_status":"closed","template":"","meta":[],"product_brand":[324],"product_cat":[626],"product_tag":[],"class_list":{"0":"post-34801","1":"product","2":"type-product","3":"status-publish","4":"has-post-thumbnail","6":"product_brand-laino","7":"product_cat-deodorants","9":"first","10":"instock","11":"sale","12":"shipping-taxable","13":"purchasable","14":"product-type-simple"},"yoast_head":"<!-- This site is optimized with the Yoast SEO plugin v26.6 - https:\/\/yoast.com\/wordpress\/plugins\/seo\/ -->\r\n<title>LAINO DEODORANT ANTI TRANSPIRANT COCO - Paracherkaoui.ma<\/title>\r\n<meta name=\"robots\" content=\"index, follow, max-snippet:-1, max-image-preview:large, max-video-preview:-1\" \/>\r\n<link rel=\"canonical\" href=\"https:\/\/paracherkaoui.ma\/index.php\/produit\/laino-deodorant-anti-transpirant-coco-2\/\" \/>\r\n<meta property=\"og:locale\" content=\"fr_FR\" \/>\r\n<meta property=\"og:type\" content=\"article\" \/>\r\n<meta property=\"og:title\" content=\"LAINO DEODORANT ANTI TRANSPIRANT COCO - Paracherkaoui.ma\" \/>\r\n<meta property=\"og:description\" content=\"Compos\u00e9 \u00e0 100% d&rsquo;ingr\u00e9dients d&rsquo;origine naturelle, ce nouveau d\u00e9odorant certifi\u00e9 BIO prot\u00e8ge de la transpiration et des odeurs pendant 48\" \/>\r\n<meta property=\"og:url\" content=\"https:\/\/paracherkaoui.ma\/index.php\/produit\/laino-deodorant-anti-transpirant-coco-2\/\" \/>\r\n<meta property=\"og:site_name\" content=\"Paracherkaoui.ma\" \/>\r\n<meta property=\"article:modified_time\" content=\"2025-12-12T17:53:02+00:00\" \/>\r\n<meta property=\"og:image\" content=\"https:\/\/paracherkaoui.ma\/wp-content\/uploads\/2025\/12\/laino-laino-deodorant-anti-transpirant-coco-anti-transpirants.jpg\" \/>\r\n\t<meta property=\"og:image:width\" content=\"700\" \/>\r\n\t<meta property=\"og:image:height\" content=\"700\" \/>\r\n\t<meta property=\"og:image:type\" content=\"image\/jpeg\" \/>\r\n<meta name=\"twitter:card\" content=\"summary_large_image\" \/>\r\n<meta name=\"twitter:label1\" content=\"Dur\u00e9e de lecture estim\u00e9e\" \/>\n\t<meta name=\"twitter:data1\" content=\"1 minute\" \/>\r\n<script type=\"application\/ld+json\" class=\"yoast-schema-graph\">{\"@context\":\"https:\/\/schema.org\",\"@graph\":[{\"@type\":\"WebPage\",\"@id\":\"https:\/\/paracherkaoui.ma\/index.php\/produit\/laino-deodorant-anti-transpirant-coco-2\/\",\"url\":\"https:\/\/paracherkaoui.ma\/index.php\/produit\/laino-deodorant-anti-transpirant-coco-2\/\",\"name\":\"LAINO DEODORANT ANTI TRANSPIRANT COCO - Paracherkaoui.ma\",\"isPartOf\":{\"@id\":\"https:\/\/paracherkaoui.ma\/#website\"},\"primaryImageOfPage\":{\"@id\":\"https:\/\/paracherkaoui.ma\/index.php\/produit\/laino-deodorant-anti-transpirant-coco-2\/#primaryimage\"},\"image\":{\"@id\":\"https:\/\/paracherkaoui.ma\/index.php\/produit\/laino-deodorant-anti-transpirant-coco-2\/#primaryimage\"},\"thumbnailUrl\":\"https:\/\/paracherkaoui.ma\/wp-content\/uploads\/2025\/12\/laino-laino-deodorant-anti-transpirant-coco-anti-transpirants.jpg\",\"datePublished\":\"2025-12-12T17:52:57+00:00\",\"dateModified\":\"2025-12-12T17:53:02+00:00\",\"breadcrumb\":{\"@id\":\"https:\/\/paracherkaoui.ma\/index.php\/produit\/laino-deodorant-anti-transpirant-coco-2\/#breadcrumb\"},\"inLanguage\":\"fr-FR\",\"potentialAction\":[{\"@type\":\"ReadAction\",\"target\":[\"https:\/\/paracherkaoui.ma\/index.php\/produit\/laino-deodorant-anti-transpirant-coco-2\/\"]}]},{\"@type\":\"ImageObject\",\"inLanguage\":\"fr-FR\",\"@id\":\"https:\/\/paracherkaoui.ma\/index.php\/produit\/laino-deodorant-anti-transpirant-coco-2\/#primaryimage\",\"url\":\"https:\/\/paracherkaoui.ma\/wp-content\/uploads\/2025\/12\/laino-laino-deodorant-anti-transpirant-coco-anti-transpirants.jpg\",\"contentUrl\":\"https:\/\/paracherkaoui.ma\/wp-content\/uploads\/2025\/12\/laino-laino-deodorant-anti-transpirant-coco-anti-transpirants.jpg\",\"width\":700,\"height\":700},{\"@type\":\"BreadcrumbList\",\"@id\":\"https:\/\/paracherkaoui.ma\/index.php\/produit\/laino-deodorant-anti-transpirant-coco-2\/#breadcrumb\",\"itemListElement\":[{\"@type\":\"ListItem\",\"position\":1,\"name\":\"Accueil\",\"item\":\"https:\/\/paracherkaoui.ma\/\"},{\"@type\":\"ListItem\",\"position\":2,\"name\":\"Boutique\",\"item\":\"https:\/\/paracherkaoui.ma\/index.php\/boutique\/\"},{\"@type\":\"ListItem\",\"position\":3,\"name\":\"LAINO DEODORANT ANTI TRANSPIRANT COCO\"}]},{\"@type\":\"WebSite\",\"@id\":\"https:\/\/paracherkaoui.ma\/#website\",\"url\":\"https:\/\/paracherkaoui.ma\/\",\"name\":\"Paracherkaoui.ma\",\"description\":\"Achetez en ligne sur Paracherkaoui.ma\",\"potentialAction\":[{\"@type\":\"SearchAction\",\"target\":{\"@type\":\"EntryPoint\",\"urlTemplate\":\"https:\/\/paracherkaoui.ma\/?s={search_term_string}\"},\"query-input\":{\"@type\":\"PropertyValueSpecification\",\"valueRequired\":true,\"valueName\":\"search_term_string\"}}],\"inLanguage\":\"fr-FR\"}]}<\/script>\r\n<!-- \/ Yoast SEO plugin. -->","yoast_head_json":{"title":"LAINO DEODORANT ANTI TRANSPIRANT COCO - Paracherkaoui.ma","robots":{"index":"index","follow":"follow","max-snippet":"max-snippet:-1","max-image-preview":"max-image-preview:large","max-video-preview":"max-video-preview:-1"},"canonical":"https:\/\/paracherkaoui.ma\/index.php\/produit\/laino-deodorant-anti-transpirant-coco-2\/","og_locale":"fr_FR","og_type":"article","og_title":"LAINO DEODORANT ANTI TRANSPIRANT COCO - Paracherkaoui.ma","og_description":"Compos\u00e9 \u00e0 100% d&rsquo;ingr\u00e9dients d&rsquo;origine naturelle, ce nouveau d\u00e9odorant certifi\u00e9 BIO prot\u00e8ge de la transpiration et des odeurs pendant 48","og_url":"https:\/\/paracherkaoui.ma\/index.php\/produit\/laino-deodorant-anti-transpirant-coco-2\/","og_site_name":"Paracherkaoui.ma","article_modified_time":"2025-12-12T17:53:02+00:00","og_image":[{"width":700,"height":700,"url":"https:\/\/paracherkaoui.ma\/wp-content\/uploads\/2025\/12\/laino-laino-deodorant-anti-transpirant-coco-anti-transpirants.jpg","type":"image\/jpeg"}],"twitter_card":"summary_large_image","twitter_misc":{"Dur\u00e9e de lecture estim\u00e9e":"1 minute"},"schema":{"@context":"https:\/\/schema.org","@graph":[{"@type":"WebPage","@id":"https:\/\/paracherkaoui.ma\/index.php\/produit\/laino-deodorant-anti-transpirant-coco-2\/","url":"https:\/\/paracherkaoui.ma\/index.php\/produit\/laino-deodorant-anti-transpirant-coco-2\/","name":"LAINO DEODORANT ANTI TRANSPIRANT COCO - Paracherkaoui.ma","isPartOf":{"@id":"https:\/\/paracherkaoui.ma\/#website"},"primaryImageOfPage":{"@id":"https:\/\/paracherkaoui.ma\/index.php\/produit\/laino-deodorant-anti-transpirant-coco-2\/#primaryimage"},"image":{"@id":"https:\/\/paracherkaoui.ma\/index.php\/produit\/laino-deodorant-anti-transpirant-coco-2\/#primaryimage"},"thumbnailUrl":"https:\/\/paracherkaoui.ma\/wp-content\/uploads\/2025\/12\/laino-laino-deodorant-anti-transpirant-coco-anti-transpirants.jpg","datePublished":"2025-12-12T17:52:57+00:00","dateModified":"2025-12-12T17:53:02+00:00","breadcrumb":{"@id":"https:\/\/paracherkaoui.ma\/index.php\/produit\/laino-deodorant-anti-transpirant-coco-2\/#breadcrumb"},"inLanguage":"fr-FR","potentialAction":[{"@type":"ReadAction","target":["https:\/\/paracherkaoui.ma\/index.php\/produit\/laino-deodorant-anti-transpirant-coco-2\/"]}]},{"@type":"ImageObject","inLanguage":"fr-FR","@id":"https:\/\/paracherkaoui.ma\/index.php\/produit\/laino-deodorant-anti-transpirant-coco-2\/#primaryimage","url":"https:\/\/paracherkaoui.ma\/wp-content\/uploads\/2025\/12\/laino-laino-deodorant-anti-transpirant-coco-anti-transpirants.jpg","contentUrl":"https:\/\/paracherkaoui.ma\/wp-content\/uploads\/2025\/12\/laino-laino-deodorant-anti-transpirant-coco-anti-transpirants.jpg","width":700,"height":700},{"@type":"BreadcrumbList","@id":"https:\/\/paracherkaoui.ma\/index.php\/produit\/laino-deodorant-anti-transpirant-coco-2\/#breadcrumb","itemListElement":[{"@type":"ListItem","position":1,"name":"Accueil","item":"https:\/\/paracherkaoui.ma\/"},{"@type":"ListItem","position":2,"name":"Boutique","item":"https:\/\/paracherkaoui.ma\/index.php\/boutique\/"},{"@type":"ListItem","position":3,"name":"LAINO DEODORANT ANTI TRANSPIRANT COCO"}]},{"@type":"WebSite","@id":"https:\/\/paracherkaoui.ma\/#website","url":"https:\/\/paracherkaoui.ma\/","name":"Paracherkaoui.ma","description":"Achetez en ligne sur Paracherkaoui.ma","potentialAction":[{"@type":"SearchAction","target":{"@type":"EntryPoint","urlTemplate":"https:\/\/paracherkaoui.ma\/?s={search_term_string}"},"query-input":{"@type":"PropertyValueSpecification","valueRequired":true,"valueName":"search_term_string"}}],"inLanguage":"fr-FR"}]}},"_links":{"self":[{"href":"https:\/\/paracherkaoui.ma\/index.php\/wp-json\/wp\/v2\/product\/34801","targetHints":{"allow":["GET"]}}],"collection":[{"href":"https:\/\/paracherkaoui.ma\/index.php\/wp-json\/wp\/v2\/product"}],"about":[{"href":"https:\/\/paracherkaoui.ma\/index.php\/wp-json\/wp\/v2\/types\/product"}],"replies":[{"embeddable":true,"href":"https:\/\/paracherkaoui.ma\/index.php\/wp-json\/wp\/v2\/comments?post=34801"}],"version-history":[{"count":1,"href":"https:\/\/paracherkaoui.ma\/index.php\/wp-json\/wp\/v2\/product\/34801\/revisions"}],"predecessor-version":[{"id":34841,"href":"https:\/\/paracherkaoui.ma\/index.php\/wp-json\/wp\/v2\/product\/34801\/revisions\/34841"}],"wp:featuredmedia":[{"embeddable":true,"href":"https:\/\/paracherkaoui.ma\/index.php\/wp-json\/wp\/v2\/media\/34637"}],"wp:attachment":[{"href":"https:\/\/paracherkaoui.ma\/index.php\/wp-json\/wp\/v2\/media?parent=34801"}],"wp:term":[{"taxonomy":"product_brand","embeddable":true,"href":"https:\/\/paracherkaoui.ma\/index.php\/wp-json\/wp\/v2\/product_brand?post=34801"},{"taxonomy":"product_cat","embeddable":true,"href":"https:\/\/paracherkaoui.ma\/index.php\/wp-json\/wp\/v2\/product_cat?post=34801"},{"taxonomy":"product_tag","embeddable":true,"href":"https:\/\/paracherkaoui.ma\/index.php\/wp-json\/wp\/v2\/product_tag?post=34801"}],"curies":[{"name":"wp","href":"https:\/\/api.w.org\/{rel}","templated":true}]}}