{"id":34726,"date":"2025-12-12T18:52:50","date_gmt":"2025-12-12T17:52:50","guid":{"rendered":"https:\/\/test.ecbeaute.com\/?post_type=product&#038;p=34726"},"modified":"2025-12-12T18:52:54","modified_gmt":"2025-12-12T17:52:54","slug":"nuxe-reve-de-the-2-deodorants-roll-on-50ml","status":"publish","type":"product","link":"https:\/\/paracherkaoui.ma\/index.php\/produit\/nuxe-reve-de-the-2-deodorants-roll-on-50ml\/","title":{"rendered":"NUXE REVE DE THE 2 DEODORANTS ROLL ON 50ML"},"content":{"rendered":"<p>Le quotidien tr\u00e9pidant exige une protection d\u00e9odorante sur laquelle on peut compter. Les D\u00e9odorants Roll-On NUXE R\u00eave de Th\u00e9 sont con\u00e7us pour vous offrir une protection d\u00e9odorante efficace pendant 24 heures\u207d\u00b9\u207e. Que ce soit au travail, pendant vos activit\u00e9s sportives ou lors de vos moments de d\u00e9tente, vous restez fra\u00eeche et confiante, sans aucune compromis. Ce duo est id\u00e9al pour avoir toujours un d\u00e9odorant \u00e0 port\u00e9e de main, \u00e0 la maison comme dans votre sac.<br \/>\nCe qui rend ce d\u00e9odorant si unique et agr\u00e9able \u00e0 utiliser, c&rsquo;est sa texture fluide. Elle est con\u00e7ue pour p\u00e9n\u00e9trer rapidement sans laisser de fini collant, une caract\u00e9ristique essentielle pour un confort imm\u00e9diat apr\u00e8s l&rsquo;application. Fini la sensation d\u00e9sagr\u00e9able de peau humide ou collante sous les aisselles ! Au lieu de cela, vous ressentez une sensation de fra\u00eecheur instantan\u00e9e qui vous accompagne d\u00e8s la premi\u00e8re minute.<br \/>\nLe parfum ressour\u00e7ant de Th\u00e9 Vert est un v\u00e9ritable atout sensoriel. L\u00e9ger, frais et vivifiant, il apporte une touche d&rsquo;\u00e9l\u00e9gance discr\u00e8te et contribue \u00e0 une sensation de propret\u00e9 durable. Il ne masque pas les odeurs, il les pr\u00e9vient, laissant sur votre peau un sillage d\u00e9licat et naturel.<br \/>\nUn autre avantage majeur, et non des moindres, est que ce d\u00e9odorant ne laisse aucune trace sur les v\u00eatements. Ni de marques blanches sur les tissus fonc\u00e9s, ni de taches jaunes sur les v\u00eatements clairs. Vous pouvez vous habiller en toute confiance, sachant que votre tenue restera impeccable.<br \/>\nConseils d&rsquo;utilisation :<br \/>\nLe matin, apr\u00e8s la douche, appliquez le d\u00e9odorant sur une peau propre et s\u00e8che.<br \/>\nRenouvelez l&rsquo;application \u00e0 tout moment de la journ\u00e9e si vous en ressentez le besoin.<\/p>\n","protected":false},"excerpt":{"rendered":"<p>Le quotidien tr\u00e9pidant exige une protection d\u00e9odorante sur laquelle on peut compter. Les D\u00e9odorants Roll-On NUXE R\u00eave de Th\u00e9 sont<\/p>\n","protected":false},"featured_media":34765,"comment_status":"open","ping_status":"closed","template":"","meta":[],"product_brand":[230],"product_cat":[626],"product_tag":[],"class_list":{"0":"post-34726","1":"product","2":"type-product","3":"status-publish","4":"has-post-thumbnail","6":"product_brand-nuxe","7":"product_cat-deodorants","9":"first","10":"instock","11":"sale","12":"shipping-taxable","13":"purchasable","14":"product-type-simple"},"yoast_head":"<!-- This site is optimized with the Yoast SEO plugin v26.6 - https:\/\/yoast.com\/wordpress\/plugins\/seo\/ -->\r\n<title>NUXE REVE DE THE 2 DEODORANTS ROLL ON 50ML - Paracherkaoui.ma<\/title>\r\n<meta name=\"robots\" content=\"index, follow, max-snippet:-1, max-image-preview:large, max-video-preview:-1\" \/>\r\n<link rel=\"canonical\" href=\"https:\/\/paracherkaoui.ma\/index.php\/produit\/nuxe-reve-de-the-2-deodorants-roll-on-50ml\/\" \/>\r\n<meta property=\"og:locale\" content=\"fr_FR\" \/>\r\n<meta property=\"og:type\" content=\"article\" \/>\r\n<meta property=\"og:title\" content=\"NUXE REVE DE THE 2 DEODORANTS ROLL ON 50ML - Paracherkaoui.ma\" \/>\r\n<meta property=\"og:description\" content=\"Le quotidien tr\u00e9pidant exige une protection d\u00e9odorante sur laquelle on peut compter. Les D\u00e9odorants Roll-On NUXE R\u00eave de Th\u00e9 sont\" \/>\r\n<meta property=\"og:url\" content=\"https:\/\/paracherkaoui.ma\/index.php\/produit\/nuxe-reve-de-the-2-deodorants-roll-on-50ml\/\" \/>\r\n<meta property=\"og:site_name\" content=\"Paracherkaoui.ma\" \/>\r\n<meta property=\"article:modified_time\" content=\"2025-12-12T17:52:54+00:00\" \/>\r\n<meta property=\"og:image\" content=\"https:\/\/paracherkaoui.ma\/wp-content\/uploads\/2025\/12\/nuxe-reve-de-the-2-deodorants-roll-on-50ml.jpg\" \/>\r\n\t<meta property=\"og:image:width\" content=\"700\" \/>\r\n\t<meta property=\"og:image:height\" content=\"700\" \/>\r\n\t<meta property=\"og:image:type\" content=\"image\/jpeg\" \/>\r\n<meta name=\"twitter:card\" content=\"summary_large_image\" \/>\r\n<meta name=\"twitter:label1\" content=\"Dur\u00e9e de lecture estim\u00e9e\" \/>\n\t<meta name=\"twitter:data1\" content=\"2 minutes\" \/>\r\n<script type=\"application\/ld+json\" class=\"yoast-schema-graph\">{\"@context\":\"https:\/\/schema.org\",\"@graph\":[{\"@type\":\"WebPage\",\"@id\":\"https:\/\/paracherkaoui.ma\/index.php\/produit\/nuxe-reve-de-the-2-deodorants-roll-on-50ml\/\",\"url\":\"https:\/\/paracherkaoui.ma\/index.php\/produit\/nuxe-reve-de-the-2-deodorants-roll-on-50ml\/\",\"name\":\"NUXE REVE DE THE 2 DEODORANTS ROLL ON 50ML - Paracherkaoui.ma\",\"isPartOf\":{\"@id\":\"https:\/\/paracherkaoui.ma\/#website\"},\"primaryImageOfPage\":{\"@id\":\"https:\/\/paracherkaoui.ma\/index.php\/produit\/nuxe-reve-de-the-2-deodorants-roll-on-50ml\/#primaryimage\"},\"image\":{\"@id\":\"https:\/\/paracherkaoui.ma\/index.php\/produit\/nuxe-reve-de-the-2-deodorants-roll-on-50ml\/#primaryimage\"},\"thumbnailUrl\":\"https:\/\/paracherkaoui.ma\/wp-content\/uploads\/2025\/12\/nuxe-reve-de-the-2-deodorants-roll-on-50ml.jpg\",\"datePublished\":\"2025-12-12T17:52:50+00:00\",\"dateModified\":\"2025-12-12T17:52:54+00:00\",\"breadcrumb\":{\"@id\":\"https:\/\/paracherkaoui.ma\/index.php\/produit\/nuxe-reve-de-the-2-deodorants-roll-on-50ml\/#breadcrumb\"},\"inLanguage\":\"fr-FR\",\"potentialAction\":[{\"@type\":\"ReadAction\",\"target\":[\"https:\/\/paracherkaoui.ma\/index.php\/produit\/nuxe-reve-de-the-2-deodorants-roll-on-50ml\/\"]}]},{\"@type\":\"ImageObject\",\"inLanguage\":\"fr-FR\",\"@id\":\"https:\/\/paracherkaoui.ma\/index.php\/produit\/nuxe-reve-de-the-2-deodorants-roll-on-50ml\/#primaryimage\",\"url\":\"https:\/\/paracherkaoui.ma\/wp-content\/uploads\/2025\/12\/nuxe-reve-de-the-2-deodorants-roll-on-50ml.jpg\",\"contentUrl\":\"https:\/\/paracherkaoui.ma\/wp-content\/uploads\/2025\/12\/nuxe-reve-de-the-2-deodorants-roll-on-50ml.jpg\",\"width\":700,\"height\":700},{\"@type\":\"BreadcrumbList\",\"@id\":\"https:\/\/paracherkaoui.ma\/index.php\/produit\/nuxe-reve-de-the-2-deodorants-roll-on-50ml\/#breadcrumb\",\"itemListElement\":[{\"@type\":\"ListItem\",\"position\":1,\"name\":\"Accueil\",\"item\":\"https:\/\/paracherkaoui.ma\/\"},{\"@type\":\"ListItem\",\"position\":2,\"name\":\"Boutique\",\"item\":\"https:\/\/paracherkaoui.ma\/index.php\/boutique\/\"},{\"@type\":\"ListItem\",\"position\":3,\"name\":\"NUXE REVE DE THE 2 DEODORANTS ROLL ON 50ML\"}]},{\"@type\":\"WebSite\",\"@id\":\"https:\/\/paracherkaoui.ma\/#website\",\"url\":\"https:\/\/paracherkaoui.ma\/\",\"name\":\"Paracherkaoui.ma\",\"description\":\"Achetez en ligne sur Paracherkaoui.ma\",\"potentialAction\":[{\"@type\":\"SearchAction\",\"target\":{\"@type\":\"EntryPoint\",\"urlTemplate\":\"https:\/\/paracherkaoui.ma\/?s={search_term_string}\"},\"query-input\":{\"@type\":\"PropertyValueSpecification\",\"valueRequired\":true,\"valueName\":\"search_term_string\"}}],\"inLanguage\":\"fr-FR\"}]}<\/script>\r\n<!-- \/ Yoast SEO plugin. -->","yoast_head_json":{"title":"NUXE REVE DE THE 2 DEODORANTS ROLL ON 50ML - Paracherkaoui.ma","robots":{"index":"index","follow":"follow","max-snippet":"max-snippet:-1","max-image-preview":"max-image-preview:large","max-video-preview":"max-video-preview:-1"},"canonical":"https:\/\/paracherkaoui.ma\/index.php\/produit\/nuxe-reve-de-the-2-deodorants-roll-on-50ml\/","og_locale":"fr_FR","og_type":"article","og_title":"NUXE REVE DE THE 2 DEODORANTS ROLL ON 50ML - Paracherkaoui.ma","og_description":"Le quotidien tr\u00e9pidant exige une protection d\u00e9odorante sur laquelle on peut compter. Les D\u00e9odorants Roll-On NUXE R\u00eave de Th\u00e9 sont","og_url":"https:\/\/paracherkaoui.ma\/index.php\/produit\/nuxe-reve-de-the-2-deodorants-roll-on-50ml\/","og_site_name":"Paracherkaoui.ma","article_modified_time":"2025-12-12T17:52:54+00:00","og_image":[{"width":700,"height":700,"url":"https:\/\/paracherkaoui.ma\/wp-content\/uploads\/2025\/12\/nuxe-reve-de-the-2-deodorants-roll-on-50ml.jpg","type":"image\/jpeg"}],"twitter_card":"summary_large_image","twitter_misc":{"Dur\u00e9e de lecture estim\u00e9e":"2 minutes"},"schema":{"@context":"https:\/\/schema.org","@graph":[{"@type":"WebPage","@id":"https:\/\/paracherkaoui.ma\/index.php\/produit\/nuxe-reve-de-the-2-deodorants-roll-on-50ml\/","url":"https:\/\/paracherkaoui.ma\/index.php\/produit\/nuxe-reve-de-the-2-deodorants-roll-on-50ml\/","name":"NUXE REVE DE THE 2 DEODORANTS ROLL ON 50ML - Paracherkaoui.ma","isPartOf":{"@id":"https:\/\/paracherkaoui.ma\/#website"},"primaryImageOfPage":{"@id":"https:\/\/paracherkaoui.ma\/index.php\/produit\/nuxe-reve-de-the-2-deodorants-roll-on-50ml\/#primaryimage"},"image":{"@id":"https:\/\/paracherkaoui.ma\/index.php\/produit\/nuxe-reve-de-the-2-deodorants-roll-on-50ml\/#primaryimage"},"thumbnailUrl":"https:\/\/paracherkaoui.ma\/wp-content\/uploads\/2025\/12\/nuxe-reve-de-the-2-deodorants-roll-on-50ml.jpg","datePublished":"2025-12-12T17:52:50+00:00","dateModified":"2025-12-12T17:52:54+00:00","breadcrumb":{"@id":"https:\/\/paracherkaoui.ma\/index.php\/produit\/nuxe-reve-de-the-2-deodorants-roll-on-50ml\/#breadcrumb"},"inLanguage":"fr-FR","potentialAction":[{"@type":"ReadAction","target":["https:\/\/paracherkaoui.ma\/index.php\/produit\/nuxe-reve-de-the-2-deodorants-roll-on-50ml\/"]}]},{"@type":"ImageObject","inLanguage":"fr-FR","@id":"https:\/\/paracherkaoui.ma\/index.php\/produit\/nuxe-reve-de-the-2-deodorants-roll-on-50ml\/#primaryimage","url":"https:\/\/paracherkaoui.ma\/wp-content\/uploads\/2025\/12\/nuxe-reve-de-the-2-deodorants-roll-on-50ml.jpg","contentUrl":"https:\/\/paracherkaoui.ma\/wp-content\/uploads\/2025\/12\/nuxe-reve-de-the-2-deodorants-roll-on-50ml.jpg","width":700,"height":700},{"@type":"BreadcrumbList","@id":"https:\/\/paracherkaoui.ma\/index.php\/produit\/nuxe-reve-de-the-2-deodorants-roll-on-50ml\/#breadcrumb","itemListElement":[{"@type":"ListItem","position":1,"name":"Accueil","item":"https:\/\/paracherkaoui.ma\/"},{"@type":"ListItem","position":2,"name":"Boutique","item":"https:\/\/paracherkaoui.ma\/index.php\/boutique\/"},{"@type":"ListItem","position":3,"name":"NUXE REVE DE THE 2 DEODORANTS ROLL ON 50ML"}]},{"@type":"WebSite","@id":"https:\/\/paracherkaoui.ma\/#website","url":"https:\/\/paracherkaoui.ma\/","name":"Paracherkaoui.ma","description":"Achetez en ligne sur Paracherkaoui.ma","potentialAction":[{"@type":"SearchAction","target":{"@type":"EntryPoint","urlTemplate":"https:\/\/paracherkaoui.ma\/?s={search_term_string}"},"query-input":{"@type":"PropertyValueSpecification","valueRequired":true,"valueName":"search_term_string"}}],"inLanguage":"fr-FR"}]}},"_links":{"self":[{"href":"https:\/\/paracherkaoui.ma\/index.php\/wp-json\/wp\/v2\/product\/34726","targetHints":{"allow":["GET"]}}],"collection":[{"href":"https:\/\/paracherkaoui.ma\/index.php\/wp-json\/wp\/v2\/product"}],"about":[{"href":"https:\/\/paracherkaoui.ma\/index.php\/wp-json\/wp\/v2\/types\/product"}],"replies":[{"embeddable":true,"href":"https:\/\/paracherkaoui.ma\/index.php\/wp-json\/wp\/v2\/comments?post=34726"}],"version-history":[{"count":1,"href":"https:\/\/paracherkaoui.ma\/index.php\/wp-json\/wp\/v2\/product\/34726\/revisions"}],"predecessor-version":[{"id":34766,"href":"https:\/\/paracherkaoui.ma\/index.php\/wp-json\/wp\/v2\/product\/34726\/revisions\/34766"}],"wp:featuredmedia":[{"embeddable":true,"href":"https:\/\/paracherkaoui.ma\/index.php\/wp-json\/wp\/v2\/media\/34765"}],"wp:attachment":[{"href":"https:\/\/paracherkaoui.ma\/index.php\/wp-json\/wp\/v2\/media?parent=34726"}],"wp:term":[{"taxonomy":"product_brand","embeddable":true,"href":"https:\/\/paracherkaoui.ma\/index.php\/wp-json\/wp\/v2\/product_brand?post=34726"},{"taxonomy":"product_cat","embeddable":true,"href":"https:\/\/paracherkaoui.ma\/index.php\/wp-json\/wp\/v2\/product_cat?post=34726"},{"taxonomy":"product_tag","embeddable":true,"href":"https:\/\/paracherkaoui.ma\/index.php\/wp-json\/wp\/v2\/product_tag?post=34726"}],"curies":[{"name":"wp","href":"https:\/\/api.w.org\/{rel}","templated":true}]}}