{"id":34722,"date":"2025-12-12T18:52:49","date_gmt":"2025-12-12T17:52:49","guid":{"rendered":"https:\/\/test.ecbeaute.com\/?post_type=product&#038;p=34722"},"modified":"2025-12-12T18:52:53","modified_gmt":"2025-12-12T17:52:53","slug":"biotherm-deodorant-deo-invisible-pure-roll-on-48h-75-ml","status":"publish","type":"product","link":"https:\/\/paracherkaoui.ma\/index.php\/produit\/biotherm-deodorant-deo-invisible-pure-roll-on-48h-75-ml\/","title":{"rendered":"BIOTHERM DEODORANT DEO INVISIBLE PURE ROLL ON 48H 75 ML"},"content":{"rendered":"<p>D\u00e9couvrez le Biotherm D\u00e9odorant Pure Roll-On 48h, votre alli\u00e9 incontournable pour une sensation de fra\u00eecheur et de douceur tout au long de la journ\u00e9e. Sa texture fluide et sa bille large assurent une application facile et agr\u00e9able, permettant de couvrir efficacement les aisselles sans effort. Ce d\u00e9odorant est con\u00e7u pour s&rsquo;adapter \u00e0 votre rythme de vie actif, offrant une protection durable de 48 heures contre les odeurs, tout en laissant la peau respirer.<br \/>\nAu c\u0153ur de sa formule, le Biotherm D\u00e9odorant Pure propose un l\u00e9ger film poudr\u00e9 qui garantit un confort optimal. Il ne laisse aucun effet collant ni traces sur vos v\u00eatements apr\u00e8s s\u00e9chage, ce qui en fait le choix id\u00e9al pour une utilisation quotidienne. Que vous soyez en train de travailler, de vous entra\u00eener ou de profiter de vos activit\u00e9s pr\u00e9f\u00e9r\u00e9es, vous pourrez compter sur ce d\u00e9odorant pour vous garder frais et confiant.<br \/>\nConseils d&rsquo;utilisation :<br \/>\nPour une efficacit\u00e9 optimale, il est recommand\u00e9 d&rsquo;appliquer le d\u00e9odorant apr\u00e8s votre toilette. Assurez-vous de laisser s\u00e9cher quelques instants avant de vous habiller, afin de maximiser la protection et de garantir un fini sec et agr\u00e9able. Sa formule douce convient \u00e0 tous les types de peau, y compris les peaux sensibles.<br \/>\nComposition:<br \/>\nAQUA \/ WATER \u2022 ALUMINUM CHLOROHYDRATE \u2022 PPG-15 STEARYL ETHER \u2022 CETEARYL ALCOHOL \u2022 CETEARETH-33 \u2022 DIMETHICONE \u2022 C12-13 ALKYL LACTATE \u2022 SILICA [NANO] \/ SILICA \u2022 IODOPROPYNYL BUTYLCARBAMATE \u2022 PARFUM \/ FRAGRANCE 882088 &#8211; INGREDIENTS: AQUA \/ WATER \/ EAU \u2022 ALUMINUM CHLOROHYDRATE \u2022 PPG-15 STEARYL ETHER \u2022 CETEARYL ALCOHOL \u2022 CETEARETH-33 \u2022 C12-13 ALKYL LACTATE \u2022 SILICA [NANO] \/ SILICA \u2022 BHT \u2022 PEG-4 \u2022 PEG-4 DILAURATE \u2022 PEG-4 LAURATE \u2022 DIMETHICONE \u2022 IODOPROPYNYL BUTYLCARBAMATE \u2022 PARFUM \/ FRAGRANCE (F.I.L. N290416\/1).<\/p>\n","protected":false},"excerpt":{"rendered":"<p>D\u00e9couvrez le Biotherm D\u00e9odorant Pure Roll-On 48h, votre alli\u00e9 incontournable pour une sensation de fra\u00eecheur et de douceur tout au<\/p>\n","protected":false},"featured_media":34758,"comment_status":"open","ping_status":"closed","template":"","meta":[],"product_brand":[391],"product_cat":[626],"product_tag":[],"class_list":{"0":"post-34722","1":"product","2":"type-product","3":"status-publish","4":"has-post-thumbnail","6":"product_brand-biotherm","7":"product_cat-deodorants","9":"first","10":"instock","11":"shipping-taxable","12":"purchasable","13":"product-type-simple"},"yoast_head":"<!-- This site is optimized with the Yoast SEO plugin v26.6 - https:\/\/yoast.com\/wordpress\/plugins\/seo\/ -->\r\n<title>BIOTHERM DEODORANT DEO INVISIBLE PURE ROLL ON 48H 75 ML - Paracherkaoui.ma<\/title>\r\n<meta name=\"robots\" content=\"index, follow, max-snippet:-1, max-image-preview:large, max-video-preview:-1\" \/>\r\n<link rel=\"canonical\" href=\"https:\/\/paracherkaoui.ma\/index.php\/produit\/biotherm-deodorant-deo-invisible-pure-roll-on-48h-75-ml\/\" \/>\r\n<meta property=\"og:locale\" content=\"fr_FR\" \/>\r\n<meta property=\"og:type\" content=\"article\" \/>\r\n<meta property=\"og:title\" content=\"BIOTHERM DEODORANT DEO INVISIBLE PURE ROLL ON 48H 75 ML - Paracherkaoui.ma\" \/>\r\n<meta property=\"og:description\" content=\"D\u00e9couvrez le Biotherm D\u00e9odorant Pure Roll-On 48h, votre alli\u00e9 incontournable pour une sensation de fra\u00eecheur et de douceur tout au\" \/>\r\n<meta property=\"og:url\" content=\"https:\/\/paracherkaoui.ma\/index.php\/produit\/biotherm-deodorant-deo-invisible-pure-roll-on-48h-75-ml\/\" \/>\r\n<meta property=\"og:site_name\" content=\"Paracherkaoui.ma\" \/>\r\n<meta property=\"article:modified_time\" content=\"2025-12-12T17:52:53+00:00\" \/>\r\n<meta property=\"og:image\" content=\"https:\/\/paracherkaoui.ma\/wp-content\/uploads\/2025\/12\/biotherm-deodorant-deo-invisible-pure-roll-on-48h-75-ml.jpg\" \/>\r\n\t<meta property=\"og:image:width\" content=\"700\" \/>\r\n\t<meta property=\"og:image:height\" content=\"700\" \/>\r\n\t<meta property=\"og:image:type\" content=\"image\/jpeg\" \/>\r\n<meta name=\"twitter:card\" content=\"summary_large_image\" \/>\r\n<meta name=\"twitter:label1\" content=\"Dur\u00e9e de lecture estim\u00e9e\" \/>\n\t<meta name=\"twitter:data1\" content=\"1 minute\" \/>\r\n<script type=\"application\/ld+json\" class=\"yoast-schema-graph\">{\"@context\":\"https:\/\/schema.org\",\"@graph\":[{\"@type\":\"WebPage\",\"@id\":\"https:\/\/paracherkaoui.ma\/index.php\/produit\/biotherm-deodorant-deo-invisible-pure-roll-on-48h-75-ml\/\",\"url\":\"https:\/\/paracherkaoui.ma\/index.php\/produit\/biotherm-deodorant-deo-invisible-pure-roll-on-48h-75-ml\/\",\"name\":\"BIOTHERM DEODORANT DEO INVISIBLE PURE ROLL ON 48H 75 ML - Paracherkaoui.ma\",\"isPartOf\":{\"@id\":\"https:\/\/paracherkaoui.ma\/#website\"},\"primaryImageOfPage\":{\"@id\":\"https:\/\/paracherkaoui.ma\/index.php\/produit\/biotherm-deodorant-deo-invisible-pure-roll-on-48h-75-ml\/#primaryimage\"},\"image\":{\"@id\":\"https:\/\/paracherkaoui.ma\/index.php\/produit\/biotherm-deodorant-deo-invisible-pure-roll-on-48h-75-ml\/#primaryimage\"},\"thumbnailUrl\":\"https:\/\/paracherkaoui.ma\/wp-content\/uploads\/2025\/12\/biotherm-deodorant-deo-invisible-pure-roll-on-48h-75-ml.jpg\",\"datePublished\":\"2025-12-12T17:52:49+00:00\",\"dateModified\":\"2025-12-12T17:52:53+00:00\",\"breadcrumb\":{\"@id\":\"https:\/\/paracherkaoui.ma\/index.php\/produit\/biotherm-deodorant-deo-invisible-pure-roll-on-48h-75-ml\/#breadcrumb\"},\"inLanguage\":\"fr-FR\",\"potentialAction\":[{\"@type\":\"ReadAction\",\"target\":[\"https:\/\/paracherkaoui.ma\/index.php\/produit\/biotherm-deodorant-deo-invisible-pure-roll-on-48h-75-ml\/\"]}]},{\"@type\":\"ImageObject\",\"inLanguage\":\"fr-FR\",\"@id\":\"https:\/\/paracherkaoui.ma\/index.php\/produit\/biotherm-deodorant-deo-invisible-pure-roll-on-48h-75-ml\/#primaryimage\",\"url\":\"https:\/\/paracherkaoui.ma\/wp-content\/uploads\/2025\/12\/biotherm-deodorant-deo-invisible-pure-roll-on-48h-75-ml.jpg\",\"contentUrl\":\"https:\/\/paracherkaoui.ma\/wp-content\/uploads\/2025\/12\/biotherm-deodorant-deo-invisible-pure-roll-on-48h-75-ml.jpg\",\"width\":700,\"height\":700},{\"@type\":\"BreadcrumbList\",\"@id\":\"https:\/\/paracherkaoui.ma\/index.php\/produit\/biotherm-deodorant-deo-invisible-pure-roll-on-48h-75-ml\/#breadcrumb\",\"itemListElement\":[{\"@type\":\"ListItem\",\"position\":1,\"name\":\"Accueil\",\"item\":\"https:\/\/paracherkaoui.ma\/\"},{\"@type\":\"ListItem\",\"position\":2,\"name\":\"Boutique\",\"item\":\"https:\/\/paracherkaoui.ma\/index.php\/boutique\/\"},{\"@type\":\"ListItem\",\"position\":3,\"name\":\"BIOTHERM DEODORANT DEO INVISIBLE PURE ROLL ON 48H 75 ML\"}]},{\"@type\":\"WebSite\",\"@id\":\"https:\/\/paracherkaoui.ma\/#website\",\"url\":\"https:\/\/paracherkaoui.ma\/\",\"name\":\"Paracherkaoui.ma\",\"description\":\"Achetez en ligne sur Paracherkaoui.ma\",\"potentialAction\":[{\"@type\":\"SearchAction\",\"target\":{\"@type\":\"EntryPoint\",\"urlTemplate\":\"https:\/\/paracherkaoui.ma\/?s={search_term_string}\"},\"query-input\":{\"@type\":\"PropertyValueSpecification\",\"valueRequired\":true,\"valueName\":\"search_term_string\"}}],\"inLanguage\":\"fr-FR\"}]}<\/script>\r\n<!-- \/ Yoast SEO plugin. -->","yoast_head_json":{"title":"BIOTHERM DEODORANT DEO INVISIBLE PURE ROLL ON 48H 75 ML - Paracherkaoui.ma","robots":{"index":"index","follow":"follow","max-snippet":"max-snippet:-1","max-image-preview":"max-image-preview:large","max-video-preview":"max-video-preview:-1"},"canonical":"https:\/\/paracherkaoui.ma\/index.php\/produit\/biotherm-deodorant-deo-invisible-pure-roll-on-48h-75-ml\/","og_locale":"fr_FR","og_type":"article","og_title":"BIOTHERM DEODORANT DEO INVISIBLE PURE ROLL ON 48H 75 ML - Paracherkaoui.ma","og_description":"D\u00e9couvrez le Biotherm D\u00e9odorant Pure Roll-On 48h, votre alli\u00e9 incontournable pour une sensation de fra\u00eecheur et de douceur tout au","og_url":"https:\/\/paracherkaoui.ma\/index.php\/produit\/biotherm-deodorant-deo-invisible-pure-roll-on-48h-75-ml\/","og_site_name":"Paracherkaoui.ma","article_modified_time":"2025-12-12T17:52:53+00:00","og_image":[{"width":700,"height":700,"url":"https:\/\/paracherkaoui.ma\/wp-content\/uploads\/2025\/12\/biotherm-deodorant-deo-invisible-pure-roll-on-48h-75-ml.jpg","type":"image\/jpeg"}],"twitter_card":"summary_large_image","twitter_misc":{"Dur\u00e9e de lecture estim\u00e9e":"1 minute"},"schema":{"@context":"https:\/\/schema.org","@graph":[{"@type":"WebPage","@id":"https:\/\/paracherkaoui.ma\/index.php\/produit\/biotherm-deodorant-deo-invisible-pure-roll-on-48h-75-ml\/","url":"https:\/\/paracherkaoui.ma\/index.php\/produit\/biotherm-deodorant-deo-invisible-pure-roll-on-48h-75-ml\/","name":"BIOTHERM DEODORANT DEO INVISIBLE PURE ROLL ON 48H 75 ML - Paracherkaoui.ma","isPartOf":{"@id":"https:\/\/paracherkaoui.ma\/#website"},"primaryImageOfPage":{"@id":"https:\/\/paracherkaoui.ma\/index.php\/produit\/biotherm-deodorant-deo-invisible-pure-roll-on-48h-75-ml\/#primaryimage"},"image":{"@id":"https:\/\/paracherkaoui.ma\/index.php\/produit\/biotherm-deodorant-deo-invisible-pure-roll-on-48h-75-ml\/#primaryimage"},"thumbnailUrl":"https:\/\/paracherkaoui.ma\/wp-content\/uploads\/2025\/12\/biotherm-deodorant-deo-invisible-pure-roll-on-48h-75-ml.jpg","datePublished":"2025-12-12T17:52:49+00:00","dateModified":"2025-12-12T17:52:53+00:00","breadcrumb":{"@id":"https:\/\/paracherkaoui.ma\/index.php\/produit\/biotherm-deodorant-deo-invisible-pure-roll-on-48h-75-ml\/#breadcrumb"},"inLanguage":"fr-FR","potentialAction":[{"@type":"ReadAction","target":["https:\/\/paracherkaoui.ma\/index.php\/produit\/biotherm-deodorant-deo-invisible-pure-roll-on-48h-75-ml\/"]}]},{"@type":"ImageObject","inLanguage":"fr-FR","@id":"https:\/\/paracherkaoui.ma\/index.php\/produit\/biotherm-deodorant-deo-invisible-pure-roll-on-48h-75-ml\/#primaryimage","url":"https:\/\/paracherkaoui.ma\/wp-content\/uploads\/2025\/12\/biotherm-deodorant-deo-invisible-pure-roll-on-48h-75-ml.jpg","contentUrl":"https:\/\/paracherkaoui.ma\/wp-content\/uploads\/2025\/12\/biotherm-deodorant-deo-invisible-pure-roll-on-48h-75-ml.jpg","width":700,"height":700},{"@type":"BreadcrumbList","@id":"https:\/\/paracherkaoui.ma\/index.php\/produit\/biotherm-deodorant-deo-invisible-pure-roll-on-48h-75-ml\/#breadcrumb","itemListElement":[{"@type":"ListItem","position":1,"name":"Accueil","item":"https:\/\/paracherkaoui.ma\/"},{"@type":"ListItem","position":2,"name":"Boutique","item":"https:\/\/paracherkaoui.ma\/index.php\/boutique\/"},{"@type":"ListItem","position":3,"name":"BIOTHERM DEODORANT DEO INVISIBLE PURE ROLL ON 48H 75 ML"}]},{"@type":"WebSite","@id":"https:\/\/paracherkaoui.ma\/#website","url":"https:\/\/paracherkaoui.ma\/","name":"Paracherkaoui.ma","description":"Achetez en ligne sur Paracherkaoui.ma","potentialAction":[{"@type":"SearchAction","target":{"@type":"EntryPoint","urlTemplate":"https:\/\/paracherkaoui.ma\/?s={search_term_string}"},"query-input":{"@type":"PropertyValueSpecification","valueRequired":true,"valueName":"search_term_string"}}],"inLanguage":"fr-FR"}]}},"_links":{"self":[{"href":"https:\/\/paracherkaoui.ma\/index.php\/wp-json\/wp\/v2\/product\/34722","targetHints":{"allow":["GET"]}}],"collection":[{"href":"https:\/\/paracherkaoui.ma\/index.php\/wp-json\/wp\/v2\/product"}],"about":[{"href":"https:\/\/paracherkaoui.ma\/index.php\/wp-json\/wp\/v2\/types\/product"}],"replies":[{"embeddable":true,"href":"https:\/\/paracherkaoui.ma\/index.php\/wp-json\/wp\/v2\/comments?post=34722"}],"version-history":[{"count":1,"href":"https:\/\/paracherkaoui.ma\/index.php\/wp-json\/wp\/v2\/product\/34722\/revisions"}],"predecessor-version":[{"id":34759,"href":"https:\/\/paracherkaoui.ma\/index.php\/wp-json\/wp\/v2\/product\/34722\/revisions\/34759"}],"wp:featuredmedia":[{"embeddable":true,"href":"https:\/\/paracherkaoui.ma\/index.php\/wp-json\/wp\/v2\/media\/34758"}],"wp:attachment":[{"href":"https:\/\/paracherkaoui.ma\/index.php\/wp-json\/wp\/v2\/media?parent=34722"}],"wp:term":[{"taxonomy":"product_brand","embeddable":true,"href":"https:\/\/paracherkaoui.ma\/index.php\/wp-json\/wp\/v2\/product_brand?post=34722"},{"taxonomy":"product_cat","embeddable":true,"href":"https:\/\/paracherkaoui.ma\/index.php\/wp-json\/wp\/v2\/product_cat?post=34722"},{"taxonomy":"product_tag","embeddable":true,"href":"https:\/\/paracherkaoui.ma\/index.php\/wp-json\/wp\/v2\/product_tag?post=34722"}],"curies":[{"name":"wp","href":"https:\/\/api.w.org\/{rel}","templated":true}]}}