{"id":34721,"date":"2025-12-12T18:52:49","date_gmt":"2025-12-12T17:52:49","guid":{"rendered":"https:\/\/test.ecbeaute.com\/?post_type=product&#038;p=34721"},"modified":"2025-12-12T18:52:53","modified_gmt":"2025-12-12T17:52:53","slug":"svr-spirial-deodorant-anti-transpirant-48h-creme-50-ml-3","status":"publish","type":"product","link":"https:\/\/paracherkaoui.ma\/index.php\/produit\/svr-spirial-deodorant-anti-transpirant-48h-creme-50-ml-3\/","title":{"rendered":"SVR SPIRIAL DEODORANT ANTI TRANSPIRANT 48H CREME 50 ML"},"content":{"rendered":"<p>Description:<br \/>\nSVR SPIRIAL D\u00e9odorant ant-transpirant 48H Cr\u00e8me. Transpiration normale \u00e0 excessive pour tous les types de peaux. Ce d\u00e9odorant est sp\u00e9cialement con\u00e7u pour r\u00e9pondre aux probl\u00e8mes de transpiration des aisselles, pieds, mains, plis et visage d\u00fbs \u00e0 l&rsquo;activit\u00e9 physique ou au stress. Anti-traces jaunes et blanches<br \/>\nEfficacit\u00e9 48h, tous types de peaux.<br \/>\nConseils d&rsquo;utilisation :<br \/>\nAppliquer chaque jour sur peau nettoy\u00e9e. Peut-\u00eatre utilis\u00e9 chez les enfants de plus de 3 ans sur avis m\u00e9dical.<\/p>\n","protected":false},"excerpt":{"rendered":"<p>Description: SVR SPIRIAL D\u00e9odorant ant-transpirant 48H Cr\u00e8me. Transpiration normale \u00e0 excessive pour tous les types de peaux. Ce d\u00e9odorant est<\/p>\n","protected":false},"featured_media":14238,"comment_status":"open","ping_status":"closed","template":"","meta":[],"product_brand":[133],"product_cat":[626],"product_tag":[],"class_list":{"0":"post-34721","1":"product","2":"type-product","3":"status-publish","4":"has-post-thumbnail","6":"product_brand-svr","7":"product_cat-deodorants","9":"first","10":"instock","11":"sale","12":"shipping-taxable","13":"purchasable","14":"product-type-simple"},"yoast_head":"<!-- This site is optimized with the Yoast SEO plugin v26.6 - https:\/\/yoast.com\/wordpress\/plugins\/seo\/ -->\r\n<title>SVR SPIRIAL DEODORANT ANTI TRANSPIRANT 48H CREME 50 ML - Paracherkaoui.ma<\/title>\r\n<meta name=\"robots\" content=\"index, follow, max-snippet:-1, max-image-preview:large, max-video-preview:-1\" \/>\r\n<link rel=\"canonical\" href=\"https:\/\/paracherkaoui.ma\/index.php\/produit\/svr-spirial-deodorant-anti-transpirant-48h-creme-50-ml-3\/\" \/>\r\n<meta property=\"og:locale\" content=\"fr_FR\" \/>\r\n<meta property=\"og:type\" content=\"article\" \/>\r\n<meta property=\"og:title\" content=\"SVR SPIRIAL DEODORANT ANTI TRANSPIRANT 48H CREME 50 ML - Paracherkaoui.ma\" \/>\r\n<meta property=\"og:description\" content=\"Description: SVR SPIRIAL D\u00e9odorant ant-transpirant 48H Cr\u00e8me. Transpiration normale \u00e0 excessive pour tous les types de peaux. Ce d\u00e9odorant est\" \/>\r\n<meta property=\"og:url\" content=\"https:\/\/paracherkaoui.ma\/index.php\/produit\/svr-spirial-deodorant-anti-transpirant-48h-creme-50-ml-3\/\" \/>\r\n<meta property=\"og:site_name\" content=\"Paracherkaoui.ma\" \/>\r\n<meta property=\"article:modified_time\" content=\"2025-12-12T17:52:53+00:00\" \/>\r\n<meta property=\"og:image\" content=\"https:\/\/paracherkaoui.ma\/wp-content\/uploads\/2025\/12\/svr-svr-spirial-deodorant-anti-transpirant-48h-creme-50-ml-deodorants.jpg\" \/>\r\n\t<meta property=\"og:image:width\" content=\"700\" \/>\r\n\t<meta property=\"og:image:height\" content=\"700\" \/>\r\n\t<meta property=\"og:image:type\" content=\"image\/jpeg\" \/>\r\n<meta name=\"twitter:card\" content=\"summary_large_image\" \/>\r\n<script type=\"application\/ld+json\" class=\"yoast-schema-graph\">{\"@context\":\"https:\/\/schema.org\",\"@graph\":[{\"@type\":\"WebPage\",\"@id\":\"https:\/\/paracherkaoui.ma\/index.php\/produit\/svr-spirial-deodorant-anti-transpirant-48h-creme-50-ml-3\/\",\"url\":\"https:\/\/paracherkaoui.ma\/index.php\/produit\/svr-spirial-deodorant-anti-transpirant-48h-creme-50-ml-3\/\",\"name\":\"SVR SPIRIAL DEODORANT ANTI TRANSPIRANT 48H CREME 50 ML - Paracherkaoui.ma\",\"isPartOf\":{\"@id\":\"https:\/\/paracherkaoui.ma\/#website\"},\"primaryImageOfPage\":{\"@id\":\"https:\/\/paracherkaoui.ma\/index.php\/produit\/svr-spirial-deodorant-anti-transpirant-48h-creme-50-ml-3\/#primaryimage\"},\"image\":{\"@id\":\"https:\/\/paracherkaoui.ma\/index.php\/produit\/svr-spirial-deodorant-anti-transpirant-48h-creme-50-ml-3\/#primaryimage\"},\"thumbnailUrl\":\"https:\/\/paracherkaoui.ma\/wp-content\/uploads\/2025\/12\/svr-svr-spirial-deodorant-anti-transpirant-48h-creme-50-ml-deodorants.jpg\",\"datePublished\":\"2025-12-12T17:52:49+00:00\",\"dateModified\":\"2025-12-12T17:52:53+00:00\",\"breadcrumb\":{\"@id\":\"https:\/\/paracherkaoui.ma\/index.php\/produit\/svr-spirial-deodorant-anti-transpirant-48h-creme-50-ml-3\/#breadcrumb\"},\"inLanguage\":\"fr-FR\",\"potentialAction\":[{\"@type\":\"ReadAction\",\"target\":[\"https:\/\/paracherkaoui.ma\/index.php\/produit\/svr-spirial-deodorant-anti-transpirant-48h-creme-50-ml-3\/\"]}]},{\"@type\":\"ImageObject\",\"inLanguage\":\"fr-FR\",\"@id\":\"https:\/\/paracherkaoui.ma\/index.php\/produit\/svr-spirial-deodorant-anti-transpirant-48h-creme-50-ml-3\/#primaryimage\",\"url\":\"https:\/\/paracherkaoui.ma\/wp-content\/uploads\/2025\/12\/svr-svr-spirial-deodorant-anti-transpirant-48h-creme-50-ml-deodorants.jpg\",\"contentUrl\":\"https:\/\/paracherkaoui.ma\/wp-content\/uploads\/2025\/12\/svr-svr-spirial-deodorant-anti-transpirant-48h-creme-50-ml-deodorants.jpg\",\"width\":700,\"height\":700},{\"@type\":\"BreadcrumbList\",\"@id\":\"https:\/\/paracherkaoui.ma\/index.php\/produit\/svr-spirial-deodorant-anti-transpirant-48h-creme-50-ml-3\/#breadcrumb\",\"itemListElement\":[{\"@type\":\"ListItem\",\"position\":1,\"name\":\"Accueil\",\"item\":\"https:\/\/paracherkaoui.ma\/\"},{\"@type\":\"ListItem\",\"position\":2,\"name\":\"Boutique\",\"item\":\"https:\/\/paracherkaoui.ma\/index.php\/boutique\/\"},{\"@type\":\"ListItem\",\"position\":3,\"name\":\"SVR SPIRIAL DEODORANT ANTI TRANSPIRANT 48H CREME 50 ML\"}]},{\"@type\":\"WebSite\",\"@id\":\"https:\/\/paracherkaoui.ma\/#website\",\"url\":\"https:\/\/paracherkaoui.ma\/\",\"name\":\"Paracherkaoui.ma\",\"description\":\"Achetez en ligne sur Paracherkaoui.ma\",\"potentialAction\":[{\"@type\":\"SearchAction\",\"target\":{\"@type\":\"EntryPoint\",\"urlTemplate\":\"https:\/\/paracherkaoui.ma\/?s={search_term_string}\"},\"query-input\":{\"@type\":\"PropertyValueSpecification\",\"valueRequired\":true,\"valueName\":\"search_term_string\"}}],\"inLanguage\":\"fr-FR\"}]}<\/script>\r\n<!-- \/ Yoast SEO plugin. -->","yoast_head_json":{"title":"SVR SPIRIAL DEODORANT ANTI TRANSPIRANT 48H CREME 50 ML - Paracherkaoui.ma","robots":{"index":"index","follow":"follow","max-snippet":"max-snippet:-1","max-image-preview":"max-image-preview:large","max-video-preview":"max-video-preview:-1"},"canonical":"https:\/\/paracherkaoui.ma\/index.php\/produit\/svr-spirial-deodorant-anti-transpirant-48h-creme-50-ml-3\/","og_locale":"fr_FR","og_type":"article","og_title":"SVR SPIRIAL DEODORANT ANTI TRANSPIRANT 48H CREME 50 ML - Paracherkaoui.ma","og_description":"Description: SVR SPIRIAL D\u00e9odorant ant-transpirant 48H Cr\u00e8me. Transpiration normale \u00e0 excessive pour tous les types de peaux. Ce d\u00e9odorant est","og_url":"https:\/\/paracherkaoui.ma\/index.php\/produit\/svr-spirial-deodorant-anti-transpirant-48h-creme-50-ml-3\/","og_site_name":"Paracherkaoui.ma","article_modified_time":"2025-12-12T17:52:53+00:00","og_image":[{"width":700,"height":700,"url":"https:\/\/paracherkaoui.ma\/wp-content\/uploads\/2025\/12\/svr-svr-spirial-deodorant-anti-transpirant-48h-creme-50-ml-deodorants.jpg","type":"image\/jpeg"}],"twitter_card":"summary_large_image","schema":{"@context":"https:\/\/schema.org","@graph":[{"@type":"WebPage","@id":"https:\/\/paracherkaoui.ma\/index.php\/produit\/svr-spirial-deodorant-anti-transpirant-48h-creme-50-ml-3\/","url":"https:\/\/paracherkaoui.ma\/index.php\/produit\/svr-spirial-deodorant-anti-transpirant-48h-creme-50-ml-3\/","name":"SVR SPIRIAL DEODORANT ANTI TRANSPIRANT 48H CREME 50 ML - Paracherkaoui.ma","isPartOf":{"@id":"https:\/\/paracherkaoui.ma\/#website"},"primaryImageOfPage":{"@id":"https:\/\/paracherkaoui.ma\/index.php\/produit\/svr-spirial-deodorant-anti-transpirant-48h-creme-50-ml-3\/#primaryimage"},"image":{"@id":"https:\/\/paracherkaoui.ma\/index.php\/produit\/svr-spirial-deodorant-anti-transpirant-48h-creme-50-ml-3\/#primaryimage"},"thumbnailUrl":"https:\/\/paracherkaoui.ma\/wp-content\/uploads\/2025\/12\/svr-svr-spirial-deodorant-anti-transpirant-48h-creme-50-ml-deodorants.jpg","datePublished":"2025-12-12T17:52:49+00:00","dateModified":"2025-12-12T17:52:53+00:00","breadcrumb":{"@id":"https:\/\/paracherkaoui.ma\/index.php\/produit\/svr-spirial-deodorant-anti-transpirant-48h-creme-50-ml-3\/#breadcrumb"},"inLanguage":"fr-FR","potentialAction":[{"@type":"ReadAction","target":["https:\/\/paracherkaoui.ma\/index.php\/produit\/svr-spirial-deodorant-anti-transpirant-48h-creme-50-ml-3\/"]}]},{"@type":"ImageObject","inLanguage":"fr-FR","@id":"https:\/\/paracherkaoui.ma\/index.php\/produit\/svr-spirial-deodorant-anti-transpirant-48h-creme-50-ml-3\/#primaryimage","url":"https:\/\/paracherkaoui.ma\/wp-content\/uploads\/2025\/12\/svr-svr-spirial-deodorant-anti-transpirant-48h-creme-50-ml-deodorants.jpg","contentUrl":"https:\/\/paracherkaoui.ma\/wp-content\/uploads\/2025\/12\/svr-svr-spirial-deodorant-anti-transpirant-48h-creme-50-ml-deodorants.jpg","width":700,"height":700},{"@type":"BreadcrumbList","@id":"https:\/\/paracherkaoui.ma\/index.php\/produit\/svr-spirial-deodorant-anti-transpirant-48h-creme-50-ml-3\/#breadcrumb","itemListElement":[{"@type":"ListItem","position":1,"name":"Accueil","item":"https:\/\/paracherkaoui.ma\/"},{"@type":"ListItem","position":2,"name":"Boutique","item":"https:\/\/paracherkaoui.ma\/index.php\/boutique\/"},{"@type":"ListItem","position":3,"name":"SVR SPIRIAL DEODORANT ANTI TRANSPIRANT 48H CREME 50 ML"}]},{"@type":"WebSite","@id":"https:\/\/paracherkaoui.ma\/#website","url":"https:\/\/paracherkaoui.ma\/","name":"Paracherkaoui.ma","description":"Achetez en ligne sur Paracherkaoui.ma","potentialAction":[{"@type":"SearchAction","target":{"@type":"EntryPoint","urlTemplate":"https:\/\/paracherkaoui.ma\/?s={search_term_string}"},"query-input":{"@type":"PropertyValueSpecification","valueRequired":true,"valueName":"search_term_string"}}],"inLanguage":"fr-FR"}]}},"_links":{"self":[{"href":"https:\/\/paracherkaoui.ma\/index.php\/wp-json\/wp\/v2\/product\/34721","targetHints":{"allow":["GET"]}}],"collection":[{"href":"https:\/\/paracherkaoui.ma\/index.php\/wp-json\/wp\/v2\/product"}],"about":[{"href":"https:\/\/paracherkaoui.ma\/index.php\/wp-json\/wp\/v2\/types\/product"}],"replies":[{"embeddable":true,"href":"https:\/\/paracherkaoui.ma\/index.php\/wp-json\/wp\/v2\/comments?post=34721"}],"version-history":[{"count":1,"href":"https:\/\/paracherkaoui.ma\/index.php\/wp-json\/wp\/v2\/product\/34721\/revisions"}],"predecessor-version":[{"id":34757,"href":"https:\/\/paracherkaoui.ma\/index.php\/wp-json\/wp\/v2\/product\/34721\/revisions\/34757"}],"wp:featuredmedia":[{"embeddable":true,"href":"https:\/\/paracherkaoui.ma\/index.php\/wp-json\/wp\/v2\/media\/14238"}],"wp:attachment":[{"href":"https:\/\/paracherkaoui.ma\/index.php\/wp-json\/wp\/v2\/media?parent=34721"}],"wp:term":[{"taxonomy":"product_brand","embeddable":true,"href":"https:\/\/paracherkaoui.ma\/index.php\/wp-json\/wp\/v2\/product_brand?post=34721"},{"taxonomy":"product_cat","embeddable":true,"href":"https:\/\/paracherkaoui.ma\/index.php\/wp-json\/wp\/v2\/product_cat?post=34721"},{"taxonomy":"product_tag","embeddable":true,"href":"https:\/\/paracherkaoui.ma\/index.php\/wp-json\/wp\/v2\/product_tag?post=34721"}],"curies":[{"name":"wp","href":"https:\/\/api.w.org\/{rel}","templated":true}]}}