{"id":34667,"date":"2025-12-12T18:52:25","date_gmt":"2025-12-12T17:52:25","guid":{"rendered":"https:\/\/test.ecbeaute.com\/?post_type=product&#038;p=34667"},"modified":"2025-12-12T18:52:27","modified_gmt":"2025-12-12T17:52:27","slug":"nuxe-body-deodorant-baume-24-h","status":"publish","type":"product","link":"https:\/\/paracherkaoui.ma\/index.php\/produit\/nuxe-body-deodorant-baume-24-h\/","title":{"rendered":"NUXE BODY DEODORANT BAUME 24 H"},"content":{"rendered":"<p>D\u00e9couvrez un geste beaut\u00e9 innovant et intuitif gr\u00e2ce \u00e0 notre d\u00e9odorant solide certifi\u00e9 BIO. Con\u00e7u sp\u00e9cialement pour les peaux sensibles, ce d\u00e9odorant combine une poudre v\u00e9g\u00e9tale absorbante et une huile v\u00e9g\u00e9tale BIO pour offrir une protection d\u00e9odorante efficace pendant 24 heures\u207d\u00b9\u207e tout en prenant soin de votre peau.<br \/>\nUn soin respectueux de votre peau<br \/>\nNotre d\u00e9odorant solide est formul\u00e9 pour s&rsquo;appliquer facilement au doigt, comme une cr\u00e8me. Cette m\u00e9thode d&rsquo;application douce et pr\u00e9cise vous permet de contr\u00f4ler parfaitement la quantit\u00e9 de produit utilis\u00e9e, tout en offrant une sensation agr\u00e9able de nutrition \u00e0 votre peau. Sa texture baume poudr\u00e9e au fini sec garantit une application confortable sans laisser de trace, vous permettant de rester frais et confiant tout au long de la journ\u00e9e.<br \/>\nUn parfum r\u00e9confortant<br \/>\nLaissez-vous s\u00e9duire par le parfum d\u00e9licat et r\u00e9confortant de la fleur d&rsquo;oranger. Ce parfum doux et apaisant enveloppe votre peau d&rsquo;une fragrance subtile qui dure toute la journ\u00e9e, cr\u00e9ant une exp\u00e9rience sensorielle agr\u00e9able \u00e0 chaque application.<br \/>\nEfficacit\u00e9 d\u00e9odorante et soin combin\u00e9s<br \/>\nGr\u00e2ce \u00e0 la poudre v\u00e9g\u00e9tale absorbante, ce d\u00e9odorant offre une protection d\u00e9odorante de 24 heures\u207d\u00b9\u207e, en absorbant l&rsquo;humidit\u00e9 et en neutralisant les odeurs. L&rsquo;huile v\u00e9g\u00e9tale BIO, quant \u00e0 elle, hydrate et nourrit la peau, la laissant douce et apais\u00e9e. Cette combinaison unique assure non seulement une protection efficace, mais aussi un soin optimal pour les peaux les plus sensibles.<br \/>\nUn geste \u00e9cologique et responsable<br \/>\nCertifi\u00e9 BIO, notre d\u00e9odorant solide respecte non seulement votre peau, mais aussi l&rsquo;environnement. En choisissant ce d\u00e9odorant, vous faites le choix d&rsquo;un produit \u00e9co-responsable, formul\u00e9 sans ingr\u00e9dients controvers\u00e9s et sans emballages plastiques superflus.<br \/>\nComposition :<br \/>\nZEA MAYS (CORN) STARCH*, HELIANTHUS ANNUUS (SUNFLOWER) SEED OIL, COCOS NUCIFERA (COCONUT) OIL*, TRIETHYL CITRATE, PARFUM\/FRAGRANCE, BEHENYL ALCOHOL, HELIANTHUS ANNUUS (SUNFLOWER) SEED WAX, POLYGLYCERYL-3 CAPRYLATE, ZINC GLUCONATE, PRUNUS AMYGDALUS DULCIS (SWEET ALMOND) OIL*, HYDROGENATED SWEET ALMOND OIL**, TOCOPHEROL, GERANIOL, LIMONENE, COUMARIN, FARNESOL [N4415\/D].<br \/>\nConseils d&rsquo;utilisation :<br \/>\nPour utiliser notre d\u00e9odorant solide, il vous suffit de pr\u00e9lever une petite quantit\u00e9 de produit avec votre doigt et de l&rsquo;appliquer directement sur vos aisselles propres et s\u00e8ches. Massez doucement jusqu&rsquo;\u00e0 absorption compl\u00e8te. Sa texture baume poudr\u00e9e s&rsquo;\u00e9tale facilement et ne laisse pas de r\u00e9sidu collant. Utilisez-le quotidiennement pour une protection et un soin optimaux.<\/p>\n","protected":false},"excerpt":{"rendered":"<p>D\u00e9couvrez un geste beaut\u00e9 innovant et intuitif gr\u00e2ce \u00e0 notre d\u00e9odorant solide certifi\u00e9 BIO. Con\u00e7u sp\u00e9cialement pour les peaux sensibles,<\/p>\n","protected":false},"featured_media":34687,"comment_status":"open","ping_status":"closed","template":"","meta":[],"product_brand":[230],"product_cat":[626],"product_tag":[],"class_list":{"0":"post-34667","1":"product","2":"type-product","3":"status-publish","4":"has-post-thumbnail","6":"product_brand-nuxe","7":"product_cat-deodorants","9":"first","10":"instock","11":"sale","12":"shipping-taxable","13":"purchasable","14":"product-type-simple"},"yoast_head":"<!-- This site is optimized with the Yoast SEO plugin v26.6 - https:\/\/yoast.com\/wordpress\/plugins\/seo\/ -->\r\n<title>NUXE BODY DEODORANT BAUME 24 H - Paracherkaoui.ma<\/title>\r\n<meta name=\"robots\" content=\"index, follow, max-snippet:-1, max-image-preview:large, max-video-preview:-1\" \/>\r\n<link rel=\"canonical\" href=\"https:\/\/paracherkaoui.ma\/index.php\/produit\/nuxe-body-deodorant-baume-24-h\/\" \/>\r\n<meta property=\"og:locale\" content=\"fr_FR\" \/>\r\n<meta property=\"og:type\" content=\"article\" \/>\r\n<meta property=\"og:title\" content=\"NUXE BODY DEODORANT BAUME 24 H - Paracherkaoui.ma\" \/>\r\n<meta property=\"og:description\" content=\"D\u00e9couvrez un geste beaut\u00e9 innovant et intuitif gr\u00e2ce \u00e0 notre d\u00e9odorant solide certifi\u00e9 BIO. Con\u00e7u sp\u00e9cialement pour les peaux sensibles,\" \/>\r\n<meta property=\"og:url\" content=\"https:\/\/paracherkaoui.ma\/index.php\/produit\/nuxe-body-deodorant-baume-24-h\/\" \/>\r\n<meta property=\"og:site_name\" content=\"Paracherkaoui.ma\" \/>\r\n<meta property=\"article:modified_time\" content=\"2025-12-12T17:52:27+00:00\" \/>\r\n<meta property=\"og:image\" content=\"https:\/\/paracherkaoui.ma\/wp-content\/uploads\/2025\/12\/nuxe-nuxe-body-deodorant-baume-24-h-deodorants.jpg\" \/>\r\n\t<meta property=\"og:image:width\" content=\"700\" \/>\r\n\t<meta property=\"og:image:height\" content=\"700\" \/>\r\n\t<meta property=\"og:image:type\" content=\"image\/jpeg\" \/>\r\n<meta name=\"twitter:card\" content=\"summary_large_image\" \/>\r\n<meta name=\"twitter:label1\" content=\"Dur\u00e9e de lecture estim\u00e9e\" \/>\n\t<meta name=\"twitter:data1\" content=\"2 minutes\" \/>\r\n<script type=\"application\/ld+json\" class=\"yoast-schema-graph\">{\"@context\":\"https:\/\/schema.org\",\"@graph\":[{\"@type\":\"WebPage\",\"@id\":\"https:\/\/paracherkaoui.ma\/index.php\/produit\/nuxe-body-deodorant-baume-24-h\/\",\"url\":\"https:\/\/paracherkaoui.ma\/index.php\/produit\/nuxe-body-deodorant-baume-24-h\/\",\"name\":\"NUXE BODY DEODORANT BAUME 24 H - Paracherkaoui.ma\",\"isPartOf\":{\"@id\":\"https:\/\/paracherkaoui.ma\/#website\"},\"primaryImageOfPage\":{\"@id\":\"https:\/\/paracherkaoui.ma\/index.php\/produit\/nuxe-body-deodorant-baume-24-h\/#primaryimage\"},\"image\":{\"@id\":\"https:\/\/paracherkaoui.ma\/index.php\/produit\/nuxe-body-deodorant-baume-24-h\/#primaryimage\"},\"thumbnailUrl\":\"https:\/\/paracherkaoui.ma\/wp-content\/uploads\/2025\/12\/nuxe-nuxe-body-deodorant-baume-24-h-deodorants.jpg\",\"datePublished\":\"2025-12-12T17:52:25+00:00\",\"dateModified\":\"2025-12-12T17:52:27+00:00\",\"breadcrumb\":{\"@id\":\"https:\/\/paracherkaoui.ma\/index.php\/produit\/nuxe-body-deodorant-baume-24-h\/#breadcrumb\"},\"inLanguage\":\"fr-FR\",\"potentialAction\":[{\"@type\":\"ReadAction\",\"target\":[\"https:\/\/paracherkaoui.ma\/index.php\/produit\/nuxe-body-deodorant-baume-24-h\/\"]}]},{\"@type\":\"ImageObject\",\"inLanguage\":\"fr-FR\",\"@id\":\"https:\/\/paracherkaoui.ma\/index.php\/produit\/nuxe-body-deodorant-baume-24-h\/#primaryimage\",\"url\":\"https:\/\/paracherkaoui.ma\/wp-content\/uploads\/2025\/12\/nuxe-nuxe-body-deodorant-baume-24-h-deodorants.jpg\",\"contentUrl\":\"https:\/\/paracherkaoui.ma\/wp-content\/uploads\/2025\/12\/nuxe-nuxe-body-deodorant-baume-24-h-deodorants.jpg\",\"width\":700,\"height\":700},{\"@type\":\"BreadcrumbList\",\"@id\":\"https:\/\/paracherkaoui.ma\/index.php\/produit\/nuxe-body-deodorant-baume-24-h\/#breadcrumb\",\"itemListElement\":[{\"@type\":\"ListItem\",\"position\":1,\"name\":\"Accueil\",\"item\":\"https:\/\/paracherkaoui.ma\/\"},{\"@type\":\"ListItem\",\"position\":2,\"name\":\"Boutique\",\"item\":\"https:\/\/paracherkaoui.ma\/index.php\/boutique\/\"},{\"@type\":\"ListItem\",\"position\":3,\"name\":\"NUXE BODY DEODORANT BAUME 24 H\"}]},{\"@type\":\"WebSite\",\"@id\":\"https:\/\/paracherkaoui.ma\/#website\",\"url\":\"https:\/\/paracherkaoui.ma\/\",\"name\":\"Paracherkaoui.ma\",\"description\":\"Achetez en ligne sur Paracherkaoui.ma\",\"potentialAction\":[{\"@type\":\"SearchAction\",\"target\":{\"@type\":\"EntryPoint\",\"urlTemplate\":\"https:\/\/paracherkaoui.ma\/?s={search_term_string}\"},\"query-input\":{\"@type\":\"PropertyValueSpecification\",\"valueRequired\":true,\"valueName\":\"search_term_string\"}}],\"inLanguage\":\"fr-FR\"}]}<\/script>\r\n<!-- \/ Yoast SEO plugin. -->","yoast_head_json":{"title":"NUXE BODY DEODORANT BAUME 24 H - Paracherkaoui.ma","robots":{"index":"index","follow":"follow","max-snippet":"max-snippet:-1","max-image-preview":"max-image-preview:large","max-video-preview":"max-video-preview:-1"},"canonical":"https:\/\/paracherkaoui.ma\/index.php\/produit\/nuxe-body-deodorant-baume-24-h\/","og_locale":"fr_FR","og_type":"article","og_title":"NUXE BODY DEODORANT BAUME 24 H - Paracherkaoui.ma","og_description":"D\u00e9couvrez un geste beaut\u00e9 innovant et intuitif gr\u00e2ce \u00e0 notre d\u00e9odorant solide certifi\u00e9 BIO. Con\u00e7u sp\u00e9cialement pour les peaux sensibles,","og_url":"https:\/\/paracherkaoui.ma\/index.php\/produit\/nuxe-body-deodorant-baume-24-h\/","og_site_name":"Paracherkaoui.ma","article_modified_time":"2025-12-12T17:52:27+00:00","og_image":[{"width":700,"height":700,"url":"https:\/\/paracherkaoui.ma\/wp-content\/uploads\/2025\/12\/nuxe-nuxe-body-deodorant-baume-24-h-deodorants.jpg","type":"image\/jpeg"}],"twitter_card":"summary_large_image","twitter_misc":{"Dur\u00e9e de lecture estim\u00e9e":"2 minutes"},"schema":{"@context":"https:\/\/schema.org","@graph":[{"@type":"WebPage","@id":"https:\/\/paracherkaoui.ma\/index.php\/produit\/nuxe-body-deodorant-baume-24-h\/","url":"https:\/\/paracherkaoui.ma\/index.php\/produit\/nuxe-body-deodorant-baume-24-h\/","name":"NUXE BODY DEODORANT BAUME 24 H - Paracherkaoui.ma","isPartOf":{"@id":"https:\/\/paracherkaoui.ma\/#website"},"primaryImageOfPage":{"@id":"https:\/\/paracherkaoui.ma\/index.php\/produit\/nuxe-body-deodorant-baume-24-h\/#primaryimage"},"image":{"@id":"https:\/\/paracherkaoui.ma\/index.php\/produit\/nuxe-body-deodorant-baume-24-h\/#primaryimage"},"thumbnailUrl":"https:\/\/paracherkaoui.ma\/wp-content\/uploads\/2025\/12\/nuxe-nuxe-body-deodorant-baume-24-h-deodorants.jpg","datePublished":"2025-12-12T17:52:25+00:00","dateModified":"2025-12-12T17:52:27+00:00","breadcrumb":{"@id":"https:\/\/paracherkaoui.ma\/index.php\/produit\/nuxe-body-deodorant-baume-24-h\/#breadcrumb"},"inLanguage":"fr-FR","potentialAction":[{"@type":"ReadAction","target":["https:\/\/paracherkaoui.ma\/index.php\/produit\/nuxe-body-deodorant-baume-24-h\/"]}]},{"@type":"ImageObject","inLanguage":"fr-FR","@id":"https:\/\/paracherkaoui.ma\/index.php\/produit\/nuxe-body-deodorant-baume-24-h\/#primaryimage","url":"https:\/\/paracherkaoui.ma\/wp-content\/uploads\/2025\/12\/nuxe-nuxe-body-deodorant-baume-24-h-deodorants.jpg","contentUrl":"https:\/\/paracherkaoui.ma\/wp-content\/uploads\/2025\/12\/nuxe-nuxe-body-deodorant-baume-24-h-deodorants.jpg","width":700,"height":700},{"@type":"BreadcrumbList","@id":"https:\/\/paracherkaoui.ma\/index.php\/produit\/nuxe-body-deodorant-baume-24-h\/#breadcrumb","itemListElement":[{"@type":"ListItem","position":1,"name":"Accueil","item":"https:\/\/paracherkaoui.ma\/"},{"@type":"ListItem","position":2,"name":"Boutique","item":"https:\/\/paracherkaoui.ma\/index.php\/boutique\/"},{"@type":"ListItem","position":3,"name":"NUXE BODY DEODORANT BAUME 24 H"}]},{"@type":"WebSite","@id":"https:\/\/paracherkaoui.ma\/#website","url":"https:\/\/paracherkaoui.ma\/","name":"Paracherkaoui.ma","description":"Achetez en ligne sur Paracherkaoui.ma","potentialAction":[{"@type":"SearchAction","target":{"@type":"EntryPoint","urlTemplate":"https:\/\/paracherkaoui.ma\/?s={search_term_string}"},"query-input":{"@type":"PropertyValueSpecification","valueRequired":true,"valueName":"search_term_string"}}],"inLanguage":"fr-FR"}]}},"_links":{"self":[{"href":"https:\/\/paracherkaoui.ma\/index.php\/wp-json\/wp\/v2\/product\/34667","targetHints":{"allow":["GET"]}}],"collection":[{"href":"https:\/\/paracherkaoui.ma\/index.php\/wp-json\/wp\/v2\/product"}],"about":[{"href":"https:\/\/paracherkaoui.ma\/index.php\/wp-json\/wp\/v2\/types\/product"}],"replies":[{"embeddable":true,"href":"https:\/\/paracherkaoui.ma\/index.php\/wp-json\/wp\/v2\/comments?post=34667"}],"version-history":[{"count":1,"href":"https:\/\/paracherkaoui.ma\/index.php\/wp-json\/wp\/v2\/product\/34667\/revisions"}],"predecessor-version":[{"id":34688,"href":"https:\/\/paracherkaoui.ma\/index.php\/wp-json\/wp\/v2\/product\/34667\/revisions\/34688"}],"wp:featuredmedia":[{"embeddable":true,"href":"https:\/\/paracherkaoui.ma\/index.php\/wp-json\/wp\/v2\/media\/34687"}],"wp:attachment":[{"href":"https:\/\/paracherkaoui.ma\/index.php\/wp-json\/wp\/v2\/media?parent=34667"}],"wp:term":[{"taxonomy":"product_brand","embeddable":true,"href":"https:\/\/paracherkaoui.ma\/index.php\/wp-json\/wp\/v2\/product_brand?post=34667"},{"taxonomy":"product_cat","embeddable":true,"href":"https:\/\/paracherkaoui.ma\/index.php\/wp-json\/wp\/v2\/product_cat?post=34667"},{"taxonomy":"product_tag","embeddable":true,"href":"https:\/\/paracherkaoui.ma\/index.php\/wp-json\/wp\/v2\/product_tag?post=34667"}],"curies":[{"name":"wp","href":"https:\/\/api.w.org\/{rel}","templated":true}]}}