{"id":34604,"date":"2025-12-12T18:52:19","date_gmt":"2025-12-12T17:52:19","guid":{"rendered":"https:\/\/test.ecbeaute.com\/?post_type=product&#038;p=34604"},"modified":"2025-12-12T18:52:23","modified_gmt":"2025-12-12T17:52:23","slug":"vichy-deodorant-anti-transpirant-48h-bille-3","status":"publish","type":"product","link":"https:\/\/paracherkaoui.ma\/index.php\/produit\/vichy-deodorant-anti-transpirant-48h-bille-3\/","title":{"rendered":"VICHY DEODORANT ANTI TRANSPIRANT 48H BILLE"},"content":{"rendered":"<p>Enrichi en actifs anti-transpirants micro-affin\u00e9s, ce d\u00e9odorant agit directement au c\u0153ur des pores sudoraux pour r\u00e9guler la production de sueur d\u00e8s la premi\u00e8re application. Sa formule innovante offre une protection efficace pendant 48 heures contre l\u2019humidit\u00e9 et les mauvaises odeurs, sans laisser de traces sur les v\u00eatements.<br \/>\nGr\u00e2ce \u00e0 son pH physiologique, sa formulation sans alcool ni parab\u00e8ne, et ses propri\u00e9t\u00e9s hypoallerg\u00e9niques, il est parfaitement adapt\u00e9 aux peaux les plus r\u00e9actives. Test\u00e9 sous contr\u00f4le dermatologique, il vous assure un confort optimal tout au long de la journ\u00e9e, sans sensation de tiraillement ni d\u2019irritation.<br \/>\nCe d\u00e9odorant \u00e0 bille est id\u00e9al pour les personnes souffrant de transpiration excessive ou d\u2019hyperhidrose l\u00e9g\u00e8re, cherchant une solution efficace, douce et durable.<br \/>\nConseils d&rsquo;utilisation<br \/>\nAppliquez chaque jour sur des aisselles propres et parfaitement s\u00e8ches.<br \/>\nPour optimiser les r\u00e9sultats :<br \/>\nPortez des v\u00eatements en mati\u00e8res naturelles (coton, lin).<br \/>\n\u00c9vitez les \u00e9pices et les boissons chaudes qui stimulent la sudation.<br \/>\nPrivil\u00e9giez les v\u00eatements clairs, particuli\u00e8rement en p\u00e9riode de forte chaleur.<br \/>\nComposition<br \/>\nAqua\/Water, Aluminum Chlorohydrate, Aluminum Sesquichlorohydrate, PPG-15 Stearyl Ether, Cetearyl Alcohol, Ceteareth-33, Parfum\/Fragrance, Dimethicone, Iodopropynyl Butylcarbamate, PEG-4 Dilaurate, PEG-4 Laurate<\/p>\n","protected":false},"excerpt":{"rendered":"<p>Enrichi en actifs anti-transpirants micro-affin\u00e9s, ce d\u00e9odorant agit directement au c\u0153ur des pores sudoraux pour r\u00e9guler la production de sueur<\/p>\n","protected":false},"featured_media":14210,"comment_status":"open","ping_status":"closed","template":"","meta":[],"product_brand":[139],"product_cat":[626],"product_tag":[],"class_list":{"0":"post-34604","1":"product","2":"type-product","3":"status-publish","4":"has-post-thumbnail","6":"product_brand-vichy","7":"product_cat-deodorants","9":"first","10":"instock","11":"sale","12":"shipping-taxable","13":"purchasable","14":"product-type-simple"},"yoast_head":"<!-- This site is optimized with the Yoast SEO plugin v26.6 - https:\/\/yoast.com\/wordpress\/plugins\/seo\/ -->\r\n<title>VICHY DEODORANT ANTI TRANSPIRANT 48H BILLE - Paracherkaoui.ma<\/title>\r\n<meta name=\"robots\" content=\"index, follow, max-snippet:-1, max-image-preview:large, max-video-preview:-1\" \/>\r\n<link rel=\"canonical\" href=\"https:\/\/paracherkaoui.ma\/index.php\/produit\/vichy-deodorant-anti-transpirant-48h-bille-3\/\" \/>\r\n<meta property=\"og:locale\" content=\"fr_FR\" \/>\r\n<meta property=\"og:type\" content=\"article\" \/>\r\n<meta property=\"og:title\" content=\"VICHY DEODORANT ANTI TRANSPIRANT 48H BILLE - Paracherkaoui.ma\" \/>\r\n<meta property=\"og:description\" content=\"Enrichi en actifs anti-transpirants micro-affin\u00e9s, ce d\u00e9odorant agit directement au c\u0153ur des pores sudoraux pour r\u00e9guler la production de sueur\" \/>\r\n<meta property=\"og:url\" content=\"https:\/\/paracherkaoui.ma\/index.php\/produit\/vichy-deodorant-anti-transpirant-48h-bille-3\/\" \/>\r\n<meta property=\"og:site_name\" content=\"Paracherkaoui.ma\" \/>\r\n<meta property=\"article:modified_time\" content=\"2025-12-12T17:52:23+00:00\" \/>\r\n<meta property=\"og:image\" content=\"https:\/\/paracherkaoui.ma\/wp-content\/uploads\/2025\/12\/vichy-vichy-deodorant-anti-transpirant-48h-bille-deodorants.jpg\" \/>\r\n\t<meta property=\"og:image:width\" content=\"700\" \/>\r\n\t<meta property=\"og:image:height\" content=\"700\" \/>\r\n\t<meta property=\"og:image:type\" content=\"image\/jpeg\" \/>\r\n<meta name=\"twitter:card\" content=\"summary_large_image\" \/>\r\n<meta name=\"twitter:label1\" content=\"Dur\u00e9e de lecture estim\u00e9e\" \/>\n\t<meta name=\"twitter:data1\" content=\"1 minute\" \/>\r\n<script type=\"application\/ld+json\" class=\"yoast-schema-graph\">{\"@context\":\"https:\/\/schema.org\",\"@graph\":[{\"@type\":\"WebPage\",\"@id\":\"https:\/\/paracherkaoui.ma\/index.php\/produit\/vichy-deodorant-anti-transpirant-48h-bille-3\/\",\"url\":\"https:\/\/paracherkaoui.ma\/index.php\/produit\/vichy-deodorant-anti-transpirant-48h-bille-3\/\",\"name\":\"VICHY DEODORANT ANTI TRANSPIRANT 48H BILLE - Paracherkaoui.ma\",\"isPartOf\":{\"@id\":\"https:\/\/paracherkaoui.ma\/#website\"},\"primaryImageOfPage\":{\"@id\":\"https:\/\/paracherkaoui.ma\/index.php\/produit\/vichy-deodorant-anti-transpirant-48h-bille-3\/#primaryimage\"},\"image\":{\"@id\":\"https:\/\/paracherkaoui.ma\/index.php\/produit\/vichy-deodorant-anti-transpirant-48h-bille-3\/#primaryimage\"},\"thumbnailUrl\":\"https:\/\/paracherkaoui.ma\/wp-content\/uploads\/2025\/12\/vichy-vichy-deodorant-anti-transpirant-48h-bille-deodorants.jpg\",\"datePublished\":\"2025-12-12T17:52:19+00:00\",\"dateModified\":\"2025-12-12T17:52:23+00:00\",\"breadcrumb\":{\"@id\":\"https:\/\/paracherkaoui.ma\/index.php\/produit\/vichy-deodorant-anti-transpirant-48h-bille-3\/#breadcrumb\"},\"inLanguage\":\"fr-FR\",\"potentialAction\":[{\"@type\":\"ReadAction\",\"target\":[\"https:\/\/paracherkaoui.ma\/index.php\/produit\/vichy-deodorant-anti-transpirant-48h-bille-3\/\"]}]},{\"@type\":\"ImageObject\",\"inLanguage\":\"fr-FR\",\"@id\":\"https:\/\/paracherkaoui.ma\/index.php\/produit\/vichy-deodorant-anti-transpirant-48h-bille-3\/#primaryimage\",\"url\":\"https:\/\/paracherkaoui.ma\/wp-content\/uploads\/2025\/12\/vichy-vichy-deodorant-anti-transpirant-48h-bille-deodorants.jpg\",\"contentUrl\":\"https:\/\/paracherkaoui.ma\/wp-content\/uploads\/2025\/12\/vichy-vichy-deodorant-anti-transpirant-48h-bille-deodorants.jpg\",\"width\":700,\"height\":700},{\"@type\":\"BreadcrumbList\",\"@id\":\"https:\/\/paracherkaoui.ma\/index.php\/produit\/vichy-deodorant-anti-transpirant-48h-bille-3\/#breadcrumb\",\"itemListElement\":[{\"@type\":\"ListItem\",\"position\":1,\"name\":\"Accueil\",\"item\":\"https:\/\/paracherkaoui.ma\/\"},{\"@type\":\"ListItem\",\"position\":2,\"name\":\"Boutique\",\"item\":\"https:\/\/paracherkaoui.ma\/index.php\/boutique\/\"},{\"@type\":\"ListItem\",\"position\":3,\"name\":\"VICHY DEODORANT ANTI TRANSPIRANT 48H BILLE\"}]},{\"@type\":\"WebSite\",\"@id\":\"https:\/\/paracherkaoui.ma\/#website\",\"url\":\"https:\/\/paracherkaoui.ma\/\",\"name\":\"Paracherkaoui.ma\",\"description\":\"Achetez en ligne sur Paracherkaoui.ma\",\"potentialAction\":[{\"@type\":\"SearchAction\",\"target\":{\"@type\":\"EntryPoint\",\"urlTemplate\":\"https:\/\/paracherkaoui.ma\/?s={search_term_string}\"},\"query-input\":{\"@type\":\"PropertyValueSpecification\",\"valueRequired\":true,\"valueName\":\"search_term_string\"}}],\"inLanguage\":\"fr-FR\"}]}<\/script>\r\n<!-- \/ Yoast SEO plugin. -->","yoast_head_json":{"title":"VICHY DEODORANT ANTI TRANSPIRANT 48H BILLE - Paracherkaoui.ma","robots":{"index":"index","follow":"follow","max-snippet":"max-snippet:-1","max-image-preview":"max-image-preview:large","max-video-preview":"max-video-preview:-1"},"canonical":"https:\/\/paracherkaoui.ma\/index.php\/produit\/vichy-deodorant-anti-transpirant-48h-bille-3\/","og_locale":"fr_FR","og_type":"article","og_title":"VICHY DEODORANT ANTI TRANSPIRANT 48H BILLE - Paracherkaoui.ma","og_description":"Enrichi en actifs anti-transpirants micro-affin\u00e9s, ce d\u00e9odorant agit directement au c\u0153ur des pores sudoraux pour r\u00e9guler la production de sueur","og_url":"https:\/\/paracherkaoui.ma\/index.php\/produit\/vichy-deodorant-anti-transpirant-48h-bille-3\/","og_site_name":"Paracherkaoui.ma","article_modified_time":"2025-12-12T17:52:23+00:00","og_image":[{"width":700,"height":700,"url":"https:\/\/paracherkaoui.ma\/wp-content\/uploads\/2025\/12\/vichy-vichy-deodorant-anti-transpirant-48h-bille-deodorants.jpg","type":"image\/jpeg"}],"twitter_card":"summary_large_image","twitter_misc":{"Dur\u00e9e de lecture estim\u00e9e":"1 minute"},"schema":{"@context":"https:\/\/schema.org","@graph":[{"@type":"WebPage","@id":"https:\/\/paracherkaoui.ma\/index.php\/produit\/vichy-deodorant-anti-transpirant-48h-bille-3\/","url":"https:\/\/paracherkaoui.ma\/index.php\/produit\/vichy-deodorant-anti-transpirant-48h-bille-3\/","name":"VICHY DEODORANT ANTI TRANSPIRANT 48H BILLE - Paracherkaoui.ma","isPartOf":{"@id":"https:\/\/paracherkaoui.ma\/#website"},"primaryImageOfPage":{"@id":"https:\/\/paracherkaoui.ma\/index.php\/produit\/vichy-deodorant-anti-transpirant-48h-bille-3\/#primaryimage"},"image":{"@id":"https:\/\/paracherkaoui.ma\/index.php\/produit\/vichy-deodorant-anti-transpirant-48h-bille-3\/#primaryimage"},"thumbnailUrl":"https:\/\/paracherkaoui.ma\/wp-content\/uploads\/2025\/12\/vichy-vichy-deodorant-anti-transpirant-48h-bille-deodorants.jpg","datePublished":"2025-12-12T17:52:19+00:00","dateModified":"2025-12-12T17:52:23+00:00","breadcrumb":{"@id":"https:\/\/paracherkaoui.ma\/index.php\/produit\/vichy-deodorant-anti-transpirant-48h-bille-3\/#breadcrumb"},"inLanguage":"fr-FR","potentialAction":[{"@type":"ReadAction","target":["https:\/\/paracherkaoui.ma\/index.php\/produit\/vichy-deodorant-anti-transpirant-48h-bille-3\/"]}]},{"@type":"ImageObject","inLanguage":"fr-FR","@id":"https:\/\/paracherkaoui.ma\/index.php\/produit\/vichy-deodorant-anti-transpirant-48h-bille-3\/#primaryimage","url":"https:\/\/paracherkaoui.ma\/wp-content\/uploads\/2025\/12\/vichy-vichy-deodorant-anti-transpirant-48h-bille-deodorants.jpg","contentUrl":"https:\/\/paracherkaoui.ma\/wp-content\/uploads\/2025\/12\/vichy-vichy-deodorant-anti-transpirant-48h-bille-deodorants.jpg","width":700,"height":700},{"@type":"BreadcrumbList","@id":"https:\/\/paracherkaoui.ma\/index.php\/produit\/vichy-deodorant-anti-transpirant-48h-bille-3\/#breadcrumb","itemListElement":[{"@type":"ListItem","position":1,"name":"Accueil","item":"https:\/\/paracherkaoui.ma\/"},{"@type":"ListItem","position":2,"name":"Boutique","item":"https:\/\/paracherkaoui.ma\/index.php\/boutique\/"},{"@type":"ListItem","position":3,"name":"VICHY DEODORANT ANTI TRANSPIRANT 48H BILLE"}]},{"@type":"WebSite","@id":"https:\/\/paracherkaoui.ma\/#website","url":"https:\/\/paracherkaoui.ma\/","name":"Paracherkaoui.ma","description":"Achetez en ligne sur Paracherkaoui.ma","potentialAction":[{"@type":"SearchAction","target":{"@type":"EntryPoint","urlTemplate":"https:\/\/paracherkaoui.ma\/?s={search_term_string}"},"query-input":{"@type":"PropertyValueSpecification","valueRequired":true,"valueName":"search_term_string"}}],"inLanguage":"fr-FR"}]}},"_links":{"self":[{"href":"https:\/\/paracherkaoui.ma\/index.php\/wp-json\/wp\/v2\/product\/34604","targetHints":{"allow":["GET"]}}],"collection":[{"href":"https:\/\/paracherkaoui.ma\/index.php\/wp-json\/wp\/v2\/product"}],"about":[{"href":"https:\/\/paracherkaoui.ma\/index.php\/wp-json\/wp\/v2\/types\/product"}],"replies":[{"embeddable":true,"href":"https:\/\/paracherkaoui.ma\/index.php\/wp-json\/wp\/v2\/comments?post=34604"}],"version-history":[{"count":1,"href":"https:\/\/paracherkaoui.ma\/index.php\/wp-json\/wp\/v2\/product\/34604\/revisions"}],"predecessor-version":[{"id":34652,"href":"https:\/\/paracherkaoui.ma\/index.php\/wp-json\/wp\/v2\/product\/34604\/revisions\/34652"}],"wp:featuredmedia":[{"embeddable":true,"href":"https:\/\/paracherkaoui.ma\/index.php\/wp-json\/wp\/v2\/media\/14210"}],"wp:attachment":[{"href":"https:\/\/paracherkaoui.ma\/index.php\/wp-json\/wp\/v2\/media?parent=34604"}],"wp:term":[{"taxonomy":"product_brand","embeddable":true,"href":"https:\/\/paracherkaoui.ma\/index.php\/wp-json\/wp\/v2\/product_brand?post=34604"},{"taxonomy":"product_cat","embeddable":true,"href":"https:\/\/paracherkaoui.ma\/index.php\/wp-json\/wp\/v2\/product_cat?post=34604"},{"taxonomy":"product_tag","embeddable":true,"href":"https:\/\/paracherkaoui.ma\/index.php\/wp-json\/wp\/v2\/product_tag?post=34604"}],"curies":[{"name":"wp","href":"https:\/\/api.w.org\/{rel}","templated":true}]}}