{"id":34447,"date":"2025-12-12T18:52:03","date_gmt":"2025-12-12T17:52:03","guid":{"rendered":"https:\/\/test.ecbeaute.com\/?post_type=product&#038;p=34447"},"modified":"2025-12-12T18:52:09","modified_gmt":"2025-12-12T17:52:09","slug":"roge-cavailles-deodorant-sans-parfum-48h-roll-on-effet-extra-sec-50-ml","status":"publish","type":"product","link":"https:\/\/paracherkaoui.ma\/index.php\/produit\/roge-cavailles-deodorant-sans-parfum-48h-roll-on-effet-extra-sec-50-ml\/","title":{"rendered":"ROGE CAVAILLES DEODORANT SANS PARFUM 48H ROLL ON EFFET EXTRA SEC 50 ML"},"content":{"rendered":"<p>Cet Anti-Transpirant Sans Parfum vous accompagne en toute discr\u00e9tion tout au long de la journ\u00e9e. Un alli\u00e9 bien-\u00eatre qui conjugue fra\u00eecheur et confort r\u00e9g\u00e9n\u00e9rant.<br \/>\n\u2013 Une PEAU respect\u00e9e et prot\u00e9g\u00e9e : enrichie en surgras v\u00e9g\u00e9tal pro-r\u00e9g\u00e9n\u00e9rant\u00ae et en actifs ultra-absorbants, notre formule sans alcool pr\u00e9vient des pics de transpiration pour un effet sec durable.<br \/>\n\u2013 Un moment de BIEN-\u00caTRE gr\u00e2ce \u00e0 sa texture cr\u00e9meuse et sans parfum.<br \/>\n\u2013 Un geste pour la PLAN\u00c8TE avec son flacon 100% en plastique recycl\u00e9 &#038; recyclable*.<br \/>\n*sauf pigments colorants<\/p>\n","protected":false},"excerpt":{"rendered":"<p>Cet Anti-Transpirant Sans Parfum vous accompagne en toute discr\u00e9tion tout au long de la journ\u00e9e. Un alli\u00e9 bien-\u00eatre qui conjugue<\/p>\n","protected":false},"featured_media":34497,"comment_status":"open","ping_status":"closed","template":"","meta":[],"product_brand":[411],"product_cat":[623],"product_tag":[],"class_list":{"0":"post-34447","1":"product","2":"type-product","3":"status-publish","4":"has-post-thumbnail","6":"product_brand-roge-cavailles","7":"product_cat-anti-transpirants-et-traitements-anti-transpirants","9":"first","10":"instock","11":"sale","12":"shipping-taxable","13":"purchasable","14":"product-type-simple"},"yoast_head":"<!-- This site is optimized with the Yoast SEO plugin v26.6 - https:\/\/yoast.com\/wordpress\/plugins\/seo\/ -->\r\n<title>ROGE CAVAILLES DEODORANT SANS PARFUM 48H ROLL ON EFFET EXTRA SEC 50 ML - Paracherkaoui.ma<\/title>\r\n<meta name=\"robots\" content=\"index, follow, max-snippet:-1, max-image-preview:large, max-video-preview:-1\" \/>\r\n<link rel=\"canonical\" href=\"https:\/\/paracherkaoui.ma\/index.php\/produit\/roge-cavailles-deodorant-sans-parfum-48h-roll-on-effet-extra-sec-50-ml\/\" \/>\r\n<meta property=\"og:locale\" content=\"fr_FR\" \/>\r\n<meta property=\"og:type\" content=\"article\" \/>\r\n<meta property=\"og:title\" content=\"ROGE CAVAILLES DEODORANT SANS PARFUM 48H ROLL ON EFFET EXTRA SEC 50 ML - Paracherkaoui.ma\" \/>\r\n<meta property=\"og:description\" content=\"Cet Anti-Transpirant Sans Parfum vous accompagne en toute discr\u00e9tion tout au long de la journ\u00e9e. Un alli\u00e9 bien-\u00eatre qui conjugue\" \/>\r\n<meta property=\"og:url\" content=\"https:\/\/paracherkaoui.ma\/index.php\/produit\/roge-cavailles-deodorant-sans-parfum-48h-roll-on-effet-extra-sec-50-ml\/\" \/>\r\n<meta property=\"og:site_name\" content=\"Paracherkaoui.ma\" \/>\r\n<meta property=\"article:modified_time\" content=\"2025-12-12T17:52:09+00:00\" \/>\r\n<meta property=\"og:image\" content=\"https:\/\/paracherkaoui.ma\/wp-content\/uploads\/2025\/12\/roge-cavailles-roge-cavailles-deodorant-sans-parfum-48h-roll-on-effet-extra-sec-50-ml-traitements-anti-transpirants.jpg\" \/>\r\n\t<meta property=\"og:image:width\" content=\"700\" \/>\r\n\t<meta property=\"og:image:height\" content=\"700\" \/>\r\n\t<meta property=\"og:image:type\" content=\"image\/jpeg\" \/>\r\n<meta name=\"twitter:card\" content=\"summary_large_image\" \/>\r\n<script type=\"application\/ld+json\" class=\"yoast-schema-graph\">{\"@context\":\"https:\/\/schema.org\",\"@graph\":[{\"@type\":\"WebPage\",\"@id\":\"https:\/\/paracherkaoui.ma\/index.php\/produit\/roge-cavailles-deodorant-sans-parfum-48h-roll-on-effet-extra-sec-50-ml\/\",\"url\":\"https:\/\/paracherkaoui.ma\/index.php\/produit\/roge-cavailles-deodorant-sans-parfum-48h-roll-on-effet-extra-sec-50-ml\/\",\"name\":\"ROGE CAVAILLES DEODORANT SANS PARFUM 48H ROLL ON EFFET EXTRA SEC 50 ML - Paracherkaoui.ma\",\"isPartOf\":{\"@id\":\"https:\/\/paracherkaoui.ma\/#website\"},\"primaryImageOfPage\":{\"@id\":\"https:\/\/paracherkaoui.ma\/index.php\/produit\/roge-cavailles-deodorant-sans-parfum-48h-roll-on-effet-extra-sec-50-ml\/#primaryimage\"},\"image\":{\"@id\":\"https:\/\/paracherkaoui.ma\/index.php\/produit\/roge-cavailles-deodorant-sans-parfum-48h-roll-on-effet-extra-sec-50-ml\/#primaryimage\"},\"thumbnailUrl\":\"https:\/\/paracherkaoui.ma\/wp-content\/uploads\/2025\/12\/roge-cavailles-roge-cavailles-deodorant-sans-parfum-48h-roll-on-effet-extra-sec-50-ml-traitements-anti-transpirants.jpg\",\"datePublished\":\"2025-12-12T17:52:03+00:00\",\"dateModified\":\"2025-12-12T17:52:09+00:00\",\"breadcrumb\":{\"@id\":\"https:\/\/paracherkaoui.ma\/index.php\/produit\/roge-cavailles-deodorant-sans-parfum-48h-roll-on-effet-extra-sec-50-ml\/#breadcrumb\"},\"inLanguage\":\"fr-FR\",\"potentialAction\":[{\"@type\":\"ReadAction\",\"target\":[\"https:\/\/paracherkaoui.ma\/index.php\/produit\/roge-cavailles-deodorant-sans-parfum-48h-roll-on-effet-extra-sec-50-ml\/\"]}]},{\"@type\":\"ImageObject\",\"inLanguage\":\"fr-FR\",\"@id\":\"https:\/\/paracherkaoui.ma\/index.php\/produit\/roge-cavailles-deodorant-sans-parfum-48h-roll-on-effet-extra-sec-50-ml\/#primaryimage\",\"url\":\"https:\/\/paracherkaoui.ma\/wp-content\/uploads\/2025\/12\/roge-cavailles-roge-cavailles-deodorant-sans-parfum-48h-roll-on-effet-extra-sec-50-ml-traitements-anti-transpirants.jpg\",\"contentUrl\":\"https:\/\/paracherkaoui.ma\/wp-content\/uploads\/2025\/12\/roge-cavailles-roge-cavailles-deodorant-sans-parfum-48h-roll-on-effet-extra-sec-50-ml-traitements-anti-transpirants.jpg\",\"width\":700,\"height\":700},{\"@type\":\"BreadcrumbList\",\"@id\":\"https:\/\/paracherkaoui.ma\/index.php\/produit\/roge-cavailles-deodorant-sans-parfum-48h-roll-on-effet-extra-sec-50-ml\/#breadcrumb\",\"itemListElement\":[{\"@type\":\"ListItem\",\"position\":1,\"name\":\"Accueil\",\"item\":\"https:\/\/paracherkaoui.ma\/\"},{\"@type\":\"ListItem\",\"position\":2,\"name\":\"Boutique\",\"item\":\"https:\/\/paracherkaoui.ma\/index.php\/boutique\/\"},{\"@type\":\"ListItem\",\"position\":3,\"name\":\"ROGE CAVAILLES DEODORANT SANS PARFUM 48H ROLL ON EFFET EXTRA SEC 50 ML\"}]},{\"@type\":\"WebSite\",\"@id\":\"https:\/\/paracherkaoui.ma\/#website\",\"url\":\"https:\/\/paracherkaoui.ma\/\",\"name\":\"Paracherkaoui.ma\",\"description\":\"Achetez en ligne sur Paracherkaoui.ma\",\"potentialAction\":[{\"@type\":\"SearchAction\",\"target\":{\"@type\":\"EntryPoint\",\"urlTemplate\":\"https:\/\/paracherkaoui.ma\/?s={search_term_string}\"},\"query-input\":{\"@type\":\"PropertyValueSpecification\",\"valueRequired\":true,\"valueName\":\"search_term_string\"}}],\"inLanguage\":\"fr-FR\"}]}<\/script>\r\n<!-- \/ Yoast SEO plugin. -->","yoast_head_json":{"title":"ROGE CAVAILLES DEODORANT SANS PARFUM 48H ROLL ON EFFET EXTRA SEC 50 ML - Paracherkaoui.ma","robots":{"index":"index","follow":"follow","max-snippet":"max-snippet:-1","max-image-preview":"max-image-preview:large","max-video-preview":"max-video-preview:-1"},"canonical":"https:\/\/paracherkaoui.ma\/index.php\/produit\/roge-cavailles-deodorant-sans-parfum-48h-roll-on-effet-extra-sec-50-ml\/","og_locale":"fr_FR","og_type":"article","og_title":"ROGE CAVAILLES DEODORANT SANS PARFUM 48H ROLL ON EFFET EXTRA SEC 50 ML - Paracherkaoui.ma","og_description":"Cet Anti-Transpirant Sans Parfum vous accompagne en toute discr\u00e9tion tout au long de la journ\u00e9e. Un alli\u00e9 bien-\u00eatre qui conjugue","og_url":"https:\/\/paracherkaoui.ma\/index.php\/produit\/roge-cavailles-deodorant-sans-parfum-48h-roll-on-effet-extra-sec-50-ml\/","og_site_name":"Paracherkaoui.ma","article_modified_time":"2025-12-12T17:52:09+00:00","og_image":[{"width":700,"height":700,"url":"https:\/\/paracherkaoui.ma\/wp-content\/uploads\/2025\/12\/roge-cavailles-roge-cavailles-deodorant-sans-parfum-48h-roll-on-effet-extra-sec-50-ml-traitements-anti-transpirants.jpg","type":"image\/jpeg"}],"twitter_card":"summary_large_image","schema":{"@context":"https:\/\/schema.org","@graph":[{"@type":"WebPage","@id":"https:\/\/paracherkaoui.ma\/index.php\/produit\/roge-cavailles-deodorant-sans-parfum-48h-roll-on-effet-extra-sec-50-ml\/","url":"https:\/\/paracherkaoui.ma\/index.php\/produit\/roge-cavailles-deodorant-sans-parfum-48h-roll-on-effet-extra-sec-50-ml\/","name":"ROGE CAVAILLES DEODORANT SANS PARFUM 48H ROLL ON EFFET EXTRA SEC 50 ML - Paracherkaoui.ma","isPartOf":{"@id":"https:\/\/paracherkaoui.ma\/#website"},"primaryImageOfPage":{"@id":"https:\/\/paracherkaoui.ma\/index.php\/produit\/roge-cavailles-deodorant-sans-parfum-48h-roll-on-effet-extra-sec-50-ml\/#primaryimage"},"image":{"@id":"https:\/\/paracherkaoui.ma\/index.php\/produit\/roge-cavailles-deodorant-sans-parfum-48h-roll-on-effet-extra-sec-50-ml\/#primaryimage"},"thumbnailUrl":"https:\/\/paracherkaoui.ma\/wp-content\/uploads\/2025\/12\/roge-cavailles-roge-cavailles-deodorant-sans-parfum-48h-roll-on-effet-extra-sec-50-ml-traitements-anti-transpirants.jpg","datePublished":"2025-12-12T17:52:03+00:00","dateModified":"2025-12-12T17:52:09+00:00","breadcrumb":{"@id":"https:\/\/paracherkaoui.ma\/index.php\/produit\/roge-cavailles-deodorant-sans-parfum-48h-roll-on-effet-extra-sec-50-ml\/#breadcrumb"},"inLanguage":"fr-FR","potentialAction":[{"@type":"ReadAction","target":["https:\/\/paracherkaoui.ma\/index.php\/produit\/roge-cavailles-deodorant-sans-parfum-48h-roll-on-effet-extra-sec-50-ml\/"]}]},{"@type":"ImageObject","inLanguage":"fr-FR","@id":"https:\/\/paracherkaoui.ma\/index.php\/produit\/roge-cavailles-deodorant-sans-parfum-48h-roll-on-effet-extra-sec-50-ml\/#primaryimage","url":"https:\/\/paracherkaoui.ma\/wp-content\/uploads\/2025\/12\/roge-cavailles-roge-cavailles-deodorant-sans-parfum-48h-roll-on-effet-extra-sec-50-ml-traitements-anti-transpirants.jpg","contentUrl":"https:\/\/paracherkaoui.ma\/wp-content\/uploads\/2025\/12\/roge-cavailles-roge-cavailles-deodorant-sans-parfum-48h-roll-on-effet-extra-sec-50-ml-traitements-anti-transpirants.jpg","width":700,"height":700},{"@type":"BreadcrumbList","@id":"https:\/\/paracherkaoui.ma\/index.php\/produit\/roge-cavailles-deodorant-sans-parfum-48h-roll-on-effet-extra-sec-50-ml\/#breadcrumb","itemListElement":[{"@type":"ListItem","position":1,"name":"Accueil","item":"https:\/\/paracherkaoui.ma\/"},{"@type":"ListItem","position":2,"name":"Boutique","item":"https:\/\/paracherkaoui.ma\/index.php\/boutique\/"},{"@type":"ListItem","position":3,"name":"ROGE CAVAILLES DEODORANT SANS PARFUM 48H ROLL ON EFFET EXTRA SEC 50 ML"}]},{"@type":"WebSite","@id":"https:\/\/paracherkaoui.ma\/#website","url":"https:\/\/paracherkaoui.ma\/","name":"Paracherkaoui.ma","description":"Achetez en ligne sur Paracherkaoui.ma","potentialAction":[{"@type":"SearchAction","target":{"@type":"EntryPoint","urlTemplate":"https:\/\/paracherkaoui.ma\/?s={search_term_string}"},"query-input":{"@type":"PropertyValueSpecification","valueRequired":true,"valueName":"search_term_string"}}],"inLanguage":"fr-FR"}]}},"_links":{"self":[{"href":"https:\/\/paracherkaoui.ma\/index.php\/wp-json\/wp\/v2\/product\/34447","targetHints":{"allow":["GET"]}}],"collection":[{"href":"https:\/\/paracherkaoui.ma\/index.php\/wp-json\/wp\/v2\/product"}],"about":[{"href":"https:\/\/paracherkaoui.ma\/index.php\/wp-json\/wp\/v2\/types\/product"}],"replies":[{"embeddable":true,"href":"https:\/\/paracherkaoui.ma\/index.php\/wp-json\/wp\/v2\/comments?post=34447"}],"version-history":[{"count":1,"href":"https:\/\/paracherkaoui.ma\/index.php\/wp-json\/wp\/v2\/product\/34447\/revisions"}],"predecessor-version":[{"id":34498,"href":"https:\/\/paracherkaoui.ma\/index.php\/wp-json\/wp\/v2\/product\/34447\/revisions\/34498"}],"wp:featuredmedia":[{"embeddable":true,"href":"https:\/\/paracherkaoui.ma\/index.php\/wp-json\/wp\/v2\/media\/34497"}],"wp:attachment":[{"href":"https:\/\/paracherkaoui.ma\/index.php\/wp-json\/wp\/v2\/media?parent=34447"}],"wp:term":[{"taxonomy":"product_brand","embeddable":true,"href":"https:\/\/paracherkaoui.ma\/index.php\/wp-json\/wp\/v2\/product_brand?post=34447"},{"taxonomy":"product_cat","embeddable":true,"href":"https:\/\/paracherkaoui.ma\/index.php\/wp-json\/wp\/v2\/product_cat?post=34447"},{"taxonomy":"product_tag","embeddable":true,"href":"https:\/\/paracherkaoui.ma\/index.php\/wp-json\/wp\/v2\/product_tag?post=34447"}],"curies":[{"name":"wp","href":"https:\/\/api.w.org\/{rel}","templated":true}]}}