{"id":34436,"date":"2025-12-12T18:52:03","date_gmt":"2025-12-12T17:52:03","guid":{"rendered":"https:\/\/test.ecbeaute.com\/?post_type=product&#038;p=34436"},"modified":"2025-12-12T18:52:07","modified_gmt":"2025-12-12T17:52:07","slug":"vichy-traitement-anti-transpirant-anti-traces-blanches-et-jaunes-48-h-50-ml-2","status":"publish","type":"product","link":"https:\/\/paracherkaoui.ma\/index.php\/produit\/vichy-traitement-anti-transpirant-anti-traces-blanches-et-jaunes-48-h-50-ml-2\/","title":{"rendered":"VICHY TRAITEMENT ANTI TRANSPIRANT ANTI TRACES BLANCHES ET JAUNES 48 H 50 ML"},"content":{"rendered":"<p>Imaginez une journ\u00e9e sans la moindre trace d&rsquo;humidit\u00e9, sans aur\u00e9oles g\u00eanantes sur vos tenues pr\u00e9f\u00e9r\u00e9es, qu&rsquo;elles soient claires ou fonc\u00e9es. Le d\u00e9odorant Vichy Anti-Traces rel\u00e8ve ce d\u00e9fi gr\u00e2ce \u00e0 sa formule innovante. Au c\u0153ur de son efficacit\u00e9 se trouve la Perlite, un min\u00e9ral volcanique aux propri\u00e9t\u00e9s absorbantes exceptionnelles. Capable d&rsquo;absorber jusqu&rsquo;\u00e0 350 fois son poids en eau, elle neutralise l&rsquo;humidit\u00e9 \u00e0 la source, vous laissant une sensation de sec et de confort tout au long de la journ\u00e9e.<br \/>\nGr\u00e2ce \u00e0 l&rsquo;association puissante de Perlite, de Silice et de Magn\u00e9sie, ce soin quotidien absorbe l\u2019humidit\u00e9 de mani\u00e8re cibl\u00e9e tout en laissant la peau respirer. Il pr\u00e9vient la formation d\u2019aur\u00e9oles, \u00e9vite les traces blanches sur les v\u00eatements fonc\u00e9s et limite le jaunissement des textiles clairs, un avantage indispensable pour celles et ceux qui souhaitent allier efficacit\u00e9 et esth\u00e9tique vestimentaire.<br \/>\nCe d\u00e9odorant Vichy a \u00e9t\u00e9 con\u00e7u sans alcool et sans paraben, ce qui garantit une tol\u00e9rance optimale, m\u00eame apr\u00e8s le rasage ou l\u2019\u00e9pilation. Test\u00e9 sous contr\u00f4le dermatologique, il convient aussi bien aux hommes qu\u2019aux femmes recherchant une solution douce et durable contre la transpiration.<br \/>\nSon parfum l\u00e9ger procure une sensation de fra\u00eecheur continue, sans couvrir ou masquer les odeurs, mais en neutralisant efficacement leur apparition.<br \/>\nConseils d\u2019utilisation<br \/>\nAppliquez le matin et\/ou le soir sur aisselles propres et s\u00e8ches.<br \/>\nFaites 2 \u00e0 3 passages avec la bille pour bien r\u00e9partir le produit.<br \/>\nVous pouvez renouveler l\u2019application en journ\u00e9e en cas de besoin.<br \/>\nEn cas de transpiration tr\u00e8s abondante, utilisez en compl\u00e9ment le d\u00e9odorant cr\u00e8me Vichy anti-transpirant.<br \/>\nComposition<br \/>\nAQUA \/ WATER, ALUMINUM CHLOROHYDRATE, DIMETHICONE, C14-22 ALCOHOLS, STEARETH-100\/PEG-136\/HDI COPOLYMER, PARFUM \/ FRAGRANCE, PERLITE, C12-20 ALKYL GLUCOSIDE, TETRASODIUM GLUTAMATE DIACETATE, IODOPROPYNYL BUTYLCARBAMATE<\/p>\n","protected":false},"excerpt":{"rendered":"<p>Imaginez une journ\u00e9e sans la moindre trace d&rsquo;humidit\u00e9, sans aur\u00e9oles g\u00eanantes sur vos tenues pr\u00e9f\u00e9r\u00e9es, qu&rsquo;elles soient claires ou fonc\u00e9es.<\/p>\n","protected":false},"featured_media":14228,"comment_status":"open","ping_status":"closed","template":"","meta":[],"product_brand":[139],"product_cat":[623],"product_tag":[],"class_list":{"0":"post-34436","1":"product","2":"type-product","3":"status-publish","4":"has-post-thumbnail","6":"product_brand-vichy","7":"product_cat-anti-transpirants-et-traitements-anti-transpirants","9":"first","10":"instock","11":"sale","12":"shipping-taxable","13":"purchasable","14":"product-type-simple"},"yoast_head":"<!-- This site is optimized with the Yoast SEO plugin v26.6 - https:\/\/yoast.com\/wordpress\/plugins\/seo\/ -->\r\n<title>VICHY TRAITEMENT ANTI TRANSPIRANT ANTI TRACES BLANCHES ET JAUNES 48 H 50 ML - Paracherkaoui.ma<\/title>\r\n<meta name=\"robots\" content=\"index, follow, max-snippet:-1, max-image-preview:large, max-video-preview:-1\" \/>\r\n<link rel=\"canonical\" href=\"https:\/\/paracherkaoui.ma\/index.php\/produit\/vichy-traitement-anti-transpirant-anti-traces-blanches-et-jaunes-48-h-50-ml-2\/\" \/>\r\n<meta property=\"og:locale\" content=\"fr_FR\" \/>\r\n<meta property=\"og:type\" content=\"article\" \/>\r\n<meta property=\"og:title\" content=\"VICHY TRAITEMENT ANTI TRANSPIRANT ANTI TRACES BLANCHES ET JAUNES 48 H 50 ML - Paracherkaoui.ma\" \/>\r\n<meta property=\"og:description\" content=\"Imaginez une journ\u00e9e sans la moindre trace d&rsquo;humidit\u00e9, sans aur\u00e9oles g\u00eanantes sur vos tenues pr\u00e9f\u00e9r\u00e9es, qu&rsquo;elles soient claires ou fonc\u00e9es.\" \/>\r\n<meta property=\"og:url\" content=\"https:\/\/paracherkaoui.ma\/index.php\/produit\/vichy-traitement-anti-transpirant-anti-traces-blanches-et-jaunes-48-h-50-ml-2\/\" \/>\r\n<meta property=\"og:site_name\" content=\"Paracherkaoui.ma\" \/>\r\n<meta property=\"article:modified_time\" content=\"2025-12-12T17:52:07+00:00\" \/>\r\n<meta property=\"og:image\" content=\"https:\/\/paracherkaoui.ma\/wp-content\/uploads\/2025\/12\/vichy-vichy-traitement-anti-transpirant-anti-traces-blanches-et-jaunes-48-h-50-ml-deodorants-hommes-vichy.jpg\" \/>\r\n\t<meta property=\"og:image:width\" content=\"700\" \/>\r\n\t<meta property=\"og:image:height\" content=\"700\" \/>\r\n\t<meta property=\"og:image:type\" content=\"image\/jpeg\" \/>\r\n<meta name=\"twitter:card\" content=\"summary_large_image\" \/>\r\n<meta name=\"twitter:label1\" content=\"Dur\u00e9e de lecture estim\u00e9e\" \/>\n\t<meta name=\"twitter:data1\" content=\"2 minutes\" \/>\r\n<script type=\"application\/ld+json\" class=\"yoast-schema-graph\">{\"@context\":\"https:\/\/schema.org\",\"@graph\":[{\"@type\":\"WebPage\",\"@id\":\"https:\/\/paracherkaoui.ma\/index.php\/produit\/vichy-traitement-anti-transpirant-anti-traces-blanches-et-jaunes-48-h-50-ml-2\/\",\"url\":\"https:\/\/paracherkaoui.ma\/index.php\/produit\/vichy-traitement-anti-transpirant-anti-traces-blanches-et-jaunes-48-h-50-ml-2\/\",\"name\":\"VICHY TRAITEMENT ANTI TRANSPIRANT ANTI TRACES BLANCHES ET JAUNES 48 H 50 ML - Paracherkaoui.ma\",\"isPartOf\":{\"@id\":\"https:\/\/paracherkaoui.ma\/#website\"},\"primaryImageOfPage\":{\"@id\":\"https:\/\/paracherkaoui.ma\/index.php\/produit\/vichy-traitement-anti-transpirant-anti-traces-blanches-et-jaunes-48-h-50-ml-2\/#primaryimage\"},\"image\":{\"@id\":\"https:\/\/paracherkaoui.ma\/index.php\/produit\/vichy-traitement-anti-transpirant-anti-traces-blanches-et-jaunes-48-h-50-ml-2\/#primaryimage\"},\"thumbnailUrl\":\"https:\/\/paracherkaoui.ma\/wp-content\/uploads\/2025\/12\/vichy-vichy-traitement-anti-transpirant-anti-traces-blanches-et-jaunes-48-h-50-ml-deodorants-hommes-vichy.jpg\",\"datePublished\":\"2025-12-12T17:52:03+00:00\",\"dateModified\":\"2025-12-12T17:52:07+00:00\",\"breadcrumb\":{\"@id\":\"https:\/\/paracherkaoui.ma\/index.php\/produit\/vichy-traitement-anti-transpirant-anti-traces-blanches-et-jaunes-48-h-50-ml-2\/#breadcrumb\"},\"inLanguage\":\"fr-FR\",\"potentialAction\":[{\"@type\":\"ReadAction\",\"target\":[\"https:\/\/paracherkaoui.ma\/index.php\/produit\/vichy-traitement-anti-transpirant-anti-traces-blanches-et-jaunes-48-h-50-ml-2\/\"]}]},{\"@type\":\"ImageObject\",\"inLanguage\":\"fr-FR\",\"@id\":\"https:\/\/paracherkaoui.ma\/index.php\/produit\/vichy-traitement-anti-transpirant-anti-traces-blanches-et-jaunes-48-h-50-ml-2\/#primaryimage\",\"url\":\"https:\/\/paracherkaoui.ma\/wp-content\/uploads\/2025\/12\/vichy-vichy-traitement-anti-transpirant-anti-traces-blanches-et-jaunes-48-h-50-ml-deodorants-hommes-vichy.jpg\",\"contentUrl\":\"https:\/\/paracherkaoui.ma\/wp-content\/uploads\/2025\/12\/vichy-vichy-traitement-anti-transpirant-anti-traces-blanches-et-jaunes-48-h-50-ml-deodorants-hommes-vichy.jpg\",\"width\":700,\"height\":700},{\"@type\":\"BreadcrumbList\",\"@id\":\"https:\/\/paracherkaoui.ma\/index.php\/produit\/vichy-traitement-anti-transpirant-anti-traces-blanches-et-jaunes-48-h-50-ml-2\/#breadcrumb\",\"itemListElement\":[{\"@type\":\"ListItem\",\"position\":1,\"name\":\"Accueil\",\"item\":\"https:\/\/paracherkaoui.ma\/\"},{\"@type\":\"ListItem\",\"position\":2,\"name\":\"Boutique\",\"item\":\"https:\/\/paracherkaoui.ma\/index.php\/boutique\/\"},{\"@type\":\"ListItem\",\"position\":3,\"name\":\"VICHY TRAITEMENT ANTI TRANSPIRANT ANTI TRACES BLANCHES ET JAUNES 48 H 50 ML\"}]},{\"@type\":\"WebSite\",\"@id\":\"https:\/\/paracherkaoui.ma\/#website\",\"url\":\"https:\/\/paracherkaoui.ma\/\",\"name\":\"Paracherkaoui.ma\",\"description\":\"Achetez en ligne sur Paracherkaoui.ma\",\"potentialAction\":[{\"@type\":\"SearchAction\",\"target\":{\"@type\":\"EntryPoint\",\"urlTemplate\":\"https:\/\/paracherkaoui.ma\/?s={search_term_string}\"},\"query-input\":{\"@type\":\"PropertyValueSpecification\",\"valueRequired\":true,\"valueName\":\"search_term_string\"}}],\"inLanguage\":\"fr-FR\"}]}<\/script>\r\n<!-- \/ Yoast SEO plugin. -->","yoast_head_json":{"title":"VICHY TRAITEMENT ANTI TRANSPIRANT ANTI TRACES BLANCHES ET JAUNES 48 H 50 ML - Paracherkaoui.ma","robots":{"index":"index","follow":"follow","max-snippet":"max-snippet:-1","max-image-preview":"max-image-preview:large","max-video-preview":"max-video-preview:-1"},"canonical":"https:\/\/paracherkaoui.ma\/index.php\/produit\/vichy-traitement-anti-transpirant-anti-traces-blanches-et-jaunes-48-h-50-ml-2\/","og_locale":"fr_FR","og_type":"article","og_title":"VICHY TRAITEMENT ANTI TRANSPIRANT ANTI TRACES BLANCHES ET JAUNES 48 H 50 ML - Paracherkaoui.ma","og_description":"Imaginez une journ\u00e9e sans la moindre trace d&rsquo;humidit\u00e9, sans aur\u00e9oles g\u00eanantes sur vos tenues pr\u00e9f\u00e9r\u00e9es, qu&rsquo;elles soient claires ou fonc\u00e9es.","og_url":"https:\/\/paracherkaoui.ma\/index.php\/produit\/vichy-traitement-anti-transpirant-anti-traces-blanches-et-jaunes-48-h-50-ml-2\/","og_site_name":"Paracherkaoui.ma","article_modified_time":"2025-12-12T17:52:07+00:00","og_image":[{"width":700,"height":700,"url":"https:\/\/paracherkaoui.ma\/wp-content\/uploads\/2025\/12\/vichy-vichy-traitement-anti-transpirant-anti-traces-blanches-et-jaunes-48-h-50-ml-deodorants-hommes-vichy.jpg","type":"image\/jpeg"}],"twitter_card":"summary_large_image","twitter_misc":{"Dur\u00e9e de lecture estim\u00e9e":"2 minutes"},"schema":{"@context":"https:\/\/schema.org","@graph":[{"@type":"WebPage","@id":"https:\/\/paracherkaoui.ma\/index.php\/produit\/vichy-traitement-anti-transpirant-anti-traces-blanches-et-jaunes-48-h-50-ml-2\/","url":"https:\/\/paracherkaoui.ma\/index.php\/produit\/vichy-traitement-anti-transpirant-anti-traces-blanches-et-jaunes-48-h-50-ml-2\/","name":"VICHY TRAITEMENT ANTI TRANSPIRANT ANTI TRACES BLANCHES ET JAUNES 48 H 50 ML - Paracherkaoui.ma","isPartOf":{"@id":"https:\/\/paracherkaoui.ma\/#website"},"primaryImageOfPage":{"@id":"https:\/\/paracherkaoui.ma\/index.php\/produit\/vichy-traitement-anti-transpirant-anti-traces-blanches-et-jaunes-48-h-50-ml-2\/#primaryimage"},"image":{"@id":"https:\/\/paracherkaoui.ma\/index.php\/produit\/vichy-traitement-anti-transpirant-anti-traces-blanches-et-jaunes-48-h-50-ml-2\/#primaryimage"},"thumbnailUrl":"https:\/\/paracherkaoui.ma\/wp-content\/uploads\/2025\/12\/vichy-vichy-traitement-anti-transpirant-anti-traces-blanches-et-jaunes-48-h-50-ml-deodorants-hommes-vichy.jpg","datePublished":"2025-12-12T17:52:03+00:00","dateModified":"2025-12-12T17:52:07+00:00","breadcrumb":{"@id":"https:\/\/paracherkaoui.ma\/index.php\/produit\/vichy-traitement-anti-transpirant-anti-traces-blanches-et-jaunes-48-h-50-ml-2\/#breadcrumb"},"inLanguage":"fr-FR","potentialAction":[{"@type":"ReadAction","target":["https:\/\/paracherkaoui.ma\/index.php\/produit\/vichy-traitement-anti-transpirant-anti-traces-blanches-et-jaunes-48-h-50-ml-2\/"]}]},{"@type":"ImageObject","inLanguage":"fr-FR","@id":"https:\/\/paracherkaoui.ma\/index.php\/produit\/vichy-traitement-anti-transpirant-anti-traces-blanches-et-jaunes-48-h-50-ml-2\/#primaryimage","url":"https:\/\/paracherkaoui.ma\/wp-content\/uploads\/2025\/12\/vichy-vichy-traitement-anti-transpirant-anti-traces-blanches-et-jaunes-48-h-50-ml-deodorants-hommes-vichy.jpg","contentUrl":"https:\/\/paracherkaoui.ma\/wp-content\/uploads\/2025\/12\/vichy-vichy-traitement-anti-transpirant-anti-traces-blanches-et-jaunes-48-h-50-ml-deodorants-hommes-vichy.jpg","width":700,"height":700},{"@type":"BreadcrumbList","@id":"https:\/\/paracherkaoui.ma\/index.php\/produit\/vichy-traitement-anti-transpirant-anti-traces-blanches-et-jaunes-48-h-50-ml-2\/#breadcrumb","itemListElement":[{"@type":"ListItem","position":1,"name":"Accueil","item":"https:\/\/paracherkaoui.ma\/"},{"@type":"ListItem","position":2,"name":"Boutique","item":"https:\/\/paracherkaoui.ma\/index.php\/boutique\/"},{"@type":"ListItem","position":3,"name":"VICHY TRAITEMENT ANTI TRANSPIRANT ANTI TRACES BLANCHES ET JAUNES 48 H 50 ML"}]},{"@type":"WebSite","@id":"https:\/\/paracherkaoui.ma\/#website","url":"https:\/\/paracherkaoui.ma\/","name":"Paracherkaoui.ma","description":"Achetez en ligne sur Paracherkaoui.ma","potentialAction":[{"@type":"SearchAction","target":{"@type":"EntryPoint","urlTemplate":"https:\/\/paracherkaoui.ma\/?s={search_term_string}"},"query-input":{"@type":"PropertyValueSpecification","valueRequired":true,"valueName":"search_term_string"}}],"inLanguage":"fr-FR"}]}},"_links":{"self":[{"href":"https:\/\/paracherkaoui.ma\/index.php\/wp-json\/wp\/v2\/product\/34436","targetHints":{"allow":["GET"]}}],"collection":[{"href":"https:\/\/paracherkaoui.ma\/index.php\/wp-json\/wp\/v2\/product"}],"about":[{"href":"https:\/\/paracherkaoui.ma\/index.php\/wp-json\/wp\/v2\/types\/product"}],"replies":[{"embeddable":true,"href":"https:\/\/paracherkaoui.ma\/index.php\/wp-json\/wp\/v2\/comments?post=34436"}],"version-history":[{"count":1,"href":"https:\/\/paracherkaoui.ma\/index.php\/wp-json\/wp\/v2\/product\/34436\/revisions"}],"predecessor-version":[{"id":34478,"href":"https:\/\/paracherkaoui.ma\/index.php\/wp-json\/wp\/v2\/product\/34436\/revisions\/34478"}],"wp:featuredmedia":[{"embeddable":true,"href":"https:\/\/paracherkaoui.ma\/index.php\/wp-json\/wp\/v2\/media\/14228"}],"wp:attachment":[{"href":"https:\/\/paracherkaoui.ma\/index.php\/wp-json\/wp\/v2\/media?parent=34436"}],"wp:term":[{"taxonomy":"product_brand","embeddable":true,"href":"https:\/\/paracherkaoui.ma\/index.php\/wp-json\/wp\/v2\/product_brand?post=34436"},{"taxonomy":"product_cat","embeddable":true,"href":"https:\/\/paracherkaoui.ma\/index.php\/wp-json\/wp\/v2\/product_cat?post=34436"},{"taxonomy":"product_tag","embeddable":true,"href":"https:\/\/paracherkaoui.ma\/index.php\/wp-json\/wp\/v2\/product_tag?post=34436"}],"curies":[{"name":"wp","href":"https:\/\/api.w.org\/{rel}","templated":true}]}}