{"id":34421,"date":"2025-12-12T18:52:02","date_gmt":"2025-12-12T17:52:02","guid":{"rendered":"https:\/\/test.ecbeaute.com\/?post_type=product&#038;p=34421"},"modified":"2025-12-12T18:52:04","modified_gmt":"2025-12-12T17:52:04","slug":"etiaxil-detranspirant-roll-on-peaux-sensibles-15-ml","status":"publish","type":"product","link":"https:\/\/paracherkaoui.ma\/index.php\/produit\/etiaxil-detranspirant-roll-on-peaux-sensibles-15-ml\/","title":{"rendered":"ETIAXIL DETRANSPIRANT ROLL ON PEAUX SENSIBLES 15 ML"},"content":{"rendered":"<p>Ce produit a \u00e9t\u00e9 con\u00e7u pour traiter efficacement la transpiration excessive des aisselles, tout en respectant les peaux sensibles. Une formule \u00e0 la tol\u00e9rance renforc\u00e9e gr\u00e2ce au complexe protecteur CPx limite le risque d\u2019irritations cutan\u00e9es et maximise le confort des peaux sensibles<br \/>\nSon efficacit\u00e9 prouv\u00e9e cliniquement2 permet de stopper la transpiration 3 \u00e0 5 jours et assure ainsi un contr\u00f4le total, anti-humidit\u00e9 et anti-odeur. Appliqu\u00e9 sur les aisselles, le produit permet de mettre au repos les glandes sudoripares, qui cessent alors de produire de la sueur pendant quelques jours.<br \/>\nSans parfum, ce produit est compatible avec l\u2019usage d\u2019un d\u00e9odorant ou d\u2019un parfum au quotidien.<br \/>\nCONSEILS D&rsquo;UTILISATION:<br \/>\nAppliquez Etiaxil sous les aisselles en respectant la r\u00e8gle des \u00ab 3 S \u00bb :<br \/>\n1. Appliquer le Soir<br \/>\n2. Sur une peau S\u00e8che<br \/>\n3. Sur une peau Saine<br \/>\nInformations compl\u00e9mentaires :<br \/>\n&#8211; Laissez s\u00e9cher naturellement \u00e0 l\u2019air.<br \/>\n&#8211; Le lendemain matin, rincez \u00e0 l\u2019eau et au savon.<br \/>\n&#8211; En d\u00e9but de traitement, appliquez Etiaxil tous les soirs. Lorsque le niveau de confort souhait\u00e9 est atteint (normalement en 2 \u00e0 3 jours), appliquez Etiaxil 2 \u00e0 3 fois par semaine.<br \/>\n&#8211; L\u2019arr\u00eat d\u00e9finitif du traitement entra\u00eene la disparition de l\u2019efficacit\u00e9 du produit et il convient alors de reprendre le traitement depuis le d\u00e9but.<br \/>\n&#8211; Ne pas utiliser ce produit chez l\u2019enfant, sans l\u2019avis et le conseil d\u2019un pharmacien ou d\u2019un m\u00e9decin.<\/p>\n","protected":false},"excerpt":{"rendered":"<p>Ce produit a \u00e9t\u00e9 con\u00e7u pour traiter efficacement la transpiration excessive des aisselles, tout en respectant les peaux sensibles. Une<\/p>\n","protected":false},"featured_media":34453,"comment_status":"open","ping_status":"closed","template":"","meta":[],"product_brand":[602],"product_cat":[623],"product_tag":[],"class_list":{"0":"post-34421","1":"product","2":"type-product","3":"status-publish","4":"has-post-thumbnail","6":"product_brand-etiaxil","7":"product_cat-anti-transpirants-et-traitements-anti-transpirants","9":"first","10":"instock","11":"sale","12":"shipping-taxable","13":"purchasable","14":"product-type-simple"},"yoast_head":"<!-- This site is optimized with the Yoast SEO plugin v26.6 - https:\/\/yoast.com\/wordpress\/plugins\/seo\/ -->\r\n<title>ETIAXIL DETRANSPIRANT ROLL ON PEAUX SENSIBLES 15 ML - Paracherkaoui.ma<\/title>\r\n<meta name=\"robots\" content=\"index, follow, max-snippet:-1, max-image-preview:large, max-video-preview:-1\" \/>\r\n<link rel=\"canonical\" href=\"https:\/\/paracherkaoui.ma\/index.php\/produit\/etiaxil-detranspirant-roll-on-peaux-sensibles-15-ml\/\" \/>\r\n<meta property=\"og:locale\" content=\"fr_FR\" \/>\r\n<meta property=\"og:type\" content=\"article\" \/>\r\n<meta property=\"og:title\" content=\"ETIAXIL DETRANSPIRANT ROLL ON PEAUX SENSIBLES 15 ML - Paracherkaoui.ma\" \/>\r\n<meta property=\"og:description\" content=\"Ce produit a \u00e9t\u00e9 con\u00e7u pour traiter efficacement la transpiration excessive des aisselles, tout en respectant les peaux sensibles. Une\" \/>\r\n<meta property=\"og:url\" content=\"https:\/\/paracherkaoui.ma\/index.php\/produit\/etiaxil-detranspirant-roll-on-peaux-sensibles-15-ml\/\" \/>\r\n<meta property=\"og:site_name\" content=\"Paracherkaoui.ma\" \/>\r\n<meta property=\"article:modified_time\" content=\"2025-12-12T17:52:04+00:00\" \/>\r\n<meta property=\"og:image\" content=\"https:\/\/paracherkaoui.ma\/wp-content\/uploads\/2025\/12\/etiaxil-etiaxil-detranspirant-roll-on-peaux-sensibles-15-ml-anti-transpirants-et-traitements-anti-transpirants.jpg\" \/>\r\n\t<meta property=\"og:image:width\" content=\"700\" \/>\r\n\t<meta property=\"og:image:height\" content=\"700\" \/>\r\n\t<meta property=\"og:image:type\" content=\"image\/jpeg\" \/>\r\n<meta name=\"twitter:card\" content=\"summary_large_image\" \/>\r\n<meta name=\"twitter:label1\" content=\"Dur\u00e9e de lecture estim\u00e9e\" \/>\n\t<meta name=\"twitter:data1\" content=\"1 minute\" \/>\r\n<script type=\"application\/ld+json\" class=\"yoast-schema-graph\">{\"@context\":\"https:\/\/schema.org\",\"@graph\":[{\"@type\":\"WebPage\",\"@id\":\"https:\/\/paracherkaoui.ma\/index.php\/produit\/etiaxil-detranspirant-roll-on-peaux-sensibles-15-ml\/\",\"url\":\"https:\/\/paracherkaoui.ma\/index.php\/produit\/etiaxil-detranspirant-roll-on-peaux-sensibles-15-ml\/\",\"name\":\"ETIAXIL DETRANSPIRANT ROLL ON PEAUX SENSIBLES 15 ML - Paracherkaoui.ma\",\"isPartOf\":{\"@id\":\"https:\/\/paracherkaoui.ma\/#website\"},\"primaryImageOfPage\":{\"@id\":\"https:\/\/paracherkaoui.ma\/index.php\/produit\/etiaxil-detranspirant-roll-on-peaux-sensibles-15-ml\/#primaryimage\"},\"image\":{\"@id\":\"https:\/\/paracherkaoui.ma\/index.php\/produit\/etiaxil-detranspirant-roll-on-peaux-sensibles-15-ml\/#primaryimage\"},\"thumbnailUrl\":\"https:\/\/paracherkaoui.ma\/wp-content\/uploads\/2025\/12\/etiaxil-etiaxil-detranspirant-roll-on-peaux-sensibles-15-ml-anti-transpirants-et-traitements-anti-transpirants.jpg\",\"datePublished\":\"2025-12-12T17:52:02+00:00\",\"dateModified\":\"2025-12-12T17:52:04+00:00\",\"breadcrumb\":{\"@id\":\"https:\/\/paracherkaoui.ma\/index.php\/produit\/etiaxil-detranspirant-roll-on-peaux-sensibles-15-ml\/#breadcrumb\"},\"inLanguage\":\"fr-FR\",\"potentialAction\":[{\"@type\":\"ReadAction\",\"target\":[\"https:\/\/paracherkaoui.ma\/index.php\/produit\/etiaxil-detranspirant-roll-on-peaux-sensibles-15-ml\/\"]}]},{\"@type\":\"ImageObject\",\"inLanguage\":\"fr-FR\",\"@id\":\"https:\/\/paracherkaoui.ma\/index.php\/produit\/etiaxil-detranspirant-roll-on-peaux-sensibles-15-ml\/#primaryimage\",\"url\":\"https:\/\/paracherkaoui.ma\/wp-content\/uploads\/2025\/12\/etiaxil-etiaxil-detranspirant-roll-on-peaux-sensibles-15-ml-anti-transpirants-et-traitements-anti-transpirants.jpg\",\"contentUrl\":\"https:\/\/paracherkaoui.ma\/wp-content\/uploads\/2025\/12\/etiaxil-etiaxil-detranspirant-roll-on-peaux-sensibles-15-ml-anti-transpirants-et-traitements-anti-transpirants.jpg\",\"width\":700,\"height\":700},{\"@type\":\"BreadcrumbList\",\"@id\":\"https:\/\/paracherkaoui.ma\/index.php\/produit\/etiaxil-detranspirant-roll-on-peaux-sensibles-15-ml\/#breadcrumb\",\"itemListElement\":[{\"@type\":\"ListItem\",\"position\":1,\"name\":\"Accueil\",\"item\":\"https:\/\/paracherkaoui.ma\/\"},{\"@type\":\"ListItem\",\"position\":2,\"name\":\"Boutique\",\"item\":\"https:\/\/paracherkaoui.ma\/index.php\/boutique\/\"},{\"@type\":\"ListItem\",\"position\":3,\"name\":\"ETIAXIL DETRANSPIRANT ROLL ON PEAUX SENSIBLES 15 ML\"}]},{\"@type\":\"WebSite\",\"@id\":\"https:\/\/paracherkaoui.ma\/#website\",\"url\":\"https:\/\/paracherkaoui.ma\/\",\"name\":\"Paracherkaoui.ma\",\"description\":\"Achetez en ligne sur Paracherkaoui.ma\",\"potentialAction\":[{\"@type\":\"SearchAction\",\"target\":{\"@type\":\"EntryPoint\",\"urlTemplate\":\"https:\/\/paracherkaoui.ma\/?s={search_term_string}\"},\"query-input\":{\"@type\":\"PropertyValueSpecification\",\"valueRequired\":true,\"valueName\":\"search_term_string\"}}],\"inLanguage\":\"fr-FR\"}]}<\/script>\r\n<!-- \/ Yoast SEO plugin. -->","yoast_head_json":{"title":"ETIAXIL DETRANSPIRANT ROLL ON PEAUX SENSIBLES 15 ML - Paracherkaoui.ma","robots":{"index":"index","follow":"follow","max-snippet":"max-snippet:-1","max-image-preview":"max-image-preview:large","max-video-preview":"max-video-preview:-1"},"canonical":"https:\/\/paracherkaoui.ma\/index.php\/produit\/etiaxil-detranspirant-roll-on-peaux-sensibles-15-ml\/","og_locale":"fr_FR","og_type":"article","og_title":"ETIAXIL DETRANSPIRANT ROLL ON PEAUX SENSIBLES 15 ML - Paracherkaoui.ma","og_description":"Ce produit a \u00e9t\u00e9 con\u00e7u pour traiter efficacement la transpiration excessive des aisselles, tout en respectant les peaux sensibles. Une","og_url":"https:\/\/paracherkaoui.ma\/index.php\/produit\/etiaxil-detranspirant-roll-on-peaux-sensibles-15-ml\/","og_site_name":"Paracherkaoui.ma","article_modified_time":"2025-12-12T17:52:04+00:00","og_image":[{"width":700,"height":700,"url":"https:\/\/paracherkaoui.ma\/wp-content\/uploads\/2025\/12\/etiaxil-etiaxil-detranspirant-roll-on-peaux-sensibles-15-ml-anti-transpirants-et-traitements-anti-transpirants.jpg","type":"image\/jpeg"}],"twitter_card":"summary_large_image","twitter_misc":{"Dur\u00e9e de lecture estim\u00e9e":"1 minute"},"schema":{"@context":"https:\/\/schema.org","@graph":[{"@type":"WebPage","@id":"https:\/\/paracherkaoui.ma\/index.php\/produit\/etiaxil-detranspirant-roll-on-peaux-sensibles-15-ml\/","url":"https:\/\/paracherkaoui.ma\/index.php\/produit\/etiaxil-detranspirant-roll-on-peaux-sensibles-15-ml\/","name":"ETIAXIL DETRANSPIRANT ROLL ON PEAUX SENSIBLES 15 ML - Paracherkaoui.ma","isPartOf":{"@id":"https:\/\/paracherkaoui.ma\/#website"},"primaryImageOfPage":{"@id":"https:\/\/paracherkaoui.ma\/index.php\/produit\/etiaxil-detranspirant-roll-on-peaux-sensibles-15-ml\/#primaryimage"},"image":{"@id":"https:\/\/paracherkaoui.ma\/index.php\/produit\/etiaxil-detranspirant-roll-on-peaux-sensibles-15-ml\/#primaryimage"},"thumbnailUrl":"https:\/\/paracherkaoui.ma\/wp-content\/uploads\/2025\/12\/etiaxil-etiaxil-detranspirant-roll-on-peaux-sensibles-15-ml-anti-transpirants-et-traitements-anti-transpirants.jpg","datePublished":"2025-12-12T17:52:02+00:00","dateModified":"2025-12-12T17:52:04+00:00","breadcrumb":{"@id":"https:\/\/paracherkaoui.ma\/index.php\/produit\/etiaxil-detranspirant-roll-on-peaux-sensibles-15-ml\/#breadcrumb"},"inLanguage":"fr-FR","potentialAction":[{"@type":"ReadAction","target":["https:\/\/paracherkaoui.ma\/index.php\/produit\/etiaxil-detranspirant-roll-on-peaux-sensibles-15-ml\/"]}]},{"@type":"ImageObject","inLanguage":"fr-FR","@id":"https:\/\/paracherkaoui.ma\/index.php\/produit\/etiaxil-detranspirant-roll-on-peaux-sensibles-15-ml\/#primaryimage","url":"https:\/\/paracherkaoui.ma\/wp-content\/uploads\/2025\/12\/etiaxil-etiaxil-detranspirant-roll-on-peaux-sensibles-15-ml-anti-transpirants-et-traitements-anti-transpirants.jpg","contentUrl":"https:\/\/paracherkaoui.ma\/wp-content\/uploads\/2025\/12\/etiaxil-etiaxil-detranspirant-roll-on-peaux-sensibles-15-ml-anti-transpirants-et-traitements-anti-transpirants.jpg","width":700,"height":700},{"@type":"BreadcrumbList","@id":"https:\/\/paracherkaoui.ma\/index.php\/produit\/etiaxil-detranspirant-roll-on-peaux-sensibles-15-ml\/#breadcrumb","itemListElement":[{"@type":"ListItem","position":1,"name":"Accueil","item":"https:\/\/paracherkaoui.ma\/"},{"@type":"ListItem","position":2,"name":"Boutique","item":"https:\/\/paracherkaoui.ma\/index.php\/boutique\/"},{"@type":"ListItem","position":3,"name":"ETIAXIL DETRANSPIRANT ROLL ON PEAUX SENSIBLES 15 ML"}]},{"@type":"WebSite","@id":"https:\/\/paracherkaoui.ma\/#website","url":"https:\/\/paracherkaoui.ma\/","name":"Paracherkaoui.ma","description":"Achetez en ligne sur Paracherkaoui.ma","potentialAction":[{"@type":"SearchAction","target":{"@type":"EntryPoint","urlTemplate":"https:\/\/paracherkaoui.ma\/?s={search_term_string}"},"query-input":{"@type":"PropertyValueSpecification","valueRequired":true,"valueName":"search_term_string"}}],"inLanguage":"fr-FR"}]}},"_links":{"self":[{"href":"https:\/\/paracherkaoui.ma\/index.php\/wp-json\/wp\/v2\/product\/34421","targetHints":{"allow":["GET"]}}],"collection":[{"href":"https:\/\/paracherkaoui.ma\/index.php\/wp-json\/wp\/v2\/product"}],"about":[{"href":"https:\/\/paracherkaoui.ma\/index.php\/wp-json\/wp\/v2\/types\/product"}],"replies":[{"embeddable":true,"href":"https:\/\/paracherkaoui.ma\/index.php\/wp-json\/wp\/v2\/comments?post=34421"}],"version-history":[{"count":1,"href":"https:\/\/paracherkaoui.ma\/index.php\/wp-json\/wp\/v2\/product\/34421\/revisions"}],"predecessor-version":[{"id":34454,"href":"https:\/\/paracherkaoui.ma\/index.php\/wp-json\/wp\/v2\/product\/34421\/revisions\/34454"}],"wp:featuredmedia":[{"embeddable":true,"href":"https:\/\/paracherkaoui.ma\/index.php\/wp-json\/wp\/v2\/media\/34453"}],"wp:attachment":[{"href":"https:\/\/paracherkaoui.ma\/index.php\/wp-json\/wp\/v2\/media?parent=34421"}],"wp:term":[{"taxonomy":"product_brand","embeddable":true,"href":"https:\/\/paracherkaoui.ma\/index.php\/wp-json\/wp\/v2\/product_brand?post=34421"},{"taxonomy":"product_cat","embeddable":true,"href":"https:\/\/paracherkaoui.ma\/index.php\/wp-json\/wp\/v2\/product_cat?post=34421"},{"taxonomy":"product_tag","embeddable":true,"href":"https:\/\/paracherkaoui.ma\/index.php\/wp-json\/wp\/v2\/product_tag?post=34421"}],"curies":[{"name":"wp","href":"https:\/\/api.w.org\/{rel}","templated":true}]}}