{"id":34419,"date":"2025-12-12T18:52:02","date_gmt":"2025-12-12T17:52:02","guid":{"rendered":"https:\/\/test.ecbeaute.com\/?post_type=product&#038;p=34419"},"modified":"2025-12-12T18:52:04","modified_gmt":"2025-12-12T17:52:04","slug":"vichy-deodorant-detranspirant-72-h-invisible-femme-50-ml","status":"publish","type":"product","link":"https:\/\/paracherkaoui.ma\/index.php\/produit\/vichy-deodorant-detranspirant-72-h-invisible-femme-50-ml\/","title":{"rendered":"VICHY DEODORANT DETRANSPIRANT 72 H INVISIBLE FEMME 50 ML"},"content":{"rendered":"<p>Gr\u00e2ce \u00e0 sa technologie DERMO-TOLERANCE, ce soin anti-transpirant agit efficacement pendant 72 heures, m\u00eame dans des conditions extr\u00eames ou en cas de stress intense. Il combine trois actifs puissants :<br \/>\nLa perlite, un min\u00e9ral ultra-absorbant d&rsquo;origine volcanique capable de retenir jusqu\u2019\u00e0 350 fois son poids en eau, pour un effet anti-humidit\u00e9 longue dur\u00e9e.<br \/>\nLe Perspicalm\u2122, un agent exclusif qui r\u00e9gule l\u2019afflux de chaleur, limitant les pics de transpiration provoqu\u00e9s par les \u00e9motions fortes ou la chaleur.<br \/>\nL\u2019extrait de rose, reconnu pour ses propri\u00e9t\u00e9s apaisantes et son parfum d\u00e9licat.<br \/>\nSa texture fra\u00eeche et non collante laisse la peau douce et s\u00e8che, sans traces blanches sur les v\u00eatements. Invisible sur les tissus, il s\u2019int\u00e8gre parfaitement dans votre routine beaut\u00e9 sans compromis entre efficacit\u00e9 et confort.<br \/>\nConseils d&rsquo;utilisation<br \/>\nAppliquez quotidiennement sur des aisselles propres et parfaitement s\u00e8ches. Pour une efficacit\u00e9 optimale :<br \/>\nPortez des v\u00eatements l\u00e9gers, amples et de couleur claire.<br \/>\nPrivil\u00e9giez les mati\u00e8res naturelles comme le coton ou le lin.<br \/>\n\u00c9vitez les boissons chaudes et plats \u00e9pic\u00e9s qui peuvent accentuer la sudation.<br \/>\nComposition<br \/>\nAqua \/ Water, Aluminum Chlorohydrate, Dimethicone, Aluminum Sesquichlorohydrate, C14-22 Alcohols, Steareth-100\/PEG-136\/HDI Copolymer, Parfum \/ Fragrance, Perlite, C12-20 Alkyl Glucoside, Iodopropynyl Butylcarbamate, Rosa Gallica Extract \/ Rosa Gallica Flower Extract<\/p>\n","protected":false},"excerpt":{"rendered":"<p>Gr\u00e2ce \u00e0 sa technologie DERMO-TOLERANCE, ce soin anti-transpirant agit efficacement pendant 72 heures, m\u00eame dans des conditions extr\u00eames ou en<\/p>\n","protected":false},"featured_media":34450,"comment_status":"open","ping_status":"closed","template":"","meta":[],"product_brand":[139],"product_cat":[623],"product_tag":[],"class_list":{"0":"post-34419","1":"product","2":"type-product","3":"status-publish","4":"has-post-thumbnail","6":"product_brand-vichy","7":"product_cat-anti-transpirants-et-traitements-anti-transpirants","9":"first","10":"instock","11":"sale","12":"shipping-taxable","13":"purchasable","14":"product-type-simple"},"yoast_head":"<!-- This site is optimized with the Yoast SEO plugin v26.6 - https:\/\/yoast.com\/wordpress\/plugins\/seo\/ -->\r\n<title>VICHY DEODORANT DETRANSPIRANT 72 H INVISIBLE FEMME 50 ML - Paracherkaoui.ma<\/title>\r\n<meta name=\"robots\" content=\"index, follow, max-snippet:-1, max-image-preview:large, max-video-preview:-1\" \/>\r\n<link rel=\"canonical\" href=\"https:\/\/paracherkaoui.ma\/index.php\/produit\/vichy-deodorant-detranspirant-72-h-invisible-femme-50-ml\/\" \/>\r\n<meta property=\"og:locale\" content=\"fr_FR\" \/>\r\n<meta property=\"og:type\" content=\"article\" \/>\r\n<meta property=\"og:title\" content=\"VICHY DEODORANT DETRANSPIRANT 72 H INVISIBLE FEMME 50 ML - Paracherkaoui.ma\" \/>\r\n<meta property=\"og:description\" content=\"Gr\u00e2ce \u00e0 sa technologie DERMO-TOLERANCE, ce soin anti-transpirant agit efficacement pendant 72 heures, m\u00eame dans des conditions extr\u00eames ou en\" \/>\r\n<meta property=\"og:url\" content=\"https:\/\/paracherkaoui.ma\/index.php\/produit\/vichy-deodorant-detranspirant-72-h-invisible-femme-50-ml\/\" \/>\r\n<meta property=\"og:site_name\" content=\"Paracherkaoui.ma\" \/>\r\n<meta property=\"article:modified_time\" content=\"2025-12-12T17:52:04+00:00\" \/>\r\n<meta property=\"og:image\" content=\"https:\/\/paracherkaoui.ma\/wp-content\/uploads\/2025\/12\/vichy-vichy-deodorant-detranspirant-72-h-invisible-femme-50-ml-anti-transpirants-et-traitements-anti-transpirants.jpg\" \/>\r\n\t<meta property=\"og:image:width\" content=\"700\" \/>\r\n\t<meta property=\"og:image:height\" content=\"700\" \/>\r\n\t<meta property=\"og:image:type\" content=\"image\/jpeg\" \/>\r\n<meta name=\"twitter:card\" content=\"summary_large_image\" \/>\r\n<meta name=\"twitter:label1\" content=\"Dur\u00e9e de lecture estim\u00e9e\" \/>\n\t<meta name=\"twitter:data1\" content=\"1 minute\" \/>\r\n<script type=\"application\/ld+json\" class=\"yoast-schema-graph\">{\"@context\":\"https:\/\/schema.org\",\"@graph\":[{\"@type\":\"WebPage\",\"@id\":\"https:\/\/paracherkaoui.ma\/index.php\/produit\/vichy-deodorant-detranspirant-72-h-invisible-femme-50-ml\/\",\"url\":\"https:\/\/paracherkaoui.ma\/index.php\/produit\/vichy-deodorant-detranspirant-72-h-invisible-femme-50-ml\/\",\"name\":\"VICHY DEODORANT DETRANSPIRANT 72 H INVISIBLE FEMME 50 ML - Paracherkaoui.ma\",\"isPartOf\":{\"@id\":\"https:\/\/paracherkaoui.ma\/#website\"},\"primaryImageOfPage\":{\"@id\":\"https:\/\/paracherkaoui.ma\/index.php\/produit\/vichy-deodorant-detranspirant-72-h-invisible-femme-50-ml\/#primaryimage\"},\"image\":{\"@id\":\"https:\/\/paracherkaoui.ma\/index.php\/produit\/vichy-deodorant-detranspirant-72-h-invisible-femme-50-ml\/#primaryimage\"},\"thumbnailUrl\":\"https:\/\/paracherkaoui.ma\/wp-content\/uploads\/2025\/12\/vichy-vichy-deodorant-detranspirant-72-h-invisible-femme-50-ml-anti-transpirants-et-traitements-anti-transpirants.jpg\",\"datePublished\":\"2025-12-12T17:52:02+00:00\",\"dateModified\":\"2025-12-12T17:52:04+00:00\",\"breadcrumb\":{\"@id\":\"https:\/\/paracherkaoui.ma\/index.php\/produit\/vichy-deodorant-detranspirant-72-h-invisible-femme-50-ml\/#breadcrumb\"},\"inLanguage\":\"fr-FR\",\"potentialAction\":[{\"@type\":\"ReadAction\",\"target\":[\"https:\/\/paracherkaoui.ma\/index.php\/produit\/vichy-deodorant-detranspirant-72-h-invisible-femme-50-ml\/\"]}]},{\"@type\":\"ImageObject\",\"inLanguage\":\"fr-FR\",\"@id\":\"https:\/\/paracherkaoui.ma\/index.php\/produit\/vichy-deodorant-detranspirant-72-h-invisible-femme-50-ml\/#primaryimage\",\"url\":\"https:\/\/paracherkaoui.ma\/wp-content\/uploads\/2025\/12\/vichy-vichy-deodorant-detranspirant-72-h-invisible-femme-50-ml-anti-transpirants-et-traitements-anti-transpirants.jpg\",\"contentUrl\":\"https:\/\/paracherkaoui.ma\/wp-content\/uploads\/2025\/12\/vichy-vichy-deodorant-detranspirant-72-h-invisible-femme-50-ml-anti-transpirants-et-traitements-anti-transpirants.jpg\",\"width\":700,\"height\":700},{\"@type\":\"BreadcrumbList\",\"@id\":\"https:\/\/paracherkaoui.ma\/index.php\/produit\/vichy-deodorant-detranspirant-72-h-invisible-femme-50-ml\/#breadcrumb\",\"itemListElement\":[{\"@type\":\"ListItem\",\"position\":1,\"name\":\"Accueil\",\"item\":\"https:\/\/paracherkaoui.ma\/\"},{\"@type\":\"ListItem\",\"position\":2,\"name\":\"Boutique\",\"item\":\"https:\/\/paracherkaoui.ma\/index.php\/boutique\/\"},{\"@type\":\"ListItem\",\"position\":3,\"name\":\"VICHY DEODORANT DETRANSPIRANT 72 H INVISIBLE FEMME 50 ML\"}]},{\"@type\":\"WebSite\",\"@id\":\"https:\/\/paracherkaoui.ma\/#website\",\"url\":\"https:\/\/paracherkaoui.ma\/\",\"name\":\"Paracherkaoui.ma\",\"description\":\"Achetez en ligne sur Paracherkaoui.ma\",\"potentialAction\":[{\"@type\":\"SearchAction\",\"target\":{\"@type\":\"EntryPoint\",\"urlTemplate\":\"https:\/\/paracherkaoui.ma\/?s={search_term_string}\"},\"query-input\":{\"@type\":\"PropertyValueSpecification\",\"valueRequired\":true,\"valueName\":\"search_term_string\"}}],\"inLanguage\":\"fr-FR\"}]}<\/script>\r\n<!-- \/ Yoast SEO plugin. -->","yoast_head_json":{"title":"VICHY DEODORANT DETRANSPIRANT 72 H INVISIBLE FEMME 50 ML - Paracherkaoui.ma","robots":{"index":"index","follow":"follow","max-snippet":"max-snippet:-1","max-image-preview":"max-image-preview:large","max-video-preview":"max-video-preview:-1"},"canonical":"https:\/\/paracherkaoui.ma\/index.php\/produit\/vichy-deodorant-detranspirant-72-h-invisible-femme-50-ml\/","og_locale":"fr_FR","og_type":"article","og_title":"VICHY DEODORANT DETRANSPIRANT 72 H INVISIBLE FEMME 50 ML - Paracherkaoui.ma","og_description":"Gr\u00e2ce \u00e0 sa technologie DERMO-TOLERANCE, ce soin anti-transpirant agit efficacement pendant 72 heures, m\u00eame dans des conditions extr\u00eames ou en","og_url":"https:\/\/paracherkaoui.ma\/index.php\/produit\/vichy-deodorant-detranspirant-72-h-invisible-femme-50-ml\/","og_site_name":"Paracherkaoui.ma","article_modified_time":"2025-12-12T17:52:04+00:00","og_image":[{"width":700,"height":700,"url":"https:\/\/paracherkaoui.ma\/wp-content\/uploads\/2025\/12\/vichy-vichy-deodorant-detranspirant-72-h-invisible-femme-50-ml-anti-transpirants-et-traitements-anti-transpirants.jpg","type":"image\/jpeg"}],"twitter_card":"summary_large_image","twitter_misc":{"Dur\u00e9e de lecture estim\u00e9e":"1 minute"},"schema":{"@context":"https:\/\/schema.org","@graph":[{"@type":"WebPage","@id":"https:\/\/paracherkaoui.ma\/index.php\/produit\/vichy-deodorant-detranspirant-72-h-invisible-femme-50-ml\/","url":"https:\/\/paracherkaoui.ma\/index.php\/produit\/vichy-deodorant-detranspirant-72-h-invisible-femme-50-ml\/","name":"VICHY DEODORANT DETRANSPIRANT 72 H INVISIBLE FEMME 50 ML - Paracherkaoui.ma","isPartOf":{"@id":"https:\/\/paracherkaoui.ma\/#website"},"primaryImageOfPage":{"@id":"https:\/\/paracherkaoui.ma\/index.php\/produit\/vichy-deodorant-detranspirant-72-h-invisible-femme-50-ml\/#primaryimage"},"image":{"@id":"https:\/\/paracherkaoui.ma\/index.php\/produit\/vichy-deodorant-detranspirant-72-h-invisible-femme-50-ml\/#primaryimage"},"thumbnailUrl":"https:\/\/paracherkaoui.ma\/wp-content\/uploads\/2025\/12\/vichy-vichy-deodorant-detranspirant-72-h-invisible-femme-50-ml-anti-transpirants-et-traitements-anti-transpirants.jpg","datePublished":"2025-12-12T17:52:02+00:00","dateModified":"2025-12-12T17:52:04+00:00","breadcrumb":{"@id":"https:\/\/paracherkaoui.ma\/index.php\/produit\/vichy-deodorant-detranspirant-72-h-invisible-femme-50-ml\/#breadcrumb"},"inLanguage":"fr-FR","potentialAction":[{"@type":"ReadAction","target":["https:\/\/paracherkaoui.ma\/index.php\/produit\/vichy-deodorant-detranspirant-72-h-invisible-femme-50-ml\/"]}]},{"@type":"ImageObject","inLanguage":"fr-FR","@id":"https:\/\/paracherkaoui.ma\/index.php\/produit\/vichy-deodorant-detranspirant-72-h-invisible-femme-50-ml\/#primaryimage","url":"https:\/\/paracherkaoui.ma\/wp-content\/uploads\/2025\/12\/vichy-vichy-deodorant-detranspirant-72-h-invisible-femme-50-ml-anti-transpirants-et-traitements-anti-transpirants.jpg","contentUrl":"https:\/\/paracherkaoui.ma\/wp-content\/uploads\/2025\/12\/vichy-vichy-deodorant-detranspirant-72-h-invisible-femme-50-ml-anti-transpirants-et-traitements-anti-transpirants.jpg","width":700,"height":700},{"@type":"BreadcrumbList","@id":"https:\/\/paracherkaoui.ma\/index.php\/produit\/vichy-deodorant-detranspirant-72-h-invisible-femme-50-ml\/#breadcrumb","itemListElement":[{"@type":"ListItem","position":1,"name":"Accueil","item":"https:\/\/paracherkaoui.ma\/"},{"@type":"ListItem","position":2,"name":"Boutique","item":"https:\/\/paracherkaoui.ma\/index.php\/boutique\/"},{"@type":"ListItem","position":3,"name":"VICHY DEODORANT DETRANSPIRANT 72 H INVISIBLE FEMME 50 ML"}]},{"@type":"WebSite","@id":"https:\/\/paracherkaoui.ma\/#website","url":"https:\/\/paracherkaoui.ma\/","name":"Paracherkaoui.ma","description":"Achetez en ligne sur Paracherkaoui.ma","potentialAction":[{"@type":"SearchAction","target":{"@type":"EntryPoint","urlTemplate":"https:\/\/paracherkaoui.ma\/?s={search_term_string}"},"query-input":{"@type":"PropertyValueSpecification","valueRequired":true,"valueName":"search_term_string"}}],"inLanguage":"fr-FR"}]}},"_links":{"self":[{"href":"https:\/\/paracherkaoui.ma\/index.php\/wp-json\/wp\/v2\/product\/34419","targetHints":{"allow":["GET"]}}],"collection":[{"href":"https:\/\/paracherkaoui.ma\/index.php\/wp-json\/wp\/v2\/product"}],"about":[{"href":"https:\/\/paracherkaoui.ma\/index.php\/wp-json\/wp\/v2\/types\/product"}],"replies":[{"embeddable":true,"href":"https:\/\/paracherkaoui.ma\/index.php\/wp-json\/wp\/v2\/comments?post=34419"}],"version-history":[{"count":1,"href":"https:\/\/paracherkaoui.ma\/index.php\/wp-json\/wp\/v2\/product\/34419\/revisions"}],"predecessor-version":[{"id":34451,"href":"https:\/\/paracherkaoui.ma\/index.php\/wp-json\/wp\/v2\/product\/34419\/revisions\/34451"}],"wp:featuredmedia":[{"embeddable":true,"href":"https:\/\/paracherkaoui.ma\/index.php\/wp-json\/wp\/v2\/media\/34450"}],"wp:attachment":[{"href":"https:\/\/paracherkaoui.ma\/index.php\/wp-json\/wp\/v2\/media?parent=34419"}],"wp:term":[{"taxonomy":"product_brand","embeddable":true,"href":"https:\/\/paracherkaoui.ma\/index.php\/wp-json\/wp\/v2\/product_brand?post=34419"},{"taxonomy":"product_cat","embeddable":true,"href":"https:\/\/paracherkaoui.ma\/index.php\/wp-json\/wp\/v2\/product_cat?post=34419"},{"taxonomy":"product_tag","embeddable":true,"href":"https:\/\/paracherkaoui.ma\/index.php\/wp-json\/wp\/v2\/product_tag?post=34419"}],"curies":[{"name":"wp","href":"https:\/\/api.w.org\/{rel}","templated":true}]}}